{"id":1019,"date":"2020-10-17T20:35:13","date_gmt":"2020-10-17T23:35:13","guid":{"rendered":"https:\/\/eljardinderosas.cl\/inicio\/?page_id=1019"},"modified":"2025-02-27T16:46:22","modified_gmt":"2025-02-27T19:46:22","slug":"formas-de-pago","status":"publish","type":"page","link":"https:\/\/eljardinderosas.cl\/inicio\/formas-de-pago\/","title":{"rendered":"Formas de Pago"},"content":{"rendered":"\n\t<section class=\"section\" id=\"section_635793807\">\n\t\t<div class=\"bg section-bg fill bg-fill bg-loaded bg-loaded\" >\n\n\t\t\t\n\t\t\t\n\t\t\t\n\n\t\t<\/div>\n\n\t\t<div class=\"section-content relative\">\n\t\t\t\n\n<div class=\"row\"  id=\"row-1811993565\">\n\n\n\t<div id=\"col-467629955\" class=\"col small-12 large-12\"  >\n\t\t<div class=\"col-inner text-center\"  >\n\t\t\t\n\t\t\t\n\n<h2>FORMAS DE PAGO<\/h2>\n\n\t\t<\/div>\n\t\t\t<\/div>\n\n\t\n\n<\/div>\n<p>Estimado(a) Cliente rogamos que al momento de realizar su compra, env\u00ede el documento de transferencia a:&nbsp;<b>contacto@eljardinderosas.cl<\/b>&nbsp;para as\u00ed poder gestionar su pedido, \u00f3 cont\u00e1ctenos telef\u00f3nicamente para verificar en l\u00ednea.<br>+56 2 269 93 937 \u00f3 al whatsapp +569 903 62 193<\/p>\n<p>En el caso de dep\u00f3sito bancario enviar comprobante del documento a:&nbsp;<b>contacto@eljardinderosas.cl<\/b><\/p>\n<div class=\"row align-equal row-solid\"  id=\"row-732100237\">\n\n\n\t<div id=\"col-1818308211\" class=\"col medium-6 small-12 large-6\"  >\n\t\t<div class=\"col-inner\"  >\n\t\t\t\n\t\t\t\n\n\t<div class=\"img has-hover x md-x lg-x y md-y lg-y\" id=\"image_550365778\">\n\t\t\t\t\t\t\t\t<div class=\"img-inner dark\" >\n\t\t\t<img width=\"400\" height=\"176\" src=\"https:\/\/eljardinderosas.cl\/inicio\/wp-content\/uploads\/2020\/10\/transferencia-bancaria.png\" class=\"attachment-large size-large\" alt=\"\" loading=\"lazy\" \/>\t\t\t\t\t\t\n\t\t\t\t\t<\/div>\n\t\t\t\t\t\t\t\t\n<style>\n#image_550365778 {\n  width: 28%;\n}\n<\/style>\n\t<\/div>\n\t\n\n<h3>Transferencia Electr\u00f3nica<\/h3>\n<p>Raz\u00f3n Social: Fabiola Polloni Torrealba<br>Rut del Titular: 10.203.538-0<br>Banco: Banco Santander <br>N\u00ba Cuenta Corriente: 68176557<br>E-Mail: contacto@eljardinderosas.cl<br>E-Mail: ventas.eljardinderosas@gmail.com<\/p>\n\n\t\t<\/div>\n\t\t\t<\/div>\n\n\t\n\n\t<div id=\"col-1135110782\" class=\"col medium-6 small-12 large-6\"  >\n\t\t<div class=\"col-inner\"  >\n\t\t\t\n\t\t\t\n\n\t<div class=\"img has-hover x md-x lg-x y md-y lg-y\" id=\"image_854568647\">\n\t\t\t\t\t\t\t\t<div class=\"img-inner dark\" >\n\t\t\t<img width=\"400\" height=\"176\" src=\"https:\/\/eljardinderosas.cl\/inicio\/wp-content\/uploads\/2020\/10\/deposito-bancario.png\" class=\"attachment-large size-large\" alt=\"\" loading=\"lazy\" \/>\t\t\t\t\t\t\n\t\t\t\t\t<\/div>\n\t\t\t\t\t\t\t\t\n<style>\n#image_854568647 {\n  width: 28%;\n}\n<\/style>\n\t<\/div>\n\t\n\n<h3>Dep\u00f3sito Bancario<\/h3>\n<p>Nombre Titular: Fabiola Polloni Torrealba<br>Rut del Titular: 10.203.538-0<br>Banco Santander<br>N\u00ba Cuenta Corriente: 68176557<br>E-Mail: contacto@eljardinderosas.cl<br>E-Mail: ventas.eljardinderosas@gmail.com<\/p>\n\n\t\t<\/div>\n\t\t\t<\/div>\n\n\t\n\n\t<div id=\"col-987212223\" class=\"col medium-6 small-12 large-6\"  >\n\t\t<div class=\"col-inner text-left\"  >\n\t\t\t\n\t\t\t\n\n\t<div class=\"img has-hover x md-x lg-x y md-y lg-y\" id=\"image_824708632\">\n\t\t\t\t\t\t\t\t<div class=\"img-inner dark\" >\n\t\t\t<img width=\"300\" height=\"89\" src=\"https:\/\/eljardinderosas.cl\/inicio\/wp-content\/uploads\/2020\/10\/formas-de-pago-webpay-floreria.png\" class=\"attachment-medium size-medium\" alt=\"\" loading=\"lazy\" \/>\t\t\t\t\t\t\n\t\t\t\t\t<\/div>\n\t\t\t\t\t\t\t\t\n<style>\n#image_824708632 {\n  width: 28%;\n}\n<\/style>\n\t<\/div>\n\t\n\n<h3>Pago con Tarjetas<\/h3>\n<p>Transbank, Tarjetas de Cr\u00e9dito, Debito, seguras y r\u00e1pidas<\/p>\n\t<div id=\"gap-661557872\" class=\"gap-element clearfix\" style=\"display:block; height:auto;\">\n\t\t\n<style>\n#gap-661557872 {\n  padding-top: 30px;\n}\n<\/style>\n\t<\/div>\n\t\n\n<div class=\"is-divider divider clearfix\" ><\/div>\n\n\t<div id=\"gap-1482988221\" class=\"gap-element clearfix\" style=\"display:block; height:auto;\">\n\t\t\n<style>\n#gap-1482988221 {\n  padding-top: 30px;\n}\n<\/style>\n\t<\/div>\n\t\n\n\t<div class=\"img has-hover x md-x lg-x y md-y lg-y\" id=\"image_876079385\">\n\t\t\t\t\t\t\t\t<div class=\"img-inner dark\" >\n\t\t\t<img width=\"151\" height=\"40\" src=\"https:\/\/eljardinderosas.cl\/inicio\/wp-content\/uploads\/2020\/10\/moneygram.png\" class=\"attachment-medium size-medium\" alt=\"\" loading=\"lazy\" \/>\t\t\t\t\t\t\n\t\t\t\t\t<\/div>\n\t\t\t\t\t\t\t\t\n<style>\n#image_876079385 {\n  width: 28%;\n}\n<\/style>\n\t<\/div>\n\t\n\n<p>Recibimos tus pagos desde diferentes pa\u00edses r\u00e1pido y sin problemas.<\/p>\n\n\t\t<\/div>\n\t\t\t<\/div>\n\n\t\n\n\t<div id=\"col-589698025\" class=\"col medium-6 small-12 large-6\"  >\n\t\t<div class=\"col-inner\"  >\n\t\t\t\n\t\t\t\n\n\t<div class=\"img has-hover x md-x lg-x y md-y lg-y\" id=\"image_838745854\">\n\t\t\t\t\t\t\t\t<div class=\"img-inner dark\" >\n\t\t\t<img width=\"400\" height=\"176\" src=\"https:\/\/eljardinderosas.cl\/inicio\/wp-content\/uploads\/2020\/10\/logo-western-union.png\" class=\"attachment-large size-large\" alt=\"\" loading=\"lazy\" \/>\t\t\t\t\t\t\n\t\t\t\t\t<\/div>\n\t\t\t\t\t\t\t\t\n<style>\n#image_838745854 {\n  width: 28%;\n}\n<\/style>\n\t<\/div>\n\t\n\n<h3>Western Union<\/h3>\n<p>Si no puede realizar el pago por ninguno de los medios anteriores por residir fuera de Chile y no contar con cuentas bancarias en pesos chilenos, puede gestionar el pago mediante un giro a trav\u00e9s de Western Union, la conversi\u00f3n al equivalente en pesos chilenos por el valor de su compra lo realiza directamente en la agencia de Western Union donde le indicar\u00e1n el monto a pagar por usted en moneda de origen.<\/p>\n<p>Nombre Titular: Gilda Polloni Torrealba Rut: 7.696.016-k Ciudad: Santiago de Chile Enviar foto del giro con n\u00famero de MTCN a: ventas.eljardinderosas@gmail.com o por medio de Whatsapp al +56 9 90362193<\/p>\n\n\t\t<\/div>\n\t\t\t<\/div>\n\n\t\n\n\n<style>\n#row-732100237 > .col > .col-inner {\n  padding: 30px 30px 30px 30px;\n}\n<\/style>\n<\/div>\n\n\t\t<\/div>\n\n\t\t\n<style>\n#section_635793807 {\n  padding-top: 60px;\n  padding-bottom: 60px;\n  background-color: rgb(255,255,255);\n}\n<\/style>\n\t<\/section>\n\t\n","protected":false},"excerpt":{"rendered":"","protected":false},"author":1,"featured_media":0,"parent":0,"menu_order":0,"comment_status":"closed","ping_status":"closed","template":"","meta":[],"yoast_head":"<!-- This site is optimized with the Yoast SEO Premium plugin v17.1.2 (Yoast SEO v17.3) - https:\/\/yoast.com\/wordpress\/plugins\/seo\/ -->\n<title>Formas de Pago - El Jardin de Rosas<\/title>\n<meta name=\"robots\" content=\"index, follow, max-snippet:-1, max-image-preview:large, max-video-preview:-1\" \/>\n<link rel=\"canonical\" href=\"https:\/\/eljardinderosas.cl\/inicio\/formas-de-pago\/\" \/>\n<meta property=\"og:locale\" content=\"es_ES\" \/>\n<meta property=\"og:type\" content=\"article\" \/>\n<meta property=\"og:title\" content=\"Formas de Pago\" \/>\n<meta property=\"og:url\" content=\"https:\/\/eljardinderosas.cl\/inicio\/formas-de-pago\/\" \/>\n<meta property=\"og:site_name\" content=\"El Jardin de Rosas\" \/>\n<meta property=\"article:modified_time\" content=\"2025-02-27T19:46:22+00:00\" \/>\n<meta name=\"twitter:card\" content=\"summary_large_image\" \/>\n<meta name=\"twitter:label1\" content=\"Tiempo de lectura\" \/>\n\t<meta name=\"twitter:data1\" content=\"2 minutos\" \/>\n<script type=\"application\/ld+json\" class=\"yoast-schema-graph\">{\"@context\":\"https:\/\/schema.org\",\"@graph\":[{\"@type\":\"Organization\",\"@id\":\"https:\/\/eljardinderosas.cl\/inicio\/#organization\",\"name\":\"El jardin de las rosas\",\"url\":\"https:\/\/eljardinderosas.cl\/inicio\/\",\"sameAs\":[\"https:\/\/www.instagram.com\/floreria_eljardinderosas\/\"],\"logo\":{\"@type\":\"ImageObject\",\"@id\":\"https:\/\/eljardinderosas.cl\/inicio\/#logo\",\"inLanguage\":\"es\",\"url\":\"https:\/\/eljardinderosas.cl\/inicio\/wp-content\/uploads\/2020\/10\/eljardinderosas-mail.png\",\"contentUrl\":\"https:\/\/eljardinderosas.cl\/inicio\/wp-content\/uploads\/2020\/10\/eljardinderosas-mail.png\",\"width\":317,\"height\":97,\"caption\":\"El jardin de las rosas\"},\"image\":{\"@id\":\"https:\/\/eljardinderosas.cl\/inicio\/#logo\"}},{\"@type\":\"WebSite\",\"@id\":\"https:\/\/eljardinderosas.cl\/inicio\/#website\",\"url\":\"https:\/\/eljardinderosas.cl\/inicio\/\",\"name\":\"Floreria El jardin de las Rosas\",\"description\":\"Flores en Santiago\",\"publisher\":{\"@id\":\"https:\/\/eljardinderosas.cl\/inicio\/#organization\"},\"potentialAction\":[{\"@type\":\"SearchAction\",\"target\":{\"@type\":\"EntryPoint\",\"urlTemplate\":\"https:\/\/eljardinderosas.cl\/inicio\/?s={search_term_string}\"},\"query-input\":\"required name=search_term_string\"}],\"inLanguage\":\"es\"},{\"@type\":\"WebPage\",\"@id\":\"https:\/\/eljardinderosas.cl\/inicio\/formas-de-pago\/#webpage\",\"url\":\"https:\/\/eljardinderosas.cl\/inicio\/formas-de-pago\/\",\"name\":\"Formas de Pago - El Jardin de Rosas\",\"isPartOf\":{\"@id\":\"https:\/\/eljardinderosas.cl\/inicio\/#website\"},\"datePublished\":\"2020-10-17T23:35:13+00:00\",\"dateModified\":\"2025-02-27T19:46:22+00:00\",\"breadcrumb\":{\"@id\":\"https:\/\/eljardinderosas.cl\/inicio\/formas-de-pago\/#breadcrumb\"},\"inLanguage\":\"es\",\"potentialAction\":[{\"@type\":\"ReadAction\",\"target\":[\"https:\/\/eljardinderosas.cl\/inicio\/formas-de-pago\/\"]}]},{\"@type\":\"BreadcrumbList\",\"@id\":\"https:\/\/eljardinderosas.cl\/inicio\/formas-de-pago\/#breadcrumb\",\"itemListElement\":[{\"@type\":\"ListItem\",\"position\":1,\"name\":\"Home\",\"item\":\"https:\/\/eljardinderosas.cl\/inicio\/\"},{\"@type\":\"ListItem\",\"position\":2,\"name\":\"Formas de Pago\"}]}]}<\/script>\n<!-- \/ Yoast SEO Premium plugin. -->","yoast_head_json":{"title":"Formas de Pago - El Jardin de Rosas","robots":{"index":"index","follow":"follow","max-snippet":"max-snippet:-1","max-image-preview":"max-image-preview:large","max-video-preview":"max-video-preview:-1"},"canonical":"https:\/\/eljardinderosas.cl\/inicio\/formas-de-pago\/","og_locale":"es_ES","og_type":"article","og_title":"Formas de Pago","og_url":"https:\/\/eljardinderosas.cl\/inicio\/formas-de-pago\/","og_site_name":"El Jardin de Rosas","article_modified_time":"2025-02-27T19:46:22+00:00","twitter_card":"summary_large_image","twitter_misc":{"Tiempo de lectura":"2 minutos"},"schema":{"@context":"https:\/\/schema.org","@graph":[{"@type":"Organization","@id":"https:\/\/eljardinderosas.cl\/inicio\/#organization","name":"El jardin de las rosas","url":"https:\/\/eljardinderosas.cl\/inicio\/","sameAs":["https:\/\/www.instagram.com\/floreria_eljardinderosas\/"],"logo":{"@type":"ImageObject","@id":"https:\/\/eljardinderosas.cl\/inicio\/#logo","inLanguage":"es","url":"https:\/\/eljardinderosas.cl\/inicio\/wp-content\/uploads\/2020\/10\/eljardinderosas-mail.png","contentUrl":"https:\/\/eljardinderosas.cl\/inicio\/wp-content\/uploads\/2020\/10\/eljardinderosas-mail.png","width":317,"height":97,"caption":"El jardin de las rosas"},"image":{"@id":"https:\/\/eljardinderosas.cl\/inicio\/#logo"}},{"@type":"WebSite","@id":"https:\/\/eljardinderosas.cl\/inicio\/#website","url":"https:\/\/eljardinderosas.cl\/inicio\/","name":"Floreria El jardin de las Rosas","description":"Flores en Santiago","publisher":{"@id":"https:\/\/eljardinderosas.cl\/inicio\/#organization"},"potentialAction":[{"@type":"SearchAction","target":{"@type":"EntryPoint","urlTemplate":"https:\/\/eljardinderosas.cl\/inicio\/?s={search_term_string}"},"query-input":"required name=search_term_string"}],"inLanguage":"es"},{"@type":"WebPage","@id":"https:\/\/eljardinderosas.cl\/inicio\/formas-de-pago\/#webpage","url":"https:\/\/eljardinderosas.cl\/inicio\/formas-de-pago\/","name":"Formas de Pago - El Jardin de Rosas","isPartOf":{"@id":"https:\/\/eljardinderosas.cl\/inicio\/#website"},"datePublished":"2020-10-17T23:35:13+00:00","dateModified":"2025-02-27T19:46:22+00:00","breadcrumb":{"@id":"https:\/\/eljardinderosas.cl\/inicio\/formas-de-pago\/#breadcrumb"},"inLanguage":"es","potentialAction":[{"@type":"ReadAction","target":["https:\/\/eljardinderosas.cl\/inicio\/formas-de-pago\/"]}]},{"@type":"BreadcrumbList","@id":"https:\/\/eljardinderosas.cl\/inicio\/formas-de-pago\/#breadcrumb","itemListElement":[{"@type":"ListItem","position":1,"name":"Home","item":"https:\/\/eljardinderosas.cl\/inicio\/"},{"@type":"ListItem","position":2,"name":"Formas de Pago"}]}]}},"_links":{"self":[{"href":"https:\/\/eljardinderosas.cl\/inicio\/wp-json\/wp\/v2\/pages\/1019"}],"collection":[{"href":"https:\/\/eljardinderosas.cl\/inicio\/wp-json\/wp\/v2\/pages"}],"about":[{"href":"https:\/\/eljardinderosas.cl\/inicio\/wp-json\/wp\/v2\/types\/page"}],"author":[{"embeddable":true,"href":"https:\/\/eljardinderosas.cl\/inicio\/wp-json\/wp\/v2\/users\/1"}],"replies":[{"embeddable":true,"href":"https:\/\/eljardinderosas.cl\/inicio\/wp-json\/wp\/v2\/comments?post=1019"}],"version-history":[{"count":12,"href":"https:\/\/eljardinderosas.cl\/inicio\/wp-json\/wp\/v2\/pages\/1019\/revisions"}],"predecessor-version":[{"id":18391,"href":"https:\/\/eljardinderosas.cl\/inicio\/wp-json\/wp\/v2\/pages\/1019\/revisions\/18391"}],"wp:attachment":[{"href":"https:\/\/eljardinderosas.cl\/inicio\/wp-json\/wp\/v2\/media?parent=1019"}],"curies":[{"name":"wp","href":"https:\/\/api.w.org\/{rel}","templated":true}]}}