{"id":1028,"date":"2020-10-17T21:11:08","date_gmt":"2020-10-18T00:11:08","guid":{"rendered":"https:\/\/eljardinderosas.cl\/inicio\/?page_id=1028"},"modified":"2020-10-17T21:22:21","modified_gmt":"2020-10-18T00:22:21","slug":"ordenes-confidenciales","status":"publish","type":"page","link":"https:\/\/eljardinderosas.cl\/inicio\/ordenes-confidenciales\/","title":{"rendered":"Ordenes Confidenciales"},"content":{"rendered":"\n\t<section class=\"section\" id=\"section_547693349\">\n\t\t<div class=\"bg section-bg fill bg-fill bg-loaded bg-loaded\" >\n\n\t\t\t\n\t\t\t\n\t\t\t\n\n\t\t<\/div>\n\n\t\t<div class=\"section-content relative\">\n\t\t\t\n\n<div class=\"row align-center\"  id=\"row-317505451\">\n\n\n\t<div id=\"col-1091130079\" class=\"col medium-9 small-10 large-9\"  >\n\t\t<div class=\"col-inner text-center\"  >\n\t\t\t\n\t\t\t\n\n\t<div id=\"gap-69851015\" class=\"gap-element clearfix\" style=\"display:block; height:auto;\">\n\t\t\n<style>\n#gap-69851015 {\n  padding-top: 40px;\n}\n<\/style>\n\t<\/div>\n\t\n\n\t<div class=\"img has-hover x md-x lg-x y md-y lg-y\" id=\"image_46232571\">\n\t\t\t\t\t\t\t\t<div class=\"img-inner dark\" >\n\t\t\t<img width=\"400\" height=\"176\" src=\"https:\/\/eljardinderosas.cl\/inicio\/wp-content\/uploads\/2020\/10\/ordenes-confidenciales.png\" class=\"attachment-large size-large\" alt=\"\" loading=\"lazy\" \/>\t\t\t\t\t\t\n\t\t\t\t\t<\/div>\n\t\t\t\t\t\t\t\t\n<style>\n#image_46232571 {\n  width: 33%;\n}\n<\/style>\n\t<\/div>\n\t\n\n<h1><span style=\"font-size: 130%;\">\u00d3rdenes Confidenciales<\/span><\/h1>\n<p>\u00a0<\/p>\n<p style=\"text-align: left;\"><span style=\"font-size: 95%;\">En nuestra florer\u00eda Eljardinderosas.cl todas las \u00f3rdenes son confidenciales por defecto. <\/span><\/p>\n<p style=\"text-align: left;\"><span style=\"font-size: 95%;\">Nuestra empresa no discrimina clientes ni destinatarios.<br \/>Los fines por los cuales usted env\u00eda nuestros productos son de su absoluta responsabilidad. <br \/>El hecho de que usted entregue sus datos de cliente no significa que \u00e9stos ser\u00e1n revelados al destinatario bajo ninguna circunstancia, ni aun cuando el receptor nos consulte e insista sobre el origen de su pedido. S\u00f3lo se har\u00e1 bajo su autorizaci\u00f3n previa consulta.<\/span><\/p>\n<p style=\"text-align: left;\"><span style=\"font-size: 95%;\"> En el formulario se le consultar\u00e1 por la direcci\u00f3n donde enviar la boleta o factura. Esto evitar\u00e1 que terceros se enteren de su compra, definiendo el lugar donde llegar\u00e1 el documento. <\/span><\/p>\n<p style=\"text-align: left;\"><span style=\"font-size: 95%;\">Tambi\u00e9n puede ordenar por Tel\u00e9fono. Para mayor informaci\u00f3n o requerimientos especiales por favor cont\u00e1ctanos a: <br \/><br \/>Tel\u00e9fono: +562 2 699 3937 Celular: +56 9 903 62 193<br \/>Tambi\u00e9n puede enviarnos un Correo a: <br \/>contacto@eljardinderosas.cl | ventas.eljardinderosas@gmail.com.<\/span><\/p>\n<div class=\"is-divider divider clearfix\" style=\"max-width:60px;\"><\/div>\n\n\n\t\t<\/div>\n\t\t\t<\/div>\n\n\t\n\n<\/div>\n\n\t\t<\/div>\n\n\t\t\n<style>\n#section_547693349 {\n  padding-top: 30px;\n  padding-bottom: 30px;\n}\n<\/style>\n\t<\/section>\n\t\n\n","protected":false},"excerpt":{"rendered":"","protected":false},"author":1,"featured_media":0,"parent":0,"menu_order":0,"comment_status":"closed","ping_status":"closed","template":"","meta":[],"yoast_head":"<!-- This site is optimized with the Yoast SEO Premium plugin v17.1.2 (Yoast SEO v17.3) - https:\/\/yoast.com\/wordpress\/plugins\/seo\/ -->\n<title>Ordenes Confidenciales - El Jardin de Rosas<\/title>\n<meta name=\"robots\" content=\"index, follow, max-snippet:-1, max-image-preview:large, max-video-preview:-1\" \/>\n<link rel=\"canonical\" href=\"https:\/\/eljardinderosas.cl\/inicio\/ordenes-confidenciales\/\" \/>\n<meta property=\"og:locale\" content=\"es_ES\" \/>\n<meta property=\"og:type\" content=\"article\" \/>\n<meta property=\"og:title\" content=\"Ordenes Confidenciales\" \/>\n<meta property=\"og:url\" content=\"https:\/\/eljardinderosas.cl\/inicio\/ordenes-confidenciales\/\" \/>\n<meta property=\"og:site_name\" content=\"El Jardin de Rosas\" \/>\n<meta property=\"article:modified_time\" content=\"2020-10-18T00:22:21+00:00\" \/>\n<meta name=\"twitter:card\" content=\"summary_large_image\" \/>\n<meta name=\"twitter:label1\" content=\"Tiempo de lectura\" \/>\n\t<meta name=\"twitter:data1\" content=\"1 minuto\" \/>\n<script type=\"application\/ld+json\" class=\"yoast-schema-graph\">{\"@context\":\"https:\/\/schema.org\",\"@graph\":[{\"@type\":\"Organization\",\"@id\":\"https:\/\/eljardinderosas.cl\/inicio\/#organization\",\"name\":\"El jardin de las rosas\",\"url\":\"https:\/\/eljardinderosas.cl\/inicio\/\",\"sameAs\":[\"https:\/\/www.instagram.com\/floreria_eljardinderosas\/\"],\"logo\":{\"@type\":\"ImageObject\",\"@id\":\"https:\/\/eljardinderosas.cl\/inicio\/#logo\",\"inLanguage\":\"es\",\"url\":\"https:\/\/eljardinderosas.cl\/inicio\/wp-content\/uploads\/2020\/10\/eljardinderosas-mail.png\",\"contentUrl\":\"https:\/\/eljardinderosas.cl\/inicio\/wp-content\/uploads\/2020\/10\/eljardinderosas-mail.png\",\"width\":317,\"height\":97,\"caption\":\"El jardin de las rosas\"},\"image\":{\"@id\":\"https:\/\/eljardinderosas.cl\/inicio\/#logo\"}},{\"@type\":\"WebSite\",\"@id\":\"https:\/\/eljardinderosas.cl\/inicio\/#website\",\"url\":\"https:\/\/eljardinderosas.cl\/inicio\/\",\"name\":\"Floreria El jardin de las Rosas\",\"description\":\"Flores en Santiago\",\"publisher\":{\"@id\":\"https:\/\/eljardinderosas.cl\/inicio\/#organization\"},\"potentialAction\":[{\"@type\":\"SearchAction\",\"target\":{\"@type\":\"EntryPoint\",\"urlTemplate\":\"https:\/\/eljardinderosas.cl\/inicio\/?s={search_term_string}\"},\"query-input\":\"required name=search_term_string\"}],\"inLanguage\":\"es\"},{\"@type\":\"WebPage\",\"@id\":\"https:\/\/eljardinderosas.cl\/inicio\/ordenes-confidenciales\/#webpage\",\"url\":\"https:\/\/eljardinderosas.cl\/inicio\/ordenes-confidenciales\/\",\"name\":\"Ordenes Confidenciales - El Jardin de Rosas\",\"isPartOf\":{\"@id\":\"https:\/\/eljardinderosas.cl\/inicio\/#website\"},\"datePublished\":\"2020-10-18T00:11:08+00:00\",\"dateModified\":\"2020-10-18T00:22:21+00:00\",\"breadcrumb\":{\"@id\":\"https:\/\/eljardinderosas.cl\/inicio\/ordenes-confidenciales\/#breadcrumb\"},\"inLanguage\":\"es\",\"potentialAction\":[{\"@type\":\"ReadAction\",\"target\":[\"https:\/\/eljardinderosas.cl\/inicio\/ordenes-confidenciales\/\"]}]},{\"@type\":\"BreadcrumbList\",\"@id\":\"https:\/\/eljardinderosas.cl\/inicio\/ordenes-confidenciales\/#breadcrumb\",\"itemListElement\":[{\"@type\":\"ListItem\",\"position\":1,\"name\":\"Home\",\"item\":\"https:\/\/eljardinderosas.cl\/inicio\/\"},{\"@type\":\"ListItem\",\"position\":2,\"name\":\"Ordenes Confidenciales\"}]}]}<\/script>\n<!-- \/ Yoast SEO Premium plugin. -->","yoast_head_json":{"title":"Ordenes Confidenciales - El Jardin de Rosas","robots":{"index":"index","follow":"follow","max-snippet":"max-snippet:-1","max-image-preview":"max-image-preview:large","max-video-preview":"max-video-preview:-1"},"canonical":"https:\/\/eljardinderosas.cl\/inicio\/ordenes-confidenciales\/","og_locale":"es_ES","og_type":"article","og_title":"Ordenes Confidenciales","og_url":"https:\/\/eljardinderosas.cl\/inicio\/ordenes-confidenciales\/","og_site_name":"El Jardin de Rosas","article_modified_time":"2020-10-18T00:22:21+00:00","twitter_card":"summary_large_image","twitter_misc":{"Tiempo de lectura":"1 minuto"},"schema":{"@context":"https:\/\/schema.org","@graph":[{"@type":"Organization","@id":"https:\/\/eljardinderosas.cl\/inicio\/#organization","name":"El jardin de las rosas","url":"https:\/\/eljardinderosas.cl\/inicio\/","sameAs":["https:\/\/www.instagram.com\/floreria_eljardinderosas\/"],"logo":{"@type":"ImageObject","@id":"https:\/\/eljardinderosas.cl\/inicio\/#logo","inLanguage":"es","url":"https:\/\/eljardinderosas.cl\/inicio\/wp-content\/uploads\/2020\/10\/eljardinderosas-mail.png","contentUrl":"https:\/\/eljardinderosas.cl\/inicio\/wp-content\/uploads\/2020\/10\/eljardinderosas-mail.png","width":317,"height":97,"caption":"El jardin de las rosas"},"image":{"@id":"https:\/\/eljardinderosas.cl\/inicio\/#logo"}},{"@type":"WebSite","@id":"https:\/\/eljardinderosas.cl\/inicio\/#website","url":"https:\/\/eljardinderosas.cl\/inicio\/","name":"Floreria El jardin de las Rosas","description":"Flores en Santiago","publisher":{"@id":"https:\/\/eljardinderosas.cl\/inicio\/#organization"},"potentialAction":[{"@type":"SearchAction","target":{"@type":"EntryPoint","urlTemplate":"https:\/\/eljardinderosas.cl\/inicio\/?s={search_term_string}"},"query-input":"required name=search_term_string"}],"inLanguage":"es"},{"@type":"WebPage","@id":"https:\/\/eljardinderosas.cl\/inicio\/ordenes-confidenciales\/#webpage","url":"https:\/\/eljardinderosas.cl\/inicio\/ordenes-confidenciales\/","name":"Ordenes Confidenciales - El Jardin de Rosas","isPartOf":{"@id":"https:\/\/eljardinderosas.cl\/inicio\/#website"},"datePublished":"2020-10-18T00:11:08+00:00","dateModified":"2020-10-18T00:22:21+00:00","breadcrumb":{"@id":"https:\/\/eljardinderosas.cl\/inicio\/ordenes-confidenciales\/#breadcrumb"},"inLanguage":"es","potentialAction":[{"@type":"ReadAction","target":["https:\/\/eljardinderosas.cl\/inicio\/ordenes-confidenciales\/"]}]},{"@type":"BreadcrumbList","@id":"https:\/\/eljardinderosas.cl\/inicio\/ordenes-confidenciales\/#breadcrumb","itemListElement":[{"@type":"ListItem","position":1,"name":"Home","item":"https:\/\/eljardinderosas.cl\/inicio\/"},{"@type":"ListItem","position":2,"name":"Ordenes Confidenciales"}]}]}},"_links":{"self":[{"href":"https:\/\/eljardinderosas.cl\/inicio\/wp-json\/wp\/v2\/pages\/1028"}],"collection":[{"href":"https:\/\/eljardinderosas.cl\/inicio\/wp-json\/wp\/v2\/pages"}],"about":[{"href":"https:\/\/eljardinderosas.cl\/inicio\/wp-json\/wp\/v2\/types\/page"}],"author":[{"embeddable":true,"href":"https:\/\/eljardinderosas.cl\/inicio\/wp-json\/wp\/v2\/users\/1"}],"replies":[{"embeddable":true,"href":"https:\/\/eljardinderosas.cl\/inicio\/wp-json\/wp\/v2\/comments?post=1028"}],"version-history":[{"count":6,"href":"https:\/\/eljardinderosas.cl\/inicio\/wp-json\/wp\/v2\/pages\/1028\/revisions"}],"predecessor-version":[{"id":1035,"href":"https:\/\/eljardinderosas.cl\/inicio\/wp-json\/wp\/v2\/pages\/1028\/revisions\/1035"}],"wp:attachment":[{"href":"https:\/\/eljardinderosas.cl\/inicio\/wp-json\/wp\/v2\/media?parent=1028"}],"curies":[{"name":"wp","href":"https:\/\/api.w.org\/{rel}","templated":true}]}}