{"id":726,"date":"2020-10-12T12:52:57","date_gmt":"2020-10-12T15:52:57","guid":{"rendered":"https:\/\/eljardinderosas.cl\/inicio\/?page_id=726"},"modified":"2024-02-01T17:08:53","modified_gmt":"2024-02-01T20:08:53","slug":"informaciones","status":"publish","type":"page","link":"https:\/\/eljardinderosas.cl\/inicio\/informaciones\/","title":{"rendered":"Informaciones"},"content":{"rendered":"\n\t<section class=\"section\" id=\"section_118005528\">\n\t\t<div class=\"bg section-bg fill bg-fill bg-loaded bg-loaded\" >\n\n\t\t\t\n\t\t\t\n\t\t\t\n\n\t\t<\/div>\n\n\t\t<div class=\"section-content relative\">\n\t\t\t\n\n<div class=\"row align-center\"  id=\"row-661924310\">\n\n\n\t<div id=\"col-748679163\" class=\"col medium-7 small-9 large-7\"  >\n\t\t<div class=\"col-inner text-center\"  >\n\t\t\t\n\t\t\t\n\n\t<div id=\"gap-1687117799\" class=\"gap-element clearfix\" style=\"display:block; height:auto;\">\n\t\t\n<style>\n#gap-1687117799 {\n  padding-top: 25px;\n}\n<\/style>\n\t<\/div>\n\t\n\n<h1 class=\"uppercase\"><span style=\"font-size: 115%\">CONDICIONES DE DESPACHO Y PLAZOS DE ENTREGA<\/span><\/h1>\n\n\t\t<\/div>\n\t\t\t<\/div>\n\n\t\n\n<\/div>\n<div class=\"row align-center\"  id=\"row-164422676\">\n\n\n\t<div id=\"col-1571948004\" class=\"col medium-6 small-9 large-6\"  >\n\t\t<div class=\"col-inner text-center\"  >\n\t\t\t\n\t\t\t\n\n<p style=\"text-align: left\">Todos nuestros pedidos son sin horario espec\u00edfico de entrega. Los pedidos recibidos fuera de estos horarios, ser\u00e1n despachados el d\u00eda h\u00e1bil siguiente de la compra.<\/p>\n<p style=\"text-align: left\">Los d\u00edas Domingos y festivos se realizar\u00e1n s\u00f3lo despachos de aquellos pedidos que hayan sido confirmados y pagados los d\u00edas h\u00e1biles anteriores. Enviando la Copia de la Transferencia o Dep\u00f3sito. Si desea solicitar un despacho despu\u00e9s del horario estipulado, coord\u00ednelo directamente v\u00eda telef\u00f3nica al +562 2 699 3837 \u2013 WhatsApp +56 9 9036 2193<\/p>\n<p style=\"text-align: left\">Nuestra empresa se reserva el derecho de rechazar o anular una orden de compra por incumplimiento de nuestras condiciones sean \u00e9stas por falta de informaci\u00f3n de destino, transferencia \u00f3 por motivos de fuerza mayor.<\/p>\n<p style=\"text-align: left\">No se realizar\u00e1n ning\u00fan tipo de compensaci\u00f3n en caso de: No encontrar personas en la direcci\u00f3n indicada en el momento de la entrega del pedido, No indicar claramente la direcci\u00f3n de entrega o de env\u00edo siendo rechazado por el destinatario.<\/p>\n<p style=\"text-align: left\">Nuestras flores y arreglos mostrados en nuestra p\u00e1gina web pueden presentar algunas variaciones dependiendo de la temporada o suministro de flores desde el extranjero, sin que esto altere la calidad de nuestros productos.<\/p>\n<p style=\"text-align: left\">El delivery de nuestros arreglos florales se realiza dentro de la regi\u00f3n metropolitana, con un cargo por servicio de despacho seg\u00fan la comuna a la cual se env\u00ede. Despacho gratis en las comunas Providencia, \u00d1u\u00f1oa, Santiago Centro.<\/p>\n<p style=\"text-align: left\">Para cumplir satisfactoriamente con sus pedidos en d\u00edas de alta demanda tales como, D\u00eda de los Enamorados, D\u00eda de la Mujer, D\u00eda de la Madre, D\u00eda de la secretaria y Navidad, y con la finalidad de dar un satisfactorio servicio a de todos nuestros clientes, le sugerimos su pedido con anticipaci\u00f3n y por la naturaleza de estas fechas nuestra empresa se ve imposibilitada de ofrecer horarios especiales de entregas.<\/p>\n\n\t\t<\/div>\n\t\t\t<\/div>\n\n\t\n\n\t<div id=\"col-1427326925\" class=\"col medium-4 small-9 large-4\"  >\n\t\t<div class=\"col-inner text-center\"  >\n\t\t\t\n\t\t\t\n\n\n\t\t<div class=\"icon-box featured-box icon-box-center text-center\"  >\n\t\t\t\t\t<div class=\"icon-box-img\" style=\"width: 60px\">\n\t\t\t\t<div class=\"icon\">\n\t\t\t\t\t<div class=\"icon-inner\" style=\"color:rgb(243, 193, 57);\">\n\t\t\t\t\t\t<img width=\"52\" height=\"62\" src=\"https:\/\/eljardinderosas.cl\/inicio\/wp-content\/uploads\/2020\/10\/icon-entrega.png\" class=\"attachment-medium size-medium\" alt=\"\" loading=\"lazy\" \/>\t\t\t\t\t<\/div>\n\t\t\t\t<\/div>\n\t\t\t<\/div>\n\t\t\t\t<div class=\"icon-box-text last-reset\">\n\t\t\t\t\t\t\t\t\t\n\n<h3>&nbsp;<\/h3>\n<h3 class=\"uppercase\">Horario de Atenci\u00f3n y Despacho<\/h3>\n<p style=\"text-align: left\">Lunes a Viernes (AM) : desde las 09:00 a 14:30 hrs.<\/p>\n<p style=\"text-align: left\">Lunes a Viernes (PM) : desde las 15:30 a 19:30 hrs.<\/p>\n<p style=\"text-align: left\">S\u00e1bados (rango \u00fanico): desde 10:00 a 18:00 hrs.<\/p>\n<p style=\"text-align: left\">Domingos y Festivos: desde 10:00 a 17:00 hrs.<\/p>\n\n\t\t<\/div>\n\t<\/div>\n\t\n\t\n\n\t\t<\/div>\n\t\t\t<\/div>\n\n\t\n\n<\/div>\n\n\t\t<\/div>\n\n\t\t\n<style>\n#section_118005528 {\n  padding-top: 60px;\n  padding-bottom: 60px;\n}\n<\/style>\n\t<\/section>\n\t\n\n","protected":false},"excerpt":{"rendered":"","protected":false},"author":1,"featured_media":0,"parent":0,"menu_order":0,"comment_status":"closed","ping_status":"closed","template":"","meta":[],"yoast_head":"<!-- This site is optimized with the Yoast SEO Premium plugin v17.1.2 (Yoast SEO v17.3) - https:\/\/yoast.com\/wordpress\/plugins\/seo\/ -->\n<title>Informaciones - El Jardin de Rosas<\/title>\n<meta name=\"robots\" content=\"index, follow, max-snippet:-1, max-image-preview:large, max-video-preview:-1\" \/>\n<link rel=\"canonical\" href=\"https:\/\/eljardinderosas.cl\/inicio\/informaciones\/\" \/>\n<meta property=\"og:locale\" content=\"es_ES\" \/>\n<meta property=\"og:type\" content=\"article\" \/>\n<meta property=\"og:title\" content=\"Informaciones\" \/>\n<meta property=\"og:url\" content=\"https:\/\/eljardinderosas.cl\/inicio\/informaciones\/\" \/>\n<meta property=\"og:site_name\" content=\"El Jardin de Rosas\" \/>\n<meta property=\"article:modified_time\" content=\"2024-02-01T20:08:53+00:00\" \/>\n<meta name=\"twitter:card\" content=\"summary_large_image\" \/>\n<meta name=\"twitter:label1\" content=\"Tiempo de lectura\" \/>\n\t<meta name=\"twitter:data1\" content=\"2 minutos\" \/>\n<script type=\"application\/ld+json\" class=\"yoast-schema-graph\">{\"@context\":\"https:\/\/schema.org\",\"@graph\":[{\"@type\":\"Organization\",\"@id\":\"https:\/\/eljardinderosas.cl\/inicio\/#organization\",\"name\":\"El jardin de las rosas\",\"url\":\"https:\/\/eljardinderosas.cl\/inicio\/\",\"sameAs\":[\"https:\/\/www.instagram.com\/floreria_eljardinderosas\/\"],\"logo\":{\"@type\":\"ImageObject\",\"@id\":\"https:\/\/eljardinderosas.cl\/inicio\/#logo\",\"inLanguage\":\"es\",\"url\":\"https:\/\/eljardinderosas.cl\/inicio\/wp-content\/uploads\/2020\/10\/eljardinderosas-mail.png\",\"contentUrl\":\"https:\/\/eljardinderosas.cl\/inicio\/wp-content\/uploads\/2020\/10\/eljardinderosas-mail.png\",\"width\":317,\"height\":97,\"caption\":\"El jardin de las rosas\"},\"image\":{\"@id\":\"https:\/\/eljardinderosas.cl\/inicio\/#logo\"}},{\"@type\":\"WebSite\",\"@id\":\"https:\/\/eljardinderosas.cl\/inicio\/#website\",\"url\":\"https:\/\/eljardinderosas.cl\/inicio\/\",\"name\":\"Floreria El jardin de las Rosas\",\"description\":\"Flores en Santiago\",\"publisher\":{\"@id\":\"https:\/\/eljardinderosas.cl\/inicio\/#organization\"},\"potentialAction\":[{\"@type\":\"SearchAction\",\"target\":{\"@type\":\"EntryPoint\",\"urlTemplate\":\"https:\/\/eljardinderosas.cl\/inicio\/?s={search_term_string}\"},\"query-input\":\"required name=search_term_string\"}],\"inLanguage\":\"es\"},{\"@type\":\"WebPage\",\"@id\":\"https:\/\/eljardinderosas.cl\/inicio\/informaciones\/#webpage\",\"url\":\"https:\/\/eljardinderosas.cl\/inicio\/informaciones\/\",\"name\":\"Informaciones - El Jardin de Rosas\",\"isPartOf\":{\"@id\":\"https:\/\/eljardinderosas.cl\/inicio\/#website\"},\"datePublished\":\"2020-10-12T15:52:57+00:00\",\"dateModified\":\"2024-02-01T20:08:53+00:00\",\"breadcrumb\":{\"@id\":\"https:\/\/eljardinderosas.cl\/inicio\/informaciones\/#breadcrumb\"},\"inLanguage\":\"es\",\"potentialAction\":[{\"@type\":\"ReadAction\",\"target\":[\"https:\/\/eljardinderosas.cl\/inicio\/informaciones\/\"]}]},{\"@type\":\"BreadcrumbList\",\"@id\":\"https:\/\/eljardinderosas.cl\/inicio\/informaciones\/#breadcrumb\",\"itemListElement\":[{\"@type\":\"ListItem\",\"position\":1,\"name\":\"Home\",\"item\":\"https:\/\/eljardinderosas.cl\/inicio\/\"},{\"@type\":\"ListItem\",\"position\":2,\"name\":\"Informaciones\"}]}]}<\/script>\n<!-- \/ Yoast SEO Premium plugin. -->","yoast_head_json":{"title":"Informaciones - El Jardin de Rosas","robots":{"index":"index","follow":"follow","max-snippet":"max-snippet:-1","max-image-preview":"max-image-preview:large","max-video-preview":"max-video-preview:-1"},"canonical":"https:\/\/eljardinderosas.cl\/inicio\/informaciones\/","og_locale":"es_ES","og_type":"article","og_title":"Informaciones","og_url":"https:\/\/eljardinderosas.cl\/inicio\/informaciones\/","og_site_name":"El Jardin de Rosas","article_modified_time":"2024-02-01T20:08:53+00:00","twitter_card":"summary_large_image","twitter_misc":{"Tiempo de lectura":"2 minutos"},"schema":{"@context":"https:\/\/schema.org","@graph":[{"@type":"Organization","@id":"https:\/\/eljardinderosas.cl\/inicio\/#organization","name":"El jardin de las rosas","url":"https:\/\/eljardinderosas.cl\/inicio\/","sameAs":["https:\/\/www.instagram.com\/floreria_eljardinderosas\/"],"logo":{"@type":"ImageObject","@id":"https:\/\/eljardinderosas.cl\/inicio\/#logo","inLanguage":"es","url":"https:\/\/eljardinderosas.cl\/inicio\/wp-content\/uploads\/2020\/10\/eljardinderosas-mail.png","contentUrl":"https:\/\/eljardinderosas.cl\/inicio\/wp-content\/uploads\/2020\/10\/eljardinderosas-mail.png","width":317,"height":97,"caption":"El jardin de las rosas"},"image":{"@id":"https:\/\/eljardinderosas.cl\/inicio\/#logo"}},{"@type":"WebSite","@id":"https:\/\/eljardinderosas.cl\/inicio\/#website","url":"https:\/\/eljardinderosas.cl\/inicio\/","name":"Floreria El jardin de las Rosas","description":"Flores en Santiago","publisher":{"@id":"https:\/\/eljardinderosas.cl\/inicio\/#organization"},"potentialAction":[{"@type":"SearchAction","target":{"@type":"EntryPoint","urlTemplate":"https:\/\/eljardinderosas.cl\/inicio\/?s={search_term_string}"},"query-input":"required name=search_term_string"}],"inLanguage":"es"},{"@type":"WebPage","@id":"https:\/\/eljardinderosas.cl\/inicio\/informaciones\/#webpage","url":"https:\/\/eljardinderosas.cl\/inicio\/informaciones\/","name":"Informaciones - El Jardin de Rosas","isPartOf":{"@id":"https:\/\/eljardinderosas.cl\/inicio\/#website"},"datePublished":"2020-10-12T15:52:57+00:00","dateModified":"2024-02-01T20:08:53+00:00","breadcrumb":{"@id":"https:\/\/eljardinderosas.cl\/inicio\/informaciones\/#breadcrumb"},"inLanguage":"es","potentialAction":[{"@type":"ReadAction","target":["https:\/\/eljardinderosas.cl\/inicio\/informaciones\/"]}]},{"@type":"BreadcrumbList","@id":"https:\/\/eljardinderosas.cl\/inicio\/informaciones\/#breadcrumb","itemListElement":[{"@type":"ListItem","position":1,"name":"Home","item":"https:\/\/eljardinderosas.cl\/inicio\/"},{"@type":"ListItem","position":2,"name":"Informaciones"}]}]}},"_links":{"self":[{"href":"https:\/\/eljardinderosas.cl\/inicio\/wp-json\/wp\/v2\/pages\/726"}],"collection":[{"href":"https:\/\/eljardinderosas.cl\/inicio\/wp-json\/wp\/v2\/pages"}],"about":[{"href":"https:\/\/eljardinderosas.cl\/inicio\/wp-json\/wp\/v2\/types\/page"}],"author":[{"embeddable":true,"href":"https:\/\/eljardinderosas.cl\/inicio\/wp-json\/wp\/v2\/users\/1"}],"replies":[{"embeddable":true,"href":"https:\/\/eljardinderosas.cl\/inicio\/wp-json\/wp\/v2\/comments?post=726"}],"version-history":[{"count":11,"href":"https:\/\/eljardinderosas.cl\/inicio\/wp-json\/wp\/v2\/pages\/726\/revisions"}],"predecessor-version":[{"id":16812,"href":"https:\/\/eljardinderosas.cl\/inicio\/wp-json\/wp\/v2\/pages\/726\/revisions\/16812"}],"wp:attachment":[{"href":"https:\/\/eljardinderosas.cl\/inicio\/wp-json\/wp\/v2\/media?parent=726"}],"curies":[{"name":"wp","href":"https:\/\/api.w.org\/{rel}","templated":true}]}}