{"id":11240,"date":"2021-02-05T22:20:55","date_gmt":"2021-02-06T01:20:55","guid":{"rendered":"https:\/\/eljardinderosas.cl\/inicio\/?post_type=product&#038;p=11240"},"modified":"2026-02-04T22:01:49","modified_gmt":"2026-02-05T01:01:49","slug":"box-en-forma-de-corazon-con-12-rosas-rojas-y-8-bombones","status":"publish","type":"product","link":"https:\/\/eljardinderosas.cl\/inicio\/tienda\/aniversarios\/box-en-forma-de-corazon-con-12-rosas-rojas-y-8-bombones\/","title":{"rendered":"Box en forma de coraz\u00f3n con  12 rosas rojas y 8 bombones"},"content":{"rendered":"<p>\ud83d\udc96 Box Coraz\u00f3n de Pasi\u00f3n Infinita \ud83d\udc96 sorprende este 14 de febrero<br \/>\n\u00a1Despierta el fuego del amor con este exquisito box en forma de coraz\u00f3n! Dentro late el aroma embriagador de 12 rosas rojas frescas, cada p\u00e9talo un susurro de deseo eterno y entrega total, s\u00edmbolo perfecto para el D\u00eda de San Valent\u00edn.<br \/>\nAcompa\u00f1adas de selectos bombones Ferrero Rocher, cuya crujiente avellana y chocolate sedoso derriten el alma como un beso inesperado. Incluye linda tarjeta para expresar todo tu amor<\/p>\n","protected":false},"excerpt":{"rendered":"<p>\ud83d\udc96 Box Coraz\u00f3n de Pasi\u00f3n Infinita \ud83d\udc96 sorprende este 14 de febrero \u00a1Despierta el fuego del amor con este exquisito box en forma de coraz\u00f3n! Dentro late el aroma embriagador de 12 rosas rojas frescas, cada p\u00e9talo un susurro de deseo eterno y entrega total, s\u00edmbolo perfecto para el D\u00eda de San Valent\u00edn. Acompa\u00f1adas de [&#8230;]\n","protected":false},"featured_media":19881,"template":"","meta":[],"product_cat":[144,93,97,104,230],"product_tag":[],"yoast_head":"<!-- This site is optimized with the Yoast SEO Premium plugin v17.1.2 (Yoast SEO v17.3) - https:\/\/yoast.com\/wordpress\/plugins\/seo\/ -->\n<title>Box en forma de coraz\u00f3n con 12 rosas rojas y 8 bombones - El Jardin de Rosas<\/title>\n<meta name=\"description\" content=\"Box Coraz\u00f3n de Pasi\u00f3n Infinita sorprende este 14 de febrero 12 rosas rojas frescas Acompa\u00f1adas de selectos bombones Ferrero Rocher reserva.\" \/>\n<meta name=\"robots\" content=\"index, follow, max-snippet:-1, max-image-preview:large, max-video-preview:-1\" \/>\n<link rel=\"canonical\" href=\"https:\/\/eljardinderosas.cl\/inicio\/tienda\/aniversarios\/box-en-forma-de-corazon-con-12-rosas-rojas-y-8-bombones\/\" \/>\n<meta property=\"og:locale\" content=\"es_ES\" \/>\n<meta property=\"og:type\" content=\"article\" \/>\n<meta property=\"og:title\" content=\"Box en forma de coraz\u00f3n con 12 rosas rojas y 8 bombones\" \/>\n<meta property=\"og:description\" content=\"Box Coraz\u00f3n de Pasi\u00f3n Infinita sorprende este 14 de febrero 12 rosas rojas frescas Acompa\u00f1adas de selectos bombones Ferrero Rocher reserva.\" \/>\n<meta property=\"og:url\" content=\"https:\/\/eljardinderosas.cl\/inicio\/tienda\/aniversarios\/box-en-forma-de-corazon-con-12-rosas-rojas-y-8-bombones\/\" \/>\n<meta property=\"og:site_name\" content=\"El Jardin de Rosas\" \/>\n<meta property=\"article:modified_time\" content=\"2026-02-05T01:01:49+00:00\" \/>\n<meta property=\"og:image\" content=\"https:\/\/eljardinderosas.cl\/inicio\/wp-content\/uploads\/2021\/02\/ADORABLE-CORAZON-12-ROSAS-Y-8-BOMBONES.jpg\" \/>\n\t<meta property=\"og:image:width\" content=\"1024\" \/>\n\t<meta property=\"og:image:height\" content=\"1024\" \/>\n<meta name=\"twitter:card\" content=\"summary_large_image\" \/>\n<meta name=\"twitter:label1\" content=\"Tiempo de lectura\" \/>\n\t<meta name=\"twitter:data1\" content=\"1 minuto\" \/>\n<script type=\"application\/ld+json\" class=\"yoast-schema-graph\">{\"@context\":\"https:\/\/schema.org\",\"@graph\":[{\"@type\":\"Organization\",\"@id\":\"https:\/\/eljardinderosas.cl\/inicio\/#organization\",\"name\":\"El jardin de las rosas\",\"url\":\"https:\/\/eljardinderosas.cl\/inicio\/\",\"sameAs\":[\"https:\/\/www.instagram.com\/floreria_eljardinderosas\/\"],\"logo\":{\"@type\":\"ImageObject\",\"@id\":\"https:\/\/eljardinderosas.cl\/inicio\/#logo\",\"inLanguage\":\"es\",\"url\":\"https:\/\/eljardinderosas.cl\/inicio\/wp-content\/uploads\/2020\/10\/eljardinderosas-mail.png\",\"contentUrl\":\"https:\/\/eljardinderosas.cl\/inicio\/wp-content\/uploads\/2020\/10\/eljardinderosas-mail.png\",\"width\":317,\"height\":97,\"caption\":\"El jardin de las rosas\"},\"image\":{\"@id\":\"https:\/\/eljardinderosas.cl\/inicio\/#logo\"}},{\"@type\":\"WebSite\",\"@id\":\"https:\/\/eljardinderosas.cl\/inicio\/#website\",\"url\":\"https:\/\/eljardinderosas.cl\/inicio\/\",\"name\":\"Floreria El jardin de las Rosas\",\"description\":\"Flores en Santiago\",\"publisher\":{\"@id\":\"https:\/\/eljardinderosas.cl\/inicio\/#organization\"},\"potentialAction\":[{\"@type\":\"SearchAction\",\"target\":{\"@type\":\"EntryPoint\",\"urlTemplate\":\"https:\/\/eljardinderosas.cl\/inicio\/?s={search_term_string}\"},\"query-input\":\"required name=search_term_string\"}],\"inLanguage\":\"es\"},{\"@type\":\"ImageObject\",\"@id\":\"https:\/\/eljardinderosas.cl\/inicio\/tienda\/aniversarios\/box-en-forma-de-corazon-con-12-rosas-rojas-y-8-bombones\/#primaryimage\",\"inLanguage\":\"es\",\"url\":\"https:\/\/eljardinderosas.cl\/inicio\/wp-content\/uploads\/2021\/02\/ADORABLE-CORAZON-12-ROSAS-Y-8-BOMBONES.jpg\",\"contentUrl\":\"https:\/\/eljardinderosas.cl\/inicio\/wp-content\/uploads\/2021\/02\/ADORABLE-CORAZON-12-ROSAS-Y-8-BOMBONES.jpg\",\"width\":1024,\"height\":1024},{\"@type\":\"WebPage\",\"@id\":\"https:\/\/eljardinderosas.cl\/inicio\/tienda\/aniversarios\/box-en-forma-de-corazon-con-12-rosas-rojas-y-8-bombones\/#webpage\",\"url\":\"https:\/\/eljardinderosas.cl\/inicio\/tienda\/aniversarios\/box-en-forma-de-corazon-con-12-rosas-rojas-y-8-bombones\/\",\"name\":\"Box en forma de coraz\\u00f3n con 12 rosas rojas y 8 bombones - El Jardin de Rosas\",\"isPartOf\":{\"@id\":\"https:\/\/eljardinderosas.cl\/inicio\/#website\"},\"primaryImageOfPage\":{\"@id\":\"https:\/\/eljardinderosas.cl\/inicio\/tienda\/aniversarios\/box-en-forma-de-corazon-con-12-rosas-rojas-y-8-bombones\/#primaryimage\"},\"datePublished\":\"2021-02-06T01:20:55+00:00\",\"dateModified\":\"2026-02-05T01:01:49+00:00\",\"description\":\"Box Coraz\\u00f3n de Pasi\\u00f3n Infinita sorprende este 14 de febrero 12 rosas rojas frescas Acompa\\u00f1adas de selectos bombones Ferrero Rocher reserva.\",\"breadcrumb\":{\"@id\":\"https:\/\/eljardinderosas.cl\/inicio\/tienda\/aniversarios\/box-en-forma-de-corazon-con-12-rosas-rojas-y-8-bombones\/#breadcrumb\"},\"inLanguage\":\"es\",\"potentialAction\":[{\"@type\":\"ReadAction\",\"target\":[\"https:\/\/eljardinderosas.cl\/inicio\/tienda\/aniversarios\/box-en-forma-de-corazon-con-12-rosas-rojas-y-8-bombones\/\"]}]},{\"@type\":\"BreadcrumbList\",\"@id\":\"https:\/\/eljardinderosas.cl\/inicio\/tienda\/aniversarios\/box-en-forma-de-corazon-con-12-rosas-rojas-y-8-bombones\/#breadcrumb\",\"itemListElement\":[{\"@type\":\"ListItem\",\"position\":1,\"name\":\"Home\",\"item\":\"https:\/\/eljardinderosas.cl\/inicio\/\"},{\"@type\":\"ListItem\",\"position\":2,\"name\":\"Tienda\",\"item\":\"https:\/\/eljardinderosas.cl\/inicio\/tienda\/\"},{\"@type\":\"ListItem\",\"position\":3,\"name\":\"Box en forma de coraz\\u00f3n con 12 rosas rojas y 8 bombones\"}]}]}<\/script>\n<!-- \/ Yoast SEO Premium plugin. -->","yoast_head_json":{"title":"Box en forma de coraz\u00f3n con 12 rosas rojas y 8 bombones - El Jardin de Rosas","description":"Box Coraz\u00f3n de Pasi\u00f3n Infinita sorprende este 14 de febrero 12 rosas rojas frescas Acompa\u00f1adas de selectos bombones Ferrero Rocher reserva.","robots":{"index":"index","follow":"follow","max-snippet":"max-snippet:-1","max-image-preview":"max-image-preview:large","max-video-preview":"max-video-preview:-1"},"canonical":"https:\/\/eljardinderosas.cl\/inicio\/tienda\/aniversarios\/box-en-forma-de-corazon-con-12-rosas-rojas-y-8-bombones\/","og_locale":"es_ES","og_type":"article","og_title":"Box en forma de coraz\u00f3n con 12 rosas rojas y 8 bombones","og_description":"Box Coraz\u00f3n de Pasi\u00f3n Infinita sorprende este 14 de febrero 12 rosas rojas frescas Acompa\u00f1adas de selectos bombones Ferrero Rocher reserva.","og_url":"https:\/\/eljardinderosas.cl\/inicio\/tienda\/aniversarios\/box-en-forma-de-corazon-con-12-rosas-rojas-y-8-bombones\/","og_site_name":"El Jardin de Rosas","article_modified_time":"2026-02-05T01:01:49+00:00","og_image":[{"width":1024,"height":1024,"url":"https:\/\/eljardinderosas.cl\/inicio\/wp-content\/uploads\/2021\/02\/ADORABLE-CORAZON-12-ROSAS-Y-8-BOMBONES.jpg","type":"image\/jpeg"}],"twitter_card":"summary_large_image","twitter_misc":{"Tiempo de lectura":"1 minuto"},"schema":{"@context":"https:\/\/schema.org","@graph":[{"@type":"Organization","@id":"https:\/\/eljardinderosas.cl\/inicio\/#organization","name":"El jardin de las rosas","url":"https:\/\/eljardinderosas.cl\/inicio\/","sameAs":["https:\/\/www.instagram.com\/floreria_eljardinderosas\/"],"logo":{"@type":"ImageObject","@id":"https:\/\/eljardinderosas.cl\/inicio\/#logo","inLanguage":"es","url":"https:\/\/eljardinderosas.cl\/inicio\/wp-content\/uploads\/2020\/10\/eljardinderosas-mail.png","contentUrl":"https:\/\/eljardinderosas.cl\/inicio\/wp-content\/uploads\/2020\/10\/eljardinderosas-mail.png","width":317,"height":97,"caption":"El jardin de las rosas"},"image":{"@id":"https:\/\/eljardinderosas.cl\/inicio\/#logo"}},{"@type":"WebSite","@id":"https:\/\/eljardinderosas.cl\/inicio\/#website","url":"https:\/\/eljardinderosas.cl\/inicio\/","name":"Floreria El jardin de las Rosas","description":"Flores en Santiago","publisher":{"@id":"https:\/\/eljardinderosas.cl\/inicio\/#organization"},"potentialAction":[{"@type":"SearchAction","target":{"@type":"EntryPoint","urlTemplate":"https:\/\/eljardinderosas.cl\/inicio\/?s={search_term_string}"},"query-input":"required name=search_term_string"}],"inLanguage":"es"},{"@type":"ImageObject","@id":"https:\/\/eljardinderosas.cl\/inicio\/tienda\/aniversarios\/box-en-forma-de-corazon-con-12-rosas-rojas-y-8-bombones\/#primaryimage","inLanguage":"es","url":"https:\/\/eljardinderosas.cl\/inicio\/wp-content\/uploads\/2021\/02\/ADORABLE-CORAZON-12-ROSAS-Y-8-BOMBONES.jpg","contentUrl":"https:\/\/eljardinderosas.cl\/inicio\/wp-content\/uploads\/2021\/02\/ADORABLE-CORAZON-12-ROSAS-Y-8-BOMBONES.jpg","width":1024,"height":1024},{"@type":"WebPage","@id":"https:\/\/eljardinderosas.cl\/inicio\/tienda\/aniversarios\/box-en-forma-de-corazon-con-12-rosas-rojas-y-8-bombones\/#webpage","url":"https:\/\/eljardinderosas.cl\/inicio\/tienda\/aniversarios\/box-en-forma-de-corazon-con-12-rosas-rojas-y-8-bombones\/","name":"Box en forma de coraz\u00f3n con 12 rosas rojas y 8 bombones - El Jardin de Rosas","isPartOf":{"@id":"https:\/\/eljardinderosas.cl\/inicio\/#website"},"primaryImageOfPage":{"@id":"https:\/\/eljardinderosas.cl\/inicio\/tienda\/aniversarios\/box-en-forma-de-corazon-con-12-rosas-rojas-y-8-bombones\/#primaryimage"},"datePublished":"2021-02-06T01:20:55+00:00","dateModified":"2026-02-05T01:01:49+00:00","description":"Box Coraz\u00f3n de Pasi\u00f3n Infinita sorprende este 14 de febrero 12 rosas rojas frescas Acompa\u00f1adas de selectos bombones Ferrero Rocher reserva.","breadcrumb":{"@id":"https:\/\/eljardinderosas.cl\/inicio\/tienda\/aniversarios\/box-en-forma-de-corazon-con-12-rosas-rojas-y-8-bombones\/#breadcrumb"},"inLanguage":"es","potentialAction":[{"@type":"ReadAction","target":["https:\/\/eljardinderosas.cl\/inicio\/tienda\/aniversarios\/box-en-forma-de-corazon-con-12-rosas-rojas-y-8-bombones\/"]}]},{"@type":"BreadcrumbList","@id":"https:\/\/eljardinderosas.cl\/inicio\/tienda\/aniversarios\/box-en-forma-de-corazon-con-12-rosas-rojas-y-8-bombones\/#breadcrumb","itemListElement":[{"@type":"ListItem","position":1,"name":"Home","item":"https:\/\/eljardinderosas.cl\/inicio\/"},{"@type":"ListItem","position":2,"name":"Tienda","item":"https:\/\/eljardinderosas.cl\/inicio\/tienda\/"},{"@type":"ListItem","position":3,"name":"Box en forma de coraz\u00f3n con 12 rosas rojas y 8 bombones"}]}]}},"_links":{"self":[{"href":"https:\/\/eljardinderosas.cl\/inicio\/wp-json\/wp\/v2\/product\/11240"}],"collection":[{"href":"https:\/\/eljardinderosas.cl\/inicio\/wp-json\/wp\/v2\/product"}],"about":[{"href":"https:\/\/eljardinderosas.cl\/inicio\/wp-json\/wp\/v2\/types\/product"}],"wp:featuredmedia":[{"embeddable":true,"href":"https:\/\/eljardinderosas.cl\/inicio\/wp-json\/wp\/v2\/media\/19881"}],"wp:attachment":[{"href":"https:\/\/eljardinderosas.cl\/inicio\/wp-json\/wp\/v2\/media?parent=11240"}],"wp:term":[{"taxonomy":"product_cat","embeddable":true,"href":"https:\/\/eljardinderosas.cl\/inicio\/wp-json\/wp\/v2\/product_cat?post=11240"},{"taxonomy":"product_tag","embeddable":true,"href":"https:\/\/eljardinderosas.cl\/inicio\/wp-json\/wp\/v2\/product_tag?post=11240"}],"curies":[{"name":"wp","href":"https:\/\/api.w.org\/{rel}","templated":true}]}}