{"id":11635,"date":"2021-04-20T21:27:18","date_gmt":"2021-04-21T01:27:18","guid":{"rendered":"https:\/\/eljardinderosas.cl\/inicio\/?post_type=product&#038;p=11635"},"modified":"2026-03-18T18:37:05","modified_gmt":"2026-03-18T21:37:05","slug":"precioso-ramo-10-rosas-rojas-y-6-varas-de-girasoles","status":"publish","type":"product","link":"https:\/\/eljardinderosas.cl\/inicio\/tienda\/aniversarios\/precioso-ramo-10-rosas-rojas-y-6-varas-de-girasoles\/","title":{"rendered":"Precioso ramo 10 rosas rojas y 6 varas de girasoles"},"content":{"rendered":"<p>Ramo \u00abSol y Pasi\u00f3n \u00ab\u00a1Un estallido de amor y alegr\u00eda en cada p\u00e9talo! Este hermoso ramo combina 1o rosas rojas intensas, s\u00edmbolo eterno del romance y la pasi\u00f3n, con 6 varas de girasoles radiantes, que iluminan cualquier espacio con su energ\u00eda soleada y positiva. Perfecto para conquistar corazones en San Valent\u00edn, aniversarios o simplemente para decir \u00abte quiero\u00bb con estilo. incluye linda tarjeta de saludos <\/p>\n","protected":false},"excerpt":{"rendered":"<p>\u00ab\u00a1Flores en oferta para 14 febrero! Rosas, arreglos y regalos con descuento en El Jard\u00edn de Rosas. Entrega en Santiago<\/p>\n","protected":false},"featured_media":19842,"template":"","meta":[],"product_cat":[96,144,93,202,245],"product_tag":[295,203],"yoast_head":"<!-- This site is optimized with the Yoast SEO Premium plugin v17.1.2 (Yoast SEO v17.3) - https:\/\/yoast.com\/wordpress\/plugins\/seo\/ -->\n<title>Precioso ramo 10 rosas rojas y 6 varas de girasoles - El Jardin de Rosas<\/title>\n<meta name=\"description\" content=\"Ramo de 12 rosas rojas 10 girasoles para San Valent\u00edn! Declara tu amor eterno este 14 de febrero. \u00a1Compra ya y conquista su coraz\u00f3n.\" \/>\n<meta name=\"robots\" content=\"index, follow, max-snippet:-1, max-image-preview:large, max-video-preview:-1\" \/>\n<link rel=\"canonical\" href=\"https:\/\/eljardinderosas.cl\/inicio\/tienda\/aniversarios\/precioso-ramo-10-rosas-rojas-y-6-varas-de-girasoles\/\" \/>\n<meta property=\"og:locale\" content=\"es_ES\" \/>\n<meta property=\"og:type\" content=\"article\" \/>\n<meta property=\"og:title\" content=\"Precioso ramo 10 rosas rojas y 6 varas de girasoles\" \/>\n<meta property=\"og:description\" content=\"Ramo de 12 rosas rojas 10 girasoles para San Valent\u00edn! Declara tu amor eterno este 14 de febrero. \u00a1Compra ya y conquista su coraz\u00f3n.\" \/>\n<meta property=\"og:url\" content=\"https:\/\/eljardinderosas.cl\/inicio\/tienda\/aniversarios\/precioso-ramo-10-rosas-rojas-y-6-varas-de-girasoles\/\" \/>\n<meta property=\"og:site_name\" content=\"El Jardin de Rosas\" \/>\n<meta property=\"article:modified_time\" content=\"2026-03-18T21:37:05+00:00\" \/>\n<meta property=\"og:image\" content=\"https:\/\/eljardinderosas.cl\/inicio\/wp-content\/uploads\/2021\/04\/RAMO-CON-12-ROSAS-Y-6-VARAS-DE-GIRASOLES.jpg\" \/>\n\t<meta property=\"og:image:width\" content=\"1024\" \/>\n\t<meta property=\"og:image:height\" content=\"1536\" \/>\n<meta name=\"twitter:card\" content=\"summary_large_image\" \/>\n<meta name=\"twitter:label1\" content=\"Tiempo de lectura\" \/>\n\t<meta name=\"twitter:data1\" content=\"1 minuto\" \/>\n<script type=\"application\/ld+json\" class=\"yoast-schema-graph\">{\"@context\":\"https:\/\/schema.org\",\"@graph\":[{\"@type\":\"Organization\",\"@id\":\"https:\/\/eljardinderosas.cl\/inicio\/#organization\",\"name\":\"El jardin de las rosas\",\"url\":\"https:\/\/eljardinderosas.cl\/inicio\/\",\"sameAs\":[\"https:\/\/www.instagram.com\/floreria_eljardinderosas\/\"],\"logo\":{\"@type\":\"ImageObject\",\"@id\":\"https:\/\/eljardinderosas.cl\/inicio\/#logo\",\"inLanguage\":\"es\",\"url\":\"https:\/\/eljardinderosas.cl\/inicio\/wp-content\/uploads\/2020\/10\/eljardinderosas-mail.png\",\"contentUrl\":\"https:\/\/eljardinderosas.cl\/inicio\/wp-content\/uploads\/2020\/10\/eljardinderosas-mail.png\",\"width\":317,\"height\":97,\"caption\":\"El jardin de las rosas\"},\"image\":{\"@id\":\"https:\/\/eljardinderosas.cl\/inicio\/#logo\"}},{\"@type\":\"WebSite\",\"@id\":\"https:\/\/eljardinderosas.cl\/inicio\/#website\",\"url\":\"https:\/\/eljardinderosas.cl\/inicio\/\",\"name\":\"Floreria El jardin de las Rosas\",\"description\":\"Flores en Santiago\",\"publisher\":{\"@id\":\"https:\/\/eljardinderosas.cl\/inicio\/#organization\"},\"potentialAction\":[{\"@type\":\"SearchAction\",\"target\":{\"@type\":\"EntryPoint\",\"urlTemplate\":\"https:\/\/eljardinderosas.cl\/inicio\/?s={search_term_string}\"},\"query-input\":\"required name=search_term_string\"}],\"inLanguage\":\"es\"},{\"@type\":\"ImageObject\",\"@id\":\"https:\/\/eljardinderosas.cl\/inicio\/tienda\/aniversarios\/precioso-ramo-10-rosas-rojas-y-6-varas-de-girasoles\/#primaryimage\",\"inLanguage\":\"es\",\"url\":\"https:\/\/eljardinderosas.cl\/inicio\/wp-content\/uploads\/2021\/04\/RAMO-CON-12-ROSAS-Y-6-VARAS-DE-GIRASOLES.jpg\",\"contentUrl\":\"https:\/\/eljardinderosas.cl\/inicio\/wp-content\/uploads\/2021\/04\/RAMO-CON-12-ROSAS-Y-6-VARAS-DE-GIRASOLES.jpg\",\"width\":1024,\"height\":1536},{\"@type\":\"WebPage\",\"@id\":\"https:\/\/eljardinderosas.cl\/inicio\/tienda\/aniversarios\/precioso-ramo-10-rosas-rojas-y-6-varas-de-girasoles\/#webpage\",\"url\":\"https:\/\/eljardinderosas.cl\/inicio\/tienda\/aniversarios\/precioso-ramo-10-rosas-rojas-y-6-varas-de-girasoles\/\",\"name\":\"Precioso ramo 10 rosas rojas y 6 varas de girasoles - El Jardin de Rosas\",\"isPartOf\":{\"@id\":\"https:\/\/eljardinderosas.cl\/inicio\/#website\"},\"primaryImageOfPage\":{\"@id\":\"https:\/\/eljardinderosas.cl\/inicio\/tienda\/aniversarios\/precioso-ramo-10-rosas-rojas-y-6-varas-de-girasoles\/#primaryimage\"},\"datePublished\":\"2021-04-21T01:27:18+00:00\",\"dateModified\":\"2026-03-18T21:37:05+00:00\",\"description\":\"Ramo de 12 rosas rojas 10 girasoles para San Valent\\u00edn! Declara tu amor eterno este 14 de febrero. \\u00a1Compra ya y conquista su coraz\\u00f3n.\",\"breadcrumb\":{\"@id\":\"https:\/\/eljardinderosas.cl\/inicio\/tienda\/aniversarios\/precioso-ramo-10-rosas-rojas-y-6-varas-de-girasoles\/#breadcrumb\"},\"inLanguage\":\"es\",\"potentialAction\":[{\"@type\":\"ReadAction\",\"target\":[\"https:\/\/eljardinderosas.cl\/inicio\/tienda\/aniversarios\/precioso-ramo-10-rosas-rojas-y-6-varas-de-girasoles\/\"]}]},{\"@type\":\"BreadcrumbList\",\"@id\":\"https:\/\/eljardinderosas.cl\/inicio\/tienda\/aniversarios\/precioso-ramo-10-rosas-rojas-y-6-varas-de-girasoles\/#breadcrumb\",\"itemListElement\":[{\"@type\":\"ListItem\",\"position\":1,\"name\":\"Home\",\"item\":\"https:\/\/eljardinderosas.cl\/inicio\/\"},{\"@type\":\"ListItem\",\"position\":2,\"name\":\"Tienda\",\"item\":\"https:\/\/eljardinderosas.cl\/inicio\/tienda\/\"},{\"@type\":\"ListItem\",\"position\":3,\"name\":\"Precioso ramo 10 rosas rojas y 6 varas de girasoles\"}]}]}<\/script>\n<!-- \/ Yoast SEO Premium plugin. -->","yoast_head_json":{"title":"Precioso ramo 10 rosas rojas y 6 varas de girasoles - El Jardin de Rosas","description":"Ramo de 12 rosas rojas 10 girasoles para San Valent\u00edn! Declara tu amor eterno este 14 de febrero. \u00a1Compra ya y conquista su coraz\u00f3n.","robots":{"index":"index","follow":"follow","max-snippet":"max-snippet:-1","max-image-preview":"max-image-preview:large","max-video-preview":"max-video-preview:-1"},"canonical":"https:\/\/eljardinderosas.cl\/inicio\/tienda\/aniversarios\/precioso-ramo-10-rosas-rojas-y-6-varas-de-girasoles\/","og_locale":"es_ES","og_type":"article","og_title":"Precioso ramo 10 rosas rojas y 6 varas de girasoles","og_description":"Ramo de 12 rosas rojas 10 girasoles para San Valent\u00edn! Declara tu amor eterno este 14 de febrero. \u00a1Compra ya y conquista su coraz\u00f3n.","og_url":"https:\/\/eljardinderosas.cl\/inicio\/tienda\/aniversarios\/precioso-ramo-10-rosas-rojas-y-6-varas-de-girasoles\/","og_site_name":"El Jardin de Rosas","article_modified_time":"2026-03-18T21:37:05+00:00","og_image":[{"width":1024,"height":1536,"url":"https:\/\/eljardinderosas.cl\/inicio\/wp-content\/uploads\/2021\/04\/RAMO-CON-12-ROSAS-Y-6-VARAS-DE-GIRASOLES.jpg","type":"image\/jpeg"}],"twitter_card":"summary_large_image","twitter_misc":{"Tiempo de lectura":"1 minuto"},"schema":{"@context":"https:\/\/schema.org","@graph":[{"@type":"Organization","@id":"https:\/\/eljardinderosas.cl\/inicio\/#organization","name":"El jardin de las rosas","url":"https:\/\/eljardinderosas.cl\/inicio\/","sameAs":["https:\/\/www.instagram.com\/floreria_eljardinderosas\/"],"logo":{"@type":"ImageObject","@id":"https:\/\/eljardinderosas.cl\/inicio\/#logo","inLanguage":"es","url":"https:\/\/eljardinderosas.cl\/inicio\/wp-content\/uploads\/2020\/10\/eljardinderosas-mail.png","contentUrl":"https:\/\/eljardinderosas.cl\/inicio\/wp-content\/uploads\/2020\/10\/eljardinderosas-mail.png","width":317,"height":97,"caption":"El jardin de las rosas"},"image":{"@id":"https:\/\/eljardinderosas.cl\/inicio\/#logo"}},{"@type":"WebSite","@id":"https:\/\/eljardinderosas.cl\/inicio\/#website","url":"https:\/\/eljardinderosas.cl\/inicio\/","name":"Floreria El jardin de las Rosas","description":"Flores en Santiago","publisher":{"@id":"https:\/\/eljardinderosas.cl\/inicio\/#organization"},"potentialAction":[{"@type":"SearchAction","target":{"@type":"EntryPoint","urlTemplate":"https:\/\/eljardinderosas.cl\/inicio\/?s={search_term_string}"},"query-input":"required name=search_term_string"}],"inLanguage":"es"},{"@type":"ImageObject","@id":"https:\/\/eljardinderosas.cl\/inicio\/tienda\/aniversarios\/precioso-ramo-10-rosas-rojas-y-6-varas-de-girasoles\/#primaryimage","inLanguage":"es","url":"https:\/\/eljardinderosas.cl\/inicio\/wp-content\/uploads\/2021\/04\/RAMO-CON-12-ROSAS-Y-6-VARAS-DE-GIRASOLES.jpg","contentUrl":"https:\/\/eljardinderosas.cl\/inicio\/wp-content\/uploads\/2021\/04\/RAMO-CON-12-ROSAS-Y-6-VARAS-DE-GIRASOLES.jpg","width":1024,"height":1536},{"@type":"WebPage","@id":"https:\/\/eljardinderosas.cl\/inicio\/tienda\/aniversarios\/precioso-ramo-10-rosas-rojas-y-6-varas-de-girasoles\/#webpage","url":"https:\/\/eljardinderosas.cl\/inicio\/tienda\/aniversarios\/precioso-ramo-10-rosas-rojas-y-6-varas-de-girasoles\/","name":"Precioso ramo 10 rosas rojas y 6 varas de girasoles - El Jardin de Rosas","isPartOf":{"@id":"https:\/\/eljardinderosas.cl\/inicio\/#website"},"primaryImageOfPage":{"@id":"https:\/\/eljardinderosas.cl\/inicio\/tienda\/aniversarios\/precioso-ramo-10-rosas-rojas-y-6-varas-de-girasoles\/#primaryimage"},"datePublished":"2021-04-21T01:27:18+00:00","dateModified":"2026-03-18T21:37:05+00:00","description":"Ramo de 12 rosas rojas 10 girasoles para San Valent\u00edn! Declara tu amor eterno este 14 de febrero. \u00a1Compra ya y conquista su coraz\u00f3n.","breadcrumb":{"@id":"https:\/\/eljardinderosas.cl\/inicio\/tienda\/aniversarios\/precioso-ramo-10-rosas-rojas-y-6-varas-de-girasoles\/#breadcrumb"},"inLanguage":"es","potentialAction":[{"@type":"ReadAction","target":["https:\/\/eljardinderosas.cl\/inicio\/tienda\/aniversarios\/precioso-ramo-10-rosas-rojas-y-6-varas-de-girasoles\/"]}]},{"@type":"BreadcrumbList","@id":"https:\/\/eljardinderosas.cl\/inicio\/tienda\/aniversarios\/precioso-ramo-10-rosas-rojas-y-6-varas-de-girasoles\/#breadcrumb","itemListElement":[{"@type":"ListItem","position":1,"name":"Home","item":"https:\/\/eljardinderosas.cl\/inicio\/"},{"@type":"ListItem","position":2,"name":"Tienda","item":"https:\/\/eljardinderosas.cl\/inicio\/tienda\/"},{"@type":"ListItem","position":3,"name":"Precioso ramo 10 rosas rojas y 6 varas de girasoles"}]}]}},"_links":{"self":[{"href":"https:\/\/eljardinderosas.cl\/inicio\/wp-json\/wp\/v2\/product\/11635"}],"collection":[{"href":"https:\/\/eljardinderosas.cl\/inicio\/wp-json\/wp\/v2\/product"}],"about":[{"href":"https:\/\/eljardinderosas.cl\/inicio\/wp-json\/wp\/v2\/types\/product"}],"wp:featuredmedia":[{"embeddable":true,"href":"https:\/\/eljardinderosas.cl\/inicio\/wp-json\/wp\/v2\/media\/19842"}],"wp:attachment":[{"href":"https:\/\/eljardinderosas.cl\/inicio\/wp-json\/wp\/v2\/media?parent=11635"}],"wp:term":[{"taxonomy":"product_cat","embeddable":true,"href":"https:\/\/eljardinderosas.cl\/inicio\/wp-json\/wp\/v2\/product_cat?post=11635"},{"taxonomy":"product_tag","embeddable":true,"href":"https:\/\/eljardinderosas.cl\/inicio\/wp-json\/wp\/v2\/product_tag?post=11635"}],"curies":[{"name":"wp","href":"https:\/\/api.w.org\/{rel}","templated":true}]}}