{"id":11661,"date":"2021-04-21T21:18:15","date_gmt":"2021-04-22T01:18:15","guid":{"rendered":"https:\/\/eljardinderosas.cl\/inicio\/?post_type=product&#038;p=11661"},"modified":"2026-01-18T21:15:25","modified_gmt":"2026-01-19T00:15:25","slug":"florero-con-50-tulipanes-surtidos-importados","status":"publish","type":"product","link":"https:\/\/eljardinderosas.cl\/inicio\/tienda\/arreglos-florales\/arreglos-con-tulipanes\/florero-con-50-tulipanes-surtidos-importados\/","title":{"rendered":"Florero con 50 tulipanes surtidos importados"},"content":{"rendered":"<p>Celebra a mam\u00e1 con este hermoso\u00a0 y Sum\u00e9rgete en un mundo de elegancia y deleite con este impresionante arreglo floral en un magn\u00edfico florero\u00a0 con 50 bellos tulipanes surtidos, este arreglo evoca amor , dulzura y cari\u00f1o hacia tu mam\u00e1 , sorpr\u00e9ndela este 10 y 12 mayo con este\u00a0 detalle tan maravilloso\u00a0 que siempre quedar\u00e1 grabado en su memoria, record\u00e1ndole el amor y aprecio que le tienes. No esperes m\u00e1s, regala un pedacito de felicidad. Piensa en la sonrisa en el rostro de tu mam\u00e1 al recibir este incre\u00edble arreglo de rosas rosadas\u00a0 \u00a1No esperes m\u00e1s y haz tu pedido ahora mismo!\u00a0 Te garantizamos que este dejar\u00e1 huella en el corazon de tu madre.<\/li>\n<\/ul>\n","protected":false},"excerpt":{"rendered":"<p>Celebra a mam\u00e1 con este hermoso\u00a0 y Sum\u00e9rgete en un mundo de elegancia y deleite con este impresionante arreglo floral en un magn\u00edfico florero\u00a0 con 50 bellos tulipanes surtidos, este arreglo evoca amor , dulzura y cari\u00f1o hacia tu mam\u00e1 , sorpr\u00e9ndela este 10 y 12 mayo con este\u00a0 detalle tan maravilloso\u00a0 que siempre quedar\u00e1 [&#8230;]\n","protected":false},"featured_media":15691,"template":"","meta":[],"product_cat":[96,72,93,80],"product_tag":[],"yoast_head":"<!-- This site is optimized with the Yoast SEO Premium plugin v17.1.2 (Yoast SEO v17.3) - https:\/\/yoast.com\/wordpress\/plugins\/seo\/ -->\n<title>Florero con 50 tulipanes surtidos importados - El Jardin de Rosas<\/title>\n<meta name=\"robots\" content=\"index, follow, max-snippet:-1, max-image-preview:large, max-video-preview:-1\" \/>\n<link rel=\"canonical\" href=\"https:\/\/eljardinderosas.cl\/inicio\/tienda\/arreglos-florales\/arreglos-con-tulipanes\/florero-con-50-tulipanes-surtidos-importados\/\" \/>\n<meta property=\"og:locale\" content=\"es_ES\" \/>\n<meta property=\"og:type\" content=\"article\" \/>\n<meta property=\"og:title\" content=\"Florero con 50 tulipanes surtidos importados\" \/>\n<meta property=\"og:description\" content=\"Celebra a mam\u00e1 con este hermoso\u00a0 y Sum\u00e9rgete en un mundo de elegancia y deleite con este impresionante arreglo floral en un magn\u00edfico florero\u00a0 con 50 bellos tulipanes surtidos, este arreglo evoca amor , dulzura y cari\u00f1o hacia tu mam\u00e1 , sorpr\u00e9ndela este 10 y 12 mayo con este\u00a0 detalle tan maravilloso\u00a0 que siempre quedar\u00e1 [...]\" \/>\n<meta property=\"og:url\" content=\"https:\/\/eljardinderosas.cl\/inicio\/tienda\/arreglos-florales\/arreglos-con-tulipanes\/florero-con-50-tulipanes-surtidos-importados\/\" \/>\n<meta property=\"og:site_name\" content=\"El Jardin de Rosas\" \/>\n<meta property=\"article:modified_time\" content=\"2026-01-19T00:15:25+00:00\" \/>\n<meta property=\"og:image\" content=\"https:\/\/eljardinderosas.cl\/inicio\/wp-content\/uploads\/2021\/04\/FLORERO-CON-50-TULIPANES-SURTIDOS.jpg\" \/>\n\t<meta property=\"og:image:width\" content=\"455\" \/>\n\t<meta property=\"og:image:height\" content=\"455\" \/>\n<meta name=\"twitter:card\" content=\"summary_large_image\" \/>\n<meta name=\"twitter:label1\" content=\"Tiempo de lectura\" \/>\n\t<meta name=\"twitter:data1\" content=\"1 minuto\" \/>\n<script type=\"application\/ld+json\" class=\"yoast-schema-graph\">{\"@context\":\"https:\/\/schema.org\",\"@graph\":[{\"@type\":\"Organization\",\"@id\":\"https:\/\/eljardinderosas.cl\/inicio\/#organization\",\"name\":\"El jardin de las rosas\",\"url\":\"https:\/\/eljardinderosas.cl\/inicio\/\",\"sameAs\":[\"https:\/\/www.instagram.com\/floreria_eljardinderosas\/\"],\"logo\":{\"@type\":\"ImageObject\",\"@id\":\"https:\/\/eljardinderosas.cl\/inicio\/#logo\",\"inLanguage\":\"es\",\"url\":\"https:\/\/eljardinderosas.cl\/inicio\/wp-content\/uploads\/2020\/10\/eljardinderosas-mail.png\",\"contentUrl\":\"https:\/\/eljardinderosas.cl\/inicio\/wp-content\/uploads\/2020\/10\/eljardinderosas-mail.png\",\"width\":317,\"height\":97,\"caption\":\"El jardin de las rosas\"},\"image\":{\"@id\":\"https:\/\/eljardinderosas.cl\/inicio\/#logo\"}},{\"@type\":\"WebSite\",\"@id\":\"https:\/\/eljardinderosas.cl\/inicio\/#website\",\"url\":\"https:\/\/eljardinderosas.cl\/inicio\/\",\"name\":\"Floreria El jardin de las Rosas\",\"description\":\"Flores en Santiago\",\"publisher\":{\"@id\":\"https:\/\/eljardinderosas.cl\/inicio\/#organization\"},\"potentialAction\":[{\"@type\":\"SearchAction\",\"target\":{\"@type\":\"EntryPoint\",\"urlTemplate\":\"https:\/\/eljardinderosas.cl\/inicio\/?s={search_term_string}\"},\"query-input\":\"required name=search_term_string\"}],\"inLanguage\":\"es\"},{\"@type\":\"ImageObject\",\"@id\":\"https:\/\/eljardinderosas.cl\/inicio\/tienda\/arreglos-florales\/arreglos-con-tulipanes\/florero-con-50-tulipanes-surtidos-importados\/#primaryimage\",\"inLanguage\":\"es\",\"url\":\"https:\/\/eljardinderosas.cl\/inicio\/wp-content\/uploads\/2021\/04\/FLORERO-CON-50-TULIPANES-SURTIDOS.jpg\",\"contentUrl\":\"https:\/\/eljardinderosas.cl\/inicio\/wp-content\/uploads\/2021\/04\/FLORERO-CON-50-TULIPANES-SURTIDOS.jpg\",\"width\":455,\"height\":455},{\"@type\":\"WebPage\",\"@id\":\"https:\/\/eljardinderosas.cl\/inicio\/tienda\/arreglos-florales\/arreglos-con-tulipanes\/florero-con-50-tulipanes-surtidos-importados\/#webpage\",\"url\":\"https:\/\/eljardinderosas.cl\/inicio\/tienda\/arreglos-florales\/arreglos-con-tulipanes\/florero-con-50-tulipanes-surtidos-importados\/\",\"name\":\"Florero con 50 tulipanes surtidos importados - El Jardin de Rosas\",\"isPartOf\":{\"@id\":\"https:\/\/eljardinderosas.cl\/inicio\/#website\"},\"primaryImageOfPage\":{\"@id\":\"https:\/\/eljardinderosas.cl\/inicio\/tienda\/arreglos-florales\/arreglos-con-tulipanes\/florero-con-50-tulipanes-surtidos-importados\/#primaryimage\"},\"datePublished\":\"2021-04-22T01:18:15+00:00\",\"dateModified\":\"2026-01-19T00:15:25+00:00\",\"breadcrumb\":{\"@id\":\"https:\/\/eljardinderosas.cl\/inicio\/tienda\/arreglos-florales\/arreglos-con-tulipanes\/florero-con-50-tulipanes-surtidos-importados\/#breadcrumb\"},\"inLanguage\":\"es\",\"potentialAction\":[{\"@type\":\"ReadAction\",\"target\":[\"https:\/\/eljardinderosas.cl\/inicio\/tienda\/arreglos-florales\/arreglos-con-tulipanes\/florero-con-50-tulipanes-surtidos-importados\/\"]}]},{\"@type\":\"BreadcrumbList\",\"@id\":\"https:\/\/eljardinderosas.cl\/inicio\/tienda\/arreglos-florales\/arreglos-con-tulipanes\/florero-con-50-tulipanes-surtidos-importados\/#breadcrumb\",\"itemListElement\":[{\"@type\":\"ListItem\",\"position\":1,\"name\":\"Home\",\"item\":\"https:\/\/eljardinderosas.cl\/inicio\/\"},{\"@type\":\"ListItem\",\"position\":2,\"name\":\"Tienda\",\"item\":\"https:\/\/eljardinderosas.cl\/inicio\/tienda\/\"},{\"@type\":\"ListItem\",\"position\":3,\"name\":\"Florero con 50 tulipanes surtidos importados\"}]}]}<\/script>\n<!-- \/ Yoast SEO Premium plugin. -->","yoast_head_json":{"title":"Florero con 50 tulipanes surtidos importados - El Jardin de Rosas","robots":{"index":"index","follow":"follow","max-snippet":"max-snippet:-1","max-image-preview":"max-image-preview:large","max-video-preview":"max-video-preview:-1"},"canonical":"https:\/\/eljardinderosas.cl\/inicio\/tienda\/arreglos-florales\/arreglos-con-tulipanes\/florero-con-50-tulipanes-surtidos-importados\/","og_locale":"es_ES","og_type":"article","og_title":"Florero con 50 tulipanes surtidos importados","og_description":"Celebra a mam\u00e1 con este hermoso\u00a0 y Sum\u00e9rgete en un mundo de elegancia y deleite con este impresionante arreglo floral en un magn\u00edfico florero\u00a0 con 50 bellos tulipanes surtidos, este arreglo evoca amor , dulzura y cari\u00f1o hacia tu mam\u00e1 , sorpr\u00e9ndela este 10 y 12 mayo con este\u00a0 detalle tan maravilloso\u00a0 que siempre quedar\u00e1 [...]","og_url":"https:\/\/eljardinderosas.cl\/inicio\/tienda\/arreglos-florales\/arreglos-con-tulipanes\/florero-con-50-tulipanes-surtidos-importados\/","og_site_name":"El Jardin de Rosas","article_modified_time":"2026-01-19T00:15:25+00:00","og_image":[{"width":455,"height":455,"url":"https:\/\/eljardinderosas.cl\/inicio\/wp-content\/uploads\/2021\/04\/FLORERO-CON-50-TULIPANES-SURTIDOS.jpg","type":"image\/jpeg"}],"twitter_card":"summary_large_image","twitter_misc":{"Tiempo de lectura":"1 minuto"},"schema":{"@context":"https:\/\/schema.org","@graph":[{"@type":"Organization","@id":"https:\/\/eljardinderosas.cl\/inicio\/#organization","name":"El jardin de las rosas","url":"https:\/\/eljardinderosas.cl\/inicio\/","sameAs":["https:\/\/www.instagram.com\/floreria_eljardinderosas\/"],"logo":{"@type":"ImageObject","@id":"https:\/\/eljardinderosas.cl\/inicio\/#logo","inLanguage":"es","url":"https:\/\/eljardinderosas.cl\/inicio\/wp-content\/uploads\/2020\/10\/eljardinderosas-mail.png","contentUrl":"https:\/\/eljardinderosas.cl\/inicio\/wp-content\/uploads\/2020\/10\/eljardinderosas-mail.png","width":317,"height":97,"caption":"El jardin de las rosas"},"image":{"@id":"https:\/\/eljardinderosas.cl\/inicio\/#logo"}},{"@type":"WebSite","@id":"https:\/\/eljardinderosas.cl\/inicio\/#website","url":"https:\/\/eljardinderosas.cl\/inicio\/","name":"Floreria El jardin de las Rosas","description":"Flores en Santiago","publisher":{"@id":"https:\/\/eljardinderosas.cl\/inicio\/#organization"},"potentialAction":[{"@type":"SearchAction","target":{"@type":"EntryPoint","urlTemplate":"https:\/\/eljardinderosas.cl\/inicio\/?s={search_term_string}"},"query-input":"required name=search_term_string"}],"inLanguage":"es"},{"@type":"ImageObject","@id":"https:\/\/eljardinderosas.cl\/inicio\/tienda\/arreglos-florales\/arreglos-con-tulipanes\/florero-con-50-tulipanes-surtidos-importados\/#primaryimage","inLanguage":"es","url":"https:\/\/eljardinderosas.cl\/inicio\/wp-content\/uploads\/2021\/04\/FLORERO-CON-50-TULIPANES-SURTIDOS.jpg","contentUrl":"https:\/\/eljardinderosas.cl\/inicio\/wp-content\/uploads\/2021\/04\/FLORERO-CON-50-TULIPANES-SURTIDOS.jpg","width":455,"height":455},{"@type":"WebPage","@id":"https:\/\/eljardinderosas.cl\/inicio\/tienda\/arreglos-florales\/arreglos-con-tulipanes\/florero-con-50-tulipanes-surtidos-importados\/#webpage","url":"https:\/\/eljardinderosas.cl\/inicio\/tienda\/arreglos-florales\/arreglos-con-tulipanes\/florero-con-50-tulipanes-surtidos-importados\/","name":"Florero con 50 tulipanes surtidos importados - El Jardin de Rosas","isPartOf":{"@id":"https:\/\/eljardinderosas.cl\/inicio\/#website"},"primaryImageOfPage":{"@id":"https:\/\/eljardinderosas.cl\/inicio\/tienda\/arreglos-florales\/arreglos-con-tulipanes\/florero-con-50-tulipanes-surtidos-importados\/#primaryimage"},"datePublished":"2021-04-22T01:18:15+00:00","dateModified":"2026-01-19T00:15:25+00:00","breadcrumb":{"@id":"https:\/\/eljardinderosas.cl\/inicio\/tienda\/arreglos-florales\/arreglos-con-tulipanes\/florero-con-50-tulipanes-surtidos-importados\/#breadcrumb"},"inLanguage":"es","potentialAction":[{"@type":"ReadAction","target":["https:\/\/eljardinderosas.cl\/inicio\/tienda\/arreglos-florales\/arreglos-con-tulipanes\/florero-con-50-tulipanes-surtidos-importados\/"]}]},{"@type":"BreadcrumbList","@id":"https:\/\/eljardinderosas.cl\/inicio\/tienda\/arreglos-florales\/arreglos-con-tulipanes\/florero-con-50-tulipanes-surtidos-importados\/#breadcrumb","itemListElement":[{"@type":"ListItem","position":1,"name":"Home","item":"https:\/\/eljardinderosas.cl\/inicio\/"},{"@type":"ListItem","position":2,"name":"Tienda","item":"https:\/\/eljardinderosas.cl\/inicio\/tienda\/"},{"@type":"ListItem","position":3,"name":"Florero con 50 tulipanes surtidos importados"}]}]}},"_links":{"self":[{"href":"https:\/\/eljardinderosas.cl\/inicio\/wp-json\/wp\/v2\/product\/11661"}],"collection":[{"href":"https:\/\/eljardinderosas.cl\/inicio\/wp-json\/wp\/v2\/product"}],"about":[{"href":"https:\/\/eljardinderosas.cl\/inicio\/wp-json\/wp\/v2\/types\/product"}],"wp:featuredmedia":[{"embeddable":true,"href":"https:\/\/eljardinderosas.cl\/inicio\/wp-json\/wp\/v2\/media\/15691"}],"wp:attachment":[{"href":"https:\/\/eljardinderosas.cl\/inicio\/wp-json\/wp\/v2\/media?parent=11661"}],"wp:term":[{"taxonomy":"product_cat","embeddable":true,"href":"https:\/\/eljardinderosas.cl\/inicio\/wp-json\/wp\/v2\/product_cat?post=11661"},{"taxonomy":"product_tag","embeddable":true,"href":"https:\/\/eljardinderosas.cl\/inicio\/wp-json\/wp\/v2\/product_tag?post=11661"}],"curies":[{"name":"wp","href":"https:\/\/api.w.org\/{rel}","templated":true}]}}