{"id":12019,"date":"2021-07-12T20:33:14","date_gmt":"2021-07-13T00:33:14","guid":{"rendered":"https:\/\/eljardinderosas.cl\/inicio\/?post_type=product&#038;p=12019"},"modified":"2025-04-27T18:01:27","modified_gmt":"2025-04-27T22:01:27","slug":"caja-redonda-con-25-rosas-rosadas-20-varas-lisianthus-morados","status":"publish","type":"product","link":"https:\/\/eljardinderosas.cl\/inicio\/tienda\/arreglos-florales\/lisianthus\/caja-redonda-con-25-rosas-rosadas-20-varas-lisianthus-morados\/","title":{"rendered":"Caja redonda con 25 rosas rosadas , 20 varas lisianthus morados"},"content":{"rendered":"<ul>\n<li>Celebra a mam\u00e1 con este hermoso Sum\u00e9rgete en un mundo de elegancia y deleite con este impresionante arreglo floral en un magn\u00edfico box. Con 25 rosas\u00a0 rosadas ,\u00a0 20 varas con lisianthus morados y follaje ex\u00f3tico\u00a0 \u00a0, este arreglo evoca amor , dulzura y cari\u00f1o hacia tu mam\u00e1 , sorpr\u00e9ndela este 10 y 12 mayo con este maravilloso box con 25 bellas rosas rosadas Un detalle tan hermoso que siempre quedar\u00e1 grabado en su memoria, record\u00e1ndole el amor y aprecio que le tienes. No esperes m\u00e1s, regala un pedacito de felicidad. Piensa en la sonrisa en el rostro de tu mam\u00e1 al recibir este incre\u00edble arreglo de rosas rosadas\u00a0 \u00a1No esperes m\u00e1s y haz tu pedido ahora mismo!\u00a0 Te garantizamos que este dejar\u00e1 huella en el corazon de tu madre.<\/li>\n<\/ul>\n","protected":false},"excerpt":{"rendered":"<p>Celebra a mam\u00e1 con este hermoso Sum\u00e9rgete en un mundo de elegancia y deleite con este impresionante arreglo floral en un magn\u00edfico box. Con 25 rosas\u00a0 rosadas ,\u00a0 20 varas con lisianthus morados y follaje ex\u00f3tico\u00a0 \u00a0, este arreglo evoca amor , dulzura y cari\u00f1o hacia tu mam\u00e1 , sorpr\u00e9ndela este 10 y 12 mayo [&#8230;]\n","protected":false},"featured_media":16304,"template":"","meta":[],"product_cat":[144,93,71,92,181,244],"product_tag":[],"yoast_head":"<!-- This site is optimized with the Yoast SEO Premium plugin v17.1.2 (Yoast SEO v17.3) - https:\/\/yoast.com\/wordpress\/plugins\/seo\/ -->\n<title>Caja redonda con 25 rosas rosadas , 20 varas lisianthus morados - El Jardin de Rosas<\/title>\n<meta name=\"robots\" content=\"index, follow, max-snippet:-1, max-image-preview:large, max-video-preview:-1\" \/>\n<link rel=\"canonical\" href=\"https:\/\/eljardinderosas.cl\/inicio\/tienda\/arreglos-florales\/lisianthus\/caja-redonda-con-25-rosas-rosadas-20-varas-lisianthus-morados\/\" \/>\n<meta property=\"og:locale\" content=\"es_ES\" \/>\n<meta property=\"og:type\" content=\"article\" \/>\n<meta property=\"og:title\" content=\"Caja redonda con 25 rosas rosadas , 20 varas lisianthus morados\" \/>\n<meta property=\"og:description\" content=\"Celebra a mam\u00e1 con este hermoso Sum\u00e9rgete en un mundo de elegancia y deleite con este impresionante arreglo floral en un magn\u00edfico box. Con 25 rosas\u00a0 rosadas ,\u00a0 20 varas con lisianthus morados y follaje ex\u00f3tico\u00a0 \u00a0, este arreglo evoca amor , dulzura y cari\u00f1o hacia tu mam\u00e1 , sorpr\u00e9ndela este 10 y 12 mayo [...]\" \/>\n<meta property=\"og:url\" content=\"https:\/\/eljardinderosas.cl\/inicio\/tienda\/arreglos-florales\/lisianthus\/caja-redonda-con-25-rosas-rosadas-20-varas-lisianthus-morados\/\" \/>\n<meta property=\"og:site_name\" content=\"El Jardin de Rosas\" \/>\n<meta property=\"article:modified_time\" content=\"2025-04-27T22:01:27+00:00\" \/>\n<meta property=\"og:image\" content=\"https:\/\/eljardinderosas.cl\/inicio\/wp-content\/uploads\/2021\/07\/Sin-titulo.png\" \/>\n\t<meta property=\"og:image:width\" content=\"1000\" \/>\n\t<meta property=\"og:image:height\" content=\"1000\" \/>\n<meta name=\"twitter:card\" content=\"summary_large_image\" \/>\n<meta name=\"twitter:label1\" content=\"Tiempo de lectura\" \/>\n\t<meta name=\"twitter:data1\" content=\"1 minuto\" \/>\n<script type=\"application\/ld+json\" class=\"yoast-schema-graph\">{\"@context\":\"https:\/\/schema.org\",\"@graph\":[{\"@type\":\"Organization\",\"@id\":\"https:\/\/eljardinderosas.cl\/inicio\/#organization\",\"name\":\"El jardin de las rosas\",\"url\":\"https:\/\/eljardinderosas.cl\/inicio\/\",\"sameAs\":[\"https:\/\/www.instagram.com\/floreria_eljardinderosas\/\"],\"logo\":{\"@type\":\"ImageObject\",\"@id\":\"https:\/\/eljardinderosas.cl\/inicio\/#logo\",\"inLanguage\":\"es\",\"url\":\"https:\/\/eljardinderosas.cl\/inicio\/wp-content\/uploads\/2020\/10\/eljardinderosas-mail.png\",\"contentUrl\":\"https:\/\/eljardinderosas.cl\/inicio\/wp-content\/uploads\/2020\/10\/eljardinderosas-mail.png\",\"width\":317,\"height\":97,\"caption\":\"El jardin de las rosas\"},\"image\":{\"@id\":\"https:\/\/eljardinderosas.cl\/inicio\/#logo\"}},{\"@type\":\"WebSite\",\"@id\":\"https:\/\/eljardinderosas.cl\/inicio\/#website\",\"url\":\"https:\/\/eljardinderosas.cl\/inicio\/\",\"name\":\"Floreria El jardin de las Rosas\",\"description\":\"Flores en Santiago\",\"publisher\":{\"@id\":\"https:\/\/eljardinderosas.cl\/inicio\/#organization\"},\"potentialAction\":[{\"@type\":\"SearchAction\",\"target\":{\"@type\":\"EntryPoint\",\"urlTemplate\":\"https:\/\/eljardinderosas.cl\/inicio\/?s={search_term_string}\"},\"query-input\":\"required name=search_term_string\"}],\"inLanguage\":\"es\"},{\"@type\":\"ImageObject\",\"@id\":\"https:\/\/eljardinderosas.cl\/inicio\/tienda\/arreglos-florales\/lisianthus\/caja-redonda-con-25-rosas-rosadas-20-varas-lisianthus-morados\/#primaryimage\",\"inLanguage\":\"es\",\"url\":\"https:\/\/eljardinderosas.cl\/inicio\/wp-content\/uploads\/2021\/07\/Sin-titulo.png\",\"contentUrl\":\"https:\/\/eljardinderosas.cl\/inicio\/wp-content\/uploads\/2021\/07\/Sin-titulo.png\",\"width\":1000,\"height\":1000},{\"@type\":\"WebPage\",\"@id\":\"https:\/\/eljardinderosas.cl\/inicio\/tienda\/arreglos-florales\/lisianthus\/caja-redonda-con-25-rosas-rosadas-20-varas-lisianthus-morados\/#webpage\",\"url\":\"https:\/\/eljardinderosas.cl\/inicio\/tienda\/arreglos-florales\/lisianthus\/caja-redonda-con-25-rosas-rosadas-20-varas-lisianthus-morados\/\",\"name\":\"Caja redonda con 25 rosas rosadas , 20 varas lisianthus morados - El Jardin de Rosas\",\"isPartOf\":{\"@id\":\"https:\/\/eljardinderosas.cl\/inicio\/#website\"},\"primaryImageOfPage\":{\"@id\":\"https:\/\/eljardinderosas.cl\/inicio\/tienda\/arreglos-florales\/lisianthus\/caja-redonda-con-25-rosas-rosadas-20-varas-lisianthus-morados\/#primaryimage\"},\"datePublished\":\"2021-07-13T00:33:14+00:00\",\"dateModified\":\"2025-04-27T22:01:27+00:00\",\"breadcrumb\":{\"@id\":\"https:\/\/eljardinderosas.cl\/inicio\/tienda\/arreglos-florales\/lisianthus\/caja-redonda-con-25-rosas-rosadas-20-varas-lisianthus-morados\/#breadcrumb\"},\"inLanguage\":\"es\",\"potentialAction\":[{\"@type\":\"ReadAction\",\"target\":[\"https:\/\/eljardinderosas.cl\/inicio\/tienda\/arreglos-florales\/lisianthus\/caja-redonda-con-25-rosas-rosadas-20-varas-lisianthus-morados\/\"]}]},{\"@type\":\"BreadcrumbList\",\"@id\":\"https:\/\/eljardinderosas.cl\/inicio\/tienda\/arreglos-florales\/lisianthus\/caja-redonda-con-25-rosas-rosadas-20-varas-lisianthus-morados\/#breadcrumb\",\"itemListElement\":[{\"@type\":\"ListItem\",\"position\":1,\"name\":\"Home\",\"item\":\"https:\/\/eljardinderosas.cl\/inicio\/\"},{\"@type\":\"ListItem\",\"position\":2,\"name\":\"Tienda\",\"item\":\"https:\/\/eljardinderosas.cl\/inicio\/tienda\/\"},{\"@type\":\"ListItem\",\"position\":3,\"name\":\"Caja redonda con 25 rosas rosadas , 20 varas lisianthus morados\"}]}]}<\/script>\n<!-- \/ Yoast SEO Premium plugin. -->","yoast_head_json":{"title":"Caja redonda con 25 rosas rosadas , 20 varas lisianthus morados - El Jardin de Rosas","robots":{"index":"index","follow":"follow","max-snippet":"max-snippet:-1","max-image-preview":"max-image-preview:large","max-video-preview":"max-video-preview:-1"},"canonical":"https:\/\/eljardinderosas.cl\/inicio\/tienda\/arreglos-florales\/lisianthus\/caja-redonda-con-25-rosas-rosadas-20-varas-lisianthus-morados\/","og_locale":"es_ES","og_type":"article","og_title":"Caja redonda con 25 rosas rosadas , 20 varas lisianthus morados","og_description":"Celebra a mam\u00e1 con este hermoso Sum\u00e9rgete en un mundo de elegancia y deleite con este impresionante arreglo floral en un magn\u00edfico box. Con 25 rosas\u00a0 rosadas ,\u00a0 20 varas con lisianthus morados y follaje ex\u00f3tico\u00a0 \u00a0, este arreglo evoca amor , dulzura y cari\u00f1o hacia tu mam\u00e1 , sorpr\u00e9ndela este 10 y 12 mayo [...]","og_url":"https:\/\/eljardinderosas.cl\/inicio\/tienda\/arreglos-florales\/lisianthus\/caja-redonda-con-25-rosas-rosadas-20-varas-lisianthus-morados\/","og_site_name":"El Jardin de Rosas","article_modified_time":"2025-04-27T22:01:27+00:00","og_image":[{"width":1000,"height":1000,"url":"https:\/\/eljardinderosas.cl\/inicio\/wp-content\/uploads\/2021\/07\/Sin-titulo.png","type":"image\/png"}],"twitter_card":"summary_large_image","twitter_misc":{"Tiempo de lectura":"1 minuto"},"schema":{"@context":"https:\/\/schema.org","@graph":[{"@type":"Organization","@id":"https:\/\/eljardinderosas.cl\/inicio\/#organization","name":"El jardin de las rosas","url":"https:\/\/eljardinderosas.cl\/inicio\/","sameAs":["https:\/\/www.instagram.com\/floreria_eljardinderosas\/"],"logo":{"@type":"ImageObject","@id":"https:\/\/eljardinderosas.cl\/inicio\/#logo","inLanguage":"es","url":"https:\/\/eljardinderosas.cl\/inicio\/wp-content\/uploads\/2020\/10\/eljardinderosas-mail.png","contentUrl":"https:\/\/eljardinderosas.cl\/inicio\/wp-content\/uploads\/2020\/10\/eljardinderosas-mail.png","width":317,"height":97,"caption":"El jardin de las rosas"},"image":{"@id":"https:\/\/eljardinderosas.cl\/inicio\/#logo"}},{"@type":"WebSite","@id":"https:\/\/eljardinderosas.cl\/inicio\/#website","url":"https:\/\/eljardinderosas.cl\/inicio\/","name":"Floreria El jardin de las Rosas","description":"Flores en Santiago","publisher":{"@id":"https:\/\/eljardinderosas.cl\/inicio\/#organization"},"potentialAction":[{"@type":"SearchAction","target":{"@type":"EntryPoint","urlTemplate":"https:\/\/eljardinderosas.cl\/inicio\/?s={search_term_string}"},"query-input":"required name=search_term_string"}],"inLanguage":"es"},{"@type":"ImageObject","@id":"https:\/\/eljardinderosas.cl\/inicio\/tienda\/arreglos-florales\/lisianthus\/caja-redonda-con-25-rosas-rosadas-20-varas-lisianthus-morados\/#primaryimage","inLanguage":"es","url":"https:\/\/eljardinderosas.cl\/inicio\/wp-content\/uploads\/2021\/07\/Sin-titulo.png","contentUrl":"https:\/\/eljardinderosas.cl\/inicio\/wp-content\/uploads\/2021\/07\/Sin-titulo.png","width":1000,"height":1000},{"@type":"WebPage","@id":"https:\/\/eljardinderosas.cl\/inicio\/tienda\/arreglos-florales\/lisianthus\/caja-redonda-con-25-rosas-rosadas-20-varas-lisianthus-morados\/#webpage","url":"https:\/\/eljardinderosas.cl\/inicio\/tienda\/arreglos-florales\/lisianthus\/caja-redonda-con-25-rosas-rosadas-20-varas-lisianthus-morados\/","name":"Caja redonda con 25 rosas rosadas , 20 varas lisianthus morados - El Jardin de Rosas","isPartOf":{"@id":"https:\/\/eljardinderosas.cl\/inicio\/#website"},"primaryImageOfPage":{"@id":"https:\/\/eljardinderosas.cl\/inicio\/tienda\/arreglos-florales\/lisianthus\/caja-redonda-con-25-rosas-rosadas-20-varas-lisianthus-morados\/#primaryimage"},"datePublished":"2021-07-13T00:33:14+00:00","dateModified":"2025-04-27T22:01:27+00:00","breadcrumb":{"@id":"https:\/\/eljardinderosas.cl\/inicio\/tienda\/arreglos-florales\/lisianthus\/caja-redonda-con-25-rosas-rosadas-20-varas-lisianthus-morados\/#breadcrumb"},"inLanguage":"es","potentialAction":[{"@type":"ReadAction","target":["https:\/\/eljardinderosas.cl\/inicio\/tienda\/arreglos-florales\/lisianthus\/caja-redonda-con-25-rosas-rosadas-20-varas-lisianthus-morados\/"]}]},{"@type":"BreadcrumbList","@id":"https:\/\/eljardinderosas.cl\/inicio\/tienda\/arreglos-florales\/lisianthus\/caja-redonda-con-25-rosas-rosadas-20-varas-lisianthus-morados\/#breadcrumb","itemListElement":[{"@type":"ListItem","position":1,"name":"Home","item":"https:\/\/eljardinderosas.cl\/inicio\/"},{"@type":"ListItem","position":2,"name":"Tienda","item":"https:\/\/eljardinderosas.cl\/inicio\/tienda\/"},{"@type":"ListItem","position":3,"name":"Caja redonda con 25 rosas rosadas , 20 varas lisianthus morados"}]}]}},"_links":{"self":[{"href":"https:\/\/eljardinderosas.cl\/inicio\/wp-json\/wp\/v2\/product\/12019"}],"collection":[{"href":"https:\/\/eljardinderosas.cl\/inicio\/wp-json\/wp\/v2\/product"}],"about":[{"href":"https:\/\/eljardinderosas.cl\/inicio\/wp-json\/wp\/v2\/types\/product"}],"wp:featuredmedia":[{"embeddable":true,"href":"https:\/\/eljardinderosas.cl\/inicio\/wp-json\/wp\/v2\/media\/16304"}],"wp:attachment":[{"href":"https:\/\/eljardinderosas.cl\/inicio\/wp-json\/wp\/v2\/media?parent=12019"}],"wp:term":[{"taxonomy":"product_cat","embeddable":true,"href":"https:\/\/eljardinderosas.cl\/inicio\/wp-json\/wp\/v2\/product_cat?post=12019"},{"taxonomy":"product_tag","embeddable":true,"href":"https:\/\/eljardinderosas.cl\/inicio\/wp-json\/wp\/v2\/product_tag?post=12019"}],"curies":[{"name":"wp","href":"https:\/\/api.w.org\/{rel}","templated":true}]}}