{"id":12245,"date":"2021-09-21T21:48:09","date_gmt":"2021-09-22T00:48:09","guid":{"rendered":"https:\/\/eljardinderosas.cl\/inicio\/?post_type=product&#038;p=12245"},"modified":"2026-04-07T10:59:51","modified_gmt":"2026-04-07T14:59:51","slug":"florero-con-25-rosas-rosadas-rojas-y-10-varas-de-calas-blancas","status":"publish","type":"product","link":"https:\/\/eljardinderosas.cl\/inicio\/tienda\/calas-blancas-importadas\/florero-con-25-rosas-rosadas-rojas-y-10-varas-de-calas-blancas\/","title":{"rendered":"Florero con 25 rosas rosadas rojas y 10 varas de calas blancas"},"content":{"rendered":"<ul>\n<li>Emb\u00e1rcate en un viaje m\u00e1gico a trav\u00e9s de nuestros cautivadores arreglos florales, cuidadosamente colocados en exquisitos floreros de vidrio. Esta es la soluci\u00f3n perfecta para aquellos que buscan un regalo listo para impresionar desde el primer instante. Perm\u00edtenos a\u00f1adir un toque de belleza y comodidad a tus obsequios, con nuestras creaciones que te transportar\u00e1n a un mundo de elegancia y encanto. Compuesto por 25 bellas rosas rosadas y rojas acompa\u00f1adas por 10\u00a0 hermosas calas blancas la combinaci\u00f3n perfecta para sorprender en ocasiones especiales. Calas blancas se consideran las flores de la pureza y representan la belleza. Algunos tambi\u00e9n dicen que dan suerte donde puedas regalar en cumplea\u00f1os , aniversarios No dejes pasar esta oportunidad de regalar estas flores tan bellas la persona que reciba unas de ellas quedara encantada y agradecida por su energ\u00eda que irradian hace que sean muy hermosas para regalar en ocasiones especial<\/li>\n<\/ul>\n","protected":false},"excerpt":{"rendered":"<p>Emb\u00e1rcate en un viaje m\u00e1gico a trav\u00e9s de nuestros cautivadores arreglos florales, cuidadosamente colocados en exquisitos floreros de vidrio. Esta es la soluci\u00f3n perfecta para aquellos que buscan un regalo listo para impresionar desde el primer instante. Perm\u00edtenos a\u00f1adir un toque de belleza y comodidad a tus obsequios, con nuestras creaciones que te transportar\u00e1n a [&#8230;]\n","protected":false},"featured_media":17482,"template":"","meta":[],"product_cat":[242],"product_tag":[],"yoast_head":"<!-- This site is optimized with the Yoast SEO Premium plugin v17.1.2 (Yoast SEO v17.3) - https:\/\/yoast.com\/wordpress\/plugins\/seo\/ -->\n<title>Florero con 25 rosas rosadas rojas y 10 varas de calas blancas - El Jardin de Rosas<\/title>\n<meta name=\"robots\" content=\"index, follow, max-snippet:-1, max-image-preview:large, max-video-preview:-1\" \/>\n<link rel=\"canonical\" href=\"https:\/\/eljardinderosas.cl\/inicio\/tienda\/calas-blancas-importadas\/florero-con-25-rosas-rosadas-rojas-y-10-varas-de-calas-blancas\/\" \/>\n<meta property=\"og:locale\" content=\"es_ES\" \/>\n<meta property=\"og:type\" content=\"article\" \/>\n<meta property=\"og:title\" content=\"Florero con 25 rosas rosadas rojas y 10 varas de calas blancas\" \/>\n<meta property=\"og:description\" content=\"Emb\u00e1rcate en un viaje m\u00e1gico a trav\u00e9s de nuestros cautivadores arreglos florales, cuidadosamente colocados en exquisitos floreros de vidrio. Esta es la soluci\u00f3n perfecta para aquellos que buscan un regalo listo para impresionar desde el primer instante. Perm\u00edtenos a\u00f1adir un toque de belleza y comodidad a tus obsequios, con nuestras creaciones que te transportar\u00e1n a [...]\" \/>\n<meta property=\"og:url\" content=\"https:\/\/eljardinderosas.cl\/inicio\/tienda\/calas-blancas-importadas\/florero-con-25-rosas-rosadas-rojas-y-10-varas-de-calas-blancas\/\" \/>\n<meta property=\"og:site_name\" content=\"El Jardin de Rosas\" \/>\n<meta property=\"article:modified_time\" content=\"2026-04-07T14:59:51+00:00\" \/>\n<meta property=\"og:image\" content=\"https:\/\/eljardinderosas.cl\/inicio\/wp-content\/uploads\/2021\/09\/florero-con-25-rosas-rosadas-rosas-y-calas-blancas--730x800.png\" \/>\n\t<meta property=\"og:image:width\" content=\"730\" \/>\n\t<meta property=\"og:image:height\" content=\"800\" \/>\n<meta name=\"twitter:card\" content=\"summary_large_image\" \/>\n<meta name=\"twitter:label1\" content=\"Tiempo de lectura\" \/>\n\t<meta name=\"twitter:data1\" content=\"1 minuto\" \/>\n<script type=\"application\/ld+json\" class=\"yoast-schema-graph\">{\"@context\":\"https:\/\/schema.org\",\"@graph\":[{\"@type\":\"Organization\",\"@id\":\"https:\/\/eljardinderosas.cl\/inicio\/#organization\",\"name\":\"El jardin de las rosas\",\"url\":\"https:\/\/eljardinderosas.cl\/inicio\/\",\"sameAs\":[\"https:\/\/www.instagram.com\/floreria_eljardinderosas\/\"],\"logo\":{\"@type\":\"ImageObject\",\"@id\":\"https:\/\/eljardinderosas.cl\/inicio\/#logo\",\"inLanguage\":\"es\",\"url\":\"https:\/\/eljardinderosas.cl\/inicio\/wp-content\/uploads\/2020\/10\/eljardinderosas-mail.png\",\"contentUrl\":\"https:\/\/eljardinderosas.cl\/inicio\/wp-content\/uploads\/2020\/10\/eljardinderosas-mail.png\",\"width\":317,\"height\":97,\"caption\":\"El jardin de las rosas\"},\"image\":{\"@id\":\"https:\/\/eljardinderosas.cl\/inicio\/#logo\"}},{\"@type\":\"WebSite\",\"@id\":\"https:\/\/eljardinderosas.cl\/inicio\/#website\",\"url\":\"https:\/\/eljardinderosas.cl\/inicio\/\",\"name\":\"Floreria El jardin de las Rosas\",\"description\":\"Flores en Santiago\",\"publisher\":{\"@id\":\"https:\/\/eljardinderosas.cl\/inicio\/#organization\"},\"potentialAction\":[{\"@type\":\"SearchAction\",\"target\":{\"@type\":\"EntryPoint\",\"urlTemplate\":\"https:\/\/eljardinderosas.cl\/inicio\/?s={search_term_string}\"},\"query-input\":\"required name=search_term_string\"}],\"inLanguage\":\"es\"},{\"@type\":\"ImageObject\",\"@id\":\"https:\/\/eljardinderosas.cl\/inicio\/tienda\/calas-blancas-importadas\/florero-con-25-rosas-rosadas-rojas-y-10-varas-de-calas-blancas\/#primaryimage\",\"inLanguage\":\"es\",\"url\":\"https:\/\/eljardinderosas.cl\/inicio\/wp-content\/uploads\/2021\/09\/florero-con-25-rosas-rosadas-rosas-y-calas-blancas-.png\",\"contentUrl\":\"https:\/\/eljardinderosas.cl\/inicio\/wp-content\/uploads\/2021\/09\/florero-con-25-rosas-rosadas-rosas-y-calas-blancas-.png\",\"width\":1380,\"height\":1512},{\"@type\":\"WebPage\",\"@id\":\"https:\/\/eljardinderosas.cl\/inicio\/tienda\/calas-blancas-importadas\/florero-con-25-rosas-rosadas-rojas-y-10-varas-de-calas-blancas\/#webpage\",\"url\":\"https:\/\/eljardinderosas.cl\/inicio\/tienda\/calas-blancas-importadas\/florero-con-25-rosas-rosadas-rojas-y-10-varas-de-calas-blancas\/\",\"name\":\"Florero con 25 rosas rosadas rojas y 10 varas de calas blancas - El Jardin de Rosas\",\"isPartOf\":{\"@id\":\"https:\/\/eljardinderosas.cl\/inicio\/#website\"},\"primaryImageOfPage\":{\"@id\":\"https:\/\/eljardinderosas.cl\/inicio\/tienda\/calas-blancas-importadas\/florero-con-25-rosas-rosadas-rojas-y-10-varas-de-calas-blancas\/#primaryimage\"},\"datePublished\":\"2021-09-22T00:48:09+00:00\",\"dateModified\":\"2026-04-07T14:59:51+00:00\",\"breadcrumb\":{\"@id\":\"https:\/\/eljardinderosas.cl\/inicio\/tienda\/calas-blancas-importadas\/florero-con-25-rosas-rosadas-rojas-y-10-varas-de-calas-blancas\/#breadcrumb\"},\"inLanguage\":\"es\",\"potentialAction\":[{\"@type\":\"ReadAction\",\"target\":[\"https:\/\/eljardinderosas.cl\/inicio\/tienda\/calas-blancas-importadas\/florero-con-25-rosas-rosadas-rojas-y-10-varas-de-calas-blancas\/\"]}]},{\"@type\":\"BreadcrumbList\",\"@id\":\"https:\/\/eljardinderosas.cl\/inicio\/tienda\/calas-blancas-importadas\/florero-con-25-rosas-rosadas-rojas-y-10-varas-de-calas-blancas\/#breadcrumb\",\"itemListElement\":[{\"@type\":\"ListItem\",\"position\":1,\"name\":\"Home\",\"item\":\"https:\/\/eljardinderosas.cl\/inicio\/\"},{\"@type\":\"ListItem\",\"position\":2,\"name\":\"Tienda\",\"item\":\"https:\/\/eljardinderosas.cl\/inicio\/tienda\/\"},{\"@type\":\"ListItem\",\"position\":3,\"name\":\"Florero con 25 rosas rosadas rojas y 10 varas de calas blancas\"}]}]}<\/script>\n<!-- \/ Yoast SEO Premium plugin. -->","yoast_head_json":{"title":"Florero con 25 rosas rosadas rojas y 10 varas de calas blancas - El Jardin de Rosas","robots":{"index":"index","follow":"follow","max-snippet":"max-snippet:-1","max-image-preview":"max-image-preview:large","max-video-preview":"max-video-preview:-1"},"canonical":"https:\/\/eljardinderosas.cl\/inicio\/tienda\/calas-blancas-importadas\/florero-con-25-rosas-rosadas-rojas-y-10-varas-de-calas-blancas\/","og_locale":"es_ES","og_type":"article","og_title":"Florero con 25 rosas rosadas rojas y 10 varas de calas blancas","og_description":"Emb\u00e1rcate en un viaje m\u00e1gico a trav\u00e9s de nuestros cautivadores arreglos florales, cuidadosamente colocados en exquisitos floreros de vidrio. Esta es la soluci\u00f3n perfecta para aquellos que buscan un regalo listo para impresionar desde el primer instante. Perm\u00edtenos a\u00f1adir un toque de belleza y comodidad a tus obsequios, con nuestras creaciones que te transportar\u00e1n a [...]","og_url":"https:\/\/eljardinderosas.cl\/inicio\/tienda\/calas-blancas-importadas\/florero-con-25-rosas-rosadas-rojas-y-10-varas-de-calas-blancas\/","og_site_name":"El Jardin de Rosas","article_modified_time":"2026-04-07T14:59:51+00:00","og_image":[{"width":730,"height":800,"url":"https:\/\/eljardinderosas.cl\/inicio\/wp-content\/uploads\/2021\/09\/florero-con-25-rosas-rosadas-rosas-y-calas-blancas--730x800.png","type":"image\/png"}],"twitter_card":"summary_large_image","twitter_misc":{"Tiempo de lectura":"1 minuto"},"schema":{"@context":"https:\/\/schema.org","@graph":[{"@type":"Organization","@id":"https:\/\/eljardinderosas.cl\/inicio\/#organization","name":"El jardin de las rosas","url":"https:\/\/eljardinderosas.cl\/inicio\/","sameAs":["https:\/\/www.instagram.com\/floreria_eljardinderosas\/"],"logo":{"@type":"ImageObject","@id":"https:\/\/eljardinderosas.cl\/inicio\/#logo","inLanguage":"es","url":"https:\/\/eljardinderosas.cl\/inicio\/wp-content\/uploads\/2020\/10\/eljardinderosas-mail.png","contentUrl":"https:\/\/eljardinderosas.cl\/inicio\/wp-content\/uploads\/2020\/10\/eljardinderosas-mail.png","width":317,"height":97,"caption":"El jardin de las rosas"},"image":{"@id":"https:\/\/eljardinderosas.cl\/inicio\/#logo"}},{"@type":"WebSite","@id":"https:\/\/eljardinderosas.cl\/inicio\/#website","url":"https:\/\/eljardinderosas.cl\/inicio\/","name":"Floreria El jardin de las Rosas","description":"Flores en Santiago","publisher":{"@id":"https:\/\/eljardinderosas.cl\/inicio\/#organization"},"potentialAction":[{"@type":"SearchAction","target":{"@type":"EntryPoint","urlTemplate":"https:\/\/eljardinderosas.cl\/inicio\/?s={search_term_string}"},"query-input":"required name=search_term_string"}],"inLanguage":"es"},{"@type":"ImageObject","@id":"https:\/\/eljardinderosas.cl\/inicio\/tienda\/calas-blancas-importadas\/florero-con-25-rosas-rosadas-rojas-y-10-varas-de-calas-blancas\/#primaryimage","inLanguage":"es","url":"https:\/\/eljardinderosas.cl\/inicio\/wp-content\/uploads\/2021\/09\/florero-con-25-rosas-rosadas-rosas-y-calas-blancas-.png","contentUrl":"https:\/\/eljardinderosas.cl\/inicio\/wp-content\/uploads\/2021\/09\/florero-con-25-rosas-rosadas-rosas-y-calas-blancas-.png","width":1380,"height":1512},{"@type":"WebPage","@id":"https:\/\/eljardinderosas.cl\/inicio\/tienda\/calas-blancas-importadas\/florero-con-25-rosas-rosadas-rojas-y-10-varas-de-calas-blancas\/#webpage","url":"https:\/\/eljardinderosas.cl\/inicio\/tienda\/calas-blancas-importadas\/florero-con-25-rosas-rosadas-rojas-y-10-varas-de-calas-blancas\/","name":"Florero con 25 rosas rosadas rojas y 10 varas de calas blancas - El Jardin de Rosas","isPartOf":{"@id":"https:\/\/eljardinderosas.cl\/inicio\/#website"},"primaryImageOfPage":{"@id":"https:\/\/eljardinderosas.cl\/inicio\/tienda\/calas-blancas-importadas\/florero-con-25-rosas-rosadas-rojas-y-10-varas-de-calas-blancas\/#primaryimage"},"datePublished":"2021-09-22T00:48:09+00:00","dateModified":"2026-04-07T14:59:51+00:00","breadcrumb":{"@id":"https:\/\/eljardinderosas.cl\/inicio\/tienda\/calas-blancas-importadas\/florero-con-25-rosas-rosadas-rojas-y-10-varas-de-calas-blancas\/#breadcrumb"},"inLanguage":"es","potentialAction":[{"@type":"ReadAction","target":["https:\/\/eljardinderosas.cl\/inicio\/tienda\/calas-blancas-importadas\/florero-con-25-rosas-rosadas-rojas-y-10-varas-de-calas-blancas\/"]}]},{"@type":"BreadcrumbList","@id":"https:\/\/eljardinderosas.cl\/inicio\/tienda\/calas-blancas-importadas\/florero-con-25-rosas-rosadas-rojas-y-10-varas-de-calas-blancas\/#breadcrumb","itemListElement":[{"@type":"ListItem","position":1,"name":"Home","item":"https:\/\/eljardinderosas.cl\/inicio\/"},{"@type":"ListItem","position":2,"name":"Tienda","item":"https:\/\/eljardinderosas.cl\/inicio\/tienda\/"},{"@type":"ListItem","position":3,"name":"Florero con 25 rosas rosadas rojas y 10 varas de calas blancas"}]}]}},"_links":{"self":[{"href":"https:\/\/eljardinderosas.cl\/inicio\/wp-json\/wp\/v2\/product\/12245"}],"collection":[{"href":"https:\/\/eljardinderosas.cl\/inicio\/wp-json\/wp\/v2\/product"}],"about":[{"href":"https:\/\/eljardinderosas.cl\/inicio\/wp-json\/wp\/v2\/types\/product"}],"wp:featuredmedia":[{"embeddable":true,"href":"https:\/\/eljardinderosas.cl\/inicio\/wp-json\/wp\/v2\/media\/17482"}],"wp:attachment":[{"href":"https:\/\/eljardinderosas.cl\/inicio\/wp-json\/wp\/v2\/media?parent=12245"}],"wp:term":[{"taxonomy":"product_cat","embeddable":true,"href":"https:\/\/eljardinderosas.cl\/inicio\/wp-json\/wp\/v2\/product_cat?post=12245"},{"taxonomy":"product_tag","embeddable":true,"href":"https:\/\/eljardinderosas.cl\/inicio\/wp-json\/wp\/v2\/product_tag?post=12245"}],"curies":[{"name":"wp","href":"https:\/\/api.w.org\/{rel}","templated":true}]}}