{"id":12296,"date":"2021-09-26T17:17:11","date_gmt":"2021-09-26T20:17:11","guid":{"rendered":"https:\/\/eljardinderosas.cl\/inicio\/?post_type=product&#038;p=12296"},"modified":"2025-04-26T20:41:08","modified_gmt":"2025-04-27T00:41:08","slug":"ramo-10-rosas-rosadas-5-girasoles-y-follaje-exotico","status":"publish","type":"product","link":"https:\/\/eljardinderosas.cl\/inicio\/tienda\/arreglos-florales\/girasoles-importados\/ramo-10-rosas-rosadas-5-girasoles-y-follaje-exotico\/","title":{"rendered":"Ramo 10 rosas rosadas 5 girasoles y follaje ex\u00f3tico"},"content":{"rendered":"<ul>\n<li>El D\u00eda de la mam\u00e1 es el d\u00eda mas importante para mostrarle a tu mam\u00e1, todo el amor , cari\u00f1o y dar las gracias por lo maravillosa persona que te dio la vida , que te ayuda en cada momento sorpr\u00e9ndela ese 12 de mayo d\u00eda de la madre con este maravilloso\u00a0 arreglo floral con 10\u00a0 rosas rosadas y 5 varas de girasoles acompa\u00f1ado por follaje ex\u00f3tico\u00a0 esp\u00e9sale todo tu amor ,No dejes pasar esta oportunidad de mostrarle a tu mam\u00e1 lo especial que es. Haz de este D\u00eda de la Madre un d\u00eda inolvidable lleno de amor y gratitud. \u00a1Ella se lo merece!<\/li>\n<\/ul>\n","protected":false},"excerpt":{"rendered":"<p>El D\u00eda de la mam\u00e1 es el d\u00eda mas importante para mostrarle a tu mam\u00e1, todo el amor , cari\u00f1o y dar las gracias por lo maravillosa persona que te dio la vida , que te ayuda en cada momento sorpr\u00e9ndela ese 12 de mayo d\u00eda de la madre con este maravilloso\u00a0 arreglo floral con [&#8230;]\n","protected":false},"featured_media":17315,"template":"","meta":[],"product_cat":[144,71,79],"product_tag":[],"yoast_head":"<!-- This site is optimized with the Yoast SEO Premium plugin v17.1.2 (Yoast SEO v17.3) - https:\/\/yoast.com\/wordpress\/plugins\/seo\/ -->\n<title>Ramo 10 rosas rosadas 5 girasoles y follaje ex\u00f3tico - El Jardin de Rosas<\/title>\n<meta name=\"robots\" content=\"index, follow, max-snippet:-1, max-image-preview:large, max-video-preview:-1\" \/>\n<link rel=\"canonical\" href=\"https:\/\/eljardinderosas.cl\/inicio\/tienda\/arreglos-florales\/girasoles-importados\/ramo-10-rosas-rosadas-5-girasoles-y-follaje-exotico\/\" \/>\n<meta property=\"og:locale\" content=\"es_ES\" \/>\n<meta property=\"og:type\" content=\"article\" \/>\n<meta property=\"og:title\" content=\"Ramo 10 rosas rosadas 5 girasoles y follaje ex\u00f3tico\" \/>\n<meta property=\"og:description\" content=\"El D\u00eda de la mam\u00e1 es el d\u00eda mas importante para mostrarle a tu mam\u00e1, todo el amor , cari\u00f1o y dar las gracias por lo maravillosa persona que te dio la vida , que te ayuda en cada momento sorpr\u00e9ndela ese 12 de mayo d\u00eda de la madre con este maravilloso\u00a0 arreglo floral con [...]\" \/>\n<meta property=\"og:url\" content=\"https:\/\/eljardinderosas.cl\/inicio\/tienda\/arreglos-florales\/girasoles-importados\/ramo-10-rosas-rosadas-5-girasoles-y-follaje-exotico\/\" \/>\n<meta property=\"og:site_name\" content=\"El Jardin de Rosas\" \/>\n<meta property=\"article:modified_time\" content=\"2025-04-27T00:41:08+00:00\" \/>\n<meta property=\"og:image\" content=\"https:\/\/eljardinderosas.cl\/inicio\/wp-content\/uploads\/2021\/09\/RAMO-CON-ROSAS-Y-GIRASOLES.jpg\" \/>\n\t<meta property=\"og:image:width\" content=\"535\" \/>\n\t<meta property=\"og:image:height\" content=\"529\" \/>\n<meta name=\"twitter:card\" content=\"summary_large_image\" \/>\n<meta name=\"twitter:label1\" content=\"Tiempo de lectura\" \/>\n\t<meta name=\"twitter:data1\" content=\"1 minuto\" \/>\n<script type=\"application\/ld+json\" class=\"yoast-schema-graph\">{\"@context\":\"https:\/\/schema.org\",\"@graph\":[{\"@type\":\"Organization\",\"@id\":\"https:\/\/eljardinderosas.cl\/inicio\/#organization\",\"name\":\"El jardin de las rosas\",\"url\":\"https:\/\/eljardinderosas.cl\/inicio\/\",\"sameAs\":[\"https:\/\/www.instagram.com\/floreria_eljardinderosas\/\"],\"logo\":{\"@type\":\"ImageObject\",\"@id\":\"https:\/\/eljardinderosas.cl\/inicio\/#logo\",\"inLanguage\":\"es\",\"url\":\"https:\/\/eljardinderosas.cl\/inicio\/wp-content\/uploads\/2020\/10\/eljardinderosas-mail.png\",\"contentUrl\":\"https:\/\/eljardinderosas.cl\/inicio\/wp-content\/uploads\/2020\/10\/eljardinderosas-mail.png\",\"width\":317,\"height\":97,\"caption\":\"El jardin de las rosas\"},\"image\":{\"@id\":\"https:\/\/eljardinderosas.cl\/inicio\/#logo\"}},{\"@type\":\"WebSite\",\"@id\":\"https:\/\/eljardinderosas.cl\/inicio\/#website\",\"url\":\"https:\/\/eljardinderosas.cl\/inicio\/\",\"name\":\"Floreria El jardin de las Rosas\",\"description\":\"Flores en Santiago\",\"publisher\":{\"@id\":\"https:\/\/eljardinderosas.cl\/inicio\/#organization\"},\"potentialAction\":[{\"@type\":\"SearchAction\",\"target\":{\"@type\":\"EntryPoint\",\"urlTemplate\":\"https:\/\/eljardinderosas.cl\/inicio\/?s={search_term_string}\"},\"query-input\":\"required name=search_term_string\"}],\"inLanguage\":\"es\"},{\"@type\":\"ImageObject\",\"@id\":\"https:\/\/eljardinderosas.cl\/inicio\/tienda\/arreglos-florales\/girasoles-importados\/ramo-10-rosas-rosadas-5-girasoles-y-follaje-exotico\/#primaryimage\",\"inLanguage\":\"es\",\"url\":\"https:\/\/eljardinderosas.cl\/inicio\/wp-content\/uploads\/2021\/09\/RAMO-CON-ROSAS-Y-GIRASOLES.jpg\",\"contentUrl\":\"https:\/\/eljardinderosas.cl\/inicio\/wp-content\/uploads\/2021\/09\/RAMO-CON-ROSAS-Y-GIRASOLES.jpg\",\"width\":535,\"height\":529},{\"@type\":\"WebPage\",\"@id\":\"https:\/\/eljardinderosas.cl\/inicio\/tienda\/arreglos-florales\/girasoles-importados\/ramo-10-rosas-rosadas-5-girasoles-y-follaje-exotico\/#webpage\",\"url\":\"https:\/\/eljardinderosas.cl\/inicio\/tienda\/arreglos-florales\/girasoles-importados\/ramo-10-rosas-rosadas-5-girasoles-y-follaje-exotico\/\",\"name\":\"Ramo 10 rosas rosadas 5 girasoles y follaje ex\\u00f3tico - El Jardin de Rosas\",\"isPartOf\":{\"@id\":\"https:\/\/eljardinderosas.cl\/inicio\/#website\"},\"primaryImageOfPage\":{\"@id\":\"https:\/\/eljardinderosas.cl\/inicio\/tienda\/arreglos-florales\/girasoles-importados\/ramo-10-rosas-rosadas-5-girasoles-y-follaje-exotico\/#primaryimage\"},\"datePublished\":\"2021-09-26T20:17:11+00:00\",\"dateModified\":\"2025-04-27T00:41:08+00:00\",\"breadcrumb\":{\"@id\":\"https:\/\/eljardinderosas.cl\/inicio\/tienda\/arreglos-florales\/girasoles-importados\/ramo-10-rosas-rosadas-5-girasoles-y-follaje-exotico\/#breadcrumb\"},\"inLanguage\":\"es\",\"potentialAction\":[{\"@type\":\"ReadAction\",\"target\":[\"https:\/\/eljardinderosas.cl\/inicio\/tienda\/arreglos-florales\/girasoles-importados\/ramo-10-rosas-rosadas-5-girasoles-y-follaje-exotico\/\"]}]},{\"@type\":\"BreadcrumbList\",\"@id\":\"https:\/\/eljardinderosas.cl\/inicio\/tienda\/arreglos-florales\/girasoles-importados\/ramo-10-rosas-rosadas-5-girasoles-y-follaje-exotico\/#breadcrumb\",\"itemListElement\":[{\"@type\":\"ListItem\",\"position\":1,\"name\":\"Home\",\"item\":\"https:\/\/eljardinderosas.cl\/inicio\/\"},{\"@type\":\"ListItem\",\"position\":2,\"name\":\"Tienda\",\"item\":\"https:\/\/eljardinderosas.cl\/inicio\/tienda\/\"},{\"@type\":\"ListItem\",\"position\":3,\"name\":\"Ramo 10 rosas rosadas 5 girasoles y follaje ex\\u00f3tico\"}]}]}<\/script>\n<!-- \/ Yoast SEO Premium plugin. -->","yoast_head_json":{"title":"Ramo 10 rosas rosadas 5 girasoles y follaje ex\u00f3tico - El Jardin de Rosas","robots":{"index":"index","follow":"follow","max-snippet":"max-snippet:-1","max-image-preview":"max-image-preview:large","max-video-preview":"max-video-preview:-1"},"canonical":"https:\/\/eljardinderosas.cl\/inicio\/tienda\/arreglos-florales\/girasoles-importados\/ramo-10-rosas-rosadas-5-girasoles-y-follaje-exotico\/","og_locale":"es_ES","og_type":"article","og_title":"Ramo 10 rosas rosadas 5 girasoles y follaje ex\u00f3tico","og_description":"El D\u00eda de la mam\u00e1 es el d\u00eda mas importante para mostrarle a tu mam\u00e1, todo el amor , cari\u00f1o y dar las gracias por lo maravillosa persona que te dio la vida , que te ayuda en cada momento sorpr\u00e9ndela ese 12 de mayo d\u00eda de la madre con este maravilloso\u00a0 arreglo floral con [...]","og_url":"https:\/\/eljardinderosas.cl\/inicio\/tienda\/arreglos-florales\/girasoles-importados\/ramo-10-rosas-rosadas-5-girasoles-y-follaje-exotico\/","og_site_name":"El Jardin de Rosas","article_modified_time":"2025-04-27T00:41:08+00:00","og_image":[{"width":535,"height":529,"url":"https:\/\/eljardinderosas.cl\/inicio\/wp-content\/uploads\/2021\/09\/RAMO-CON-ROSAS-Y-GIRASOLES.jpg","type":"image\/jpeg"}],"twitter_card":"summary_large_image","twitter_misc":{"Tiempo de lectura":"1 minuto"},"schema":{"@context":"https:\/\/schema.org","@graph":[{"@type":"Organization","@id":"https:\/\/eljardinderosas.cl\/inicio\/#organization","name":"El jardin de las rosas","url":"https:\/\/eljardinderosas.cl\/inicio\/","sameAs":["https:\/\/www.instagram.com\/floreria_eljardinderosas\/"],"logo":{"@type":"ImageObject","@id":"https:\/\/eljardinderosas.cl\/inicio\/#logo","inLanguage":"es","url":"https:\/\/eljardinderosas.cl\/inicio\/wp-content\/uploads\/2020\/10\/eljardinderosas-mail.png","contentUrl":"https:\/\/eljardinderosas.cl\/inicio\/wp-content\/uploads\/2020\/10\/eljardinderosas-mail.png","width":317,"height":97,"caption":"El jardin de las rosas"},"image":{"@id":"https:\/\/eljardinderosas.cl\/inicio\/#logo"}},{"@type":"WebSite","@id":"https:\/\/eljardinderosas.cl\/inicio\/#website","url":"https:\/\/eljardinderosas.cl\/inicio\/","name":"Floreria El jardin de las Rosas","description":"Flores en Santiago","publisher":{"@id":"https:\/\/eljardinderosas.cl\/inicio\/#organization"},"potentialAction":[{"@type":"SearchAction","target":{"@type":"EntryPoint","urlTemplate":"https:\/\/eljardinderosas.cl\/inicio\/?s={search_term_string}"},"query-input":"required name=search_term_string"}],"inLanguage":"es"},{"@type":"ImageObject","@id":"https:\/\/eljardinderosas.cl\/inicio\/tienda\/arreglos-florales\/girasoles-importados\/ramo-10-rosas-rosadas-5-girasoles-y-follaje-exotico\/#primaryimage","inLanguage":"es","url":"https:\/\/eljardinderosas.cl\/inicio\/wp-content\/uploads\/2021\/09\/RAMO-CON-ROSAS-Y-GIRASOLES.jpg","contentUrl":"https:\/\/eljardinderosas.cl\/inicio\/wp-content\/uploads\/2021\/09\/RAMO-CON-ROSAS-Y-GIRASOLES.jpg","width":535,"height":529},{"@type":"WebPage","@id":"https:\/\/eljardinderosas.cl\/inicio\/tienda\/arreglos-florales\/girasoles-importados\/ramo-10-rosas-rosadas-5-girasoles-y-follaje-exotico\/#webpage","url":"https:\/\/eljardinderosas.cl\/inicio\/tienda\/arreglos-florales\/girasoles-importados\/ramo-10-rosas-rosadas-5-girasoles-y-follaje-exotico\/","name":"Ramo 10 rosas rosadas 5 girasoles y follaje ex\u00f3tico - El Jardin de Rosas","isPartOf":{"@id":"https:\/\/eljardinderosas.cl\/inicio\/#website"},"primaryImageOfPage":{"@id":"https:\/\/eljardinderosas.cl\/inicio\/tienda\/arreglos-florales\/girasoles-importados\/ramo-10-rosas-rosadas-5-girasoles-y-follaje-exotico\/#primaryimage"},"datePublished":"2021-09-26T20:17:11+00:00","dateModified":"2025-04-27T00:41:08+00:00","breadcrumb":{"@id":"https:\/\/eljardinderosas.cl\/inicio\/tienda\/arreglos-florales\/girasoles-importados\/ramo-10-rosas-rosadas-5-girasoles-y-follaje-exotico\/#breadcrumb"},"inLanguage":"es","potentialAction":[{"@type":"ReadAction","target":["https:\/\/eljardinderosas.cl\/inicio\/tienda\/arreglos-florales\/girasoles-importados\/ramo-10-rosas-rosadas-5-girasoles-y-follaje-exotico\/"]}]},{"@type":"BreadcrumbList","@id":"https:\/\/eljardinderosas.cl\/inicio\/tienda\/arreglos-florales\/girasoles-importados\/ramo-10-rosas-rosadas-5-girasoles-y-follaje-exotico\/#breadcrumb","itemListElement":[{"@type":"ListItem","position":1,"name":"Home","item":"https:\/\/eljardinderosas.cl\/inicio\/"},{"@type":"ListItem","position":2,"name":"Tienda","item":"https:\/\/eljardinderosas.cl\/inicio\/tienda\/"},{"@type":"ListItem","position":3,"name":"Ramo 10 rosas rosadas 5 girasoles y follaje ex\u00f3tico"}]}]}},"_links":{"self":[{"href":"https:\/\/eljardinderosas.cl\/inicio\/wp-json\/wp\/v2\/product\/12296"}],"collection":[{"href":"https:\/\/eljardinderosas.cl\/inicio\/wp-json\/wp\/v2\/product"}],"about":[{"href":"https:\/\/eljardinderosas.cl\/inicio\/wp-json\/wp\/v2\/types\/product"}],"wp:featuredmedia":[{"embeddable":true,"href":"https:\/\/eljardinderosas.cl\/inicio\/wp-json\/wp\/v2\/media\/17315"}],"wp:attachment":[{"href":"https:\/\/eljardinderosas.cl\/inicio\/wp-json\/wp\/v2\/media?parent=12296"}],"wp:term":[{"taxonomy":"product_cat","embeddable":true,"href":"https:\/\/eljardinderosas.cl\/inicio\/wp-json\/wp\/v2\/product_cat?post=12296"},{"taxonomy":"product_tag","embeddable":true,"href":"https:\/\/eljardinderosas.cl\/inicio\/wp-json\/wp\/v2\/product_tag?post=12296"}],"curies":[{"name":"wp","href":"https:\/\/api.w.org\/{rel}","templated":true}]}}