{"id":12593,"date":"2021-11-11T17:34:36","date_gmt":"2021-11-11T20:34:36","guid":{"rendered":"https:\/\/eljardinderosas.cl\/inicio\/?post_type=product&#038;p=12593"},"modified":"2026-04-21T20:53:48","modified_gmt":"2026-04-22T00:53:48","slug":"precioso-ramo-10-varas-de-girasoles-importados","status":"publish","type":"product","link":"https:\/\/eljardinderosas.cl\/inicio\/tienda\/arreglos-florales\/girasoles-importados\/precioso-ramo-10-varas-de-girasoles-importados\/","title":{"rendered":"Precioso ramo 10 varas de girasoles importados"},"content":{"rendered":"<p> hermoso ramo de 10 girasoles es una celebraci\u00f3n de la alegr\u00eda y la vitalidad. Los girasoles, con sus vibrantes p\u00e9talos amarillos y su coraz\u00f3n marr\u00f3n dorado, evocan la calidez del sol y la energ\u00eda para cualquier ocasi\u00f3n, perfecto para alegrar el d\u00eda de alguien especial, decorar un espacio o como regalo en celebraciones como cumplea\u00f1os, aniversarios o simplemente para expresar gratitud. Su presencia luminosa transformar\u00e1 cualquier ambiente en un lugar lleno de alegr\u00eda.<\/p>\n","protected":false},"excerpt":{"rendered":"<p>hermoso ramo de 10 girasoles es una celebraci\u00f3n de la alegr\u00eda y la vitalidad. Los girasoles, con sus vibrantes p\u00e9talos amarillos y su coraz\u00f3n marr\u00f3n dorado, evocan la calidez del sol y la energ\u00eda para cualquier ocasi\u00f3n, perfecto para alegrar el d\u00eda de alguien especial, decorar un espacio o como regalo en celebraciones como cumplea\u00f1os, [&#8230;]\n","protected":false},"featured_media":19872,"template":"","meta":[],"product_cat":[190,70,79,181,244,104],"product_tag":[],"yoast_head":"<!-- This site is optimized with the Yoast SEO Premium plugin v17.1.2 (Yoast SEO v17.3) - https:\/\/yoast.com\/wordpress\/plugins\/seo\/ -->\n<title>Precioso ramo 10 varas de girasoles importados - El Jardin de Rosas<\/title>\n<meta name=\"description\" content=\"Perfecto para alegrar el d\u00eda de alguien especial, o simplemente para expresar gratitud y amor este 8 de marzo dia de la mujer\" \/>\n<meta name=\"robots\" content=\"index, follow, max-snippet:-1, max-image-preview:large, max-video-preview:-1\" \/>\n<link rel=\"canonical\" href=\"https:\/\/eljardinderosas.cl\/inicio\/tienda\/arreglos-florales\/girasoles-importados\/precioso-ramo-10-varas-de-girasoles-importados\/\" \/>\n<meta property=\"og:locale\" content=\"es_ES\" \/>\n<meta property=\"og:type\" content=\"article\" \/>\n<meta property=\"og:title\" content=\"Precioso ramo 10 varas de girasoles importados\" \/>\n<meta property=\"og:description\" content=\"Perfecto para alegrar el d\u00eda de alguien especial, o simplemente para expresar gratitud y amor este 8 de marzo dia de la mujer\" \/>\n<meta property=\"og:url\" content=\"https:\/\/eljardinderosas.cl\/inicio\/tienda\/arreglos-florales\/girasoles-importados\/precioso-ramo-10-varas-de-girasoles-importados\/\" \/>\n<meta property=\"og:site_name\" content=\"El Jardin de Rosas\" \/>\n<meta property=\"article:modified_time\" content=\"2026-04-22T00:53:48+00:00\" \/>\n<meta property=\"og:image\" content=\"https:\/\/eljardinderosas.cl\/inicio\/wp-content\/uploads\/2021\/11\/PRECIOSO-RAMO-CON-10-GIRASOLES-Y-FINO-FOLLAJE.jpg\" \/>\n\t<meta property=\"og:image:width\" content=\"1024\" \/>\n\t<meta property=\"og:image:height\" content=\"1536\" \/>\n<meta name=\"twitter:card\" content=\"summary_large_image\" \/>\n<meta name=\"twitter:label1\" content=\"Tiempo de lectura\" \/>\n\t<meta name=\"twitter:data1\" content=\"1 minuto\" \/>\n<script type=\"application\/ld+json\" class=\"yoast-schema-graph\">{\"@context\":\"https:\/\/schema.org\",\"@graph\":[{\"@type\":\"Organization\",\"@id\":\"https:\/\/eljardinderosas.cl\/inicio\/#organization\",\"name\":\"El jardin de las rosas\",\"url\":\"https:\/\/eljardinderosas.cl\/inicio\/\",\"sameAs\":[\"https:\/\/www.instagram.com\/floreria_eljardinderosas\/\"],\"logo\":{\"@type\":\"ImageObject\",\"@id\":\"https:\/\/eljardinderosas.cl\/inicio\/#logo\",\"inLanguage\":\"es\",\"url\":\"https:\/\/eljardinderosas.cl\/inicio\/wp-content\/uploads\/2020\/10\/eljardinderosas-mail.png\",\"contentUrl\":\"https:\/\/eljardinderosas.cl\/inicio\/wp-content\/uploads\/2020\/10\/eljardinderosas-mail.png\",\"width\":317,\"height\":97,\"caption\":\"El jardin de las rosas\"},\"image\":{\"@id\":\"https:\/\/eljardinderosas.cl\/inicio\/#logo\"}},{\"@type\":\"WebSite\",\"@id\":\"https:\/\/eljardinderosas.cl\/inicio\/#website\",\"url\":\"https:\/\/eljardinderosas.cl\/inicio\/\",\"name\":\"Floreria El jardin de las Rosas\",\"description\":\"Flores en Santiago\",\"publisher\":{\"@id\":\"https:\/\/eljardinderosas.cl\/inicio\/#organization\"},\"potentialAction\":[{\"@type\":\"SearchAction\",\"target\":{\"@type\":\"EntryPoint\",\"urlTemplate\":\"https:\/\/eljardinderosas.cl\/inicio\/?s={search_term_string}\"},\"query-input\":\"required name=search_term_string\"}],\"inLanguage\":\"es\"},{\"@type\":\"ImageObject\",\"@id\":\"https:\/\/eljardinderosas.cl\/inicio\/tienda\/arreglos-florales\/girasoles-importados\/precioso-ramo-10-varas-de-girasoles-importados\/#primaryimage\",\"inLanguage\":\"es\",\"url\":\"https:\/\/eljardinderosas.cl\/inicio\/wp-content\/uploads\/2021\/11\/PRECIOSO-RAMO-CON-10-GIRASOLES-Y-FINO-FOLLAJE.jpg\",\"contentUrl\":\"https:\/\/eljardinderosas.cl\/inicio\/wp-content\/uploads\/2021\/11\/PRECIOSO-RAMO-CON-10-GIRASOLES-Y-FINO-FOLLAJE.jpg\",\"width\":1024,\"height\":1536},{\"@type\":\"WebPage\",\"@id\":\"https:\/\/eljardinderosas.cl\/inicio\/tienda\/arreglos-florales\/girasoles-importados\/precioso-ramo-10-varas-de-girasoles-importados\/#webpage\",\"url\":\"https:\/\/eljardinderosas.cl\/inicio\/tienda\/arreglos-florales\/girasoles-importados\/precioso-ramo-10-varas-de-girasoles-importados\/\",\"name\":\"Precioso ramo 10 varas de girasoles importados - El Jardin de Rosas\",\"isPartOf\":{\"@id\":\"https:\/\/eljardinderosas.cl\/inicio\/#website\"},\"primaryImageOfPage\":{\"@id\":\"https:\/\/eljardinderosas.cl\/inicio\/tienda\/arreglos-florales\/girasoles-importados\/precioso-ramo-10-varas-de-girasoles-importados\/#primaryimage\"},\"datePublished\":\"2021-11-11T20:34:36+00:00\",\"dateModified\":\"2026-04-22T00:53:48+00:00\",\"description\":\"Perfecto para alegrar el d\\u00eda de alguien especial, o simplemente para expresar gratitud y amor este 8 de marzo dia de la mujer\",\"breadcrumb\":{\"@id\":\"https:\/\/eljardinderosas.cl\/inicio\/tienda\/arreglos-florales\/girasoles-importados\/precioso-ramo-10-varas-de-girasoles-importados\/#breadcrumb\"},\"inLanguage\":\"es\",\"potentialAction\":[{\"@type\":\"ReadAction\",\"target\":[\"https:\/\/eljardinderosas.cl\/inicio\/tienda\/arreglos-florales\/girasoles-importados\/precioso-ramo-10-varas-de-girasoles-importados\/\"]}]},{\"@type\":\"BreadcrumbList\",\"@id\":\"https:\/\/eljardinderosas.cl\/inicio\/tienda\/arreglos-florales\/girasoles-importados\/precioso-ramo-10-varas-de-girasoles-importados\/#breadcrumb\",\"itemListElement\":[{\"@type\":\"ListItem\",\"position\":1,\"name\":\"Home\",\"item\":\"https:\/\/eljardinderosas.cl\/inicio\/\"},{\"@type\":\"ListItem\",\"position\":2,\"name\":\"Tienda\",\"item\":\"https:\/\/eljardinderosas.cl\/inicio\/tienda\/\"},{\"@type\":\"ListItem\",\"position\":3,\"name\":\"Precioso ramo 10 varas de girasoles importados\"}]}]}<\/script>\n<!-- \/ Yoast SEO Premium plugin. -->","yoast_head_json":{"title":"Precioso ramo 10 varas de girasoles importados - El Jardin de Rosas","description":"Perfecto para alegrar el d\u00eda de alguien especial, o simplemente para expresar gratitud y amor este 8 de marzo dia de la mujer","robots":{"index":"index","follow":"follow","max-snippet":"max-snippet:-1","max-image-preview":"max-image-preview:large","max-video-preview":"max-video-preview:-1"},"canonical":"https:\/\/eljardinderosas.cl\/inicio\/tienda\/arreglos-florales\/girasoles-importados\/precioso-ramo-10-varas-de-girasoles-importados\/","og_locale":"es_ES","og_type":"article","og_title":"Precioso ramo 10 varas de girasoles importados","og_description":"Perfecto para alegrar el d\u00eda de alguien especial, o simplemente para expresar gratitud y amor este 8 de marzo dia de la mujer","og_url":"https:\/\/eljardinderosas.cl\/inicio\/tienda\/arreglos-florales\/girasoles-importados\/precioso-ramo-10-varas-de-girasoles-importados\/","og_site_name":"El Jardin de Rosas","article_modified_time":"2026-04-22T00:53:48+00:00","og_image":[{"width":1024,"height":1536,"url":"https:\/\/eljardinderosas.cl\/inicio\/wp-content\/uploads\/2021\/11\/PRECIOSO-RAMO-CON-10-GIRASOLES-Y-FINO-FOLLAJE.jpg","type":"image\/jpeg"}],"twitter_card":"summary_large_image","twitter_misc":{"Tiempo de lectura":"1 minuto"},"schema":{"@context":"https:\/\/schema.org","@graph":[{"@type":"Organization","@id":"https:\/\/eljardinderosas.cl\/inicio\/#organization","name":"El jardin de las rosas","url":"https:\/\/eljardinderosas.cl\/inicio\/","sameAs":["https:\/\/www.instagram.com\/floreria_eljardinderosas\/"],"logo":{"@type":"ImageObject","@id":"https:\/\/eljardinderosas.cl\/inicio\/#logo","inLanguage":"es","url":"https:\/\/eljardinderosas.cl\/inicio\/wp-content\/uploads\/2020\/10\/eljardinderosas-mail.png","contentUrl":"https:\/\/eljardinderosas.cl\/inicio\/wp-content\/uploads\/2020\/10\/eljardinderosas-mail.png","width":317,"height":97,"caption":"El jardin de las rosas"},"image":{"@id":"https:\/\/eljardinderosas.cl\/inicio\/#logo"}},{"@type":"WebSite","@id":"https:\/\/eljardinderosas.cl\/inicio\/#website","url":"https:\/\/eljardinderosas.cl\/inicio\/","name":"Floreria El jardin de las Rosas","description":"Flores en Santiago","publisher":{"@id":"https:\/\/eljardinderosas.cl\/inicio\/#organization"},"potentialAction":[{"@type":"SearchAction","target":{"@type":"EntryPoint","urlTemplate":"https:\/\/eljardinderosas.cl\/inicio\/?s={search_term_string}"},"query-input":"required name=search_term_string"}],"inLanguage":"es"},{"@type":"ImageObject","@id":"https:\/\/eljardinderosas.cl\/inicio\/tienda\/arreglos-florales\/girasoles-importados\/precioso-ramo-10-varas-de-girasoles-importados\/#primaryimage","inLanguage":"es","url":"https:\/\/eljardinderosas.cl\/inicio\/wp-content\/uploads\/2021\/11\/PRECIOSO-RAMO-CON-10-GIRASOLES-Y-FINO-FOLLAJE.jpg","contentUrl":"https:\/\/eljardinderosas.cl\/inicio\/wp-content\/uploads\/2021\/11\/PRECIOSO-RAMO-CON-10-GIRASOLES-Y-FINO-FOLLAJE.jpg","width":1024,"height":1536},{"@type":"WebPage","@id":"https:\/\/eljardinderosas.cl\/inicio\/tienda\/arreglos-florales\/girasoles-importados\/precioso-ramo-10-varas-de-girasoles-importados\/#webpage","url":"https:\/\/eljardinderosas.cl\/inicio\/tienda\/arreglos-florales\/girasoles-importados\/precioso-ramo-10-varas-de-girasoles-importados\/","name":"Precioso ramo 10 varas de girasoles importados - El Jardin de Rosas","isPartOf":{"@id":"https:\/\/eljardinderosas.cl\/inicio\/#website"},"primaryImageOfPage":{"@id":"https:\/\/eljardinderosas.cl\/inicio\/tienda\/arreglos-florales\/girasoles-importados\/precioso-ramo-10-varas-de-girasoles-importados\/#primaryimage"},"datePublished":"2021-11-11T20:34:36+00:00","dateModified":"2026-04-22T00:53:48+00:00","description":"Perfecto para alegrar el d\u00eda de alguien especial, o simplemente para expresar gratitud y amor este 8 de marzo dia de la mujer","breadcrumb":{"@id":"https:\/\/eljardinderosas.cl\/inicio\/tienda\/arreglos-florales\/girasoles-importados\/precioso-ramo-10-varas-de-girasoles-importados\/#breadcrumb"},"inLanguage":"es","potentialAction":[{"@type":"ReadAction","target":["https:\/\/eljardinderosas.cl\/inicio\/tienda\/arreglos-florales\/girasoles-importados\/precioso-ramo-10-varas-de-girasoles-importados\/"]}]},{"@type":"BreadcrumbList","@id":"https:\/\/eljardinderosas.cl\/inicio\/tienda\/arreglos-florales\/girasoles-importados\/precioso-ramo-10-varas-de-girasoles-importados\/#breadcrumb","itemListElement":[{"@type":"ListItem","position":1,"name":"Home","item":"https:\/\/eljardinderosas.cl\/inicio\/"},{"@type":"ListItem","position":2,"name":"Tienda","item":"https:\/\/eljardinderosas.cl\/inicio\/tienda\/"},{"@type":"ListItem","position":3,"name":"Precioso ramo 10 varas de girasoles importados"}]}]}},"_links":{"self":[{"href":"https:\/\/eljardinderosas.cl\/inicio\/wp-json\/wp\/v2\/product\/12593"}],"collection":[{"href":"https:\/\/eljardinderosas.cl\/inicio\/wp-json\/wp\/v2\/product"}],"about":[{"href":"https:\/\/eljardinderosas.cl\/inicio\/wp-json\/wp\/v2\/types\/product"}],"wp:featuredmedia":[{"embeddable":true,"href":"https:\/\/eljardinderosas.cl\/inicio\/wp-json\/wp\/v2\/media\/19872"}],"wp:attachment":[{"href":"https:\/\/eljardinderosas.cl\/inicio\/wp-json\/wp\/v2\/media?parent=12593"}],"wp:term":[{"taxonomy":"product_cat","embeddable":true,"href":"https:\/\/eljardinderosas.cl\/inicio\/wp-json\/wp\/v2\/product_cat?post=12593"},{"taxonomy":"product_tag","embeddable":true,"href":"https:\/\/eljardinderosas.cl\/inicio\/wp-json\/wp\/v2\/product_tag?post=12593"}],"curies":[{"name":"wp","href":"https:\/\/api.w.org\/{rel}","templated":true}]}}