{"id":1295,"date":"2020-10-30T18:42:13","date_gmt":"2020-10-30T21:42:13","guid":{"rendered":"https:\/\/eljardinderosas.cl\/inicio\/?post_type=product&#038;p=1295"},"modified":"2026-02-01T17:02:57","modified_gmt":"2026-02-01T20:02:57","slug":"ramo-de-100-rosas-ecuatorianas-rojas-tallo-largo","status":"publish","type":"product","link":"https:\/\/eljardinderosas.cl\/inicio\/tienda\/a-ramos-con-rosas\/ramo-de-100-rosas-ecuatorianas-rojas-tallo-largo\/","title":{"rendered":"Ramo de 100 rosas ecuatorianas rojas tallo largo"},"content":{"rendered":"<ul>\n<li>Este exquisito y maravilloso ramo de buch\u00f3n incluye 100 hermosas rosas rojas importadas directamente color rojo, de tallo largo, envueltas en un delicado papel metalizado con un hermoso mo\u00f1o de cinta de raso para sorprender el dia de una persona especial \u00a1El regalo perfecto para expresar tu amor y hacer feliz a esa persona especial! 14 de febrero dia de los enamorados regala estas bellas flores, cuidadosamente seleccionadas para transmitir pasi\u00f3n y romanticismo a trav\u00e9s de su intenso color rojo. Las rosas rojas tienen el poder de transmitir emociones , amor, admiraci\u00f3n, \u00a1Un detalle sorpresa que lo dejar\u00e1 sin palabras! . Piensa en la sonrisa en el rostro de tu ser amado al recibir este incre\u00edble ramo de rosas rojas. \u00a1No esperes m\u00e1s y haz tu pedido ahora mismo! Sorprende a tu ser amado con nuestro ramo de buch\u00f3n de 100 rosas rojas \u00a0en s\u00ed es una presentaci\u00f3n elegante y refinada, que realza la belleza natural de las rosas. Su forma y <span style=\"font-size: 14.4px\">dise\u00f1o \u00fanicos<\/span>\u00a0a\u00f1aden un toque de distinci\u00f3n a este regalo especial. El ramo est\u00e1 h\u00e1bilmente elaborado por expertos floristas, quienes aseguran que cada flor est\u00e9 cuidadosamente dispuesta para resaltar su singularidad y elegancia.\u00a0 y desencadena una explosi\u00f3n de emociones inolvidables. Te garantizamos que este dejar\u00e1 huella!<\/li>\n<\/ul>\n","protected":false},"excerpt":{"rendered":"<p>Este exquisito y maravilloso ramo de buch\u00f3n incluye 100 hermosas rosas rojas importadas directamente color rojo, de tallo largo, envueltas en un delicado papel metalizado con un hermoso mo\u00f1o de cinta de raso para sorprender el dia de una persona especial \u00a1El regalo perfecto para expresar tu amor y hacer feliz a esa persona especial! [&#8230;]\n","protected":false},"featured_media":19822,"template":"","meta":[],"product_cat":[69,202,245],"product_tag":[117,113,146,112,99],"yoast_head":"<!-- This site is optimized with the Yoast SEO Premium plugin v17.1.2 (Yoast SEO v17.3) - https:\/\/yoast.com\/wordpress\/plugins\/seo\/ -->\n<title>Ramo de 100 rosas ecuatorianas rojas tallo largo - El Jardin de Rosas<\/title>\n<meta name=\"description\" content=\"Canasta con 25 Rosas Azules Ramo Caja envio flores a domicilio arreglos rosas azules despacho gratis\" \/>\n<meta name=\"robots\" content=\"index, follow, max-snippet:-1, max-image-preview:large, max-video-preview:-1\" \/>\n<link rel=\"canonical\" href=\"https:\/\/eljardinderosas.cl\/inicio\/tienda\/a-ramos-con-rosas\/ramo-de-100-rosas-ecuatorianas-rojas-tallo-largo\/\" \/>\n<meta property=\"og:locale\" content=\"es_ES\" \/>\n<meta property=\"og:type\" content=\"article\" \/>\n<meta property=\"og:title\" content=\"Ramo de 100 rosas ecuatorianas rojas tallo largo\" \/>\n<meta property=\"og:description\" content=\"Canasta con 25 Rosas Azules Ramo Caja envio flores a domicilio arreglos rosas azules despacho gratis\" \/>\n<meta property=\"og:url\" content=\"https:\/\/eljardinderosas.cl\/inicio\/tienda\/a-ramos-con-rosas\/ramo-de-100-rosas-ecuatorianas-rojas-tallo-largo\/\" \/>\n<meta property=\"og:site_name\" content=\"El Jardin de Rosas\" \/>\n<meta property=\"article:modified_time\" content=\"2026-02-01T20:02:57+00:00\" \/>\n<meta property=\"og:image\" content=\"https:\/\/eljardinderosas.cl\/inicio\/wp-content\/uploads\/2020\/10\/RAMO-CON-100-ROSAS-ROJAS-TALLO-LARGO.jpg\" \/>\n\t<meta property=\"og:image:width\" content=\"1024\" \/>\n\t<meta property=\"og:image:height\" content=\"1024\" \/>\n<meta name=\"twitter:card\" content=\"summary_large_image\" \/>\n<meta name=\"twitter:label1\" content=\"Tiempo de lectura\" \/>\n\t<meta name=\"twitter:data1\" content=\"1 minuto\" \/>\n<script type=\"application\/ld+json\" class=\"yoast-schema-graph\">{\"@context\":\"https:\/\/schema.org\",\"@graph\":[{\"@type\":\"Organization\",\"@id\":\"https:\/\/eljardinderosas.cl\/inicio\/#organization\",\"name\":\"El jardin de las rosas\",\"url\":\"https:\/\/eljardinderosas.cl\/inicio\/\",\"sameAs\":[\"https:\/\/www.instagram.com\/floreria_eljardinderosas\/\"],\"logo\":{\"@type\":\"ImageObject\",\"@id\":\"https:\/\/eljardinderosas.cl\/inicio\/#logo\",\"inLanguage\":\"es\",\"url\":\"https:\/\/eljardinderosas.cl\/inicio\/wp-content\/uploads\/2020\/10\/eljardinderosas-mail.png\",\"contentUrl\":\"https:\/\/eljardinderosas.cl\/inicio\/wp-content\/uploads\/2020\/10\/eljardinderosas-mail.png\",\"width\":317,\"height\":97,\"caption\":\"El jardin de las rosas\"},\"image\":{\"@id\":\"https:\/\/eljardinderosas.cl\/inicio\/#logo\"}},{\"@type\":\"WebSite\",\"@id\":\"https:\/\/eljardinderosas.cl\/inicio\/#website\",\"url\":\"https:\/\/eljardinderosas.cl\/inicio\/\",\"name\":\"Floreria El jardin de las Rosas\",\"description\":\"Flores en Santiago\",\"publisher\":{\"@id\":\"https:\/\/eljardinderosas.cl\/inicio\/#organization\"},\"potentialAction\":[{\"@type\":\"SearchAction\",\"target\":{\"@type\":\"EntryPoint\",\"urlTemplate\":\"https:\/\/eljardinderosas.cl\/inicio\/?s={search_term_string}\"},\"query-input\":\"required name=search_term_string\"}],\"inLanguage\":\"es\"},{\"@type\":\"ImageObject\",\"@id\":\"https:\/\/eljardinderosas.cl\/inicio\/tienda\/a-ramos-con-rosas\/ramo-de-100-rosas-ecuatorianas-rojas-tallo-largo\/#primaryimage\",\"inLanguage\":\"es\",\"url\":\"https:\/\/eljardinderosas.cl\/inicio\/wp-content\/uploads\/2020\/10\/RAMO-CON-100-ROSAS-ROJAS-TALLO-LARGO.jpg\",\"contentUrl\":\"https:\/\/eljardinderosas.cl\/inicio\/wp-content\/uploads\/2020\/10\/RAMO-CON-100-ROSAS-ROJAS-TALLO-LARGO.jpg\",\"width\":1024,\"height\":1024},{\"@type\":\"WebPage\",\"@id\":\"https:\/\/eljardinderosas.cl\/inicio\/tienda\/a-ramos-con-rosas\/ramo-de-100-rosas-ecuatorianas-rojas-tallo-largo\/#webpage\",\"url\":\"https:\/\/eljardinderosas.cl\/inicio\/tienda\/a-ramos-con-rosas\/ramo-de-100-rosas-ecuatorianas-rojas-tallo-largo\/\",\"name\":\"Ramo de 100 rosas ecuatorianas rojas tallo largo - El Jardin de Rosas\",\"isPartOf\":{\"@id\":\"https:\/\/eljardinderosas.cl\/inicio\/#website\"},\"primaryImageOfPage\":{\"@id\":\"https:\/\/eljardinderosas.cl\/inicio\/tienda\/a-ramos-con-rosas\/ramo-de-100-rosas-ecuatorianas-rojas-tallo-largo\/#primaryimage\"},\"datePublished\":\"2020-10-30T21:42:13+00:00\",\"dateModified\":\"2026-02-01T20:02:57+00:00\",\"description\":\"Canasta con 25 Rosas Azules Ramo Caja envio flores a domicilio arreglos rosas azules despacho gratis\",\"breadcrumb\":{\"@id\":\"https:\/\/eljardinderosas.cl\/inicio\/tienda\/a-ramos-con-rosas\/ramo-de-100-rosas-ecuatorianas-rojas-tallo-largo\/#breadcrumb\"},\"inLanguage\":\"es\",\"potentialAction\":[{\"@type\":\"ReadAction\",\"target\":[\"https:\/\/eljardinderosas.cl\/inicio\/tienda\/a-ramos-con-rosas\/ramo-de-100-rosas-ecuatorianas-rojas-tallo-largo\/\"]}]},{\"@type\":\"BreadcrumbList\",\"@id\":\"https:\/\/eljardinderosas.cl\/inicio\/tienda\/a-ramos-con-rosas\/ramo-de-100-rosas-ecuatorianas-rojas-tallo-largo\/#breadcrumb\",\"itemListElement\":[{\"@type\":\"ListItem\",\"position\":1,\"name\":\"Home\",\"item\":\"https:\/\/eljardinderosas.cl\/inicio\/\"},{\"@type\":\"ListItem\",\"position\":2,\"name\":\"Tienda\",\"item\":\"https:\/\/eljardinderosas.cl\/inicio\/tienda\/\"},{\"@type\":\"ListItem\",\"position\":3,\"name\":\"Ramo de 100 rosas ecuatorianas rojas tallo largo\"}]}]}<\/script>\n<!-- \/ Yoast SEO Premium plugin. -->","yoast_head_json":{"title":"Ramo de 100 rosas ecuatorianas rojas tallo largo - El Jardin de Rosas","description":"Canasta con 25 Rosas Azules Ramo Caja envio flores a domicilio arreglos rosas azules despacho gratis","robots":{"index":"index","follow":"follow","max-snippet":"max-snippet:-1","max-image-preview":"max-image-preview:large","max-video-preview":"max-video-preview:-1"},"canonical":"https:\/\/eljardinderosas.cl\/inicio\/tienda\/a-ramos-con-rosas\/ramo-de-100-rosas-ecuatorianas-rojas-tallo-largo\/","og_locale":"es_ES","og_type":"article","og_title":"Ramo de 100 rosas ecuatorianas rojas tallo largo","og_description":"Canasta con 25 Rosas Azules Ramo Caja envio flores a domicilio arreglos rosas azules despacho gratis","og_url":"https:\/\/eljardinderosas.cl\/inicio\/tienda\/a-ramos-con-rosas\/ramo-de-100-rosas-ecuatorianas-rojas-tallo-largo\/","og_site_name":"El Jardin de Rosas","article_modified_time":"2026-02-01T20:02:57+00:00","og_image":[{"width":1024,"height":1024,"url":"https:\/\/eljardinderosas.cl\/inicio\/wp-content\/uploads\/2020\/10\/RAMO-CON-100-ROSAS-ROJAS-TALLO-LARGO.jpg","type":"image\/jpeg"}],"twitter_card":"summary_large_image","twitter_misc":{"Tiempo de lectura":"1 minuto"},"schema":{"@context":"https:\/\/schema.org","@graph":[{"@type":"Organization","@id":"https:\/\/eljardinderosas.cl\/inicio\/#organization","name":"El jardin de las rosas","url":"https:\/\/eljardinderosas.cl\/inicio\/","sameAs":["https:\/\/www.instagram.com\/floreria_eljardinderosas\/"],"logo":{"@type":"ImageObject","@id":"https:\/\/eljardinderosas.cl\/inicio\/#logo","inLanguage":"es","url":"https:\/\/eljardinderosas.cl\/inicio\/wp-content\/uploads\/2020\/10\/eljardinderosas-mail.png","contentUrl":"https:\/\/eljardinderosas.cl\/inicio\/wp-content\/uploads\/2020\/10\/eljardinderosas-mail.png","width":317,"height":97,"caption":"El jardin de las rosas"},"image":{"@id":"https:\/\/eljardinderosas.cl\/inicio\/#logo"}},{"@type":"WebSite","@id":"https:\/\/eljardinderosas.cl\/inicio\/#website","url":"https:\/\/eljardinderosas.cl\/inicio\/","name":"Floreria El jardin de las Rosas","description":"Flores en Santiago","publisher":{"@id":"https:\/\/eljardinderosas.cl\/inicio\/#organization"},"potentialAction":[{"@type":"SearchAction","target":{"@type":"EntryPoint","urlTemplate":"https:\/\/eljardinderosas.cl\/inicio\/?s={search_term_string}"},"query-input":"required name=search_term_string"}],"inLanguage":"es"},{"@type":"ImageObject","@id":"https:\/\/eljardinderosas.cl\/inicio\/tienda\/a-ramos-con-rosas\/ramo-de-100-rosas-ecuatorianas-rojas-tallo-largo\/#primaryimage","inLanguage":"es","url":"https:\/\/eljardinderosas.cl\/inicio\/wp-content\/uploads\/2020\/10\/RAMO-CON-100-ROSAS-ROJAS-TALLO-LARGO.jpg","contentUrl":"https:\/\/eljardinderosas.cl\/inicio\/wp-content\/uploads\/2020\/10\/RAMO-CON-100-ROSAS-ROJAS-TALLO-LARGO.jpg","width":1024,"height":1024},{"@type":"WebPage","@id":"https:\/\/eljardinderosas.cl\/inicio\/tienda\/a-ramos-con-rosas\/ramo-de-100-rosas-ecuatorianas-rojas-tallo-largo\/#webpage","url":"https:\/\/eljardinderosas.cl\/inicio\/tienda\/a-ramos-con-rosas\/ramo-de-100-rosas-ecuatorianas-rojas-tallo-largo\/","name":"Ramo de 100 rosas ecuatorianas rojas tallo largo - El Jardin de Rosas","isPartOf":{"@id":"https:\/\/eljardinderosas.cl\/inicio\/#website"},"primaryImageOfPage":{"@id":"https:\/\/eljardinderosas.cl\/inicio\/tienda\/a-ramos-con-rosas\/ramo-de-100-rosas-ecuatorianas-rojas-tallo-largo\/#primaryimage"},"datePublished":"2020-10-30T21:42:13+00:00","dateModified":"2026-02-01T20:02:57+00:00","description":"Canasta con 25 Rosas Azules Ramo Caja envio flores a domicilio arreglos rosas azules despacho gratis","breadcrumb":{"@id":"https:\/\/eljardinderosas.cl\/inicio\/tienda\/a-ramos-con-rosas\/ramo-de-100-rosas-ecuatorianas-rojas-tallo-largo\/#breadcrumb"},"inLanguage":"es","potentialAction":[{"@type":"ReadAction","target":["https:\/\/eljardinderosas.cl\/inicio\/tienda\/a-ramos-con-rosas\/ramo-de-100-rosas-ecuatorianas-rojas-tallo-largo\/"]}]},{"@type":"BreadcrumbList","@id":"https:\/\/eljardinderosas.cl\/inicio\/tienda\/a-ramos-con-rosas\/ramo-de-100-rosas-ecuatorianas-rojas-tallo-largo\/#breadcrumb","itemListElement":[{"@type":"ListItem","position":1,"name":"Home","item":"https:\/\/eljardinderosas.cl\/inicio\/"},{"@type":"ListItem","position":2,"name":"Tienda","item":"https:\/\/eljardinderosas.cl\/inicio\/tienda\/"},{"@type":"ListItem","position":3,"name":"Ramo de 100 rosas ecuatorianas rojas tallo largo"}]}]}},"_links":{"self":[{"href":"https:\/\/eljardinderosas.cl\/inicio\/wp-json\/wp\/v2\/product\/1295"}],"collection":[{"href":"https:\/\/eljardinderosas.cl\/inicio\/wp-json\/wp\/v2\/product"}],"about":[{"href":"https:\/\/eljardinderosas.cl\/inicio\/wp-json\/wp\/v2\/types\/product"}],"wp:featuredmedia":[{"embeddable":true,"href":"https:\/\/eljardinderosas.cl\/inicio\/wp-json\/wp\/v2\/media\/19822"}],"wp:attachment":[{"href":"https:\/\/eljardinderosas.cl\/inicio\/wp-json\/wp\/v2\/media?parent=1295"}],"wp:term":[{"taxonomy":"product_cat","embeddable":true,"href":"https:\/\/eljardinderosas.cl\/inicio\/wp-json\/wp\/v2\/product_cat?post=1295"},{"taxonomy":"product_tag","embeddable":true,"href":"https:\/\/eljardinderosas.cl\/inicio\/wp-json\/wp\/v2\/product_tag?post=1295"}],"curies":[{"name":"wp","href":"https:\/\/api.w.org\/{rel}","templated":true}]}}