{"id":12964,"date":"2022-01-25T22:20:48","date_gmt":"2022-01-26T01:20:48","guid":{"rendered":"https:\/\/eljardinderosas.cl\/inicio\/?post_type=product&#038;p=12964"},"modified":"2026-04-17T11:18:27","modified_gmt":"2026-04-17T15:18:27","slug":"ramo-50-rosas-ecuatorianas-circular-rojas-a-domicilio","status":"publish","type":"product","link":"https:\/\/eljardinderosas.cl\/inicio\/tienda\/arreglos-florales\/rosas\/ramo-50-rosas-ecuatorianas-circular-rojas-a-domicilio\/","title":{"rendered":"Ramo 50 rosas ecuatorianas circular rojas a domicilio"},"content":{"rendered":"<p>Sorprende a esa persona especial en este 14 de febrero con nuestro deslumbrante ramo de 50 rosas rojas tallo largo. Este impresionante arreglo floral simboliza el amor eterno y la pasi\u00f3n, convirti\u00e9ndolo en el regalo ideal para expresar tus sentimientos m\u00e1s profundos. Cada rosa, seleccionada a mano por su belleza y frescura, es un recordatorio de tu amor incondicional. Perfecto para sorprender a tu pareja, este ramo no solo embellecer\u00e1 su d\u00eda, sino que tambi\u00e9n crear\u00e1 recuerdos inolvidables. Acomp\u00e1\u00f1alo con un mensaje personalizado y haz que este San Valent\u00edn sea verdaderamente especial. \u00a1Celebra el amor con la elegancia y la belleza de nuestras rosas rojas! <\/p>\n","protected":false},"excerpt":{"rendered":"<p> llega a su coraz\u00f3n\u2764\ufe0f con flores de florer\u00eda<br \/>\nEl Jard\u00edn de Rosas\ud83c\udf39\u00a1Celebra y Descubre ramos \u00fanicos y ofertas especiales que alegrar\u00e1n su d\u00eda. \u00a1Haz tu pedido hoy y sorpr\u00e9ndela con un detalle inolvidable!<\/p>\n","protected":false},"featured_media":19614,"template":"","meta":[],"product_cat":[96,69,144,93,71,84,254,261],"product_tag":[],"yoast_head":"<!-- This site is optimized with the Yoast SEO Premium plugin v17.1.2 (Yoast SEO v17.3) - https:\/\/yoast.com\/wordpress\/plugins\/seo\/ -->\n<title>Ramo 50 rosas ecuatorianas circular rojas a domicilio - El Jardin de Rosas<\/title>\n<meta name=\"description\" content=\"Perfecto para sorprender a tu pareja, este ramo no solo embellecer\u00e1 su d\u00eda, sino que tambi\u00e9n crear\u00e1 recuerdos inolvidables\" \/>\n<meta name=\"robots\" content=\"index, follow, max-snippet:-1, max-image-preview:large, max-video-preview:-1\" \/>\n<link rel=\"canonical\" href=\"https:\/\/eljardinderosas.cl\/inicio\/tienda\/arreglos-florales\/rosas\/ramo-50-rosas-ecuatorianas-circular-rojas-a-domicilio\/\" \/>\n<meta property=\"og:locale\" content=\"es_ES\" \/>\n<meta property=\"og:type\" content=\"article\" \/>\n<meta property=\"og:title\" content=\"Ramo 50 rosas ecuatorianas circular rojas a domicilio\" \/>\n<meta property=\"og:description\" content=\"Perfecto para sorprender a tu pareja, este ramo no solo embellecer\u00e1 su d\u00eda, sino que tambi\u00e9n crear\u00e1 recuerdos inolvidables\" \/>\n<meta property=\"og:url\" content=\"https:\/\/eljardinderosas.cl\/inicio\/tienda\/arreglos-florales\/rosas\/ramo-50-rosas-ecuatorianas-circular-rojas-a-domicilio\/\" \/>\n<meta property=\"og:site_name\" content=\"El Jardin de Rosas\" \/>\n<meta property=\"article:modified_time\" content=\"2026-04-17T15:18:27+00:00\" \/>\n<meta property=\"og:image\" content=\"https:\/\/eljardinderosas.cl\/inicio\/wp-content\/uploads\/2022\/01\/RAMO-CON-50-ROSAS-ECUATORIANAS-PREMIUM-TALLO-LARGO.png\" \/>\n\t<meta property=\"og:image:width\" content=\"1024\" \/>\n\t<meta property=\"og:image:height\" content=\"1024\" \/>\n<meta name=\"twitter:card\" content=\"summary_large_image\" \/>\n<meta name=\"twitter:label1\" content=\"Tiempo de lectura\" \/>\n\t<meta name=\"twitter:data1\" content=\"1 minuto\" \/>\n<script type=\"application\/ld+json\" class=\"yoast-schema-graph\">{\"@context\":\"https:\/\/schema.org\",\"@graph\":[{\"@type\":\"Organization\",\"@id\":\"https:\/\/eljardinderosas.cl\/inicio\/#organization\",\"name\":\"El jardin de las rosas\",\"url\":\"https:\/\/eljardinderosas.cl\/inicio\/\",\"sameAs\":[\"https:\/\/www.instagram.com\/floreria_eljardinderosas\/\"],\"logo\":{\"@type\":\"ImageObject\",\"@id\":\"https:\/\/eljardinderosas.cl\/inicio\/#logo\",\"inLanguage\":\"es\",\"url\":\"https:\/\/eljardinderosas.cl\/inicio\/wp-content\/uploads\/2020\/10\/eljardinderosas-mail.png\",\"contentUrl\":\"https:\/\/eljardinderosas.cl\/inicio\/wp-content\/uploads\/2020\/10\/eljardinderosas-mail.png\",\"width\":317,\"height\":97,\"caption\":\"El jardin de las rosas\"},\"image\":{\"@id\":\"https:\/\/eljardinderosas.cl\/inicio\/#logo\"}},{\"@type\":\"WebSite\",\"@id\":\"https:\/\/eljardinderosas.cl\/inicio\/#website\",\"url\":\"https:\/\/eljardinderosas.cl\/inicio\/\",\"name\":\"Floreria El jardin de las Rosas\",\"description\":\"Flores en Santiago\",\"publisher\":{\"@id\":\"https:\/\/eljardinderosas.cl\/inicio\/#organization\"},\"potentialAction\":[{\"@type\":\"SearchAction\",\"target\":{\"@type\":\"EntryPoint\",\"urlTemplate\":\"https:\/\/eljardinderosas.cl\/inicio\/?s={search_term_string}\"},\"query-input\":\"required name=search_term_string\"}],\"inLanguage\":\"es\"},{\"@type\":\"ImageObject\",\"@id\":\"https:\/\/eljardinderosas.cl\/inicio\/tienda\/arreglos-florales\/rosas\/ramo-50-rosas-ecuatorianas-circular-rojas-a-domicilio\/#primaryimage\",\"inLanguage\":\"es\",\"url\":\"https:\/\/eljardinderosas.cl\/inicio\/wp-content\/uploads\/2022\/01\/RAMO-CON-50-ROSAS-ECUATORIANAS-PREMIUM-TALLO-LARGO.png\",\"contentUrl\":\"https:\/\/eljardinderosas.cl\/inicio\/wp-content\/uploads\/2022\/01\/RAMO-CON-50-ROSAS-ECUATORIANAS-PREMIUM-TALLO-LARGO.png\",\"width\":1024,\"height\":1024},{\"@type\":\"WebPage\",\"@id\":\"https:\/\/eljardinderosas.cl\/inicio\/tienda\/arreglos-florales\/rosas\/ramo-50-rosas-ecuatorianas-circular-rojas-a-domicilio\/#webpage\",\"url\":\"https:\/\/eljardinderosas.cl\/inicio\/tienda\/arreglos-florales\/rosas\/ramo-50-rosas-ecuatorianas-circular-rojas-a-domicilio\/\",\"name\":\"Ramo 50 rosas ecuatorianas circular rojas a domicilio - El Jardin de Rosas\",\"isPartOf\":{\"@id\":\"https:\/\/eljardinderosas.cl\/inicio\/#website\"},\"primaryImageOfPage\":{\"@id\":\"https:\/\/eljardinderosas.cl\/inicio\/tienda\/arreglos-florales\/rosas\/ramo-50-rosas-ecuatorianas-circular-rojas-a-domicilio\/#primaryimage\"},\"datePublished\":\"2022-01-26T01:20:48+00:00\",\"dateModified\":\"2026-04-17T15:18:27+00:00\",\"description\":\"Perfecto para sorprender a tu pareja, este ramo no solo embellecer\\u00e1 su d\\u00eda, sino que tambi\\u00e9n crear\\u00e1 recuerdos inolvidables\",\"breadcrumb\":{\"@id\":\"https:\/\/eljardinderosas.cl\/inicio\/tienda\/arreglos-florales\/rosas\/ramo-50-rosas-ecuatorianas-circular-rojas-a-domicilio\/#breadcrumb\"},\"inLanguage\":\"es\",\"potentialAction\":[{\"@type\":\"ReadAction\",\"target\":[\"https:\/\/eljardinderosas.cl\/inicio\/tienda\/arreglos-florales\/rosas\/ramo-50-rosas-ecuatorianas-circular-rojas-a-domicilio\/\"]}]},{\"@type\":\"BreadcrumbList\",\"@id\":\"https:\/\/eljardinderosas.cl\/inicio\/tienda\/arreglos-florales\/rosas\/ramo-50-rosas-ecuatorianas-circular-rojas-a-domicilio\/#breadcrumb\",\"itemListElement\":[{\"@type\":\"ListItem\",\"position\":1,\"name\":\"Home\",\"item\":\"https:\/\/eljardinderosas.cl\/inicio\/\"},{\"@type\":\"ListItem\",\"position\":2,\"name\":\"Tienda\",\"item\":\"https:\/\/eljardinderosas.cl\/inicio\/tienda\/\"},{\"@type\":\"ListItem\",\"position\":3,\"name\":\"Ramo 50 rosas ecuatorianas circular rojas a domicilio\"}]}]}<\/script>\n<!-- \/ Yoast SEO Premium plugin. -->","yoast_head_json":{"title":"Ramo 50 rosas ecuatorianas circular rojas a domicilio - El Jardin de Rosas","description":"Perfecto para sorprender a tu pareja, este ramo no solo embellecer\u00e1 su d\u00eda, sino que tambi\u00e9n crear\u00e1 recuerdos inolvidables","robots":{"index":"index","follow":"follow","max-snippet":"max-snippet:-1","max-image-preview":"max-image-preview:large","max-video-preview":"max-video-preview:-1"},"canonical":"https:\/\/eljardinderosas.cl\/inicio\/tienda\/arreglos-florales\/rosas\/ramo-50-rosas-ecuatorianas-circular-rojas-a-domicilio\/","og_locale":"es_ES","og_type":"article","og_title":"Ramo 50 rosas ecuatorianas circular rojas a domicilio","og_description":"Perfecto para sorprender a tu pareja, este ramo no solo embellecer\u00e1 su d\u00eda, sino que tambi\u00e9n crear\u00e1 recuerdos inolvidables","og_url":"https:\/\/eljardinderosas.cl\/inicio\/tienda\/arreglos-florales\/rosas\/ramo-50-rosas-ecuatorianas-circular-rojas-a-domicilio\/","og_site_name":"El Jardin de Rosas","article_modified_time":"2026-04-17T15:18:27+00:00","og_image":[{"width":1024,"height":1024,"url":"https:\/\/eljardinderosas.cl\/inicio\/wp-content\/uploads\/2022\/01\/RAMO-CON-50-ROSAS-ECUATORIANAS-PREMIUM-TALLO-LARGO.png","type":"image\/png"}],"twitter_card":"summary_large_image","twitter_misc":{"Tiempo de lectura":"1 minuto"},"schema":{"@context":"https:\/\/schema.org","@graph":[{"@type":"Organization","@id":"https:\/\/eljardinderosas.cl\/inicio\/#organization","name":"El jardin de las rosas","url":"https:\/\/eljardinderosas.cl\/inicio\/","sameAs":["https:\/\/www.instagram.com\/floreria_eljardinderosas\/"],"logo":{"@type":"ImageObject","@id":"https:\/\/eljardinderosas.cl\/inicio\/#logo","inLanguage":"es","url":"https:\/\/eljardinderosas.cl\/inicio\/wp-content\/uploads\/2020\/10\/eljardinderosas-mail.png","contentUrl":"https:\/\/eljardinderosas.cl\/inicio\/wp-content\/uploads\/2020\/10\/eljardinderosas-mail.png","width":317,"height":97,"caption":"El jardin de las rosas"},"image":{"@id":"https:\/\/eljardinderosas.cl\/inicio\/#logo"}},{"@type":"WebSite","@id":"https:\/\/eljardinderosas.cl\/inicio\/#website","url":"https:\/\/eljardinderosas.cl\/inicio\/","name":"Floreria El jardin de las Rosas","description":"Flores en Santiago","publisher":{"@id":"https:\/\/eljardinderosas.cl\/inicio\/#organization"},"potentialAction":[{"@type":"SearchAction","target":{"@type":"EntryPoint","urlTemplate":"https:\/\/eljardinderosas.cl\/inicio\/?s={search_term_string}"},"query-input":"required name=search_term_string"}],"inLanguage":"es"},{"@type":"ImageObject","@id":"https:\/\/eljardinderosas.cl\/inicio\/tienda\/arreglos-florales\/rosas\/ramo-50-rosas-ecuatorianas-circular-rojas-a-domicilio\/#primaryimage","inLanguage":"es","url":"https:\/\/eljardinderosas.cl\/inicio\/wp-content\/uploads\/2022\/01\/RAMO-CON-50-ROSAS-ECUATORIANAS-PREMIUM-TALLO-LARGO.png","contentUrl":"https:\/\/eljardinderosas.cl\/inicio\/wp-content\/uploads\/2022\/01\/RAMO-CON-50-ROSAS-ECUATORIANAS-PREMIUM-TALLO-LARGO.png","width":1024,"height":1024},{"@type":"WebPage","@id":"https:\/\/eljardinderosas.cl\/inicio\/tienda\/arreglos-florales\/rosas\/ramo-50-rosas-ecuatorianas-circular-rojas-a-domicilio\/#webpage","url":"https:\/\/eljardinderosas.cl\/inicio\/tienda\/arreglos-florales\/rosas\/ramo-50-rosas-ecuatorianas-circular-rojas-a-domicilio\/","name":"Ramo 50 rosas ecuatorianas circular rojas a domicilio - El Jardin de Rosas","isPartOf":{"@id":"https:\/\/eljardinderosas.cl\/inicio\/#website"},"primaryImageOfPage":{"@id":"https:\/\/eljardinderosas.cl\/inicio\/tienda\/arreglos-florales\/rosas\/ramo-50-rosas-ecuatorianas-circular-rojas-a-domicilio\/#primaryimage"},"datePublished":"2022-01-26T01:20:48+00:00","dateModified":"2026-04-17T15:18:27+00:00","description":"Perfecto para sorprender a tu pareja, este ramo no solo embellecer\u00e1 su d\u00eda, sino que tambi\u00e9n crear\u00e1 recuerdos inolvidables","breadcrumb":{"@id":"https:\/\/eljardinderosas.cl\/inicio\/tienda\/arreglos-florales\/rosas\/ramo-50-rosas-ecuatorianas-circular-rojas-a-domicilio\/#breadcrumb"},"inLanguage":"es","potentialAction":[{"@type":"ReadAction","target":["https:\/\/eljardinderosas.cl\/inicio\/tienda\/arreglos-florales\/rosas\/ramo-50-rosas-ecuatorianas-circular-rojas-a-domicilio\/"]}]},{"@type":"BreadcrumbList","@id":"https:\/\/eljardinderosas.cl\/inicio\/tienda\/arreglos-florales\/rosas\/ramo-50-rosas-ecuatorianas-circular-rojas-a-domicilio\/#breadcrumb","itemListElement":[{"@type":"ListItem","position":1,"name":"Home","item":"https:\/\/eljardinderosas.cl\/inicio\/"},{"@type":"ListItem","position":2,"name":"Tienda","item":"https:\/\/eljardinderosas.cl\/inicio\/tienda\/"},{"@type":"ListItem","position":3,"name":"Ramo 50 rosas ecuatorianas circular rojas a domicilio"}]}]}},"_links":{"self":[{"href":"https:\/\/eljardinderosas.cl\/inicio\/wp-json\/wp\/v2\/product\/12964"}],"collection":[{"href":"https:\/\/eljardinderosas.cl\/inicio\/wp-json\/wp\/v2\/product"}],"about":[{"href":"https:\/\/eljardinderosas.cl\/inicio\/wp-json\/wp\/v2\/types\/product"}],"wp:featuredmedia":[{"embeddable":true,"href":"https:\/\/eljardinderosas.cl\/inicio\/wp-json\/wp\/v2\/media\/19614"}],"wp:attachment":[{"href":"https:\/\/eljardinderosas.cl\/inicio\/wp-json\/wp\/v2\/media?parent=12964"}],"wp:term":[{"taxonomy":"product_cat","embeddable":true,"href":"https:\/\/eljardinderosas.cl\/inicio\/wp-json\/wp\/v2\/product_cat?post=12964"},{"taxonomy":"product_tag","embeddable":true,"href":"https:\/\/eljardinderosas.cl\/inicio\/wp-json\/wp\/v2\/product_tag?post=12964"}],"curies":[{"name":"wp","href":"https:\/\/api.w.org\/{rel}","templated":true}]}}