{"id":1306,"date":"2020-10-31T21:52:33","date_gmt":"2020-11-01T00:52:33","guid":{"rendered":"https:\/\/eljardinderosas.cl\/inicio\/?post_type=product&#038;p=1306"},"modified":"2023-03-26T20:48:39","modified_gmt":"2023-03-26T23:48:39","slug":"kit-de-aseo-cuidado-personal-para-bebes-peluche-y-globos","status":"publish","type":"product","link":"https:\/\/eljardinderosas.cl\/inicio\/tienda\/a-arreglos-para-nacimientos\/kit-de-aseo-cuidado-personal-para-bebes-peluche-y-globos\/","title":{"rendered":"Kit de aseo , cuidado personal para beb\u00e9s peluche y globos"},"content":{"rendered":"<ul>\n<li>Kit de aseo , cuidado personal para beb\u00e9s peluche y globos<\/li>\n<li>Incluye Canasta especial para reci\u00e9n nacido Ni\u00f1ita o Ni\u00f1ito<\/li>\n<li>compuesta por accesorios cuidado y limpieza del beb\u00e9<\/li>\n<li>Colonia ,Shampu , cototito emulsionado ,talco y toallitas<\/li>\n<li>25 pa\u00f1ales para reci\u00e9n nacido<\/li>\n<li>Tierno Peluche<\/li>\n<li>Incluye 1 Globo Grande<\/li>\n<li>Incluye 1 Globo Chico<\/li>\n<li>Cintas Celestes y Blancos<\/li>\n<li>3 Papeles Blancos y Celeste o Azul<\/li>\n<li>Incluye Linda Canasta<\/li>\n<li>Incluye linda tarjeta de saludos<\/li>\n<\/ul>\n","protected":false},"excerpt":{"rendered":"<p>Despacho gratis Santiago Centro ,providencia<\/p>\n","protected":false},"featured_media":15509,"template":"","meta":[],"product_cat":[85],"product_tag":[131],"yoast_head":"<!-- This site is optimized with the Yoast SEO Premium plugin v17.1.2 (Yoast SEO v17.3) - https:\/\/yoast.com\/wordpress\/plugins\/seo\/ -->\n<title>Kit de aseo , cuidado personal para beb\u00e9s peluche y globos - El Jardin de Rosas<\/title>\n<meta name=\"description\" content=\"Canasta con pa\u00f1ales + + Globo +Peluche para despachar clinicas domicilio\" \/>\n<meta name=\"robots\" content=\"index, follow, max-snippet:-1, max-image-preview:large, max-video-preview:-1\" \/>\n<link rel=\"canonical\" href=\"https:\/\/eljardinderosas.cl\/inicio\/tienda\/a-arreglos-para-nacimientos\/kit-de-aseo-cuidado-personal-para-bebes-peluche-y-globos\/\" \/>\n<meta property=\"og:locale\" content=\"es_ES\" \/>\n<meta property=\"og:type\" content=\"article\" \/>\n<meta property=\"og:title\" content=\"Kit de aseo , cuidado personal para beb\u00e9s peluche y globos\" \/>\n<meta property=\"og:description\" content=\"Canasta con pa\u00f1ales + + Globo +Peluche para despachar clinicas domicilio\" \/>\n<meta property=\"og:url\" content=\"https:\/\/eljardinderosas.cl\/inicio\/tienda\/a-arreglos-para-nacimientos\/kit-de-aseo-cuidado-personal-para-bebes-peluche-y-globos\/\" \/>\n<meta property=\"og:site_name\" content=\"El Jardin de Rosas\" \/>\n<meta property=\"article:modified_time\" content=\"2023-03-26T23:48:39+00:00\" \/>\n<meta property=\"og:image\" content=\"https:\/\/eljardinderosas.cl\/inicio\/wp-content\/uploads\/2020\/10\/CANASTA-PARA-RECIEN-NACIDO.jpg\" \/>\n\t<meta property=\"og:image:width\" content=\"562\" \/>\n\t<meta property=\"og:image:height\" content=\"500\" \/>\n<meta name=\"twitter:card\" content=\"summary_large_image\" \/>\n<meta name=\"twitter:label1\" content=\"Tiempo de lectura\" \/>\n\t<meta name=\"twitter:data1\" content=\"1 minuto\" \/>\n<script type=\"application\/ld+json\" class=\"yoast-schema-graph\">{\"@context\":\"https:\/\/schema.org\",\"@graph\":[{\"@type\":\"Organization\",\"@id\":\"https:\/\/eljardinderosas.cl\/inicio\/#organization\",\"name\":\"El jardin de las rosas\",\"url\":\"https:\/\/eljardinderosas.cl\/inicio\/\",\"sameAs\":[\"https:\/\/www.instagram.com\/floreria_eljardinderosas\/\"],\"logo\":{\"@type\":\"ImageObject\",\"@id\":\"https:\/\/eljardinderosas.cl\/inicio\/#logo\",\"inLanguage\":\"es\",\"url\":\"https:\/\/eljardinderosas.cl\/inicio\/wp-content\/uploads\/2020\/10\/eljardinderosas-mail.png\",\"contentUrl\":\"https:\/\/eljardinderosas.cl\/inicio\/wp-content\/uploads\/2020\/10\/eljardinderosas-mail.png\",\"width\":317,\"height\":97,\"caption\":\"El jardin de las rosas\"},\"image\":{\"@id\":\"https:\/\/eljardinderosas.cl\/inicio\/#logo\"}},{\"@type\":\"WebSite\",\"@id\":\"https:\/\/eljardinderosas.cl\/inicio\/#website\",\"url\":\"https:\/\/eljardinderosas.cl\/inicio\/\",\"name\":\"Floreria El jardin de las Rosas\",\"description\":\"Flores en Santiago\",\"publisher\":{\"@id\":\"https:\/\/eljardinderosas.cl\/inicio\/#organization\"},\"potentialAction\":[{\"@type\":\"SearchAction\",\"target\":{\"@type\":\"EntryPoint\",\"urlTemplate\":\"https:\/\/eljardinderosas.cl\/inicio\/?s={search_term_string}\"},\"query-input\":\"required name=search_term_string\"}],\"inLanguage\":\"es\"},{\"@type\":\"ImageObject\",\"@id\":\"https:\/\/eljardinderosas.cl\/inicio\/tienda\/a-arreglos-para-nacimientos\/kit-de-aseo-cuidado-personal-para-bebes-peluche-y-globos\/#primaryimage\",\"inLanguage\":\"es\",\"url\":\"https:\/\/eljardinderosas.cl\/inicio\/wp-content\/uploads\/2020\/10\/CANASTA-PARA-RECIEN-NACIDO.jpg\",\"contentUrl\":\"https:\/\/eljardinderosas.cl\/inicio\/wp-content\/uploads\/2020\/10\/CANASTA-PARA-RECIEN-NACIDO.jpg\",\"width\":562,\"height\":500},{\"@type\":\"WebPage\",\"@id\":\"https:\/\/eljardinderosas.cl\/inicio\/tienda\/a-arreglos-para-nacimientos\/kit-de-aseo-cuidado-personal-para-bebes-peluche-y-globos\/#webpage\",\"url\":\"https:\/\/eljardinderosas.cl\/inicio\/tienda\/a-arreglos-para-nacimientos\/kit-de-aseo-cuidado-personal-para-bebes-peluche-y-globos\/\",\"name\":\"Kit de aseo , cuidado personal para beb\\u00e9s peluche y globos - El Jardin de Rosas\",\"isPartOf\":{\"@id\":\"https:\/\/eljardinderosas.cl\/inicio\/#website\"},\"primaryImageOfPage\":{\"@id\":\"https:\/\/eljardinderosas.cl\/inicio\/tienda\/a-arreglos-para-nacimientos\/kit-de-aseo-cuidado-personal-para-bebes-peluche-y-globos\/#primaryimage\"},\"datePublished\":\"2020-11-01T00:52:33+00:00\",\"dateModified\":\"2023-03-26T23:48:39+00:00\",\"description\":\"Canasta con pa\\u00f1ales + + Globo +Peluche para despachar clinicas domicilio\",\"breadcrumb\":{\"@id\":\"https:\/\/eljardinderosas.cl\/inicio\/tienda\/a-arreglos-para-nacimientos\/kit-de-aseo-cuidado-personal-para-bebes-peluche-y-globos\/#breadcrumb\"},\"inLanguage\":\"es\",\"potentialAction\":[{\"@type\":\"ReadAction\",\"target\":[\"https:\/\/eljardinderosas.cl\/inicio\/tienda\/a-arreglos-para-nacimientos\/kit-de-aseo-cuidado-personal-para-bebes-peluche-y-globos\/\"]}]},{\"@type\":\"BreadcrumbList\",\"@id\":\"https:\/\/eljardinderosas.cl\/inicio\/tienda\/a-arreglos-para-nacimientos\/kit-de-aseo-cuidado-personal-para-bebes-peluche-y-globos\/#breadcrumb\",\"itemListElement\":[{\"@type\":\"ListItem\",\"position\":1,\"name\":\"Home\",\"item\":\"https:\/\/eljardinderosas.cl\/inicio\/\"},{\"@type\":\"ListItem\",\"position\":2,\"name\":\"Tienda\",\"item\":\"https:\/\/eljardinderosas.cl\/inicio\/tienda\/\"},{\"@type\":\"ListItem\",\"position\":3,\"name\":\"Kit de aseo , cuidado personal para beb\\u00e9s peluche y globos\"}]}]}<\/script>\n<!-- \/ Yoast SEO Premium plugin. -->","yoast_head_json":{"title":"Kit de aseo , cuidado personal para beb\u00e9s peluche y globos - El Jardin de Rosas","description":"Canasta con pa\u00f1ales + + Globo +Peluche para despachar clinicas domicilio","robots":{"index":"index","follow":"follow","max-snippet":"max-snippet:-1","max-image-preview":"max-image-preview:large","max-video-preview":"max-video-preview:-1"},"canonical":"https:\/\/eljardinderosas.cl\/inicio\/tienda\/a-arreglos-para-nacimientos\/kit-de-aseo-cuidado-personal-para-bebes-peluche-y-globos\/","og_locale":"es_ES","og_type":"article","og_title":"Kit de aseo , cuidado personal para beb\u00e9s peluche y globos","og_description":"Canasta con pa\u00f1ales + + Globo +Peluche para despachar clinicas domicilio","og_url":"https:\/\/eljardinderosas.cl\/inicio\/tienda\/a-arreglos-para-nacimientos\/kit-de-aseo-cuidado-personal-para-bebes-peluche-y-globos\/","og_site_name":"El Jardin de Rosas","article_modified_time":"2023-03-26T23:48:39+00:00","og_image":[{"width":562,"height":500,"url":"https:\/\/eljardinderosas.cl\/inicio\/wp-content\/uploads\/2020\/10\/CANASTA-PARA-RECIEN-NACIDO.jpg","type":"image\/jpeg"}],"twitter_card":"summary_large_image","twitter_misc":{"Tiempo de lectura":"1 minuto"},"schema":{"@context":"https:\/\/schema.org","@graph":[{"@type":"Organization","@id":"https:\/\/eljardinderosas.cl\/inicio\/#organization","name":"El jardin de las rosas","url":"https:\/\/eljardinderosas.cl\/inicio\/","sameAs":["https:\/\/www.instagram.com\/floreria_eljardinderosas\/"],"logo":{"@type":"ImageObject","@id":"https:\/\/eljardinderosas.cl\/inicio\/#logo","inLanguage":"es","url":"https:\/\/eljardinderosas.cl\/inicio\/wp-content\/uploads\/2020\/10\/eljardinderosas-mail.png","contentUrl":"https:\/\/eljardinderosas.cl\/inicio\/wp-content\/uploads\/2020\/10\/eljardinderosas-mail.png","width":317,"height":97,"caption":"El jardin de las rosas"},"image":{"@id":"https:\/\/eljardinderosas.cl\/inicio\/#logo"}},{"@type":"WebSite","@id":"https:\/\/eljardinderosas.cl\/inicio\/#website","url":"https:\/\/eljardinderosas.cl\/inicio\/","name":"Floreria El jardin de las Rosas","description":"Flores en Santiago","publisher":{"@id":"https:\/\/eljardinderosas.cl\/inicio\/#organization"},"potentialAction":[{"@type":"SearchAction","target":{"@type":"EntryPoint","urlTemplate":"https:\/\/eljardinderosas.cl\/inicio\/?s={search_term_string}"},"query-input":"required name=search_term_string"}],"inLanguage":"es"},{"@type":"ImageObject","@id":"https:\/\/eljardinderosas.cl\/inicio\/tienda\/a-arreglos-para-nacimientos\/kit-de-aseo-cuidado-personal-para-bebes-peluche-y-globos\/#primaryimage","inLanguage":"es","url":"https:\/\/eljardinderosas.cl\/inicio\/wp-content\/uploads\/2020\/10\/CANASTA-PARA-RECIEN-NACIDO.jpg","contentUrl":"https:\/\/eljardinderosas.cl\/inicio\/wp-content\/uploads\/2020\/10\/CANASTA-PARA-RECIEN-NACIDO.jpg","width":562,"height":500},{"@type":"WebPage","@id":"https:\/\/eljardinderosas.cl\/inicio\/tienda\/a-arreglos-para-nacimientos\/kit-de-aseo-cuidado-personal-para-bebes-peluche-y-globos\/#webpage","url":"https:\/\/eljardinderosas.cl\/inicio\/tienda\/a-arreglos-para-nacimientos\/kit-de-aseo-cuidado-personal-para-bebes-peluche-y-globos\/","name":"Kit de aseo , cuidado personal para beb\u00e9s peluche y globos - El Jardin de Rosas","isPartOf":{"@id":"https:\/\/eljardinderosas.cl\/inicio\/#website"},"primaryImageOfPage":{"@id":"https:\/\/eljardinderosas.cl\/inicio\/tienda\/a-arreglos-para-nacimientos\/kit-de-aseo-cuidado-personal-para-bebes-peluche-y-globos\/#primaryimage"},"datePublished":"2020-11-01T00:52:33+00:00","dateModified":"2023-03-26T23:48:39+00:00","description":"Canasta con pa\u00f1ales + + Globo +Peluche para despachar clinicas domicilio","breadcrumb":{"@id":"https:\/\/eljardinderosas.cl\/inicio\/tienda\/a-arreglos-para-nacimientos\/kit-de-aseo-cuidado-personal-para-bebes-peluche-y-globos\/#breadcrumb"},"inLanguage":"es","potentialAction":[{"@type":"ReadAction","target":["https:\/\/eljardinderosas.cl\/inicio\/tienda\/a-arreglos-para-nacimientos\/kit-de-aseo-cuidado-personal-para-bebes-peluche-y-globos\/"]}]},{"@type":"BreadcrumbList","@id":"https:\/\/eljardinderosas.cl\/inicio\/tienda\/a-arreglos-para-nacimientos\/kit-de-aseo-cuidado-personal-para-bebes-peluche-y-globos\/#breadcrumb","itemListElement":[{"@type":"ListItem","position":1,"name":"Home","item":"https:\/\/eljardinderosas.cl\/inicio\/"},{"@type":"ListItem","position":2,"name":"Tienda","item":"https:\/\/eljardinderosas.cl\/inicio\/tienda\/"},{"@type":"ListItem","position":3,"name":"Kit de aseo , cuidado personal para beb\u00e9s peluche y globos"}]}]}},"_links":{"self":[{"href":"https:\/\/eljardinderosas.cl\/inicio\/wp-json\/wp\/v2\/product\/1306"}],"collection":[{"href":"https:\/\/eljardinderosas.cl\/inicio\/wp-json\/wp\/v2\/product"}],"about":[{"href":"https:\/\/eljardinderosas.cl\/inicio\/wp-json\/wp\/v2\/types\/product"}],"wp:featuredmedia":[{"embeddable":true,"href":"https:\/\/eljardinderosas.cl\/inicio\/wp-json\/wp\/v2\/media\/15509"}],"wp:attachment":[{"href":"https:\/\/eljardinderosas.cl\/inicio\/wp-json\/wp\/v2\/media?parent=1306"}],"wp:term":[{"taxonomy":"product_cat","embeddable":true,"href":"https:\/\/eljardinderosas.cl\/inicio\/wp-json\/wp\/v2\/product_cat?post=1306"},{"taxonomy":"product_tag","embeddable":true,"href":"https:\/\/eljardinderosas.cl\/inicio\/wp-json\/wp\/v2\/product_tag?post=1306"}],"curies":[{"name":"wp","href":"https:\/\/api.w.org\/{rel}","templated":true}]}}