{"id":13100,"date":"2022-02-03T23:32:27","date_gmt":"2022-02-04T02:32:27","guid":{"rendered":"https:\/\/eljardinderosas.cl\/inicio\/?post_type=product&#038;p=13100"},"modified":"2026-04-22T11:26:07","modified_gmt":"2026-04-22T15:26:07","slug":"preciosa-caja-con-blanco-y-rosados-arreglo-con-rosas-y-globo","status":"publish","type":"product","link":"https:\/\/eljardinderosas.cl\/inicio\/tienda\/a-arreglos-para-nacimientos\/preciosa-caja-con-blanco-y-rosados-arreglo-con-rosas-y-globo\/","title":{"rendered":"Preciosa caja con 10 blanco y rosados arreglo con rosas y globo"},"content":{"rendered":"<p>codigo:RB-12<br \/>\nHermoso arreglo floral dise\u00f1ado en una fina base redonda con 10 rosas rosadas y blancas  perfecto para sorprender a tu mam\u00e1 este 10 de mayo  Estas flores no solo cautivan por su belleza visual, sino que tambi\u00e9n llevan un profundo significado simb\u00f3lico. Ideal para regalar en cumplea\u00f1os, aniversarios, bodas o simplemente para expresar tus sentimientos de manera \u00fanica. Cada rosas ha sido seleccionado con cuidado para asegurar su frescura y calidad, Incluye linda tarjeta de saludos para expresar una l\u00edneas a la persona especial que recibiera este presente <\/p>\n","protected":false},"excerpt":{"rendered":"<p>10 de mayo dia de la mam\u00e1 Perfecto  para sorprenderla con dulzura. y amor. Pide el tuyo ahora y hazla sonre\u00edr<\/p>\n","protected":false},"featured_media":20307,"template":"","meta":[],"product_cat":[96,85,93,202,245,97,261],"product_tag":[],"yoast_head":"<!-- This site is optimized with the Yoast SEO Premium plugin v17.1.2 (Yoast SEO v17.3) - https:\/\/yoast.com\/wordpress\/plugins\/seo\/ -->\n<title>Preciosa caja con 10 blanco y rosados arreglo con rosas y globo - El Jardin de Rosas<\/title>\n<meta name=\"description\" content=\"Regala un toque de elegancia y dulzura con este encantador box 12 rosadas y blancas. Perfecto para para sorprender a tu mam\u00e1\" \/>\n<meta name=\"robots\" content=\"index, follow, max-snippet:-1, max-image-preview:large, max-video-preview:-1\" \/>\n<link rel=\"canonical\" href=\"https:\/\/eljardinderosas.cl\/inicio\/tienda\/a-arreglos-para-nacimientos\/preciosa-caja-con-blanco-y-rosados-arreglo-con-rosas-y-globo\/\" \/>\n<meta property=\"og:locale\" content=\"es_ES\" \/>\n<meta property=\"og:type\" content=\"article\" \/>\n<meta property=\"og:title\" content=\"Preciosa caja con 10 blanco y rosados arreglo con rosas y globo\" \/>\n<meta property=\"og:description\" content=\"Regala un toque de elegancia y dulzura con este encantador box 12 rosadas y blancas. Perfecto para para sorprender a tu mam\u00e1\" \/>\n<meta property=\"og:url\" content=\"https:\/\/eljardinderosas.cl\/inicio\/tienda\/a-arreglos-para-nacimientos\/preciosa-caja-con-blanco-y-rosados-arreglo-con-rosas-y-globo\/\" \/>\n<meta property=\"og:site_name\" content=\"El Jardin de Rosas\" \/>\n<meta property=\"article:modified_time\" content=\"2026-04-22T15:26:07+00:00\" \/>\n<meta property=\"og:image\" content=\"https:\/\/eljardinderosas.cl\/inicio\/wp-content\/uploads\/2022\/02\/CAJA-12-ROSAS-ROSADAS-Y-BLANCAS.jpg\" \/>\n\t<meta property=\"og:image:width\" content=\"1254\" \/>\n\t<meta property=\"og:image:height\" content=\"1254\" \/>\n<meta name=\"twitter:card\" content=\"summary_large_image\" \/>\n<meta name=\"twitter:label1\" content=\"Tiempo de lectura\" \/>\n\t<meta name=\"twitter:data1\" content=\"1 minuto\" \/>\n<script type=\"application\/ld+json\" class=\"yoast-schema-graph\">{\"@context\":\"https:\/\/schema.org\",\"@graph\":[{\"@type\":\"Organization\",\"@id\":\"https:\/\/eljardinderosas.cl\/inicio\/#organization\",\"name\":\"El jardin de las rosas\",\"url\":\"https:\/\/eljardinderosas.cl\/inicio\/\",\"sameAs\":[\"https:\/\/www.instagram.com\/floreria_eljardinderosas\/\"],\"logo\":{\"@type\":\"ImageObject\",\"@id\":\"https:\/\/eljardinderosas.cl\/inicio\/#logo\",\"inLanguage\":\"es\",\"url\":\"https:\/\/eljardinderosas.cl\/inicio\/wp-content\/uploads\/2020\/10\/eljardinderosas-mail.png\",\"contentUrl\":\"https:\/\/eljardinderosas.cl\/inicio\/wp-content\/uploads\/2020\/10\/eljardinderosas-mail.png\",\"width\":317,\"height\":97,\"caption\":\"El jardin de las rosas\"},\"image\":{\"@id\":\"https:\/\/eljardinderosas.cl\/inicio\/#logo\"}},{\"@type\":\"WebSite\",\"@id\":\"https:\/\/eljardinderosas.cl\/inicio\/#website\",\"url\":\"https:\/\/eljardinderosas.cl\/inicio\/\",\"name\":\"Floreria El jardin de las Rosas\",\"description\":\"Flores en Santiago\",\"publisher\":{\"@id\":\"https:\/\/eljardinderosas.cl\/inicio\/#organization\"},\"potentialAction\":[{\"@type\":\"SearchAction\",\"target\":{\"@type\":\"EntryPoint\",\"urlTemplate\":\"https:\/\/eljardinderosas.cl\/inicio\/?s={search_term_string}\"},\"query-input\":\"required name=search_term_string\"}],\"inLanguage\":\"es\"},{\"@type\":\"ImageObject\",\"@id\":\"https:\/\/eljardinderosas.cl\/inicio\/tienda\/a-arreglos-para-nacimientos\/preciosa-caja-con-blanco-y-rosados-arreglo-con-rosas-y-globo\/#primaryimage\",\"inLanguage\":\"es\",\"url\":\"https:\/\/eljardinderosas.cl\/inicio\/wp-content\/uploads\/2022\/02\/CAJA-12-ROSAS-ROSADAS-Y-BLANCAS.jpg\",\"contentUrl\":\"https:\/\/eljardinderosas.cl\/inicio\/wp-content\/uploads\/2022\/02\/CAJA-12-ROSAS-ROSADAS-Y-BLANCAS.jpg\",\"width\":1254,\"height\":1254},{\"@type\":\"WebPage\",\"@id\":\"https:\/\/eljardinderosas.cl\/inicio\/tienda\/a-arreglos-para-nacimientos\/preciosa-caja-con-blanco-y-rosados-arreglo-con-rosas-y-globo\/#webpage\",\"url\":\"https:\/\/eljardinderosas.cl\/inicio\/tienda\/a-arreglos-para-nacimientos\/preciosa-caja-con-blanco-y-rosados-arreglo-con-rosas-y-globo\/\",\"name\":\"Preciosa caja con 10 blanco y rosados arreglo con rosas y globo - El Jardin de Rosas\",\"isPartOf\":{\"@id\":\"https:\/\/eljardinderosas.cl\/inicio\/#website\"},\"primaryImageOfPage\":{\"@id\":\"https:\/\/eljardinderosas.cl\/inicio\/tienda\/a-arreglos-para-nacimientos\/preciosa-caja-con-blanco-y-rosados-arreglo-con-rosas-y-globo\/#primaryimage\"},\"datePublished\":\"2022-02-04T02:32:27+00:00\",\"dateModified\":\"2026-04-22T15:26:07+00:00\",\"description\":\"Regala un toque de elegancia y dulzura con este encantador box 12 rosadas y blancas. Perfecto para para sorprender a tu mam\\u00e1\",\"breadcrumb\":{\"@id\":\"https:\/\/eljardinderosas.cl\/inicio\/tienda\/a-arreglos-para-nacimientos\/preciosa-caja-con-blanco-y-rosados-arreglo-con-rosas-y-globo\/#breadcrumb\"},\"inLanguage\":\"es\",\"potentialAction\":[{\"@type\":\"ReadAction\",\"target\":[\"https:\/\/eljardinderosas.cl\/inicio\/tienda\/a-arreglos-para-nacimientos\/preciosa-caja-con-blanco-y-rosados-arreglo-con-rosas-y-globo\/\"]}]},{\"@type\":\"BreadcrumbList\",\"@id\":\"https:\/\/eljardinderosas.cl\/inicio\/tienda\/a-arreglos-para-nacimientos\/preciosa-caja-con-blanco-y-rosados-arreglo-con-rosas-y-globo\/#breadcrumb\",\"itemListElement\":[{\"@type\":\"ListItem\",\"position\":1,\"name\":\"Home\",\"item\":\"https:\/\/eljardinderosas.cl\/inicio\/\"},{\"@type\":\"ListItem\",\"position\":2,\"name\":\"Tienda\",\"item\":\"https:\/\/eljardinderosas.cl\/inicio\/tienda\/\"},{\"@type\":\"ListItem\",\"position\":3,\"name\":\"Preciosa caja con 10 blanco y rosados arreglo con rosas y globo\"}]}]}<\/script>\n<!-- \/ Yoast SEO Premium plugin. -->","yoast_head_json":{"title":"Preciosa caja con 10 blanco y rosados arreglo con rosas y globo - El Jardin de Rosas","description":"Regala un toque de elegancia y dulzura con este encantador box 12 rosadas y blancas. Perfecto para para sorprender a tu mam\u00e1","robots":{"index":"index","follow":"follow","max-snippet":"max-snippet:-1","max-image-preview":"max-image-preview:large","max-video-preview":"max-video-preview:-1"},"canonical":"https:\/\/eljardinderosas.cl\/inicio\/tienda\/a-arreglos-para-nacimientos\/preciosa-caja-con-blanco-y-rosados-arreglo-con-rosas-y-globo\/","og_locale":"es_ES","og_type":"article","og_title":"Preciosa caja con 10 blanco y rosados arreglo con rosas y globo","og_description":"Regala un toque de elegancia y dulzura con este encantador box 12 rosadas y blancas. Perfecto para para sorprender a tu mam\u00e1","og_url":"https:\/\/eljardinderosas.cl\/inicio\/tienda\/a-arreglos-para-nacimientos\/preciosa-caja-con-blanco-y-rosados-arreglo-con-rosas-y-globo\/","og_site_name":"El Jardin de Rosas","article_modified_time":"2026-04-22T15:26:07+00:00","og_image":[{"width":1254,"height":1254,"url":"https:\/\/eljardinderosas.cl\/inicio\/wp-content\/uploads\/2022\/02\/CAJA-12-ROSAS-ROSADAS-Y-BLANCAS.jpg","type":"image\/jpeg"}],"twitter_card":"summary_large_image","twitter_misc":{"Tiempo de lectura":"1 minuto"},"schema":{"@context":"https:\/\/schema.org","@graph":[{"@type":"Organization","@id":"https:\/\/eljardinderosas.cl\/inicio\/#organization","name":"El jardin de las rosas","url":"https:\/\/eljardinderosas.cl\/inicio\/","sameAs":["https:\/\/www.instagram.com\/floreria_eljardinderosas\/"],"logo":{"@type":"ImageObject","@id":"https:\/\/eljardinderosas.cl\/inicio\/#logo","inLanguage":"es","url":"https:\/\/eljardinderosas.cl\/inicio\/wp-content\/uploads\/2020\/10\/eljardinderosas-mail.png","contentUrl":"https:\/\/eljardinderosas.cl\/inicio\/wp-content\/uploads\/2020\/10\/eljardinderosas-mail.png","width":317,"height":97,"caption":"El jardin de las rosas"},"image":{"@id":"https:\/\/eljardinderosas.cl\/inicio\/#logo"}},{"@type":"WebSite","@id":"https:\/\/eljardinderosas.cl\/inicio\/#website","url":"https:\/\/eljardinderosas.cl\/inicio\/","name":"Floreria El jardin de las Rosas","description":"Flores en Santiago","publisher":{"@id":"https:\/\/eljardinderosas.cl\/inicio\/#organization"},"potentialAction":[{"@type":"SearchAction","target":{"@type":"EntryPoint","urlTemplate":"https:\/\/eljardinderosas.cl\/inicio\/?s={search_term_string}"},"query-input":"required name=search_term_string"}],"inLanguage":"es"},{"@type":"ImageObject","@id":"https:\/\/eljardinderosas.cl\/inicio\/tienda\/a-arreglos-para-nacimientos\/preciosa-caja-con-blanco-y-rosados-arreglo-con-rosas-y-globo\/#primaryimage","inLanguage":"es","url":"https:\/\/eljardinderosas.cl\/inicio\/wp-content\/uploads\/2022\/02\/CAJA-12-ROSAS-ROSADAS-Y-BLANCAS.jpg","contentUrl":"https:\/\/eljardinderosas.cl\/inicio\/wp-content\/uploads\/2022\/02\/CAJA-12-ROSAS-ROSADAS-Y-BLANCAS.jpg","width":1254,"height":1254},{"@type":"WebPage","@id":"https:\/\/eljardinderosas.cl\/inicio\/tienda\/a-arreglos-para-nacimientos\/preciosa-caja-con-blanco-y-rosados-arreglo-con-rosas-y-globo\/#webpage","url":"https:\/\/eljardinderosas.cl\/inicio\/tienda\/a-arreglos-para-nacimientos\/preciosa-caja-con-blanco-y-rosados-arreglo-con-rosas-y-globo\/","name":"Preciosa caja con 10 blanco y rosados arreglo con rosas y globo - El Jardin de Rosas","isPartOf":{"@id":"https:\/\/eljardinderosas.cl\/inicio\/#website"},"primaryImageOfPage":{"@id":"https:\/\/eljardinderosas.cl\/inicio\/tienda\/a-arreglos-para-nacimientos\/preciosa-caja-con-blanco-y-rosados-arreglo-con-rosas-y-globo\/#primaryimage"},"datePublished":"2022-02-04T02:32:27+00:00","dateModified":"2026-04-22T15:26:07+00:00","description":"Regala un toque de elegancia y dulzura con este encantador box 12 rosadas y blancas. Perfecto para para sorprender a tu mam\u00e1","breadcrumb":{"@id":"https:\/\/eljardinderosas.cl\/inicio\/tienda\/a-arreglos-para-nacimientos\/preciosa-caja-con-blanco-y-rosados-arreglo-con-rosas-y-globo\/#breadcrumb"},"inLanguage":"es","potentialAction":[{"@type":"ReadAction","target":["https:\/\/eljardinderosas.cl\/inicio\/tienda\/a-arreglos-para-nacimientos\/preciosa-caja-con-blanco-y-rosados-arreglo-con-rosas-y-globo\/"]}]},{"@type":"BreadcrumbList","@id":"https:\/\/eljardinderosas.cl\/inicio\/tienda\/a-arreglos-para-nacimientos\/preciosa-caja-con-blanco-y-rosados-arreglo-con-rosas-y-globo\/#breadcrumb","itemListElement":[{"@type":"ListItem","position":1,"name":"Home","item":"https:\/\/eljardinderosas.cl\/inicio\/"},{"@type":"ListItem","position":2,"name":"Tienda","item":"https:\/\/eljardinderosas.cl\/inicio\/tienda\/"},{"@type":"ListItem","position":3,"name":"Preciosa caja con 10 blanco y rosados arreglo con rosas y globo"}]}]}},"_links":{"self":[{"href":"https:\/\/eljardinderosas.cl\/inicio\/wp-json\/wp\/v2\/product\/13100"}],"collection":[{"href":"https:\/\/eljardinderosas.cl\/inicio\/wp-json\/wp\/v2\/product"}],"about":[{"href":"https:\/\/eljardinderosas.cl\/inicio\/wp-json\/wp\/v2\/types\/product"}],"wp:featuredmedia":[{"embeddable":true,"href":"https:\/\/eljardinderosas.cl\/inicio\/wp-json\/wp\/v2\/media\/20307"}],"wp:attachment":[{"href":"https:\/\/eljardinderosas.cl\/inicio\/wp-json\/wp\/v2\/media?parent=13100"}],"wp:term":[{"taxonomy":"product_cat","embeddable":true,"href":"https:\/\/eljardinderosas.cl\/inicio\/wp-json\/wp\/v2\/product_cat?post=13100"},{"taxonomy":"product_tag","embeddable":true,"href":"https:\/\/eljardinderosas.cl\/inicio\/wp-json\/wp\/v2\/product_tag?post=13100"}],"curies":[{"name":"wp","href":"https:\/\/api.w.org\/{rel}","templated":true}]}}