{"id":1317,"date":"2020-11-01T16:50:59","date_gmt":"2020-11-01T19:50:59","guid":{"rendered":"https:\/\/eljardinderosas.cl\/inicio\/?post_type=product&#038;p=1317"},"modified":"2026-04-22T15:17:25","modified_gmt":"2026-04-22T19:17:25","slug":"florero-12-rosas-rosadas-con-claveles-rosados-y-lilium-blancos","status":"publish","type":"product","link":"https:\/\/eljardinderosas.cl\/inicio\/tienda\/arreglos-florales\/rosas\/florero-12-rosas-rosadas-con-claveles-rosados-y-lilium-blancos\/","title":{"rendered":"Florero 12 rosas rosadas con claveles rosados y Lilium blancos"},"content":{"rendered":"<p>D\u00e9jate llevar por la fascinaci\u00f3n de la naturaleza y sum\u00e9rgete en un mundo m\u00e1gico de maravilloso  arreglos florales. por un florero con 12 bella rosas rosadas, acompa\u00f1adas por 10 varas de claveles rosados y combinadas por 5 varas de Lilium blancos oriental (se env\u00edan semi cerrados)para que perduren para resaltar su hermosura de este arreglo tan fino y especial, quien reciba este arreglo quedara sorprendida. Para transmitir emociones. Estamos seguros de que este regalo encantador y enamorador dejar\u00e1 una huella imborrable en la memoria de esa persona especial. Adem\u00e1s, viene acompa\u00f1ado de una hermosa tarjeta donde podr\u00e1s expresar tus sentimientos de amor de una manera \u00fanica.<\/p>\n","protected":false},"excerpt":{"rendered":"<p> llega a su coraz\u00f3n\u2764\ufe0f \u00a1Celebra y Descubre ramos \u00fanicos y ofertas especiales que alegrar\u00e1n su d\u00eda. sorpr\u00e9ndela con un detalle inolvidable!\u2705\ufe0f<br \/>\n \ud83d\ude0dcon el regalo perfecto:<\/p>\n","protected":false},"featured_media":19683,"template":"","meta":[],"product_cat":[96,71,94,84,181,216,254,264,261,109],"product_tag":[187,77,113,143,294],"yoast_head":"<!-- This site is optimized with the Yoast SEO Premium plugin v17.1.2 (Yoast SEO v17.3) - https:\/\/yoast.com\/wordpress\/plugins\/seo\/ -->\n<title>Florero 12 rosas rosadas con claveles rosados y Lilium blancos - El Jardin de Rosas<\/title>\n<meta name=\"description\" content=\"Arreglo fresco y delicado en florero , perfecto para el D\u00eda de la Mam\u00e1. Entregas en domicilio en Santiago. \u00a1Hazla sonre\u00edr!\" \/>\n<meta name=\"robots\" content=\"index, follow, max-snippet:-1, max-image-preview:large, max-video-preview:-1\" \/>\n<link rel=\"canonical\" href=\"https:\/\/eljardinderosas.cl\/inicio\/tienda\/arreglos-florales\/rosas\/florero-12-rosas-rosadas-con-claveles-rosados-y-lilium-blancos\/\" \/>\n<meta property=\"og:locale\" content=\"es_ES\" \/>\n<meta property=\"og:type\" content=\"article\" \/>\n<meta property=\"og:title\" content=\"Florero 12 rosas rosadas con claveles rosados y Lilium blancos\" \/>\n<meta property=\"og:description\" content=\"Arreglo fresco y delicado en florero , perfecto para el D\u00eda de la Mam\u00e1. Entregas en domicilio en Santiago. \u00a1Hazla sonre\u00edr!\" \/>\n<meta property=\"og:url\" content=\"https:\/\/eljardinderosas.cl\/inicio\/tienda\/arreglos-florales\/rosas\/florero-12-rosas-rosadas-con-claveles-rosados-y-lilium-blancos\/\" \/>\n<meta property=\"og:site_name\" content=\"El Jardin de Rosas\" \/>\n<meta property=\"article:modified_time\" content=\"2026-04-22T19:17:25+00:00\" \/>\n<meta property=\"og:image\" content=\"https:\/\/eljardinderosas.cl\/inicio\/wp-content\/uploads\/2020\/11\/FLORERO-SILVESTRE-ROSAS-ROSADAS-LILIUM-Y-FLORES-DE-LA-ESTACION.png\" \/>\n\t<meta property=\"og:image:width\" content=\"1024\" \/>\n\t<meta property=\"og:image:height\" content=\"1024\" \/>\n<meta name=\"twitter:card\" content=\"summary_large_image\" \/>\n<meta name=\"twitter:label1\" content=\"Tiempo de lectura\" \/>\n\t<meta name=\"twitter:data1\" content=\"1 minuto\" \/>\n<script type=\"application\/ld+json\" class=\"yoast-schema-graph\">{\"@context\":\"https:\/\/schema.org\",\"@graph\":[{\"@type\":\"Organization\",\"@id\":\"https:\/\/eljardinderosas.cl\/inicio\/#organization\",\"name\":\"El jardin de las rosas\",\"url\":\"https:\/\/eljardinderosas.cl\/inicio\/\",\"sameAs\":[\"https:\/\/www.instagram.com\/floreria_eljardinderosas\/\"],\"logo\":{\"@type\":\"ImageObject\",\"@id\":\"https:\/\/eljardinderosas.cl\/inicio\/#logo\",\"inLanguage\":\"es\",\"url\":\"https:\/\/eljardinderosas.cl\/inicio\/wp-content\/uploads\/2020\/10\/eljardinderosas-mail.png\",\"contentUrl\":\"https:\/\/eljardinderosas.cl\/inicio\/wp-content\/uploads\/2020\/10\/eljardinderosas-mail.png\",\"width\":317,\"height\":97,\"caption\":\"El jardin de las rosas\"},\"image\":{\"@id\":\"https:\/\/eljardinderosas.cl\/inicio\/#logo\"}},{\"@type\":\"WebSite\",\"@id\":\"https:\/\/eljardinderosas.cl\/inicio\/#website\",\"url\":\"https:\/\/eljardinderosas.cl\/inicio\/\",\"name\":\"Floreria El jardin de las Rosas\",\"description\":\"Flores en Santiago\",\"publisher\":{\"@id\":\"https:\/\/eljardinderosas.cl\/inicio\/#organization\"},\"potentialAction\":[{\"@type\":\"SearchAction\",\"target\":{\"@type\":\"EntryPoint\",\"urlTemplate\":\"https:\/\/eljardinderosas.cl\/inicio\/?s={search_term_string}\"},\"query-input\":\"required name=search_term_string\"}],\"inLanguage\":\"es\"},{\"@type\":\"ImageObject\",\"@id\":\"https:\/\/eljardinderosas.cl\/inicio\/tienda\/arreglos-florales\/rosas\/florero-12-rosas-rosadas-con-claveles-rosados-y-lilium-blancos\/#primaryimage\",\"inLanguage\":\"es\",\"url\":\"https:\/\/eljardinderosas.cl\/inicio\/wp-content\/uploads\/2020\/11\/FLORERO-SILVESTRE-ROSAS-ROSADAS-LILIUM-Y-FLORES-DE-LA-ESTACION.png\",\"contentUrl\":\"https:\/\/eljardinderosas.cl\/inicio\/wp-content\/uploads\/2020\/11\/FLORERO-SILVESTRE-ROSAS-ROSADAS-LILIUM-Y-FLORES-DE-LA-ESTACION.png\",\"width\":1024,\"height\":1024},{\"@type\":\"WebPage\",\"@id\":\"https:\/\/eljardinderosas.cl\/inicio\/tienda\/arreglos-florales\/rosas\/florero-12-rosas-rosadas-con-claveles-rosados-y-lilium-blancos\/#webpage\",\"url\":\"https:\/\/eljardinderosas.cl\/inicio\/tienda\/arreglos-florales\/rosas\/florero-12-rosas-rosadas-con-claveles-rosados-y-lilium-blancos\/\",\"name\":\"Florero 12 rosas rosadas con claveles rosados y Lilium blancos - El Jardin de Rosas\",\"isPartOf\":{\"@id\":\"https:\/\/eljardinderosas.cl\/inicio\/#website\"},\"primaryImageOfPage\":{\"@id\":\"https:\/\/eljardinderosas.cl\/inicio\/tienda\/arreglos-florales\/rosas\/florero-12-rosas-rosadas-con-claveles-rosados-y-lilium-blancos\/#primaryimage\"},\"datePublished\":\"2020-11-01T19:50:59+00:00\",\"dateModified\":\"2026-04-22T19:17:25+00:00\",\"description\":\"Arreglo fresco y delicado en florero , perfecto para el D\\u00eda de la Mam\\u00e1. Entregas en domicilio en Santiago. \\u00a1Hazla sonre\\u00edr!\",\"breadcrumb\":{\"@id\":\"https:\/\/eljardinderosas.cl\/inicio\/tienda\/arreglos-florales\/rosas\/florero-12-rosas-rosadas-con-claveles-rosados-y-lilium-blancos\/#breadcrumb\"},\"inLanguage\":\"es\",\"potentialAction\":[{\"@type\":\"ReadAction\",\"target\":[\"https:\/\/eljardinderosas.cl\/inicio\/tienda\/arreglos-florales\/rosas\/florero-12-rosas-rosadas-con-claveles-rosados-y-lilium-blancos\/\"]}]},{\"@type\":\"BreadcrumbList\",\"@id\":\"https:\/\/eljardinderosas.cl\/inicio\/tienda\/arreglos-florales\/rosas\/florero-12-rosas-rosadas-con-claveles-rosados-y-lilium-blancos\/#breadcrumb\",\"itemListElement\":[{\"@type\":\"ListItem\",\"position\":1,\"name\":\"Home\",\"item\":\"https:\/\/eljardinderosas.cl\/inicio\/\"},{\"@type\":\"ListItem\",\"position\":2,\"name\":\"Tienda\",\"item\":\"https:\/\/eljardinderosas.cl\/inicio\/tienda\/\"},{\"@type\":\"ListItem\",\"position\":3,\"name\":\"Florero 12 rosas rosadas con claveles rosados y Lilium blancos\"}]}]}<\/script>\n<!-- \/ Yoast SEO Premium plugin. -->","yoast_head_json":{"title":"Florero 12 rosas rosadas con claveles rosados y Lilium blancos - El Jardin de Rosas","description":"Arreglo fresco y delicado en florero , perfecto para el D\u00eda de la Mam\u00e1. Entregas en domicilio en Santiago. \u00a1Hazla sonre\u00edr!","robots":{"index":"index","follow":"follow","max-snippet":"max-snippet:-1","max-image-preview":"max-image-preview:large","max-video-preview":"max-video-preview:-1"},"canonical":"https:\/\/eljardinderosas.cl\/inicio\/tienda\/arreglos-florales\/rosas\/florero-12-rosas-rosadas-con-claveles-rosados-y-lilium-blancos\/","og_locale":"es_ES","og_type":"article","og_title":"Florero 12 rosas rosadas con claveles rosados y Lilium blancos","og_description":"Arreglo fresco y delicado en florero , perfecto para el D\u00eda de la Mam\u00e1. Entregas en domicilio en Santiago. \u00a1Hazla sonre\u00edr!","og_url":"https:\/\/eljardinderosas.cl\/inicio\/tienda\/arreglos-florales\/rosas\/florero-12-rosas-rosadas-con-claveles-rosados-y-lilium-blancos\/","og_site_name":"El Jardin de Rosas","article_modified_time":"2026-04-22T19:17:25+00:00","og_image":[{"width":1024,"height":1024,"url":"https:\/\/eljardinderosas.cl\/inicio\/wp-content\/uploads\/2020\/11\/FLORERO-SILVESTRE-ROSAS-ROSADAS-LILIUM-Y-FLORES-DE-LA-ESTACION.png","type":"image\/png"}],"twitter_card":"summary_large_image","twitter_misc":{"Tiempo de lectura":"1 minuto"},"schema":{"@context":"https:\/\/schema.org","@graph":[{"@type":"Organization","@id":"https:\/\/eljardinderosas.cl\/inicio\/#organization","name":"El jardin de las rosas","url":"https:\/\/eljardinderosas.cl\/inicio\/","sameAs":["https:\/\/www.instagram.com\/floreria_eljardinderosas\/"],"logo":{"@type":"ImageObject","@id":"https:\/\/eljardinderosas.cl\/inicio\/#logo","inLanguage":"es","url":"https:\/\/eljardinderosas.cl\/inicio\/wp-content\/uploads\/2020\/10\/eljardinderosas-mail.png","contentUrl":"https:\/\/eljardinderosas.cl\/inicio\/wp-content\/uploads\/2020\/10\/eljardinderosas-mail.png","width":317,"height":97,"caption":"El jardin de las rosas"},"image":{"@id":"https:\/\/eljardinderosas.cl\/inicio\/#logo"}},{"@type":"WebSite","@id":"https:\/\/eljardinderosas.cl\/inicio\/#website","url":"https:\/\/eljardinderosas.cl\/inicio\/","name":"Floreria El jardin de las Rosas","description":"Flores en Santiago","publisher":{"@id":"https:\/\/eljardinderosas.cl\/inicio\/#organization"},"potentialAction":[{"@type":"SearchAction","target":{"@type":"EntryPoint","urlTemplate":"https:\/\/eljardinderosas.cl\/inicio\/?s={search_term_string}"},"query-input":"required name=search_term_string"}],"inLanguage":"es"},{"@type":"ImageObject","@id":"https:\/\/eljardinderosas.cl\/inicio\/tienda\/arreglos-florales\/rosas\/florero-12-rosas-rosadas-con-claveles-rosados-y-lilium-blancos\/#primaryimage","inLanguage":"es","url":"https:\/\/eljardinderosas.cl\/inicio\/wp-content\/uploads\/2020\/11\/FLORERO-SILVESTRE-ROSAS-ROSADAS-LILIUM-Y-FLORES-DE-LA-ESTACION.png","contentUrl":"https:\/\/eljardinderosas.cl\/inicio\/wp-content\/uploads\/2020\/11\/FLORERO-SILVESTRE-ROSAS-ROSADAS-LILIUM-Y-FLORES-DE-LA-ESTACION.png","width":1024,"height":1024},{"@type":"WebPage","@id":"https:\/\/eljardinderosas.cl\/inicio\/tienda\/arreglos-florales\/rosas\/florero-12-rosas-rosadas-con-claveles-rosados-y-lilium-blancos\/#webpage","url":"https:\/\/eljardinderosas.cl\/inicio\/tienda\/arreglos-florales\/rosas\/florero-12-rosas-rosadas-con-claveles-rosados-y-lilium-blancos\/","name":"Florero 12 rosas rosadas con claveles rosados y Lilium blancos - El Jardin de Rosas","isPartOf":{"@id":"https:\/\/eljardinderosas.cl\/inicio\/#website"},"primaryImageOfPage":{"@id":"https:\/\/eljardinderosas.cl\/inicio\/tienda\/arreglos-florales\/rosas\/florero-12-rosas-rosadas-con-claveles-rosados-y-lilium-blancos\/#primaryimage"},"datePublished":"2020-11-01T19:50:59+00:00","dateModified":"2026-04-22T19:17:25+00:00","description":"Arreglo fresco y delicado en florero , perfecto para el D\u00eda de la Mam\u00e1. Entregas en domicilio en Santiago. \u00a1Hazla sonre\u00edr!","breadcrumb":{"@id":"https:\/\/eljardinderosas.cl\/inicio\/tienda\/arreglos-florales\/rosas\/florero-12-rosas-rosadas-con-claveles-rosados-y-lilium-blancos\/#breadcrumb"},"inLanguage":"es","potentialAction":[{"@type":"ReadAction","target":["https:\/\/eljardinderosas.cl\/inicio\/tienda\/arreglos-florales\/rosas\/florero-12-rosas-rosadas-con-claveles-rosados-y-lilium-blancos\/"]}]},{"@type":"BreadcrumbList","@id":"https:\/\/eljardinderosas.cl\/inicio\/tienda\/arreglos-florales\/rosas\/florero-12-rosas-rosadas-con-claveles-rosados-y-lilium-blancos\/#breadcrumb","itemListElement":[{"@type":"ListItem","position":1,"name":"Home","item":"https:\/\/eljardinderosas.cl\/inicio\/"},{"@type":"ListItem","position":2,"name":"Tienda","item":"https:\/\/eljardinderosas.cl\/inicio\/tienda\/"},{"@type":"ListItem","position":3,"name":"Florero 12 rosas rosadas con claveles rosados y Lilium blancos"}]}]}},"_links":{"self":[{"href":"https:\/\/eljardinderosas.cl\/inicio\/wp-json\/wp\/v2\/product\/1317"}],"collection":[{"href":"https:\/\/eljardinderosas.cl\/inicio\/wp-json\/wp\/v2\/product"}],"about":[{"href":"https:\/\/eljardinderosas.cl\/inicio\/wp-json\/wp\/v2\/types\/product"}],"wp:featuredmedia":[{"embeddable":true,"href":"https:\/\/eljardinderosas.cl\/inicio\/wp-json\/wp\/v2\/media\/19683"}],"wp:attachment":[{"href":"https:\/\/eljardinderosas.cl\/inicio\/wp-json\/wp\/v2\/media?parent=1317"}],"wp:term":[{"taxonomy":"product_cat","embeddable":true,"href":"https:\/\/eljardinderosas.cl\/inicio\/wp-json\/wp\/v2\/product_cat?post=1317"},{"taxonomy":"product_tag","embeddable":true,"href":"https:\/\/eljardinderosas.cl\/inicio\/wp-json\/wp\/v2\/product_tag?post=1317"}],"curies":[{"name":"wp","href":"https:\/\/api.w.org\/{rel}","templated":true}]}}