{"id":13233,"date":"2022-02-13T00:09:22","date_gmt":"2022-02-13T03:09:22","guid":{"rendered":"https:\/\/eljardinderosas.cl\/inicio\/?post_type=product&#038;p=13233"},"modified":"2024-05-09T00:44:50","modified_gmt":"2024-05-09T04:44:50","slug":"caja-redonda-con-25-rosas-rosas-y-12-bombones-ferreros","status":"publish","type":"product","link":"https:\/\/eljardinderosas.cl\/inicio\/tienda\/caja-en-forma-corazon-y-cilindricas\/caja-redonda-con-25-rosas-rosas-y-12-bombones-ferreros\/","title":{"rendered":"Caja redonda con 25 rosas rosas y 12 bombones ferreros"},"content":{"rendered":"<ul>\n<li>Hermosa caja redonda\u00a0 de 25\u00a0 rosas ecuatorianas rojas es un verdadero deleite para los ojos. Cada una de estas rosas de tallo largo ha sido seleccionada con esmero para asegurar la m\u00e1xima calidad y belleza. combinados por finos bombones ferreros roche y un encantador globo una combinaci\u00f3n perfecta para regalar este 14 de febrero dia de los enamorados, entregas en todo santiago.Estamos seguros de que este regalo encantador y tierno dejar\u00e1 una huella imborrable en la memoria de esa persona especial. Adem\u00e1s, viene acompa\u00f1ado de una hermosa tarjeta donde podr\u00e1s expresar tus sentimientos de amor de una manera \u00fanica.<\/li>\n<\/ul>\n","protected":false},"excerpt":{"rendered":"<p>No pierdas la oportunidad de regalar un detalle que dejar\u00e1 huella en el coraz\u00f3n de esa persona especial, dia de los enamorado<\/p>\n","protected":false},"featured_media":16873,"template":"","meta":[],"product_cat":[97],"product_tag":[178,142,184,228],"yoast_head":"<!-- This site is optimized with the Yoast SEO Premium plugin v17.1.2 (Yoast SEO v17.3) - https:\/\/yoast.com\/wordpress\/plugins\/seo\/ -->\n<title>Caja redonda con 25 rosas rosas y 12 bombones ferreros - El Jardin de Rosas<\/title>\n<meta name=\"robots\" content=\"index, follow, max-snippet:-1, max-image-preview:large, max-video-preview:-1\" \/>\n<link rel=\"canonical\" href=\"https:\/\/eljardinderosas.cl\/inicio\/tienda\/caja-en-forma-corazon-y-cilindricas\/caja-redonda-con-25-rosas-rosas-y-12-bombones-ferreros\/\" \/>\n<meta property=\"og:locale\" content=\"es_ES\" \/>\n<meta property=\"og:type\" content=\"article\" \/>\n<meta property=\"og:title\" content=\"Caja redonda con 25 rosas rosas y 12 bombones ferreros\" \/>\n<meta property=\"og:description\" content=\"No pierdas la oportunidad de regalar un detalle que dejar\u00e1 huella en el coraz\u00f3n de esa persona especial, dia de los enamorado\" \/>\n<meta property=\"og:url\" content=\"https:\/\/eljardinderosas.cl\/inicio\/tienda\/caja-en-forma-corazon-y-cilindricas\/caja-redonda-con-25-rosas-rosas-y-12-bombones-ferreros\/\" \/>\n<meta property=\"og:site_name\" content=\"El Jardin de Rosas\" \/>\n<meta property=\"article:modified_time\" content=\"2024-05-09T04:44:50+00:00\" \/>\n<meta property=\"og:image\" content=\"https:\/\/eljardinderosas.cl\/inicio\/wp-content\/uploads\/2022\/02\/valentinesday2024-1-removebg-preview.png\" \/>\n\t<meta property=\"og:image:width\" content=\"400\" \/>\n\t<meta property=\"og:image:height\" content=\"400\" \/>\n<meta name=\"twitter:card\" content=\"summary_large_image\" \/>\n<meta name=\"twitter:label1\" content=\"Tiempo de lectura\" \/>\n\t<meta name=\"twitter:data1\" content=\"1 minuto\" \/>\n<script type=\"application\/ld+json\" class=\"yoast-schema-graph\">{\"@context\":\"https:\/\/schema.org\",\"@graph\":[{\"@type\":\"Organization\",\"@id\":\"https:\/\/eljardinderosas.cl\/inicio\/#organization\",\"name\":\"El jardin de las rosas\",\"url\":\"https:\/\/eljardinderosas.cl\/inicio\/\",\"sameAs\":[\"https:\/\/www.instagram.com\/floreria_eljardinderosas\/\"],\"logo\":{\"@type\":\"ImageObject\",\"@id\":\"https:\/\/eljardinderosas.cl\/inicio\/#logo\",\"inLanguage\":\"es\",\"url\":\"https:\/\/eljardinderosas.cl\/inicio\/wp-content\/uploads\/2020\/10\/eljardinderosas-mail.png\",\"contentUrl\":\"https:\/\/eljardinderosas.cl\/inicio\/wp-content\/uploads\/2020\/10\/eljardinderosas-mail.png\",\"width\":317,\"height\":97,\"caption\":\"El jardin de las rosas\"},\"image\":{\"@id\":\"https:\/\/eljardinderosas.cl\/inicio\/#logo\"}},{\"@type\":\"WebSite\",\"@id\":\"https:\/\/eljardinderosas.cl\/inicio\/#website\",\"url\":\"https:\/\/eljardinderosas.cl\/inicio\/\",\"name\":\"Floreria El jardin de las Rosas\",\"description\":\"Flores en Santiago\",\"publisher\":{\"@id\":\"https:\/\/eljardinderosas.cl\/inicio\/#organization\"},\"potentialAction\":[{\"@type\":\"SearchAction\",\"target\":{\"@type\":\"EntryPoint\",\"urlTemplate\":\"https:\/\/eljardinderosas.cl\/inicio\/?s={search_term_string}\"},\"query-input\":\"required name=search_term_string\"}],\"inLanguage\":\"es\"},{\"@type\":\"ImageObject\",\"@id\":\"https:\/\/eljardinderosas.cl\/inicio\/tienda\/caja-en-forma-corazon-y-cilindricas\/caja-redonda-con-25-rosas-rosas-y-12-bombones-ferreros\/#primaryimage\",\"inLanguage\":\"es\",\"url\":\"https:\/\/eljardinderosas.cl\/inicio\/wp-content\/uploads\/2022\/02\/valentinesday2024-1-removebg-preview.png\",\"contentUrl\":\"https:\/\/eljardinderosas.cl\/inicio\/wp-content\/uploads\/2022\/02\/valentinesday2024-1-removebg-preview.png\",\"width\":400,\"height\":400},{\"@type\":\"WebPage\",\"@id\":\"https:\/\/eljardinderosas.cl\/inicio\/tienda\/caja-en-forma-corazon-y-cilindricas\/caja-redonda-con-25-rosas-rosas-y-12-bombones-ferreros\/#webpage\",\"url\":\"https:\/\/eljardinderosas.cl\/inicio\/tienda\/caja-en-forma-corazon-y-cilindricas\/caja-redonda-con-25-rosas-rosas-y-12-bombones-ferreros\/\",\"name\":\"Caja redonda con 25 rosas rosas y 12 bombones ferreros - El Jardin de Rosas\",\"isPartOf\":{\"@id\":\"https:\/\/eljardinderosas.cl\/inicio\/#website\"},\"primaryImageOfPage\":{\"@id\":\"https:\/\/eljardinderosas.cl\/inicio\/tienda\/caja-en-forma-corazon-y-cilindricas\/caja-redonda-con-25-rosas-rosas-y-12-bombones-ferreros\/#primaryimage\"},\"datePublished\":\"2022-02-13T03:09:22+00:00\",\"dateModified\":\"2024-05-09T04:44:50+00:00\",\"breadcrumb\":{\"@id\":\"https:\/\/eljardinderosas.cl\/inicio\/tienda\/caja-en-forma-corazon-y-cilindricas\/caja-redonda-con-25-rosas-rosas-y-12-bombones-ferreros\/#breadcrumb\"},\"inLanguage\":\"es\",\"potentialAction\":[{\"@type\":\"ReadAction\",\"target\":[\"https:\/\/eljardinderosas.cl\/inicio\/tienda\/caja-en-forma-corazon-y-cilindricas\/caja-redonda-con-25-rosas-rosas-y-12-bombones-ferreros\/\"]}]},{\"@type\":\"BreadcrumbList\",\"@id\":\"https:\/\/eljardinderosas.cl\/inicio\/tienda\/caja-en-forma-corazon-y-cilindricas\/caja-redonda-con-25-rosas-rosas-y-12-bombones-ferreros\/#breadcrumb\",\"itemListElement\":[{\"@type\":\"ListItem\",\"position\":1,\"name\":\"Home\",\"item\":\"https:\/\/eljardinderosas.cl\/inicio\/\"},{\"@type\":\"ListItem\",\"position\":2,\"name\":\"Tienda\",\"item\":\"https:\/\/eljardinderosas.cl\/inicio\/tienda\/\"},{\"@type\":\"ListItem\",\"position\":3,\"name\":\"Caja redonda con 25 rosas rosas y 12 bombones ferreros\"}]}]}<\/script>\n<!-- \/ Yoast SEO Premium plugin. -->","yoast_head_json":{"title":"Caja redonda con 25 rosas rosas y 12 bombones ferreros - El Jardin de Rosas","robots":{"index":"index","follow":"follow","max-snippet":"max-snippet:-1","max-image-preview":"max-image-preview:large","max-video-preview":"max-video-preview:-1"},"canonical":"https:\/\/eljardinderosas.cl\/inicio\/tienda\/caja-en-forma-corazon-y-cilindricas\/caja-redonda-con-25-rosas-rosas-y-12-bombones-ferreros\/","og_locale":"es_ES","og_type":"article","og_title":"Caja redonda con 25 rosas rosas y 12 bombones ferreros","og_description":"No pierdas la oportunidad de regalar un detalle que dejar\u00e1 huella en el coraz\u00f3n de esa persona especial, dia de los enamorado","og_url":"https:\/\/eljardinderosas.cl\/inicio\/tienda\/caja-en-forma-corazon-y-cilindricas\/caja-redonda-con-25-rosas-rosas-y-12-bombones-ferreros\/","og_site_name":"El Jardin de Rosas","article_modified_time":"2024-05-09T04:44:50+00:00","og_image":[{"width":400,"height":400,"url":"https:\/\/eljardinderosas.cl\/inicio\/wp-content\/uploads\/2022\/02\/valentinesday2024-1-removebg-preview.png","type":"image\/png"}],"twitter_card":"summary_large_image","twitter_misc":{"Tiempo de lectura":"1 minuto"},"schema":{"@context":"https:\/\/schema.org","@graph":[{"@type":"Organization","@id":"https:\/\/eljardinderosas.cl\/inicio\/#organization","name":"El jardin de las rosas","url":"https:\/\/eljardinderosas.cl\/inicio\/","sameAs":["https:\/\/www.instagram.com\/floreria_eljardinderosas\/"],"logo":{"@type":"ImageObject","@id":"https:\/\/eljardinderosas.cl\/inicio\/#logo","inLanguage":"es","url":"https:\/\/eljardinderosas.cl\/inicio\/wp-content\/uploads\/2020\/10\/eljardinderosas-mail.png","contentUrl":"https:\/\/eljardinderosas.cl\/inicio\/wp-content\/uploads\/2020\/10\/eljardinderosas-mail.png","width":317,"height":97,"caption":"El jardin de las rosas"},"image":{"@id":"https:\/\/eljardinderosas.cl\/inicio\/#logo"}},{"@type":"WebSite","@id":"https:\/\/eljardinderosas.cl\/inicio\/#website","url":"https:\/\/eljardinderosas.cl\/inicio\/","name":"Floreria El jardin de las Rosas","description":"Flores en Santiago","publisher":{"@id":"https:\/\/eljardinderosas.cl\/inicio\/#organization"},"potentialAction":[{"@type":"SearchAction","target":{"@type":"EntryPoint","urlTemplate":"https:\/\/eljardinderosas.cl\/inicio\/?s={search_term_string}"},"query-input":"required name=search_term_string"}],"inLanguage":"es"},{"@type":"ImageObject","@id":"https:\/\/eljardinderosas.cl\/inicio\/tienda\/caja-en-forma-corazon-y-cilindricas\/caja-redonda-con-25-rosas-rosas-y-12-bombones-ferreros\/#primaryimage","inLanguage":"es","url":"https:\/\/eljardinderosas.cl\/inicio\/wp-content\/uploads\/2022\/02\/valentinesday2024-1-removebg-preview.png","contentUrl":"https:\/\/eljardinderosas.cl\/inicio\/wp-content\/uploads\/2022\/02\/valentinesday2024-1-removebg-preview.png","width":400,"height":400},{"@type":"WebPage","@id":"https:\/\/eljardinderosas.cl\/inicio\/tienda\/caja-en-forma-corazon-y-cilindricas\/caja-redonda-con-25-rosas-rosas-y-12-bombones-ferreros\/#webpage","url":"https:\/\/eljardinderosas.cl\/inicio\/tienda\/caja-en-forma-corazon-y-cilindricas\/caja-redonda-con-25-rosas-rosas-y-12-bombones-ferreros\/","name":"Caja redonda con 25 rosas rosas y 12 bombones ferreros - El Jardin de Rosas","isPartOf":{"@id":"https:\/\/eljardinderosas.cl\/inicio\/#website"},"primaryImageOfPage":{"@id":"https:\/\/eljardinderosas.cl\/inicio\/tienda\/caja-en-forma-corazon-y-cilindricas\/caja-redonda-con-25-rosas-rosas-y-12-bombones-ferreros\/#primaryimage"},"datePublished":"2022-02-13T03:09:22+00:00","dateModified":"2024-05-09T04:44:50+00:00","breadcrumb":{"@id":"https:\/\/eljardinderosas.cl\/inicio\/tienda\/caja-en-forma-corazon-y-cilindricas\/caja-redonda-con-25-rosas-rosas-y-12-bombones-ferreros\/#breadcrumb"},"inLanguage":"es","potentialAction":[{"@type":"ReadAction","target":["https:\/\/eljardinderosas.cl\/inicio\/tienda\/caja-en-forma-corazon-y-cilindricas\/caja-redonda-con-25-rosas-rosas-y-12-bombones-ferreros\/"]}]},{"@type":"BreadcrumbList","@id":"https:\/\/eljardinderosas.cl\/inicio\/tienda\/caja-en-forma-corazon-y-cilindricas\/caja-redonda-con-25-rosas-rosas-y-12-bombones-ferreros\/#breadcrumb","itemListElement":[{"@type":"ListItem","position":1,"name":"Home","item":"https:\/\/eljardinderosas.cl\/inicio\/"},{"@type":"ListItem","position":2,"name":"Tienda","item":"https:\/\/eljardinderosas.cl\/inicio\/tienda\/"},{"@type":"ListItem","position":3,"name":"Caja redonda con 25 rosas rosas y 12 bombones ferreros"}]}]}},"_links":{"self":[{"href":"https:\/\/eljardinderosas.cl\/inicio\/wp-json\/wp\/v2\/product\/13233"}],"collection":[{"href":"https:\/\/eljardinderosas.cl\/inicio\/wp-json\/wp\/v2\/product"}],"about":[{"href":"https:\/\/eljardinderosas.cl\/inicio\/wp-json\/wp\/v2\/types\/product"}],"wp:featuredmedia":[{"embeddable":true,"href":"https:\/\/eljardinderosas.cl\/inicio\/wp-json\/wp\/v2\/media\/16873"}],"wp:attachment":[{"href":"https:\/\/eljardinderosas.cl\/inicio\/wp-json\/wp\/v2\/media?parent=13233"}],"wp:term":[{"taxonomy":"product_cat","embeddable":true,"href":"https:\/\/eljardinderosas.cl\/inicio\/wp-json\/wp\/v2\/product_cat?post=13233"},{"taxonomy":"product_tag","embeddable":true,"href":"https:\/\/eljardinderosas.cl\/inicio\/wp-json\/wp\/v2\/product_tag?post=13233"}],"curies":[{"name":"wp","href":"https:\/\/api.w.org\/{rel}","templated":true}]}}