{"id":13236,"date":"2022-02-13T01:04:40","date_gmt":"2022-02-13T04:04:40","guid":{"rendered":"https:\/\/eljardinderosas.cl\/inicio\/?post_type=product&#038;p=13236"},"modified":"2026-02-01T21:12:51","modified_gmt":"2026-02-02T00:12:51","slug":"ramo-con-20-bellos-tulipanes-rosados-a-domicilio","status":"publish","type":"product","link":"https:\/\/eljardinderosas.cl\/inicio\/tienda\/arreglos-florales\/arreglos-con-tulipanes\/ramo-con-20-bellos-tulipanes-rosados-a-domicilio\/","title":{"rendered":"Ramo con 20 bellos tulipanes rosados a domicilio"},"content":{"rendered":"<p>Descubre la belleza y la frescura de este bello ramo con 20 tulipanes rosados es una opci\u00f3n perfecta para expresar tus sentimientos en cualquier ocasi\u00f3n. Esta encantadora presentaci\u00f3n combina la delicadeza de los tulipanes con un dise\u00f1o moderno y sofisticado, ideal para sorprender a esa persona especial. Incluye una linda tarjeta para que puedas expresar todo tu amor y cari\u00f1o por la persona que va recibir<\/p>\n","protected":false},"excerpt":{"rendered":"<p>Descubre la belleza y la frescura de este bello ramo con 20 tulipanes rosados es una opci\u00f3n perfecta para expresar tus sentimientos en cualquier ocasi\u00f3n. Esta encantadora presentaci\u00f3n combina la delicadeza de los tulipanes con un dise\u00f1o moderno y sofisticado, ideal para sorprender a esa persona especial. Incluye una linda tarjeta para que puedas expresar [&#8230;]\n","protected":false},"featured_media":17810,"template":"","meta":[],"product_cat":[144,93,80,216,263],"product_tag":[],"yoast_head":"<!-- This site is optimized with the Yoast SEO Premium plugin v17.1.2 (Yoast SEO v17.3) - https:\/\/yoast.com\/wordpress\/plugins\/seo\/ -->\n<title>Ramo con 20 bellos tulipanes rosados a domicilio - El Jardin de Rosas<\/title>\n<meta name=\"robots\" content=\"index, follow, max-snippet:-1, max-image-preview:large, max-video-preview:-1\" \/>\n<link rel=\"canonical\" href=\"https:\/\/eljardinderosas.cl\/inicio\/tienda\/arreglos-florales\/arreglos-con-tulipanes\/ramo-con-20-bellos-tulipanes-rosados-a-domicilio\/\" \/>\n<meta property=\"og:locale\" content=\"es_ES\" \/>\n<meta property=\"og:type\" content=\"article\" \/>\n<meta property=\"og:title\" content=\"Ramo con 20 bellos tulipanes rosados a domicilio\" \/>\n<meta property=\"og:description\" content=\"Descubre la belleza y la frescura de este bello ramo con 20 tulipanes rosados es una opci\u00f3n perfecta para expresar tus sentimientos en cualquier ocasi\u00f3n. Esta encantadora presentaci\u00f3n combina la delicadeza de los tulipanes con un dise\u00f1o moderno y sofisticado, ideal para sorprender a esa persona especial. Incluye una linda tarjeta para que puedas expresar [...]\" \/>\n<meta property=\"og:url\" content=\"https:\/\/eljardinderosas.cl\/inicio\/tienda\/arreglos-florales\/arreglos-con-tulipanes\/ramo-con-20-bellos-tulipanes-rosados-a-domicilio\/\" \/>\n<meta property=\"og:site_name\" content=\"El Jardin de Rosas\" \/>\n<meta property=\"article:modified_time\" content=\"2026-02-02T00:12:51+00:00\" \/>\n<meta property=\"og:image\" content=\"https:\/\/eljardinderosas.cl\/inicio\/wp-content\/uploads\/2022\/02\/RAMO-CON-20-BELLOS-TULIPANES-ROSADOS.png\" \/>\n\t<meta property=\"og:image:width\" content=\"448\" \/>\n\t<meta property=\"og:image:height\" content=\"557\" \/>\n<meta name=\"twitter:card\" content=\"summary_large_image\" \/>\n<script type=\"application\/ld+json\" class=\"yoast-schema-graph\">{\"@context\":\"https:\/\/schema.org\",\"@graph\":[{\"@type\":\"Organization\",\"@id\":\"https:\/\/eljardinderosas.cl\/inicio\/#organization\",\"name\":\"El jardin de las rosas\",\"url\":\"https:\/\/eljardinderosas.cl\/inicio\/\",\"sameAs\":[\"https:\/\/www.instagram.com\/floreria_eljardinderosas\/\"],\"logo\":{\"@type\":\"ImageObject\",\"@id\":\"https:\/\/eljardinderosas.cl\/inicio\/#logo\",\"inLanguage\":\"es\",\"url\":\"https:\/\/eljardinderosas.cl\/inicio\/wp-content\/uploads\/2020\/10\/eljardinderosas-mail.png\",\"contentUrl\":\"https:\/\/eljardinderosas.cl\/inicio\/wp-content\/uploads\/2020\/10\/eljardinderosas-mail.png\",\"width\":317,\"height\":97,\"caption\":\"El jardin de las rosas\"},\"image\":{\"@id\":\"https:\/\/eljardinderosas.cl\/inicio\/#logo\"}},{\"@type\":\"WebSite\",\"@id\":\"https:\/\/eljardinderosas.cl\/inicio\/#website\",\"url\":\"https:\/\/eljardinderosas.cl\/inicio\/\",\"name\":\"Floreria El jardin de las Rosas\",\"description\":\"Flores en Santiago\",\"publisher\":{\"@id\":\"https:\/\/eljardinderosas.cl\/inicio\/#organization\"},\"potentialAction\":[{\"@type\":\"SearchAction\",\"target\":{\"@type\":\"EntryPoint\",\"urlTemplate\":\"https:\/\/eljardinderosas.cl\/inicio\/?s={search_term_string}\"},\"query-input\":\"required name=search_term_string\"}],\"inLanguage\":\"es\"},{\"@type\":\"ImageObject\",\"@id\":\"https:\/\/eljardinderosas.cl\/inicio\/tienda\/arreglos-florales\/arreglos-con-tulipanes\/ramo-con-20-bellos-tulipanes-rosados-a-domicilio\/#primaryimage\",\"inLanguage\":\"es\",\"url\":\"https:\/\/eljardinderosas.cl\/inicio\/wp-content\/uploads\/2022\/02\/RAMO-CON-20-BELLOS-TULIPANES-ROSADOS.png\",\"contentUrl\":\"https:\/\/eljardinderosas.cl\/inicio\/wp-content\/uploads\/2022\/02\/RAMO-CON-20-BELLOS-TULIPANES-ROSADOS.png\",\"width\":448,\"height\":557},{\"@type\":\"WebPage\",\"@id\":\"https:\/\/eljardinderosas.cl\/inicio\/tienda\/arreglos-florales\/arreglos-con-tulipanes\/ramo-con-20-bellos-tulipanes-rosados-a-domicilio\/#webpage\",\"url\":\"https:\/\/eljardinderosas.cl\/inicio\/tienda\/arreglos-florales\/arreglos-con-tulipanes\/ramo-con-20-bellos-tulipanes-rosados-a-domicilio\/\",\"name\":\"Ramo con 20 bellos tulipanes rosados a domicilio - El Jardin de Rosas\",\"isPartOf\":{\"@id\":\"https:\/\/eljardinderosas.cl\/inicio\/#website\"},\"primaryImageOfPage\":{\"@id\":\"https:\/\/eljardinderosas.cl\/inicio\/tienda\/arreglos-florales\/arreglos-con-tulipanes\/ramo-con-20-bellos-tulipanes-rosados-a-domicilio\/#primaryimage\"},\"datePublished\":\"2022-02-13T04:04:40+00:00\",\"dateModified\":\"2026-02-02T00:12:51+00:00\",\"breadcrumb\":{\"@id\":\"https:\/\/eljardinderosas.cl\/inicio\/tienda\/arreglos-florales\/arreglos-con-tulipanes\/ramo-con-20-bellos-tulipanes-rosados-a-domicilio\/#breadcrumb\"},\"inLanguage\":\"es\",\"potentialAction\":[{\"@type\":\"ReadAction\",\"target\":[\"https:\/\/eljardinderosas.cl\/inicio\/tienda\/arreglos-florales\/arreglos-con-tulipanes\/ramo-con-20-bellos-tulipanes-rosados-a-domicilio\/\"]}]},{\"@type\":\"BreadcrumbList\",\"@id\":\"https:\/\/eljardinderosas.cl\/inicio\/tienda\/arreglos-florales\/arreglos-con-tulipanes\/ramo-con-20-bellos-tulipanes-rosados-a-domicilio\/#breadcrumb\",\"itemListElement\":[{\"@type\":\"ListItem\",\"position\":1,\"name\":\"Home\",\"item\":\"https:\/\/eljardinderosas.cl\/inicio\/\"},{\"@type\":\"ListItem\",\"position\":2,\"name\":\"Tienda\",\"item\":\"https:\/\/eljardinderosas.cl\/inicio\/tienda\/\"},{\"@type\":\"ListItem\",\"position\":3,\"name\":\"Ramo con 20 bellos tulipanes rosados a domicilio\"}]}]}<\/script>\n<!-- \/ Yoast SEO Premium plugin. -->","yoast_head_json":{"title":"Ramo con 20 bellos tulipanes rosados a domicilio - El Jardin de Rosas","robots":{"index":"index","follow":"follow","max-snippet":"max-snippet:-1","max-image-preview":"max-image-preview:large","max-video-preview":"max-video-preview:-1"},"canonical":"https:\/\/eljardinderosas.cl\/inicio\/tienda\/arreglos-florales\/arreglos-con-tulipanes\/ramo-con-20-bellos-tulipanes-rosados-a-domicilio\/","og_locale":"es_ES","og_type":"article","og_title":"Ramo con 20 bellos tulipanes rosados a domicilio","og_description":"Descubre la belleza y la frescura de este bello ramo con 20 tulipanes rosados es una opci\u00f3n perfecta para expresar tus sentimientos en cualquier ocasi\u00f3n. Esta encantadora presentaci\u00f3n combina la delicadeza de los tulipanes con un dise\u00f1o moderno y sofisticado, ideal para sorprender a esa persona especial. Incluye una linda tarjeta para que puedas expresar [...]","og_url":"https:\/\/eljardinderosas.cl\/inicio\/tienda\/arreglos-florales\/arreglos-con-tulipanes\/ramo-con-20-bellos-tulipanes-rosados-a-domicilio\/","og_site_name":"El Jardin de Rosas","article_modified_time":"2026-02-02T00:12:51+00:00","og_image":[{"width":448,"height":557,"url":"https:\/\/eljardinderosas.cl\/inicio\/wp-content\/uploads\/2022\/02\/RAMO-CON-20-BELLOS-TULIPANES-ROSADOS.png","type":"image\/png"}],"twitter_card":"summary_large_image","schema":{"@context":"https:\/\/schema.org","@graph":[{"@type":"Organization","@id":"https:\/\/eljardinderosas.cl\/inicio\/#organization","name":"El jardin de las rosas","url":"https:\/\/eljardinderosas.cl\/inicio\/","sameAs":["https:\/\/www.instagram.com\/floreria_eljardinderosas\/"],"logo":{"@type":"ImageObject","@id":"https:\/\/eljardinderosas.cl\/inicio\/#logo","inLanguage":"es","url":"https:\/\/eljardinderosas.cl\/inicio\/wp-content\/uploads\/2020\/10\/eljardinderosas-mail.png","contentUrl":"https:\/\/eljardinderosas.cl\/inicio\/wp-content\/uploads\/2020\/10\/eljardinderosas-mail.png","width":317,"height":97,"caption":"El jardin de las rosas"},"image":{"@id":"https:\/\/eljardinderosas.cl\/inicio\/#logo"}},{"@type":"WebSite","@id":"https:\/\/eljardinderosas.cl\/inicio\/#website","url":"https:\/\/eljardinderosas.cl\/inicio\/","name":"Floreria El jardin de las Rosas","description":"Flores en Santiago","publisher":{"@id":"https:\/\/eljardinderosas.cl\/inicio\/#organization"},"potentialAction":[{"@type":"SearchAction","target":{"@type":"EntryPoint","urlTemplate":"https:\/\/eljardinderosas.cl\/inicio\/?s={search_term_string}"},"query-input":"required name=search_term_string"}],"inLanguage":"es"},{"@type":"ImageObject","@id":"https:\/\/eljardinderosas.cl\/inicio\/tienda\/arreglos-florales\/arreglos-con-tulipanes\/ramo-con-20-bellos-tulipanes-rosados-a-domicilio\/#primaryimage","inLanguage":"es","url":"https:\/\/eljardinderosas.cl\/inicio\/wp-content\/uploads\/2022\/02\/RAMO-CON-20-BELLOS-TULIPANES-ROSADOS.png","contentUrl":"https:\/\/eljardinderosas.cl\/inicio\/wp-content\/uploads\/2022\/02\/RAMO-CON-20-BELLOS-TULIPANES-ROSADOS.png","width":448,"height":557},{"@type":"WebPage","@id":"https:\/\/eljardinderosas.cl\/inicio\/tienda\/arreglos-florales\/arreglos-con-tulipanes\/ramo-con-20-bellos-tulipanes-rosados-a-domicilio\/#webpage","url":"https:\/\/eljardinderosas.cl\/inicio\/tienda\/arreglos-florales\/arreglos-con-tulipanes\/ramo-con-20-bellos-tulipanes-rosados-a-domicilio\/","name":"Ramo con 20 bellos tulipanes rosados a domicilio - El Jardin de Rosas","isPartOf":{"@id":"https:\/\/eljardinderosas.cl\/inicio\/#website"},"primaryImageOfPage":{"@id":"https:\/\/eljardinderosas.cl\/inicio\/tienda\/arreglos-florales\/arreglos-con-tulipanes\/ramo-con-20-bellos-tulipanes-rosados-a-domicilio\/#primaryimage"},"datePublished":"2022-02-13T04:04:40+00:00","dateModified":"2026-02-02T00:12:51+00:00","breadcrumb":{"@id":"https:\/\/eljardinderosas.cl\/inicio\/tienda\/arreglos-florales\/arreglos-con-tulipanes\/ramo-con-20-bellos-tulipanes-rosados-a-domicilio\/#breadcrumb"},"inLanguage":"es","potentialAction":[{"@type":"ReadAction","target":["https:\/\/eljardinderosas.cl\/inicio\/tienda\/arreglos-florales\/arreglos-con-tulipanes\/ramo-con-20-bellos-tulipanes-rosados-a-domicilio\/"]}]},{"@type":"BreadcrumbList","@id":"https:\/\/eljardinderosas.cl\/inicio\/tienda\/arreglos-florales\/arreglos-con-tulipanes\/ramo-con-20-bellos-tulipanes-rosados-a-domicilio\/#breadcrumb","itemListElement":[{"@type":"ListItem","position":1,"name":"Home","item":"https:\/\/eljardinderosas.cl\/inicio\/"},{"@type":"ListItem","position":2,"name":"Tienda","item":"https:\/\/eljardinderosas.cl\/inicio\/tienda\/"},{"@type":"ListItem","position":3,"name":"Ramo con 20 bellos tulipanes rosados a domicilio"}]}]}},"_links":{"self":[{"href":"https:\/\/eljardinderosas.cl\/inicio\/wp-json\/wp\/v2\/product\/13236"}],"collection":[{"href":"https:\/\/eljardinderosas.cl\/inicio\/wp-json\/wp\/v2\/product"}],"about":[{"href":"https:\/\/eljardinderosas.cl\/inicio\/wp-json\/wp\/v2\/types\/product"}],"wp:featuredmedia":[{"embeddable":true,"href":"https:\/\/eljardinderosas.cl\/inicio\/wp-json\/wp\/v2\/media\/17810"}],"wp:attachment":[{"href":"https:\/\/eljardinderosas.cl\/inicio\/wp-json\/wp\/v2\/media?parent=13236"}],"wp:term":[{"taxonomy":"product_cat","embeddable":true,"href":"https:\/\/eljardinderosas.cl\/inicio\/wp-json\/wp\/v2\/product_cat?post=13236"},{"taxonomy":"product_tag","embeddable":true,"href":"https:\/\/eljardinderosas.cl\/inicio\/wp-json\/wp\/v2\/product_tag?post=13236"}],"curies":[{"name":"wp","href":"https:\/\/api.w.org\/{rel}","templated":true}]}}