{"id":13286,"date":"2022-02-28T14:39:34","date_gmt":"2022-02-28T17:39:34","guid":{"rendered":"https:\/\/eljardinderosas.cl\/inicio\/?post_type=product&#038;p=13286"},"modified":"2026-01-14T09:01:11","modified_gmt":"2026-01-14T12:01:11","slug":"florero-10-con-tulipanes-rosados-a-domicilio","status":"publish","type":"product","link":"https:\/\/eljardinderosas.cl\/inicio\/tienda\/arreglos-florales\/arreglos-con-tulipanes\/florero-10-con-tulipanes-rosados-a-domicilio\/","title":{"rendered":"Florero 10 con tulipanes rosados a domicilio"},"content":{"rendered":"<p>florero que contiene 10 varas de tulipanes rosados.(Informar que  no hubiera color rosados  disponible de cambiara por otro color que este disponible)<br \/>\n Cada tulip\u00e1n, s\u00edmbolo de cari\u00f1o y admiraci\u00f3n, est\u00e1 cuidadosamente seleccionado para ofrecer un arreglo lleno de delicadeza y frescura. Los tonos suaves del rosa transmiten dulzura y gratitud, haciendo de este regalo una expresi\u00f3n perfecta para honrar a esa mujer tan especial en su d\u00eda. Ideal para decorar cualquier espacio con un toque de elegancia natural y llenar de alegr\u00eda el coraz\u00f3n de mam\u00e1. Incluye linda tarjeta de saludos <\/p>\n","protected":false},"excerpt":{"rendered":"<p>(Informar que  no hubiera color rosados  disponible de cambiara por otro color que este disponible)<\/p>\n","protected":false},"featured_media":18555,"template":"","meta":[],"product_cat":[96,71,80,216,246],"product_tag":[289,167,209],"yoast_head":"<!-- This site is optimized with the Yoast SEO Premium plugin v17.1.2 (Yoast SEO v17.3) - https:\/\/yoast.com\/wordpress\/plugins\/seo\/ -->\n<title>Florero 10 con tulipanes rosados a domicilio - El Jardin de Rosas<\/title>\n<meta name=\"description\" content=\"!llega a su coraz\u00f3n\u2764\ufe0f Descubre ramos \u00fanicos especiales para tu mama que alegrar\u00e1n su d\u00eda. \u00a1Haz tu pedido y sorpr\u00e9ndela con un detalle inolvidable.\" \/>\n<meta name=\"robots\" content=\"index, follow, max-snippet:-1, max-image-preview:large, max-video-preview:-1\" \/>\n<link rel=\"canonical\" href=\"https:\/\/eljardinderosas.cl\/inicio\/tienda\/arreglos-florales\/arreglos-con-tulipanes\/florero-10-con-tulipanes-rosados-a-domicilio\/\" \/>\n<meta property=\"og:locale\" content=\"es_ES\" \/>\n<meta property=\"og:type\" content=\"article\" \/>\n<meta property=\"og:title\" content=\"Florero 10 con tulipanes rosados a domicilio\" \/>\n<meta property=\"og:description\" content=\"!llega a su coraz\u00f3n\u2764\ufe0f Descubre ramos \u00fanicos especiales para tu mama que alegrar\u00e1n su d\u00eda. \u00a1Haz tu pedido y sorpr\u00e9ndela con un detalle inolvidable.\" \/>\n<meta property=\"og:url\" content=\"https:\/\/eljardinderosas.cl\/inicio\/tienda\/arreglos-florales\/arreglos-con-tulipanes\/florero-10-con-tulipanes-rosados-a-domicilio\/\" \/>\n<meta property=\"og:site_name\" content=\"El Jardin de Rosas\" \/>\n<meta property=\"article:modified_time\" content=\"2026-01-14T12:01:11+00:00\" \/>\n<meta property=\"og:image\" content=\"https:\/\/eljardinderosas.cl\/inicio\/wp-content\/uploads\/2022\/02\/FLORERO-CON-10-TULIPANES-ROSADOS.jpg\" \/>\n\t<meta property=\"og:image:width\" content=\"570\" \/>\n\t<meta property=\"og:image:height\" content=\"605\" \/>\n<meta name=\"twitter:card\" content=\"summary_large_image\" \/>\n<meta name=\"twitter:label1\" content=\"Tiempo de lectura\" \/>\n\t<meta name=\"twitter:data1\" content=\"1 minuto\" \/>\n<script type=\"application\/ld+json\" class=\"yoast-schema-graph\">{\"@context\":\"https:\/\/schema.org\",\"@graph\":[{\"@type\":\"Organization\",\"@id\":\"https:\/\/eljardinderosas.cl\/inicio\/#organization\",\"name\":\"El jardin de las rosas\",\"url\":\"https:\/\/eljardinderosas.cl\/inicio\/\",\"sameAs\":[\"https:\/\/www.instagram.com\/floreria_eljardinderosas\/\"],\"logo\":{\"@type\":\"ImageObject\",\"@id\":\"https:\/\/eljardinderosas.cl\/inicio\/#logo\",\"inLanguage\":\"es\",\"url\":\"https:\/\/eljardinderosas.cl\/inicio\/wp-content\/uploads\/2020\/10\/eljardinderosas-mail.png\",\"contentUrl\":\"https:\/\/eljardinderosas.cl\/inicio\/wp-content\/uploads\/2020\/10\/eljardinderosas-mail.png\",\"width\":317,\"height\":97,\"caption\":\"El jardin de las rosas\"},\"image\":{\"@id\":\"https:\/\/eljardinderosas.cl\/inicio\/#logo\"}},{\"@type\":\"WebSite\",\"@id\":\"https:\/\/eljardinderosas.cl\/inicio\/#website\",\"url\":\"https:\/\/eljardinderosas.cl\/inicio\/\",\"name\":\"Floreria El jardin de las Rosas\",\"description\":\"Flores en Santiago\",\"publisher\":{\"@id\":\"https:\/\/eljardinderosas.cl\/inicio\/#organization\"},\"potentialAction\":[{\"@type\":\"SearchAction\",\"target\":{\"@type\":\"EntryPoint\",\"urlTemplate\":\"https:\/\/eljardinderosas.cl\/inicio\/?s={search_term_string}\"},\"query-input\":\"required name=search_term_string\"}],\"inLanguage\":\"es\"},{\"@type\":\"ImageObject\",\"@id\":\"https:\/\/eljardinderosas.cl\/inicio\/tienda\/arreglos-florales\/arreglos-con-tulipanes\/florero-10-con-tulipanes-rosados-a-domicilio\/#primaryimage\",\"inLanguage\":\"es\",\"url\":\"https:\/\/eljardinderosas.cl\/inicio\/wp-content\/uploads\/2022\/02\/FLORERO-CON-10-TULIPANES-ROSADOS.jpg\",\"contentUrl\":\"https:\/\/eljardinderosas.cl\/inicio\/wp-content\/uploads\/2022\/02\/FLORERO-CON-10-TULIPANES-ROSADOS.jpg\",\"width\":570,\"height\":605},{\"@type\":\"WebPage\",\"@id\":\"https:\/\/eljardinderosas.cl\/inicio\/tienda\/arreglos-florales\/arreglos-con-tulipanes\/florero-10-con-tulipanes-rosados-a-domicilio\/#webpage\",\"url\":\"https:\/\/eljardinderosas.cl\/inicio\/tienda\/arreglos-florales\/arreglos-con-tulipanes\/florero-10-con-tulipanes-rosados-a-domicilio\/\",\"name\":\"Florero 10 con tulipanes rosados a domicilio - El Jardin de Rosas\",\"isPartOf\":{\"@id\":\"https:\/\/eljardinderosas.cl\/inicio\/#website\"},\"primaryImageOfPage\":{\"@id\":\"https:\/\/eljardinderosas.cl\/inicio\/tienda\/arreglos-florales\/arreglos-con-tulipanes\/florero-10-con-tulipanes-rosados-a-domicilio\/#primaryimage\"},\"datePublished\":\"2022-02-28T17:39:34+00:00\",\"dateModified\":\"2026-01-14T12:01:11+00:00\",\"description\":\"!llega a su coraz\\u00f3n\\u2764\\ufe0f Descubre ramos \\u00fanicos especiales para tu mama que alegrar\\u00e1n su d\\u00eda. \\u00a1Haz tu pedido y sorpr\\u00e9ndela con un detalle inolvidable.\",\"breadcrumb\":{\"@id\":\"https:\/\/eljardinderosas.cl\/inicio\/tienda\/arreglos-florales\/arreglos-con-tulipanes\/florero-10-con-tulipanes-rosados-a-domicilio\/#breadcrumb\"},\"inLanguage\":\"es\",\"potentialAction\":[{\"@type\":\"ReadAction\",\"target\":[\"https:\/\/eljardinderosas.cl\/inicio\/tienda\/arreglos-florales\/arreglos-con-tulipanes\/florero-10-con-tulipanes-rosados-a-domicilio\/\"]}]},{\"@type\":\"BreadcrumbList\",\"@id\":\"https:\/\/eljardinderosas.cl\/inicio\/tienda\/arreglos-florales\/arreglos-con-tulipanes\/florero-10-con-tulipanes-rosados-a-domicilio\/#breadcrumb\",\"itemListElement\":[{\"@type\":\"ListItem\",\"position\":1,\"name\":\"Home\",\"item\":\"https:\/\/eljardinderosas.cl\/inicio\/\"},{\"@type\":\"ListItem\",\"position\":2,\"name\":\"Tienda\",\"item\":\"https:\/\/eljardinderosas.cl\/inicio\/tienda\/\"},{\"@type\":\"ListItem\",\"position\":3,\"name\":\"Florero 10 con tulipanes rosados a domicilio\"}]}]}<\/script>\n<!-- \/ Yoast SEO Premium plugin. -->","yoast_head_json":{"title":"Florero 10 con tulipanes rosados a domicilio - El Jardin de Rosas","description":"!llega a su coraz\u00f3n\u2764\ufe0f Descubre ramos \u00fanicos especiales para tu mama que alegrar\u00e1n su d\u00eda. \u00a1Haz tu pedido y sorpr\u00e9ndela con un detalle inolvidable.","robots":{"index":"index","follow":"follow","max-snippet":"max-snippet:-1","max-image-preview":"max-image-preview:large","max-video-preview":"max-video-preview:-1"},"canonical":"https:\/\/eljardinderosas.cl\/inicio\/tienda\/arreglos-florales\/arreglos-con-tulipanes\/florero-10-con-tulipanes-rosados-a-domicilio\/","og_locale":"es_ES","og_type":"article","og_title":"Florero 10 con tulipanes rosados a domicilio","og_description":"!llega a su coraz\u00f3n\u2764\ufe0f Descubre ramos \u00fanicos especiales para tu mama que alegrar\u00e1n su d\u00eda. \u00a1Haz tu pedido y sorpr\u00e9ndela con un detalle inolvidable.","og_url":"https:\/\/eljardinderosas.cl\/inicio\/tienda\/arreglos-florales\/arreglos-con-tulipanes\/florero-10-con-tulipanes-rosados-a-domicilio\/","og_site_name":"El Jardin de Rosas","article_modified_time":"2026-01-14T12:01:11+00:00","og_image":[{"width":570,"height":605,"url":"https:\/\/eljardinderosas.cl\/inicio\/wp-content\/uploads\/2022\/02\/FLORERO-CON-10-TULIPANES-ROSADOS.jpg","type":"image\/jpeg"}],"twitter_card":"summary_large_image","twitter_misc":{"Tiempo de lectura":"1 minuto"},"schema":{"@context":"https:\/\/schema.org","@graph":[{"@type":"Organization","@id":"https:\/\/eljardinderosas.cl\/inicio\/#organization","name":"El jardin de las rosas","url":"https:\/\/eljardinderosas.cl\/inicio\/","sameAs":["https:\/\/www.instagram.com\/floreria_eljardinderosas\/"],"logo":{"@type":"ImageObject","@id":"https:\/\/eljardinderosas.cl\/inicio\/#logo","inLanguage":"es","url":"https:\/\/eljardinderosas.cl\/inicio\/wp-content\/uploads\/2020\/10\/eljardinderosas-mail.png","contentUrl":"https:\/\/eljardinderosas.cl\/inicio\/wp-content\/uploads\/2020\/10\/eljardinderosas-mail.png","width":317,"height":97,"caption":"El jardin de las rosas"},"image":{"@id":"https:\/\/eljardinderosas.cl\/inicio\/#logo"}},{"@type":"WebSite","@id":"https:\/\/eljardinderosas.cl\/inicio\/#website","url":"https:\/\/eljardinderosas.cl\/inicio\/","name":"Floreria El jardin de las Rosas","description":"Flores en Santiago","publisher":{"@id":"https:\/\/eljardinderosas.cl\/inicio\/#organization"},"potentialAction":[{"@type":"SearchAction","target":{"@type":"EntryPoint","urlTemplate":"https:\/\/eljardinderosas.cl\/inicio\/?s={search_term_string}"},"query-input":"required name=search_term_string"}],"inLanguage":"es"},{"@type":"ImageObject","@id":"https:\/\/eljardinderosas.cl\/inicio\/tienda\/arreglos-florales\/arreglos-con-tulipanes\/florero-10-con-tulipanes-rosados-a-domicilio\/#primaryimage","inLanguage":"es","url":"https:\/\/eljardinderosas.cl\/inicio\/wp-content\/uploads\/2022\/02\/FLORERO-CON-10-TULIPANES-ROSADOS.jpg","contentUrl":"https:\/\/eljardinderosas.cl\/inicio\/wp-content\/uploads\/2022\/02\/FLORERO-CON-10-TULIPANES-ROSADOS.jpg","width":570,"height":605},{"@type":"WebPage","@id":"https:\/\/eljardinderosas.cl\/inicio\/tienda\/arreglos-florales\/arreglos-con-tulipanes\/florero-10-con-tulipanes-rosados-a-domicilio\/#webpage","url":"https:\/\/eljardinderosas.cl\/inicio\/tienda\/arreglos-florales\/arreglos-con-tulipanes\/florero-10-con-tulipanes-rosados-a-domicilio\/","name":"Florero 10 con tulipanes rosados a domicilio - El Jardin de Rosas","isPartOf":{"@id":"https:\/\/eljardinderosas.cl\/inicio\/#website"},"primaryImageOfPage":{"@id":"https:\/\/eljardinderosas.cl\/inicio\/tienda\/arreglos-florales\/arreglos-con-tulipanes\/florero-10-con-tulipanes-rosados-a-domicilio\/#primaryimage"},"datePublished":"2022-02-28T17:39:34+00:00","dateModified":"2026-01-14T12:01:11+00:00","description":"!llega a su coraz\u00f3n\u2764\ufe0f Descubre ramos \u00fanicos especiales para tu mama que alegrar\u00e1n su d\u00eda. \u00a1Haz tu pedido y sorpr\u00e9ndela con un detalle inolvidable.","breadcrumb":{"@id":"https:\/\/eljardinderosas.cl\/inicio\/tienda\/arreglos-florales\/arreglos-con-tulipanes\/florero-10-con-tulipanes-rosados-a-domicilio\/#breadcrumb"},"inLanguage":"es","potentialAction":[{"@type":"ReadAction","target":["https:\/\/eljardinderosas.cl\/inicio\/tienda\/arreglos-florales\/arreglos-con-tulipanes\/florero-10-con-tulipanes-rosados-a-domicilio\/"]}]},{"@type":"BreadcrumbList","@id":"https:\/\/eljardinderosas.cl\/inicio\/tienda\/arreglos-florales\/arreglos-con-tulipanes\/florero-10-con-tulipanes-rosados-a-domicilio\/#breadcrumb","itemListElement":[{"@type":"ListItem","position":1,"name":"Home","item":"https:\/\/eljardinderosas.cl\/inicio\/"},{"@type":"ListItem","position":2,"name":"Tienda","item":"https:\/\/eljardinderosas.cl\/inicio\/tienda\/"},{"@type":"ListItem","position":3,"name":"Florero 10 con tulipanes rosados a domicilio"}]}]}},"_links":{"self":[{"href":"https:\/\/eljardinderosas.cl\/inicio\/wp-json\/wp\/v2\/product\/13286"}],"collection":[{"href":"https:\/\/eljardinderosas.cl\/inicio\/wp-json\/wp\/v2\/product"}],"about":[{"href":"https:\/\/eljardinderosas.cl\/inicio\/wp-json\/wp\/v2\/types\/product"}],"wp:featuredmedia":[{"embeddable":true,"href":"https:\/\/eljardinderosas.cl\/inicio\/wp-json\/wp\/v2\/media\/18555"}],"wp:attachment":[{"href":"https:\/\/eljardinderosas.cl\/inicio\/wp-json\/wp\/v2\/media?parent=13286"}],"wp:term":[{"taxonomy":"product_cat","embeddable":true,"href":"https:\/\/eljardinderosas.cl\/inicio\/wp-json\/wp\/v2\/product_cat?post=13286"},{"taxonomy":"product_tag","embeddable":true,"href":"https:\/\/eljardinderosas.cl\/inicio\/wp-json\/wp\/v2\/product_tag?post=13286"}],"curies":[{"name":"wp","href":"https:\/\/api.w.org\/{rel}","templated":true}]}}