{"id":13544,"date":"2022-04-30T21:16:19","date_gmt":"2022-05-01T01:16:19","guid":{"rendered":"https:\/\/eljardinderosas.cl\/inicio\/?post_type=product&#038;p=13544"},"modified":"2026-03-30T19:27:01","modified_gmt":"2026-03-30T22:27:01","slug":"cubre-cojin-con-50-rosas-rosadas-ecuatorianas-a-domicilio","status":"publish","type":"product","link":"https:\/\/eljardinderosas.cl\/inicio\/tienda\/arreglos-y-coronas-para-condolencias\/cubre-cojin-con-50-rosas-rosadas-ecuatorianas-a-domicilio\/","title":{"rendered":"cubre coj\u00edn con 50 rosas rosadas ecuatorianas a domicilio"},"content":{"rendered":"<ul>\n<li>Cubre coj\u00edn con 50 rosas ecuatorianas rosadas<\/li>\n<li>Incluye gypsophila ( Ilusi\u00f3n de la novia)<\/li>\n<li>Insertadas en un oasis para mantener la duralidad de las rosas<\/li>\n<li>\u00bfQu\u00e9 significa llevar rosas blancas en un funeral?<\/li>\n<li>Las\u00a0<b>rosas blancas en un funeral<\/b> simbolizan la esperanza, la pureza y la promesa en el cielo. Son un s\u00edmbolo de nuevo comienzo, de aprecio y de condolencia a los familiares del difunto.<\/li>\n<li>Incluye linda tarjeta de condolencias<\/li>\n<\/ul>\n","protected":false},"excerpt":{"rendered":"<p>Cubre coj\u00edn con 50 rosas ecuatorianas rosadas Incluye gypsophila ( Ilusi\u00f3n de la novia) Insertadas en un oasis para mantener la duralidad de las rosas \u00bfQu\u00e9 significa llevar rosas blancas en un funeral? Las\u00a0rosas blancas en un funeral simbolizan la esperanza, la pureza y la promesa en el cielo. Son un s\u00edmbolo de nuevo comienzo, [&#8230;]\n","protected":false},"featured_media":15944,"template":"","meta":[],"product_cat":[68],"product_tag":[],"yoast_head":"<!-- This site is optimized with the Yoast SEO Premium plugin v17.1.2 (Yoast SEO v17.3) - https:\/\/yoast.com\/wordpress\/plugins\/seo\/ -->\n<title>cubre coj\u00edn con 50 rosas rosadas ecuatorianas a domicilio - El Jardin de Rosas<\/title>\n<meta name=\"robots\" content=\"index, follow, max-snippet:-1, max-image-preview:large, max-video-preview:-1\" \/>\n<link rel=\"canonical\" href=\"https:\/\/eljardinderosas.cl\/inicio\/tienda\/arreglos-y-coronas-para-condolencias\/cubre-cojin-con-50-rosas-rosadas-ecuatorianas-a-domicilio\/\" \/>\n<meta property=\"og:locale\" content=\"es_ES\" \/>\n<meta property=\"og:type\" content=\"article\" \/>\n<meta property=\"og:title\" content=\"cubre coj\u00edn con 50 rosas rosadas ecuatorianas a domicilio\" \/>\n<meta property=\"og:description\" content=\"Cubre coj\u00edn con 50 rosas ecuatorianas rosadas Incluye gypsophila ( Ilusi\u00f3n de la novia) Insertadas en un oasis para mantener la duralidad de las rosas \u00bfQu\u00e9 significa llevar rosas blancas en un funeral? Las\u00a0rosas blancas en un funeral simbolizan la esperanza, la pureza y la promesa en el cielo. Son un s\u00edmbolo de nuevo comienzo, [...]\" \/>\n<meta property=\"og:url\" content=\"https:\/\/eljardinderosas.cl\/inicio\/tienda\/arreglos-y-coronas-para-condolencias\/cubre-cojin-con-50-rosas-rosadas-ecuatorianas-a-domicilio\/\" \/>\n<meta property=\"og:site_name\" content=\"El Jardin de Rosas\" \/>\n<meta property=\"article:modified_time\" content=\"2026-03-30T22:27:01+00:00\" \/>\n<meta property=\"og:image\" content=\"https:\/\/eljardinderosas.cl\/inicio\/wp-content\/uploads\/2022\/04\/1727.jpg\" \/>\n\t<meta property=\"og:image:width\" content=\"500\" \/>\n\t<meta property=\"og:image:height\" content=\"500\" \/>\n<meta name=\"twitter:card\" content=\"summary_large_image\" \/>\n<meta name=\"twitter:label1\" content=\"Tiempo de lectura\" \/>\n\t<meta name=\"twitter:data1\" content=\"1 minuto\" \/>\n<script type=\"application\/ld+json\" class=\"yoast-schema-graph\">{\"@context\":\"https:\/\/schema.org\",\"@graph\":[{\"@type\":\"Organization\",\"@id\":\"https:\/\/eljardinderosas.cl\/inicio\/#organization\",\"name\":\"El jardin de las rosas\",\"url\":\"https:\/\/eljardinderosas.cl\/inicio\/\",\"sameAs\":[\"https:\/\/www.instagram.com\/floreria_eljardinderosas\/\"],\"logo\":{\"@type\":\"ImageObject\",\"@id\":\"https:\/\/eljardinderosas.cl\/inicio\/#logo\",\"inLanguage\":\"es\",\"url\":\"https:\/\/eljardinderosas.cl\/inicio\/wp-content\/uploads\/2020\/10\/eljardinderosas-mail.png\",\"contentUrl\":\"https:\/\/eljardinderosas.cl\/inicio\/wp-content\/uploads\/2020\/10\/eljardinderosas-mail.png\",\"width\":317,\"height\":97,\"caption\":\"El jardin de las rosas\"},\"image\":{\"@id\":\"https:\/\/eljardinderosas.cl\/inicio\/#logo\"}},{\"@type\":\"WebSite\",\"@id\":\"https:\/\/eljardinderosas.cl\/inicio\/#website\",\"url\":\"https:\/\/eljardinderosas.cl\/inicio\/\",\"name\":\"Floreria El jardin de las Rosas\",\"description\":\"Flores en Santiago\",\"publisher\":{\"@id\":\"https:\/\/eljardinderosas.cl\/inicio\/#organization\"},\"potentialAction\":[{\"@type\":\"SearchAction\",\"target\":{\"@type\":\"EntryPoint\",\"urlTemplate\":\"https:\/\/eljardinderosas.cl\/inicio\/?s={search_term_string}\"},\"query-input\":\"required name=search_term_string\"}],\"inLanguage\":\"es\"},{\"@type\":\"ImageObject\",\"@id\":\"https:\/\/eljardinderosas.cl\/inicio\/tienda\/arreglos-y-coronas-para-condolencias\/cubre-cojin-con-50-rosas-rosadas-ecuatorianas-a-domicilio\/#primaryimage\",\"inLanguage\":\"es\",\"url\":\"https:\/\/eljardinderosas.cl\/inicio\/wp-content\/uploads\/2022\/04\/1727.jpg\",\"contentUrl\":\"https:\/\/eljardinderosas.cl\/inicio\/wp-content\/uploads\/2022\/04\/1727.jpg\",\"width\":500,\"height\":500},{\"@type\":\"WebPage\",\"@id\":\"https:\/\/eljardinderosas.cl\/inicio\/tienda\/arreglos-y-coronas-para-condolencias\/cubre-cojin-con-50-rosas-rosadas-ecuatorianas-a-domicilio\/#webpage\",\"url\":\"https:\/\/eljardinderosas.cl\/inicio\/tienda\/arreglos-y-coronas-para-condolencias\/cubre-cojin-con-50-rosas-rosadas-ecuatorianas-a-domicilio\/\",\"name\":\"cubre coj\\u00edn con 50 rosas rosadas ecuatorianas a domicilio - El Jardin de Rosas\",\"isPartOf\":{\"@id\":\"https:\/\/eljardinderosas.cl\/inicio\/#website\"},\"primaryImageOfPage\":{\"@id\":\"https:\/\/eljardinderosas.cl\/inicio\/tienda\/arreglos-y-coronas-para-condolencias\/cubre-cojin-con-50-rosas-rosadas-ecuatorianas-a-domicilio\/#primaryimage\"},\"datePublished\":\"2022-05-01T01:16:19+00:00\",\"dateModified\":\"2026-03-30T22:27:01+00:00\",\"breadcrumb\":{\"@id\":\"https:\/\/eljardinderosas.cl\/inicio\/tienda\/arreglos-y-coronas-para-condolencias\/cubre-cojin-con-50-rosas-rosadas-ecuatorianas-a-domicilio\/#breadcrumb\"},\"inLanguage\":\"es\",\"potentialAction\":[{\"@type\":\"ReadAction\",\"target\":[\"https:\/\/eljardinderosas.cl\/inicio\/tienda\/arreglos-y-coronas-para-condolencias\/cubre-cojin-con-50-rosas-rosadas-ecuatorianas-a-domicilio\/\"]}]},{\"@type\":\"BreadcrumbList\",\"@id\":\"https:\/\/eljardinderosas.cl\/inicio\/tienda\/arreglos-y-coronas-para-condolencias\/cubre-cojin-con-50-rosas-rosadas-ecuatorianas-a-domicilio\/#breadcrumb\",\"itemListElement\":[{\"@type\":\"ListItem\",\"position\":1,\"name\":\"Home\",\"item\":\"https:\/\/eljardinderosas.cl\/inicio\/\"},{\"@type\":\"ListItem\",\"position\":2,\"name\":\"Tienda\",\"item\":\"https:\/\/eljardinderosas.cl\/inicio\/tienda\/\"},{\"@type\":\"ListItem\",\"position\":3,\"name\":\"cubre coj\\u00edn con 50 rosas rosadas ecuatorianas a domicilio\"}]}]}<\/script>\n<!-- \/ Yoast SEO Premium plugin. -->","yoast_head_json":{"title":"cubre coj\u00edn con 50 rosas rosadas ecuatorianas a domicilio - El Jardin de Rosas","robots":{"index":"index","follow":"follow","max-snippet":"max-snippet:-1","max-image-preview":"max-image-preview:large","max-video-preview":"max-video-preview:-1"},"canonical":"https:\/\/eljardinderosas.cl\/inicio\/tienda\/arreglos-y-coronas-para-condolencias\/cubre-cojin-con-50-rosas-rosadas-ecuatorianas-a-domicilio\/","og_locale":"es_ES","og_type":"article","og_title":"cubre coj\u00edn con 50 rosas rosadas ecuatorianas a domicilio","og_description":"Cubre coj\u00edn con 50 rosas ecuatorianas rosadas Incluye gypsophila ( Ilusi\u00f3n de la novia) Insertadas en un oasis para mantener la duralidad de las rosas \u00bfQu\u00e9 significa llevar rosas blancas en un funeral? Las\u00a0rosas blancas en un funeral simbolizan la esperanza, la pureza y la promesa en el cielo. Son un s\u00edmbolo de nuevo comienzo, [...]","og_url":"https:\/\/eljardinderosas.cl\/inicio\/tienda\/arreglos-y-coronas-para-condolencias\/cubre-cojin-con-50-rosas-rosadas-ecuatorianas-a-domicilio\/","og_site_name":"El Jardin de Rosas","article_modified_time":"2026-03-30T22:27:01+00:00","og_image":[{"width":500,"height":500,"url":"https:\/\/eljardinderosas.cl\/inicio\/wp-content\/uploads\/2022\/04\/1727.jpg","type":"image\/jpeg"}],"twitter_card":"summary_large_image","twitter_misc":{"Tiempo de lectura":"1 minuto"},"schema":{"@context":"https:\/\/schema.org","@graph":[{"@type":"Organization","@id":"https:\/\/eljardinderosas.cl\/inicio\/#organization","name":"El jardin de las rosas","url":"https:\/\/eljardinderosas.cl\/inicio\/","sameAs":["https:\/\/www.instagram.com\/floreria_eljardinderosas\/"],"logo":{"@type":"ImageObject","@id":"https:\/\/eljardinderosas.cl\/inicio\/#logo","inLanguage":"es","url":"https:\/\/eljardinderosas.cl\/inicio\/wp-content\/uploads\/2020\/10\/eljardinderosas-mail.png","contentUrl":"https:\/\/eljardinderosas.cl\/inicio\/wp-content\/uploads\/2020\/10\/eljardinderosas-mail.png","width":317,"height":97,"caption":"El jardin de las rosas"},"image":{"@id":"https:\/\/eljardinderosas.cl\/inicio\/#logo"}},{"@type":"WebSite","@id":"https:\/\/eljardinderosas.cl\/inicio\/#website","url":"https:\/\/eljardinderosas.cl\/inicio\/","name":"Floreria El jardin de las Rosas","description":"Flores en Santiago","publisher":{"@id":"https:\/\/eljardinderosas.cl\/inicio\/#organization"},"potentialAction":[{"@type":"SearchAction","target":{"@type":"EntryPoint","urlTemplate":"https:\/\/eljardinderosas.cl\/inicio\/?s={search_term_string}"},"query-input":"required name=search_term_string"}],"inLanguage":"es"},{"@type":"ImageObject","@id":"https:\/\/eljardinderosas.cl\/inicio\/tienda\/arreglos-y-coronas-para-condolencias\/cubre-cojin-con-50-rosas-rosadas-ecuatorianas-a-domicilio\/#primaryimage","inLanguage":"es","url":"https:\/\/eljardinderosas.cl\/inicio\/wp-content\/uploads\/2022\/04\/1727.jpg","contentUrl":"https:\/\/eljardinderosas.cl\/inicio\/wp-content\/uploads\/2022\/04\/1727.jpg","width":500,"height":500},{"@type":"WebPage","@id":"https:\/\/eljardinderosas.cl\/inicio\/tienda\/arreglos-y-coronas-para-condolencias\/cubre-cojin-con-50-rosas-rosadas-ecuatorianas-a-domicilio\/#webpage","url":"https:\/\/eljardinderosas.cl\/inicio\/tienda\/arreglos-y-coronas-para-condolencias\/cubre-cojin-con-50-rosas-rosadas-ecuatorianas-a-domicilio\/","name":"cubre coj\u00edn con 50 rosas rosadas ecuatorianas a domicilio - El Jardin de Rosas","isPartOf":{"@id":"https:\/\/eljardinderosas.cl\/inicio\/#website"},"primaryImageOfPage":{"@id":"https:\/\/eljardinderosas.cl\/inicio\/tienda\/arreglos-y-coronas-para-condolencias\/cubre-cojin-con-50-rosas-rosadas-ecuatorianas-a-domicilio\/#primaryimage"},"datePublished":"2022-05-01T01:16:19+00:00","dateModified":"2026-03-30T22:27:01+00:00","breadcrumb":{"@id":"https:\/\/eljardinderosas.cl\/inicio\/tienda\/arreglos-y-coronas-para-condolencias\/cubre-cojin-con-50-rosas-rosadas-ecuatorianas-a-domicilio\/#breadcrumb"},"inLanguage":"es","potentialAction":[{"@type":"ReadAction","target":["https:\/\/eljardinderosas.cl\/inicio\/tienda\/arreglos-y-coronas-para-condolencias\/cubre-cojin-con-50-rosas-rosadas-ecuatorianas-a-domicilio\/"]}]},{"@type":"BreadcrumbList","@id":"https:\/\/eljardinderosas.cl\/inicio\/tienda\/arreglos-y-coronas-para-condolencias\/cubre-cojin-con-50-rosas-rosadas-ecuatorianas-a-domicilio\/#breadcrumb","itemListElement":[{"@type":"ListItem","position":1,"name":"Home","item":"https:\/\/eljardinderosas.cl\/inicio\/"},{"@type":"ListItem","position":2,"name":"Tienda","item":"https:\/\/eljardinderosas.cl\/inicio\/tienda\/"},{"@type":"ListItem","position":3,"name":"cubre coj\u00edn con 50 rosas rosadas ecuatorianas a domicilio"}]}]}},"_links":{"self":[{"href":"https:\/\/eljardinderosas.cl\/inicio\/wp-json\/wp\/v2\/product\/13544"}],"collection":[{"href":"https:\/\/eljardinderosas.cl\/inicio\/wp-json\/wp\/v2\/product"}],"about":[{"href":"https:\/\/eljardinderosas.cl\/inicio\/wp-json\/wp\/v2\/types\/product"}],"wp:featuredmedia":[{"embeddable":true,"href":"https:\/\/eljardinderosas.cl\/inicio\/wp-json\/wp\/v2\/media\/15944"}],"wp:attachment":[{"href":"https:\/\/eljardinderosas.cl\/inicio\/wp-json\/wp\/v2\/media?parent=13544"}],"wp:term":[{"taxonomy":"product_cat","embeddable":true,"href":"https:\/\/eljardinderosas.cl\/inicio\/wp-json\/wp\/v2\/product_cat?post=13544"},{"taxonomy":"product_tag","embeddable":true,"href":"https:\/\/eljardinderosas.cl\/inicio\/wp-json\/wp\/v2\/product_tag?post=13544"}],"curies":[{"name":"wp","href":"https:\/\/api.w.org\/{rel}","templated":true}]}}