{"id":13570,"date":"2022-05-01T21:52:34","date_gmt":"2022-05-02T01:52:34","guid":{"rendered":"https:\/\/eljardinderosas.cl\/inicio\/?post_type=product&#038;p=13570"},"modified":"2026-05-02T22:21:31","modified_gmt":"2026-05-03T02:21:31","slug":"caja-forma-de-corazon-con-25-rosas-rojas-codigobx-25","status":"publish","type":"product","link":"https:\/\/eljardinderosas.cl\/inicio\/tienda\/arreglos-florales\/rosas\/caja-forma-de-corazon-con-25-rosas-rojas-codigobx-25\/","title":{"rendered":"Caja forma de coraz\u00f3n con 25 rosas rojas codigo:Bx-25"},"content":{"rendered":"<p>Sorprende  con esta exquisita caja de lujo en forma de coraz\u00f3n, con 25 bellas rosas rojas naturales simbolizando el amor profundo y ardiente meticulosamente dise\u00f1ada para capturar la esencia del amor y la pasi\u00f3n. Este 14 de febrero celebra el amor y enam\u00f3rate con  este bello regalo que no solo se ve hermoso, sino que tambi\u00e9n evoca emociones profundas y transmite un mensaje de amor verdadero. Este exquisito regalo es un tributo al amor, donde cada rosa roja representa un latido de coraz\u00f3n,incluye una linda tarjeta de saludos donde puedes expresar todo tu amor por la persona que reciba este dise\u00f1o dejara huella en su corazon<\/p>\n","protected":false},"excerpt":{"rendered":"<p>\u00a1No esperes m\u00e1s y haz tu pedido ahora mismo!. Te garantizamos que este dejar\u00e1 huella en el corazon de la persona que reciba. Haz que su dia sea inolvidable.<\/p>\n","protected":false},"featured_media":18254,"template":"","meta":[],"product_cat":[96,144,93,71,84,97],"product_tag":[285,187,247],"yoast_head":"<!-- This site is optimized with the Yoast SEO Premium plugin v17.1.2 (Yoast SEO v17.3) - https:\/\/yoast.com\/wordpress\/plugins\/seo\/ -->\n<title>Caja forma de coraz\u00f3n con 25 rosas rojas codigo:Bx-25 - El Jardin de Rosas<\/title>\n<meta name=\"robots\" content=\"index, follow, max-snippet:-1, max-image-preview:large, max-video-preview:-1\" \/>\n<link rel=\"canonical\" href=\"https:\/\/eljardinderosas.cl\/inicio\/tienda\/arreglos-florales\/rosas\/caja-forma-de-corazon-con-25-rosas-rojas-codigobx-25\/\" \/>\n<meta property=\"og:locale\" content=\"es_ES\" \/>\n<meta property=\"og:type\" content=\"article\" \/>\n<meta property=\"og:title\" content=\"Caja forma de coraz\u00f3n con 25 rosas rojas codigo:Bx-25\" \/>\n<meta property=\"og:description\" content=\"\u00a1No esperes m\u00e1s y haz tu pedido ahora mismo!. Te garantizamos que este dejar\u00e1 huella en el corazon de la persona que reciba. Haz que su dia sea inolvidable.\" \/>\n<meta property=\"og:url\" content=\"https:\/\/eljardinderosas.cl\/inicio\/tienda\/arreglos-florales\/rosas\/caja-forma-de-corazon-con-25-rosas-rojas-codigobx-25\/\" \/>\n<meta property=\"og:site_name\" content=\"El Jardin de Rosas\" \/>\n<meta property=\"article:modified_time\" content=\"2026-05-03T02:21:31+00:00\" \/>\n<meta name=\"twitter:card\" content=\"summary_large_image\" \/>\n<meta name=\"twitter:image\" content=\"https:\/\/eljardinderosas.cl\/inicio\/wp-content\/uploads\/2022\/05\/CAJA-CON-25-ROSAS-PARA-SAN-VALENTIN.webp\" \/>\n<meta name=\"twitter:label1\" content=\"Tiempo de lectura\" \/>\n\t<meta name=\"twitter:data1\" content=\"1 minuto\" \/>\n<script type=\"application\/ld+json\" class=\"yoast-schema-graph\">{\"@context\":\"https:\/\/schema.org\",\"@graph\":[{\"@type\":\"Organization\",\"@id\":\"https:\/\/eljardinderosas.cl\/inicio\/#organization\",\"name\":\"El jardin de las rosas\",\"url\":\"https:\/\/eljardinderosas.cl\/inicio\/\",\"sameAs\":[\"https:\/\/www.instagram.com\/floreria_eljardinderosas\/\"],\"logo\":{\"@type\":\"ImageObject\",\"@id\":\"https:\/\/eljardinderosas.cl\/inicio\/#logo\",\"inLanguage\":\"es\",\"url\":\"https:\/\/eljardinderosas.cl\/inicio\/wp-content\/uploads\/2020\/10\/eljardinderosas-mail.png\",\"contentUrl\":\"https:\/\/eljardinderosas.cl\/inicio\/wp-content\/uploads\/2020\/10\/eljardinderosas-mail.png\",\"width\":317,\"height\":97,\"caption\":\"El jardin de las rosas\"},\"image\":{\"@id\":\"https:\/\/eljardinderosas.cl\/inicio\/#logo\"}},{\"@type\":\"WebSite\",\"@id\":\"https:\/\/eljardinderosas.cl\/inicio\/#website\",\"url\":\"https:\/\/eljardinderosas.cl\/inicio\/\",\"name\":\"Floreria El jardin de las Rosas\",\"description\":\"Flores en Santiago\",\"publisher\":{\"@id\":\"https:\/\/eljardinderosas.cl\/inicio\/#organization\"},\"potentialAction\":[{\"@type\":\"SearchAction\",\"target\":{\"@type\":\"EntryPoint\",\"urlTemplate\":\"https:\/\/eljardinderosas.cl\/inicio\/?s={search_term_string}\"},\"query-input\":\"required name=search_term_string\"}],\"inLanguage\":\"es\"},{\"@type\":\"ImageObject\",\"@id\":\"https:\/\/eljardinderosas.cl\/inicio\/tienda\/arreglos-florales\/rosas\/caja-forma-de-corazon-con-25-rosas-rojas-codigobx-25\/#primaryimage\",\"inLanguage\":\"es\",\"url\":\"https:\/\/eljardinderosas.cl\/inicio\/wp-content\/uploads\/2022\/05\/CAJA-CON-25-ROSAS-PARA-SAN-VALENTIN.webp\",\"contentUrl\":\"https:\/\/eljardinderosas.cl\/inicio\/wp-content\/uploads\/2022\/05\/CAJA-CON-25-ROSAS-PARA-SAN-VALENTIN.webp\",\"width\":754,\"height\":748},{\"@type\":\"WebPage\",\"@id\":\"https:\/\/eljardinderosas.cl\/inicio\/tienda\/arreglos-florales\/rosas\/caja-forma-de-corazon-con-25-rosas-rojas-codigobx-25\/#webpage\",\"url\":\"https:\/\/eljardinderosas.cl\/inicio\/tienda\/arreglos-florales\/rosas\/caja-forma-de-corazon-con-25-rosas-rojas-codigobx-25\/\",\"name\":\"Caja forma de coraz\\u00f3n con 25 rosas rojas codigo:Bx-25 - El Jardin de Rosas\",\"isPartOf\":{\"@id\":\"https:\/\/eljardinderosas.cl\/inicio\/#website\"},\"primaryImageOfPage\":{\"@id\":\"https:\/\/eljardinderosas.cl\/inicio\/tienda\/arreglos-florales\/rosas\/caja-forma-de-corazon-con-25-rosas-rojas-codigobx-25\/#primaryimage\"},\"datePublished\":\"2022-05-02T01:52:34+00:00\",\"dateModified\":\"2026-05-03T02:21:31+00:00\",\"breadcrumb\":{\"@id\":\"https:\/\/eljardinderosas.cl\/inicio\/tienda\/arreglos-florales\/rosas\/caja-forma-de-corazon-con-25-rosas-rojas-codigobx-25\/#breadcrumb\"},\"inLanguage\":\"es\",\"potentialAction\":[{\"@type\":\"ReadAction\",\"target\":[\"https:\/\/eljardinderosas.cl\/inicio\/tienda\/arreglos-florales\/rosas\/caja-forma-de-corazon-con-25-rosas-rojas-codigobx-25\/\"]}]},{\"@type\":\"BreadcrumbList\",\"@id\":\"https:\/\/eljardinderosas.cl\/inicio\/tienda\/arreglos-florales\/rosas\/caja-forma-de-corazon-con-25-rosas-rojas-codigobx-25\/#breadcrumb\",\"itemListElement\":[{\"@type\":\"ListItem\",\"position\":1,\"name\":\"Home\",\"item\":\"https:\/\/eljardinderosas.cl\/inicio\/\"},{\"@type\":\"ListItem\",\"position\":2,\"name\":\"Tienda\",\"item\":\"https:\/\/eljardinderosas.cl\/inicio\/tienda\/\"},{\"@type\":\"ListItem\",\"position\":3,\"name\":\"Caja forma de coraz\\u00f3n con 25 rosas rojas codigo:Bx-25\"}]}]}<\/script>\n<!-- \/ Yoast SEO Premium plugin. -->","yoast_head_json":{"title":"Caja forma de coraz\u00f3n con 25 rosas rojas codigo:Bx-25 - El Jardin de Rosas","robots":{"index":"index","follow":"follow","max-snippet":"max-snippet:-1","max-image-preview":"max-image-preview:large","max-video-preview":"max-video-preview:-1"},"canonical":"https:\/\/eljardinderosas.cl\/inicio\/tienda\/arreglos-florales\/rosas\/caja-forma-de-corazon-con-25-rosas-rojas-codigobx-25\/","og_locale":"es_ES","og_type":"article","og_title":"Caja forma de coraz\u00f3n con 25 rosas rojas codigo:Bx-25","og_description":"\u00a1No esperes m\u00e1s y haz tu pedido ahora mismo!. Te garantizamos que este dejar\u00e1 huella en el corazon de la persona que reciba. Haz que su dia sea inolvidable.","og_url":"https:\/\/eljardinderosas.cl\/inicio\/tienda\/arreglos-florales\/rosas\/caja-forma-de-corazon-con-25-rosas-rojas-codigobx-25\/","og_site_name":"El Jardin de Rosas","article_modified_time":"2026-05-03T02:21:31+00:00","twitter_card":"summary_large_image","twitter_image":"https:\/\/eljardinderosas.cl\/inicio\/wp-content\/uploads\/2022\/05\/CAJA-CON-25-ROSAS-PARA-SAN-VALENTIN.webp","twitter_misc":{"Tiempo de lectura":"1 minuto"},"schema":{"@context":"https:\/\/schema.org","@graph":[{"@type":"Organization","@id":"https:\/\/eljardinderosas.cl\/inicio\/#organization","name":"El jardin de las rosas","url":"https:\/\/eljardinderosas.cl\/inicio\/","sameAs":["https:\/\/www.instagram.com\/floreria_eljardinderosas\/"],"logo":{"@type":"ImageObject","@id":"https:\/\/eljardinderosas.cl\/inicio\/#logo","inLanguage":"es","url":"https:\/\/eljardinderosas.cl\/inicio\/wp-content\/uploads\/2020\/10\/eljardinderosas-mail.png","contentUrl":"https:\/\/eljardinderosas.cl\/inicio\/wp-content\/uploads\/2020\/10\/eljardinderosas-mail.png","width":317,"height":97,"caption":"El jardin de las rosas"},"image":{"@id":"https:\/\/eljardinderosas.cl\/inicio\/#logo"}},{"@type":"WebSite","@id":"https:\/\/eljardinderosas.cl\/inicio\/#website","url":"https:\/\/eljardinderosas.cl\/inicio\/","name":"Floreria El jardin de las Rosas","description":"Flores en Santiago","publisher":{"@id":"https:\/\/eljardinderosas.cl\/inicio\/#organization"},"potentialAction":[{"@type":"SearchAction","target":{"@type":"EntryPoint","urlTemplate":"https:\/\/eljardinderosas.cl\/inicio\/?s={search_term_string}"},"query-input":"required name=search_term_string"}],"inLanguage":"es"},{"@type":"ImageObject","@id":"https:\/\/eljardinderosas.cl\/inicio\/tienda\/arreglos-florales\/rosas\/caja-forma-de-corazon-con-25-rosas-rojas-codigobx-25\/#primaryimage","inLanguage":"es","url":"https:\/\/eljardinderosas.cl\/inicio\/wp-content\/uploads\/2022\/05\/CAJA-CON-25-ROSAS-PARA-SAN-VALENTIN.webp","contentUrl":"https:\/\/eljardinderosas.cl\/inicio\/wp-content\/uploads\/2022\/05\/CAJA-CON-25-ROSAS-PARA-SAN-VALENTIN.webp","width":754,"height":748},{"@type":"WebPage","@id":"https:\/\/eljardinderosas.cl\/inicio\/tienda\/arreglos-florales\/rosas\/caja-forma-de-corazon-con-25-rosas-rojas-codigobx-25\/#webpage","url":"https:\/\/eljardinderosas.cl\/inicio\/tienda\/arreglos-florales\/rosas\/caja-forma-de-corazon-con-25-rosas-rojas-codigobx-25\/","name":"Caja forma de coraz\u00f3n con 25 rosas rojas codigo:Bx-25 - El Jardin de Rosas","isPartOf":{"@id":"https:\/\/eljardinderosas.cl\/inicio\/#website"},"primaryImageOfPage":{"@id":"https:\/\/eljardinderosas.cl\/inicio\/tienda\/arreglos-florales\/rosas\/caja-forma-de-corazon-con-25-rosas-rojas-codigobx-25\/#primaryimage"},"datePublished":"2022-05-02T01:52:34+00:00","dateModified":"2026-05-03T02:21:31+00:00","breadcrumb":{"@id":"https:\/\/eljardinderosas.cl\/inicio\/tienda\/arreglos-florales\/rosas\/caja-forma-de-corazon-con-25-rosas-rojas-codigobx-25\/#breadcrumb"},"inLanguage":"es","potentialAction":[{"@type":"ReadAction","target":["https:\/\/eljardinderosas.cl\/inicio\/tienda\/arreglos-florales\/rosas\/caja-forma-de-corazon-con-25-rosas-rojas-codigobx-25\/"]}]},{"@type":"BreadcrumbList","@id":"https:\/\/eljardinderosas.cl\/inicio\/tienda\/arreglos-florales\/rosas\/caja-forma-de-corazon-con-25-rosas-rojas-codigobx-25\/#breadcrumb","itemListElement":[{"@type":"ListItem","position":1,"name":"Home","item":"https:\/\/eljardinderosas.cl\/inicio\/"},{"@type":"ListItem","position":2,"name":"Tienda","item":"https:\/\/eljardinderosas.cl\/inicio\/tienda\/"},{"@type":"ListItem","position":3,"name":"Caja forma de coraz\u00f3n con 25 rosas rojas codigo:Bx-25"}]}]}},"_links":{"self":[{"href":"https:\/\/eljardinderosas.cl\/inicio\/wp-json\/wp\/v2\/product\/13570"}],"collection":[{"href":"https:\/\/eljardinderosas.cl\/inicio\/wp-json\/wp\/v2\/product"}],"about":[{"href":"https:\/\/eljardinderosas.cl\/inicio\/wp-json\/wp\/v2\/types\/product"}],"wp:featuredmedia":[{"embeddable":true,"href":"https:\/\/eljardinderosas.cl\/inicio\/wp-json\/wp\/v2\/media\/18254"}],"wp:attachment":[{"href":"https:\/\/eljardinderosas.cl\/inicio\/wp-json\/wp\/v2\/media?parent=13570"}],"wp:term":[{"taxonomy":"product_cat","embeddable":true,"href":"https:\/\/eljardinderosas.cl\/inicio\/wp-json\/wp\/v2\/product_cat?post=13570"},{"taxonomy":"product_tag","embeddable":true,"href":"https:\/\/eljardinderosas.cl\/inicio\/wp-json\/wp\/v2\/product_tag?post=13570"}],"curies":[{"name":"wp","href":"https:\/\/api.w.org\/{rel}","templated":true}]}}