{"id":13924,"date":"2022-07-14T18:04:20","date_gmt":"2022-07-14T22:04:20","guid":{"rendered":"https:\/\/eljardinderosas.cl\/inicio\/?post_type=product&#038;p=13924"},"modified":"2025-12-01T16:41:31","modified_gmt":"2025-12-01T19:41:31","slug":"ramo-con-6-varas-girasoles-iris-y-flores-silvestres-para-regalar","status":"publish","type":"product","link":"https:\/\/eljardinderosas.cl\/inicio\/tienda\/arreglos-florales\/girasoles-importados\/ramo-con-6-varas-girasoles-iris-y-flores-silvestres-para-regalar\/","title":{"rendered":"Ramo  con 6 varas girasoles iris y flores silvestres para regalar"},"content":{"rendered":"<p> ideal para el D\u00eda de la Secretaria precioso ramo con 6 varas girasoles vibrantes, 10 varas iris elegantes y flores blancas delicadas. Los girasoles simbolizan la alegr\u00eda y la admiraci\u00f3n, mientras que los iris representan la sabidur\u00eda y la fe. Las flores blancas, como las margaritas , aportan pureza y frescura al arreglo. Este conjunto no solo es visualmente atractivo, sino que tambi\u00e9n transmite un mensaje de gratitud y aprecio por el trabajo excepcional de las secretarias, haciendo de este ramo un regalo significativo y especial.<\/p>\n","protected":false},"excerpt":{"rendered":"<p>\u00a1Celebra e de diciembre el D\u00eda de la Secretaria con nuestras hermosas flores! Descubre ramos \u00fanicos y ofertas especiales que alegrar\u00e1n su d\u00eda. \u00a1Haz tu pedido hoy y sorpr\u00e9ndela con un detalle inolvidable!<\/p>\n","protected":false},"featured_media":13926,"template":"","meta":[],"product_cat":[79],"product_tag":[],"yoast_head":"<!-- This site is optimized with the Yoast SEO Premium plugin v17.1.2 (Yoast SEO v17.3) - https:\/\/yoast.com\/wordpress\/plugins\/seo\/ -->\n<title>Ramo con 6 varas girasoles iris y flores silvestres para regalar - El Jardin de Rosas<\/title>\n<meta name=\"robots\" content=\"index, follow, max-snippet:-1, max-image-preview:large, max-video-preview:-1\" \/>\n<link rel=\"canonical\" href=\"https:\/\/eljardinderosas.cl\/inicio\/tienda\/arreglos-florales\/girasoles-importados\/ramo-con-6-varas-girasoles-iris-y-flores-silvestres-para-regalar\/\" \/>\n<meta property=\"og:locale\" content=\"es_ES\" \/>\n<meta property=\"og:type\" content=\"article\" \/>\n<meta property=\"og:title\" content=\"Ramo con 6 varas girasoles iris y flores silvestres para regalar\" \/>\n<meta property=\"og:description\" content=\"\u00a1Celebra e de diciembre el D\u00eda de la Secretaria con nuestras hermosas flores! Descubre ramos \u00fanicos y ofertas especiales que alegrar\u00e1n su d\u00eda. \u00a1Haz tu pedido hoy y sorpr\u00e9ndela con un detalle inolvidable!\" \/>\n<meta property=\"og:url\" content=\"https:\/\/eljardinderosas.cl\/inicio\/tienda\/arreglos-florales\/girasoles-importados\/ramo-con-6-varas-girasoles-iris-y-flores-silvestres-para-regalar\/\" \/>\n<meta property=\"og:site_name\" content=\"El Jardin de Rosas\" \/>\n<meta property=\"article:modified_time\" content=\"2025-12-01T19:41:31+00:00\" \/>\n<meta property=\"og:image\" content=\"https:\/\/eljardinderosas.cl\/inicio\/wp-content\/uploads\/2022\/07\/d36885980b83629-orig-5f6e1a44e92c7-s-lg-e7ac6bfbe83be6fa48a5e4ada30cd765.jpg\" \/>\n\t<meta property=\"og:image:width\" content=\"439\" \/>\n\t<meta property=\"og:image:height\" content=\"439\" \/>\n<meta name=\"twitter:card\" content=\"summary_large_image\" \/>\n<meta name=\"twitter:label1\" content=\"Tiempo de lectura\" \/>\n\t<meta name=\"twitter:data1\" content=\"1 minuto\" \/>\n<script type=\"application\/ld+json\" class=\"yoast-schema-graph\">{\"@context\":\"https:\/\/schema.org\",\"@graph\":[{\"@type\":\"Organization\",\"@id\":\"https:\/\/eljardinderosas.cl\/inicio\/#organization\",\"name\":\"El jardin de las rosas\",\"url\":\"https:\/\/eljardinderosas.cl\/inicio\/\",\"sameAs\":[\"https:\/\/www.instagram.com\/floreria_eljardinderosas\/\"],\"logo\":{\"@type\":\"ImageObject\",\"@id\":\"https:\/\/eljardinderosas.cl\/inicio\/#logo\",\"inLanguage\":\"es\",\"url\":\"https:\/\/eljardinderosas.cl\/inicio\/wp-content\/uploads\/2020\/10\/eljardinderosas-mail.png\",\"contentUrl\":\"https:\/\/eljardinderosas.cl\/inicio\/wp-content\/uploads\/2020\/10\/eljardinderosas-mail.png\",\"width\":317,\"height\":97,\"caption\":\"El jardin de las rosas\"},\"image\":{\"@id\":\"https:\/\/eljardinderosas.cl\/inicio\/#logo\"}},{\"@type\":\"WebSite\",\"@id\":\"https:\/\/eljardinderosas.cl\/inicio\/#website\",\"url\":\"https:\/\/eljardinderosas.cl\/inicio\/\",\"name\":\"Floreria El jardin de las Rosas\",\"description\":\"Flores en Santiago\",\"publisher\":{\"@id\":\"https:\/\/eljardinderosas.cl\/inicio\/#organization\"},\"potentialAction\":[{\"@type\":\"SearchAction\",\"target\":{\"@type\":\"EntryPoint\",\"urlTemplate\":\"https:\/\/eljardinderosas.cl\/inicio\/?s={search_term_string}\"},\"query-input\":\"required name=search_term_string\"}],\"inLanguage\":\"es\"},{\"@type\":\"ImageObject\",\"@id\":\"https:\/\/eljardinderosas.cl\/inicio\/tienda\/arreglos-florales\/girasoles-importados\/ramo-con-6-varas-girasoles-iris-y-flores-silvestres-para-regalar\/#primaryimage\",\"inLanguage\":\"es\",\"url\":\"https:\/\/eljardinderosas.cl\/inicio\/wp-content\/uploads\/2022\/07\/d36885980b83629-orig-5f6e1a44e92c7-s-lg-e7ac6bfbe83be6fa48a5e4ada30cd765.jpg\",\"contentUrl\":\"https:\/\/eljardinderosas.cl\/inicio\/wp-content\/uploads\/2022\/07\/d36885980b83629-orig-5f6e1a44e92c7-s-lg-e7ac6bfbe83be6fa48a5e4ada30cd765.jpg\",\"width\":439,\"height\":439},{\"@type\":\"WebPage\",\"@id\":\"https:\/\/eljardinderosas.cl\/inicio\/tienda\/arreglos-florales\/girasoles-importados\/ramo-con-6-varas-girasoles-iris-y-flores-silvestres-para-regalar\/#webpage\",\"url\":\"https:\/\/eljardinderosas.cl\/inicio\/tienda\/arreglos-florales\/girasoles-importados\/ramo-con-6-varas-girasoles-iris-y-flores-silvestres-para-regalar\/\",\"name\":\"Ramo con 6 varas girasoles iris y flores silvestres para regalar - El Jardin de Rosas\",\"isPartOf\":{\"@id\":\"https:\/\/eljardinderosas.cl\/inicio\/#website\"},\"primaryImageOfPage\":{\"@id\":\"https:\/\/eljardinderosas.cl\/inicio\/tienda\/arreglos-florales\/girasoles-importados\/ramo-con-6-varas-girasoles-iris-y-flores-silvestres-para-regalar\/#primaryimage\"},\"datePublished\":\"2022-07-14T22:04:20+00:00\",\"dateModified\":\"2025-12-01T19:41:31+00:00\",\"breadcrumb\":{\"@id\":\"https:\/\/eljardinderosas.cl\/inicio\/tienda\/arreglos-florales\/girasoles-importados\/ramo-con-6-varas-girasoles-iris-y-flores-silvestres-para-regalar\/#breadcrumb\"},\"inLanguage\":\"es\",\"potentialAction\":[{\"@type\":\"ReadAction\",\"target\":[\"https:\/\/eljardinderosas.cl\/inicio\/tienda\/arreglos-florales\/girasoles-importados\/ramo-con-6-varas-girasoles-iris-y-flores-silvestres-para-regalar\/\"]}]},{\"@type\":\"BreadcrumbList\",\"@id\":\"https:\/\/eljardinderosas.cl\/inicio\/tienda\/arreglos-florales\/girasoles-importados\/ramo-con-6-varas-girasoles-iris-y-flores-silvestres-para-regalar\/#breadcrumb\",\"itemListElement\":[{\"@type\":\"ListItem\",\"position\":1,\"name\":\"Home\",\"item\":\"https:\/\/eljardinderosas.cl\/inicio\/\"},{\"@type\":\"ListItem\",\"position\":2,\"name\":\"Tienda\",\"item\":\"https:\/\/eljardinderosas.cl\/inicio\/tienda\/\"},{\"@type\":\"ListItem\",\"position\":3,\"name\":\"Ramo con 6 varas girasoles iris y flores silvestres para regalar\"}]}]}<\/script>\n<!-- \/ Yoast SEO Premium plugin. -->","yoast_head_json":{"title":"Ramo con 6 varas girasoles iris y flores silvestres para regalar - El Jardin de Rosas","robots":{"index":"index","follow":"follow","max-snippet":"max-snippet:-1","max-image-preview":"max-image-preview:large","max-video-preview":"max-video-preview:-1"},"canonical":"https:\/\/eljardinderosas.cl\/inicio\/tienda\/arreglos-florales\/girasoles-importados\/ramo-con-6-varas-girasoles-iris-y-flores-silvestres-para-regalar\/","og_locale":"es_ES","og_type":"article","og_title":"Ramo con 6 varas girasoles iris y flores silvestres para regalar","og_description":"\u00a1Celebra e de diciembre el D\u00eda de la Secretaria con nuestras hermosas flores! Descubre ramos \u00fanicos y ofertas especiales que alegrar\u00e1n su d\u00eda. \u00a1Haz tu pedido hoy y sorpr\u00e9ndela con un detalle inolvidable!","og_url":"https:\/\/eljardinderosas.cl\/inicio\/tienda\/arreglos-florales\/girasoles-importados\/ramo-con-6-varas-girasoles-iris-y-flores-silvestres-para-regalar\/","og_site_name":"El Jardin de Rosas","article_modified_time":"2025-12-01T19:41:31+00:00","og_image":[{"width":439,"height":439,"url":"https:\/\/eljardinderosas.cl\/inicio\/wp-content\/uploads\/2022\/07\/d36885980b83629-orig-5f6e1a44e92c7-s-lg-e7ac6bfbe83be6fa48a5e4ada30cd765.jpg","type":"image\/jpeg"}],"twitter_card":"summary_large_image","twitter_misc":{"Tiempo de lectura":"1 minuto"},"schema":{"@context":"https:\/\/schema.org","@graph":[{"@type":"Organization","@id":"https:\/\/eljardinderosas.cl\/inicio\/#organization","name":"El jardin de las rosas","url":"https:\/\/eljardinderosas.cl\/inicio\/","sameAs":["https:\/\/www.instagram.com\/floreria_eljardinderosas\/"],"logo":{"@type":"ImageObject","@id":"https:\/\/eljardinderosas.cl\/inicio\/#logo","inLanguage":"es","url":"https:\/\/eljardinderosas.cl\/inicio\/wp-content\/uploads\/2020\/10\/eljardinderosas-mail.png","contentUrl":"https:\/\/eljardinderosas.cl\/inicio\/wp-content\/uploads\/2020\/10\/eljardinderosas-mail.png","width":317,"height":97,"caption":"El jardin de las rosas"},"image":{"@id":"https:\/\/eljardinderosas.cl\/inicio\/#logo"}},{"@type":"WebSite","@id":"https:\/\/eljardinderosas.cl\/inicio\/#website","url":"https:\/\/eljardinderosas.cl\/inicio\/","name":"Floreria El jardin de las Rosas","description":"Flores en Santiago","publisher":{"@id":"https:\/\/eljardinderosas.cl\/inicio\/#organization"},"potentialAction":[{"@type":"SearchAction","target":{"@type":"EntryPoint","urlTemplate":"https:\/\/eljardinderosas.cl\/inicio\/?s={search_term_string}"},"query-input":"required name=search_term_string"}],"inLanguage":"es"},{"@type":"ImageObject","@id":"https:\/\/eljardinderosas.cl\/inicio\/tienda\/arreglos-florales\/girasoles-importados\/ramo-con-6-varas-girasoles-iris-y-flores-silvestres-para-regalar\/#primaryimage","inLanguage":"es","url":"https:\/\/eljardinderosas.cl\/inicio\/wp-content\/uploads\/2022\/07\/d36885980b83629-orig-5f6e1a44e92c7-s-lg-e7ac6bfbe83be6fa48a5e4ada30cd765.jpg","contentUrl":"https:\/\/eljardinderosas.cl\/inicio\/wp-content\/uploads\/2022\/07\/d36885980b83629-orig-5f6e1a44e92c7-s-lg-e7ac6bfbe83be6fa48a5e4ada30cd765.jpg","width":439,"height":439},{"@type":"WebPage","@id":"https:\/\/eljardinderosas.cl\/inicio\/tienda\/arreglos-florales\/girasoles-importados\/ramo-con-6-varas-girasoles-iris-y-flores-silvestres-para-regalar\/#webpage","url":"https:\/\/eljardinderosas.cl\/inicio\/tienda\/arreglos-florales\/girasoles-importados\/ramo-con-6-varas-girasoles-iris-y-flores-silvestres-para-regalar\/","name":"Ramo con 6 varas girasoles iris y flores silvestres para regalar - El Jardin de Rosas","isPartOf":{"@id":"https:\/\/eljardinderosas.cl\/inicio\/#website"},"primaryImageOfPage":{"@id":"https:\/\/eljardinderosas.cl\/inicio\/tienda\/arreglos-florales\/girasoles-importados\/ramo-con-6-varas-girasoles-iris-y-flores-silvestres-para-regalar\/#primaryimage"},"datePublished":"2022-07-14T22:04:20+00:00","dateModified":"2025-12-01T19:41:31+00:00","breadcrumb":{"@id":"https:\/\/eljardinderosas.cl\/inicio\/tienda\/arreglos-florales\/girasoles-importados\/ramo-con-6-varas-girasoles-iris-y-flores-silvestres-para-regalar\/#breadcrumb"},"inLanguage":"es","potentialAction":[{"@type":"ReadAction","target":["https:\/\/eljardinderosas.cl\/inicio\/tienda\/arreglos-florales\/girasoles-importados\/ramo-con-6-varas-girasoles-iris-y-flores-silvestres-para-regalar\/"]}]},{"@type":"BreadcrumbList","@id":"https:\/\/eljardinderosas.cl\/inicio\/tienda\/arreglos-florales\/girasoles-importados\/ramo-con-6-varas-girasoles-iris-y-flores-silvestres-para-regalar\/#breadcrumb","itemListElement":[{"@type":"ListItem","position":1,"name":"Home","item":"https:\/\/eljardinderosas.cl\/inicio\/"},{"@type":"ListItem","position":2,"name":"Tienda","item":"https:\/\/eljardinderosas.cl\/inicio\/tienda\/"},{"@type":"ListItem","position":3,"name":"Ramo con 6 varas girasoles iris y flores silvestres para regalar"}]}]}},"_links":{"self":[{"href":"https:\/\/eljardinderosas.cl\/inicio\/wp-json\/wp\/v2\/product\/13924"}],"collection":[{"href":"https:\/\/eljardinderosas.cl\/inicio\/wp-json\/wp\/v2\/product"}],"about":[{"href":"https:\/\/eljardinderosas.cl\/inicio\/wp-json\/wp\/v2\/types\/product"}],"wp:featuredmedia":[{"embeddable":true,"href":"https:\/\/eljardinderosas.cl\/inicio\/wp-json\/wp\/v2\/media\/13926"}],"wp:attachment":[{"href":"https:\/\/eljardinderosas.cl\/inicio\/wp-json\/wp\/v2\/media?parent=13924"}],"wp:term":[{"taxonomy":"product_cat","embeddable":true,"href":"https:\/\/eljardinderosas.cl\/inicio\/wp-json\/wp\/v2\/product_cat?post=13924"},{"taxonomy":"product_tag","embeddable":true,"href":"https:\/\/eljardinderosas.cl\/inicio\/wp-json\/wp\/v2\/product_tag?post=13924"}],"curies":[{"name":"wp","href":"https:\/\/api.w.org\/{rel}","templated":true}]}}