{"id":13940,"date":"2022-07-15T21:53:11","date_gmt":"2022-07-16T01:53:11","guid":{"rendered":"https:\/\/eljardinderosas.cl\/inicio\/?post_type=product&#038;p=13940"},"modified":"2025-12-21T20:18:41","modified_gmt":"2025-12-21T23:18:41","slug":"cesta-con-con-10-rosas-rosadas-10-girasoles-frutas-y-licor","status":"publish","type":"product","link":"https:\/\/eljardinderosas.cl\/inicio\/tienda\/regalos\/regalos-para-hombres-en-san-valentin\/cesta-con-con-10-rosas-rosadas-10-girasoles-frutas-y-licor\/","title":{"rendered":"Canasta con flores bombones fruta orqu\u00eddea  bombones"},"content":{"rendered":"<p>Canasta Navide\u00f1a de Amor Eterno Imagina una canasta rebosante de magia navide\u00f1a: rosas rojas apasionadas que susurran promesas de amor eterno, Lisianthus morados delicados como p\u00e9talos de medianoche, envueltos en un abrazo de finos bombones Ferrero que derriten el paladar con su cremosidad irresistible. En su coraz\u00f3n, una planta de orqu\u00eddeas ex\u00f3ticas florece con gracia et\u00e9rea, simbolizando pureza y renovaci\u00f3n, acompa\u00f1ada de frutas frescas de temporada \u2014jugosas cerezas, mandarinas doradas guidas frutillas y otras variedad  que estallan en frescura y vitalidad. Incluye linda tarjeta de navidad <\/p>\n","protected":false},"excerpt":{"rendered":"<p>Este arreglo sublime es el regalo ideal para Navidad y A\u00f1o Nuevo: sorprende a tus seres queridos con un gesto que une la belleza ef\u00edmera de las flores, el lujo indulgente de los chocolates y la dulzura natural de la fruta. \u00a1Perfecto para decir \u00abTe quiero\u00bb en estas fiestas llenas de luz y esperanza!<\/p>\n","protected":false},"featured_media":19548,"template":"","meta":[],"product_cat":[96,85,93,241,79,103,101,102],"product_tag":[],"yoast_head":"<!-- This site is optimized with the Yoast SEO Premium plugin v17.1.2 (Yoast SEO v17.3) - https:\/\/yoast.com\/wordpress\/plugins\/seo\/ -->\n<title>Canasta con flores bombones fruta orqu\u00eddea bombones - El Jardin de Rosas<\/title>\n<meta name=\"description\" content=\"Canasta Navide\u00f1a con frutas planta de orqu\u00eddeas y flores magia navide\u00f1a: Perfecto para estas fiestas llenas de luz y esperanza! Reserva ahora\" \/>\n<meta name=\"robots\" content=\"index, follow, max-snippet:-1, max-image-preview:large, max-video-preview:-1\" \/>\n<link rel=\"canonical\" href=\"https:\/\/eljardinderosas.cl\/inicio\/tienda\/regalos\/regalos-para-hombres-en-san-valentin\/cesta-con-con-10-rosas-rosadas-10-girasoles-frutas-y-licor\/\" \/>\n<meta property=\"og:locale\" content=\"es_ES\" \/>\n<meta property=\"og:type\" content=\"article\" \/>\n<meta property=\"og:title\" content=\"Canasta con flores bombones fruta orqu\u00eddea bombones\" \/>\n<meta property=\"og:description\" content=\"Canasta Navide\u00f1a con frutas planta de orqu\u00eddeas y flores magia navide\u00f1a: Perfecto para estas fiestas llenas de luz y esperanza! Reserva ahora\" \/>\n<meta property=\"og:url\" content=\"https:\/\/eljardinderosas.cl\/inicio\/tienda\/regalos\/regalos-para-hombres-en-san-valentin\/cesta-con-con-10-rosas-rosadas-10-girasoles-frutas-y-licor\/\" \/>\n<meta property=\"og:site_name\" content=\"El Jardin de Rosas\" \/>\n<meta property=\"article:modified_time\" content=\"2025-12-21T23:18:41+00:00\" \/>\n<meta property=\"og:image\" content=\"https:\/\/eljardinderosas.cl\/inicio\/wp-content\/uploads\/2022\/07\/Canasta-con-flores-fruta-orquideas-quesos-y-vino.jpg\" \/>\n\t<meta property=\"og:image:width\" content=\"675\" \/>\n\t<meta property=\"og:image:height\" content=\"857\" \/>\n<meta name=\"twitter:card\" content=\"summary_large_image\" \/>\n<meta name=\"twitter:label1\" content=\"Tiempo de lectura\" \/>\n\t<meta name=\"twitter:data1\" content=\"1 minuto\" \/>\n<script type=\"application\/ld+json\" class=\"yoast-schema-graph\">{\"@context\":\"https:\/\/schema.org\",\"@graph\":[{\"@type\":\"Organization\",\"@id\":\"https:\/\/eljardinderosas.cl\/inicio\/#organization\",\"name\":\"El jardin de las rosas\",\"url\":\"https:\/\/eljardinderosas.cl\/inicio\/\",\"sameAs\":[\"https:\/\/www.instagram.com\/floreria_eljardinderosas\/\"],\"logo\":{\"@type\":\"ImageObject\",\"@id\":\"https:\/\/eljardinderosas.cl\/inicio\/#logo\",\"inLanguage\":\"es\",\"url\":\"https:\/\/eljardinderosas.cl\/inicio\/wp-content\/uploads\/2020\/10\/eljardinderosas-mail.png\",\"contentUrl\":\"https:\/\/eljardinderosas.cl\/inicio\/wp-content\/uploads\/2020\/10\/eljardinderosas-mail.png\",\"width\":317,\"height\":97,\"caption\":\"El jardin de las rosas\"},\"image\":{\"@id\":\"https:\/\/eljardinderosas.cl\/inicio\/#logo\"}},{\"@type\":\"WebSite\",\"@id\":\"https:\/\/eljardinderosas.cl\/inicio\/#website\",\"url\":\"https:\/\/eljardinderosas.cl\/inicio\/\",\"name\":\"Floreria El jardin de las Rosas\",\"description\":\"Flores en Santiago\",\"publisher\":{\"@id\":\"https:\/\/eljardinderosas.cl\/inicio\/#organization\"},\"potentialAction\":[{\"@type\":\"SearchAction\",\"target\":{\"@type\":\"EntryPoint\",\"urlTemplate\":\"https:\/\/eljardinderosas.cl\/inicio\/?s={search_term_string}\"},\"query-input\":\"required name=search_term_string\"}],\"inLanguage\":\"es\"},{\"@type\":\"ImageObject\",\"@id\":\"https:\/\/eljardinderosas.cl\/inicio\/tienda\/regalos\/regalos-para-hombres-en-san-valentin\/cesta-con-con-10-rosas-rosadas-10-girasoles-frutas-y-licor\/#primaryimage\",\"inLanguage\":\"es\",\"url\":\"https:\/\/eljardinderosas.cl\/inicio\/wp-content\/uploads\/2022\/07\/Canasta-con-flores-fruta-orquideas-quesos-y-vino.jpg\",\"contentUrl\":\"https:\/\/eljardinderosas.cl\/inicio\/wp-content\/uploads\/2022\/07\/Canasta-con-flores-fruta-orquideas-quesos-y-vino.jpg\",\"width\":675,\"height\":857},{\"@type\":\"WebPage\",\"@id\":\"https:\/\/eljardinderosas.cl\/inicio\/tienda\/regalos\/regalos-para-hombres-en-san-valentin\/cesta-con-con-10-rosas-rosadas-10-girasoles-frutas-y-licor\/#webpage\",\"url\":\"https:\/\/eljardinderosas.cl\/inicio\/tienda\/regalos\/regalos-para-hombres-en-san-valentin\/cesta-con-con-10-rosas-rosadas-10-girasoles-frutas-y-licor\/\",\"name\":\"Canasta con flores bombones fruta orqu\\u00eddea bombones - El Jardin de Rosas\",\"isPartOf\":{\"@id\":\"https:\/\/eljardinderosas.cl\/inicio\/#website\"},\"primaryImageOfPage\":{\"@id\":\"https:\/\/eljardinderosas.cl\/inicio\/tienda\/regalos\/regalos-para-hombres-en-san-valentin\/cesta-con-con-10-rosas-rosadas-10-girasoles-frutas-y-licor\/#primaryimage\"},\"datePublished\":\"2022-07-16T01:53:11+00:00\",\"dateModified\":\"2025-12-21T23:18:41+00:00\",\"description\":\"Canasta Navide\\u00f1a con frutas planta de orqu\\u00eddeas y flores magia navide\\u00f1a: Perfecto para estas fiestas llenas de luz y esperanza! Reserva ahora\",\"breadcrumb\":{\"@id\":\"https:\/\/eljardinderosas.cl\/inicio\/tienda\/regalos\/regalos-para-hombres-en-san-valentin\/cesta-con-con-10-rosas-rosadas-10-girasoles-frutas-y-licor\/#breadcrumb\"},\"inLanguage\":\"es\",\"potentialAction\":[{\"@type\":\"ReadAction\",\"target\":[\"https:\/\/eljardinderosas.cl\/inicio\/tienda\/regalos\/regalos-para-hombres-en-san-valentin\/cesta-con-con-10-rosas-rosadas-10-girasoles-frutas-y-licor\/\"]}]},{\"@type\":\"BreadcrumbList\",\"@id\":\"https:\/\/eljardinderosas.cl\/inicio\/tienda\/regalos\/regalos-para-hombres-en-san-valentin\/cesta-con-con-10-rosas-rosadas-10-girasoles-frutas-y-licor\/#breadcrumb\",\"itemListElement\":[{\"@type\":\"ListItem\",\"position\":1,\"name\":\"Home\",\"item\":\"https:\/\/eljardinderosas.cl\/inicio\/\"},{\"@type\":\"ListItem\",\"position\":2,\"name\":\"Tienda\",\"item\":\"https:\/\/eljardinderosas.cl\/inicio\/tienda\/\"},{\"@type\":\"ListItem\",\"position\":3,\"name\":\"Canasta con flores bombones fruta orqu\\u00eddea bombones\"}]}]}<\/script>\n<!-- \/ Yoast SEO Premium plugin. -->","yoast_head_json":{"title":"Canasta con flores bombones fruta orqu\u00eddea bombones - El Jardin de Rosas","description":"Canasta Navide\u00f1a con frutas planta de orqu\u00eddeas y flores magia navide\u00f1a: Perfecto para estas fiestas llenas de luz y esperanza! Reserva ahora","robots":{"index":"index","follow":"follow","max-snippet":"max-snippet:-1","max-image-preview":"max-image-preview:large","max-video-preview":"max-video-preview:-1"},"canonical":"https:\/\/eljardinderosas.cl\/inicio\/tienda\/regalos\/regalos-para-hombres-en-san-valentin\/cesta-con-con-10-rosas-rosadas-10-girasoles-frutas-y-licor\/","og_locale":"es_ES","og_type":"article","og_title":"Canasta con flores bombones fruta orqu\u00eddea bombones","og_description":"Canasta Navide\u00f1a con frutas planta de orqu\u00eddeas y flores magia navide\u00f1a: Perfecto para estas fiestas llenas de luz y esperanza! Reserva ahora","og_url":"https:\/\/eljardinderosas.cl\/inicio\/tienda\/regalos\/regalos-para-hombres-en-san-valentin\/cesta-con-con-10-rosas-rosadas-10-girasoles-frutas-y-licor\/","og_site_name":"El Jardin de Rosas","article_modified_time":"2025-12-21T23:18:41+00:00","og_image":[{"width":675,"height":857,"url":"https:\/\/eljardinderosas.cl\/inicio\/wp-content\/uploads\/2022\/07\/Canasta-con-flores-fruta-orquideas-quesos-y-vino.jpg","type":"image\/jpeg"}],"twitter_card":"summary_large_image","twitter_misc":{"Tiempo de lectura":"1 minuto"},"schema":{"@context":"https:\/\/schema.org","@graph":[{"@type":"Organization","@id":"https:\/\/eljardinderosas.cl\/inicio\/#organization","name":"El jardin de las rosas","url":"https:\/\/eljardinderosas.cl\/inicio\/","sameAs":["https:\/\/www.instagram.com\/floreria_eljardinderosas\/"],"logo":{"@type":"ImageObject","@id":"https:\/\/eljardinderosas.cl\/inicio\/#logo","inLanguage":"es","url":"https:\/\/eljardinderosas.cl\/inicio\/wp-content\/uploads\/2020\/10\/eljardinderosas-mail.png","contentUrl":"https:\/\/eljardinderosas.cl\/inicio\/wp-content\/uploads\/2020\/10\/eljardinderosas-mail.png","width":317,"height":97,"caption":"El jardin de las rosas"},"image":{"@id":"https:\/\/eljardinderosas.cl\/inicio\/#logo"}},{"@type":"WebSite","@id":"https:\/\/eljardinderosas.cl\/inicio\/#website","url":"https:\/\/eljardinderosas.cl\/inicio\/","name":"Floreria El jardin de las Rosas","description":"Flores en Santiago","publisher":{"@id":"https:\/\/eljardinderosas.cl\/inicio\/#organization"},"potentialAction":[{"@type":"SearchAction","target":{"@type":"EntryPoint","urlTemplate":"https:\/\/eljardinderosas.cl\/inicio\/?s={search_term_string}"},"query-input":"required name=search_term_string"}],"inLanguage":"es"},{"@type":"ImageObject","@id":"https:\/\/eljardinderosas.cl\/inicio\/tienda\/regalos\/regalos-para-hombres-en-san-valentin\/cesta-con-con-10-rosas-rosadas-10-girasoles-frutas-y-licor\/#primaryimage","inLanguage":"es","url":"https:\/\/eljardinderosas.cl\/inicio\/wp-content\/uploads\/2022\/07\/Canasta-con-flores-fruta-orquideas-quesos-y-vino.jpg","contentUrl":"https:\/\/eljardinderosas.cl\/inicio\/wp-content\/uploads\/2022\/07\/Canasta-con-flores-fruta-orquideas-quesos-y-vino.jpg","width":675,"height":857},{"@type":"WebPage","@id":"https:\/\/eljardinderosas.cl\/inicio\/tienda\/regalos\/regalos-para-hombres-en-san-valentin\/cesta-con-con-10-rosas-rosadas-10-girasoles-frutas-y-licor\/#webpage","url":"https:\/\/eljardinderosas.cl\/inicio\/tienda\/regalos\/regalos-para-hombres-en-san-valentin\/cesta-con-con-10-rosas-rosadas-10-girasoles-frutas-y-licor\/","name":"Canasta con flores bombones fruta orqu\u00eddea bombones - El Jardin de Rosas","isPartOf":{"@id":"https:\/\/eljardinderosas.cl\/inicio\/#website"},"primaryImageOfPage":{"@id":"https:\/\/eljardinderosas.cl\/inicio\/tienda\/regalos\/regalos-para-hombres-en-san-valentin\/cesta-con-con-10-rosas-rosadas-10-girasoles-frutas-y-licor\/#primaryimage"},"datePublished":"2022-07-16T01:53:11+00:00","dateModified":"2025-12-21T23:18:41+00:00","description":"Canasta Navide\u00f1a con frutas planta de orqu\u00eddeas y flores magia navide\u00f1a: Perfecto para estas fiestas llenas de luz y esperanza! Reserva ahora","breadcrumb":{"@id":"https:\/\/eljardinderosas.cl\/inicio\/tienda\/regalos\/regalos-para-hombres-en-san-valentin\/cesta-con-con-10-rosas-rosadas-10-girasoles-frutas-y-licor\/#breadcrumb"},"inLanguage":"es","potentialAction":[{"@type":"ReadAction","target":["https:\/\/eljardinderosas.cl\/inicio\/tienda\/regalos\/regalos-para-hombres-en-san-valentin\/cesta-con-con-10-rosas-rosadas-10-girasoles-frutas-y-licor\/"]}]},{"@type":"BreadcrumbList","@id":"https:\/\/eljardinderosas.cl\/inicio\/tienda\/regalos\/regalos-para-hombres-en-san-valentin\/cesta-con-con-10-rosas-rosadas-10-girasoles-frutas-y-licor\/#breadcrumb","itemListElement":[{"@type":"ListItem","position":1,"name":"Home","item":"https:\/\/eljardinderosas.cl\/inicio\/"},{"@type":"ListItem","position":2,"name":"Tienda","item":"https:\/\/eljardinderosas.cl\/inicio\/tienda\/"},{"@type":"ListItem","position":3,"name":"Canasta con flores bombones fruta orqu\u00eddea bombones"}]}]}},"_links":{"self":[{"href":"https:\/\/eljardinderosas.cl\/inicio\/wp-json\/wp\/v2\/product\/13940"}],"collection":[{"href":"https:\/\/eljardinderosas.cl\/inicio\/wp-json\/wp\/v2\/product"}],"about":[{"href":"https:\/\/eljardinderosas.cl\/inicio\/wp-json\/wp\/v2\/types\/product"}],"wp:featuredmedia":[{"embeddable":true,"href":"https:\/\/eljardinderosas.cl\/inicio\/wp-json\/wp\/v2\/media\/19548"}],"wp:attachment":[{"href":"https:\/\/eljardinderosas.cl\/inicio\/wp-json\/wp\/v2\/media?parent=13940"}],"wp:term":[{"taxonomy":"product_cat","embeddable":true,"href":"https:\/\/eljardinderosas.cl\/inicio\/wp-json\/wp\/v2\/product_cat?post=13940"},{"taxonomy":"product_tag","embeddable":true,"href":"https:\/\/eljardinderosas.cl\/inicio\/wp-json\/wp\/v2\/product_tag?post=13940"}],"curies":[{"name":"wp","href":"https:\/\/api.w.org\/{rel}","templated":true}]}}