{"id":14045,"date":"2022-07-20T20:43:06","date_gmt":"2022-07-21T00:43:06","guid":{"rendered":"https:\/\/eljardinderosas.cl\/inicio\/?post_type=product&#038;p=14045"},"modified":"2026-02-04T16:05:33","modified_gmt":"2026-02-04T19:05:33","slug":"ramo-con-10-rosas-blancas-y-10-varas-de-tulipanes-naranjas","status":"publish","type":"product","link":"https:\/\/eljardinderosas.cl\/inicio\/tienda\/arreglos-florales\/arreglos-con-tulipanes\/ramo-con-10-rosas-blancas-y-10-varas-de-tulipanes-naranjas\/","title":{"rendered":"Ramo con 10 rosas blancas y 10 varas de tulipanes naranjas"},"content":{"rendered":"<p>Sorprende este 14 de febrero  con este hermoso elegante y fino ramo  de 10 tulipanes naranjas vibrantes junto a la pureza y delicadeza de 10 rosas blancas frescas, cuidadosamente dispuestas en un elegante ramo, este conjunto transmite amor, gratitud y admiraci\u00f3n, perfecto para expresar todo lo que sientes en su d\u00eda especial \u00a1Haz que este D\u00eda del amor sea inolvidable  con un detalle floral que hable desde el coraz\u00f3n! incluye linda tarjeta de saludos <\/p>\n","protected":false},"excerpt":{"rendered":"<p>celebra este 14 de febrero san valent\u00edn \ud83d\ude0d llega a su coraz\u00f3n\u2764\ufe0f ramos \u00fanicos y ofertas especiales que alegrar\u00e1n su d\u00eda. sorpr\u00e9ndela con un detalle inolvidable!\u2705\ufe0f<br \/>\n\ud83d\ude0dcon el regalo perfecto<\/p>\n","protected":false},"featured_media":19851,"template":"","meta":[],"product_cat":[96,71,80],"product_tag":[],"yoast_head":"<!-- This site is optimized with the Yoast SEO Premium plugin v17.1.2 (Yoast SEO v17.3) - https:\/\/yoast.com\/wordpress\/plugins\/seo\/ -->\n<title>Ramo con 10 rosas blancas y 10 varas de tulipanes naranjas - El Jardin de Rosas<\/title>\n<meta name=\"description\" content=\"Arreglo floral elegante con 10 tulipanes naranjas y 12 rosas ecuatorianas blancas dise\u00f1ado en un fino florero\" \/>\n<meta name=\"robots\" content=\"index, follow, max-snippet:-1, max-image-preview:large, max-video-preview:-1\" \/>\n<link rel=\"canonical\" href=\"https:\/\/eljardinderosas.cl\/inicio\/tienda\/arreglos-florales\/arreglos-con-tulipanes\/ramo-con-10-rosas-blancas-y-10-varas-de-tulipanes-naranjas\/\" \/>\n<meta property=\"og:locale\" content=\"es_ES\" \/>\n<meta property=\"og:type\" content=\"article\" \/>\n<meta property=\"og:title\" content=\"Ramo con 10 rosas blancas y 10 varas de tulipanes naranjas\" \/>\n<meta property=\"og:description\" content=\"Arreglo floral elegante con 10 tulipanes naranjas y 12 rosas ecuatorianas blancas dise\u00f1ado en un fino florero\" \/>\n<meta property=\"og:url\" content=\"https:\/\/eljardinderosas.cl\/inicio\/tienda\/arreglos-florales\/arreglos-con-tulipanes\/ramo-con-10-rosas-blancas-y-10-varas-de-tulipanes-naranjas\/\" \/>\n<meta property=\"og:site_name\" content=\"El Jardin de Rosas\" \/>\n<meta property=\"article:modified_time\" content=\"2026-02-04T19:05:33+00:00\" \/>\n<meta property=\"og:image\" content=\"https:\/\/eljardinderosas.cl\/inicio\/wp-content\/uploads\/2022\/07\/hermoso-ramo-con-rosas-blancas-y-tulipanes-naranjas.jpg\" \/>\n\t<meta property=\"og:image:width\" content=\"1024\" \/>\n\t<meta property=\"og:image:height\" content=\"1536\" \/>\n<meta name=\"twitter:card\" content=\"summary_large_image\" \/>\n<meta name=\"twitter:label1\" content=\"Tiempo de lectura\" \/>\n\t<meta name=\"twitter:data1\" content=\"1 minuto\" \/>\n<script type=\"application\/ld+json\" class=\"yoast-schema-graph\">{\"@context\":\"https:\/\/schema.org\",\"@graph\":[{\"@type\":\"Organization\",\"@id\":\"https:\/\/eljardinderosas.cl\/inicio\/#organization\",\"name\":\"El jardin de las rosas\",\"url\":\"https:\/\/eljardinderosas.cl\/inicio\/\",\"sameAs\":[\"https:\/\/www.instagram.com\/floreria_eljardinderosas\/\"],\"logo\":{\"@type\":\"ImageObject\",\"@id\":\"https:\/\/eljardinderosas.cl\/inicio\/#logo\",\"inLanguage\":\"es\",\"url\":\"https:\/\/eljardinderosas.cl\/inicio\/wp-content\/uploads\/2020\/10\/eljardinderosas-mail.png\",\"contentUrl\":\"https:\/\/eljardinderosas.cl\/inicio\/wp-content\/uploads\/2020\/10\/eljardinderosas-mail.png\",\"width\":317,\"height\":97,\"caption\":\"El jardin de las rosas\"},\"image\":{\"@id\":\"https:\/\/eljardinderosas.cl\/inicio\/#logo\"}},{\"@type\":\"WebSite\",\"@id\":\"https:\/\/eljardinderosas.cl\/inicio\/#website\",\"url\":\"https:\/\/eljardinderosas.cl\/inicio\/\",\"name\":\"Floreria El jardin de las Rosas\",\"description\":\"Flores en Santiago\",\"publisher\":{\"@id\":\"https:\/\/eljardinderosas.cl\/inicio\/#organization\"},\"potentialAction\":[{\"@type\":\"SearchAction\",\"target\":{\"@type\":\"EntryPoint\",\"urlTemplate\":\"https:\/\/eljardinderosas.cl\/inicio\/?s={search_term_string}\"},\"query-input\":\"required name=search_term_string\"}],\"inLanguage\":\"es\"},{\"@type\":\"ImageObject\",\"@id\":\"https:\/\/eljardinderosas.cl\/inicio\/tienda\/arreglos-florales\/arreglos-con-tulipanes\/ramo-con-10-rosas-blancas-y-10-varas-de-tulipanes-naranjas\/#primaryimage\",\"inLanguage\":\"es\",\"url\":\"https:\/\/eljardinderosas.cl\/inicio\/wp-content\/uploads\/2022\/07\/hermoso-ramo-con-rosas-blancas-y-tulipanes-naranjas.jpg\",\"contentUrl\":\"https:\/\/eljardinderosas.cl\/inicio\/wp-content\/uploads\/2022\/07\/hermoso-ramo-con-rosas-blancas-y-tulipanes-naranjas.jpg\",\"width\":1024,\"height\":1536},{\"@type\":\"WebPage\",\"@id\":\"https:\/\/eljardinderosas.cl\/inicio\/tienda\/arreglos-florales\/arreglos-con-tulipanes\/ramo-con-10-rosas-blancas-y-10-varas-de-tulipanes-naranjas\/#webpage\",\"url\":\"https:\/\/eljardinderosas.cl\/inicio\/tienda\/arreglos-florales\/arreglos-con-tulipanes\/ramo-con-10-rosas-blancas-y-10-varas-de-tulipanes-naranjas\/\",\"name\":\"Ramo con 10 rosas blancas y 10 varas de tulipanes naranjas - El Jardin de Rosas\",\"isPartOf\":{\"@id\":\"https:\/\/eljardinderosas.cl\/inicio\/#website\"},\"primaryImageOfPage\":{\"@id\":\"https:\/\/eljardinderosas.cl\/inicio\/tienda\/arreglos-florales\/arreglos-con-tulipanes\/ramo-con-10-rosas-blancas-y-10-varas-de-tulipanes-naranjas\/#primaryimage\"},\"datePublished\":\"2022-07-21T00:43:06+00:00\",\"dateModified\":\"2026-02-04T19:05:33+00:00\",\"description\":\"Arreglo floral elegante con 10 tulipanes naranjas y 12 rosas ecuatorianas blancas dise\\u00f1ado en un fino florero\",\"breadcrumb\":{\"@id\":\"https:\/\/eljardinderosas.cl\/inicio\/tienda\/arreglos-florales\/arreglos-con-tulipanes\/ramo-con-10-rosas-blancas-y-10-varas-de-tulipanes-naranjas\/#breadcrumb\"},\"inLanguage\":\"es\",\"potentialAction\":[{\"@type\":\"ReadAction\",\"target\":[\"https:\/\/eljardinderosas.cl\/inicio\/tienda\/arreglos-florales\/arreglos-con-tulipanes\/ramo-con-10-rosas-blancas-y-10-varas-de-tulipanes-naranjas\/\"]}]},{\"@type\":\"BreadcrumbList\",\"@id\":\"https:\/\/eljardinderosas.cl\/inicio\/tienda\/arreglos-florales\/arreglos-con-tulipanes\/ramo-con-10-rosas-blancas-y-10-varas-de-tulipanes-naranjas\/#breadcrumb\",\"itemListElement\":[{\"@type\":\"ListItem\",\"position\":1,\"name\":\"Home\",\"item\":\"https:\/\/eljardinderosas.cl\/inicio\/\"},{\"@type\":\"ListItem\",\"position\":2,\"name\":\"Tienda\",\"item\":\"https:\/\/eljardinderosas.cl\/inicio\/tienda\/\"},{\"@type\":\"ListItem\",\"position\":3,\"name\":\"Ramo con 10 rosas blancas y 10 varas de tulipanes naranjas\"}]}]}<\/script>\n<!-- \/ Yoast SEO Premium plugin. -->","yoast_head_json":{"title":"Ramo con 10 rosas blancas y 10 varas de tulipanes naranjas - El Jardin de Rosas","description":"Arreglo floral elegante con 10 tulipanes naranjas y 12 rosas ecuatorianas blancas dise\u00f1ado en un fino florero","robots":{"index":"index","follow":"follow","max-snippet":"max-snippet:-1","max-image-preview":"max-image-preview:large","max-video-preview":"max-video-preview:-1"},"canonical":"https:\/\/eljardinderosas.cl\/inicio\/tienda\/arreglos-florales\/arreglos-con-tulipanes\/ramo-con-10-rosas-blancas-y-10-varas-de-tulipanes-naranjas\/","og_locale":"es_ES","og_type":"article","og_title":"Ramo con 10 rosas blancas y 10 varas de tulipanes naranjas","og_description":"Arreglo floral elegante con 10 tulipanes naranjas y 12 rosas ecuatorianas blancas dise\u00f1ado en un fino florero","og_url":"https:\/\/eljardinderosas.cl\/inicio\/tienda\/arreglos-florales\/arreglos-con-tulipanes\/ramo-con-10-rosas-blancas-y-10-varas-de-tulipanes-naranjas\/","og_site_name":"El Jardin de Rosas","article_modified_time":"2026-02-04T19:05:33+00:00","og_image":[{"width":1024,"height":1536,"url":"https:\/\/eljardinderosas.cl\/inicio\/wp-content\/uploads\/2022\/07\/hermoso-ramo-con-rosas-blancas-y-tulipanes-naranjas.jpg","type":"image\/jpeg"}],"twitter_card":"summary_large_image","twitter_misc":{"Tiempo de lectura":"1 minuto"},"schema":{"@context":"https:\/\/schema.org","@graph":[{"@type":"Organization","@id":"https:\/\/eljardinderosas.cl\/inicio\/#organization","name":"El jardin de las rosas","url":"https:\/\/eljardinderosas.cl\/inicio\/","sameAs":["https:\/\/www.instagram.com\/floreria_eljardinderosas\/"],"logo":{"@type":"ImageObject","@id":"https:\/\/eljardinderosas.cl\/inicio\/#logo","inLanguage":"es","url":"https:\/\/eljardinderosas.cl\/inicio\/wp-content\/uploads\/2020\/10\/eljardinderosas-mail.png","contentUrl":"https:\/\/eljardinderosas.cl\/inicio\/wp-content\/uploads\/2020\/10\/eljardinderosas-mail.png","width":317,"height":97,"caption":"El jardin de las rosas"},"image":{"@id":"https:\/\/eljardinderosas.cl\/inicio\/#logo"}},{"@type":"WebSite","@id":"https:\/\/eljardinderosas.cl\/inicio\/#website","url":"https:\/\/eljardinderosas.cl\/inicio\/","name":"Floreria El jardin de las Rosas","description":"Flores en Santiago","publisher":{"@id":"https:\/\/eljardinderosas.cl\/inicio\/#organization"},"potentialAction":[{"@type":"SearchAction","target":{"@type":"EntryPoint","urlTemplate":"https:\/\/eljardinderosas.cl\/inicio\/?s={search_term_string}"},"query-input":"required name=search_term_string"}],"inLanguage":"es"},{"@type":"ImageObject","@id":"https:\/\/eljardinderosas.cl\/inicio\/tienda\/arreglos-florales\/arreglos-con-tulipanes\/ramo-con-10-rosas-blancas-y-10-varas-de-tulipanes-naranjas\/#primaryimage","inLanguage":"es","url":"https:\/\/eljardinderosas.cl\/inicio\/wp-content\/uploads\/2022\/07\/hermoso-ramo-con-rosas-blancas-y-tulipanes-naranjas.jpg","contentUrl":"https:\/\/eljardinderosas.cl\/inicio\/wp-content\/uploads\/2022\/07\/hermoso-ramo-con-rosas-blancas-y-tulipanes-naranjas.jpg","width":1024,"height":1536},{"@type":"WebPage","@id":"https:\/\/eljardinderosas.cl\/inicio\/tienda\/arreglos-florales\/arreglos-con-tulipanes\/ramo-con-10-rosas-blancas-y-10-varas-de-tulipanes-naranjas\/#webpage","url":"https:\/\/eljardinderosas.cl\/inicio\/tienda\/arreglos-florales\/arreglos-con-tulipanes\/ramo-con-10-rosas-blancas-y-10-varas-de-tulipanes-naranjas\/","name":"Ramo con 10 rosas blancas y 10 varas de tulipanes naranjas - El Jardin de Rosas","isPartOf":{"@id":"https:\/\/eljardinderosas.cl\/inicio\/#website"},"primaryImageOfPage":{"@id":"https:\/\/eljardinderosas.cl\/inicio\/tienda\/arreglos-florales\/arreglos-con-tulipanes\/ramo-con-10-rosas-blancas-y-10-varas-de-tulipanes-naranjas\/#primaryimage"},"datePublished":"2022-07-21T00:43:06+00:00","dateModified":"2026-02-04T19:05:33+00:00","description":"Arreglo floral elegante con 10 tulipanes naranjas y 12 rosas ecuatorianas blancas dise\u00f1ado en un fino florero","breadcrumb":{"@id":"https:\/\/eljardinderosas.cl\/inicio\/tienda\/arreglos-florales\/arreglos-con-tulipanes\/ramo-con-10-rosas-blancas-y-10-varas-de-tulipanes-naranjas\/#breadcrumb"},"inLanguage":"es","potentialAction":[{"@type":"ReadAction","target":["https:\/\/eljardinderosas.cl\/inicio\/tienda\/arreglos-florales\/arreglos-con-tulipanes\/ramo-con-10-rosas-blancas-y-10-varas-de-tulipanes-naranjas\/"]}]},{"@type":"BreadcrumbList","@id":"https:\/\/eljardinderosas.cl\/inicio\/tienda\/arreglos-florales\/arreglos-con-tulipanes\/ramo-con-10-rosas-blancas-y-10-varas-de-tulipanes-naranjas\/#breadcrumb","itemListElement":[{"@type":"ListItem","position":1,"name":"Home","item":"https:\/\/eljardinderosas.cl\/inicio\/"},{"@type":"ListItem","position":2,"name":"Tienda","item":"https:\/\/eljardinderosas.cl\/inicio\/tienda\/"},{"@type":"ListItem","position":3,"name":"Ramo con 10 rosas blancas y 10 varas de tulipanes naranjas"}]}]}},"_links":{"self":[{"href":"https:\/\/eljardinderosas.cl\/inicio\/wp-json\/wp\/v2\/product\/14045"}],"collection":[{"href":"https:\/\/eljardinderosas.cl\/inicio\/wp-json\/wp\/v2\/product"}],"about":[{"href":"https:\/\/eljardinderosas.cl\/inicio\/wp-json\/wp\/v2\/types\/product"}],"wp:featuredmedia":[{"embeddable":true,"href":"https:\/\/eljardinderosas.cl\/inicio\/wp-json\/wp\/v2\/media\/19851"}],"wp:attachment":[{"href":"https:\/\/eljardinderosas.cl\/inicio\/wp-json\/wp\/v2\/media?parent=14045"}],"wp:term":[{"taxonomy":"product_cat","embeddable":true,"href":"https:\/\/eljardinderosas.cl\/inicio\/wp-json\/wp\/v2\/product_cat?post=14045"},{"taxonomy":"product_tag","embeddable":true,"href":"https:\/\/eljardinderosas.cl\/inicio\/wp-json\/wp\/v2\/product_tag?post=14045"}],"curies":[{"name":"wp","href":"https:\/\/api.w.org\/{rel}","templated":true}]}}