{"id":14089,"date":"2022-08-02T15:18:10","date_gmt":"2022-08-02T19:18:10","guid":{"rendered":"https:\/\/eljardinderosas.cl\/inicio\/?post_type=product&#038;p=14089"},"modified":"2024-11-27T09:47:18","modified_gmt":"2024-11-27T12:47:18","slug":"caja-redonda-con-20-tulipanes-naranjas-y-blancos","status":"publish","type":"product","link":"https:\/\/eljardinderosas.cl\/inicio\/tienda\/aniversarios\/caja-redonda-con-20-tulipanes-naranjas-y-blancos\/","title":{"rendered":"Caja redonda con 20 tulipanes naranjas y blancos"},"content":{"rendered":"<p>Nuestros tulipanes son seleccionados cuidadosamente para asegurar su frescura y durabilidad, permitiendo que el regalo se disfrute por m\u00e1s tiempo. Una opci\u00f3n perfecta para expresar tus sentimientos en cualquier ocasi\u00f3n. Esta encantadora presentaci\u00f3n combina la delicadeza de los tulipanes con un dise\u00f1o moderno y sofisticado, ideal para sorprender a esa persona especial.<\/p>\n","protected":false},"excerpt":{"rendered":"<p>Nuestros tulipanes son seleccionados cuidadosamente para asegurar su frescura y durabilidad, permitiendo que el regalo se disfrute por m\u00e1s tiempo. Una opci\u00f3n perfecta para expresar tus sentimientos en cualquier ocasi\u00f3n. Esta encantadora presentaci\u00f3n combina la delicadeza de los tulipanes con un dise\u00f1o moderno y sofisticado, ideal para sorprender a esa persona especial.<\/p>\n","protected":false},"featured_media":17809,"template":"","meta":[],"product_cat":[96,93],"product_tag":[],"yoast_head":"<!-- This site is optimized with the Yoast SEO Premium plugin v17.1.2 (Yoast SEO v17.3) - https:\/\/yoast.com\/wordpress\/plugins\/seo\/ -->\n<title>Caja redonda con 20 tulipanes naranjas y blancos - El Jardin de Rosas<\/title>\n<meta name=\"robots\" content=\"index, follow, max-snippet:-1, max-image-preview:large, max-video-preview:-1\" \/>\n<link rel=\"canonical\" href=\"https:\/\/eljardinderosas.cl\/inicio\/tienda\/aniversarios\/caja-redonda-con-20-tulipanes-naranjas-y-blancos\/\" \/>\n<meta property=\"og:locale\" content=\"es_ES\" \/>\n<meta property=\"og:type\" content=\"article\" \/>\n<meta property=\"og:title\" content=\"Caja redonda con 20 tulipanes naranjas y blancos\" \/>\n<meta property=\"og:description\" content=\"Nuestros tulipanes son seleccionados cuidadosamente para asegurar su frescura y durabilidad, permitiendo que el regalo se disfrute por m\u00e1s tiempo. Una opci\u00f3n perfecta para expresar tus sentimientos en cualquier ocasi\u00f3n. Esta encantadora presentaci\u00f3n combina la delicadeza de los tulipanes con un dise\u00f1o moderno y sofisticado, ideal para sorprender a esa persona especial.\" \/>\n<meta property=\"og:url\" content=\"https:\/\/eljardinderosas.cl\/inicio\/tienda\/aniversarios\/caja-redonda-con-20-tulipanes-naranjas-y-blancos\/\" \/>\n<meta property=\"og:site_name\" content=\"El Jardin de Rosas\" \/>\n<meta property=\"article:modified_time\" content=\"2024-11-27T12:47:18+00:00\" \/>\n<meta property=\"og:image\" content=\"https:\/\/eljardinderosas.cl\/inicio\/wp-content\/uploads\/2022\/08\/CAJA-CON-TULIPANES-NARANJAS-Y-BLANCOS.png\" \/>\n\t<meta property=\"og:image:width\" content=\"600\" \/>\n\t<meta property=\"og:image:height\" content=\"600\" \/>\n<meta name=\"twitter:card\" content=\"summary_large_image\" \/>\n<meta name=\"twitter:label1\" content=\"Tiempo de lectura\" \/>\n\t<meta name=\"twitter:data1\" content=\"1 minuto\" \/>\n<script type=\"application\/ld+json\" class=\"yoast-schema-graph\">{\"@context\":\"https:\/\/schema.org\",\"@graph\":[{\"@type\":\"Organization\",\"@id\":\"https:\/\/eljardinderosas.cl\/inicio\/#organization\",\"name\":\"El jardin de las rosas\",\"url\":\"https:\/\/eljardinderosas.cl\/inicio\/\",\"sameAs\":[\"https:\/\/www.instagram.com\/floreria_eljardinderosas\/\"],\"logo\":{\"@type\":\"ImageObject\",\"@id\":\"https:\/\/eljardinderosas.cl\/inicio\/#logo\",\"inLanguage\":\"es\",\"url\":\"https:\/\/eljardinderosas.cl\/inicio\/wp-content\/uploads\/2020\/10\/eljardinderosas-mail.png\",\"contentUrl\":\"https:\/\/eljardinderosas.cl\/inicio\/wp-content\/uploads\/2020\/10\/eljardinderosas-mail.png\",\"width\":317,\"height\":97,\"caption\":\"El jardin de las rosas\"},\"image\":{\"@id\":\"https:\/\/eljardinderosas.cl\/inicio\/#logo\"}},{\"@type\":\"WebSite\",\"@id\":\"https:\/\/eljardinderosas.cl\/inicio\/#website\",\"url\":\"https:\/\/eljardinderosas.cl\/inicio\/\",\"name\":\"Floreria El jardin de las Rosas\",\"description\":\"Flores en Santiago\",\"publisher\":{\"@id\":\"https:\/\/eljardinderosas.cl\/inicio\/#organization\"},\"potentialAction\":[{\"@type\":\"SearchAction\",\"target\":{\"@type\":\"EntryPoint\",\"urlTemplate\":\"https:\/\/eljardinderosas.cl\/inicio\/?s={search_term_string}\"},\"query-input\":\"required name=search_term_string\"}],\"inLanguage\":\"es\"},{\"@type\":\"ImageObject\",\"@id\":\"https:\/\/eljardinderosas.cl\/inicio\/tienda\/aniversarios\/caja-redonda-con-20-tulipanes-naranjas-y-blancos\/#primaryimage\",\"inLanguage\":\"es\",\"url\":\"https:\/\/eljardinderosas.cl\/inicio\/wp-content\/uploads\/2022\/08\/CAJA-CON-TULIPANES-NARANJAS-Y-BLANCOS.png\",\"contentUrl\":\"https:\/\/eljardinderosas.cl\/inicio\/wp-content\/uploads\/2022\/08\/CAJA-CON-TULIPANES-NARANJAS-Y-BLANCOS.png\",\"width\":600,\"height\":600},{\"@type\":\"WebPage\",\"@id\":\"https:\/\/eljardinderosas.cl\/inicio\/tienda\/aniversarios\/caja-redonda-con-20-tulipanes-naranjas-y-blancos\/#webpage\",\"url\":\"https:\/\/eljardinderosas.cl\/inicio\/tienda\/aniversarios\/caja-redonda-con-20-tulipanes-naranjas-y-blancos\/\",\"name\":\"Caja redonda con 20 tulipanes naranjas y blancos - El Jardin de Rosas\",\"isPartOf\":{\"@id\":\"https:\/\/eljardinderosas.cl\/inicio\/#website\"},\"primaryImageOfPage\":{\"@id\":\"https:\/\/eljardinderosas.cl\/inicio\/tienda\/aniversarios\/caja-redonda-con-20-tulipanes-naranjas-y-blancos\/#primaryimage\"},\"datePublished\":\"2022-08-02T19:18:10+00:00\",\"dateModified\":\"2024-11-27T12:47:18+00:00\",\"breadcrumb\":{\"@id\":\"https:\/\/eljardinderosas.cl\/inicio\/tienda\/aniversarios\/caja-redonda-con-20-tulipanes-naranjas-y-blancos\/#breadcrumb\"},\"inLanguage\":\"es\",\"potentialAction\":[{\"@type\":\"ReadAction\",\"target\":[\"https:\/\/eljardinderosas.cl\/inicio\/tienda\/aniversarios\/caja-redonda-con-20-tulipanes-naranjas-y-blancos\/\"]}]},{\"@type\":\"BreadcrumbList\",\"@id\":\"https:\/\/eljardinderosas.cl\/inicio\/tienda\/aniversarios\/caja-redonda-con-20-tulipanes-naranjas-y-blancos\/#breadcrumb\",\"itemListElement\":[{\"@type\":\"ListItem\",\"position\":1,\"name\":\"Home\",\"item\":\"https:\/\/eljardinderosas.cl\/inicio\/\"},{\"@type\":\"ListItem\",\"position\":2,\"name\":\"Tienda\",\"item\":\"https:\/\/eljardinderosas.cl\/inicio\/tienda\/\"},{\"@type\":\"ListItem\",\"position\":3,\"name\":\"Caja redonda con 20 tulipanes naranjas y blancos\"}]}]}<\/script>\n<!-- \/ Yoast SEO Premium plugin. -->","yoast_head_json":{"title":"Caja redonda con 20 tulipanes naranjas y blancos - El Jardin de Rosas","robots":{"index":"index","follow":"follow","max-snippet":"max-snippet:-1","max-image-preview":"max-image-preview:large","max-video-preview":"max-video-preview:-1"},"canonical":"https:\/\/eljardinderosas.cl\/inicio\/tienda\/aniversarios\/caja-redonda-con-20-tulipanes-naranjas-y-blancos\/","og_locale":"es_ES","og_type":"article","og_title":"Caja redonda con 20 tulipanes naranjas y blancos","og_description":"Nuestros tulipanes son seleccionados cuidadosamente para asegurar su frescura y durabilidad, permitiendo que el regalo se disfrute por m\u00e1s tiempo. Una opci\u00f3n perfecta para expresar tus sentimientos en cualquier ocasi\u00f3n. Esta encantadora presentaci\u00f3n combina la delicadeza de los tulipanes con un dise\u00f1o moderno y sofisticado, ideal para sorprender a esa persona especial.","og_url":"https:\/\/eljardinderosas.cl\/inicio\/tienda\/aniversarios\/caja-redonda-con-20-tulipanes-naranjas-y-blancos\/","og_site_name":"El Jardin de Rosas","article_modified_time":"2024-11-27T12:47:18+00:00","og_image":[{"width":600,"height":600,"url":"https:\/\/eljardinderosas.cl\/inicio\/wp-content\/uploads\/2022\/08\/CAJA-CON-TULIPANES-NARANJAS-Y-BLANCOS.png","type":"image\/png"}],"twitter_card":"summary_large_image","twitter_misc":{"Tiempo de lectura":"1 minuto"},"schema":{"@context":"https:\/\/schema.org","@graph":[{"@type":"Organization","@id":"https:\/\/eljardinderosas.cl\/inicio\/#organization","name":"El jardin de las rosas","url":"https:\/\/eljardinderosas.cl\/inicio\/","sameAs":["https:\/\/www.instagram.com\/floreria_eljardinderosas\/"],"logo":{"@type":"ImageObject","@id":"https:\/\/eljardinderosas.cl\/inicio\/#logo","inLanguage":"es","url":"https:\/\/eljardinderosas.cl\/inicio\/wp-content\/uploads\/2020\/10\/eljardinderosas-mail.png","contentUrl":"https:\/\/eljardinderosas.cl\/inicio\/wp-content\/uploads\/2020\/10\/eljardinderosas-mail.png","width":317,"height":97,"caption":"El jardin de las rosas"},"image":{"@id":"https:\/\/eljardinderosas.cl\/inicio\/#logo"}},{"@type":"WebSite","@id":"https:\/\/eljardinderosas.cl\/inicio\/#website","url":"https:\/\/eljardinderosas.cl\/inicio\/","name":"Floreria El jardin de las Rosas","description":"Flores en Santiago","publisher":{"@id":"https:\/\/eljardinderosas.cl\/inicio\/#organization"},"potentialAction":[{"@type":"SearchAction","target":{"@type":"EntryPoint","urlTemplate":"https:\/\/eljardinderosas.cl\/inicio\/?s={search_term_string}"},"query-input":"required name=search_term_string"}],"inLanguage":"es"},{"@type":"ImageObject","@id":"https:\/\/eljardinderosas.cl\/inicio\/tienda\/aniversarios\/caja-redonda-con-20-tulipanes-naranjas-y-blancos\/#primaryimage","inLanguage":"es","url":"https:\/\/eljardinderosas.cl\/inicio\/wp-content\/uploads\/2022\/08\/CAJA-CON-TULIPANES-NARANJAS-Y-BLANCOS.png","contentUrl":"https:\/\/eljardinderosas.cl\/inicio\/wp-content\/uploads\/2022\/08\/CAJA-CON-TULIPANES-NARANJAS-Y-BLANCOS.png","width":600,"height":600},{"@type":"WebPage","@id":"https:\/\/eljardinderosas.cl\/inicio\/tienda\/aniversarios\/caja-redonda-con-20-tulipanes-naranjas-y-blancos\/#webpage","url":"https:\/\/eljardinderosas.cl\/inicio\/tienda\/aniversarios\/caja-redonda-con-20-tulipanes-naranjas-y-blancos\/","name":"Caja redonda con 20 tulipanes naranjas y blancos - El Jardin de Rosas","isPartOf":{"@id":"https:\/\/eljardinderosas.cl\/inicio\/#website"},"primaryImageOfPage":{"@id":"https:\/\/eljardinderosas.cl\/inicio\/tienda\/aniversarios\/caja-redonda-con-20-tulipanes-naranjas-y-blancos\/#primaryimage"},"datePublished":"2022-08-02T19:18:10+00:00","dateModified":"2024-11-27T12:47:18+00:00","breadcrumb":{"@id":"https:\/\/eljardinderosas.cl\/inicio\/tienda\/aniversarios\/caja-redonda-con-20-tulipanes-naranjas-y-blancos\/#breadcrumb"},"inLanguage":"es","potentialAction":[{"@type":"ReadAction","target":["https:\/\/eljardinderosas.cl\/inicio\/tienda\/aniversarios\/caja-redonda-con-20-tulipanes-naranjas-y-blancos\/"]}]},{"@type":"BreadcrumbList","@id":"https:\/\/eljardinderosas.cl\/inicio\/tienda\/aniversarios\/caja-redonda-con-20-tulipanes-naranjas-y-blancos\/#breadcrumb","itemListElement":[{"@type":"ListItem","position":1,"name":"Home","item":"https:\/\/eljardinderosas.cl\/inicio\/"},{"@type":"ListItem","position":2,"name":"Tienda","item":"https:\/\/eljardinderosas.cl\/inicio\/tienda\/"},{"@type":"ListItem","position":3,"name":"Caja redonda con 20 tulipanes naranjas y blancos"}]}]}},"_links":{"self":[{"href":"https:\/\/eljardinderosas.cl\/inicio\/wp-json\/wp\/v2\/product\/14089"}],"collection":[{"href":"https:\/\/eljardinderosas.cl\/inicio\/wp-json\/wp\/v2\/product"}],"about":[{"href":"https:\/\/eljardinderosas.cl\/inicio\/wp-json\/wp\/v2\/types\/product"}],"wp:featuredmedia":[{"embeddable":true,"href":"https:\/\/eljardinderosas.cl\/inicio\/wp-json\/wp\/v2\/media\/17809"}],"wp:attachment":[{"href":"https:\/\/eljardinderosas.cl\/inicio\/wp-json\/wp\/v2\/media?parent=14089"}],"wp:term":[{"taxonomy":"product_cat","embeddable":true,"href":"https:\/\/eljardinderosas.cl\/inicio\/wp-json\/wp\/v2\/product_cat?post=14089"},{"taxonomy":"product_tag","embeddable":true,"href":"https:\/\/eljardinderosas.cl\/inicio\/wp-json\/wp\/v2\/product_tag?post=14089"}],"curies":[{"name":"wp","href":"https:\/\/api.w.org\/{rel}","templated":true}]}}