{"id":1415,"date":"2020-11-08T18:54:54","date_gmt":"2020-11-08T21:54:54","guid":{"rendered":"https:\/\/eljardinderosas.cl\/inicio\/?post_type=product&#038;p=1415"},"modified":"2022-02-08T13:17:05","modified_gmt":"2022-02-08T16:17:05","slug":"lata-bombones-la-fete-410-gramos-cod-lf-30","status":"publish","type":"product","link":"https:\/\/eljardinderosas.cl\/inicio\/tienda\/regalos\/bombones\/lata-bombones-la-fete-410-gramos-cod-lf-30\/","title":{"rendered":"Lata Bombones la Fete 410 Gramos  Cod. LF-30"},"content":{"rendered":"<ul>\n<li>Exquisita Combinaci\u00f3n Lata Bombones La Fete<\/li>\n<li>exquisita elecci\u00f3n de 40 diferentes bombones<\/li>\n<li>todos con distintos rellenos y ba\u00f1ados<\/li>\n<li>chocolate de leche, b\u00edter, blanco o Ruby.<\/li>\n<li>Producto no se vende por separados<\/li>\n<li>solo por arreglo floral o regalo<\/li>\n<\/ul>\n","protected":false},"excerpt":{"rendered":"<p>Exquisita Combinaci\u00f3n Lata Bombones La Fete exquisita elecci\u00f3n de 40 diferentes bombones todos con distintos rellenos y ba\u00f1ados chocolate de leche, b\u00edter, blanco o Ruby. Producto no se vende por separados solo por arreglo floral o regalo<\/p>\n","protected":false},"featured_media":1416,"template":"","meta":[],"product_cat":[88],"product_tag":[154,126],"yoast_head":"<!-- This site is optimized with the Yoast SEO Premium plugin v17.1.2 (Yoast SEO v17.3) - https:\/\/yoast.com\/wordpress\/plugins\/seo\/ -->\n<title>Lata Bombones la Fete 410 Gramos Cod. LF-30 - El Jardin de Rosas<\/title>\n<meta name=\"robots\" content=\"index, follow, max-snippet:-1, max-image-preview:large, max-video-preview:-1\" \/>\n<link rel=\"canonical\" href=\"https:\/\/eljardinderosas.cl\/inicio\/tienda\/regalos\/bombones\/lata-bombones-la-fete-410-gramos-cod-lf-30\/\" \/>\n<meta property=\"og:locale\" content=\"es_ES\" \/>\n<meta property=\"og:type\" content=\"article\" \/>\n<meta property=\"og:title\" content=\"Lata Bombones la Fete 410 Gramos Cod. LF-30\" \/>\n<meta property=\"og:description\" content=\"Exquisita Combinaci\u00f3n Lata Bombones La Fete exquisita elecci\u00f3n de 40 diferentes bombones todos con distintos rellenos y ba\u00f1ados chocolate de leche, b\u00edter, blanco o Ruby. Producto no se vende por separados solo por arreglo floral o regalo\" \/>\n<meta property=\"og:url\" content=\"https:\/\/eljardinderosas.cl\/inicio\/tienda\/regalos\/bombones\/lata-bombones-la-fete-410-gramos-cod-lf-30\/\" \/>\n<meta property=\"og:site_name\" content=\"El Jardin de Rosas\" \/>\n<meta property=\"article:modified_time\" content=\"2022-02-08T16:17:05+00:00\" \/>\n<meta property=\"og:image\" content=\"https:\/\/eljardinderosas.cl\/inicio\/wp-content\/uploads\/2020\/11\/540-1.png\" \/>\n\t<meta property=\"og:image:width\" content=\"540\" \/>\n\t<meta property=\"og:image:height\" content=\"540\" \/>\n<meta name=\"twitter:card\" content=\"summary_large_image\" \/>\n<script type=\"application\/ld+json\" class=\"yoast-schema-graph\">{\"@context\":\"https:\/\/schema.org\",\"@graph\":[{\"@type\":\"Organization\",\"@id\":\"https:\/\/eljardinderosas.cl\/inicio\/#organization\",\"name\":\"El jardin de las rosas\",\"url\":\"https:\/\/eljardinderosas.cl\/inicio\/\",\"sameAs\":[\"https:\/\/www.instagram.com\/floreria_eljardinderosas\/\"],\"logo\":{\"@type\":\"ImageObject\",\"@id\":\"https:\/\/eljardinderosas.cl\/inicio\/#logo\",\"inLanguage\":\"es\",\"url\":\"https:\/\/eljardinderosas.cl\/inicio\/wp-content\/uploads\/2020\/10\/eljardinderosas-mail.png\",\"contentUrl\":\"https:\/\/eljardinderosas.cl\/inicio\/wp-content\/uploads\/2020\/10\/eljardinderosas-mail.png\",\"width\":317,\"height\":97,\"caption\":\"El jardin de las rosas\"},\"image\":{\"@id\":\"https:\/\/eljardinderosas.cl\/inicio\/#logo\"}},{\"@type\":\"WebSite\",\"@id\":\"https:\/\/eljardinderosas.cl\/inicio\/#website\",\"url\":\"https:\/\/eljardinderosas.cl\/inicio\/\",\"name\":\"Floreria El jardin de las Rosas\",\"description\":\"Flores en Santiago\",\"publisher\":{\"@id\":\"https:\/\/eljardinderosas.cl\/inicio\/#organization\"},\"potentialAction\":[{\"@type\":\"SearchAction\",\"target\":{\"@type\":\"EntryPoint\",\"urlTemplate\":\"https:\/\/eljardinderosas.cl\/inicio\/?s={search_term_string}\"},\"query-input\":\"required name=search_term_string\"}],\"inLanguage\":\"es\"},{\"@type\":\"ImageObject\",\"@id\":\"https:\/\/eljardinderosas.cl\/inicio\/tienda\/regalos\/bombones\/lata-bombones-la-fete-410-gramos-cod-lf-30\/#primaryimage\",\"inLanguage\":\"es\",\"url\":\"https:\/\/eljardinderosas.cl\/inicio\/wp-content\/uploads\/2020\/11\/540-1.png\",\"contentUrl\":\"https:\/\/eljardinderosas.cl\/inicio\/wp-content\/uploads\/2020\/11\/540-1.png\",\"width\":540,\"height\":540},{\"@type\":\"WebPage\",\"@id\":\"https:\/\/eljardinderosas.cl\/inicio\/tienda\/regalos\/bombones\/lata-bombones-la-fete-410-gramos-cod-lf-30\/#webpage\",\"url\":\"https:\/\/eljardinderosas.cl\/inicio\/tienda\/regalos\/bombones\/lata-bombones-la-fete-410-gramos-cod-lf-30\/\",\"name\":\"Lata Bombones la Fete 410 Gramos Cod. LF-30 - El Jardin de Rosas\",\"isPartOf\":{\"@id\":\"https:\/\/eljardinderosas.cl\/inicio\/#website\"},\"primaryImageOfPage\":{\"@id\":\"https:\/\/eljardinderosas.cl\/inicio\/tienda\/regalos\/bombones\/lata-bombones-la-fete-410-gramos-cod-lf-30\/#primaryimage\"},\"datePublished\":\"2020-11-08T21:54:54+00:00\",\"dateModified\":\"2022-02-08T16:17:05+00:00\",\"breadcrumb\":{\"@id\":\"https:\/\/eljardinderosas.cl\/inicio\/tienda\/regalos\/bombones\/lata-bombones-la-fete-410-gramos-cod-lf-30\/#breadcrumb\"},\"inLanguage\":\"es\",\"potentialAction\":[{\"@type\":\"ReadAction\",\"target\":[\"https:\/\/eljardinderosas.cl\/inicio\/tienda\/regalos\/bombones\/lata-bombones-la-fete-410-gramos-cod-lf-30\/\"]}]},{\"@type\":\"BreadcrumbList\",\"@id\":\"https:\/\/eljardinderosas.cl\/inicio\/tienda\/regalos\/bombones\/lata-bombones-la-fete-410-gramos-cod-lf-30\/#breadcrumb\",\"itemListElement\":[{\"@type\":\"ListItem\",\"position\":1,\"name\":\"Home\",\"item\":\"https:\/\/eljardinderosas.cl\/inicio\/\"},{\"@type\":\"ListItem\",\"position\":2,\"name\":\"Tienda\",\"item\":\"https:\/\/eljardinderosas.cl\/inicio\/tienda\/\"},{\"@type\":\"ListItem\",\"position\":3,\"name\":\"Lata Bombones la Fete 410 Gramos Cod. LF-30\"}]}]}<\/script>\n<!-- \/ Yoast SEO Premium plugin. -->","yoast_head_json":{"title":"Lata Bombones la Fete 410 Gramos Cod. LF-30 - El Jardin de Rosas","robots":{"index":"index","follow":"follow","max-snippet":"max-snippet:-1","max-image-preview":"max-image-preview:large","max-video-preview":"max-video-preview:-1"},"canonical":"https:\/\/eljardinderosas.cl\/inicio\/tienda\/regalos\/bombones\/lata-bombones-la-fete-410-gramos-cod-lf-30\/","og_locale":"es_ES","og_type":"article","og_title":"Lata Bombones la Fete 410 Gramos Cod. LF-30","og_description":"Exquisita Combinaci\u00f3n Lata Bombones La Fete exquisita elecci\u00f3n de 40 diferentes bombones todos con distintos rellenos y ba\u00f1ados chocolate de leche, b\u00edter, blanco o Ruby. Producto no se vende por separados solo por arreglo floral o regalo","og_url":"https:\/\/eljardinderosas.cl\/inicio\/tienda\/regalos\/bombones\/lata-bombones-la-fete-410-gramos-cod-lf-30\/","og_site_name":"El Jardin de Rosas","article_modified_time":"2022-02-08T16:17:05+00:00","og_image":[{"width":540,"height":540,"url":"https:\/\/eljardinderosas.cl\/inicio\/wp-content\/uploads\/2020\/11\/540-1.png","type":"image\/png"}],"twitter_card":"summary_large_image","schema":{"@context":"https:\/\/schema.org","@graph":[{"@type":"Organization","@id":"https:\/\/eljardinderosas.cl\/inicio\/#organization","name":"El jardin de las rosas","url":"https:\/\/eljardinderosas.cl\/inicio\/","sameAs":["https:\/\/www.instagram.com\/floreria_eljardinderosas\/"],"logo":{"@type":"ImageObject","@id":"https:\/\/eljardinderosas.cl\/inicio\/#logo","inLanguage":"es","url":"https:\/\/eljardinderosas.cl\/inicio\/wp-content\/uploads\/2020\/10\/eljardinderosas-mail.png","contentUrl":"https:\/\/eljardinderosas.cl\/inicio\/wp-content\/uploads\/2020\/10\/eljardinderosas-mail.png","width":317,"height":97,"caption":"El jardin de las rosas"},"image":{"@id":"https:\/\/eljardinderosas.cl\/inicio\/#logo"}},{"@type":"WebSite","@id":"https:\/\/eljardinderosas.cl\/inicio\/#website","url":"https:\/\/eljardinderosas.cl\/inicio\/","name":"Floreria El jardin de las Rosas","description":"Flores en Santiago","publisher":{"@id":"https:\/\/eljardinderosas.cl\/inicio\/#organization"},"potentialAction":[{"@type":"SearchAction","target":{"@type":"EntryPoint","urlTemplate":"https:\/\/eljardinderosas.cl\/inicio\/?s={search_term_string}"},"query-input":"required name=search_term_string"}],"inLanguage":"es"},{"@type":"ImageObject","@id":"https:\/\/eljardinderosas.cl\/inicio\/tienda\/regalos\/bombones\/lata-bombones-la-fete-410-gramos-cod-lf-30\/#primaryimage","inLanguage":"es","url":"https:\/\/eljardinderosas.cl\/inicio\/wp-content\/uploads\/2020\/11\/540-1.png","contentUrl":"https:\/\/eljardinderosas.cl\/inicio\/wp-content\/uploads\/2020\/11\/540-1.png","width":540,"height":540},{"@type":"WebPage","@id":"https:\/\/eljardinderosas.cl\/inicio\/tienda\/regalos\/bombones\/lata-bombones-la-fete-410-gramos-cod-lf-30\/#webpage","url":"https:\/\/eljardinderosas.cl\/inicio\/tienda\/regalos\/bombones\/lata-bombones-la-fete-410-gramos-cod-lf-30\/","name":"Lata Bombones la Fete 410 Gramos Cod. LF-30 - El Jardin de Rosas","isPartOf":{"@id":"https:\/\/eljardinderosas.cl\/inicio\/#website"},"primaryImageOfPage":{"@id":"https:\/\/eljardinderosas.cl\/inicio\/tienda\/regalos\/bombones\/lata-bombones-la-fete-410-gramos-cod-lf-30\/#primaryimage"},"datePublished":"2020-11-08T21:54:54+00:00","dateModified":"2022-02-08T16:17:05+00:00","breadcrumb":{"@id":"https:\/\/eljardinderosas.cl\/inicio\/tienda\/regalos\/bombones\/lata-bombones-la-fete-410-gramos-cod-lf-30\/#breadcrumb"},"inLanguage":"es","potentialAction":[{"@type":"ReadAction","target":["https:\/\/eljardinderosas.cl\/inicio\/tienda\/regalos\/bombones\/lata-bombones-la-fete-410-gramos-cod-lf-30\/"]}]},{"@type":"BreadcrumbList","@id":"https:\/\/eljardinderosas.cl\/inicio\/tienda\/regalos\/bombones\/lata-bombones-la-fete-410-gramos-cod-lf-30\/#breadcrumb","itemListElement":[{"@type":"ListItem","position":1,"name":"Home","item":"https:\/\/eljardinderosas.cl\/inicio\/"},{"@type":"ListItem","position":2,"name":"Tienda","item":"https:\/\/eljardinderosas.cl\/inicio\/tienda\/"},{"@type":"ListItem","position":3,"name":"Lata Bombones la Fete 410 Gramos Cod. LF-30"}]}]}},"_links":{"self":[{"href":"https:\/\/eljardinderosas.cl\/inicio\/wp-json\/wp\/v2\/product\/1415"}],"collection":[{"href":"https:\/\/eljardinderosas.cl\/inicio\/wp-json\/wp\/v2\/product"}],"about":[{"href":"https:\/\/eljardinderosas.cl\/inicio\/wp-json\/wp\/v2\/types\/product"}],"wp:featuredmedia":[{"embeddable":true,"href":"https:\/\/eljardinderosas.cl\/inicio\/wp-json\/wp\/v2\/media\/1416"}],"wp:attachment":[{"href":"https:\/\/eljardinderosas.cl\/inicio\/wp-json\/wp\/v2\/media?parent=1415"}],"wp:term":[{"taxonomy":"product_cat","embeddable":true,"href":"https:\/\/eljardinderosas.cl\/inicio\/wp-json\/wp\/v2\/product_cat?post=1415"},{"taxonomy":"product_tag","embeddable":true,"href":"https:\/\/eljardinderosas.cl\/inicio\/wp-json\/wp\/v2\/product_tag?post=1415"}],"curies":[{"name":"wp","href":"https:\/\/api.w.org\/{rel}","templated":true}]}}