{"id":14262,"date":"2022-08-20T18:42:29","date_gmt":"2022-08-20T22:42:29","guid":{"rendered":"https:\/\/eljardinderosas.cl\/inicio\/?post_type=product&#038;p=14262"},"modified":"2026-03-19T12:11:55","modified_gmt":"2026-03-19T15:11:55","slug":"ramo-circular-con-25-rosas-ecuatorianas-rosadas-tallo-largo","status":"publish","type":"product","link":"https:\/\/eljardinderosas.cl\/inicio\/tienda\/a-ramos-con-rosas\/ramo-circular-con-25-rosas-ecuatorianas-rosadas-tallo-largo\/","title":{"rendered":"Ramo circular  con 25 rosas ecuatorianas rosadas tallo largo"},"content":{"rendered":"<p>Descubre la magia de un ramo circular con 25 rosas rosadas. Sorprende a esa persona especial con un detalle que habla desde el coraz\u00f3n, es el regalo perfecto para expresar amor, ternura y admiraci\u00f3n. Ideal para cumplea\u00f1os, aniversarios, celebraciones especiales o simplemente para decir \u201cte quiero\u201d de la manera m\u00e1s rom\u00e1ntica. Las rosas rosadas simbolizan gratitud, aprecio y dulzura, haciendo que cada momento,haciendo que cada momento sea inolvidable. Cont\u00e1ctanos para hacer tu pedido y recibe este regalo que har\u00e1 latir corazones.<\/p>\n","protected":false},"excerpt":{"rendered":"<p>Ideal para cumplea\u00f1os, aniversarios, celebraciones especiales o simplemente para decir \u201cte quiero\u201d de la manera m\u00e1s rom\u00e1ntica. Las rosas rosadas simbolizan gratitud, aprecio y dulzura, haciendo que cada momento <\/p>\n","protected":false},"featured_media":20185,"template":"","meta":[],"product_cat":[96,69,144,93,121,264],"product_tag":[286,290,146],"yoast_head":"<!-- This site is optimized with the Yoast SEO Premium plugin v17.1.2 (Yoast SEO v17.3) - https:\/\/yoast.com\/wordpress\/plugins\/seo\/ -->\n<title>Ramo circular con 25 rosas ecuatorianas rosadas tallo largo - El Jardin de Rosas<\/title>\n<meta name=\"description\" content=\"Sorprende a esa persona especial con un detalle que habla desde el coraz\u00f3n, es el regalo perfecto para expresar amor, ternura y admiraci\u00f3n.\" \/>\n<meta name=\"robots\" content=\"index, follow, max-snippet:-1, max-image-preview:large, max-video-preview:-1\" \/>\n<link rel=\"canonical\" href=\"https:\/\/eljardinderosas.cl\/inicio\/tienda\/a-ramos-con-rosas\/ramo-circular-con-25-rosas-ecuatorianas-rosadas-tallo-largo\/\" \/>\n<meta property=\"og:locale\" content=\"es_ES\" \/>\n<meta property=\"og:type\" content=\"article\" \/>\n<meta property=\"og:title\" content=\"Ramo circular con 25 rosas ecuatorianas rosadas tallo largo\" \/>\n<meta property=\"og:description\" content=\"Sorprende a esa persona especial con un detalle que habla desde el coraz\u00f3n, es el regalo perfecto para expresar amor, ternura y admiraci\u00f3n.\" \/>\n<meta property=\"og:url\" content=\"https:\/\/eljardinderosas.cl\/inicio\/tienda\/a-ramos-con-rosas\/ramo-circular-con-25-rosas-ecuatorianas-rosadas-tallo-largo\/\" \/>\n<meta property=\"og:site_name\" content=\"El Jardin de Rosas\" \/>\n<meta property=\"article:modified_time\" content=\"2026-03-19T15:11:55+00:00\" \/>\n<meta property=\"og:image\" content=\"https:\/\/eljardinderosas.cl\/inicio\/wp-content\/uploads\/2022\/08\/RAMO-CON-25-ROSAS-ROSAFAS-ECUATORIANAS-TALLO-LARGO.png\" \/>\n\t<meta property=\"og:image:width\" content=\"1024\" \/>\n\t<meta property=\"og:image:height\" content=\"1024\" \/>\n<meta name=\"twitter:card\" content=\"summary_large_image\" \/>\n<meta name=\"twitter:label1\" content=\"Tiempo de lectura\" \/>\n\t<meta name=\"twitter:data1\" content=\"1 minuto\" \/>\n<script type=\"application\/ld+json\" class=\"yoast-schema-graph\">{\"@context\":\"https:\/\/schema.org\",\"@graph\":[{\"@type\":\"Organization\",\"@id\":\"https:\/\/eljardinderosas.cl\/inicio\/#organization\",\"name\":\"El jardin de las rosas\",\"url\":\"https:\/\/eljardinderosas.cl\/inicio\/\",\"sameAs\":[\"https:\/\/www.instagram.com\/floreria_eljardinderosas\/\"],\"logo\":{\"@type\":\"ImageObject\",\"@id\":\"https:\/\/eljardinderosas.cl\/inicio\/#logo\",\"inLanguage\":\"es\",\"url\":\"https:\/\/eljardinderosas.cl\/inicio\/wp-content\/uploads\/2020\/10\/eljardinderosas-mail.png\",\"contentUrl\":\"https:\/\/eljardinderosas.cl\/inicio\/wp-content\/uploads\/2020\/10\/eljardinderosas-mail.png\",\"width\":317,\"height\":97,\"caption\":\"El jardin de las rosas\"},\"image\":{\"@id\":\"https:\/\/eljardinderosas.cl\/inicio\/#logo\"}},{\"@type\":\"WebSite\",\"@id\":\"https:\/\/eljardinderosas.cl\/inicio\/#website\",\"url\":\"https:\/\/eljardinderosas.cl\/inicio\/\",\"name\":\"Floreria El jardin de las Rosas\",\"description\":\"Flores en Santiago\",\"publisher\":{\"@id\":\"https:\/\/eljardinderosas.cl\/inicio\/#organization\"},\"potentialAction\":[{\"@type\":\"SearchAction\",\"target\":{\"@type\":\"EntryPoint\",\"urlTemplate\":\"https:\/\/eljardinderosas.cl\/inicio\/?s={search_term_string}\"},\"query-input\":\"required name=search_term_string\"}],\"inLanguage\":\"es\"},{\"@type\":\"ImageObject\",\"@id\":\"https:\/\/eljardinderosas.cl\/inicio\/tienda\/a-ramos-con-rosas\/ramo-circular-con-25-rosas-ecuatorianas-rosadas-tallo-largo\/#primaryimage\",\"inLanguage\":\"es\",\"url\":\"https:\/\/eljardinderosas.cl\/inicio\/wp-content\/uploads\/2022\/08\/RAMO-CON-25-ROSAS-ROSAFAS-ECUATORIANAS-TALLO-LARGO.png\",\"contentUrl\":\"https:\/\/eljardinderosas.cl\/inicio\/wp-content\/uploads\/2022\/08\/RAMO-CON-25-ROSAS-ROSAFAS-ECUATORIANAS-TALLO-LARGO.png\",\"width\":1024,\"height\":1024},{\"@type\":\"WebPage\",\"@id\":\"https:\/\/eljardinderosas.cl\/inicio\/tienda\/a-ramos-con-rosas\/ramo-circular-con-25-rosas-ecuatorianas-rosadas-tallo-largo\/#webpage\",\"url\":\"https:\/\/eljardinderosas.cl\/inicio\/tienda\/a-ramos-con-rosas\/ramo-circular-con-25-rosas-ecuatorianas-rosadas-tallo-largo\/\",\"name\":\"Ramo circular con 25 rosas ecuatorianas rosadas tallo largo - El Jardin de Rosas\",\"isPartOf\":{\"@id\":\"https:\/\/eljardinderosas.cl\/inicio\/#website\"},\"primaryImageOfPage\":{\"@id\":\"https:\/\/eljardinderosas.cl\/inicio\/tienda\/a-ramos-con-rosas\/ramo-circular-con-25-rosas-ecuatorianas-rosadas-tallo-largo\/#primaryimage\"},\"datePublished\":\"2022-08-20T22:42:29+00:00\",\"dateModified\":\"2026-03-19T15:11:55+00:00\",\"description\":\"Sorprende a esa persona especial con un detalle que habla desde el coraz\\u00f3n, es el regalo perfecto para expresar amor, ternura y admiraci\\u00f3n.\",\"breadcrumb\":{\"@id\":\"https:\/\/eljardinderosas.cl\/inicio\/tienda\/a-ramos-con-rosas\/ramo-circular-con-25-rosas-ecuatorianas-rosadas-tallo-largo\/#breadcrumb\"},\"inLanguage\":\"es\",\"potentialAction\":[{\"@type\":\"ReadAction\",\"target\":[\"https:\/\/eljardinderosas.cl\/inicio\/tienda\/a-ramos-con-rosas\/ramo-circular-con-25-rosas-ecuatorianas-rosadas-tallo-largo\/\"]}]},{\"@type\":\"BreadcrumbList\",\"@id\":\"https:\/\/eljardinderosas.cl\/inicio\/tienda\/a-ramos-con-rosas\/ramo-circular-con-25-rosas-ecuatorianas-rosadas-tallo-largo\/#breadcrumb\",\"itemListElement\":[{\"@type\":\"ListItem\",\"position\":1,\"name\":\"Home\",\"item\":\"https:\/\/eljardinderosas.cl\/inicio\/\"},{\"@type\":\"ListItem\",\"position\":2,\"name\":\"Tienda\",\"item\":\"https:\/\/eljardinderosas.cl\/inicio\/tienda\/\"},{\"@type\":\"ListItem\",\"position\":3,\"name\":\"Ramo circular con 25 rosas ecuatorianas rosadas tallo largo\"}]}]}<\/script>\n<!-- \/ Yoast SEO Premium plugin. -->","yoast_head_json":{"title":"Ramo circular con 25 rosas ecuatorianas rosadas tallo largo - El Jardin de Rosas","description":"Sorprende a esa persona especial con un detalle que habla desde el coraz\u00f3n, es el regalo perfecto para expresar amor, ternura y admiraci\u00f3n.","robots":{"index":"index","follow":"follow","max-snippet":"max-snippet:-1","max-image-preview":"max-image-preview:large","max-video-preview":"max-video-preview:-1"},"canonical":"https:\/\/eljardinderosas.cl\/inicio\/tienda\/a-ramos-con-rosas\/ramo-circular-con-25-rosas-ecuatorianas-rosadas-tallo-largo\/","og_locale":"es_ES","og_type":"article","og_title":"Ramo circular con 25 rosas ecuatorianas rosadas tallo largo","og_description":"Sorprende a esa persona especial con un detalle que habla desde el coraz\u00f3n, es el regalo perfecto para expresar amor, ternura y admiraci\u00f3n.","og_url":"https:\/\/eljardinderosas.cl\/inicio\/tienda\/a-ramos-con-rosas\/ramo-circular-con-25-rosas-ecuatorianas-rosadas-tallo-largo\/","og_site_name":"El Jardin de Rosas","article_modified_time":"2026-03-19T15:11:55+00:00","og_image":[{"width":1024,"height":1024,"url":"https:\/\/eljardinderosas.cl\/inicio\/wp-content\/uploads\/2022\/08\/RAMO-CON-25-ROSAS-ROSAFAS-ECUATORIANAS-TALLO-LARGO.png","type":"image\/png"}],"twitter_card":"summary_large_image","twitter_misc":{"Tiempo de lectura":"1 minuto"},"schema":{"@context":"https:\/\/schema.org","@graph":[{"@type":"Organization","@id":"https:\/\/eljardinderosas.cl\/inicio\/#organization","name":"El jardin de las rosas","url":"https:\/\/eljardinderosas.cl\/inicio\/","sameAs":["https:\/\/www.instagram.com\/floreria_eljardinderosas\/"],"logo":{"@type":"ImageObject","@id":"https:\/\/eljardinderosas.cl\/inicio\/#logo","inLanguage":"es","url":"https:\/\/eljardinderosas.cl\/inicio\/wp-content\/uploads\/2020\/10\/eljardinderosas-mail.png","contentUrl":"https:\/\/eljardinderosas.cl\/inicio\/wp-content\/uploads\/2020\/10\/eljardinderosas-mail.png","width":317,"height":97,"caption":"El jardin de las rosas"},"image":{"@id":"https:\/\/eljardinderosas.cl\/inicio\/#logo"}},{"@type":"WebSite","@id":"https:\/\/eljardinderosas.cl\/inicio\/#website","url":"https:\/\/eljardinderosas.cl\/inicio\/","name":"Floreria El jardin de las Rosas","description":"Flores en Santiago","publisher":{"@id":"https:\/\/eljardinderosas.cl\/inicio\/#organization"},"potentialAction":[{"@type":"SearchAction","target":{"@type":"EntryPoint","urlTemplate":"https:\/\/eljardinderosas.cl\/inicio\/?s={search_term_string}"},"query-input":"required name=search_term_string"}],"inLanguage":"es"},{"@type":"ImageObject","@id":"https:\/\/eljardinderosas.cl\/inicio\/tienda\/a-ramos-con-rosas\/ramo-circular-con-25-rosas-ecuatorianas-rosadas-tallo-largo\/#primaryimage","inLanguage":"es","url":"https:\/\/eljardinderosas.cl\/inicio\/wp-content\/uploads\/2022\/08\/RAMO-CON-25-ROSAS-ROSAFAS-ECUATORIANAS-TALLO-LARGO.png","contentUrl":"https:\/\/eljardinderosas.cl\/inicio\/wp-content\/uploads\/2022\/08\/RAMO-CON-25-ROSAS-ROSAFAS-ECUATORIANAS-TALLO-LARGO.png","width":1024,"height":1024},{"@type":"WebPage","@id":"https:\/\/eljardinderosas.cl\/inicio\/tienda\/a-ramos-con-rosas\/ramo-circular-con-25-rosas-ecuatorianas-rosadas-tallo-largo\/#webpage","url":"https:\/\/eljardinderosas.cl\/inicio\/tienda\/a-ramos-con-rosas\/ramo-circular-con-25-rosas-ecuatorianas-rosadas-tallo-largo\/","name":"Ramo circular con 25 rosas ecuatorianas rosadas tallo largo - El Jardin de Rosas","isPartOf":{"@id":"https:\/\/eljardinderosas.cl\/inicio\/#website"},"primaryImageOfPage":{"@id":"https:\/\/eljardinderosas.cl\/inicio\/tienda\/a-ramos-con-rosas\/ramo-circular-con-25-rosas-ecuatorianas-rosadas-tallo-largo\/#primaryimage"},"datePublished":"2022-08-20T22:42:29+00:00","dateModified":"2026-03-19T15:11:55+00:00","description":"Sorprende a esa persona especial con un detalle que habla desde el coraz\u00f3n, es el regalo perfecto para expresar amor, ternura y admiraci\u00f3n.","breadcrumb":{"@id":"https:\/\/eljardinderosas.cl\/inicio\/tienda\/a-ramos-con-rosas\/ramo-circular-con-25-rosas-ecuatorianas-rosadas-tallo-largo\/#breadcrumb"},"inLanguage":"es","potentialAction":[{"@type":"ReadAction","target":["https:\/\/eljardinderosas.cl\/inicio\/tienda\/a-ramos-con-rosas\/ramo-circular-con-25-rosas-ecuatorianas-rosadas-tallo-largo\/"]}]},{"@type":"BreadcrumbList","@id":"https:\/\/eljardinderosas.cl\/inicio\/tienda\/a-ramos-con-rosas\/ramo-circular-con-25-rosas-ecuatorianas-rosadas-tallo-largo\/#breadcrumb","itemListElement":[{"@type":"ListItem","position":1,"name":"Home","item":"https:\/\/eljardinderosas.cl\/inicio\/"},{"@type":"ListItem","position":2,"name":"Tienda","item":"https:\/\/eljardinderosas.cl\/inicio\/tienda\/"},{"@type":"ListItem","position":3,"name":"Ramo circular con 25 rosas ecuatorianas rosadas tallo largo"}]}]}},"_links":{"self":[{"href":"https:\/\/eljardinderosas.cl\/inicio\/wp-json\/wp\/v2\/product\/14262"}],"collection":[{"href":"https:\/\/eljardinderosas.cl\/inicio\/wp-json\/wp\/v2\/product"}],"about":[{"href":"https:\/\/eljardinderosas.cl\/inicio\/wp-json\/wp\/v2\/types\/product"}],"wp:featuredmedia":[{"embeddable":true,"href":"https:\/\/eljardinderosas.cl\/inicio\/wp-json\/wp\/v2\/media\/20185"}],"wp:attachment":[{"href":"https:\/\/eljardinderosas.cl\/inicio\/wp-json\/wp\/v2\/media?parent=14262"}],"wp:term":[{"taxonomy":"product_cat","embeddable":true,"href":"https:\/\/eljardinderosas.cl\/inicio\/wp-json\/wp\/v2\/product_cat?post=14262"},{"taxonomy":"product_tag","embeddable":true,"href":"https:\/\/eljardinderosas.cl\/inicio\/wp-json\/wp\/v2\/product_tag?post=14262"}],"curies":[{"name":"wp","href":"https:\/\/api.w.org\/{rel}","templated":true}]}}