{"id":14623,"date":"2022-10-04T22:48:00","date_gmt":"2022-10-05T01:48:00","guid":{"rendered":"https:\/\/eljardinderosas.cl\/inicio\/?post_type=product&#038;p=14623"},"modified":"2026-03-18T17:34:26","modified_gmt":"2026-03-18T20:34:26","slug":"ramo-30-peonias-color-importadas-a-domicilio","status":"publish","type":"product","link":"https:\/\/eljardinderosas.cl\/inicio\/tienda\/arreglos-florales\/peonias-fuera-de-temporada\/ramo-30-peonias-color-importadas-a-domicilio\/","title":{"rendered":"Ramo 30 peon\u00edas color importadas a domicilio"},"content":{"rendered":"<p>Magn\u00edfico ramo con 20 bellas peon\u00edas que capturan la esencia de la elegancia y la delicadeza. Estas flores, con sus voluminosos p\u00e9talos suaves y redondeados, despliegan una paleta de tonos que van desde el blanco cremoso hasta el rosa suave, creando un espect\u00e1culo visual \u00fanico. Cada peon\u00eda destaca por su gran tama\u00f1o, que puede alcanzar hasta 20 cm de di\u00e1metro, y su fragancia dulce y sutil que envuelve el ambiente, aportando un toque de romance y serenidad. Perfectas para expresar sentimientos profundos, <\/p>\n","protected":false},"excerpt":{"rendered":"<p>este conjunto floral es ideal para ocasiones especiales donde la belleza natural y el estilo refinado son protagonistas.\u00bb<\/p>\n","protected":false},"featured_media":14625,"template":"","meta":[],"product_cat":[144,93,83,245],"product_tag":[],"yoast_head":"<!-- This site is optimized with the Yoast SEO Premium plugin v17.1.2 (Yoast SEO v17.3) - https:\/\/yoast.com\/wordpress\/plugins\/seo\/ -->\n<title>Ramo 30 peon\u00edas color importadas a domicilio - El Jardin de Rosas<\/title>\n<meta name=\"description\" content=\"20 bellas peon\u00edas son Perfectas para expresar sentimientos ideal para ocasiones especiales donde la belleza natural son protagonistas.\" \/>\n<meta name=\"robots\" content=\"index, follow, max-snippet:-1, max-image-preview:large, max-video-preview:-1\" \/>\n<link rel=\"canonical\" href=\"https:\/\/eljardinderosas.cl\/inicio\/tienda\/arreglos-florales\/peonias-fuera-de-temporada\/ramo-30-peonias-color-importadas-a-domicilio\/\" \/>\n<meta property=\"og:locale\" content=\"es_ES\" \/>\n<meta property=\"og:type\" content=\"article\" \/>\n<meta property=\"og:title\" content=\"Ramo 30 peon\u00edas color importadas a domicilio\" \/>\n<meta property=\"og:description\" content=\"20 bellas peon\u00edas son Perfectas para expresar sentimientos ideal para ocasiones especiales donde la belleza natural son protagonistas.\" \/>\n<meta property=\"og:url\" content=\"https:\/\/eljardinderosas.cl\/inicio\/tienda\/arreglos-florales\/peonias-fuera-de-temporada\/ramo-30-peonias-color-importadas-a-domicilio\/\" \/>\n<meta property=\"og:site_name\" content=\"El Jardin de Rosas\" \/>\n<meta property=\"article:modified_time\" content=\"2026-03-18T20:34:26+00:00\" \/>\n<meta property=\"og:image\" content=\"https:\/\/eljardinderosas.cl\/inicio\/wp-content\/uploads\/2022\/10\/6d20ad3424ace475843f2416edd15156.png\" \/>\n\t<meta property=\"og:image:width\" content=\"563\" \/>\n\t<meta property=\"og:image:height\" content=\"564\" \/>\n<meta name=\"twitter:card\" content=\"summary_large_image\" \/>\n<meta name=\"twitter:label1\" content=\"Tiempo de lectura\" \/>\n\t<meta name=\"twitter:data1\" content=\"1 minuto\" \/>\n<script type=\"application\/ld+json\" class=\"yoast-schema-graph\">{\"@context\":\"https:\/\/schema.org\",\"@graph\":[{\"@type\":\"Organization\",\"@id\":\"https:\/\/eljardinderosas.cl\/inicio\/#organization\",\"name\":\"El jardin de las rosas\",\"url\":\"https:\/\/eljardinderosas.cl\/inicio\/\",\"sameAs\":[\"https:\/\/www.instagram.com\/floreria_eljardinderosas\/\"],\"logo\":{\"@type\":\"ImageObject\",\"@id\":\"https:\/\/eljardinderosas.cl\/inicio\/#logo\",\"inLanguage\":\"es\",\"url\":\"https:\/\/eljardinderosas.cl\/inicio\/wp-content\/uploads\/2020\/10\/eljardinderosas-mail.png\",\"contentUrl\":\"https:\/\/eljardinderosas.cl\/inicio\/wp-content\/uploads\/2020\/10\/eljardinderosas-mail.png\",\"width\":317,\"height\":97,\"caption\":\"El jardin de las rosas\"},\"image\":{\"@id\":\"https:\/\/eljardinderosas.cl\/inicio\/#logo\"}},{\"@type\":\"WebSite\",\"@id\":\"https:\/\/eljardinderosas.cl\/inicio\/#website\",\"url\":\"https:\/\/eljardinderosas.cl\/inicio\/\",\"name\":\"Floreria El jardin de las Rosas\",\"description\":\"Flores en Santiago\",\"publisher\":{\"@id\":\"https:\/\/eljardinderosas.cl\/inicio\/#organization\"},\"potentialAction\":[{\"@type\":\"SearchAction\",\"target\":{\"@type\":\"EntryPoint\",\"urlTemplate\":\"https:\/\/eljardinderosas.cl\/inicio\/?s={search_term_string}\"},\"query-input\":\"required name=search_term_string\"}],\"inLanguage\":\"es\"},{\"@type\":\"ImageObject\",\"@id\":\"https:\/\/eljardinderosas.cl\/inicio\/tienda\/arreglos-florales\/peonias-fuera-de-temporada\/ramo-30-peonias-color-importadas-a-domicilio\/#primaryimage\",\"inLanguage\":\"es\",\"url\":\"https:\/\/eljardinderosas.cl\/inicio\/wp-content\/uploads\/2022\/10\/6d20ad3424ace475843f2416edd15156.png\",\"contentUrl\":\"https:\/\/eljardinderosas.cl\/inicio\/wp-content\/uploads\/2022\/10\/6d20ad3424ace475843f2416edd15156.png\",\"width\":563,\"height\":564},{\"@type\":\"WebPage\",\"@id\":\"https:\/\/eljardinderosas.cl\/inicio\/tienda\/arreglos-florales\/peonias-fuera-de-temporada\/ramo-30-peonias-color-importadas-a-domicilio\/#webpage\",\"url\":\"https:\/\/eljardinderosas.cl\/inicio\/tienda\/arreglos-florales\/peonias-fuera-de-temporada\/ramo-30-peonias-color-importadas-a-domicilio\/\",\"name\":\"Ramo 30 peon\\u00edas color importadas a domicilio - El Jardin de Rosas\",\"isPartOf\":{\"@id\":\"https:\/\/eljardinderosas.cl\/inicio\/#website\"},\"primaryImageOfPage\":{\"@id\":\"https:\/\/eljardinderosas.cl\/inicio\/tienda\/arreglos-florales\/peonias-fuera-de-temporada\/ramo-30-peonias-color-importadas-a-domicilio\/#primaryimage\"},\"datePublished\":\"2022-10-05T01:48:00+00:00\",\"dateModified\":\"2026-03-18T20:34:26+00:00\",\"description\":\"20 bellas peon\\u00edas son Perfectas para expresar sentimientos ideal para ocasiones especiales donde la belleza natural son protagonistas.\",\"breadcrumb\":{\"@id\":\"https:\/\/eljardinderosas.cl\/inicio\/tienda\/arreglos-florales\/peonias-fuera-de-temporada\/ramo-30-peonias-color-importadas-a-domicilio\/#breadcrumb\"},\"inLanguage\":\"es\",\"potentialAction\":[{\"@type\":\"ReadAction\",\"target\":[\"https:\/\/eljardinderosas.cl\/inicio\/tienda\/arreglos-florales\/peonias-fuera-de-temporada\/ramo-30-peonias-color-importadas-a-domicilio\/\"]}]},{\"@type\":\"BreadcrumbList\",\"@id\":\"https:\/\/eljardinderosas.cl\/inicio\/tienda\/arreglos-florales\/peonias-fuera-de-temporada\/ramo-30-peonias-color-importadas-a-domicilio\/#breadcrumb\",\"itemListElement\":[{\"@type\":\"ListItem\",\"position\":1,\"name\":\"Home\",\"item\":\"https:\/\/eljardinderosas.cl\/inicio\/\"},{\"@type\":\"ListItem\",\"position\":2,\"name\":\"Tienda\",\"item\":\"https:\/\/eljardinderosas.cl\/inicio\/tienda\/\"},{\"@type\":\"ListItem\",\"position\":3,\"name\":\"Ramo 30 peon\\u00edas color importadas a domicilio\"}]}]}<\/script>\n<!-- \/ Yoast SEO Premium plugin. -->","yoast_head_json":{"title":"Ramo 30 peon\u00edas color importadas a domicilio - El Jardin de Rosas","description":"20 bellas peon\u00edas son Perfectas para expresar sentimientos ideal para ocasiones especiales donde la belleza natural son protagonistas.","robots":{"index":"index","follow":"follow","max-snippet":"max-snippet:-1","max-image-preview":"max-image-preview:large","max-video-preview":"max-video-preview:-1"},"canonical":"https:\/\/eljardinderosas.cl\/inicio\/tienda\/arreglos-florales\/peonias-fuera-de-temporada\/ramo-30-peonias-color-importadas-a-domicilio\/","og_locale":"es_ES","og_type":"article","og_title":"Ramo 30 peon\u00edas color importadas a domicilio","og_description":"20 bellas peon\u00edas son Perfectas para expresar sentimientos ideal para ocasiones especiales donde la belleza natural son protagonistas.","og_url":"https:\/\/eljardinderosas.cl\/inicio\/tienda\/arreglos-florales\/peonias-fuera-de-temporada\/ramo-30-peonias-color-importadas-a-domicilio\/","og_site_name":"El Jardin de Rosas","article_modified_time":"2026-03-18T20:34:26+00:00","og_image":[{"width":563,"height":564,"url":"https:\/\/eljardinderosas.cl\/inicio\/wp-content\/uploads\/2022\/10\/6d20ad3424ace475843f2416edd15156.png","type":"image\/png"}],"twitter_card":"summary_large_image","twitter_misc":{"Tiempo de lectura":"1 minuto"},"schema":{"@context":"https:\/\/schema.org","@graph":[{"@type":"Organization","@id":"https:\/\/eljardinderosas.cl\/inicio\/#organization","name":"El jardin de las rosas","url":"https:\/\/eljardinderosas.cl\/inicio\/","sameAs":["https:\/\/www.instagram.com\/floreria_eljardinderosas\/"],"logo":{"@type":"ImageObject","@id":"https:\/\/eljardinderosas.cl\/inicio\/#logo","inLanguage":"es","url":"https:\/\/eljardinderosas.cl\/inicio\/wp-content\/uploads\/2020\/10\/eljardinderosas-mail.png","contentUrl":"https:\/\/eljardinderosas.cl\/inicio\/wp-content\/uploads\/2020\/10\/eljardinderosas-mail.png","width":317,"height":97,"caption":"El jardin de las rosas"},"image":{"@id":"https:\/\/eljardinderosas.cl\/inicio\/#logo"}},{"@type":"WebSite","@id":"https:\/\/eljardinderosas.cl\/inicio\/#website","url":"https:\/\/eljardinderosas.cl\/inicio\/","name":"Floreria El jardin de las Rosas","description":"Flores en Santiago","publisher":{"@id":"https:\/\/eljardinderosas.cl\/inicio\/#organization"},"potentialAction":[{"@type":"SearchAction","target":{"@type":"EntryPoint","urlTemplate":"https:\/\/eljardinderosas.cl\/inicio\/?s={search_term_string}"},"query-input":"required name=search_term_string"}],"inLanguage":"es"},{"@type":"ImageObject","@id":"https:\/\/eljardinderosas.cl\/inicio\/tienda\/arreglos-florales\/peonias-fuera-de-temporada\/ramo-30-peonias-color-importadas-a-domicilio\/#primaryimage","inLanguage":"es","url":"https:\/\/eljardinderosas.cl\/inicio\/wp-content\/uploads\/2022\/10\/6d20ad3424ace475843f2416edd15156.png","contentUrl":"https:\/\/eljardinderosas.cl\/inicio\/wp-content\/uploads\/2022\/10\/6d20ad3424ace475843f2416edd15156.png","width":563,"height":564},{"@type":"WebPage","@id":"https:\/\/eljardinderosas.cl\/inicio\/tienda\/arreglos-florales\/peonias-fuera-de-temporada\/ramo-30-peonias-color-importadas-a-domicilio\/#webpage","url":"https:\/\/eljardinderosas.cl\/inicio\/tienda\/arreglos-florales\/peonias-fuera-de-temporada\/ramo-30-peonias-color-importadas-a-domicilio\/","name":"Ramo 30 peon\u00edas color importadas a domicilio - El Jardin de Rosas","isPartOf":{"@id":"https:\/\/eljardinderosas.cl\/inicio\/#website"},"primaryImageOfPage":{"@id":"https:\/\/eljardinderosas.cl\/inicio\/tienda\/arreglos-florales\/peonias-fuera-de-temporada\/ramo-30-peonias-color-importadas-a-domicilio\/#primaryimage"},"datePublished":"2022-10-05T01:48:00+00:00","dateModified":"2026-03-18T20:34:26+00:00","description":"20 bellas peon\u00edas son Perfectas para expresar sentimientos ideal para ocasiones especiales donde la belleza natural son protagonistas.","breadcrumb":{"@id":"https:\/\/eljardinderosas.cl\/inicio\/tienda\/arreglos-florales\/peonias-fuera-de-temporada\/ramo-30-peonias-color-importadas-a-domicilio\/#breadcrumb"},"inLanguage":"es","potentialAction":[{"@type":"ReadAction","target":["https:\/\/eljardinderosas.cl\/inicio\/tienda\/arreglos-florales\/peonias-fuera-de-temporada\/ramo-30-peonias-color-importadas-a-domicilio\/"]}]},{"@type":"BreadcrumbList","@id":"https:\/\/eljardinderosas.cl\/inicio\/tienda\/arreglos-florales\/peonias-fuera-de-temporada\/ramo-30-peonias-color-importadas-a-domicilio\/#breadcrumb","itemListElement":[{"@type":"ListItem","position":1,"name":"Home","item":"https:\/\/eljardinderosas.cl\/inicio\/"},{"@type":"ListItem","position":2,"name":"Tienda","item":"https:\/\/eljardinderosas.cl\/inicio\/tienda\/"},{"@type":"ListItem","position":3,"name":"Ramo 30 peon\u00edas color importadas a domicilio"}]}]}},"_links":{"self":[{"href":"https:\/\/eljardinderosas.cl\/inicio\/wp-json\/wp\/v2\/product\/14623"}],"collection":[{"href":"https:\/\/eljardinderosas.cl\/inicio\/wp-json\/wp\/v2\/product"}],"about":[{"href":"https:\/\/eljardinderosas.cl\/inicio\/wp-json\/wp\/v2\/types\/product"}],"wp:featuredmedia":[{"embeddable":true,"href":"https:\/\/eljardinderosas.cl\/inicio\/wp-json\/wp\/v2\/media\/14625"}],"wp:attachment":[{"href":"https:\/\/eljardinderosas.cl\/inicio\/wp-json\/wp\/v2\/media?parent=14623"}],"wp:term":[{"taxonomy":"product_cat","embeddable":true,"href":"https:\/\/eljardinderosas.cl\/inicio\/wp-json\/wp\/v2\/product_cat?post=14623"},{"taxonomy":"product_tag","embeddable":true,"href":"https:\/\/eljardinderosas.cl\/inicio\/wp-json\/wp\/v2\/product_tag?post=14623"}],"curies":[{"name":"wp","href":"https:\/\/api.w.org\/{rel}","templated":true}]}}