{"id":14745,"date":"2022-10-21T00:17:00","date_gmt":"2022-10-21T03:17:00","guid":{"rendered":"https:\/\/eljardinderosas.cl\/inicio\/?post_type=product&#038;p=14745"},"modified":"2025-03-05T15:36:09","modified_gmt":"2025-03-05T18:36:09","slug":"ramo-de-novia-con-20-tulipanes-blancos-y-4-rosas-rojas","status":"publish","type":"product","link":"https:\/\/eljardinderosas.cl\/inicio\/tienda\/ramo-de-novia-y-decoracion-para-iglesias\/ramo-de-novia-con-20-tulipanes-blancos-y-4-rosas-rojas\/","title":{"rendered":"Ramo de novia con 20 tulipanes blancos y 4 rosas rojas"},"content":{"rendered":"<ul>\n<li>Precioso\u00a0 Ramo de novia con 20 tulipanes blancos importados<\/li>\n<li><b>El color blanco se suele asociar a la pureza , la paz\u00a0 y\u00a0 tranquilidad\u00a0<\/b><\/li>\n<li><b>Tambi\u00e9n representa estos dos mensajes, aparte de ser el color del amor y la bondad<\/b><\/li>\n<li>Por ese motivo, el color blanco en los tulipanes se suele utilizar mucho en los ramos de novia, pues muestra elegancia y amor puro.<\/li>\n<li>4 rosas rojas ecuatorianas a domicilio<\/li>\n<li>Las rosas rojas son\u00a0<b>el s\u00edmbolo del amor por excelencia, los amantes, la pasi\u00f3n, el fuego<\/b>&#8230; Las rosas rojas tienen otros significados, m\u00e1s secundarios pero igual de representativos. Tambi\u00e9n simbolizan admiraci\u00f3n y respeto.<\/li>\n<\/ul>\n","protected":false},"excerpt":{"rendered":"<p>Precioso\u00a0 Ramo de novia con 20 tulipanes blancos importados El color blanco se suele asociar a la pureza , la paz\u00a0 y\u00a0 tranquilidad\u00a0 Tambi\u00e9n representa estos dos mensajes, aparte de ser el color del amor y la bondad Por ese motivo, el color blanco en los tulipanes se suele utilizar mucho en los ramos de [&#8230;]\n","protected":false},"featured_media":14747,"template":"","meta":[],"product_cat":[109],"product_tag":[],"yoast_head":"<!-- This site is optimized with the Yoast SEO Premium plugin v17.1.2 (Yoast SEO v17.3) - https:\/\/yoast.com\/wordpress\/plugins\/seo\/ -->\n<title>Ramo de novia con 20 tulipanes blancos y 4 rosas rojas - El Jardin de Rosas<\/title>\n<meta name=\"robots\" content=\"index, follow, max-snippet:-1, max-image-preview:large, max-video-preview:-1\" \/>\n<link rel=\"canonical\" href=\"https:\/\/eljardinderosas.cl\/inicio\/tienda\/ramo-de-novia-y-decoracion-para-iglesias\/ramo-de-novia-con-20-tulipanes-blancos-y-4-rosas-rojas\/\" \/>\n<meta property=\"og:locale\" content=\"es_ES\" \/>\n<meta property=\"og:type\" content=\"article\" \/>\n<meta property=\"og:title\" content=\"Ramo de novia con 20 tulipanes blancos y 4 rosas rojas\" \/>\n<meta property=\"og:description\" content=\"Precioso\u00a0 Ramo de novia con 20 tulipanes blancos importados El color blanco se suele asociar a la pureza , la paz\u00a0 y\u00a0 tranquilidad\u00a0 Tambi\u00e9n representa estos dos mensajes, aparte de ser el color del amor y la bondad Por ese motivo, el color blanco en los tulipanes se suele utilizar mucho en los ramos de [...]\" \/>\n<meta property=\"og:url\" content=\"https:\/\/eljardinderosas.cl\/inicio\/tienda\/ramo-de-novia-y-decoracion-para-iglesias\/ramo-de-novia-con-20-tulipanes-blancos-y-4-rosas-rojas\/\" \/>\n<meta property=\"og:site_name\" content=\"El Jardin de Rosas\" \/>\n<meta property=\"article:modified_time\" content=\"2025-03-05T18:36:09+00:00\" \/>\n<meta property=\"og:image\" content=\"https:\/\/eljardinderosas.cl\/inicio\/wp-content\/uploads\/2022\/10\/RAMO-DE-NOVIA-CON-TULIPANES-Y-ROSAS-ROJAS-.jpg\" \/>\n\t<meta property=\"og:image:width\" content=\"599\" \/>\n\t<meta property=\"og:image:height\" content=\"900\" \/>\n<meta name=\"twitter:card\" content=\"summary_large_image\" \/>\n<meta name=\"twitter:label1\" content=\"Tiempo de lectura\" \/>\n\t<meta name=\"twitter:data1\" content=\"1 minuto\" \/>\n<script type=\"application\/ld+json\" class=\"yoast-schema-graph\">{\"@context\":\"https:\/\/schema.org\",\"@graph\":[{\"@type\":\"Organization\",\"@id\":\"https:\/\/eljardinderosas.cl\/inicio\/#organization\",\"name\":\"El jardin de las rosas\",\"url\":\"https:\/\/eljardinderosas.cl\/inicio\/\",\"sameAs\":[\"https:\/\/www.instagram.com\/floreria_eljardinderosas\/\"],\"logo\":{\"@type\":\"ImageObject\",\"@id\":\"https:\/\/eljardinderosas.cl\/inicio\/#logo\",\"inLanguage\":\"es\",\"url\":\"https:\/\/eljardinderosas.cl\/inicio\/wp-content\/uploads\/2020\/10\/eljardinderosas-mail.png\",\"contentUrl\":\"https:\/\/eljardinderosas.cl\/inicio\/wp-content\/uploads\/2020\/10\/eljardinderosas-mail.png\",\"width\":317,\"height\":97,\"caption\":\"El jardin de las rosas\"},\"image\":{\"@id\":\"https:\/\/eljardinderosas.cl\/inicio\/#logo\"}},{\"@type\":\"WebSite\",\"@id\":\"https:\/\/eljardinderosas.cl\/inicio\/#website\",\"url\":\"https:\/\/eljardinderosas.cl\/inicio\/\",\"name\":\"Floreria El jardin de las Rosas\",\"description\":\"Flores en Santiago\",\"publisher\":{\"@id\":\"https:\/\/eljardinderosas.cl\/inicio\/#organization\"},\"potentialAction\":[{\"@type\":\"SearchAction\",\"target\":{\"@type\":\"EntryPoint\",\"urlTemplate\":\"https:\/\/eljardinderosas.cl\/inicio\/?s={search_term_string}\"},\"query-input\":\"required name=search_term_string\"}],\"inLanguage\":\"es\"},{\"@type\":\"ImageObject\",\"@id\":\"https:\/\/eljardinderosas.cl\/inicio\/tienda\/ramo-de-novia-y-decoracion-para-iglesias\/ramo-de-novia-con-20-tulipanes-blancos-y-4-rosas-rojas\/#primaryimage\",\"inLanguage\":\"es\",\"url\":\"https:\/\/eljardinderosas.cl\/inicio\/wp-content\/uploads\/2022\/10\/RAMO-DE-NOVIA-CON-TULIPANES-Y-ROSAS-ROJAS-.jpg\",\"contentUrl\":\"https:\/\/eljardinderosas.cl\/inicio\/wp-content\/uploads\/2022\/10\/RAMO-DE-NOVIA-CON-TULIPANES-Y-ROSAS-ROJAS-.jpg\",\"width\":599,\"height\":900},{\"@type\":\"WebPage\",\"@id\":\"https:\/\/eljardinderosas.cl\/inicio\/tienda\/ramo-de-novia-y-decoracion-para-iglesias\/ramo-de-novia-con-20-tulipanes-blancos-y-4-rosas-rojas\/#webpage\",\"url\":\"https:\/\/eljardinderosas.cl\/inicio\/tienda\/ramo-de-novia-y-decoracion-para-iglesias\/ramo-de-novia-con-20-tulipanes-blancos-y-4-rosas-rojas\/\",\"name\":\"Ramo de novia con 20 tulipanes blancos y 4 rosas rojas - El Jardin de Rosas\",\"isPartOf\":{\"@id\":\"https:\/\/eljardinderosas.cl\/inicio\/#website\"},\"primaryImageOfPage\":{\"@id\":\"https:\/\/eljardinderosas.cl\/inicio\/tienda\/ramo-de-novia-y-decoracion-para-iglesias\/ramo-de-novia-con-20-tulipanes-blancos-y-4-rosas-rojas\/#primaryimage\"},\"datePublished\":\"2022-10-21T03:17:00+00:00\",\"dateModified\":\"2025-03-05T18:36:09+00:00\",\"breadcrumb\":{\"@id\":\"https:\/\/eljardinderosas.cl\/inicio\/tienda\/ramo-de-novia-y-decoracion-para-iglesias\/ramo-de-novia-con-20-tulipanes-blancos-y-4-rosas-rojas\/#breadcrumb\"},\"inLanguage\":\"es\",\"potentialAction\":[{\"@type\":\"ReadAction\",\"target\":[\"https:\/\/eljardinderosas.cl\/inicio\/tienda\/ramo-de-novia-y-decoracion-para-iglesias\/ramo-de-novia-con-20-tulipanes-blancos-y-4-rosas-rojas\/\"]}]},{\"@type\":\"BreadcrumbList\",\"@id\":\"https:\/\/eljardinderosas.cl\/inicio\/tienda\/ramo-de-novia-y-decoracion-para-iglesias\/ramo-de-novia-con-20-tulipanes-blancos-y-4-rosas-rojas\/#breadcrumb\",\"itemListElement\":[{\"@type\":\"ListItem\",\"position\":1,\"name\":\"Home\",\"item\":\"https:\/\/eljardinderosas.cl\/inicio\/\"},{\"@type\":\"ListItem\",\"position\":2,\"name\":\"Tienda\",\"item\":\"https:\/\/eljardinderosas.cl\/inicio\/tienda\/\"},{\"@type\":\"ListItem\",\"position\":3,\"name\":\"Ramo de novia con 20 tulipanes blancos y 4 rosas rojas\"}]}]}<\/script>\n<!-- \/ Yoast SEO Premium plugin. -->","yoast_head_json":{"title":"Ramo de novia con 20 tulipanes blancos y 4 rosas rojas - El Jardin de Rosas","robots":{"index":"index","follow":"follow","max-snippet":"max-snippet:-1","max-image-preview":"max-image-preview:large","max-video-preview":"max-video-preview:-1"},"canonical":"https:\/\/eljardinderosas.cl\/inicio\/tienda\/ramo-de-novia-y-decoracion-para-iglesias\/ramo-de-novia-con-20-tulipanes-blancos-y-4-rosas-rojas\/","og_locale":"es_ES","og_type":"article","og_title":"Ramo de novia con 20 tulipanes blancos y 4 rosas rojas","og_description":"Precioso\u00a0 Ramo de novia con 20 tulipanes blancos importados El color blanco se suele asociar a la pureza , la paz\u00a0 y\u00a0 tranquilidad\u00a0 Tambi\u00e9n representa estos dos mensajes, aparte de ser el color del amor y la bondad Por ese motivo, el color blanco en los tulipanes se suele utilizar mucho en los ramos de [...]","og_url":"https:\/\/eljardinderosas.cl\/inicio\/tienda\/ramo-de-novia-y-decoracion-para-iglesias\/ramo-de-novia-con-20-tulipanes-blancos-y-4-rosas-rojas\/","og_site_name":"El Jardin de Rosas","article_modified_time":"2025-03-05T18:36:09+00:00","og_image":[{"width":599,"height":900,"url":"https:\/\/eljardinderosas.cl\/inicio\/wp-content\/uploads\/2022\/10\/RAMO-DE-NOVIA-CON-TULIPANES-Y-ROSAS-ROJAS-.jpg","type":"image\/jpeg"}],"twitter_card":"summary_large_image","twitter_misc":{"Tiempo de lectura":"1 minuto"},"schema":{"@context":"https:\/\/schema.org","@graph":[{"@type":"Organization","@id":"https:\/\/eljardinderosas.cl\/inicio\/#organization","name":"El jardin de las rosas","url":"https:\/\/eljardinderosas.cl\/inicio\/","sameAs":["https:\/\/www.instagram.com\/floreria_eljardinderosas\/"],"logo":{"@type":"ImageObject","@id":"https:\/\/eljardinderosas.cl\/inicio\/#logo","inLanguage":"es","url":"https:\/\/eljardinderosas.cl\/inicio\/wp-content\/uploads\/2020\/10\/eljardinderosas-mail.png","contentUrl":"https:\/\/eljardinderosas.cl\/inicio\/wp-content\/uploads\/2020\/10\/eljardinderosas-mail.png","width":317,"height":97,"caption":"El jardin de las rosas"},"image":{"@id":"https:\/\/eljardinderosas.cl\/inicio\/#logo"}},{"@type":"WebSite","@id":"https:\/\/eljardinderosas.cl\/inicio\/#website","url":"https:\/\/eljardinderosas.cl\/inicio\/","name":"Floreria El jardin de las Rosas","description":"Flores en Santiago","publisher":{"@id":"https:\/\/eljardinderosas.cl\/inicio\/#organization"},"potentialAction":[{"@type":"SearchAction","target":{"@type":"EntryPoint","urlTemplate":"https:\/\/eljardinderosas.cl\/inicio\/?s={search_term_string}"},"query-input":"required name=search_term_string"}],"inLanguage":"es"},{"@type":"ImageObject","@id":"https:\/\/eljardinderosas.cl\/inicio\/tienda\/ramo-de-novia-y-decoracion-para-iglesias\/ramo-de-novia-con-20-tulipanes-blancos-y-4-rosas-rojas\/#primaryimage","inLanguage":"es","url":"https:\/\/eljardinderosas.cl\/inicio\/wp-content\/uploads\/2022\/10\/RAMO-DE-NOVIA-CON-TULIPANES-Y-ROSAS-ROJAS-.jpg","contentUrl":"https:\/\/eljardinderosas.cl\/inicio\/wp-content\/uploads\/2022\/10\/RAMO-DE-NOVIA-CON-TULIPANES-Y-ROSAS-ROJAS-.jpg","width":599,"height":900},{"@type":"WebPage","@id":"https:\/\/eljardinderosas.cl\/inicio\/tienda\/ramo-de-novia-y-decoracion-para-iglesias\/ramo-de-novia-con-20-tulipanes-blancos-y-4-rosas-rojas\/#webpage","url":"https:\/\/eljardinderosas.cl\/inicio\/tienda\/ramo-de-novia-y-decoracion-para-iglesias\/ramo-de-novia-con-20-tulipanes-blancos-y-4-rosas-rojas\/","name":"Ramo de novia con 20 tulipanes blancos y 4 rosas rojas - El Jardin de Rosas","isPartOf":{"@id":"https:\/\/eljardinderosas.cl\/inicio\/#website"},"primaryImageOfPage":{"@id":"https:\/\/eljardinderosas.cl\/inicio\/tienda\/ramo-de-novia-y-decoracion-para-iglesias\/ramo-de-novia-con-20-tulipanes-blancos-y-4-rosas-rojas\/#primaryimage"},"datePublished":"2022-10-21T03:17:00+00:00","dateModified":"2025-03-05T18:36:09+00:00","breadcrumb":{"@id":"https:\/\/eljardinderosas.cl\/inicio\/tienda\/ramo-de-novia-y-decoracion-para-iglesias\/ramo-de-novia-con-20-tulipanes-blancos-y-4-rosas-rojas\/#breadcrumb"},"inLanguage":"es","potentialAction":[{"@type":"ReadAction","target":["https:\/\/eljardinderosas.cl\/inicio\/tienda\/ramo-de-novia-y-decoracion-para-iglesias\/ramo-de-novia-con-20-tulipanes-blancos-y-4-rosas-rojas\/"]}]},{"@type":"BreadcrumbList","@id":"https:\/\/eljardinderosas.cl\/inicio\/tienda\/ramo-de-novia-y-decoracion-para-iglesias\/ramo-de-novia-con-20-tulipanes-blancos-y-4-rosas-rojas\/#breadcrumb","itemListElement":[{"@type":"ListItem","position":1,"name":"Home","item":"https:\/\/eljardinderosas.cl\/inicio\/"},{"@type":"ListItem","position":2,"name":"Tienda","item":"https:\/\/eljardinderosas.cl\/inicio\/tienda\/"},{"@type":"ListItem","position":3,"name":"Ramo de novia con 20 tulipanes blancos y 4 rosas rojas"}]}]}},"_links":{"self":[{"href":"https:\/\/eljardinderosas.cl\/inicio\/wp-json\/wp\/v2\/product\/14745"}],"collection":[{"href":"https:\/\/eljardinderosas.cl\/inicio\/wp-json\/wp\/v2\/product"}],"about":[{"href":"https:\/\/eljardinderosas.cl\/inicio\/wp-json\/wp\/v2\/types\/product"}],"wp:featuredmedia":[{"embeddable":true,"href":"https:\/\/eljardinderosas.cl\/inicio\/wp-json\/wp\/v2\/media\/14747"}],"wp:attachment":[{"href":"https:\/\/eljardinderosas.cl\/inicio\/wp-json\/wp\/v2\/media?parent=14745"}],"wp:term":[{"taxonomy":"product_cat","embeddable":true,"href":"https:\/\/eljardinderosas.cl\/inicio\/wp-json\/wp\/v2\/product_cat?post=14745"},{"taxonomy":"product_tag","embeddable":true,"href":"https:\/\/eljardinderosas.cl\/inicio\/wp-json\/wp\/v2\/product_tag?post=14745"}],"curies":[{"name":"wp","href":"https:\/\/api.w.org\/{rel}","templated":true}]}}