{"id":15209,"date":"2023-02-03T22:32:51","date_gmt":"2023-02-04T01:32:51","guid":{"rendered":"https:\/\/eljardinderosas.cl\/inicio\/?post_type=product&#038;p=15209"},"modified":"2025-12-01T18:01:39","modified_gmt":"2025-12-01T21:01:39","slug":"florero-con-12-rosas-y-bombones-belgian","status":"publish","type":"product","link":"https:\/\/eljardinderosas.cl\/inicio\/tienda\/10-de-mayo-dia-de-la-mama\/florero-con-12-rosas-y-bombones-belgian\/","title":{"rendered":"Florero  con 12 rosas y bombones Belgian"},"content":{"rendered":"<p>Celebra el D\u00eda de la Secretaria con un arreglo floral con 12 bellas rosas rojas acompa\u00f1ados por una caja de bombones belgian, el regalo perfecto para expresar gratitud \u00a1Celebra el D\u00eda de la Secretaria con nuestras hermosas flores!  ofertas especiales que alegrar\u00e1n su d\u00eda. \u00a1Haz tu pedido hoy y sorpr\u00e9ndela con un detalle inolvidable!<\/p>\n","protected":false},"excerpt":{"rendered":"<p>\u00a1Celebra el D\u00eda de la Secretaria con nuestras hermosas flores! Descubre ramos \u00fanicos y ofertas especiales que alegrar\u00e1n su d\u00eda. \u00a1Haz tu pedido hoy y sorpr\u00e9ndela con un detalle inolvidable!<\/p>\n","protected":false},"featured_media":17982,"template":"","meta":[],"product_cat":[200],"product_tag":[178],"yoast_head":"<!-- This site is optimized with the Yoast SEO Premium plugin v17.1.2 (Yoast SEO v17.3) - https:\/\/yoast.com\/wordpress\/plugins\/seo\/ -->\n<title>Florero con 12 rosas y bombones Belgian - El Jardin de Rosas<\/title>\n<meta name=\"robots\" content=\"index, follow, max-snippet:-1, max-image-preview:large, max-video-preview:-1\" \/>\n<link rel=\"canonical\" href=\"https:\/\/eljardinderosas.cl\/inicio\/tienda\/10-de-mayo-dia-de-la-mama\/florero-con-12-rosas-y-bombones-belgian\/\" \/>\n<meta property=\"og:locale\" content=\"es_ES\" \/>\n<meta property=\"og:type\" content=\"article\" \/>\n<meta property=\"og:title\" content=\"Florero con 12 rosas y bombones Belgian\" \/>\n<meta property=\"og:description\" content=\"\u00a1Celebra el D\u00eda de la Secretaria con nuestras hermosas flores! Descubre ramos \u00fanicos y ofertas especiales que alegrar\u00e1n su d\u00eda. \u00a1Haz tu pedido hoy y sorpr\u00e9ndela con un detalle inolvidable!\" \/>\n<meta property=\"og:url\" content=\"https:\/\/eljardinderosas.cl\/inicio\/tienda\/10-de-mayo-dia-de-la-mama\/florero-con-12-rosas-y-bombones-belgian\/\" \/>\n<meta property=\"og:site_name\" content=\"El Jardin de Rosas\" \/>\n<meta property=\"article:modified_time\" content=\"2025-12-01T21:01:39+00:00\" \/>\n<meta property=\"og:image\" content=\"https:\/\/eljardinderosas.cl\/inicio\/wp-content\/uploads\/2023\/02\/FLORERO-12-ROSAS-ROJAS-Y-BELGIAN.jpg\" \/>\n\t<meta property=\"og:image:width\" content=\"558\" \/>\n\t<meta property=\"og:image:height\" content=\"593\" \/>\n<meta name=\"twitter:card\" content=\"summary_large_image\" \/>\n<meta name=\"twitter:label1\" content=\"Tiempo de lectura\" \/>\n\t<meta name=\"twitter:data1\" content=\"1 minuto\" \/>\n<script type=\"application\/ld+json\" class=\"yoast-schema-graph\">{\"@context\":\"https:\/\/schema.org\",\"@graph\":[{\"@type\":\"Organization\",\"@id\":\"https:\/\/eljardinderosas.cl\/inicio\/#organization\",\"name\":\"El jardin de las rosas\",\"url\":\"https:\/\/eljardinderosas.cl\/inicio\/\",\"sameAs\":[\"https:\/\/www.instagram.com\/floreria_eljardinderosas\/\"],\"logo\":{\"@type\":\"ImageObject\",\"@id\":\"https:\/\/eljardinderosas.cl\/inicio\/#logo\",\"inLanguage\":\"es\",\"url\":\"https:\/\/eljardinderosas.cl\/inicio\/wp-content\/uploads\/2020\/10\/eljardinderosas-mail.png\",\"contentUrl\":\"https:\/\/eljardinderosas.cl\/inicio\/wp-content\/uploads\/2020\/10\/eljardinderosas-mail.png\",\"width\":317,\"height\":97,\"caption\":\"El jardin de las rosas\"},\"image\":{\"@id\":\"https:\/\/eljardinderosas.cl\/inicio\/#logo\"}},{\"@type\":\"WebSite\",\"@id\":\"https:\/\/eljardinderosas.cl\/inicio\/#website\",\"url\":\"https:\/\/eljardinderosas.cl\/inicio\/\",\"name\":\"Floreria El jardin de las Rosas\",\"description\":\"Flores en Santiago\",\"publisher\":{\"@id\":\"https:\/\/eljardinderosas.cl\/inicio\/#organization\"},\"potentialAction\":[{\"@type\":\"SearchAction\",\"target\":{\"@type\":\"EntryPoint\",\"urlTemplate\":\"https:\/\/eljardinderosas.cl\/inicio\/?s={search_term_string}\"},\"query-input\":\"required name=search_term_string\"}],\"inLanguage\":\"es\"},{\"@type\":\"ImageObject\",\"@id\":\"https:\/\/eljardinderosas.cl\/inicio\/tienda\/10-de-mayo-dia-de-la-mama\/florero-con-12-rosas-y-bombones-belgian\/#primaryimage\",\"inLanguage\":\"es\",\"url\":\"https:\/\/eljardinderosas.cl\/inicio\/wp-content\/uploads\/2023\/02\/FLORERO-12-ROSAS-ROJAS-Y-BELGIAN.jpg\",\"contentUrl\":\"https:\/\/eljardinderosas.cl\/inicio\/wp-content\/uploads\/2023\/02\/FLORERO-12-ROSAS-ROJAS-Y-BELGIAN.jpg\",\"width\":558,\"height\":593},{\"@type\":\"WebPage\",\"@id\":\"https:\/\/eljardinderosas.cl\/inicio\/tienda\/10-de-mayo-dia-de-la-mama\/florero-con-12-rosas-y-bombones-belgian\/#webpage\",\"url\":\"https:\/\/eljardinderosas.cl\/inicio\/tienda\/10-de-mayo-dia-de-la-mama\/florero-con-12-rosas-y-bombones-belgian\/\",\"name\":\"Florero con 12 rosas y bombones Belgian - El Jardin de Rosas\",\"isPartOf\":{\"@id\":\"https:\/\/eljardinderosas.cl\/inicio\/#website\"},\"primaryImageOfPage\":{\"@id\":\"https:\/\/eljardinderosas.cl\/inicio\/tienda\/10-de-mayo-dia-de-la-mama\/florero-con-12-rosas-y-bombones-belgian\/#primaryimage\"},\"datePublished\":\"2023-02-04T01:32:51+00:00\",\"dateModified\":\"2025-12-01T21:01:39+00:00\",\"breadcrumb\":{\"@id\":\"https:\/\/eljardinderosas.cl\/inicio\/tienda\/10-de-mayo-dia-de-la-mama\/florero-con-12-rosas-y-bombones-belgian\/#breadcrumb\"},\"inLanguage\":\"es\",\"potentialAction\":[{\"@type\":\"ReadAction\",\"target\":[\"https:\/\/eljardinderosas.cl\/inicio\/tienda\/10-de-mayo-dia-de-la-mama\/florero-con-12-rosas-y-bombones-belgian\/\"]}]},{\"@type\":\"BreadcrumbList\",\"@id\":\"https:\/\/eljardinderosas.cl\/inicio\/tienda\/10-de-mayo-dia-de-la-mama\/florero-con-12-rosas-y-bombones-belgian\/#breadcrumb\",\"itemListElement\":[{\"@type\":\"ListItem\",\"position\":1,\"name\":\"Home\",\"item\":\"https:\/\/eljardinderosas.cl\/inicio\/\"},{\"@type\":\"ListItem\",\"position\":2,\"name\":\"Tienda\",\"item\":\"https:\/\/eljardinderosas.cl\/inicio\/tienda\/\"},{\"@type\":\"ListItem\",\"position\":3,\"name\":\"Florero con 12 rosas y bombones Belgian\"}]}]}<\/script>\n<!-- \/ Yoast SEO Premium plugin. -->","yoast_head_json":{"title":"Florero con 12 rosas y bombones Belgian - El Jardin de Rosas","robots":{"index":"index","follow":"follow","max-snippet":"max-snippet:-1","max-image-preview":"max-image-preview:large","max-video-preview":"max-video-preview:-1"},"canonical":"https:\/\/eljardinderosas.cl\/inicio\/tienda\/10-de-mayo-dia-de-la-mama\/florero-con-12-rosas-y-bombones-belgian\/","og_locale":"es_ES","og_type":"article","og_title":"Florero con 12 rosas y bombones Belgian","og_description":"\u00a1Celebra el D\u00eda de la Secretaria con nuestras hermosas flores! Descubre ramos \u00fanicos y ofertas especiales que alegrar\u00e1n su d\u00eda. \u00a1Haz tu pedido hoy y sorpr\u00e9ndela con un detalle inolvidable!","og_url":"https:\/\/eljardinderosas.cl\/inicio\/tienda\/10-de-mayo-dia-de-la-mama\/florero-con-12-rosas-y-bombones-belgian\/","og_site_name":"El Jardin de Rosas","article_modified_time":"2025-12-01T21:01:39+00:00","og_image":[{"width":558,"height":593,"url":"https:\/\/eljardinderosas.cl\/inicio\/wp-content\/uploads\/2023\/02\/FLORERO-12-ROSAS-ROJAS-Y-BELGIAN.jpg","type":"image\/jpeg"}],"twitter_card":"summary_large_image","twitter_misc":{"Tiempo de lectura":"1 minuto"},"schema":{"@context":"https:\/\/schema.org","@graph":[{"@type":"Organization","@id":"https:\/\/eljardinderosas.cl\/inicio\/#organization","name":"El jardin de las rosas","url":"https:\/\/eljardinderosas.cl\/inicio\/","sameAs":["https:\/\/www.instagram.com\/floreria_eljardinderosas\/"],"logo":{"@type":"ImageObject","@id":"https:\/\/eljardinderosas.cl\/inicio\/#logo","inLanguage":"es","url":"https:\/\/eljardinderosas.cl\/inicio\/wp-content\/uploads\/2020\/10\/eljardinderosas-mail.png","contentUrl":"https:\/\/eljardinderosas.cl\/inicio\/wp-content\/uploads\/2020\/10\/eljardinderosas-mail.png","width":317,"height":97,"caption":"El jardin de las rosas"},"image":{"@id":"https:\/\/eljardinderosas.cl\/inicio\/#logo"}},{"@type":"WebSite","@id":"https:\/\/eljardinderosas.cl\/inicio\/#website","url":"https:\/\/eljardinderosas.cl\/inicio\/","name":"Floreria El jardin de las Rosas","description":"Flores en Santiago","publisher":{"@id":"https:\/\/eljardinderosas.cl\/inicio\/#organization"},"potentialAction":[{"@type":"SearchAction","target":{"@type":"EntryPoint","urlTemplate":"https:\/\/eljardinderosas.cl\/inicio\/?s={search_term_string}"},"query-input":"required name=search_term_string"}],"inLanguage":"es"},{"@type":"ImageObject","@id":"https:\/\/eljardinderosas.cl\/inicio\/tienda\/10-de-mayo-dia-de-la-mama\/florero-con-12-rosas-y-bombones-belgian\/#primaryimage","inLanguage":"es","url":"https:\/\/eljardinderosas.cl\/inicio\/wp-content\/uploads\/2023\/02\/FLORERO-12-ROSAS-ROJAS-Y-BELGIAN.jpg","contentUrl":"https:\/\/eljardinderosas.cl\/inicio\/wp-content\/uploads\/2023\/02\/FLORERO-12-ROSAS-ROJAS-Y-BELGIAN.jpg","width":558,"height":593},{"@type":"WebPage","@id":"https:\/\/eljardinderosas.cl\/inicio\/tienda\/10-de-mayo-dia-de-la-mama\/florero-con-12-rosas-y-bombones-belgian\/#webpage","url":"https:\/\/eljardinderosas.cl\/inicio\/tienda\/10-de-mayo-dia-de-la-mama\/florero-con-12-rosas-y-bombones-belgian\/","name":"Florero con 12 rosas y bombones Belgian - El Jardin de Rosas","isPartOf":{"@id":"https:\/\/eljardinderosas.cl\/inicio\/#website"},"primaryImageOfPage":{"@id":"https:\/\/eljardinderosas.cl\/inicio\/tienda\/10-de-mayo-dia-de-la-mama\/florero-con-12-rosas-y-bombones-belgian\/#primaryimage"},"datePublished":"2023-02-04T01:32:51+00:00","dateModified":"2025-12-01T21:01:39+00:00","breadcrumb":{"@id":"https:\/\/eljardinderosas.cl\/inicio\/tienda\/10-de-mayo-dia-de-la-mama\/florero-con-12-rosas-y-bombones-belgian\/#breadcrumb"},"inLanguage":"es","potentialAction":[{"@type":"ReadAction","target":["https:\/\/eljardinderosas.cl\/inicio\/tienda\/10-de-mayo-dia-de-la-mama\/florero-con-12-rosas-y-bombones-belgian\/"]}]},{"@type":"BreadcrumbList","@id":"https:\/\/eljardinderosas.cl\/inicio\/tienda\/10-de-mayo-dia-de-la-mama\/florero-con-12-rosas-y-bombones-belgian\/#breadcrumb","itemListElement":[{"@type":"ListItem","position":1,"name":"Home","item":"https:\/\/eljardinderosas.cl\/inicio\/"},{"@type":"ListItem","position":2,"name":"Tienda","item":"https:\/\/eljardinderosas.cl\/inicio\/tienda\/"},{"@type":"ListItem","position":3,"name":"Florero con 12 rosas y bombones Belgian"}]}]}},"_links":{"self":[{"href":"https:\/\/eljardinderosas.cl\/inicio\/wp-json\/wp\/v2\/product\/15209"}],"collection":[{"href":"https:\/\/eljardinderosas.cl\/inicio\/wp-json\/wp\/v2\/product"}],"about":[{"href":"https:\/\/eljardinderosas.cl\/inicio\/wp-json\/wp\/v2\/types\/product"}],"wp:featuredmedia":[{"embeddable":true,"href":"https:\/\/eljardinderosas.cl\/inicio\/wp-json\/wp\/v2\/media\/17982"}],"wp:attachment":[{"href":"https:\/\/eljardinderosas.cl\/inicio\/wp-json\/wp\/v2\/media?parent=15209"}],"wp:term":[{"taxonomy":"product_cat","embeddable":true,"href":"https:\/\/eljardinderosas.cl\/inicio\/wp-json\/wp\/v2\/product_cat?post=15209"},{"taxonomy":"product_tag","embeddable":true,"href":"https:\/\/eljardinderosas.cl\/inicio\/wp-json\/wp\/v2\/product_tag?post=15209"}],"curies":[{"name":"wp","href":"https:\/\/api.w.org\/{rel}","templated":true}]}}