{"id":1532,"date":"2020-11-14T16:57:31","date_gmt":"2020-11-14T19:57:31","guid":{"rendered":"https:\/\/eljardinderosas.cl\/inicio\/?post_type=product&#038;p=1532"},"modified":"2026-04-19T17:42:56","modified_gmt":"2026-04-19T21:42:56","slug":"florero-con-25-rosas-rosadas-y-hypericum-verde-codigo2510","status":"publish","type":"product","link":"https:\/\/eljardinderosas.cl\/inicio\/tienda\/a-floreros-con-rosas\/florero-con-25-rosas-rosadas-y-hypericum-verde-codigo2510\/","title":{"rendered":"Florero con 25 rosas rosadas y hypericum verde C\u00f3digo:2510"},"content":{"rendered":"<p>CODIGO:FR-25<br \/>\nFlorero \u00abAbrazo de Rosas para Mam\u00e1\u00bb<br \/>\nUn delicado florero rebosante de 25 rosas rosadas, s\u00edmbolo eterno de cari\u00f1o tierno y gratitud infinita, se entreteje con el vibrante hypericum verde que evoca frescura y vida renovada. Este arreglo exquisito captura la esencia del amor maternal: suave como un abrazo, radiante como su sonrisa. Ideal para celebrar el D\u00eda de la Mam\u00e1, env\u00eda un mensaje de admiraci\u00f3n y calidez que perdurar\u00e1 en el coraz\u00f3n y el hogar.<br \/>\nDisponible con entrega express en Santiago. \u00a1Hazla sentir \u00fanica!<\/p>\n","protected":false},"excerpt":{"rendered":"<p>Ideal para celebrar el D\u00eda de la Mam\u00e1, env\u00eda un mensaje de admiraci\u00f3n y calidez que perdurar\u00e1 en el coraz\u00f3n<\/p>\n","protected":false},"featured_media":20279,"template":"","meta":[],"product_cat":[72,200,261],"product_tag":[114,138],"yoast_head":"<!-- This site is optimized with the Yoast SEO Premium plugin v17.1.2 (Yoast SEO v17.3) - https:\/\/yoast.com\/wordpress\/plugins\/seo\/ -->\n<title>Florero con 25 rosas rosadas y hypericum verde C\u00f3digo:2510 - El Jardin de Rosas<\/title>\n<meta name=\"description\" content=\"Especial arreglo floral para regalar a mam\u00e1 en su dia de la madre ideal regalara rosas rosadas solic\u00edtalo hoy!\" \/>\n<meta name=\"robots\" content=\"index, follow, max-snippet:-1, max-image-preview:large, max-video-preview:-1\" \/>\n<link rel=\"canonical\" href=\"https:\/\/eljardinderosas.cl\/inicio\/tienda\/a-floreros-con-rosas\/florero-con-25-rosas-rosadas-y-hypericum-verde-codigo2510\/\" \/>\n<meta property=\"og:locale\" content=\"es_ES\" \/>\n<meta property=\"og:type\" content=\"article\" \/>\n<meta property=\"og:title\" content=\"Florero con 25 rosas rosadas y hypericum verde C\u00f3digo:2510\" \/>\n<meta property=\"og:description\" content=\"Especial arreglo floral para regalar a mam\u00e1 en su dia de la madre ideal regalara rosas rosadas solic\u00edtalo hoy!\" \/>\n<meta property=\"og:url\" content=\"https:\/\/eljardinderosas.cl\/inicio\/tienda\/a-floreros-con-rosas\/florero-con-25-rosas-rosadas-y-hypericum-verde-codigo2510\/\" \/>\n<meta property=\"og:site_name\" content=\"El Jardin de Rosas\" \/>\n<meta property=\"article:modified_time\" content=\"2026-04-19T21:42:56+00:00\" \/>\n<meta property=\"og:image\" content=\"https:\/\/eljardinderosas.cl\/inicio\/wp-content\/uploads\/2020\/11\/FLORERO-CON-25-ROSAS-ECUATORIANAS-Y-FLORES-HYPERICUM.jpg\" \/>\n\t<meta property=\"og:image:width\" content=\"1024\" \/>\n\t<meta property=\"og:image:height\" content=\"1024\" \/>\n<meta name=\"twitter:card\" content=\"summary_large_image\" \/>\n<script type=\"application\/ld+json\" class=\"yoast-schema-graph\">{\"@context\":\"https:\/\/schema.org\",\"@graph\":[{\"@type\":\"Organization\",\"@id\":\"https:\/\/eljardinderosas.cl\/inicio\/#organization\",\"name\":\"El jardin de las rosas\",\"url\":\"https:\/\/eljardinderosas.cl\/inicio\/\",\"sameAs\":[\"https:\/\/www.instagram.com\/floreria_eljardinderosas\/\"],\"logo\":{\"@type\":\"ImageObject\",\"@id\":\"https:\/\/eljardinderosas.cl\/inicio\/#logo\",\"inLanguage\":\"es\",\"url\":\"https:\/\/eljardinderosas.cl\/inicio\/wp-content\/uploads\/2020\/10\/eljardinderosas-mail.png\",\"contentUrl\":\"https:\/\/eljardinderosas.cl\/inicio\/wp-content\/uploads\/2020\/10\/eljardinderosas-mail.png\",\"width\":317,\"height\":97,\"caption\":\"El jardin de las rosas\"},\"image\":{\"@id\":\"https:\/\/eljardinderosas.cl\/inicio\/#logo\"}},{\"@type\":\"WebSite\",\"@id\":\"https:\/\/eljardinderosas.cl\/inicio\/#website\",\"url\":\"https:\/\/eljardinderosas.cl\/inicio\/\",\"name\":\"Floreria El jardin de las Rosas\",\"description\":\"Flores en Santiago\",\"publisher\":{\"@id\":\"https:\/\/eljardinderosas.cl\/inicio\/#organization\"},\"potentialAction\":[{\"@type\":\"SearchAction\",\"target\":{\"@type\":\"EntryPoint\",\"urlTemplate\":\"https:\/\/eljardinderosas.cl\/inicio\/?s={search_term_string}\"},\"query-input\":\"required name=search_term_string\"}],\"inLanguage\":\"es\"},{\"@type\":\"ImageObject\",\"@id\":\"https:\/\/eljardinderosas.cl\/inicio\/tienda\/a-floreros-con-rosas\/florero-con-25-rosas-rosadas-y-hypericum-verde-codigo2510\/#primaryimage\",\"inLanguage\":\"es\",\"url\":\"https:\/\/eljardinderosas.cl\/inicio\/wp-content\/uploads\/2020\/11\/FLORERO-CON-25-ROSAS-ECUATORIANAS-Y-FLORES-HYPERICUM.jpg\",\"contentUrl\":\"https:\/\/eljardinderosas.cl\/inicio\/wp-content\/uploads\/2020\/11\/FLORERO-CON-25-ROSAS-ECUATORIANAS-Y-FLORES-HYPERICUM.jpg\",\"width\":1024,\"height\":1024},{\"@type\":\"WebPage\",\"@id\":\"https:\/\/eljardinderosas.cl\/inicio\/tienda\/a-floreros-con-rosas\/florero-con-25-rosas-rosadas-y-hypericum-verde-codigo2510\/#webpage\",\"url\":\"https:\/\/eljardinderosas.cl\/inicio\/tienda\/a-floreros-con-rosas\/florero-con-25-rosas-rosadas-y-hypericum-verde-codigo2510\/\",\"name\":\"Florero con 25 rosas rosadas y hypericum verde C\\u00f3digo:2510 - El Jardin de Rosas\",\"isPartOf\":{\"@id\":\"https:\/\/eljardinderosas.cl\/inicio\/#website\"},\"primaryImageOfPage\":{\"@id\":\"https:\/\/eljardinderosas.cl\/inicio\/tienda\/a-floreros-con-rosas\/florero-con-25-rosas-rosadas-y-hypericum-verde-codigo2510\/#primaryimage\"},\"datePublished\":\"2020-11-14T19:57:31+00:00\",\"dateModified\":\"2026-04-19T21:42:56+00:00\",\"description\":\"Especial arreglo floral para regalar a mam\\u00e1 en su dia de la madre ideal regalara rosas rosadas solic\\u00edtalo hoy!\",\"breadcrumb\":{\"@id\":\"https:\/\/eljardinderosas.cl\/inicio\/tienda\/a-floreros-con-rosas\/florero-con-25-rosas-rosadas-y-hypericum-verde-codigo2510\/#breadcrumb\"},\"inLanguage\":\"es\",\"potentialAction\":[{\"@type\":\"ReadAction\",\"target\":[\"https:\/\/eljardinderosas.cl\/inicio\/tienda\/a-floreros-con-rosas\/florero-con-25-rosas-rosadas-y-hypericum-verde-codigo2510\/\"]}]},{\"@type\":\"BreadcrumbList\",\"@id\":\"https:\/\/eljardinderosas.cl\/inicio\/tienda\/a-floreros-con-rosas\/florero-con-25-rosas-rosadas-y-hypericum-verde-codigo2510\/#breadcrumb\",\"itemListElement\":[{\"@type\":\"ListItem\",\"position\":1,\"name\":\"Home\",\"item\":\"https:\/\/eljardinderosas.cl\/inicio\/\"},{\"@type\":\"ListItem\",\"position\":2,\"name\":\"Tienda\",\"item\":\"https:\/\/eljardinderosas.cl\/inicio\/tienda\/\"},{\"@type\":\"ListItem\",\"position\":3,\"name\":\"Florero con 25 rosas rosadas y hypericum verde C\\u00f3digo:2510\"}]}]}<\/script>\n<!-- \/ Yoast SEO Premium plugin. -->","yoast_head_json":{"title":"Florero con 25 rosas rosadas y hypericum verde C\u00f3digo:2510 - El Jardin de Rosas","description":"Especial arreglo floral para regalar a mam\u00e1 en su dia de la madre ideal regalara rosas rosadas solic\u00edtalo hoy!","robots":{"index":"index","follow":"follow","max-snippet":"max-snippet:-1","max-image-preview":"max-image-preview:large","max-video-preview":"max-video-preview:-1"},"canonical":"https:\/\/eljardinderosas.cl\/inicio\/tienda\/a-floreros-con-rosas\/florero-con-25-rosas-rosadas-y-hypericum-verde-codigo2510\/","og_locale":"es_ES","og_type":"article","og_title":"Florero con 25 rosas rosadas y hypericum verde C\u00f3digo:2510","og_description":"Especial arreglo floral para regalar a mam\u00e1 en su dia de la madre ideal regalara rosas rosadas solic\u00edtalo hoy!","og_url":"https:\/\/eljardinderosas.cl\/inicio\/tienda\/a-floreros-con-rosas\/florero-con-25-rosas-rosadas-y-hypericum-verde-codigo2510\/","og_site_name":"El Jardin de Rosas","article_modified_time":"2026-04-19T21:42:56+00:00","og_image":[{"width":1024,"height":1024,"url":"https:\/\/eljardinderosas.cl\/inicio\/wp-content\/uploads\/2020\/11\/FLORERO-CON-25-ROSAS-ECUATORIANAS-Y-FLORES-HYPERICUM.jpg","type":"image\/jpeg"}],"twitter_card":"summary_large_image","schema":{"@context":"https:\/\/schema.org","@graph":[{"@type":"Organization","@id":"https:\/\/eljardinderosas.cl\/inicio\/#organization","name":"El jardin de las rosas","url":"https:\/\/eljardinderosas.cl\/inicio\/","sameAs":["https:\/\/www.instagram.com\/floreria_eljardinderosas\/"],"logo":{"@type":"ImageObject","@id":"https:\/\/eljardinderosas.cl\/inicio\/#logo","inLanguage":"es","url":"https:\/\/eljardinderosas.cl\/inicio\/wp-content\/uploads\/2020\/10\/eljardinderosas-mail.png","contentUrl":"https:\/\/eljardinderosas.cl\/inicio\/wp-content\/uploads\/2020\/10\/eljardinderosas-mail.png","width":317,"height":97,"caption":"El jardin de las rosas"},"image":{"@id":"https:\/\/eljardinderosas.cl\/inicio\/#logo"}},{"@type":"WebSite","@id":"https:\/\/eljardinderosas.cl\/inicio\/#website","url":"https:\/\/eljardinderosas.cl\/inicio\/","name":"Floreria El jardin de las Rosas","description":"Flores en Santiago","publisher":{"@id":"https:\/\/eljardinderosas.cl\/inicio\/#organization"},"potentialAction":[{"@type":"SearchAction","target":{"@type":"EntryPoint","urlTemplate":"https:\/\/eljardinderosas.cl\/inicio\/?s={search_term_string}"},"query-input":"required name=search_term_string"}],"inLanguage":"es"},{"@type":"ImageObject","@id":"https:\/\/eljardinderosas.cl\/inicio\/tienda\/a-floreros-con-rosas\/florero-con-25-rosas-rosadas-y-hypericum-verde-codigo2510\/#primaryimage","inLanguage":"es","url":"https:\/\/eljardinderosas.cl\/inicio\/wp-content\/uploads\/2020\/11\/FLORERO-CON-25-ROSAS-ECUATORIANAS-Y-FLORES-HYPERICUM.jpg","contentUrl":"https:\/\/eljardinderosas.cl\/inicio\/wp-content\/uploads\/2020\/11\/FLORERO-CON-25-ROSAS-ECUATORIANAS-Y-FLORES-HYPERICUM.jpg","width":1024,"height":1024},{"@type":"WebPage","@id":"https:\/\/eljardinderosas.cl\/inicio\/tienda\/a-floreros-con-rosas\/florero-con-25-rosas-rosadas-y-hypericum-verde-codigo2510\/#webpage","url":"https:\/\/eljardinderosas.cl\/inicio\/tienda\/a-floreros-con-rosas\/florero-con-25-rosas-rosadas-y-hypericum-verde-codigo2510\/","name":"Florero con 25 rosas rosadas y hypericum verde C\u00f3digo:2510 - El Jardin de Rosas","isPartOf":{"@id":"https:\/\/eljardinderosas.cl\/inicio\/#website"},"primaryImageOfPage":{"@id":"https:\/\/eljardinderosas.cl\/inicio\/tienda\/a-floreros-con-rosas\/florero-con-25-rosas-rosadas-y-hypericum-verde-codigo2510\/#primaryimage"},"datePublished":"2020-11-14T19:57:31+00:00","dateModified":"2026-04-19T21:42:56+00:00","description":"Especial arreglo floral para regalar a mam\u00e1 en su dia de la madre ideal regalara rosas rosadas solic\u00edtalo hoy!","breadcrumb":{"@id":"https:\/\/eljardinderosas.cl\/inicio\/tienda\/a-floreros-con-rosas\/florero-con-25-rosas-rosadas-y-hypericum-verde-codigo2510\/#breadcrumb"},"inLanguage":"es","potentialAction":[{"@type":"ReadAction","target":["https:\/\/eljardinderosas.cl\/inicio\/tienda\/a-floreros-con-rosas\/florero-con-25-rosas-rosadas-y-hypericum-verde-codigo2510\/"]}]},{"@type":"BreadcrumbList","@id":"https:\/\/eljardinderosas.cl\/inicio\/tienda\/a-floreros-con-rosas\/florero-con-25-rosas-rosadas-y-hypericum-verde-codigo2510\/#breadcrumb","itemListElement":[{"@type":"ListItem","position":1,"name":"Home","item":"https:\/\/eljardinderosas.cl\/inicio\/"},{"@type":"ListItem","position":2,"name":"Tienda","item":"https:\/\/eljardinderosas.cl\/inicio\/tienda\/"},{"@type":"ListItem","position":3,"name":"Florero con 25 rosas rosadas y hypericum verde C\u00f3digo:2510"}]}]}},"_links":{"self":[{"href":"https:\/\/eljardinderosas.cl\/inicio\/wp-json\/wp\/v2\/product\/1532"}],"collection":[{"href":"https:\/\/eljardinderosas.cl\/inicio\/wp-json\/wp\/v2\/product"}],"about":[{"href":"https:\/\/eljardinderosas.cl\/inicio\/wp-json\/wp\/v2\/types\/product"}],"wp:featuredmedia":[{"embeddable":true,"href":"https:\/\/eljardinderosas.cl\/inicio\/wp-json\/wp\/v2\/media\/20279"}],"wp:attachment":[{"href":"https:\/\/eljardinderosas.cl\/inicio\/wp-json\/wp\/v2\/media?parent=1532"}],"wp:term":[{"taxonomy":"product_cat","embeddable":true,"href":"https:\/\/eljardinderosas.cl\/inicio\/wp-json\/wp\/v2\/product_cat?post=1532"},{"taxonomy":"product_tag","embeddable":true,"href":"https:\/\/eljardinderosas.cl\/inicio\/wp-json\/wp\/v2\/product_tag?post=1532"}],"curies":[{"name":"wp","href":"https:\/\/api.w.org\/{rel}","templated":true}]}}