{"id":15561,"date":"2023-04-12T19:22:42","date_gmt":"2023-04-12T23:22:42","guid":{"rendered":"https:\/\/eljardinderosas.cl\/inicio\/?post_type=product&#038;p=15561"},"modified":"2026-01-18T21:19:37","modified_gmt":"2026-01-19T00:19:37","slug":"arreglo-san-valentin-con-25-rosas-rojas-peluche-y-globo-te-amo","status":"publish","type":"product","link":"https:\/\/eljardinderosas.cl\/inicio\/tienda\/arreglos-florales\/arreglo-san-valentin-con-25-rosas-rojas-peluche-y-globo-te-amo\/","title":{"rendered":"Arreglo san valentin con 25 rosas rojas peluche y globo te amo"},"content":{"rendered":"<p>Declara tu amor con este impresionante arreglo de 25 rosas rojas frescas en un elegante florero, cada rosa simboliza una promesa de pasi\u00f3n eterna, envueltas en un dise\u00f1o exuberante que irradia romanticismo y calidez. Incluye un tierno peluche suave y abrazable, ideal para recordarle cada d\u00eda cu\u00e1nto la quieres, y un globo en forma de coraz\u00f3n con \u00abTe Amo\u00bb que flota con alegr\u00eda, a\u00f1adiendo ese toque m\u00e1gico y festivo. Perfecto para el 14 de febrero, D\u00eda de los Enamorados. \u00a1Haz que su coraz\u00f3n lata m\u00e1s fuerte con este regalo inolvidable! incluye linda tarjeta de saludos para expresar todo tu amor <\/p>\n","protected":false},"excerpt":{"rendered":"<p>Perfecto para el 14 de febrero, D\u00eda de los Enamorados. \u00a1Haz que su coraz\u00f3n lata m\u00e1s fuerte con este regalo inolvidable!<\/p>\n","protected":false},"featured_media":19639,"template":"","meta":[],"product_cat":[96,72,144,71,245],"product_tag":[296,275,117,143],"yoast_head":"<!-- This site is optimized with the Yoast SEO Premium plugin v17.1.2 (Yoast SEO v17.3) - https:\/\/yoast.com\/wordpress\/plugins\/seo\/ -->\n<title>Arreglo san valentin con 25 rosas rojas peluche y globo te amo - El Jardin de Rosas<\/title>\n<meta name=\"description\" content=\"Florero con 25 rosas rojas frescas, peluche tierno y globo &quot;Te Amo&quot;: \u00a1declara tu pasi\u00f3n en San Valent\u00edn!!!\" \/>\n<meta name=\"robots\" content=\"index, follow, max-snippet:-1, max-image-preview:large, max-video-preview:-1\" \/>\n<link rel=\"canonical\" href=\"https:\/\/eljardinderosas.cl\/inicio\/tienda\/arreglos-florales\/arreglo-san-valentin-con-25-rosas-rojas-peluche-y-globo-te-amo\/\" \/>\n<meta property=\"og:locale\" content=\"es_ES\" \/>\n<meta property=\"og:type\" content=\"article\" \/>\n<meta property=\"og:title\" content=\"Arreglo san valentin con 25 rosas rojas peluche y globo te amo\" \/>\n<meta property=\"og:description\" content=\"Florero con 25 rosas rojas frescas, peluche tierno y globo &quot;Te Amo&quot;: \u00a1declara tu pasi\u00f3n en San Valent\u00edn!!!\" \/>\n<meta property=\"og:url\" content=\"https:\/\/eljardinderosas.cl\/inicio\/tienda\/arreglos-florales\/arreglo-san-valentin-con-25-rosas-rojas-peluche-y-globo-te-amo\/\" \/>\n<meta property=\"og:site_name\" content=\"El Jardin de Rosas\" \/>\n<meta property=\"article:modified_time\" content=\"2026-01-19T00:19:37+00:00\" \/>\n<meta property=\"og:image\" content=\"https:\/\/eljardinderosas.cl\/inicio\/wp-content\/uploads\/2023\/04\/Hermoso-florero-con-25-rosas-rojas-peluche-y-globo.png\" \/>\n\t<meta property=\"og:image:width\" content=\"1024\" \/>\n\t<meta property=\"og:image:height\" content=\"1024\" \/>\n<meta name=\"twitter:card\" content=\"summary_large_image\" \/>\n<meta name=\"twitter:label1\" content=\"Tiempo de lectura\" \/>\n\t<meta name=\"twitter:data1\" content=\"1 minuto\" \/>\n<script type=\"application\/ld+json\" class=\"yoast-schema-graph\">{\"@context\":\"https:\/\/schema.org\",\"@graph\":[{\"@type\":\"Organization\",\"@id\":\"https:\/\/eljardinderosas.cl\/inicio\/#organization\",\"name\":\"El jardin de las rosas\",\"url\":\"https:\/\/eljardinderosas.cl\/inicio\/\",\"sameAs\":[\"https:\/\/www.instagram.com\/floreria_eljardinderosas\/\"],\"logo\":{\"@type\":\"ImageObject\",\"@id\":\"https:\/\/eljardinderosas.cl\/inicio\/#logo\",\"inLanguage\":\"es\",\"url\":\"https:\/\/eljardinderosas.cl\/inicio\/wp-content\/uploads\/2020\/10\/eljardinderosas-mail.png\",\"contentUrl\":\"https:\/\/eljardinderosas.cl\/inicio\/wp-content\/uploads\/2020\/10\/eljardinderosas-mail.png\",\"width\":317,\"height\":97,\"caption\":\"El jardin de las rosas\"},\"image\":{\"@id\":\"https:\/\/eljardinderosas.cl\/inicio\/#logo\"}},{\"@type\":\"WebSite\",\"@id\":\"https:\/\/eljardinderosas.cl\/inicio\/#website\",\"url\":\"https:\/\/eljardinderosas.cl\/inicio\/\",\"name\":\"Floreria El jardin de las Rosas\",\"description\":\"Flores en Santiago\",\"publisher\":{\"@id\":\"https:\/\/eljardinderosas.cl\/inicio\/#organization\"},\"potentialAction\":[{\"@type\":\"SearchAction\",\"target\":{\"@type\":\"EntryPoint\",\"urlTemplate\":\"https:\/\/eljardinderosas.cl\/inicio\/?s={search_term_string}\"},\"query-input\":\"required name=search_term_string\"}],\"inLanguage\":\"es\"},{\"@type\":\"ImageObject\",\"@id\":\"https:\/\/eljardinderosas.cl\/inicio\/tienda\/arreglos-florales\/arreglo-san-valentin-con-25-rosas-rojas-peluche-y-globo-te-amo\/#primaryimage\",\"inLanguage\":\"es\",\"url\":\"https:\/\/eljardinderosas.cl\/inicio\/wp-content\/uploads\/2023\/04\/Hermoso-florero-con-25-rosas-rojas-peluche-y-globo.png\",\"contentUrl\":\"https:\/\/eljardinderosas.cl\/inicio\/wp-content\/uploads\/2023\/04\/Hermoso-florero-con-25-rosas-rojas-peluche-y-globo.png\",\"width\":1024,\"height\":1024},{\"@type\":\"WebPage\",\"@id\":\"https:\/\/eljardinderosas.cl\/inicio\/tienda\/arreglos-florales\/arreglo-san-valentin-con-25-rosas-rojas-peluche-y-globo-te-amo\/#webpage\",\"url\":\"https:\/\/eljardinderosas.cl\/inicio\/tienda\/arreglos-florales\/arreglo-san-valentin-con-25-rosas-rojas-peluche-y-globo-te-amo\/\",\"name\":\"Arreglo san valentin con 25 rosas rojas peluche y globo te amo - El Jardin de Rosas\",\"isPartOf\":{\"@id\":\"https:\/\/eljardinderosas.cl\/inicio\/#website\"},\"primaryImageOfPage\":{\"@id\":\"https:\/\/eljardinderosas.cl\/inicio\/tienda\/arreglos-florales\/arreglo-san-valentin-con-25-rosas-rojas-peluche-y-globo-te-amo\/#primaryimage\"},\"datePublished\":\"2023-04-12T23:22:42+00:00\",\"dateModified\":\"2026-01-19T00:19:37+00:00\",\"description\":\"Florero con 25 rosas rojas frescas, peluche tierno y globo \\\"Te Amo\\\": \\u00a1declara tu pasi\\u00f3n en San Valent\\u00edn!!!\",\"breadcrumb\":{\"@id\":\"https:\/\/eljardinderosas.cl\/inicio\/tienda\/arreglos-florales\/arreglo-san-valentin-con-25-rosas-rojas-peluche-y-globo-te-amo\/#breadcrumb\"},\"inLanguage\":\"es\",\"potentialAction\":[{\"@type\":\"ReadAction\",\"target\":[\"https:\/\/eljardinderosas.cl\/inicio\/tienda\/arreglos-florales\/arreglo-san-valentin-con-25-rosas-rojas-peluche-y-globo-te-amo\/\"]}]},{\"@type\":\"BreadcrumbList\",\"@id\":\"https:\/\/eljardinderosas.cl\/inicio\/tienda\/arreglos-florales\/arreglo-san-valentin-con-25-rosas-rojas-peluche-y-globo-te-amo\/#breadcrumb\",\"itemListElement\":[{\"@type\":\"ListItem\",\"position\":1,\"name\":\"Home\",\"item\":\"https:\/\/eljardinderosas.cl\/inicio\/\"},{\"@type\":\"ListItem\",\"position\":2,\"name\":\"Tienda\",\"item\":\"https:\/\/eljardinderosas.cl\/inicio\/tienda\/\"},{\"@type\":\"ListItem\",\"position\":3,\"name\":\"Arreglo san valentin con 25 rosas rojas peluche y globo te amo\"}]}]}<\/script>\n<!-- \/ Yoast SEO Premium plugin. -->","yoast_head_json":{"title":"Arreglo san valentin con 25 rosas rojas peluche y globo te amo - El Jardin de Rosas","description":"Florero con 25 rosas rojas frescas, peluche tierno y globo \"Te Amo\": \u00a1declara tu pasi\u00f3n en San Valent\u00edn!!!","robots":{"index":"index","follow":"follow","max-snippet":"max-snippet:-1","max-image-preview":"max-image-preview:large","max-video-preview":"max-video-preview:-1"},"canonical":"https:\/\/eljardinderosas.cl\/inicio\/tienda\/arreglos-florales\/arreglo-san-valentin-con-25-rosas-rojas-peluche-y-globo-te-amo\/","og_locale":"es_ES","og_type":"article","og_title":"Arreglo san valentin con 25 rosas rojas peluche y globo te amo","og_description":"Florero con 25 rosas rojas frescas, peluche tierno y globo \"Te Amo\": \u00a1declara tu pasi\u00f3n en San Valent\u00edn!!!","og_url":"https:\/\/eljardinderosas.cl\/inicio\/tienda\/arreglos-florales\/arreglo-san-valentin-con-25-rosas-rojas-peluche-y-globo-te-amo\/","og_site_name":"El Jardin de Rosas","article_modified_time":"2026-01-19T00:19:37+00:00","og_image":[{"width":1024,"height":1024,"url":"https:\/\/eljardinderosas.cl\/inicio\/wp-content\/uploads\/2023\/04\/Hermoso-florero-con-25-rosas-rojas-peluche-y-globo.png","type":"image\/png"}],"twitter_card":"summary_large_image","twitter_misc":{"Tiempo de lectura":"1 minuto"},"schema":{"@context":"https:\/\/schema.org","@graph":[{"@type":"Organization","@id":"https:\/\/eljardinderosas.cl\/inicio\/#organization","name":"El jardin de las rosas","url":"https:\/\/eljardinderosas.cl\/inicio\/","sameAs":["https:\/\/www.instagram.com\/floreria_eljardinderosas\/"],"logo":{"@type":"ImageObject","@id":"https:\/\/eljardinderosas.cl\/inicio\/#logo","inLanguage":"es","url":"https:\/\/eljardinderosas.cl\/inicio\/wp-content\/uploads\/2020\/10\/eljardinderosas-mail.png","contentUrl":"https:\/\/eljardinderosas.cl\/inicio\/wp-content\/uploads\/2020\/10\/eljardinderosas-mail.png","width":317,"height":97,"caption":"El jardin de las rosas"},"image":{"@id":"https:\/\/eljardinderosas.cl\/inicio\/#logo"}},{"@type":"WebSite","@id":"https:\/\/eljardinderosas.cl\/inicio\/#website","url":"https:\/\/eljardinderosas.cl\/inicio\/","name":"Floreria El jardin de las Rosas","description":"Flores en Santiago","publisher":{"@id":"https:\/\/eljardinderosas.cl\/inicio\/#organization"},"potentialAction":[{"@type":"SearchAction","target":{"@type":"EntryPoint","urlTemplate":"https:\/\/eljardinderosas.cl\/inicio\/?s={search_term_string}"},"query-input":"required name=search_term_string"}],"inLanguage":"es"},{"@type":"ImageObject","@id":"https:\/\/eljardinderosas.cl\/inicio\/tienda\/arreglos-florales\/arreglo-san-valentin-con-25-rosas-rojas-peluche-y-globo-te-amo\/#primaryimage","inLanguage":"es","url":"https:\/\/eljardinderosas.cl\/inicio\/wp-content\/uploads\/2023\/04\/Hermoso-florero-con-25-rosas-rojas-peluche-y-globo.png","contentUrl":"https:\/\/eljardinderosas.cl\/inicio\/wp-content\/uploads\/2023\/04\/Hermoso-florero-con-25-rosas-rojas-peluche-y-globo.png","width":1024,"height":1024},{"@type":"WebPage","@id":"https:\/\/eljardinderosas.cl\/inicio\/tienda\/arreglos-florales\/arreglo-san-valentin-con-25-rosas-rojas-peluche-y-globo-te-amo\/#webpage","url":"https:\/\/eljardinderosas.cl\/inicio\/tienda\/arreglos-florales\/arreglo-san-valentin-con-25-rosas-rojas-peluche-y-globo-te-amo\/","name":"Arreglo san valentin con 25 rosas rojas peluche y globo te amo - El Jardin de Rosas","isPartOf":{"@id":"https:\/\/eljardinderosas.cl\/inicio\/#website"},"primaryImageOfPage":{"@id":"https:\/\/eljardinderosas.cl\/inicio\/tienda\/arreglos-florales\/arreglo-san-valentin-con-25-rosas-rojas-peluche-y-globo-te-amo\/#primaryimage"},"datePublished":"2023-04-12T23:22:42+00:00","dateModified":"2026-01-19T00:19:37+00:00","description":"Florero con 25 rosas rojas frescas, peluche tierno y globo \"Te Amo\": \u00a1declara tu pasi\u00f3n en San Valent\u00edn!!!","breadcrumb":{"@id":"https:\/\/eljardinderosas.cl\/inicio\/tienda\/arreglos-florales\/arreglo-san-valentin-con-25-rosas-rojas-peluche-y-globo-te-amo\/#breadcrumb"},"inLanguage":"es","potentialAction":[{"@type":"ReadAction","target":["https:\/\/eljardinderosas.cl\/inicio\/tienda\/arreglos-florales\/arreglo-san-valentin-con-25-rosas-rojas-peluche-y-globo-te-amo\/"]}]},{"@type":"BreadcrumbList","@id":"https:\/\/eljardinderosas.cl\/inicio\/tienda\/arreglos-florales\/arreglo-san-valentin-con-25-rosas-rojas-peluche-y-globo-te-amo\/#breadcrumb","itemListElement":[{"@type":"ListItem","position":1,"name":"Home","item":"https:\/\/eljardinderosas.cl\/inicio\/"},{"@type":"ListItem","position":2,"name":"Tienda","item":"https:\/\/eljardinderosas.cl\/inicio\/tienda\/"},{"@type":"ListItem","position":3,"name":"Arreglo san valentin con 25 rosas rojas peluche y globo te amo"}]}]}},"_links":{"self":[{"href":"https:\/\/eljardinderosas.cl\/inicio\/wp-json\/wp\/v2\/product\/15561"}],"collection":[{"href":"https:\/\/eljardinderosas.cl\/inicio\/wp-json\/wp\/v2\/product"}],"about":[{"href":"https:\/\/eljardinderosas.cl\/inicio\/wp-json\/wp\/v2\/types\/product"}],"wp:featuredmedia":[{"embeddable":true,"href":"https:\/\/eljardinderosas.cl\/inicio\/wp-json\/wp\/v2\/media\/19639"}],"wp:attachment":[{"href":"https:\/\/eljardinderosas.cl\/inicio\/wp-json\/wp\/v2\/media?parent=15561"}],"wp:term":[{"taxonomy":"product_cat","embeddable":true,"href":"https:\/\/eljardinderosas.cl\/inicio\/wp-json\/wp\/v2\/product_cat?post=15561"},{"taxonomy":"product_tag","embeddable":true,"href":"https:\/\/eljardinderosas.cl\/inicio\/wp-json\/wp\/v2\/product_tag?post=15561"}],"curies":[{"name":"wp","href":"https:\/\/api.w.org\/{rel}","templated":true}]}}