{"id":16090,"date":"2023-08-01T17:38:24","date_gmt":"2023-08-01T21:38:24","guid":{"rendered":"https:\/\/eljardinderosas.cl\/inicio\/?post_type=product&#038;p=16090"},"modified":"2025-04-27T18:00:25","modified_gmt":"2025-04-27T22:00:25","slug":"canasta-con-30-rosas-mixtas-bombones-varsovienne-y-globo","status":"publish","type":"product","link":"https:\/\/eljardinderosas.cl\/inicio\/tienda\/arreglos-florales\/rosas\/canasta-con-30-rosas-mixtas-bombones-varsovienne-y-globo\/","title":{"rendered":"Canasta con 30 rosas mixtas bombones varsovienne y globo"},"content":{"rendered":"<ul>\n<li>Celebra a mam\u00e1 con este hermoso Sum\u00e9rgete en un mundo de elegancia y deleite con este impresionante arreglo floral\u00a0 en canasta\u00a0 30 rosas con\u00a0 rojas y blancas ,acompa\u00f1ados por exquisitos y finos bombones varsovienne y con un toque m\u00e1gico un encantador globo que expresa feliz d\u00eda mama este arreglo evoca amor , dulzura y cari\u00f1o hacia tu mam\u00e1 , sorpr\u00e9ndela este 10 y 12 mayo con este maravilloso detalle tan hermoso que siempre quedar\u00e1 grabado en su memoria, record\u00e1ndole el amor y aprecio que le tienes. No esperes m\u00e1s, regala un pedacito de felicidad. Piensa en la sonrisa en el rostro de tu mam\u00e1 al recibir este incre\u00edble arreglo de rosas rosadas\u00a0 \u00a1No esperes m\u00e1s y haz tu pedido ahora mismo!\u00a0 Te garantizamos que este dejar\u00e1 huella en el corazon de tu madre.<\/li>\n<\/ul>\n","protected":false},"excerpt":{"rendered":"<p>Celebra a mam\u00e1 con este hermoso Sum\u00e9rgete en un mundo de elegancia y deleite con este impresionante arreglo floral\u00a0 en canasta\u00a0 30 rosas con\u00a0 rojas y blancas ,acompa\u00f1ados por exquisitos y finos bombones varsovienne y con un toque m\u00e1gico un encantador globo que expresa feliz d\u00eda mama este arreglo evoca amor , dulzura y cari\u00f1o [&#8230;]\n","protected":false},"featured_media":17297,"template":"","meta":[],"product_cat":[96,93,71,84],"product_tag":[],"yoast_head":"<!-- This site is optimized with the Yoast SEO Premium plugin v17.1.2 (Yoast SEO v17.3) - https:\/\/yoast.com\/wordpress\/plugins\/seo\/ -->\n<title>Canasta con 30 rosas mixtas bombones varsovienne y globo - El Jardin de Rosas<\/title>\n<meta name=\"robots\" content=\"index, follow, max-snippet:-1, max-image-preview:large, max-video-preview:-1\" \/>\n<link rel=\"canonical\" href=\"https:\/\/eljardinderosas.cl\/inicio\/tienda\/arreglos-florales\/rosas\/canasta-con-30-rosas-mixtas-bombones-varsovienne-y-globo\/\" \/>\n<meta property=\"og:locale\" content=\"es_ES\" \/>\n<meta property=\"og:type\" content=\"article\" \/>\n<meta property=\"og:title\" content=\"Canasta con 30 rosas mixtas bombones varsovienne y globo\" \/>\n<meta property=\"og:description\" content=\"Celebra a mam\u00e1 con este hermoso Sum\u00e9rgete en un mundo de elegancia y deleite con este impresionante arreglo floral\u00a0 en canasta\u00a0 30 rosas con\u00a0 rojas y blancas ,acompa\u00f1ados por exquisitos y finos bombones varsovienne y con un toque m\u00e1gico un encantador globo que expresa feliz d\u00eda mama este arreglo evoca amor , dulzura y cari\u00f1o [...]\" \/>\n<meta property=\"og:url\" content=\"https:\/\/eljardinderosas.cl\/inicio\/tienda\/arreglos-florales\/rosas\/canasta-con-30-rosas-mixtas-bombones-varsovienne-y-globo\/\" \/>\n<meta property=\"og:site_name\" content=\"El Jardin de Rosas\" \/>\n<meta property=\"article:modified_time\" content=\"2025-04-27T22:00:25+00:00\" \/>\n<meta property=\"og:image\" content=\"https:\/\/eljardinderosas.cl\/inicio\/wp-content\/uploads\/2023\/08\/canasta-con-rosas-y-bombones.jpg\" \/>\n\t<meta property=\"og:image:width\" content=\"501\" \/>\n\t<meta property=\"og:image:height\" content=\"542\" \/>\n<meta name=\"twitter:card\" content=\"summary_large_image\" \/>\n<meta name=\"twitter:label1\" content=\"Tiempo de lectura\" \/>\n\t<meta name=\"twitter:data1\" content=\"1 minuto\" \/>\n<script type=\"application\/ld+json\" class=\"yoast-schema-graph\">{\"@context\":\"https:\/\/schema.org\",\"@graph\":[{\"@type\":\"Organization\",\"@id\":\"https:\/\/eljardinderosas.cl\/inicio\/#organization\",\"name\":\"El jardin de las rosas\",\"url\":\"https:\/\/eljardinderosas.cl\/inicio\/\",\"sameAs\":[\"https:\/\/www.instagram.com\/floreria_eljardinderosas\/\"],\"logo\":{\"@type\":\"ImageObject\",\"@id\":\"https:\/\/eljardinderosas.cl\/inicio\/#logo\",\"inLanguage\":\"es\",\"url\":\"https:\/\/eljardinderosas.cl\/inicio\/wp-content\/uploads\/2020\/10\/eljardinderosas-mail.png\",\"contentUrl\":\"https:\/\/eljardinderosas.cl\/inicio\/wp-content\/uploads\/2020\/10\/eljardinderosas-mail.png\",\"width\":317,\"height\":97,\"caption\":\"El jardin de las rosas\"},\"image\":{\"@id\":\"https:\/\/eljardinderosas.cl\/inicio\/#logo\"}},{\"@type\":\"WebSite\",\"@id\":\"https:\/\/eljardinderosas.cl\/inicio\/#website\",\"url\":\"https:\/\/eljardinderosas.cl\/inicio\/\",\"name\":\"Floreria El jardin de las Rosas\",\"description\":\"Flores en Santiago\",\"publisher\":{\"@id\":\"https:\/\/eljardinderosas.cl\/inicio\/#organization\"},\"potentialAction\":[{\"@type\":\"SearchAction\",\"target\":{\"@type\":\"EntryPoint\",\"urlTemplate\":\"https:\/\/eljardinderosas.cl\/inicio\/?s={search_term_string}\"},\"query-input\":\"required name=search_term_string\"}],\"inLanguage\":\"es\"},{\"@type\":\"ImageObject\",\"@id\":\"https:\/\/eljardinderosas.cl\/inicio\/tienda\/arreglos-florales\/rosas\/canasta-con-30-rosas-mixtas-bombones-varsovienne-y-globo\/#primaryimage\",\"inLanguage\":\"es\",\"url\":\"https:\/\/eljardinderosas.cl\/inicio\/wp-content\/uploads\/2023\/08\/canasta-con-rosas-y-bombones.jpg\",\"contentUrl\":\"https:\/\/eljardinderosas.cl\/inicio\/wp-content\/uploads\/2023\/08\/canasta-con-rosas-y-bombones.jpg\",\"width\":501,\"height\":542},{\"@type\":\"WebPage\",\"@id\":\"https:\/\/eljardinderosas.cl\/inicio\/tienda\/arreglos-florales\/rosas\/canasta-con-30-rosas-mixtas-bombones-varsovienne-y-globo\/#webpage\",\"url\":\"https:\/\/eljardinderosas.cl\/inicio\/tienda\/arreglos-florales\/rosas\/canasta-con-30-rosas-mixtas-bombones-varsovienne-y-globo\/\",\"name\":\"Canasta con 30 rosas mixtas bombones varsovienne y globo - El Jardin de Rosas\",\"isPartOf\":{\"@id\":\"https:\/\/eljardinderosas.cl\/inicio\/#website\"},\"primaryImageOfPage\":{\"@id\":\"https:\/\/eljardinderosas.cl\/inicio\/tienda\/arreglos-florales\/rosas\/canasta-con-30-rosas-mixtas-bombones-varsovienne-y-globo\/#primaryimage\"},\"datePublished\":\"2023-08-01T21:38:24+00:00\",\"dateModified\":\"2025-04-27T22:00:25+00:00\",\"breadcrumb\":{\"@id\":\"https:\/\/eljardinderosas.cl\/inicio\/tienda\/arreglos-florales\/rosas\/canasta-con-30-rosas-mixtas-bombones-varsovienne-y-globo\/#breadcrumb\"},\"inLanguage\":\"es\",\"potentialAction\":[{\"@type\":\"ReadAction\",\"target\":[\"https:\/\/eljardinderosas.cl\/inicio\/tienda\/arreglos-florales\/rosas\/canasta-con-30-rosas-mixtas-bombones-varsovienne-y-globo\/\"]}]},{\"@type\":\"BreadcrumbList\",\"@id\":\"https:\/\/eljardinderosas.cl\/inicio\/tienda\/arreglos-florales\/rosas\/canasta-con-30-rosas-mixtas-bombones-varsovienne-y-globo\/#breadcrumb\",\"itemListElement\":[{\"@type\":\"ListItem\",\"position\":1,\"name\":\"Home\",\"item\":\"https:\/\/eljardinderosas.cl\/inicio\/\"},{\"@type\":\"ListItem\",\"position\":2,\"name\":\"Tienda\",\"item\":\"https:\/\/eljardinderosas.cl\/inicio\/tienda\/\"},{\"@type\":\"ListItem\",\"position\":3,\"name\":\"Canasta con 30 rosas mixtas bombones varsovienne y globo\"}]}]}<\/script>\n<!-- \/ Yoast SEO Premium plugin. -->","yoast_head_json":{"title":"Canasta con 30 rosas mixtas bombones varsovienne y globo - El Jardin de Rosas","robots":{"index":"index","follow":"follow","max-snippet":"max-snippet:-1","max-image-preview":"max-image-preview:large","max-video-preview":"max-video-preview:-1"},"canonical":"https:\/\/eljardinderosas.cl\/inicio\/tienda\/arreglos-florales\/rosas\/canasta-con-30-rosas-mixtas-bombones-varsovienne-y-globo\/","og_locale":"es_ES","og_type":"article","og_title":"Canasta con 30 rosas mixtas bombones varsovienne y globo","og_description":"Celebra a mam\u00e1 con este hermoso Sum\u00e9rgete en un mundo de elegancia y deleite con este impresionante arreglo floral\u00a0 en canasta\u00a0 30 rosas con\u00a0 rojas y blancas ,acompa\u00f1ados por exquisitos y finos bombones varsovienne y con un toque m\u00e1gico un encantador globo que expresa feliz d\u00eda mama este arreglo evoca amor , dulzura y cari\u00f1o [...]","og_url":"https:\/\/eljardinderosas.cl\/inicio\/tienda\/arreglos-florales\/rosas\/canasta-con-30-rosas-mixtas-bombones-varsovienne-y-globo\/","og_site_name":"El Jardin de Rosas","article_modified_time":"2025-04-27T22:00:25+00:00","og_image":[{"width":501,"height":542,"url":"https:\/\/eljardinderosas.cl\/inicio\/wp-content\/uploads\/2023\/08\/canasta-con-rosas-y-bombones.jpg","type":"image\/jpeg"}],"twitter_card":"summary_large_image","twitter_misc":{"Tiempo de lectura":"1 minuto"},"schema":{"@context":"https:\/\/schema.org","@graph":[{"@type":"Organization","@id":"https:\/\/eljardinderosas.cl\/inicio\/#organization","name":"El jardin de las rosas","url":"https:\/\/eljardinderosas.cl\/inicio\/","sameAs":["https:\/\/www.instagram.com\/floreria_eljardinderosas\/"],"logo":{"@type":"ImageObject","@id":"https:\/\/eljardinderosas.cl\/inicio\/#logo","inLanguage":"es","url":"https:\/\/eljardinderosas.cl\/inicio\/wp-content\/uploads\/2020\/10\/eljardinderosas-mail.png","contentUrl":"https:\/\/eljardinderosas.cl\/inicio\/wp-content\/uploads\/2020\/10\/eljardinderosas-mail.png","width":317,"height":97,"caption":"El jardin de las rosas"},"image":{"@id":"https:\/\/eljardinderosas.cl\/inicio\/#logo"}},{"@type":"WebSite","@id":"https:\/\/eljardinderosas.cl\/inicio\/#website","url":"https:\/\/eljardinderosas.cl\/inicio\/","name":"Floreria El jardin de las Rosas","description":"Flores en Santiago","publisher":{"@id":"https:\/\/eljardinderosas.cl\/inicio\/#organization"},"potentialAction":[{"@type":"SearchAction","target":{"@type":"EntryPoint","urlTemplate":"https:\/\/eljardinderosas.cl\/inicio\/?s={search_term_string}"},"query-input":"required name=search_term_string"}],"inLanguage":"es"},{"@type":"ImageObject","@id":"https:\/\/eljardinderosas.cl\/inicio\/tienda\/arreglos-florales\/rosas\/canasta-con-30-rosas-mixtas-bombones-varsovienne-y-globo\/#primaryimage","inLanguage":"es","url":"https:\/\/eljardinderosas.cl\/inicio\/wp-content\/uploads\/2023\/08\/canasta-con-rosas-y-bombones.jpg","contentUrl":"https:\/\/eljardinderosas.cl\/inicio\/wp-content\/uploads\/2023\/08\/canasta-con-rosas-y-bombones.jpg","width":501,"height":542},{"@type":"WebPage","@id":"https:\/\/eljardinderosas.cl\/inicio\/tienda\/arreglos-florales\/rosas\/canasta-con-30-rosas-mixtas-bombones-varsovienne-y-globo\/#webpage","url":"https:\/\/eljardinderosas.cl\/inicio\/tienda\/arreglos-florales\/rosas\/canasta-con-30-rosas-mixtas-bombones-varsovienne-y-globo\/","name":"Canasta con 30 rosas mixtas bombones varsovienne y globo - El Jardin de Rosas","isPartOf":{"@id":"https:\/\/eljardinderosas.cl\/inicio\/#website"},"primaryImageOfPage":{"@id":"https:\/\/eljardinderosas.cl\/inicio\/tienda\/arreglos-florales\/rosas\/canasta-con-30-rosas-mixtas-bombones-varsovienne-y-globo\/#primaryimage"},"datePublished":"2023-08-01T21:38:24+00:00","dateModified":"2025-04-27T22:00:25+00:00","breadcrumb":{"@id":"https:\/\/eljardinderosas.cl\/inicio\/tienda\/arreglos-florales\/rosas\/canasta-con-30-rosas-mixtas-bombones-varsovienne-y-globo\/#breadcrumb"},"inLanguage":"es","potentialAction":[{"@type":"ReadAction","target":["https:\/\/eljardinderosas.cl\/inicio\/tienda\/arreglos-florales\/rosas\/canasta-con-30-rosas-mixtas-bombones-varsovienne-y-globo\/"]}]},{"@type":"BreadcrumbList","@id":"https:\/\/eljardinderosas.cl\/inicio\/tienda\/arreglos-florales\/rosas\/canasta-con-30-rosas-mixtas-bombones-varsovienne-y-globo\/#breadcrumb","itemListElement":[{"@type":"ListItem","position":1,"name":"Home","item":"https:\/\/eljardinderosas.cl\/inicio\/"},{"@type":"ListItem","position":2,"name":"Tienda","item":"https:\/\/eljardinderosas.cl\/inicio\/tienda\/"},{"@type":"ListItem","position":3,"name":"Canasta con 30 rosas mixtas bombones varsovienne y globo"}]}]}},"_links":{"self":[{"href":"https:\/\/eljardinderosas.cl\/inicio\/wp-json\/wp\/v2\/product\/16090"}],"collection":[{"href":"https:\/\/eljardinderosas.cl\/inicio\/wp-json\/wp\/v2\/product"}],"about":[{"href":"https:\/\/eljardinderosas.cl\/inicio\/wp-json\/wp\/v2\/types\/product"}],"wp:featuredmedia":[{"embeddable":true,"href":"https:\/\/eljardinderosas.cl\/inicio\/wp-json\/wp\/v2\/media\/17297"}],"wp:attachment":[{"href":"https:\/\/eljardinderosas.cl\/inicio\/wp-json\/wp\/v2\/media?parent=16090"}],"wp:term":[{"taxonomy":"product_cat","embeddable":true,"href":"https:\/\/eljardinderosas.cl\/inicio\/wp-json\/wp\/v2\/product_cat?post=16090"},{"taxonomy":"product_tag","embeddable":true,"href":"https:\/\/eljardinderosas.cl\/inicio\/wp-json\/wp\/v2\/product_tag?post=16090"}],"curies":[{"name":"wp","href":"https:\/\/api.w.org\/{rel}","templated":true}]}}