{"id":16153,"date":"2023-09-02T22:24:39","date_gmt":"2023-09-03T02:24:39","guid":{"rendered":"https:\/\/eljardinderosas.cl\/inicio\/?post_type=product&#038;p=16153"},"modified":"2025-12-01T12:38:11","modified_gmt":"2025-12-01T15:38:11","slug":"ramo-con-30-tulipanes-amarillos-y-rosados-intenso","status":"publish","type":"product","link":"https:\/\/eljardinderosas.cl\/inicio\/tienda\/flores-y-regalos-para-mama\/ramo-con-30-tulipanes-amarillos-y-rosados-intenso\/","title":{"rendered":"Ramo con 30 tulipanes amarillos y rosados intenso"},"content":{"rendered":"<ul>\n<li>Sorprende a esa persona especial en tu vida con un regalo que dejar\u00e1 huella. Imagina entregarle un exquisito arreglo floral compuesto por 30\u00a0 tulipanes amarillos combinados con un rosado intenso que hace irresistibles que irradian alegr\u00eda y armon\u00eda\u00a0 una combinaci\u00f3n perfecta y que emana elegancia\u00a0 . este regalo viene acompa\u00f1ado de una tarjeta de saludos dise\u00f1ada con amor, para que puedas expresar todos esos sentimientos que te desbordan. Un detalle tan hermoso que siempre quedar\u00e1 grabado en su memoria, record\u00e1ndole el amor y aprecio que le tienes. No esperes m\u00e1s, regala un pedacito de felicidad.<\/li>\n<\/ul>\n","protected":false},"excerpt":{"rendered":"<p>Sorprende a esa persona especial en tu vida con un regalo que dejar\u00e1 huella. Imagina entregarle un exquisito arreglo floral compuesto por 30\u00a0 tulipanes amarillos combinados con un rosado intenso que hace irresistibles que irradian alegr\u00eda y armon\u00eda\u00a0 una combinaci\u00f3n perfecta y que emana elegancia\u00a0 . este regalo viene acompa\u00f1ado de una tarjeta de saludos [&#8230;]\n","protected":false},"featured_media":16268,"template":"","meta":[],"product_cat":[261],"product_tag":[],"yoast_head":"<!-- This site is optimized with the Yoast SEO Premium plugin v17.1.2 (Yoast SEO v17.3) - https:\/\/yoast.com\/wordpress\/plugins\/seo\/ -->\n<title>Ramo con 30 tulipanes amarillos y rosados intenso - El Jardin de Rosas<\/title>\n<meta name=\"robots\" content=\"index, follow, max-snippet:-1, max-image-preview:large, max-video-preview:-1\" \/>\n<link rel=\"canonical\" href=\"https:\/\/eljardinderosas.cl\/inicio\/tienda\/flores-y-regalos-para-mama\/ramo-con-30-tulipanes-amarillos-y-rosados-intenso\/\" \/>\n<meta property=\"og:locale\" content=\"es_ES\" \/>\n<meta property=\"og:type\" content=\"article\" \/>\n<meta property=\"og:title\" content=\"Ramo con 30 tulipanes amarillos y rosados intenso\" \/>\n<meta property=\"og:description\" content=\"Sorprende a esa persona especial en tu vida con un regalo que dejar\u00e1 huella. Imagina entregarle un exquisito arreglo floral compuesto por 30\u00a0 tulipanes amarillos combinados con un rosado intenso que hace irresistibles que irradian alegr\u00eda y armon\u00eda\u00a0 una combinaci\u00f3n perfecta y que emana elegancia\u00a0 . este regalo viene acompa\u00f1ado de una tarjeta de saludos [...]\" \/>\n<meta property=\"og:url\" content=\"https:\/\/eljardinderosas.cl\/inicio\/tienda\/flores-y-regalos-para-mama\/ramo-con-30-tulipanes-amarillos-y-rosados-intenso\/\" \/>\n<meta property=\"og:site_name\" content=\"El Jardin de Rosas\" \/>\n<meta property=\"article:modified_time\" content=\"2025-12-01T15:38:11+00:00\" \/>\n<meta property=\"og:image\" content=\"https:\/\/eljardinderosas.cl\/inicio\/wp-content\/uploads\/2023\/09\/RAMO-COB-20-TULIPAMES-ROSADOS-Y-AMARILLOS.jpg\" \/>\n\t<meta property=\"og:image:width\" content=\"1200\" \/>\n\t<meta property=\"og:image:height\" content=\"1071\" \/>\n<meta name=\"twitter:card\" content=\"summary_large_image\" \/>\n<meta name=\"twitter:label1\" content=\"Tiempo de lectura\" \/>\n\t<meta name=\"twitter:data1\" content=\"1 minuto\" \/>\n<script type=\"application\/ld+json\" class=\"yoast-schema-graph\">{\"@context\":\"https:\/\/schema.org\",\"@graph\":[{\"@type\":\"Organization\",\"@id\":\"https:\/\/eljardinderosas.cl\/inicio\/#organization\",\"name\":\"El jardin de las rosas\",\"url\":\"https:\/\/eljardinderosas.cl\/inicio\/\",\"sameAs\":[\"https:\/\/www.instagram.com\/floreria_eljardinderosas\/\"],\"logo\":{\"@type\":\"ImageObject\",\"@id\":\"https:\/\/eljardinderosas.cl\/inicio\/#logo\",\"inLanguage\":\"es\",\"url\":\"https:\/\/eljardinderosas.cl\/inicio\/wp-content\/uploads\/2020\/10\/eljardinderosas-mail.png\",\"contentUrl\":\"https:\/\/eljardinderosas.cl\/inicio\/wp-content\/uploads\/2020\/10\/eljardinderosas-mail.png\",\"width\":317,\"height\":97,\"caption\":\"El jardin de las rosas\"},\"image\":{\"@id\":\"https:\/\/eljardinderosas.cl\/inicio\/#logo\"}},{\"@type\":\"WebSite\",\"@id\":\"https:\/\/eljardinderosas.cl\/inicio\/#website\",\"url\":\"https:\/\/eljardinderosas.cl\/inicio\/\",\"name\":\"Floreria El jardin de las Rosas\",\"description\":\"Flores en Santiago\",\"publisher\":{\"@id\":\"https:\/\/eljardinderosas.cl\/inicio\/#organization\"},\"potentialAction\":[{\"@type\":\"SearchAction\",\"target\":{\"@type\":\"EntryPoint\",\"urlTemplate\":\"https:\/\/eljardinderosas.cl\/inicio\/?s={search_term_string}\"},\"query-input\":\"required name=search_term_string\"}],\"inLanguage\":\"es\"},{\"@type\":\"ImageObject\",\"@id\":\"https:\/\/eljardinderosas.cl\/inicio\/tienda\/flores-y-regalos-para-mama\/ramo-con-30-tulipanes-amarillos-y-rosados-intenso\/#primaryimage\",\"inLanguage\":\"es\",\"url\":\"https:\/\/eljardinderosas.cl\/inicio\/wp-content\/uploads\/2023\/09\/RAMO-COB-20-TULIPAMES-ROSADOS-Y-AMARILLOS.jpg\",\"contentUrl\":\"https:\/\/eljardinderosas.cl\/inicio\/wp-content\/uploads\/2023\/09\/RAMO-COB-20-TULIPAMES-ROSADOS-Y-AMARILLOS.jpg\",\"width\":1200,\"height\":1071},{\"@type\":\"WebPage\",\"@id\":\"https:\/\/eljardinderosas.cl\/inicio\/tienda\/flores-y-regalos-para-mama\/ramo-con-30-tulipanes-amarillos-y-rosados-intenso\/#webpage\",\"url\":\"https:\/\/eljardinderosas.cl\/inicio\/tienda\/flores-y-regalos-para-mama\/ramo-con-30-tulipanes-amarillos-y-rosados-intenso\/\",\"name\":\"Ramo con 30 tulipanes amarillos y rosados intenso - El Jardin de Rosas\",\"isPartOf\":{\"@id\":\"https:\/\/eljardinderosas.cl\/inicio\/#website\"},\"primaryImageOfPage\":{\"@id\":\"https:\/\/eljardinderosas.cl\/inicio\/tienda\/flores-y-regalos-para-mama\/ramo-con-30-tulipanes-amarillos-y-rosados-intenso\/#primaryimage\"},\"datePublished\":\"2023-09-03T02:24:39+00:00\",\"dateModified\":\"2025-12-01T15:38:11+00:00\",\"breadcrumb\":{\"@id\":\"https:\/\/eljardinderosas.cl\/inicio\/tienda\/flores-y-regalos-para-mama\/ramo-con-30-tulipanes-amarillos-y-rosados-intenso\/#breadcrumb\"},\"inLanguage\":\"es\",\"potentialAction\":[{\"@type\":\"ReadAction\",\"target\":[\"https:\/\/eljardinderosas.cl\/inicio\/tienda\/flores-y-regalos-para-mama\/ramo-con-30-tulipanes-amarillos-y-rosados-intenso\/\"]}]},{\"@type\":\"BreadcrumbList\",\"@id\":\"https:\/\/eljardinderosas.cl\/inicio\/tienda\/flores-y-regalos-para-mama\/ramo-con-30-tulipanes-amarillos-y-rosados-intenso\/#breadcrumb\",\"itemListElement\":[{\"@type\":\"ListItem\",\"position\":1,\"name\":\"Home\",\"item\":\"https:\/\/eljardinderosas.cl\/inicio\/\"},{\"@type\":\"ListItem\",\"position\":2,\"name\":\"Tienda\",\"item\":\"https:\/\/eljardinderosas.cl\/inicio\/tienda\/\"},{\"@type\":\"ListItem\",\"position\":3,\"name\":\"Ramo con 30 tulipanes amarillos y rosados intenso\"}]}]}<\/script>\n<!-- \/ Yoast SEO Premium plugin. -->","yoast_head_json":{"title":"Ramo con 30 tulipanes amarillos y rosados intenso - El Jardin de Rosas","robots":{"index":"index","follow":"follow","max-snippet":"max-snippet:-1","max-image-preview":"max-image-preview:large","max-video-preview":"max-video-preview:-1"},"canonical":"https:\/\/eljardinderosas.cl\/inicio\/tienda\/flores-y-regalos-para-mama\/ramo-con-30-tulipanes-amarillos-y-rosados-intenso\/","og_locale":"es_ES","og_type":"article","og_title":"Ramo con 30 tulipanes amarillos y rosados intenso","og_description":"Sorprende a esa persona especial en tu vida con un regalo que dejar\u00e1 huella. Imagina entregarle un exquisito arreglo floral compuesto por 30\u00a0 tulipanes amarillos combinados con un rosado intenso que hace irresistibles que irradian alegr\u00eda y armon\u00eda\u00a0 una combinaci\u00f3n perfecta y que emana elegancia\u00a0 . este regalo viene acompa\u00f1ado de una tarjeta de saludos [...]","og_url":"https:\/\/eljardinderosas.cl\/inicio\/tienda\/flores-y-regalos-para-mama\/ramo-con-30-tulipanes-amarillos-y-rosados-intenso\/","og_site_name":"El Jardin de Rosas","article_modified_time":"2025-12-01T15:38:11+00:00","og_image":[{"width":1200,"height":1071,"url":"https:\/\/eljardinderosas.cl\/inicio\/wp-content\/uploads\/2023\/09\/RAMO-COB-20-TULIPAMES-ROSADOS-Y-AMARILLOS.jpg","type":"image\/jpeg"}],"twitter_card":"summary_large_image","twitter_misc":{"Tiempo de lectura":"1 minuto"},"schema":{"@context":"https:\/\/schema.org","@graph":[{"@type":"Organization","@id":"https:\/\/eljardinderosas.cl\/inicio\/#organization","name":"El jardin de las rosas","url":"https:\/\/eljardinderosas.cl\/inicio\/","sameAs":["https:\/\/www.instagram.com\/floreria_eljardinderosas\/"],"logo":{"@type":"ImageObject","@id":"https:\/\/eljardinderosas.cl\/inicio\/#logo","inLanguage":"es","url":"https:\/\/eljardinderosas.cl\/inicio\/wp-content\/uploads\/2020\/10\/eljardinderosas-mail.png","contentUrl":"https:\/\/eljardinderosas.cl\/inicio\/wp-content\/uploads\/2020\/10\/eljardinderosas-mail.png","width":317,"height":97,"caption":"El jardin de las rosas"},"image":{"@id":"https:\/\/eljardinderosas.cl\/inicio\/#logo"}},{"@type":"WebSite","@id":"https:\/\/eljardinderosas.cl\/inicio\/#website","url":"https:\/\/eljardinderosas.cl\/inicio\/","name":"Floreria El jardin de las Rosas","description":"Flores en Santiago","publisher":{"@id":"https:\/\/eljardinderosas.cl\/inicio\/#organization"},"potentialAction":[{"@type":"SearchAction","target":{"@type":"EntryPoint","urlTemplate":"https:\/\/eljardinderosas.cl\/inicio\/?s={search_term_string}"},"query-input":"required name=search_term_string"}],"inLanguage":"es"},{"@type":"ImageObject","@id":"https:\/\/eljardinderosas.cl\/inicio\/tienda\/flores-y-regalos-para-mama\/ramo-con-30-tulipanes-amarillos-y-rosados-intenso\/#primaryimage","inLanguage":"es","url":"https:\/\/eljardinderosas.cl\/inicio\/wp-content\/uploads\/2023\/09\/RAMO-COB-20-TULIPAMES-ROSADOS-Y-AMARILLOS.jpg","contentUrl":"https:\/\/eljardinderosas.cl\/inicio\/wp-content\/uploads\/2023\/09\/RAMO-COB-20-TULIPAMES-ROSADOS-Y-AMARILLOS.jpg","width":1200,"height":1071},{"@type":"WebPage","@id":"https:\/\/eljardinderosas.cl\/inicio\/tienda\/flores-y-regalos-para-mama\/ramo-con-30-tulipanes-amarillos-y-rosados-intenso\/#webpage","url":"https:\/\/eljardinderosas.cl\/inicio\/tienda\/flores-y-regalos-para-mama\/ramo-con-30-tulipanes-amarillos-y-rosados-intenso\/","name":"Ramo con 30 tulipanes amarillos y rosados intenso - El Jardin de Rosas","isPartOf":{"@id":"https:\/\/eljardinderosas.cl\/inicio\/#website"},"primaryImageOfPage":{"@id":"https:\/\/eljardinderosas.cl\/inicio\/tienda\/flores-y-regalos-para-mama\/ramo-con-30-tulipanes-amarillos-y-rosados-intenso\/#primaryimage"},"datePublished":"2023-09-03T02:24:39+00:00","dateModified":"2025-12-01T15:38:11+00:00","breadcrumb":{"@id":"https:\/\/eljardinderosas.cl\/inicio\/tienda\/flores-y-regalos-para-mama\/ramo-con-30-tulipanes-amarillos-y-rosados-intenso\/#breadcrumb"},"inLanguage":"es","potentialAction":[{"@type":"ReadAction","target":["https:\/\/eljardinderosas.cl\/inicio\/tienda\/flores-y-regalos-para-mama\/ramo-con-30-tulipanes-amarillos-y-rosados-intenso\/"]}]},{"@type":"BreadcrumbList","@id":"https:\/\/eljardinderosas.cl\/inicio\/tienda\/flores-y-regalos-para-mama\/ramo-con-30-tulipanes-amarillos-y-rosados-intenso\/#breadcrumb","itemListElement":[{"@type":"ListItem","position":1,"name":"Home","item":"https:\/\/eljardinderosas.cl\/inicio\/"},{"@type":"ListItem","position":2,"name":"Tienda","item":"https:\/\/eljardinderosas.cl\/inicio\/tienda\/"},{"@type":"ListItem","position":3,"name":"Ramo con 30 tulipanes amarillos y rosados intenso"}]}]}},"_links":{"self":[{"href":"https:\/\/eljardinderosas.cl\/inicio\/wp-json\/wp\/v2\/product\/16153"}],"collection":[{"href":"https:\/\/eljardinderosas.cl\/inicio\/wp-json\/wp\/v2\/product"}],"about":[{"href":"https:\/\/eljardinderosas.cl\/inicio\/wp-json\/wp\/v2\/types\/product"}],"wp:featuredmedia":[{"embeddable":true,"href":"https:\/\/eljardinderosas.cl\/inicio\/wp-json\/wp\/v2\/media\/16268"}],"wp:attachment":[{"href":"https:\/\/eljardinderosas.cl\/inicio\/wp-json\/wp\/v2\/media?parent=16153"}],"wp:term":[{"taxonomy":"product_cat","embeddable":true,"href":"https:\/\/eljardinderosas.cl\/inicio\/wp-json\/wp\/v2\/product_cat?post=16153"},{"taxonomy":"product_tag","embeddable":true,"href":"https:\/\/eljardinderosas.cl\/inicio\/wp-json\/wp\/v2\/product_tag?post=16153"}],"curies":[{"name":"wp","href":"https:\/\/api.w.org\/{rel}","templated":true}]}}