{"id":16292,"date":"2023-09-25T23:08:31","date_gmt":"2023-09-26T02:08:31","guid":{"rendered":"https:\/\/eljardinderosas.cl\/inicio\/?post_type=product&#038;p=16292"},"modified":"2026-01-27T14:39:11","modified_gmt":"2026-01-27T17:39:11","slug":"caja-corazon-con-12-rosas-rojas-y-8-bombones-ferreros","status":"publish","type":"product","link":"https:\/\/eljardinderosas.cl\/inicio\/tienda\/regalos\/peluches\/caja-corazon-con-12-rosas-rojas-y-8-bombones-ferreros\/","title":{"rendered":"Caja coraz\u00f3n con 12 rosas rojas y 8 bombones valentte"},"content":{"rendered":"<ul>\n<li>D\u00e9jate cautivar por nuestras cautivadoras y encantadoras caja en formas de coraz\u00f3n,<\/li>\n<li>con 12 bellas rosas rojas\u00a0 En su interior, podr\u00e1s encontrar la combinaci\u00f3n perfecta acompa\u00f1ados de una selecci\u00f3n exquisita de bombones, ferreros rocher Estas maravillosas creaciones son ideales para sorprender en cualquier ocasi\u00f3n y crear momentos inolvidables para aquellos que las reciban. No pierdas la oportunidad de regalar un detalle que dejar\u00e1 huella en el coraz\u00f3n de esa persona especial.<\/li>\n<\/ul>\n","protected":false},"excerpt":{"rendered":"<p>D\u00e9jate cautivar por nuestras cautivadoras y encantadoras caja en formas de coraz\u00f3n, con 12 bellas rosas rojas\u00a0 En su interior, podr\u00e1s encontrar la combinaci\u00f3n perfecta acompa\u00f1ados de una selecci\u00f3n exquisita de bombones, ferreros rocher Estas maravillosas creaciones son ideales para sorprender en cualquier ocasi\u00f3n y crear momentos inolvidables para aquellos que las reciban. No pierdas [&#8230;]\n","protected":false},"featured_media":16294,"template":"","meta":[],"product_cat":[87],"product_tag":[],"yoast_head":"<!-- This site is optimized with the Yoast SEO Premium plugin v17.1.2 (Yoast SEO v17.3) - https:\/\/yoast.com\/wordpress\/plugins\/seo\/ -->\n<title>Caja coraz\u00f3n con 12 rosas rojas y 8 bombones valentte - El Jardin de Rosas<\/title>\n<meta name=\"robots\" content=\"index, follow, max-snippet:-1, max-image-preview:large, max-video-preview:-1\" \/>\n<link rel=\"canonical\" href=\"https:\/\/eljardinderosas.cl\/inicio\/tienda\/regalos\/peluches\/caja-corazon-con-12-rosas-rojas-y-8-bombones-ferreros\/\" \/>\n<meta property=\"og:locale\" content=\"es_ES\" \/>\n<meta property=\"og:type\" content=\"article\" \/>\n<meta property=\"og:title\" content=\"Caja coraz\u00f3n con 12 rosas rojas y 8 bombones valentte\" \/>\n<meta property=\"og:description\" content=\"D\u00e9jate cautivar por nuestras cautivadoras y encantadoras caja en formas de coraz\u00f3n, con 12 bellas rosas rojas\u00a0 En su interior, podr\u00e1s encontrar la combinaci\u00f3n perfecta acompa\u00f1ados de una selecci\u00f3n exquisita de bombones, ferreros rocher Estas maravillosas creaciones son ideales para sorprender en cualquier ocasi\u00f3n y crear momentos inolvidables para aquellos que las reciban. No pierdas [...]\" \/>\n<meta property=\"og:url\" content=\"https:\/\/eljardinderosas.cl\/inicio\/tienda\/regalos\/peluches\/caja-corazon-con-12-rosas-rojas-y-8-bombones-ferreros\/\" \/>\n<meta property=\"og:site_name\" content=\"El Jardin de Rosas\" \/>\n<meta property=\"article:modified_time\" content=\"2026-01-27T17:39:11+00:00\" \/>\n<meta property=\"og:image\" content=\"https:\/\/eljardinderosas.cl\/inicio\/wp-content\/uploads\/2023\/09\/CAJA-CORAZON-Y-FERREROS.gif\" \/>\n\t<meta property=\"og:image:width\" content=\"1080\" \/>\n\t<meta property=\"og:image:height\" content=\"1080\" \/>\n<meta name=\"twitter:card\" content=\"summary_large_image\" \/>\n<meta name=\"twitter:label1\" content=\"Tiempo de lectura\" \/>\n\t<meta name=\"twitter:data1\" content=\"1 minuto\" \/>\n<script type=\"application\/ld+json\" class=\"yoast-schema-graph\">{\"@context\":\"https:\/\/schema.org\",\"@graph\":[{\"@type\":\"Organization\",\"@id\":\"https:\/\/eljardinderosas.cl\/inicio\/#organization\",\"name\":\"El jardin de las rosas\",\"url\":\"https:\/\/eljardinderosas.cl\/inicio\/\",\"sameAs\":[\"https:\/\/www.instagram.com\/floreria_eljardinderosas\/\"],\"logo\":{\"@type\":\"ImageObject\",\"@id\":\"https:\/\/eljardinderosas.cl\/inicio\/#logo\",\"inLanguage\":\"es\",\"url\":\"https:\/\/eljardinderosas.cl\/inicio\/wp-content\/uploads\/2020\/10\/eljardinderosas-mail.png\",\"contentUrl\":\"https:\/\/eljardinderosas.cl\/inicio\/wp-content\/uploads\/2020\/10\/eljardinderosas-mail.png\",\"width\":317,\"height\":97,\"caption\":\"El jardin de las rosas\"},\"image\":{\"@id\":\"https:\/\/eljardinderosas.cl\/inicio\/#logo\"}},{\"@type\":\"WebSite\",\"@id\":\"https:\/\/eljardinderosas.cl\/inicio\/#website\",\"url\":\"https:\/\/eljardinderosas.cl\/inicio\/\",\"name\":\"Floreria El jardin de las Rosas\",\"description\":\"Flores en Santiago\",\"publisher\":{\"@id\":\"https:\/\/eljardinderosas.cl\/inicio\/#organization\"},\"potentialAction\":[{\"@type\":\"SearchAction\",\"target\":{\"@type\":\"EntryPoint\",\"urlTemplate\":\"https:\/\/eljardinderosas.cl\/inicio\/?s={search_term_string}\"},\"query-input\":\"required name=search_term_string\"}],\"inLanguage\":\"es\"},{\"@type\":\"ImageObject\",\"@id\":\"https:\/\/eljardinderosas.cl\/inicio\/tienda\/regalos\/peluches\/caja-corazon-con-12-rosas-rojas-y-8-bombones-ferreros\/#primaryimage\",\"inLanguage\":\"es\",\"url\":\"https:\/\/eljardinderosas.cl\/inicio\/wp-content\/uploads\/2023\/09\/CAJA-CORAZON-Y-FERREROS.gif\",\"contentUrl\":\"https:\/\/eljardinderosas.cl\/inicio\/wp-content\/uploads\/2023\/09\/CAJA-CORAZON-Y-FERREROS.gif\",\"width\":1080,\"height\":1080},{\"@type\":\"WebPage\",\"@id\":\"https:\/\/eljardinderosas.cl\/inicio\/tienda\/regalos\/peluches\/caja-corazon-con-12-rosas-rojas-y-8-bombones-ferreros\/#webpage\",\"url\":\"https:\/\/eljardinderosas.cl\/inicio\/tienda\/regalos\/peluches\/caja-corazon-con-12-rosas-rojas-y-8-bombones-ferreros\/\",\"name\":\"Caja coraz\\u00f3n con 12 rosas rojas y 8 bombones valentte - El Jardin de Rosas\",\"isPartOf\":{\"@id\":\"https:\/\/eljardinderosas.cl\/inicio\/#website\"},\"primaryImageOfPage\":{\"@id\":\"https:\/\/eljardinderosas.cl\/inicio\/tienda\/regalos\/peluches\/caja-corazon-con-12-rosas-rojas-y-8-bombones-ferreros\/#primaryimage\"},\"datePublished\":\"2023-09-26T02:08:31+00:00\",\"dateModified\":\"2026-01-27T17:39:11+00:00\",\"breadcrumb\":{\"@id\":\"https:\/\/eljardinderosas.cl\/inicio\/tienda\/regalos\/peluches\/caja-corazon-con-12-rosas-rojas-y-8-bombones-ferreros\/#breadcrumb\"},\"inLanguage\":\"es\",\"potentialAction\":[{\"@type\":\"ReadAction\",\"target\":[\"https:\/\/eljardinderosas.cl\/inicio\/tienda\/regalos\/peluches\/caja-corazon-con-12-rosas-rojas-y-8-bombones-ferreros\/\"]}]},{\"@type\":\"BreadcrumbList\",\"@id\":\"https:\/\/eljardinderosas.cl\/inicio\/tienda\/regalos\/peluches\/caja-corazon-con-12-rosas-rojas-y-8-bombones-ferreros\/#breadcrumb\",\"itemListElement\":[{\"@type\":\"ListItem\",\"position\":1,\"name\":\"Home\",\"item\":\"https:\/\/eljardinderosas.cl\/inicio\/\"},{\"@type\":\"ListItem\",\"position\":2,\"name\":\"Tienda\",\"item\":\"https:\/\/eljardinderosas.cl\/inicio\/tienda\/\"},{\"@type\":\"ListItem\",\"position\":3,\"name\":\"Caja coraz\\u00f3n con 12 rosas rojas y 8 bombones valentte\"}]}]}<\/script>\n<!-- \/ Yoast SEO Premium plugin. -->","yoast_head_json":{"title":"Caja coraz\u00f3n con 12 rosas rojas y 8 bombones valentte - El Jardin de Rosas","robots":{"index":"index","follow":"follow","max-snippet":"max-snippet:-1","max-image-preview":"max-image-preview:large","max-video-preview":"max-video-preview:-1"},"canonical":"https:\/\/eljardinderosas.cl\/inicio\/tienda\/regalos\/peluches\/caja-corazon-con-12-rosas-rojas-y-8-bombones-ferreros\/","og_locale":"es_ES","og_type":"article","og_title":"Caja coraz\u00f3n con 12 rosas rojas y 8 bombones valentte","og_description":"D\u00e9jate cautivar por nuestras cautivadoras y encantadoras caja en formas de coraz\u00f3n, con 12 bellas rosas rojas\u00a0 En su interior, podr\u00e1s encontrar la combinaci\u00f3n perfecta acompa\u00f1ados de una selecci\u00f3n exquisita de bombones, ferreros rocher Estas maravillosas creaciones son ideales para sorprender en cualquier ocasi\u00f3n y crear momentos inolvidables para aquellos que las reciban. No pierdas [...]","og_url":"https:\/\/eljardinderosas.cl\/inicio\/tienda\/regalos\/peluches\/caja-corazon-con-12-rosas-rojas-y-8-bombones-ferreros\/","og_site_name":"El Jardin de Rosas","article_modified_time":"2026-01-27T17:39:11+00:00","og_image":[{"width":1080,"height":1080,"url":"https:\/\/eljardinderosas.cl\/inicio\/wp-content\/uploads\/2023\/09\/CAJA-CORAZON-Y-FERREROS.gif","type":"image\/gif"}],"twitter_card":"summary_large_image","twitter_misc":{"Tiempo de lectura":"1 minuto"},"schema":{"@context":"https:\/\/schema.org","@graph":[{"@type":"Organization","@id":"https:\/\/eljardinderosas.cl\/inicio\/#organization","name":"El jardin de las rosas","url":"https:\/\/eljardinderosas.cl\/inicio\/","sameAs":["https:\/\/www.instagram.com\/floreria_eljardinderosas\/"],"logo":{"@type":"ImageObject","@id":"https:\/\/eljardinderosas.cl\/inicio\/#logo","inLanguage":"es","url":"https:\/\/eljardinderosas.cl\/inicio\/wp-content\/uploads\/2020\/10\/eljardinderosas-mail.png","contentUrl":"https:\/\/eljardinderosas.cl\/inicio\/wp-content\/uploads\/2020\/10\/eljardinderosas-mail.png","width":317,"height":97,"caption":"El jardin de las rosas"},"image":{"@id":"https:\/\/eljardinderosas.cl\/inicio\/#logo"}},{"@type":"WebSite","@id":"https:\/\/eljardinderosas.cl\/inicio\/#website","url":"https:\/\/eljardinderosas.cl\/inicio\/","name":"Floreria El jardin de las Rosas","description":"Flores en Santiago","publisher":{"@id":"https:\/\/eljardinderosas.cl\/inicio\/#organization"},"potentialAction":[{"@type":"SearchAction","target":{"@type":"EntryPoint","urlTemplate":"https:\/\/eljardinderosas.cl\/inicio\/?s={search_term_string}"},"query-input":"required name=search_term_string"}],"inLanguage":"es"},{"@type":"ImageObject","@id":"https:\/\/eljardinderosas.cl\/inicio\/tienda\/regalos\/peluches\/caja-corazon-con-12-rosas-rojas-y-8-bombones-ferreros\/#primaryimage","inLanguage":"es","url":"https:\/\/eljardinderosas.cl\/inicio\/wp-content\/uploads\/2023\/09\/CAJA-CORAZON-Y-FERREROS.gif","contentUrl":"https:\/\/eljardinderosas.cl\/inicio\/wp-content\/uploads\/2023\/09\/CAJA-CORAZON-Y-FERREROS.gif","width":1080,"height":1080},{"@type":"WebPage","@id":"https:\/\/eljardinderosas.cl\/inicio\/tienda\/regalos\/peluches\/caja-corazon-con-12-rosas-rojas-y-8-bombones-ferreros\/#webpage","url":"https:\/\/eljardinderosas.cl\/inicio\/tienda\/regalos\/peluches\/caja-corazon-con-12-rosas-rojas-y-8-bombones-ferreros\/","name":"Caja coraz\u00f3n con 12 rosas rojas y 8 bombones valentte - El Jardin de Rosas","isPartOf":{"@id":"https:\/\/eljardinderosas.cl\/inicio\/#website"},"primaryImageOfPage":{"@id":"https:\/\/eljardinderosas.cl\/inicio\/tienda\/regalos\/peluches\/caja-corazon-con-12-rosas-rojas-y-8-bombones-ferreros\/#primaryimage"},"datePublished":"2023-09-26T02:08:31+00:00","dateModified":"2026-01-27T17:39:11+00:00","breadcrumb":{"@id":"https:\/\/eljardinderosas.cl\/inicio\/tienda\/regalos\/peluches\/caja-corazon-con-12-rosas-rojas-y-8-bombones-ferreros\/#breadcrumb"},"inLanguage":"es","potentialAction":[{"@type":"ReadAction","target":["https:\/\/eljardinderosas.cl\/inicio\/tienda\/regalos\/peluches\/caja-corazon-con-12-rosas-rojas-y-8-bombones-ferreros\/"]}]},{"@type":"BreadcrumbList","@id":"https:\/\/eljardinderosas.cl\/inicio\/tienda\/regalos\/peluches\/caja-corazon-con-12-rosas-rojas-y-8-bombones-ferreros\/#breadcrumb","itemListElement":[{"@type":"ListItem","position":1,"name":"Home","item":"https:\/\/eljardinderosas.cl\/inicio\/"},{"@type":"ListItem","position":2,"name":"Tienda","item":"https:\/\/eljardinderosas.cl\/inicio\/tienda\/"},{"@type":"ListItem","position":3,"name":"Caja coraz\u00f3n con 12 rosas rojas y 8 bombones valentte"}]}]}},"_links":{"self":[{"href":"https:\/\/eljardinderosas.cl\/inicio\/wp-json\/wp\/v2\/product\/16292"}],"collection":[{"href":"https:\/\/eljardinderosas.cl\/inicio\/wp-json\/wp\/v2\/product"}],"about":[{"href":"https:\/\/eljardinderosas.cl\/inicio\/wp-json\/wp\/v2\/types\/product"}],"wp:featuredmedia":[{"embeddable":true,"href":"https:\/\/eljardinderosas.cl\/inicio\/wp-json\/wp\/v2\/media\/16294"}],"wp:attachment":[{"href":"https:\/\/eljardinderosas.cl\/inicio\/wp-json\/wp\/v2\/media?parent=16292"}],"wp:term":[{"taxonomy":"product_cat","embeddable":true,"href":"https:\/\/eljardinderosas.cl\/inicio\/wp-json\/wp\/v2\/product_cat?post=16292"},{"taxonomy":"product_tag","embeddable":true,"href":"https:\/\/eljardinderosas.cl\/inicio\/wp-json\/wp\/v2\/product_tag?post=16292"}],"curies":[{"name":"wp","href":"https:\/\/api.w.org\/{rel}","templated":true}]}}