{"id":1652,"date":"2020-11-26T00:29:14","date_gmt":"2020-11-26T03:29:14","guid":{"rendered":"https:\/\/eljardinderosas.cl\/inicio\/?post_type=product&#038;p=1652"},"modified":"2026-01-18T20:21:52","modified_gmt":"2026-01-18T23:21:52","slug":"flores-dia-de-la-secretaria-lilium-y-rosas-en-florero","status":"publish","type":"product","link":"https:\/\/eljardinderosas.cl\/inicio\/tienda\/arreglos-florales\/liliums\/flores-dia-de-la-secretaria-lilium-y-rosas-en-florero\/","title":{"rendered":"Flores dia de la secretaria lilium y rosas en florero"},"content":{"rendered":"<ul>\n<li>Emb\u00e1rcate en un viaje m\u00e1gico a trav\u00e9s de nuestros cautivadores arreglos florales compuesto por 10 bellas rosas rojas y 5 varas lilium color naranjas, cuidadosamente colocados en exquisitos floreros de vidrio. este 8 de marzo es el dia de la mujer\u00a0 es la soluci\u00f3n perfecta para aquellos que buscan un regalo listo para impresionar desde el primer instante. Perm\u00edtenos a\u00f1adir un toque de belleza y comodidad a tus obsequios, con nuestras creaciones que te transportar\u00e1n a un mundo de elegancia y encanto.<\/li>\n<\/ul>\n","protected":false},"excerpt":{"rendered":"<p>Despacho Gratis Santiago Centro, Providencia<\/p>\n","protected":false},"featured_media":14778,"template":"","meta":[],"product_cat":[94,245],"product_tag":[251,117,113],"yoast_head":"<!-- This site is optimized with the Yoast SEO Premium plugin v17.1.2 (Yoast SEO v17.3) - https:\/\/yoast.com\/wordpress\/plugins\/seo\/ -->\n<title>Flores dia de la secretaria lilium y rosas en florero - El Jardin de Rosas<\/title>\n<meta name=\"description\" content=\"D\u00eda de la Secretaria con alegr\u00eda y estilo. Un detalle fresco y elegante que transmite energ\u00eda y gratitud en esa fecha especial.\" \/>\n<meta name=\"robots\" content=\"index, follow, max-snippet:-1, max-image-preview:large, max-video-preview:-1\" \/>\n<link rel=\"canonical\" href=\"https:\/\/eljardinderosas.cl\/inicio\/tienda\/arreglos-florales\/liliums\/flores-dia-de-la-secretaria-lilium-y-rosas-en-florero\/\" \/>\n<meta property=\"og:locale\" content=\"es_ES\" \/>\n<meta property=\"og:type\" content=\"article\" \/>\n<meta property=\"og:title\" content=\"Flores dia de la secretaria lilium y rosas en florero\" \/>\n<meta property=\"og:description\" content=\"D\u00eda de la Secretaria con alegr\u00eda y estilo. Un detalle fresco y elegante que transmite energ\u00eda y gratitud en esa fecha especial.\" \/>\n<meta property=\"og:url\" content=\"https:\/\/eljardinderosas.cl\/inicio\/tienda\/arreglos-florales\/liliums\/flores-dia-de-la-secretaria-lilium-y-rosas-en-florero\/\" \/>\n<meta property=\"og:site_name\" content=\"El Jardin de Rosas\" \/>\n<meta property=\"article:modified_time\" content=\"2026-01-18T23:21:52+00:00\" \/>\n<meta property=\"og:image\" content=\"https:\/\/eljardinderosas.cl\/inicio\/wp-content\/uploads\/2020\/11\/florero-con-rosas-y-lilium.png\" \/>\n\t<meta property=\"og:image:width\" content=\"345\" \/>\n\t<meta property=\"og:image:height\" content=\"378\" \/>\n<meta name=\"twitter:card\" content=\"summary_large_image\" \/>\n<meta name=\"twitter:label1\" content=\"Tiempo de lectura\" \/>\n\t<meta name=\"twitter:data1\" content=\"1 minuto\" \/>\n<script type=\"application\/ld+json\" class=\"yoast-schema-graph\">{\"@context\":\"https:\/\/schema.org\",\"@graph\":[{\"@type\":\"Organization\",\"@id\":\"https:\/\/eljardinderosas.cl\/inicio\/#organization\",\"name\":\"El jardin de las rosas\",\"url\":\"https:\/\/eljardinderosas.cl\/inicio\/\",\"sameAs\":[\"https:\/\/www.instagram.com\/floreria_eljardinderosas\/\"],\"logo\":{\"@type\":\"ImageObject\",\"@id\":\"https:\/\/eljardinderosas.cl\/inicio\/#logo\",\"inLanguage\":\"es\",\"url\":\"https:\/\/eljardinderosas.cl\/inicio\/wp-content\/uploads\/2020\/10\/eljardinderosas-mail.png\",\"contentUrl\":\"https:\/\/eljardinderosas.cl\/inicio\/wp-content\/uploads\/2020\/10\/eljardinderosas-mail.png\",\"width\":317,\"height\":97,\"caption\":\"El jardin de las rosas\"},\"image\":{\"@id\":\"https:\/\/eljardinderosas.cl\/inicio\/#logo\"}},{\"@type\":\"WebSite\",\"@id\":\"https:\/\/eljardinderosas.cl\/inicio\/#website\",\"url\":\"https:\/\/eljardinderosas.cl\/inicio\/\",\"name\":\"Floreria El jardin de las Rosas\",\"description\":\"Flores en Santiago\",\"publisher\":{\"@id\":\"https:\/\/eljardinderosas.cl\/inicio\/#organization\"},\"potentialAction\":[{\"@type\":\"SearchAction\",\"target\":{\"@type\":\"EntryPoint\",\"urlTemplate\":\"https:\/\/eljardinderosas.cl\/inicio\/?s={search_term_string}\"},\"query-input\":\"required name=search_term_string\"}],\"inLanguage\":\"es\"},{\"@type\":\"ImageObject\",\"@id\":\"https:\/\/eljardinderosas.cl\/inicio\/tienda\/arreglos-florales\/liliums\/flores-dia-de-la-secretaria-lilium-y-rosas-en-florero\/#primaryimage\",\"inLanguage\":\"es\",\"url\":\"https:\/\/eljardinderosas.cl\/inicio\/wp-content\/uploads\/2020\/11\/florero-con-rosas-y-lilium.png\",\"contentUrl\":\"https:\/\/eljardinderosas.cl\/inicio\/wp-content\/uploads\/2020\/11\/florero-con-rosas-y-lilium.png\",\"width\":345,\"height\":378},{\"@type\":\"WebPage\",\"@id\":\"https:\/\/eljardinderosas.cl\/inicio\/tienda\/arreglos-florales\/liliums\/flores-dia-de-la-secretaria-lilium-y-rosas-en-florero\/#webpage\",\"url\":\"https:\/\/eljardinderosas.cl\/inicio\/tienda\/arreglos-florales\/liliums\/flores-dia-de-la-secretaria-lilium-y-rosas-en-florero\/\",\"name\":\"Flores dia de la secretaria lilium y rosas en florero - El Jardin de Rosas\",\"isPartOf\":{\"@id\":\"https:\/\/eljardinderosas.cl\/inicio\/#website\"},\"primaryImageOfPage\":{\"@id\":\"https:\/\/eljardinderosas.cl\/inicio\/tienda\/arreglos-florales\/liliums\/flores-dia-de-la-secretaria-lilium-y-rosas-en-florero\/#primaryimage\"},\"datePublished\":\"2020-11-26T03:29:14+00:00\",\"dateModified\":\"2026-01-18T23:21:52+00:00\",\"description\":\"D\\u00eda de la Secretaria con alegr\\u00eda y estilo. Un detalle fresco y elegante que transmite energ\\u00eda y gratitud en esa fecha especial.\",\"breadcrumb\":{\"@id\":\"https:\/\/eljardinderosas.cl\/inicio\/tienda\/arreglos-florales\/liliums\/flores-dia-de-la-secretaria-lilium-y-rosas-en-florero\/#breadcrumb\"},\"inLanguage\":\"es\",\"potentialAction\":[{\"@type\":\"ReadAction\",\"target\":[\"https:\/\/eljardinderosas.cl\/inicio\/tienda\/arreglos-florales\/liliums\/flores-dia-de-la-secretaria-lilium-y-rosas-en-florero\/\"]}]},{\"@type\":\"BreadcrumbList\",\"@id\":\"https:\/\/eljardinderosas.cl\/inicio\/tienda\/arreglos-florales\/liliums\/flores-dia-de-la-secretaria-lilium-y-rosas-en-florero\/#breadcrumb\",\"itemListElement\":[{\"@type\":\"ListItem\",\"position\":1,\"name\":\"Home\",\"item\":\"https:\/\/eljardinderosas.cl\/inicio\/\"},{\"@type\":\"ListItem\",\"position\":2,\"name\":\"Tienda\",\"item\":\"https:\/\/eljardinderosas.cl\/inicio\/tienda\/\"},{\"@type\":\"ListItem\",\"position\":3,\"name\":\"Flores dia de la secretaria lilium y rosas en florero\"}]}]}<\/script>\n<!-- \/ Yoast SEO Premium plugin. -->","yoast_head_json":{"title":"Flores dia de la secretaria lilium y rosas en florero - El Jardin de Rosas","description":"D\u00eda de la Secretaria con alegr\u00eda y estilo. Un detalle fresco y elegante que transmite energ\u00eda y gratitud en esa fecha especial.","robots":{"index":"index","follow":"follow","max-snippet":"max-snippet:-1","max-image-preview":"max-image-preview:large","max-video-preview":"max-video-preview:-1"},"canonical":"https:\/\/eljardinderosas.cl\/inicio\/tienda\/arreglos-florales\/liliums\/flores-dia-de-la-secretaria-lilium-y-rosas-en-florero\/","og_locale":"es_ES","og_type":"article","og_title":"Flores dia de la secretaria lilium y rosas en florero","og_description":"D\u00eda de la Secretaria con alegr\u00eda y estilo. Un detalle fresco y elegante que transmite energ\u00eda y gratitud en esa fecha especial.","og_url":"https:\/\/eljardinderosas.cl\/inicio\/tienda\/arreglos-florales\/liliums\/flores-dia-de-la-secretaria-lilium-y-rosas-en-florero\/","og_site_name":"El Jardin de Rosas","article_modified_time":"2026-01-18T23:21:52+00:00","og_image":[{"width":345,"height":378,"url":"https:\/\/eljardinderosas.cl\/inicio\/wp-content\/uploads\/2020\/11\/florero-con-rosas-y-lilium.png","type":"image\/png"}],"twitter_card":"summary_large_image","twitter_misc":{"Tiempo de lectura":"1 minuto"},"schema":{"@context":"https:\/\/schema.org","@graph":[{"@type":"Organization","@id":"https:\/\/eljardinderosas.cl\/inicio\/#organization","name":"El jardin de las rosas","url":"https:\/\/eljardinderosas.cl\/inicio\/","sameAs":["https:\/\/www.instagram.com\/floreria_eljardinderosas\/"],"logo":{"@type":"ImageObject","@id":"https:\/\/eljardinderosas.cl\/inicio\/#logo","inLanguage":"es","url":"https:\/\/eljardinderosas.cl\/inicio\/wp-content\/uploads\/2020\/10\/eljardinderosas-mail.png","contentUrl":"https:\/\/eljardinderosas.cl\/inicio\/wp-content\/uploads\/2020\/10\/eljardinderosas-mail.png","width":317,"height":97,"caption":"El jardin de las rosas"},"image":{"@id":"https:\/\/eljardinderosas.cl\/inicio\/#logo"}},{"@type":"WebSite","@id":"https:\/\/eljardinderosas.cl\/inicio\/#website","url":"https:\/\/eljardinderosas.cl\/inicio\/","name":"Floreria El jardin de las Rosas","description":"Flores en Santiago","publisher":{"@id":"https:\/\/eljardinderosas.cl\/inicio\/#organization"},"potentialAction":[{"@type":"SearchAction","target":{"@type":"EntryPoint","urlTemplate":"https:\/\/eljardinderosas.cl\/inicio\/?s={search_term_string}"},"query-input":"required name=search_term_string"}],"inLanguage":"es"},{"@type":"ImageObject","@id":"https:\/\/eljardinderosas.cl\/inicio\/tienda\/arreglos-florales\/liliums\/flores-dia-de-la-secretaria-lilium-y-rosas-en-florero\/#primaryimage","inLanguage":"es","url":"https:\/\/eljardinderosas.cl\/inicio\/wp-content\/uploads\/2020\/11\/florero-con-rosas-y-lilium.png","contentUrl":"https:\/\/eljardinderosas.cl\/inicio\/wp-content\/uploads\/2020\/11\/florero-con-rosas-y-lilium.png","width":345,"height":378},{"@type":"WebPage","@id":"https:\/\/eljardinderosas.cl\/inicio\/tienda\/arreglos-florales\/liliums\/flores-dia-de-la-secretaria-lilium-y-rosas-en-florero\/#webpage","url":"https:\/\/eljardinderosas.cl\/inicio\/tienda\/arreglos-florales\/liliums\/flores-dia-de-la-secretaria-lilium-y-rosas-en-florero\/","name":"Flores dia de la secretaria lilium y rosas en florero - El Jardin de Rosas","isPartOf":{"@id":"https:\/\/eljardinderosas.cl\/inicio\/#website"},"primaryImageOfPage":{"@id":"https:\/\/eljardinderosas.cl\/inicio\/tienda\/arreglos-florales\/liliums\/flores-dia-de-la-secretaria-lilium-y-rosas-en-florero\/#primaryimage"},"datePublished":"2020-11-26T03:29:14+00:00","dateModified":"2026-01-18T23:21:52+00:00","description":"D\u00eda de la Secretaria con alegr\u00eda y estilo. Un detalle fresco y elegante que transmite energ\u00eda y gratitud en esa fecha especial.","breadcrumb":{"@id":"https:\/\/eljardinderosas.cl\/inicio\/tienda\/arreglos-florales\/liliums\/flores-dia-de-la-secretaria-lilium-y-rosas-en-florero\/#breadcrumb"},"inLanguage":"es","potentialAction":[{"@type":"ReadAction","target":["https:\/\/eljardinderosas.cl\/inicio\/tienda\/arreglos-florales\/liliums\/flores-dia-de-la-secretaria-lilium-y-rosas-en-florero\/"]}]},{"@type":"BreadcrumbList","@id":"https:\/\/eljardinderosas.cl\/inicio\/tienda\/arreglos-florales\/liliums\/flores-dia-de-la-secretaria-lilium-y-rosas-en-florero\/#breadcrumb","itemListElement":[{"@type":"ListItem","position":1,"name":"Home","item":"https:\/\/eljardinderosas.cl\/inicio\/"},{"@type":"ListItem","position":2,"name":"Tienda","item":"https:\/\/eljardinderosas.cl\/inicio\/tienda\/"},{"@type":"ListItem","position":3,"name":"Flores dia de la secretaria lilium y rosas en florero"}]}]}},"_links":{"self":[{"href":"https:\/\/eljardinderosas.cl\/inicio\/wp-json\/wp\/v2\/product\/1652"}],"collection":[{"href":"https:\/\/eljardinderosas.cl\/inicio\/wp-json\/wp\/v2\/product"}],"about":[{"href":"https:\/\/eljardinderosas.cl\/inicio\/wp-json\/wp\/v2\/types\/product"}],"wp:featuredmedia":[{"embeddable":true,"href":"https:\/\/eljardinderosas.cl\/inicio\/wp-json\/wp\/v2\/media\/14778"}],"wp:attachment":[{"href":"https:\/\/eljardinderosas.cl\/inicio\/wp-json\/wp\/v2\/media?parent=1652"}],"wp:term":[{"taxonomy":"product_cat","embeddable":true,"href":"https:\/\/eljardinderosas.cl\/inicio\/wp-json\/wp\/v2\/product_cat?post=1652"},{"taxonomy":"product_tag","embeddable":true,"href":"https:\/\/eljardinderosas.cl\/inicio\/wp-json\/wp\/v2\/product_tag?post=1652"}],"curies":[{"name":"wp","href":"https:\/\/api.w.org\/{rel}","templated":true}]}}