{"id":16712,"date":"2024-01-27T15:43:02","date_gmt":"2024-01-27T18:43:02","guid":{"rendered":"https:\/\/eljardinderosas.cl\/inicio\/?post_type=product&#038;p=16712"},"modified":"2026-03-23T18:21:52","modified_gmt":"2026-03-23T21:21:52","slug":"ramo-con-12-rosas-rojas-peluche-y-bombones-ferrero-roche","status":"publish","type":"product","link":"https:\/\/eljardinderosas.cl\/inicio\/tienda\/a-ramos-con-rosas\/ramo-con-12-rosas-rojas-peluche-y-bombones-ferrero-roche\/","title":{"rendered":"Ramo con 12 rosas rojas peluche y bombones ferrero roche"},"content":{"rendered":"<p>Precioso ramo circular con 12 rosas ecuatorianas de color rojo, de tallo largo, envueltas en un delicado papel y con un hermoso mo\u00f1o de cinta de raso acompa\u00f1ado, la pasi\u00f3n y el amor profundo. incluye tierno peluche que expresa el amor. Adem\u00e1s, el toque final lo pone el chocolate Ferrero Rocher de 100 gramos, con su inconfundible textura crujiente y relleno delicioso. \u00a1El regalo perfecto para expresar todo tu amor por la persona especial que va recibir este hermoso detalle que estamos seguro que dejaran huellas en su coraz\u00f3n ,incluye una linda tarjeta para expresar todo tu amor..<\/p>\n","protected":false},"excerpt":{"rendered":"<p>Este 14 de febrero , Piensa en la sonrisa en el rostro de tu ser amado al recibir este incre\u00edble ramo de rosas rojas, peluche y bombones es un deleite de emociones \u00a1No esperes m\u00e1s y haz tu pedido ahora mismo!\u00a0 Te garantizamos que este dejar\u00e1 huella en el corazon de la persona que reciba.<\/p>\n","protected":false},"featured_media":19879,"template":"","meta":[],"product_cat":[96,69,93,264],"product_tag":[],"yoast_head":"<!-- This site is optimized with the Yoast SEO Premium plugin v17.1.2 (Yoast SEO v17.3) - https:\/\/yoast.com\/wordpress\/plugins\/seo\/ -->\n<title>Ramo con 12 rosas rojas peluche y bombones ferrero roche - El Jardin de Rosas<\/title>\n<meta name=\"robots\" content=\"index, follow, max-snippet:-1, max-image-preview:large, max-video-preview:-1\" \/>\n<link rel=\"canonical\" href=\"https:\/\/eljardinderosas.cl\/inicio\/tienda\/a-ramos-con-rosas\/ramo-con-12-rosas-rojas-peluche-y-bombones-ferrero-roche\/\" \/>\n<meta property=\"og:locale\" content=\"es_ES\" \/>\n<meta property=\"og:type\" content=\"article\" \/>\n<meta property=\"og:title\" content=\"Ramo con 12 rosas rojas peluche y bombones ferrero roche\" \/>\n<meta property=\"og:description\" content=\"Este 14 de febrero , Piensa en la sonrisa en el rostro de tu ser amado al recibir este incre\u00edble ramo de rosas rojas, peluche y bombones es un deleite de emociones \u00a1No esperes m\u00e1s y haz tu pedido ahora mismo!\u00a0 Te garantizamos que este dejar\u00e1 huella en el corazon de la persona que reciba.\" \/>\n<meta property=\"og:url\" content=\"https:\/\/eljardinderosas.cl\/inicio\/tienda\/a-ramos-con-rosas\/ramo-con-12-rosas-rojas-peluche-y-bombones-ferrero-roche\/\" \/>\n<meta property=\"og:site_name\" content=\"El Jardin de Rosas\" \/>\n<meta property=\"article:modified_time\" content=\"2026-03-23T21:21:52+00:00\" \/>\n<meta property=\"og:image\" content=\"https:\/\/eljardinderosas.cl\/inicio\/wp-content\/uploads\/2024\/01\/PACK-ENAMORADO-RAMO-10-ROSAS-PELUCHE-BOMBONES-Y-GLOBO.jpg\" \/>\n\t<meta property=\"og:image:width\" content=\"1024\" \/>\n\t<meta property=\"og:image:height\" content=\"1024\" \/>\n<meta name=\"twitter:card\" content=\"summary_large_image\" \/>\n<meta name=\"twitter:label1\" content=\"Tiempo de lectura\" \/>\n\t<meta name=\"twitter:data1\" content=\"1 minuto\" \/>\n<script type=\"application\/ld+json\" class=\"yoast-schema-graph\">{\"@context\":\"https:\/\/schema.org\",\"@graph\":[{\"@type\":\"Organization\",\"@id\":\"https:\/\/eljardinderosas.cl\/inicio\/#organization\",\"name\":\"El jardin de las rosas\",\"url\":\"https:\/\/eljardinderosas.cl\/inicio\/\",\"sameAs\":[\"https:\/\/www.instagram.com\/floreria_eljardinderosas\/\"],\"logo\":{\"@type\":\"ImageObject\",\"@id\":\"https:\/\/eljardinderosas.cl\/inicio\/#logo\",\"inLanguage\":\"es\",\"url\":\"https:\/\/eljardinderosas.cl\/inicio\/wp-content\/uploads\/2020\/10\/eljardinderosas-mail.png\",\"contentUrl\":\"https:\/\/eljardinderosas.cl\/inicio\/wp-content\/uploads\/2020\/10\/eljardinderosas-mail.png\",\"width\":317,\"height\":97,\"caption\":\"El jardin de las rosas\"},\"image\":{\"@id\":\"https:\/\/eljardinderosas.cl\/inicio\/#logo\"}},{\"@type\":\"WebSite\",\"@id\":\"https:\/\/eljardinderosas.cl\/inicio\/#website\",\"url\":\"https:\/\/eljardinderosas.cl\/inicio\/\",\"name\":\"Floreria El jardin de las Rosas\",\"description\":\"Flores en Santiago\",\"publisher\":{\"@id\":\"https:\/\/eljardinderosas.cl\/inicio\/#organization\"},\"potentialAction\":[{\"@type\":\"SearchAction\",\"target\":{\"@type\":\"EntryPoint\",\"urlTemplate\":\"https:\/\/eljardinderosas.cl\/inicio\/?s={search_term_string}\"},\"query-input\":\"required name=search_term_string\"}],\"inLanguage\":\"es\"},{\"@type\":\"ImageObject\",\"@id\":\"https:\/\/eljardinderosas.cl\/inicio\/tienda\/a-ramos-con-rosas\/ramo-con-12-rosas-rojas-peluche-y-bombones-ferrero-roche\/#primaryimage\",\"inLanguage\":\"es\",\"url\":\"https:\/\/eljardinderosas.cl\/inicio\/wp-content\/uploads\/2024\/01\/PACK-ENAMORADO-RAMO-10-ROSAS-PELUCHE-BOMBONES-Y-GLOBO.jpg\",\"contentUrl\":\"https:\/\/eljardinderosas.cl\/inicio\/wp-content\/uploads\/2024\/01\/PACK-ENAMORADO-RAMO-10-ROSAS-PELUCHE-BOMBONES-Y-GLOBO.jpg\",\"width\":1024,\"height\":1024},{\"@type\":\"WebPage\",\"@id\":\"https:\/\/eljardinderosas.cl\/inicio\/tienda\/a-ramos-con-rosas\/ramo-con-12-rosas-rojas-peluche-y-bombones-ferrero-roche\/#webpage\",\"url\":\"https:\/\/eljardinderosas.cl\/inicio\/tienda\/a-ramos-con-rosas\/ramo-con-12-rosas-rojas-peluche-y-bombones-ferrero-roche\/\",\"name\":\"Ramo con 12 rosas rojas peluche y bombones ferrero roche - El Jardin de Rosas\",\"isPartOf\":{\"@id\":\"https:\/\/eljardinderosas.cl\/inicio\/#website\"},\"primaryImageOfPage\":{\"@id\":\"https:\/\/eljardinderosas.cl\/inicio\/tienda\/a-ramos-con-rosas\/ramo-con-12-rosas-rojas-peluche-y-bombones-ferrero-roche\/#primaryimage\"},\"datePublished\":\"2024-01-27T18:43:02+00:00\",\"dateModified\":\"2026-03-23T21:21:52+00:00\",\"breadcrumb\":{\"@id\":\"https:\/\/eljardinderosas.cl\/inicio\/tienda\/a-ramos-con-rosas\/ramo-con-12-rosas-rojas-peluche-y-bombones-ferrero-roche\/#breadcrumb\"},\"inLanguage\":\"es\",\"potentialAction\":[{\"@type\":\"ReadAction\",\"target\":[\"https:\/\/eljardinderosas.cl\/inicio\/tienda\/a-ramos-con-rosas\/ramo-con-12-rosas-rojas-peluche-y-bombones-ferrero-roche\/\"]}]},{\"@type\":\"BreadcrumbList\",\"@id\":\"https:\/\/eljardinderosas.cl\/inicio\/tienda\/a-ramos-con-rosas\/ramo-con-12-rosas-rojas-peluche-y-bombones-ferrero-roche\/#breadcrumb\",\"itemListElement\":[{\"@type\":\"ListItem\",\"position\":1,\"name\":\"Home\",\"item\":\"https:\/\/eljardinderosas.cl\/inicio\/\"},{\"@type\":\"ListItem\",\"position\":2,\"name\":\"Tienda\",\"item\":\"https:\/\/eljardinderosas.cl\/inicio\/tienda\/\"},{\"@type\":\"ListItem\",\"position\":3,\"name\":\"Ramo con 12 rosas rojas peluche y bombones ferrero roche\"}]}]}<\/script>\n<!-- \/ Yoast SEO Premium plugin. -->","yoast_head_json":{"title":"Ramo con 12 rosas rojas peluche y bombones ferrero roche - El Jardin de Rosas","robots":{"index":"index","follow":"follow","max-snippet":"max-snippet:-1","max-image-preview":"max-image-preview:large","max-video-preview":"max-video-preview:-1"},"canonical":"https:\/\/eljardinderosas.cl\/inicio\/tienda\/a-ramos-con-rosas\/ramo-con-12-rosas-rojas-peluche-y-bombones-ferrero-roche\/","og_locale":"es_ES","og_type":"article","og_title":"Ramo con 12 rosas rojas peluche y bombones ferrero roche","og_description":"Este 14 de febrero , Piensa en la sonrisa en el rostro de tu ser amado al recibir este incre\u00edble ramo de rosas rojas, peluche y bombones es un deleite de emociones \u00a1No esperes m\u00e1s y haz tu pedido ahora mismo!\u00a0 Te garantizamos que este dejar\u00e1 huella en el corazon de la persona que reciba.","og_url":"https:\/\/eljardinderosas.cl\/inicio\/tienda\/a-ramos-con-rosas\/ramo-con-12-rosas-rojas-peluche-y-bombones-ferrero-roche\/","og_site_name":"El Jardin de Rosas","article_modified_time":"2026-03-23T21:21:52+00:00","og_image":[{"width":1024,"height":1024,"url":"https:\/\/eljardinderosas.cl\/inicio\/wp-content\/uploads\/2024\/01\/PACK-ENAMORADO-RAMO-10-ROSAS-PELUCHE-BOMBONES-Y-GLOBO.jpg","type":"image\/jpeg"}],"twitter_card":"summary_large_image","twitter_misc":{"Tiempo de lectura":"1 minuto"},"schema":{"@context":"https:\/\/schema.org","@graph":[{"@type":"Organization","@id":"https:\/\/eljardinderosas.cl\/inicio\/#organization","name":"El jardin de las rosas","url":"https:\/\/eljardinderosas.cl\/inicio\/","sameAs":["https:\/\/www.instagram.com\/floreria_eljardinderosas\/"],"logo":{"@type":"ImageObject","@id":"https:\/\/eljardinderosas.cl\/inicio\/#logo","inLanguage":"es","url":"https:\/\/eljardinderosas.cl\/inicio\/wp-content\/uploads\/2020\/10\/eljardinderosas-mail.png","contentUrl":"https:\/\/eljardinderosas.cl\/inicio\/wp-content\/uploads\/2020\/10\/eljardinderosas-mail.png","width":317,"height":97,"caption":"El jardin de las rosas"},"image":{"@id":"https:\/\/eljardinderosas.cl\/inicio\/#logo"}},{"@type":"WebSite","@id":"https:\/\/eljardinderosas.cl\/inicio\/#website","url":"https:\/\/eljardinderosas.cl\/inicio\/","name":"Floreria El jardin de las Rosas","description":"Flores en Santiago","publisher":{"@id":"https:\/\/eljardinderosas.cl\/inicio\/#organization"},"potentialAction":[{"@type":"SearchAction","target":{"@type":"EntryPoint","urlTemplate":"https:\/\/eljardinderosas.cl\/inicio\/?s={search_term_string}"},"query-input":"required name=search_term_string"}],"inLanguage":"es"},{"@type":"ImageObject","@id":"https:\/\/eljardinderosas.cl\/inicio\/tienda\/a-ramos-con-rosas\/ramo-con-12-rosas-rojas-peluche-y-bombones-ferrero-roche\/#primaryimage","inLanguage":"es","url":"https:\/\/eljardinderosas.cl\/inicio\/wp-content\/uploads\/2024\/01\/PACK-ENAMORADO-RAMO-10-ROSAS-PELUCHE-BOMBONES-Y-GLOBO.jpg","contentUrl":"https:\/\/eljardinderosas.cl\/inicio\/wp-content\/uploads\/2024\/01\/PACK-ENAMORADO-RAMO-10-ROSAS-PELUCHE-BOMBONES-Y-GLOBO.jpg","width":1024,"height":1024},{"@type":"WebPage","@id":"https:\/\/eljardinderosas.cl\/inicio\/tienda\/a-ramos-con-rosas\/ramo-con-12-rosas-rojas-peluche-y-bombones-ferrero-roche\/#webpage","url":"https:\/\/eljardinderosas.cl\/inicio\/tienda\/a-ramos-con-rosas\/ramo-con-12-rosas-rojas-peluche-y-bombones-ferrero-roche\/","name":"Ramo con 12 rosas rojas peluche y bombones ferrero roche - El Jardin de Rosas","isPartOf":{"@id":"https:\/\/eljardinderosas.cl\/inicio\/#website"},"primaryImageOfPage":{"@id":"https:\/\/eljardinderosas.cl\/inicio\/tienda\/a-ramos-con-rosas\/ramo-con-12-rosas-rojas-peluche-y-bombones-ferrero-roche\/#primaryimage"},"datePublished":"2024-01-27T18:43:02+00:00","dateModified":"2026-03-23T21:21:52+00:00","breadcrumb":{"@id":"https:\/\/eljardinderosas.cl\/inicio\/tienda\/a-ramos-con-rosas\/ramo-con-12-rosas-rojas-peluche-y-bombones-ferrero-roche\/#breadcrumb"},"inLanguage":"es","potentialAction":[{"@type":"ReadAction","target":["https:\/\/eljardinderosas.cl\/inicio\/tienda\/a-ramos-con-rosas\/ramo-con-12-rosas-rojas-peluche-y-bombones-ferrero-roche\/"]}]},{"@type":"BreadcrumbList","@id":"https:\/\/eljardinderosas.cl\/inicio\/tienda\/a-ramos-con-rosas\/ramo-con-12-rosas-rojas-peluche-y-bombones-ferrero-roche\/#breadcrumb","itemListElement":[{"@type":"ListItem","position":1,"name":"Home","item":"https:\/\/eljardinderosas.cl\/inicio\/"},{"@type":"ListItem","position":2,"name":"Tienda","item":"https:\/\/eljardinderosas.cl\/inicio\/tienda\/"},{"@type":"ListItem","position":3,"name":"Ramo con 12 rosas rojas peluche y bombones ferrero roche"}]}]}},"_links":{"self":[{"href":"https:\/\/eljardinderosas.cl\/inicio\/wp-json\/wp\/v2\/product\/16712"}],"collection":[{"href":"https:\/\/eljardinderosas.cl\/inicio\/wp-json\/wp\/v2\/product"}],"about":[{"href":"https:\/\/eljardinderosas.cl\/inicio\/wp-json\/wp\/v2\/types\/product"}],"wp:featuredmedia":[{"embeddable":true,"href":"https:\/\/eljardinderosas.cl\/inicio\/wp-json\/wp\/v2\/media\/19879"}],"wp:attachment":[{"href":"https:\/\/eljardinderosas.cl\/inicio\/wp-json\/wp\/v2\/media?parent=16712"}],"wp:term":[{"taxonomy":"product_cat","embeddable":true,"href":"https:\/\/eljardinderosas.cl\/inicio\/wp-json\/wp\/v2\/product_cat?post=16712"},{"taxonomy":"product_tag","embeddable":true,"href":"https:\/\/eljardinderosas.cl\/inicio\/wp-json\/wp\/v2\/product_tag?post=16712"}],"curies":[{"name":"wp","href":"https:\/\/api.w.org\/{rel}","templated":true}]}}