{"id":16853,"date":"2024-02-08T18:56:10","date_gmt":"2024-02-08T21:56:10","guid":{"rendered":"https:\/\/eljardinderosas.cl\/inicio\/?post_type=product&#038;p=16853"},"modified":"2025-09-16T11:03:19","modified_gmt":"2025-09-16T14:03:19","slug":"ramo-con-10-girasoles-mas-bombones-ferrero-rocher","status":"publish","type":"product","link":"https:\/\/eljardinderosas.cl\/inicio\/tienda\/arreglos-florales\/girasoles-importados\/ramo-con-10-girasoles-mas-bombones-ferrero-rocher\/","title":{"rendered":"Ramo con 10 Girasoles m\u00e1s Bombones Ferrero Rocher"},"content":{"rendered":"<ul>\n<li>Ramo con 10 bellos girasoles importados acompa\u00f1ados por finos bombones ferrero rocher<\/li>\n<li>Confeccionado\u00a0 por\u00a0 un envoltorio circular con papel\u00a0 negro que es un toque elegante y sofisticado para cualquier regalo. La cinta de raso en tono con las flores es un toque adicional que hace que el paquete sea a\u00fan m\u00e1s especial. La cinta se enrolla en un roset\u00f3n alrededor del ramo\u00a0 para dar un toque extra de elegancia\u00a1El regalo perfecto para expresar tu amor y hacer feliz a esa persona especial! .No esperes m\u00e1s y haz tu pedido ahora mismo! Sorprende a tu ser amado.<\/li>\n<li>Adem\u00e1s, viene acompa\u00f1ado de una hermosa tarjeta donde podr\u00e1s expresar tus sentimientos de amor de una manera \u00fanica.<\/li>\n<\/ul>\n","protected":false},"excerpt":{"rendered":"<p>Ramo con 10 bellos girasoles importados acompa\u00f1ados por finos bombones ferrero rocher Confeccionado\u00a0 por\u00a0 un envoltorio circular con papel\u00a0 negro que es un toque elegante y sofisticado para cualquier regalo. La cinta de raso en tono con las flores es un toque adicional que hace que el paquete sea a\u00fan m\u00e1s especial. La cinta se [&#8230;]\n","protected":false},"featured_media":16856,"template":"","meta":[],"product_cat":[96,93,79,181,127],"product_tag":[],"yoast_head":"<!-- This site is optimized with the Yoast SEO Premium plugin v17.1.2 (Yoast SEO v17.3) - https:\/\/yoast.com\/wordpress\/plugins\/seo\/ -->\n<title>Ramo con 10 Girasoles m\u00e1s Bombones Ferrero Rocher - El Jardin de Rosas<\/title>\n<meta name=\"robots\" content=\"index, follow, max-snippet:-1, max-image-preview:large, max-video-preview:-1\" \/>\n<link rel=\"canonical\" href=\"https:\/\/eljardinderosas.cl\/inicio\/tienda\/arreglos-florales\/girasoles-importados\/ramo-con-10-girasoles-mas-bombones-ferrero-rocher\/\" \/>\n<meta property=\"og:locale\" content=\"es_ES\" \/>\n<meta property=\"og:type\" content=\"article\" \/>\n<meta property=\"og:title\" content=\"Ramo con 10 Girasoles m\u00e1s Bombones Ferrero Rocher\" \/>\n<meta property=\"og:description\" content=\"Ramo con 10 bellos girasoles importados acompa\u00f1ados por finos bombones ferrero rocher Confeccionado\u00a0 por\u00a0 un envoltorio circular con papel\u00a0 negro que es un toque elegante y sofisticado para cualquier regalo. La cinta de raso en tono con las flores es un toque adicional que hace que el paquete sea a\u00fan m\u00e1s especial. La cinta se [...]\" \/>\n<meta property=\"og:url\" content=\"https:\/\/eljardinderosas.cl\/inicio\/tienda\/arreglos-florales\/girasoles-importados\/ramo-con-10-girasoles-mas-bombones-ferrero-rocher\/\" \/>\n<meta property=\"og:site_name\" content=\"El Jardin de Rosas\" \/>\n<meta property=\"article:modified_time\" content=\"2025-09-16T14:03:19+00:00\" \/>\n<meta property=\"og:image\" content=\"https:\/\/eljardinderosas.cl\/inicio\/wp-content\/uploads\/2024\/02\/GIRASOLES-Y-BOMBONES.jpg\" \/>\n\t<meta property=\"og:image:width\" content=\"363\" \/>\n\t<meta property=\"og:image:height\" content=\"413\" \/>\n<meta name=\"twitter:card\" content=\"summary_large_image\" \/>\n<meta name=\"twitter:label1\" content=\"Tiempo de lectura\" \/>\n\t<meta name=\"twitter:data1\" content=\"1 minuto\" \/>\n<script type=\"application\/ld+json\" class=\"yoast-schema-graph\">{\"@context\":\"https:\/\/schema.org\",\"@graph\":[{\"@type\":\"Organization\",\"@id\":\"https:\/\/eljardinderosas.cl\/inicio\/#organization\",\"name\":\"El jardin de las rosas\",\"url\":\"https:\/\/eljardinderosas.cl\/inicio\/\",\"sameAs\":[\"https:\/\/www.instagram.com\/floreria_eljardinderosas\/\"],\"logo\":{\"@type\":\"ImageObject\",\"@id\":\"https:\/\/eljardinderosas.cl\/inicio\/#logo\",\"inLanguage\":\"es\",\"url\":\"https:\/\/eljardinderosas.cl\/inicio\/wp-content\/uploads\/2020\/10\/eljardinderosas-mail.png\",\"contentUrl\":\"https:\/\/eljardinderosas.cl\/inicio\/wp-content\/uploads\/2020\/10\/eljardinderosas-mail.png\",\"width\":317,\"height\":97,\"caption\":\"El jardin de las rosas\"},\"image\":{\"@id\":\"https:\/\/eljardinderosas.cl\/inicio\/#logo\"}},{\"@type\":\"WebSite\",\"@id\":\"https:\/\/eljardinderosas.cl\/inicio\/#website\",\"url\":\"https:\/\/eljardinderosas.cl\/inicio\/\",\"name\":\"Floreria El jardin de las Rosas\",\"description\":\"Flores en Santiago\",\"publisher\":{\"@id\":\"https:\/\/eljardinderosas.cl\/inicio\/#organization\"},\"potentialAction\":[{\"@type\":\"SearchAction\",\"target\":{\"@type\":\"EntryPoint\",\"urlTemplate\":\"https:\/\/eljardinderosas.cl\/inicio\/?s={search_term_string}\"},\"query-input\":\"required name=search_term_string\"}],\"inLanguage\":\"es\"},{\"@type\":\"ImageObject\",\"@id\":\"https:\/\/eljardinderosas.cl\/inicio\/tienda\/arreglos-florales\/girasoles-importados\/ramo-con-10-girasoles-mas-bombones-ferrero-rocher\/#primaryimage\",\"inLanguage\":\"es\",\"url\":\"https:\/\/eljardinderosas.cl\/inicio\/wp-content\/uploads\/2024\/02\/GIRASOLES-Y-BOMBONES.jpg\",\"contentUrl\":\"https:\/\/eljardinderosas.cl\/inicio\/wp-content\/uploads\/2024\/02\/GIRASOLES-Y-BOMBONES.jpg\",\"width\":363,\"height\":413},{\"@type\":\"WebPage\",\"@id\":\"https:\/\/eljardinderosas.cl\/inicio\/tienda\/arreglos-florales\/girasoles-importados\/ramo-con-10-girasoles-mas-bombones-ferrero-rocher\/#webpage\",\"url\":\"https:\/\/eljardinderosas.cl\/inicio\/tienda\/arreglos-florales\/girasoles-importados\/ramo-con-10-girasoles-mas-bombones-ferrero-rocher\/\",\"name\":\"Ramo con 10 Girasoles m\\u00e1s Bombones Ferrero Rocher - El Jardin de Rosas\",\"isPartOf\":{\"@id\":\"https:\/\/eljardinderosas.cl\/inicio\/#website\"},\"primaryImageOfPage\":{\"@id\":\"https:\/\/eljardinderosas.cl\/inicio\/tienda\/arreglos-florales\/girasoles-importados\/ramo-con-10-girasoles-mas-bombones-ferrero-rocher\/#primaryimage\"},\"datePublished\":\"2024-02-08T21:56:10+00:00\",\"dateModified\":\"2025-09-16T14:03:19+00:00\",\"breadcrumb\":{\"@id\":\"https:\/\/eljardinderosas.cl\/inicio\/tienda\/arreglos-florales\/girasoles-importados\/ramo-con-10-girasoles-mas-bombones-ferrero-rocher\/#breadcrumb\"},\"inLanguage\":\"es\",\"potentialAction\":[{\"@type\":\"ReadAction\",\"target\":[\"https:\/\/eljardinderosas.cl\/inicio\/tienda\/arreglos-florales\/girasoles-importados\/ramo-con-10-girasoles-mas-bombones-ferrero-rocher\/\"]}]},{\"@type\":\"BreadcrumbList\",\"@id\":\"https:\/\/eljardinderosas.cl\/inicio\/tienda\/arreglos-florales\/girasoles-importados\/ramo-con-10-girasoles-mas-bombones-ferrero-rocher\/#breadcrumb\",\"itemListElement\":[{\"@type\":\"ListItem\",\"position\":1,\"name\":\"Home\",\"item\":\"https:\/\/eljardinderosas.cl\/inicio\/\"},{\"@type\":\"ListItem\",\"position\":2,\"name\":\"Tienda\",\"item\":\"https:\/\/eljardinderosas.cl\/inicio\/tienda\/\"},{\"@type\":\"ListItem\",\"position\":3,\"name\":\"Ramo con 10 Girasoles m\\u00e1s Bombones Ferrero Rocher\"}]}]}<\/script>\n<!-- \/ Yoast SEO Premium plugin. -->","yoast_head_json":{"title":"Ramo con 10 Girasoles m\u00e1s Bombones Ferrero Rocher - El Jardin de Rosas","robots":{"index":"index","follow":"follow","max-snippet":"max-snippet:-1","max-image-preview":"max-image-preview:large","max-video-preview":"max-video-preview:-1"},"canonical":"https:\/\/eljardinderosas.cl\/inicio\/tienda\/arreglos-florales\/girasoles-importados\/ramo-con-10-girasoles-mas-bombones-ferrero-rocher\/","og_locale":"es_ES","og_type":"article","og_title":"Ramo con 10 Girasoles m\u00e1s Bombones Ferrero Rocher","og_description":"Ramo con 10 bellos girasoles importados acompa\u00f1ados por finos bombones ferrero rocher Confeccionado\u00a0 por\u00a0 un envoltorio circular con papel\u00a0 negro que es un toque elegante y sofisticado para cualquier regalo. La cinta de raso en tono con las flores es un toque adicional que hace que el paquete sea a\u00fan m\u00e1s especial. La cinta se [...]","og_url":"https:\/\/eljardinderosas.cl\/inicio\/tienda\/arreglos-florales\/girasoles-importados\/ramo-con-10-girasoles-mas-bombones-ferrero-rocher\/","og_site_name":"El Jardin de Rosas","article_modified_time":"2025-09-16T14:03:19+00:00","og_image":[{"width":363,"height":413,"url":"https:\/\/eljardinderosas.cl\/inicio\/wp-content\/uploads\/2024\/02\/GIRASOLES-Y-BOMBONES.jpg","type":"image\/jpeg"}],"twitter_card":"summary_large_image","twitter_misc":{"Tiempo de lectura":"1 minuto"},"schema":{"@context":"https:\/\/schema.org","@graph":[{"@type":"Organization","@id":"https:\/\/eljardinderosas.cl\/inicio\/#organization","name":"El jardin de las rosas","url":"https:\/\/eljardinderosas.cl\/inicio\/","sameAs":["https:\/\/www.instagram.com\/floreria_eljardinderosas\/"],"logo":{"@type":"ImageObject","@id":"https:\/\/eljardinderosas.cl\/inicio\/#logo","inLanguage":"es","url":"https:\/\/eljardinderosas.cl\/inicio\/wp-content\/uploads\/2020\/10\/eljardinderosas-mail.png","contentUrl":"https:\/\/eljardinderosas.cl\/inicio\/wp-content\/uploads\/2020\/10\/eljardinderosas-mail.png","width":317,"height":97,"caption":"El jardin de las rosas"},"image":{"@id":"https:\/\/eljardinderosas.cl\/inicio\/#logo"}},{"@type":"WebSite","@id":"https:\/\/eljardinderosas.cl\/inicio\/#website","url":"https:\/\/eljardinderosas.cl\/inicio\/","name":"Floreria El jardin de las Rosas","description":"Flores en Santiago","publisher":{"@id":"https:\/\/eljardinderosas.cl\/inicio\/#organization"},"potentialAction":[{"@type":"SearchAction","target":{"@type":"EntryPoint","urlTemplate":"https:\/\/eljardinderosas.cl\/inicio\/?s={search_term_string}"},"query-input":"required name=search_term_string"}],"inLanguage":"es"},{"@type":"ImageObject","@id":"https:\/\/eljardinderosas.cl\/inicio\/tienda\/arreglos-florales\/girasoles-importados\/ramo-con-10-girasoles-mas-bombones-ferrero-rocher\/#primaryimage","inLanguage":"es","url":"https:\/\/eljardinderosas.cl\/inicio\/wp-content\/uploads\/2024\/02\/GIRASOLES-Y-BOMBONES.jpg","contentUrl":"https:\/\/eljardinderosas.cl\/inicio\/wp-content\/uploads\/2024\/02\/GIRASOLES-Y-BOMBONES.jpg","width":363,"height":413},{"@type":"WebPage","@id":"https:\/\/eljardinderosas.cl\/inicio\/tienda\/arreglos-florales\/girasoles-importados\/ramo-con-10-girasoles-mas-bombones-ferrero-rocher\/#webpage","url":"https:\/\/eljardinderosas.cl\/inicio\/tienda\/arreglos-florales\/girasoles-importados\/ramo-con-10-girasoles-mas-bombones-ferrero-rocher\/","name":"Ramo con 10 Girasoles m\u00e1s Bombones Ferrero Rocher - El Jardin de Rosas","isPartOf":{"@id":"https:\/\/eljardinderosas.cl\/inicio\/#website"},"primaryImageOfPage":{"@id":"https:\/\/eljardinderosas.cl\/inicio\/tienda\/arreglos-florales\/girasoles-importados\/ramo-con-10-girasoles-mas-bombones-ferrero-rocher\/#primaryimage"},"datePublished":"2024-02-08T21:56:10+00:00","dateModified":"2025-09-16T14:03:19+00:00","breadcrumb":{"@id":"https:\/\/eljardinderosas.cl\/inicio\/tienda\/arreglos-florales\/girasoles-importados\/ramo-con-10-girasoles-mas-bombones-ferrero-rocher\/#breadcrumb"},"inLanguage":"es","potentialAction":[{"@type":"ReadAction","target":["https:\/\/eljardinderosas.cl\/inicio\/tienda\/arreglos-florales\/girasoles-importados\/ramo-con-10-girasoles-mas-bombones-ferrero-rocher\/"]}]},{"@type":"BreadcrumbList","@id":"https:\/\/eljardinderosas.cl\/inicio\/tienda\/arreglos-florales\/girasoles-importados\/ramo-con-10-girasoles-mas-bombones-ferrero-rocher\/#breadcrumb","itemListElement":[{"@type":"ListItem","position":1,"name":"Home","item":"https:\/\/eljardinderosas.cl\/inicio\/"},{"@type":"ListItem","position":2,"name":"Tienda","item":"https:\/\/eljardinderosas.cl\/inicio\/tienda\/"},{"@type":"ListItem","position":3,"name":"Ramo con 10 Girasoles m\u00e1s Bombones Ferrero Rocher"}]}]}},"_links":{"self":[{"href":"https:\/\/eljardinderosas.cl\/inicio\/wp-json\/wp\/v2\/product\/16853"}],"collection":[{"href":"https:\/\/eljardinderosas.cl\/inicio\/wp-json\/wp\/v2\/product"}],"about":[{"href":"https:\/\/eljardinderosas.cl\/inicio\/wp-json\/wp\/v2\/types\/product"}],"wp:featuredmedia":[{"embeddable":true,"href":"https:\/\/eljardinderosas.cl\/inicio\/wp-json\/wp\/v2\/media\/16856"}],"wp:attachment":[{"href":"https:\/\/eljardinderosas.cl\/inicio\/wp-json\/wp\/v2\/media?parent=16853"}],"wp:term":[{"taxonomy":"product_cat","embeddable":true,"href":"https:\/\/eljardinderosas.cl\/inicio\/wp-json\/wp\/v2\/product_cat?post=16853"},{"taxonomy":"product_tag","embeddable":true,"href":"https:\/\/eljardinderosas.cl\/inicio\/wp-json\/wp\/v2\/product_tag?post=16853"}],"curies":[{"name":"wp","href":"https:\/\/api.w.org\/{rel}","templated":true}]}}