{"id":17135,"date":"2024-04-22T18:25:31","date_gmt":"2024-04-22T22:25:31","guid":{"rendered":"https:\/\/eljardinderosas.cl\/inicio\/?post_type=product&#038;p=17135"},"modified":"2026-01-19T18:53:45","modified_gmt":"2026-01-19T21:53:45","slug":"florero-10-tulipanes-amarillos-12-rosas-rojas-bombones-y-globo","status":"publish","type":"product","link":"https:\/\/eljardinderosas.cl\/inicio\/tienda\/10-de-mayo-dia-de-la-mama\/florero-10-tulipanes-amarillos-12-rosas-rojas-bombones-y-globo\/","title":{"rendered":"Florero 10 tulipanes amarillos 12 rosas rojas bombones y globo"},"content":{"rendered":"<ul>\n<li>Sorprende\u00a0 este 10 y 12 de mayo dia de la mam\u00e1\u00a0 con este sorprendente arreglo floral\u00a0 que dejar\u00e1 huella. Imagina entregarle un exquisito arreglo floral compuesto por 10 tulipanes amarillos y 12 rosas rojas ,incluye finos bombones ferrero y un bello globo para expresar todo el amor a tu mam\u00e1 una combinaci\u00f3n perfecta que emana elegancia y pasi\u00f3n. Y eso no es todo, este regalo viene acompa\u00f1ado de una tarjeta de saludos dise\u00f1ada con amor, para que puedas expresar todos esos sentimientos que te desbordan. Un detalle tan hermoso que siempre quedar\u00e1 grabado en su memoria, record\u00e1ndole el amor y aprecio No dejes pasar esta oportunidad de mostrarle a tu mam\u00e1 lo especial que es. Haz de este D\u00eda de la Madre un d\u00eda inolvidable lleno de amor y gratitud. \u00a1Ella se lo merece!<\/li>\n<\/ul>\n","protected":false},"excerpt":{"rendered":"<p>Celebra este 10 y 12 de mayo dia de la mam\u00e1 No dejes pasar esta oportunidad de mostrarle a tu mam\u00e1 lo especial que es. Haz de este D\u00eda de la Madre un d\u00eda inolvidable lleno de amor y gratitud. \u00a1Ella se lo merece todo !<\/p>\n","protected":false},"featured_media":17137,"template":"","meta":[],"product_cat":[254,200],"product_tag":[273,167],"yoast_head":"<!-- This site is optimized with the Yoast SEO Premium plugin v17.1.2 (Yoast SEO v17.3) - https:\/\/yoast.com\/wordpress\/plugins\/seo\/ -->\n<title>Florero 10 tulipanes amarillos 12 rosas rojas bombones y globo - El Jardin de Rosas<\/title>\n<meta name=\"robots\" content=\"index, follow, max-snippet:-1, max-image-preview:large, max-video-preview:-1\" \/>\n<link rel=\"canonical\" href=\"https:\/\/eljardinderosas.cl\/inicio\/tienda\/10-de-mayo-dia-de-la-mama\/florero-10-tulipanes-amarillos-12-rosas-rojas-bombones-y-globo\/\" \/>\n<meta property=\"og:locale\" content=\"es_ES\" \/>\n<meta property=\"og:type\" content=\"article\" \/>\n<meta property=\"og:title\" content=\"Florero 10 tulipanes amarillos 12 rosas rojas bombones y globo\" \/>\n<meta property=\"og:description\" content=\"Celebra este 10 y 12 de mayo dia de la mam\u00e1 No dejes pasar esta oportunidad de mostrarle a tu mam\u00e1 lo especial que es. Haz de este D\u00eda de la Madre un d\u00eda inolvidable lleno de amor y gratitud. \u00a1Ella se lo merece todo !\" \/>\n<meta property=\"og:url\" content=\"https:\/\/eljardinderosas.cl\/inicio\/tienda\/10-de-mayo-dia-de-la-mama\/florero-10-tulipanes-amarillos-12-rosas-rojas-bombones-y-globo\/\" \/>\n<meta property=\"og:site_name\" content=\"El Jardin de Rosas\" \/>\n<meta property=\"article:modified_time\" content=\"2026-01-19T21:53:45+00:00\" \/>\n<meta property=\"og:image\" content=\"https:\/\/eljardinderosas.cl\/inicio\/wp-content\/uploads\/2024\/04\/pack.jpg\" \/>\n\t<meta property=\"og:image:width\" content=\"502\" \/>\n\t<meta property=\"og:image:height\" content=\"534\" \/>\n<meta name=\"twitter:card\" content=\"summary_large_image\" \/>\n<meta name=\"twitter:label1\" content=\"Tiempo de lectura\" \/>\n\t<meta name=\"twitter:data1\" content=\"1 minuto\" \/>\n<script type=\"application\/ld+json\" class=\"yoast-schema-graph\">{\"@context\":\"https:\/\/schema.org\",\"@graph\":[{\"@type\":\"Organization\",\"@id\":\"https:\/\/eljardinderosas.cl\/inicio\/#organization\",\"name\":\"El jardin de las rosas\",\"url\":\"https:\/\/eljardinderosas.cl\/inicio\/\",\"sameAs\":[\"https:\/\/www.instagram.com\/floreria_eljardinderosas\/\"],\"logo\":{\"@type\":\"ImageObject\",\"@id\":\"https:\/\/eljardinderosas.cl\/inicio\/#logo\",\"inLanguage\":\"es\",\"url\":\"https:\/\/eljardinderosas.cl\/inicio\/wp-content\/uploads\/2020\/10\/eljardinderosas-mail.png\",\"contentUrl\":\"https:\/\/eljardinderosas.cl\/inicio\/wp-content\/uploads\/2020\/10\/eljardinderosas-mail.png\",\"width\":317,\"height\":97,\"caption\":\"El jardin de las rosas\"},\"image\":{\"@id\":\"https:\/\/eljardinderosas.cl\/inicio\/#logo\"}},{\"@type\":\"WebSite\",\"@id\":\"https:\/\/eljardinderosas.cl\/inicio\/#website\",\"url\":\"https:\/\/eljardinderosas.cl\/inicio\/\",\"name\":\"Floreria El jardin de las Rosas\",\"description\":\"Flores en Santiago\",\"publisher\":{\"@id\":\"https:\/\/eljardinderosas.cl\/inicio\/#organization\"},\"potentialAction\":[{\"@type\":\"SearchAction\",\"target\":{\"@type\":\"EntryPoint\",\"urlTemplate\":\"https:\/\/eljardinderosas.cl\/inicio\/?s={search_term_string}\"},\"query-input\":\"required name=search_term_string\"}],\"inLanguage\":\"es\"},{\"@type\":\"ImageObject\",\"@id\":\"https:\/\/eljardinderosas.cl\/inicio\/tienda\/10-de-mayo-dia-de-la-mama\/florero-10-tulipanes-amarillos-12-rosas-rojas-bombones-y-globo\/#primaryimage\",\"inLanguage\":\"es\",\"url\":\"https:\/\/eljardinderosas.cl\/inicio\/wp-content\/uploads\/2024\/04\/pack.jpg\",\"contentUrl\":\"https:\/\/eljardinderosas.cl\/inicio\/wp-content\/uploads\/2024\/04\/pack.jpg\",\"width\":502,\"height\":534},{\"@type\":\"WebPage\",\"@id\":\"https:\/\/eljardinderosas.cl\/inicio\/tienda\/10-de-mayo-dia-de-la-mama\/florero-10-tulipanes-amarillos-12-rosas-rojas-bombones-y-globo\/#webpage\",\"url\":\"https:\/\/eljardinderosas.cl\/inicio\/tienda\/10-de-mayo-dia-de-la-mama\/florero-10-tulipanes-amarillos-12-rosas-rojas-bombones-y-globo\/\",\"name\":\"Florero 10 tulipanes amarillos 12 rosas rojas bombones y globo - El Jardin de Rosas\",\"isPartOf\":{\"@id\":\"https:\/\/eljardinderosas.cl\/inicio\/#website\"},\"primaryImageOfPage\":{\"@id\":\"https:\/\/eljardinderosas.cl\/inicio\/tienda\/10-de-mayo-dia-de-la-mama\/florero-10-tulipanes-amarillos-12-rosas-rojas-bombones-y-globo\/#primaryimage\"},\"datePublished\":\"2024-04-22T22:25:31+00:00\",\"dateModified\":\"2026-01-19T21:53:45+00:00\",\"breadcrumb\":{\"@id\":\"https:\/\/eljardinderosas.cl\/inicio\/tienda\/10-de-mayo-dia-de-la-mama\/florero-10-tulipanes-amarillos-12-rosas-rojas-bombones-y-globo\/#breadcrumb\"},\"inLanguage\":\"es\",\"potentialAction\":[{\"@type\":\"ReadAction\",\"target\":[\"https:\/\/eljardinderosas.cl\/inicio\/tienda\/10-de-mayo-dia-de-la-mama\/florero-10-tulipanes-amarillos-12-rosas-rojas-bombones-y-globo\/\"]}]},{\"@type\":\"BreadcrumbList\",\"@id\":\"https:\/\/eljardinderosas.cl\/inicio\/tienda\/10-de-mayo-dia-de-la-mama\/florero-10-tulipanes-amarillos-12-rosas-rojas-bombones-y-globo\/#breadcrumb\",\"itemListElement\":[{\"@type\":\"ListItem\",\"position\":1,\"name\":\"Home\",\"item\":\"https:\/\/eljardinderosas.cl\/inicio\/\"},{\"@type\":\"ListItem\",\"position\":2,\"name\":\"Tienda\",\"item\":\"https:\/\/eljardinderosas.cl\/inicio\/tienda\/\"},{\"@type\":\"ListItem\",\"position\":3,\"name\":\"Florero 10 tulipanes amarillos 12 rosas rojas bombones y globo\"}]}]}<\/script>\n<!-- \/ Yoast SEO Premium plugin. -->","yoast_head_json":{"title":"Florero 10 tulipanes amarillos 12 rosas rojas bombones y globo - El Jardin de Rosas","robots":{"index":"index","follow":"follow","max-snippet":"max-snippet:-1","max-image-preview":"max-image-preview:large","max-video-preview":"max-video-preview:-1"},"canonical":"https:\/\/eljardinderosas.cl\/inicio\/tienda\/10-de-mayo-dia-de-la-mama\/florero-10-tulipanes-amarillos-12-rosas-rojas-bombones-y-globo\/","og_locale":"es_ES","og_type":"article","og_title":"Florero 10 tulipanes amarillos 12 rosas rojas bombones y globo","og_description":"Celebra este 10 y 12 de mayo dia de la mam\u00e1 No dejes pasar esta oportunidad de mostrarle a tu mam\u00e1 lo especial que es. Haz de este D\u00eda de la Madre un d\u00eda inolvidable lleno de amor y gratitud. \u00a1Ella se lo merece todo !","og_url":"https:\/\/eljardinderosas.cl\/inicio\/tienda\/10-de-mayo-dia-de-la-mama\/florero-10-tulipanes-amarillos-12-rosas-rojas-bombones-y-globo\/","og_site_name":"El Jardin de Rosas","article_modified_time":"2026-01-19T21:53:45+00:00","og_image":[{"width":502,"height":534,"url":"https:\/\/eljardinderosas.cl\/inicio\/wp-content\/uploads\/2024\/04\/pack.jpg","type":"image\/jpeg"}],"twitter_card":"summary_large_image","twitter_misc":{"Tiempo de lectura":"1 minuto"},"schema":{"@context":"https:\/\/schema.org","@graph":[{"@type":"Organization","@id":"https:\/\/eljardinderosas.cl\/inicio\/#organization","name":"El jardin de las rosas","url":"https:\/\/eljardinderosas.cl\/inicio\/","sameAs":["https:\/\/www.instagram.com\/floreria_eljardinderosas\/"],"logo":{"@type":"ImageObject","@id":"https:\/\/eljardinderosas.cl\/inicio\/#logo","inLanguage":"es","url":"https:\/\/eljardinderosas.cl\/inicio\/wp-content\/uploads\/2020\/10\/eljardinderosas-mail.png","contentUrl":"https:\/\/eljardinderosas.cl\/inicio\/wp-content\/uploads\/2020\/10\/eljardinderosas-mail.png","width":317,"height":97,"caption":"El jardin de las rosas"},"image":{"@id":"https:\/\/eljardinderosas.cl\/inicio\/#logo"}},{"@type":"WebSite","@id":"https:\/\/eljardinderosas.cl\/inicio\/#website","url":"https:\/\/eljardinderosas.cl\/inicio\/","name":"Floreria El jardin de las Rosas","description":"Flores en Santiago","publisher":{"@id":"https:\/\/eljardinderosas.cl\/inicio\/#organization"},"potentialAction":[{"@type":"SearchAction","target":{"@type":"EntryPoint","urlTemplate":"https:\/\/eljardinderosas.cl\/inicio\/?s={search_term_string}"},"query-input":"required name=search_term_string"}],"inLanguage":"es"},{"@type":"ImageObject","@id":"https:\/\/eljardinderosas.cl\/inicio\/tienda\/10-de-mayo-dia-de-la-mama\/florero-10-tulipanes-amarillos-12-rosas-rojas-bombones-y-globo\/#primaryimage","inLanguage":"es","url":"https:\/\/eljardinderosas.cl\/inicio\/wp-content\/uploads\/2024\/04\/pack.jpg","contentUrl":"https:\/\/eljardinderosas.cl\/inicio\/wp-content\/uploads\/2024\/04\/pack.jpg","width":502,"height":534},{"@type":"WebPage","@id":"https:\/\/eljardinderosas.cl\/inicio\/tienda\/10-de-mayo-dia-de-la-mama\/florero-10-tulipanes-amarillos-12-rosas-rojas-bombones-y-globo\/#webpage","url":"https:\/\/eljardinderosas.cl\/inicio\/tienda\/10-de-mayo-dia-de-la-mama\/florero-10-tulipanes-amarillos-12-rosas-rojas-bombones-y-globo\/","name":"Florero 10 tulipanes amarillos 12 rosas rojas bombones y globo - El Jardin de Rosas","isPartOf":{"@id":"https:\/\/eljardinderosas.cl\/inicio\/#website"},"primaryImageOfPage":{"@id":"https:\/\/eljardinderosas.cl\/inicio\/tienda\/10-de-mayo-dia-de-la-mama\/florero-10-tulipanes-amarillos-12-rosas-rojas-bombones-y-globo\/#primaryimage"},"datePublished":"2024-04-22T22:25:31+00:00","dateModified":"2026-01-19T21:53:45+00:00","breadcrumb":{"@id":"https:\/\/eljardinderosas.cl\/inicio\/tienda\/10-de-mayo-dia-de-la-mama\/florero-10-tulipanes-amarillos-12-rosas-rojas-bombones-y-globo\/#breadcrumb"},"inLanguage":"es","potentialAction":[{"@type":"ReadAction","target":["https:\/\/eljardinderosas.cl\/inicio\/tienda\/10-de-mayo-dia-de-la-mama\/florero-10-tulipanes-amarillos-12-rosas-rojas-bombones-y-globo\/"]}]},{"@type":"BreadcrumbList","@id":"https:\/\/eljardinderosas.cl\/inicio\/tienda\/10-de-mayo-dia-de-la-mama\/florero-10-tulipanes-amarillos-12-rosas-rojas-bombones-y-globo\/#breadcrumb","itemListElement":[{"@type":"ListItem","position":1,"name":"Home","item":"https:\/\/eljardinderosas.cl\/inicio\/"},{"@type":"ListItem","position":2,"name":"Tienda","item":"https:\/\/eljardinderosas.cl\/inicio\/tienda\/"},{"@type":"ListItem","position":3,"name":"Florero 10 tulipanes amarillos 12 rosas rojas bombones y globo"}]}]}},"_links":{"self":[{"href":"https:\/\/eljardinderosas.cl\/inicio\/wp-json\/wp\/v2\/product\/17135"}],"collection":[{"href":"https:\/\/eljardinderosas.cl\/inicio\/wp-json\/wp\/v2\/product"}],"about":[{"href":"https:\/\/eljardinderosas.cl\/inicio\/wp-json\/wp\/v2\/types\/product"}],"wp:featuredmedia":[{"embeddable":true,"href":"https:\/\/eljardinderosas.cl\/inicio\/wp-json\/wp\/v2\/media\/17137"}],"wp:attachment":[{"href":"https:\/\/eljardinderosas.cl\/inicio\/wp-json\/wp\/v2\/media?parent=17135"}],"wp:term":[{"taxonomy":"product_cat","embeddable":true,"href":"https:\/\/eljardinderosas.cl\/inicio\/wp-json\/wp\/v2\/product_cat?post=17135"},{"taxonomy":"product_tag","embeddable":true,"href":"https:\/\/eljardinderosas.cl\/inicio\/wp-json\/wp\/v2\/product_tag?post=17135"}],"curies":[{"name":"wp","href":"https:\/\/api.w.org\/{rel}","templated":true}]}}