{"id":17326,"date":"2024-05-03T23:33:35","date_gmt":"2024-05-04T03:33:35","guid":{"rendered":"https:\/\/eljardinderosas.cl\/inicio\/?post_type=product&#038;p=17326"},"modified":"2024-05-03T23:35:50","modified_gmt":"2024-05-04T03:35:50","slug":"canasta-con-15-rosas-rosadas-astromelias-blancas-y-globo","status":"publish","type":"product","link":"https:\/\/eljardinderosas.cl\/inicio\/tienda\/arreglos-y-regalos-para-mama\/canasta-con-15-rosas-rosadas-astromelias-blancas-y-globo\/","title":{"rendered":"Canasta con 15 rosas rosadas ,Astromelias blancas y globo"},"content":{"rendered":"<ul>\n<li><em>Sum\u00e9rgete en un mundo de elegancia y deleite con este impresionante arreglo floral en canasta\u00a0 con 15 bellas rosas rosadas y 10 varas Alstromelias\u00a0 este arreglo evoca dulzura\u00a0 y\u00a0 amor\u00a0 incluye una tarjeta especial, para que puedas expresar tus sentimientos m\u00e1s sinceros. Este regalo es perfecto para celebrar ocasiones especiales como d\u00eda de la madre y sorprende a tu mama con este hermosa detalle recuerda 10 y 12 mayo No dejes pasar esta oportunidad de mostrarle a tu mam\u00e1 lo especial que es. Haz de este D\u00eda de la Madre un d\u00eda inolvidable lleno de amor y gratitud. \u00a1Ella se lo merece<\/em><em>\u00a0<\/em><\/li>\n<\/ul>\n","protected":false},"excerpt":{"rendered":"<p>Sum\u00e9rgete en un mundo de elegancia y deleite con este impresionante arreglo floral en canasta\u00a0 con 15 bellas rosas rosadas y 10 varas Alstromelias\u00a0 este arreglo evoca dulzura\u00a0 y\u00a0 amor\u00a0 incluye una tarjeta especial, para que puedas expresar tus sentimientos m\u00e1s sinceros. Este regalo es perfecto para celebrar ocasiones especiales como d\u00eda de la madre [&#8230;]\n","protected":false},"featured_media":17329,"template":"","meta":[],"product_cat":[254],"product_tag":[],"yoast_head":"<!-- This site is optimized with the Yoast SEO Premium plugin v17.1.2 (Yoast SEO v17.3) - https:\/\/yoast.com\/wordpress\/plugins\/seo\/ -->\n<title>Canasta con 15 rosas rosadas ,Astromelias blancas y globo - El Jardin de Rosas<\/title>\n<meta name=\"robots\" content=\"index, follow, max-snippet:-1, max-image-preview:large, max-video-preview:-1\" \/>\n<link rel=\"canonical\" href=\"https:\/\/eljardinderosas.cl\/inicio\/tienda\/arreglos-y-regalos-para-mama\/canasta-con-15-rosas-rosadas-astromelias-blancas-y-globo\/\" \/>\n<meta property=\"og:locale\" content=\"es_ES\" \/>\n<meta property=\"og:type\" content=\"article\" \/>\n<meta property=\"og:title\" content=\"Canasta con 15 rosas rosadas ,Astromelias blancas y globo\" \/>\n<meta property=\"og:description\" content=\"Sum\u00e9rgete en un mundo de elegancia y deleite con este impresionante arreglo floral en canasta\u00a0 con 15 bellas rosas rosadas y 10 varas Alstromelias\u00a0 este arreglo evoca dulzura\u00a0 y\u00a0 amor\u00a0 incluye una tarjeta especial, para que puedas expresar tus sentimientos m\u00e1s sinceros. Este regalo es perfecto para celebrar ocasiones especiales como d\u00eda de la madre [...]\" \/>\n<meta property=\"og:url\" content=\"https:\/\/eljardinderosas.cl\/inicio\/tienda\/arreglos-y-regalos-para-mama\/canasta-con-15-rosas-rosadas-astromelias-blancas-y-globo\/\" \/>\n<meta property=\"og:site_name\" content=\"El Jardin de Rosas\" \/>\n<meta property=\"article:modified_time\" content=\"2024-05-04T03:35:50+00:00\" \/>\n<meta property=\"og:image\" content=\"https:\/\/eljardinderosas.cl\/inicio\/wp-content\/uploads\/2024\/05\/CANASTA-CON-15-ROSAS-ROSADS-Y-GLOBO.jpg\" \/>\n\t<meta property=\"og:image:width\" content=\"454\" \/>\n\t<meta property=\"og:image:height\" content=\"500\" \/>\n<meta name=\"twitter:card\" content=\"summary_large_image\" \/>\n<meta name=\"twitter:label1\" content=\"Tiempo de lectura\" \/>\n\t<meta name=\"twitter:data1\" content=\"1 minuto\" \/>\n<script type=\"application\/ld+json\" class=\"yoast-schema-graph\">{\"@context\":\"https:\/\/schema.org\",\"@graph\":[{\"@type\":\"Organization\",\"@id\":\"https:\/\/eljardinderosas.cl\/inicio\/#organization\",\"name\":\"El jardin de las rosas\",\"url\":\"https:\/\/eljardinderosas.cl\/inicio\/\",\"sameAs\":[\"https:\/\/www.instagram.com\/floreria_eljardinderosas\/\"],\"logo\":{\"@type\":\"ImageObject\",\"@id\":\"https:\/\/eljardinderosas.cl\/inicio\/#logo\",\"inLanguage\":\"es\",\"url\":\"https:\/\/eljardinderosas.cl\/inicio\/wp-content\/uploads\/2020\/10\/eljardinderosas-mail.png\",\"contentUrl\":\"https:\/\/eljardinderosas.cl\/inicio\/wp-content\/uploads\/2020\/10\/eljardinderosas-mail.png\",\"width\":317,\"height\":97,\"caption\":\"El jardin de las rosas\"},\"image\":{\"@id\":\"https:\/\/eljardinderosas.cl\/inicio\/#logo\"}},{\"@type\":\"WebSite\",\"@id\":\"https:\/\/eljardinderosas.cl\/inicio\/#website\",\"url\":\"https:\/\/eljardinderosas.cl\/inicio\/\",\"name\":\"Floreria El jardin de las Rosas\",\"description\":\"Flores en Santiago\",\"publisher\":{\"@id\":\"https:\/\/eljardinderosas.cl\/inicio\/#organization\"},\"potentialAction\":[{\"@type\":\"SearchAction\",\"target\":{\"@type\":\"EntryPoint\",\"urlTemplate\":\"https:\/\/eljardinderosas.cl\/inicio\/?s={search_term_string}\"},\"query-input\":\"required name=search_term_string\"}],\"inLanguage\":\"es\"},{\"@type\":\"ImageObject\",\"@id\":\"https:\/\/eljardinderosas.cl\/inicio\/tienda\/arreglos-y-regalos-para-mama\/canasta-con-15-rosas-rosadas-astromelias-blancas-y-globo\/#primaryimage\",\"inLanguage\":\"es\",\"url\":\"https:\/\/eljardinderosas.cl\/inicio\/wp-content\/uploads\/2024\/05\/CANASTA-CON-15-ROSAS-ROSADS-Y-GLOBO.jpg\",\"contentUrl\":\"https:\/\/eljardinderosas.cl\/inicio\/wp-content\/uploads\/2024\/05\/CANASTA-CON-15-ROSAS-ROSADS-Y-GLOBO.jpg\",\"width\":454,\"height\":500},{\"@type\":\"WebPage\",\"@id\":\"https:\/\/eljardinderosas.cl\/inicio\/tienda\/arreglos-y-regalos-para-mama\/canasta-con-15-rosas-rosadas-astromelias-blancas-y-globo\/#webpage\",\"url\":\"https:\/\/eljardinderosas.cl\/inicio\/tienda\/arreglos-y-regalos-para-mama\/canasta-con-15-rosas-rosadas-astromelias-blancas-y-globo\/\",\"name\":\"Canasta con 15 rosas rosadas ,Astromelias blancas y globo - El Jardin de Rosas\",\"isPartOf\":{\"@id\":\"https:\/\/eljardinderosas.cl\/inicio\/#website\"},\"primaryImageOfPage\":{\"@id\":\"https:\/\/eljardinderosas.cl\/inicio\/tienda\/arreglos-y-regalos-para-mama\/canasta-con-15-rosas-rosadas-astromelias-blancas-y-globo\/#primaryimage\"},\"datePublished\":\"2024-05-04T03:33:35+00:00\",\"dateModified\":\"2024-05-04T03:35:50+00:00\",\"breadcrumb\":{\"@id\":\"https:\/\/eljardinderosas.cl\/inicio\/tienda\/arreglos-y-regalos-para-mama\/canasta-con-15-rosas-rosadas-astromelias-blancas-y-globo\/#breadcrumb\"},\"inLanguage\":\"es\",\"potentialAction\":[{\"@type\":\"ReadAction\",\"target\":[\"https:\/\/eljardinderosas.cl\/inicio\/tienda\/arreglos-y-regalos-para-mama\/canasta-con-15-rosas-rosadas-astromelias-blancas-y-globo\/\"]}]},{\"@type\":\"BreadcrumbList\",\"@id\":\"https:\/\/eljardinderosas.cl\/inicio\/tienda\/arreglos-y-regalos-para-mama\/canasta-con-15-rosas-rosadas-astromelias-blancas-y-globo\/#breadcrumb\",\"itemListElement\":[{\"@type\":\"ListItem\",\"position\":1,\"name\":\"Home\",\"item\":\"https:\/\/eljardinderosas.cl\/inicio\/\"},{\"@type\":\"ListItem\",\"position\":2,\"name\":\"Tienda\",\"item\":\"https:\/\/eljardinderosas.cl\/inicio\/tienda\/\"},{\"@type\":\"ListItem\",\"position\":3,\"name\":\"Canasta con 15 rosas rosadas ,Astromelias blancas y globo\"}]}]}<\/script>\n<!-- \/ Yoast SEO Premium plugin. -->","yoast_head_json":{"title":"Canasta con 15 rosas rosadas ,Astromelias blancas y globo - El Jardin de Rosas","robots":{"index":"index","follow":"follow","max-snippet":"max-snippet:-1","max-image-preview":"max-image-preview:large","max-video-preview":"max-video-preview:-1"},"canonical":"https:\/\/eljardinderosas.cl\/inicio\/tienda\/arreglos-y-regalos-para-mama\/canasta-con-15-rosas-rosadas-astromelias-blancas-y-globo\/","og_locale":"es_ES","og_type":"article","og_title":"Canasta con 15 rosas rosadas ,Astromelias blancas y globo","og_description":"Sum\u00e9rgete en un mundo de elegancia y deleite con este impresionante arreglo floral en canasta\u00a0 con 15 bellas rosas rosadas y 10 varas Alstromelias\u00a0 este arreglo evoca dulzura\u00a0 y\u00a0 amor\u00a0 incluye una tarjeta especial, para que puedas expresar tus sentimientos m\u00e1s sinceros. Este regalo es perfecto para celebrar ocasiones especiales como d\u00eda de la madre [...]","og_url":"https:\/\/eljardinderosas.cl\/inicio\/tienda\/arreglos-y-regalos-para-mama\/canasta-con-15-rosas-rosadas-astromelias-blancas-y-globo\/","og_site_name":"El Jardin de Rosas","article_modified_time":"2024-05-04T03:35:50+00:00","og_image":[{"width":454,"height":500,"url":"https:\/\/eljardinderosas.cl\/inicio\/wp-content\/uploads\/2024\/05\/CANASTA-CON-15-ROSAS-ROSADS-Y-GLOBO.jpg","type":"image\/jpeg"}],"twitter_card":"summary_large_image","twitter_misc":{"Tiempo de lectura":"1 minuto"},"schema":{"@context":"https:\/\/schema.org","@graph":[{"@type":"Organization","@id":"https:\/\/eljardinderosas.cl\/inicio\/#organization","name":"El jardin de las rosas","url":"https:\/\/eljardinderosas.cl\/inicio\/","sameAs":["https:\/\/www.instagram.com\/floreria_eljardinderosas\/"],"logo":{"@type":"ImageObject","@id":"https:\/\/eljardinderosas.cl\/inicio\/#logo","inLanguage":"es","url":"https:\/\/eljardinderosas.cl\/inicio\/wp-content\/uploads\/2020\/10\/eljardinderosas-mail.png","contentUrl":"https:\/\/eljardinderosas.cl\/inicio\/wp-content\/uploads\/2020\/10\/eljardinderosas-mail.png","width":317,"height":97,"caption":"El jardin de las rosas"},"image":{"@id":"https:\/\/eljardinderosas.cl\/inicio\/#logo"}},{"@type":"WebSite","@id":"https:\/\/eljardinderosas.cl\/inicio\/#website","url":"https:\/\/eljardinderosas.cl\/inicio\/","name":"Floreria El jardin de las Rosas","description":"Flores en Santiago","publisher":{"@id":"https:\/\/eljardinderosas.cl\/inicio\/#organization"},"potentialAction":[{"@type":"SearchAction","target":{"@type":"EntryPoint","urlTemplate":"https:\/\/eljardinderosas.cl\/inicio\/?s={search_term_string}"},"query-input":"required name=search_term_string"}],"inLanguage":"es"},{"@type":"ImageObject","@id":"https:\/\/eljardinderosas.cl\/inicio\/tienda\/arreglos-y-regalos-para-mama\/canasta-con-15-rosas-rosadas-astromelias-blancas-y-globo\/#primaryimage","inLanguage":"es","url":"https:\/\/eljardinderosas.cl\/inicio\/wp-content\/uploads\/2024\/05\/CANASTA-CON-15-ROSAS-ROSADS-Y-GLOBO.jpg","contentUrl":"https:\/\/eljardinderosas.cl\/inicio\/wp-content\/uploads\/2024\/05\/CANASTA-CON-15-ROSAS-ROSADS-Y-GLOBO.jpg","width":454,"height":500},{"@type":"WebPage","@id":"https:\/\/eljardinderosas.cl\/inicio\/tienda\/arreglos-y-regalos-para-mama\/canasta-con-15-rosas-rosadas-astromelias-blancas-y-globo\/#webpage","url":"https:\/\/eljardinderosas.cl\/inicio\/tienda\/arreglos-y-regalos-para-mama\/canasta-con-15-rosas-rosadas-astromelias-blancas-y-globo\/","name":"Canasta con 15 rosas rosadas ,Astromelias blancas y globo - El Jardin de Rosas","isPartOf":{"@id":"https:\/\/eljardinderosas.cl\/inicio\/#website"},"primaryImageOfPage":{"@id":"https:\/\/eljardinderosas.cl\/inicio\/tienda\/arreglos-y-regalos-para-mama\/canasta-con-15-rosas-rosadas-astromelias-blancas-y-globo\/#primaryimage"},"datePublished":"2024-05-04T03:33:35+00:00","dateModified":"2024-05-04T03:35:50+00:00","breadcrumb":{"@id":"https:\/\/eljardinderosas.cl\/inicio\/tienda\/arreglos-y-regalos-para-mama\/canasta-con-15-rosas-rosadas-astromelias-blancas-y-globo\/#breadcrumb"},"inLanguage":"es","potentialAction":[{"@type":"ReadAction","target":["https:\/\/eljardinderosas.cl\/inicio\/tienda\/arreglos-y-regalos-para-mama\/canasta-con-15-rosas-rosadas-astromelias-blancas-y-globo\/"]}]},{"@type":"BreadcrumbList","@id":"https:\/\/eljardinderosas.cl\/inicio\/tienda\/arreglos-y-regalos-para-mama\/canasta-con-15-rosas-rosadas-astromelias-blancas-y-globo\/#breadcrumb","itemListElement":[{"@type":"ListItem","position":1,"name":"Home","item":"https:\/\/eljardinderosas.cl\/inicio\/"},{"@type":"ListItem","position":2,"name":"Tienda","item":"https:\/\/eljardinderosas.cl\/inicio\/tienda\/"},{"@type":"ListItem","position":3,"name":"Canasta con 15 rosas rosadas ,Astromelias blancas y globo"}]}]}},"_links":{"self":[{"href":"https:\/\/eljardinderosas.cl\/inicio\/wp-json\/wp\/v2\/product\/17326"}],"collection":[{"href":"https:\/\/eljardinderosas.cl\/inicio\/wp-json\/wp\/v2\/product"}],"about":[{"href":"https:\/\/eljardinderosas.cl\/inicio\/wp-json\/wp\/v2\/types\/product"}],"wp:featuredmedia":[{"embeddable":true,"href":"https:\/\/eljardinderosas.cl\/inicio\/wp-json\/wp\/v2\/media\/17329"}],"wp:attachment":[{"href":"https:\/\/eljardinderosas.cl\/inicio\/wp-json\/wp\/v2\/media?parent=17326"}],"wp:term":[{"taxonomy":"product_cat","embeddable":true,"href":"https:\/\/eljardinderosas.cl\/inicio\/wp-json\/wp\/v2\/product_cat?post=17326"},{"taxonomy":"product_tag","embeddable":true,"href":"https:\/\/eljardinderosas.cl\/inicio\/wp-json\/wp\/v2\/product_tag?post=17326"}],"curies":[{"name":"wp","href":"https:\/\/api.w.org\/{rel}","templated":true}]}}