{"id":17411,"date":"2024-05-12T01:05:52","date_gmt":"2024-05-12T05:05:52","guid":{"rendered":"https:\/\/eljardinderosas.cl\/inicio\/?post_type=product&#038;p=17411"},"modified":"2026-01-19T15:57:33","modified_gmt":"2026-01-19T18:57:33","slug":"ramo-6-rosas-rojas-6-varas-de-girasoles-y-follaje-rusco","status":"publish","type":"product","link":"https:\/\/eljardinderosas.cl\/inicio\/tienda\/arreglos-florales\/girasoles-importados\/ramo-6-rosas-rojas-6-varas-de-girasoles-y-follaje-rusco\/","title":{"rendered":"Ramo 6 rosas rojas 6  varas de girasoles y follaje rusco"},"content":{"rendered":"<p>Este exquisito ramo combina la alegr\u00eda radiante de los girasoles con la delicadeza y elegancia de las rosas, creando un arreglo floral lleno de vida y ternura. Los girasoles, con su vibrante color amarillo, simbolizan la admiraci\u00f3n y la energ\u00eda positiva, mientras que las rosas aportan un toque de amor y sofisticaci\u00f3n. Perfecto para expresar gratitud y cari\u00f1o en el D\u00eda de la Madre, este ramo es un regalo que ilumina el d\u00eda y el coraz\u00f3n de esa mujer tan especial. Cada flor ha sido cuidadosamente seleccionada y arreglada para transmitir un mensaje de amor eterno y alegr\u00eda sincera.<\/p>\n","protected":false},"excerpt":{"rendered":"<p> \u00a1Celebra y Descubre ramos \u00fanicos y ofertas especiales que alegrar\u00e1n su d\u00eda. sorpr\u00e9ndela con un detalle inolvidable!\u2705\ufe0f<\/p>\n","protected":false},"featured_media":19660,"template":"","meta":[],"product_cat":[96,71,79,254,121],"product_tag":[],"yoast_head":"<!-- This site is optimized with the Yoast SEO Premium plugin v17.1.2 (Yoast SEO v17.3) - https:\/\/yoast.com\/wordpress\/plugins\/seo\/ -->\n<title>Ramo 6 rosas rojas 6 varas de girasoles y follaje rusco - El Jardin de Rosas<\/title>\n<meta name=\"description\" content=\"&quot;Celebra el D\u00eda Internacional de la Mujer con flores . Las rosas rojas simbolizan admiraci\u00f3n mientras que los girasoles representan alegr\u00eda\" \/>\n<meta name=\"robots\" content=\"index, follow, max-snippet:-1, max-image-preview:large, max-video-preview:-1\" \/>\n<link rel=\"canonical\" href=\"https:\/\/eljardinderosas.cl\/inicio\/tienda\/arreglos-florales\/girasoles-importados\/ramo-6-rosas-rojas-6-varas-de-girasoles-y-follaje-rusco\/\" \/>\n<meta property=\"og:locale\" content=\"es_ES\" \/>\n<meta property=\"og:type\" content=\"article\" \/>\n<meta property=\"og:title\" content=\"Ramo 6 rosas rojas 6 varas de girasoles y follaje rusco\" \/>\n<meta property=\"og:description\" content=\"&quot;Celebra el D\u00eda Internacional de la Mujer con flores . Las rosas rojas simbolizan admiraci\u00f3n mientras que los girasoles representan alegr\u00eda\" \/>\n<meta property=\"og:url\" content=\"https:\/\/eljardinderosas.cl\/inicio\/tienda\/arreglos-florales\/girasoles-importados\/ramo-6-rosas-rojas-6-varas-de-girasoles-y-follaje-rusco\/\" \/>\n<meta property=\"og:site_name\" content=\"El Jardin de Rosas\" \/>\n<meta property=\"article:modified_time\" content=\"2026-01-19T18:57:33+00:00\" \/>\n<meta property=\"og:image\" content=\"https:\/\/eljardinderosas.cl\/inicio\/wp-content\/uploads\/2024\/05\/ramo-con-6-rosas-y-girasoles.png\" \/>\n\t<meta property=\"og:image:width\" content=\"1024\" \/>\n\t<meta property=\"og:image:height\" content=\"1024\" \/>\n<meta name=\"twitter:card\" content=\"summary_large_image\" \/>\n<meta name=\"twitter:label1\" content=\"Tiempo de lectura\" \/>\n\t<meta name=\"twitter:data1\" content=\"1 minuto\" \/>\n<script type=\"application\/ld+json\" class=\"yoast-schema-graph\">{\"@context\":\"https:\/\/schema.org\",\"@graph\":[{\"@type\":\"Organization\",\"@id\":\"https:\/\/eljardinderosas.cl\/inicio\/#organization\",\"name\":\"El jardin de las rosas\",\"url\":\"https:\/\/eljardinderosas.cl\/inicio\/\",\"sameAs\":[\"https:\/\/www.instagram.com\/floreria_eljardinderosas\/\"],\"logo\":{\"@type\":\"ImageObject\",\"@id\":\"https:\/\/eljardinderosas.cl\/inicio\/#logo\",\"inLanguage\":\"es\",\"url\":\"https:\/\/eljardinderosas.cl\/inicio\/wp-content\/uploads\/2020\/10\/eljardinderosas-mail.png\",\"contentUrl\":\"https:\/\/eljardinderosas.cl\/inicio\/wp-content\/uploads\/2020\/10\/eljardinderosas-mail.png\",\"width\":317,\"height\":97,\"caption\":\"El jardin de las rosas\"},\"image\":{\"@id\":\"https:\/\/eljardinderosas.cl\/inicio\/#logo\"}},{\"@type\":\"WebSite\",\"@id\":\"https:\/\/eljardinderosas.cl\/inicio\/#website\",\"url\":\"https:\/\/eljardinderosas.cl\/inicio\/\",\"name\":\"Floreria El jardin de las Rosas\",\"description\":\"Flores en Santiago\",\"publisher\":{\"@id\":\"https:\/\/eljardinderosas.cl\/inicio\/#organization\"},\"potentialAction\":[{\"@type\":\"SearchAction\",\"target\":{\"@type\":\"EntryPoint\",\"urlTemplate\":\"https:\/\/eljardinderosas.cl\/inicio\/?s={search_term_string}\"},\"query-input\":\"required name=search_term_string\"}],\"inLanguage\":\"es\"},{\"@type\":\"ImageObject\",\"@id\":\"https:\/\/eljardinderosas.cl\/inicio\/tienda\/arreglos-florales\/girasoles-importados\/ramo-6-rosas-rojas-6-varas-de-girasoles-y-follaje-rusco\/#primaryimage\",\"inLanguage\":\"es\",\"url\":\"https:\/\/eljardinderosas.cl\/inicio\/wp-content\/uploads\/2024\/05\/ramo-con-6-rosas-y-girasoles.png\",\"contentUrl\":\"https:\/\/eljardinderosas.cl\/inicio\/wp-content\/uploads\/2024\/05\/ramo-con-6-rosas-y-girasoles.png\",\"width\":1024,\"height\":1024},{\"@type\":\"WebPage\",\"@id\":\"https:\/\/eljardinderosas.cl\/inicio\/tienda\/arreglos-florales\/girasoles-importados\/ramo-6-rosas-rojas-6-varas-de-girasoles-y-follaje-rusco\/#webpage\",\"url\":\"https:\/\/eljardinderosas.cl\/inicio\/tienda\/arreglos-florales\/girasoles-importados\/ramo-6-rosas-rojas-6-varas-de-girasoles-y-follaje-rusco\/\",\"name\":\"Ramo 6 rosas rojas 6 varas de girasoles y follaje rusco - El Jardin de Rosas\",\"isPartOf\":{\"@id\":\"https:\/\/eljardinderosas.cl\/inicio\/#website\"},\"primaryImageOfPage\":{\"@id\":\"https:\/\/eljardinderosas.cl\/inicio\/tienda\/arreglos-florales\/girasoles-importados\/ramo-6-rosas-rojas-6-varas-de-girasoles-y-follaje-rusco\/#primaryimage\"},\"datePublished\":\"2024-05-12T05:05:52+00:00\",\"dateModified\":\"2026-01-19T18:57:33+00:00\",\"description\":\"\\\"Celebra el D\\u00eda Internacional de la Mujer con flores . Las rosas rojas simbolizan admiraci\\u00f3n mientras que los girasoles representan alegr\\u00eda\",\"breadcrumb\":{\"@id\":\"https:\/\/eljardinderosas.cl\/inicio\/tienda\/arreglos-florales\/girasoles-importados\/ramo-6-rosas-rojas-6-varas-de-girasoles-y-follaje-rusco\/#breadcrumb\"},\"inLanguage\":\"es\",\"potentialAction\":[{\"@type\":\"ReadAction\",\"target\":[\"https:\/\/eljardinderosas.cl\/inicio\/tienda\/arreglos-florales\/girasoles-importados\/ramo-6-rosas-rojas-6-varas-de-girasoles-y-follaje-rusco\/\"]}]},{\"@type\":\"BreadcrumbList\",\"@id\":\"https:\/\/eljardinderosas.cl\/inicio\/tienda\/arreglos-florales\/girasoles-importados\/ramo-6-rosas-rojas-6-varas-de-girasoles-y-follaje-rusco\/#breadcrumb\",\"itemListElement\":[{\"@type\":\"ListItem\",\"position\":1,\"name\":\"Home\",\"item\":\"https:\/\/eljardinderosas.cl\/inicio\/\"},{\"@type\":\"ListItem\",\"position\":2,\"name\":\"Tienda\",\"item\":\"https:\/\/eljardinderosas.cl\/inicio\/tienda\/\"},{\"@type\":\"ListItem\",\"position\":3,\"name\":\"Ramo 6 rosas rojas 6 varas de girasoles y follaje rusco\"}]}]}<\/script>\n<!-- \/ Yoast SEO Premium plugin. -->","yoast_head_json":{"title":"Ramo 6 rosas rojas 6 varas de girasoles y follaje rusco - El Jardin de Rosas","description":"\"Celebra el D\u00eda Internacional de la Mujer con flores . Las rosas rojas simbolizan admiraci\u00f3n mientras que los girasoles representan alegr\u00eda","robots":{"index":"index","follow":"follow","max-snippet":"max-snippet:-1","max-image-preview":"max-image-preview:large","max-video-preview":"max-video-preview:-1"},"canonical":"https:\/\/eljardinderosas.cl\/inicio\/tienda\/arreglos-florales\/girasoles-importados\/ramo-6-rosas-rojas-6-varas-de-girasoles-y-follaje-rusco\/","og_locale":"es_ES","og_type":"article","og_title":"Ramo 6 rosas rojas 6 varas de girasoles y follaje rusco","og_description":"\"Celebra el D\u00eda Internacional de la Mujer con flores . Las rosas rojas simbolizan admiraci\u00f3n mientras que los girasoles representan alegr\u00eda","og_url":"https:\/\/eljardinderosas.cl\/inicio\/tienda\/arreglos-florales\/girasoles-importados\/ramo-6-rosas-rojas-6-varas-de-girasoles-y-follaje-rusco\/","og_site_name":"El Jardin de Rosas","article_modified_time":"2026-01-19T18:57:33+00:00","og_image":[{"width":1024,"height":1024,"url":"https:\/\/eljardinderosas.cl\/inicio\/wp-content\/uploads\/2024\/05\/ramo-con-6-rosas-y-girasoles.png","type":"image\/png"}],"twitter_card":"summary_large_image","twitter_misc":{"Tiempo de lectura":"1 minuto"},"schema":{"@context":"https:\/\/schema.org","@graph":[{"@type":"Organization","@id":"https:\/\/eljardinderosas.cl\/inicio\/#organization","name":"El jardin de las rosas","url":"https:\/\/eljardinderosas.cl\/inicio\/","sameAs":["https:\/\/www.instagram.com\/floreria_eljardinderosas\/"],"logo":{"@type":"ImageObject","@id":"https:\/\/eljardinderosas.cl\/inicio\/#logo","inLanguage":"es","url":"https:\/\/eljardinderosas.cl\/inicio\/wp-content\/uploads\/2020\/10\/eljardinderosas-mail.png","contentUrl":"https:\/\/eljardinderosas.cl\/inicio\/wp-content\/uploads\/2020\/10\/eljardinderosas-mail.png","width":317,"height":97,"caption":"El jardin de las rosas"},"image":{"@id":"https:\/\/eljardinderosas.cl\/inicio\/#logo"}},{"@type":"WebSite","@id":"https:\/\/eljardinderosas.cl\/inicio\/#website","url":"https:\/\/eljardinderosas.cl\/inicio\/","name":"Floreria El jardin de las Rosas","description":"Flores en Santiago","publisher":{"@id":"https:\/\/eljardinderosas.cl\/inicio\/#organization"},"potentialAction":[{"@type":"SearchAction","target":{"@type":"EntryPoint","urlTemplate":"https:\/\/eljardinderosas.cl\/inicio\/?s={search_term_string}"},"query-input":"required name=search_term_string"}],"inLanguage":"es"},{"@type":"ImageObject","@id":"https:\/\/eljardinderosas.cl\/inicio\/tienda\/arreglos-florales\/girasoles-importados\/ramo-6-rosas-rojas-6-varas-de-girasoles-y-follaje-rusco\/#primaryimage","inLanguage":"es","url":"https:\/\/eljardinderosas.cl\/inicio\/wp-content\/uploads\/2024\/05\/ramo-con-6-rosas-y-girasoles.png","contentUrl":"https:\/\/eljardinderosas.cl\/inicio\/wp-content\/uploads\/2024\/05\/ramo-con-6-rosas-y-girasoles.png","width":1024,"height":1024},{"@type":"WebPage","@id":"https:\/\/eljardinderosas.cl\/inicio\/tienda\/arreglos-florales\/girasoles-importados\/ramo-6-rosas-rojas-6-varas-de-girasoles-y-follaje-rusco\/#webpage","url":"https:\/\/eljardinderosas.cl\/inicio\/tienda\/arreglos-florales\/girasoles-importados\/ramo-6-rosas-rojas-6-varas-de-girasoles-y-follaje-rusco\/","name":"Ramo 6 rosas rojas 6 varas de girasoles y follaje rusco - El Jardin de Rosas","isPartOf":{"@id":"https:\/\/eljardinderosas.cl\/inicio\/#website"},"primaryImageOfPage":{"@id":"https:\/\/eljardinderosas.cl\/inicio\/tienda\/arreglos-florales\/girasoles-importados\/ramo-6-rosas-rojas-6-varas-de-girasoles-y-follaje-rusco\/#primaryimage"},"datePublished":"2024-05-12T05:05:52+00:00","dateModified":"2026-01-19T18:57:33+00:00","description":"\"Celebra el D\u00eda Internacional de la Mujer con flores . Las rosas rojas simbolizan admiraci\u00f3n mientras que los girasoles representan alegr\u00eda","breadcrumb":{"@id":"https:\/\/eljardinderosas.cl\/inicio\/tienda\/arreglos-florales\/girasoles-importados\/ramo-6-rosas-rojas-6-varas-de-girasoles-y-follaje-rusco\/#breadcrumb"},"inLanguage":"es","potentialAction":[{"@type":"ReadAction","target":["https:\/\/eljardinderosas.cl\/inicio\/tienda\/arreglos-florales\/girasoles-importados\/ramo-6-rosas-rojas-6-varas-de-girasoles-y-follaje-rusco\/"]}]},{"@type":"BreadcrumbList","@id":"https:\/\/eljardinderosas.cl\/inicio\/tienda\/arreglos-florales\/girasoles-importados\/ramo-6-rosas-rojas-6-varas-de-girasoles-y-follaje-rusco\/#breadcrumb","itemListElement":[{"@type":"ListItem","position":1,"name":"Home","item":"https:\/\/eljardinderosas.cl\/inicio\/"},{"@type":"ListItem","position":2,"name":"Tienda","item":"https:\/\/eljardinderosas.cl\/inicio\/tienda\/"},{"@type":"ListItem","position":3,"name":"Ramo 6 rosas rojas 6 varas de girasoles y follaje rusco"}]}]}},"_links":{"self":[{"href":"https:\/\/eljardinderosas.cl\/inicio\/wp-json\/wp\/v2\/product\/17411"}],"collection":[{"href":"https:\/\/eljardinderosas.cl\/inicio\/wp-json\/wp\/v2\/product"}],"about":[{"href":"https:\/\/eljardinderosas.cl\/inicio\/wp-json\/wp\/v2\/types\/product"}],"wp:featuredmedia":[{"embeddable":true,"href":"https:\/\/eljardinderosas.cl\/inicio\/wp-json\/wp\/v2\/media\/19660"}],"wp:attachment":[{"href":"https:\/\/eljardinderosas.cl\/inicio\/wp-json\/wp\/v2\/media?parent=17411"}],"wp:term":[{"taxonomy":"product_cat","embeddable":true,"href":"https:\/\/eljardinderosas.cl\/inicio\/wp-json\/wp\/v2\/product_cat?post=17411"},{"taxonomy":"product_tag","embeddable":true,"href":"https:\/\/eljardinderosas.cl\/inicio\/wp-json\/wp\/v2\/product_tag?post=17411"}],"curies":[{"name":"wp","href":"https:\/\/api.w.org\/{rel}","templated":true}]}}