{"id":17414,"date":"2024-05-12T01:35:30","date_gmt":"2024-05-12T05:35:30","guid":{"rendered":"https:\/\/eljardinderosas.cl\/inicio\/?post_type=product&#038;p=17414"},"modified":"2026-01-27T22:52:03","modified_gmt":"2026-01-28T01:52:03","slug":"canasta-amor-eterno-con-25-rosas-rojas-rosadas-lilium-rosados","status":"publish","type":"product","link":"https:\/\/eljardinderosas.cl\/inicio\/tienda\/regalos-para-san-valentin\/canasta-amor-eterno-con-25-rosas-rojas-rosadas-lilium-rosados\/","title":{"rendered":"Canasta amor eterno con 25 rosas rojas rosadas lilium rosados"},"content":{"rendered":"<p>14 de febrero conquista con esta Delicada canasta de mimbre trenzado a mano, rebosante de 25 rosas rojas y rosadas en perfecta armon\u00eda, simbolizando la pasi\u00f3n ardiente y el cari\u00f1o tierno que enciende los corazones. Cada p\u00e9talo vibra con frescura, envuelto en el elegante lilium oriental rosado, cuya fragancia embriagadora susurra promesas de amor eterno. El conjunto se corona con fino follaje de eucalipto, aportando un toque verde sofisticado y un aroma refrescante que evoca jardines secretos. Ideal para San Valent\u00edn: declara tu amor con esta obra maestra floral, entregada fresca y lista para conquistar. \u00a1Haz que su coraz\u00f3n florezca! Este 14 de febrero <\/p>\n","protected":false},"excerpt":{"rendered":"<p>14 de febrero conquista con esta Delicada canasta de mimbre trenzado a mano, rebosante de 25 rosas rojas y rosadas en perfecta armon\u00eda, simbolizando la pasi\u00f3n ardiente y el cari\u00f1o tierno que enciende los corazones. Cada p\u00e9talo vibra con frescura, envuelto en el elegante lilium oriental rosado, cuya fragancia embriagadora susurra promesas de amor eterno. [&#8230;]\n","protected":false},"featured_media":19779,"template":"","meta":[],"product_cat":[230],"product_tag":[],"yoast_head":"<!-- This site is optimized with the Yoast SEO Premium plugin v17.1.2 (Yoast SEO v17.3) - https:\/\/yoast.com\/wordpress\/plugins\/seo\/ -->\n<title>Canasta amor eterno con 25 rosas rojas rosadas lilium rosados - El Jardin de Rosas<\/title>\n<meta name=\"robots\" content=\"index, follow, max-snippet:-1, max-image-preview:large, max-video-preview:-1\" \/>\n<link rel=\"canonical\" href=\"https:\/\/eljardinderosas.cl\/inicio\/tienda\/regalos-para-san-valentin\/canasta-amor-eterno-con-25-rosas-rojas-rosadas-lilium-rosados\/\" \/>\n<meta property=\"og:locale\" content=\"es_ES\" \/>\n<meta property=\"og:type\" content=\"article\" \/>\n<meta property=\"og:title\" content=\"Canasta amor eterno con 25 rosas rojas rosadas lilium rosados\" \/>\n<meta property=\"og:description\" content=\"14 de febrero conquista con esta Delicada canasta de mimbre trenzado a mano, rebosante de 25 rosas rojas y rosadas en perfecta armon\u00eda, simbolizando la pasi\u00f3n ardiente y el cari\u00f1o tierno que enciende los corazones. Cada p\u00e9talo vibra con frescura, envuelto en el elegante lilium oriental rosado, cuya fragancia embriagadora susurra promesas de amor eterno. [...]\" \/>\n<meta property=\"og:url\" content=\"https:\/\/eljardinderosas.cl\/inicio\/tienda\/regalos-para-san-valentin\/canasta-amor-eterno-con-25-rosas-rojas-rosadas-lilium-rosados\/\" \/>\n<meta property=\"og:site_name\" content=\"El Jardin de Rosas\" \/>\n<meta property=\"article:modified_time\" content=\"2026-01-28T01:52:03+00:00\" \/>\n<meta property=\"og:image\" content=\"https:\/\/eljardinderosas.cl\/inicio\/wp-content\/uploads\/2024\/05\/MARAVILLOSA-CANASTA-CON-ROSAS-ROJAS-LILIUM-ROSAS-ROSADAS.jpg\" \/>\n\t<meta property=\"og:image:width\" content=\"1024\" \/>\n\t<meta property=\"og:image:height\" content=\"1024\" \/>\n<meta name=\"twitter:card\" content=\"summary_large_image\" \/>\n<meta name=\"twitter:label1\" content=\"Tiempo de lectura\" \/>\n\t<meta name=\"twitter:data1\" content=\"1 minuto\" \/>\n<script type=\"application\/ld+json\" class=\"yoast-schema-graph\">{\"@context\":\"https:\/\/schema.org\",\"@graph\":[{\"@type\":\"Organization\",\"@id\":\"https:\/\/eljardinderosas.cl\/inicio\/#organization\",\"name\":\"El jardin de las rosas\",\"url\":\"https:\/\/eljardinderosas.cl\/inicio\/\",\"sameAs\":[\"https:\/\/www.instagram.com\/floreria_eljardinderosas\/\"],\"logo\":{\"@type\":\"ImageObject\",\"@id\":\"https:\/\/eljardinderosas.cl\/inicio\/#logo\",\"inLanguage\":\"es\",\"url\":\"https:\/\/eljardinderosas.cl\/inicio\/wp-content\/uploads\/2020\/10\/eljardinderosas-mail.png\",\"contentUrl\":\"https:\/\/eljardinderosas.cl\/inicio\/wp-content\/uploads\/2020\/10\/eljardinderosas-mail.png\",\"width\":317,\"height\":97,\"caption\":\"El jardin de las rosas\"},\"image\":{\"@id\":\"https:\/\/eljardinderosas.cl\/inicio\/#logo\"}},{\"@type\":\"WebSite\",\"@id\":\"https:\/\/eljardinderosas.cl\/inicio\/#website\",\"url\":\"https:\/\/eljardinderosas.cl\/inicio\/\",\"name\":\"Floreria El jardin de las Rosas\",\"description\":\"Flores en Santiago\",\"publisher\":{\"@id\":\"https:\/\/eljardinderosas.cl\/inicio\/#organization\"},\"potentialAction\":[{\"@type\":\"SearchAction\",\"target\":{\"@type\":\"EntryPoint\",\"urlTemplate\":\"https:\/\/eljardinderosas.cl\/inicio\/?s={search_term_string}\"},\"query-input\":\"required name=search_term_string\"}],\"inLanguage\":\"es\"},{\"@type\":\"ImageObject\",\"@id\":\"https:\/\/eljardinderosas.cl\/inicio\/tienda\/regalos-para-san-valentin\/canasta-amor-eterno-con-25-rosas-rojas-rosadas-lilium-rosados\/#primaryimage\",\"inLanguage\":\"es\",\"url\":\"https:\/\/eljardinderosas.cl\/inicio\/wp-content\/uploads\/2024\/05\/MARAVILLOSA-CANASTA-CON-ROSAS-ROJAS-LILIUM-ROSAS-ROSADAS.jpg\",\"contentUrl\":\"https:\/\/eljardinderosas.cl\/inicio\/wp-content\/uploads\/2024\/05\/MARAVILLOSA-CANASTA-CON-ROSAS-ROJAS-LILIUM-ROSAS-ROSADAS.jpg\",\"width\":1024,\"height\":1024},{\"@type\":\"WebPage\",\"@id\":\"https:\/\/eljardinderosas.cl\/inicio\/tienda\/regalos-para-san-valentin\/canasta-amor-eterno-con-25-rosas-rojas-rosadas-lilium-rosados\/#webpage\",\"url\":\"https:\/\/eljardinderosas.cl\/inicio\/tienda\/regalos-para-san-valentin\/canasta-amor-eterno-con-25-rosas-rojas-rosadas-lilium-rosados\/\",\"name\":\"Canasta amor eterno con 25 rosas rojas rosadas lilium rosados - El Jardin de Rosas\",\"isPartOf\":{\"@id\":\"https:\/\/eljardinderosas.cl\/inicio\/#website\"},\"primaryImageOfPage\":{\"@id\":\"https:\/\/eljardinderosas.cl\/inicio\/tienda\/regalos-para-san-valentin\/canasta-amor-eterno-con-25-rosas-rojas-rosadas-lilium-rosados\/#primaryimage\"},\"datePublished\":\"2024-05-12T05:35:30+00:00\",\"dateModified\":\"2026-01-28T01:52:03+00:00\",\"breadcrumb\":{\"@id\":\"https:\/\/eljardinderosas.cl\/inicio\/tienda\/regalos-para-san-valentin\/canasta-amor-eterno-con-25-rosas-rojas-rosadas-lilium-rosados\/#breadcrumb\"},\"inLanguage\":\"es\",\"potentialAction\":[{\"@type\":\"ReadAction\",\"target\":[\"https:\/\/eljardinderosas.cl\/inicio\/tienda\/regalos-para-san-valentin\/canasta-amor-eterno-con-25-rosas-rojas-rosadas-lilium-rosados\/\"]}]},{\"@type\":\"BreadcrumbList\",\"@id\":\"https:\/\/eljardinderosas.cl\/inicio\/tienda\/regalos-para-san-valentin\/canasta-amor-eterno-con-25-rosas-rojas-rosadas-lilium-rosados\/#breadcrumb\",\"itemListElement\":[{\"@type\":\"ListItem\",\"position\":1,\"name\":\"Home\",\"item\":\"https:\/\/eljardinderosas.cl\/inicio\/\"},{\"@type\":\"ListItem\",\"position\":2,\"name\":\"Tienda\",\"item\":\"https:\/\/eljardinderosas.cl\/inicio\/tienda\/\"},{\"@type\":\"ListItem\",\"position\":3,\"name\":\"Canasta amor eterno con 25 rosas rojas rosadas lilium rosados\"}]}]}<\/script>\n<!-- \/ Yoast SEO Premium plugin. -->","yoast_head_json":{"title":"Canasta amor eterno con 25 rosas rojas rosadas lilium rosados - El Jardin de Rosas","robots":{"index":"index","follow":"follow","max-snippet":"max-snippet:-1","max-image-preview":"max-image-preview:large","max-video-preview":"max-video-preview:-1"},"canonical":"https:\/\/eljardinderosas.cl\/inicio\/tienda\/regalos-para-san-valentin\/canasta-amor-eterno-con-25-rosas-rojas-rosadas-lilium-rosados\/","og_locale":"es_ES","og_type":"article","og_title":"Canasta amor eterno con 25 rosas rojas rosadas lilium rosados","og_description":"14 de febrero conquista con esta Delicada canasta de mimbre trenzado a mano, rebosante de 25 rosas rojas y rosadas en perfecta armon\u00eda, simbolizando la pasi\u00f3n ardiente y el cari\u00f1o tierno que enciende los corazones. Cada p\u00e9talo vibra con frescura, envuelto en el elegante lilium oriental rosado, cuya fragancia embriagadora susurra promesas de amor eterno. [...]","og_url":"https:\/\/eljardinderosas.cl\/inicio\/tienda\/regalos-para-san-valentin\/canasta-amor-eterno-con-25-rosas-rojas-rosadas-lilium-rosados\/","og_site_name":"El Jardin de Rosas","article_modified_time":"2026-01-28T01:52:03+00:00","og_image":[{"width":1024,"height":1024,"url":"https:\/\/eljardinderosas.cl\/inicio\/wp-content\/uploads\/2024\/05\/MARAVILLOSA-CANASTA-CON-ROSAS-ROJAS-LILIUM-ROSAS-ROSADAS.jpg","type":"image\/jpeg"}],"twitter_card":"summary_large_image","twitter_misc":{"Tiempo de lectura":"1 minuto"},"schema":{"@context":"https:\/\/schema.org","@graph":[{"@type":"Organization","@id":"https:\/\/eljardinderosas.cl\/inicio\/#organization","name":"El jardin de las rosas","url":"https:\/\/eljardinderosas.cl\/inicio\/","sameAs":["https:\/\/www.instagram.com\/floreria_eljardinderosas\/"],"logo":{"@type":"ImageObject","@id":"https:\/\/eljardinderosas.cl\/inicio\/#logo","inLanguage":"es","url":"https:\/\/eljardinderosas.cl\/inicio\/wp-content\/uploads\/2020\/10\/eljardinderosas-mail.png","contentUrl":"https:\/\/eljardinderosas.cl\/inicio\/wp-content\/uploads\/2020\/10\/eljardinderosas-mail.png","width":317,"height":97,"caption":"El jardin de las rosas"},"image":{"@id":"https:\/\/eljardinderosas.cl\/inicio\/#logo"}},{"@type":"WebSite","@id":"https:\/\/eljardinderosas.cl\/inicio\/#website","url":"https:\/\/eljardinderosas.cl\/inicio\/","name":"Floreria El jardin de las Rosas","description":"Flores en Santiago","publisher":{"@id":"https:\/\/eljardinderosas.cl\/inicio\/#organization"},"potentialAction":[{"@type":"SearchAction","target":{"@type":"EntryPoint","urlTemplate":"https:\/\/eljardinderosas.cl\/inicio\/?s={search_term_string}"},"query-input":"required name=search_term_string"}],"inLanguage":"es"},{"@type":"ImageObject","@id":"https:\/\/eljardinderosas.cl\/inicio\/tienda\/regalos-para-san-valentin\/canasta-amor-eterno-con-25-rosas-rojas-rosadas-lilium-rosados\/#primaryimage","inLanguage":"es","url":"https:\/\/eljardinderosas.cl\/inicio\/wp-content\/uploads\/2024\/05\/MARAVILLOSA-CANASTA-CON-ROSAS-ROJAS-LILIUM-ROSAS-ROSADAS.jpg","contentUrl":"https:\/\/eljardinderosas.cl\/inicio\/wp-content\/uploads\/2024\/05\/MARAVILLOSA-CANASTA-CON-ROSAS-ROJAS-LILIUM-ROSAS-ROSADAS.jpg","width":1024,"height":1024},{"@type":"WebPage","@id":"https:\/\/eljardinderosas.cl\/inicio\/tienda\/regalos-para-san-valentin\/canasta-amor-eterno-con-25-rosas-rojas-rosadas-lilium-rosados\/#webpage","url":"https:\/\/eljardinderosas.cl\/inicio\/tienda\/regalos-para-san-valentin\/canasta-amor-eterno-con-25-rosas-rojas-rosadas-lilium-rosados\/","name":"Canasta amor eterno con 25 rosas rojas rosadas lilium rosados - El Jardin de Rosas","isPartOf":{"@id":"https:\/\/eljardinderosas.cl\/inicio\/#website"},"primaryImageOfPage":{"@id":"https:\/\/eljardinderosas.cl\/inicio\/tienda\/regalos-para-san-valentin\/canasta-amor-eterno-con-25-rosas-rojas-rosadas-lilium-rosados\/#primaryimage"},"datePublished":"2024-05-12T05:35:30+00:00","dateModified":"2026-01-28T01:52:03+00:00","breadcrumb":{"@id":"https:\/\/eljardinderosas.cl\/inicio\/tienda\/regalos-para-san-valentin\/canasta-amor-eterno-con-25-rosas-rojas-rosadas-lilium-rosados\/#breadcrumb"},"inLanguage":"es","potentialAction":[{"@type":"ReadAction","target":["https:\/\/eljardinderosas.cl\/inicio\/tienda\/regalos-para-san-valentin\/canasta-amor-eterno-con-25-rosas-rojas-rosadas-lilium-rosados\/"]}]},{"@type":"BreadcrumbList","@id":"https:\/\/eljardinderosas.cl\/inicio\/tienda\/regalos-para-san-valentin\/canasta-amor-eterno-con-25-rosas-rojas-rosadas-lilium-rosados\/#breadcrumb","itemListElement":[{"@type":"ListItem","position":1,"name":"Home","item":"https:\/\/eljardinderosas.cl\/inicio\/"},{"@type":"ListItem","position":2,"name":"Tienda","item":"https:\/\/eljardinderosas.cl\/inicio\/tienda\/"},{"@type":"ListItem","position":3,"name":"Canasta amor eterno con 25 rosas rojas rosadas lilium rosados"}]}]}},"_links":{"self":[{"href":"https:\/\/eljardinderosas.cl\/inicio\/wp-json\/wp\/v2\/product\/17414"}],"collection":[{"href":"https:\/\/eljardinderosas.cl\/inicio\/wp-json\/wp\/v2\/product"}],"about":[{"href":"https:\/\/eljardinderosas.cl\/inicio\/wp-json\/wp\/v2\/types\/product"}],"wp:featuredmedia":[{"embeddable":true,"href":"https:\/\/eljardinderosas.cl\/inicio\/wp-json\/wp\/v2\/media\/19779"}],"wp:attachment":[{"href":"https:\/\/eljardinderosas.cl\/inicio\/wp-json\/wp\/v2\/media?parent=17414"}],"wp:term":[{"taxonomy":"product_cat","embeddable":true,"href":"https:\/\/eljardinderosas.cl\/inicio\/wp-json\/wp\/v2\/product_cat?post=17414"},{"taxonomy":"product_tag","embeddable":true,"href":"https:\/\/eljardinderosas.cl\/inicio\/wp-json\/wp\/v2\/product_tag?post=17414"}],"curies":[{"name":"wp","href":"https:\/\/api.w.org\/{rel}","templated":true}]}}