{"id":18075,"date":"2024-12-18T23:51:46","date_gmt":"2024-12-19T02:51:46","guid":{"rendered":"https:\/\/eljardinderosas.cl\/inicio\/?post_type=product&#038;p=18075"},"modified":"2024-12-29T23:12:34","modified_gmt":"2024-12-30T02:12:34","slug":"centro-de-mesa-con-rosas-rojas-mables-blancos-cintas","status":"publish","type":"product","link":"https:\/\/eljardinderosas.cl\/inicio\/tienda\/canasta-y-regalos-para-celebrar-en-ano-nuevo\/centro-de-mesa-con-rosas-rojas-mables-blancos-cintas\/","title":{"rendered":"Centro de mesa con rosas rojas mables blancos cintas"},"content":{"rendered":"<p>Centro de mesa con 10 rosas rojas , mables blancos, decorado con detalles navide\u00f1os como esf\u00e9ras, cintas navide\u00f1as y en el centro dos velas rojas, lo que lo convierten en el perfecto centro de mesa para compartir en familia o amigos.<\/p>\n","protected":false},"excerpt":{"rendered":"<p>Este centro de mesa es ideal para cenas familiares, fiestas navide\u00f1as Su atractivo visual y su simbolismo lo convierten en una pieza central perfecta para cualquier celebraci\u00f3n durante la temporada navide\u00f1a.<\/p>\n","protected":false},"featured_media":18074,"template":"","meta":[],"product_cat":[103,106],"product_tag":[],"yoast_head":"<!-- This site is optimized with the Yoast SEO Premium plugin v17.1.2 (Yoast SEO v17.3) - https:\/\/yoast.com\/wordpress\/plugins\/seo\/ -->\n<title>Centro de mesa con rosas rojas mables blancos cintas - El Jardin de Rosas<\/title>\n<meta name=\"robots\" content=\"index, follow, max-snippet:-1, max-image-preview:large, max-video-preview:-1\" \/>\n<link rel=\"canonical\" href=\"https:\/\/eljardinderosas.cl\/inicio\/tienda\/canasta-y-regalos-para-celebrar-en-ano-nuevo\/centro-de-mesa-con-rosas-rojas-mables-blancos-cintas\/\" \/>\n<meta property=\"og:locale\" content=\"es_ES\" \/>\n<meta property=\"og:type\" content=\"article\" \/>\n<meta property=\"og:title\" content=\"Centro de mesa con rosas rojas mables blancos cintas\" \/>\n<meta property=\"og:description\" content=\"Este centro de mesa es ideal para cenas familiares, fiestas navide\u00f1as Su atractivo visual y su simbolismo lo convierten en una pieza central perfecta para cualquier celebraci\u00f3n durante la temporada navide\u00f1a.\" \/>\n<meta property=\"og:url\" content=\"https:\/\/eljardinderosas.cl\/inicio\/tienda\/canasta-y-regalos-para-celebrar-en-ano-nuevo\/centro-de-mesa-con-rosas-rojas-mables-blancos-cintas\/\" \/>\n<meta property=\"og:site_name\" content=\"El Jardin de Rosas\" \/>\n<meta property=\"article:modified_time\" content=\"2024-12-30T02:12:34+00:00\" \/>\n<meta property=\"og:image\" content=\"https:\/\/eljardinderosas.cl\/inicio\/wp-content\/uploads\/2024\/12\/CENTRO-DE-MESA-CON-ROSAS-ROJAS-Y-BLANCAS.jpg\" \/>\n\t<meta property=\"og:image:width\" content=\"536\" \/>\n\t<meta property=\"og:image:height\" content=\"409\" \/>\n<meta name=\"twitter:card\" content=\"summary_large_image\" \/>\n<script type=\"application\/ld+json\" class=\"yoast-schema-graph\">{\"@context\":\"https:\/\/schema.org\",\"@graph\":[{\"@type\":\"Organization\",\"@id\":\"https:\/\/eljardinderosas.cl\/inicio\/#organization\",\"name\":\"El jardin de las rosas\",\"url\":\"https:\/\/eljardinderosas.cl\/inicio\/\",\"sameAs\":[\"https:\/\/www.instagram.com\/floreria_eljardinderosas\/\"],\"logo\":{\"@type\":\"ImageObject\",\"@id\":\"https:\/\/eljardinderosas.cl\/inicio\/#logo\",\"inLanguage\":\"es\",\"url\":\"https:\/\/eljardinderosas.cl\/inicio\/wp-content\/uploads\/2020\/10\/eljardinderosas-mail.png\",\"contentUrl\":\"https:\/\/eljardinderosas.cl\/inicio\/wp-content\/uploads\/2020\/10\/eljardinderosas-mail.png\",\"width\":317,\"height\":97,\"caption\":\"El jardin de las rosas\"},\"image\":{\"@id\":\"https:\/\/eljardinderosas.cl\/inicio\/#logo\"}},{\"@type\":\"WebSite\",\"@id\":\"https:\/\/eljardinderosas.cl\/inicio\/#website\",\"url\":\"https:\/\/eljardinderosas.cl\/inicio\/\",\"name\":\"Floreria El jardin de las Rosas\",\"description\":\"Flores en Santiago\",\"publisher\":{\"@id\":\"https:\/\/eljardinderosas.cl\/inicio\/#organization\"},\"potentialAction\":[{\"@type\":\"SearchAction\",\"target\":{\"@type\":\"EntryPoint\",\"urlTemplate\":\"https:\/\/eljardinderosas.cl\/inicio\/?s={search_term_string}\"},\"query-input\":\"required name=search_term_string\"}],\"inLanguage\":\"es\"},{\"@type\":\"ImageObject\",\"@id\":\"https:\/\/eljardinderosas.cl\/inicio\/tienda\/canasta-y-regalos-para-celebrar-en-ano-nuevo\/centro-de-mesa-con-rosas-rojas-mables-blancos-cintas\/#primaryimage\",\"inLanguage\":\"es\",\"url\":\"https:\/\/eljardinderosas.cl\/inicio\/wp-content\/uploads\/2024\/12\/CENTRO-DE-MESA-CON-ROSAS-ROJAS-Y-BLANCAS.jpg\",\"contentUrl\":\"https:\/\/eljardinderosas.cl\/inicio\/wp-content\/uploads\/2024\/12\/CENTRO-DE-MESA-CON-ROSAS-ROJAS-Y-BLANCAS.jpg\",\"width\":536,\"height\":409},{\"@type\":\"WebPage\",\"@id\":\"https:\/\/eljardinderosas.cl\/inicio\/tienda\/canasta-y-regalos-para-celebrar-en-ano-nuevo\/centro-de-mesa-con-rosas-rojas-mables-blancos-cintas\/#webpage\",\"url\":\"https:\/\/eljardinderosas.cl\/inicio\/tienda\/canasta-y-regalos-para-celebrar-en-ano-nuevo\/centro-de-mesa-con-rosas-rojas-mables-blancos-cintas\/\",\"name\":\"Centro de mesa con rosas rojas mables blancos cintas - El Jardin de Rosas\",\"isPartOf\":{\"@id\":\"https:\/\/eljardinderosas.cl\/inicio\/#website\"},\"primaryImageOfPage\":{\"@id\":\"https:\/\/eljardinderosas.cl\/inicio\/tienda\/canasta-y-regalos-para-celebrar-en-ano-nuevo\/centro-de-mesa-con-rosas-rojas-mables-blancos-cintas\/#primaryimage\"},\"datePublished\":\"2024-12-19T02:51:46+00:00\",\"dateModified\":\"2024-12-30T02:12:34+00:00\",\"breadcrumb\":{\"@id\":\"https:\/\/eljardinderosas.cl\/inicio\/tienda\/canasta-y-regalos-para-celebrar-en-ano-nuevo\/centro-de-mesa-con-rosas-rojas-mables-blancos-cintas\/#breadcrumb\"},\"inLanguage\":\"es\",\"potentialAction\":[{\"@type\":\"ReadAction\",\"target\":[\"https:\/\/eljardinderosas.cl\/inicio\/tienda\/canasta-y-regalos-para-celebrar-en-ano-nuevo\/centro-de-mesa-con-rosas-rojas-mables-blancos-cintas\/\"]}]},{\"@type\":\"BreadcrumbList\",\"@id\":\"https:\/\/eljardinderosas.cl\/inicio\/tienda\/canasta-y-regalos-para-celebrar-en-ano-nuevo\/centro-de-mesa-con-rosas-rojas-mables-blancos-cintas\/#breadcrumb\",\"itemListElement\":[{\"@type\":\"ListItem\",\"position\":1,\"name\":\"Home\",\"item\":\"https:\/\/eljardinderosas.cl\/inicio\/\"},{\"@type\":\"ListItem\",\"position\":2,\"name\":\"Tienda\",\"item\":\"https:\/\/eljardinderosas.cl\/inicio\/tienda\/\"},{\"@type\":\"ListItem\",\"position\":3,\"name\":\"Centro de mesa con rosas rojas mables blancos cintas\"}]}]}<\/script>\n<!-- \/ Yoast SEO Premium plugin. -->","yoast_head_json":{"title":"Centro de mesa con rosas rojas mables blancos cintas - El Jardin de Rosas","robots":{"index":"index","follow":"follow","max-snippet":"max-snippet:-1","max-image-preview":"max-image-preview:large","max-video-preview":"max-video-preview:-1"},"canonical":"https:\/\/eljardinderosas.cl\/inicio\/tienda\/canasta-y-regalos-para-celebrar-en-ano-nuevo\/centro-de-mesa-con-rosas-rojas-mables-blancos-cintas\/","og_locale":"es_ES","og_type":"article","og_title":"Centro de mesa con rosas rojas mables blancos cintas","og_description":"Este centro de mesa es ideal para cenas familiares, fiestas navide\u00f1as Su atractivo visual y su simbolismo lo convierten en una pieza central perfecta para cualquier celebraci\u00f3n durante la temporada navide\u00f1a.","og_url":"https:\/\/eljardinderosas.cl\/inicio\/tienda\/canasta-y-regalos-para-celebrar-en-ano-nuevo\/centro-de-mesa-con-rosas-rojas-mables-blancos-cintas\/","og_site_name":"El Jardin de Rosas","article_modified_time":"2024-12-30T02:12:34+00:00","og_image":[{"width":536,"height":409,"url":"https:\/\/eljardinderosas.cl\/inicio\/wp-content\/uploads\/2024\/12\/CENTRO-DE-MESA-CON-ROSAS-ROJAS-Y-BLANCAS.jpg","type":"image\/jpeg"}],"twitter_card":"summary_large_image","schema":{"@context":"https:\/\/schema.org","@graph":[{"@type":"Organization","@id":"https:\/\/eljardinderosas.cl\/inicio\/#organization","name":"El jardin de las rosas","url":"https:\/\/eljardinderosas.cl\/inicio\/","sameAs":["https:\/\/www.instagram.com\/floreria_eljardinderosas\/"],"logo":{"@type":"ImageObject","@id":"https:\/\/eljardinderosas.cl\/inicio\/#logo","inLanguage":"es","url":"https:\/\/eljardinderosas.cl\/inicio\/wp-content\/uploads\/2020\/10\/eljardinderosas-mail.png","contentUrl":"https:\/\/eljardinderosas.cl\/inicio\/wp-content\/uploads\/2020\/10\/eljardinderosas-mail.png","width":317,"height":97,"caption":"El jardin de las rosas"},"image":{"@id":"https:\/\/eljardinderosas.cl\/inicio\/#logo"}},{"@type":"WebSite","@id":"https:\/\/eljardinderosas.cl\/inicio\/#website","url":"https:\/\/eljardinderosas.cl\/inicio\/","name":"Floreria El jardin de las Rosas","description":"Flores en Santiago","publisher":{"@id":"https:\/\/eljardinderosas.cl\/inicio\/#organization"},"potentialAction":[{"@type":"SearchAction","target":{"@type":"EntryPoint","urlTemplate":"https:\/\/eljardinderosas.cl\/inicio\/?s={search_term_string}"},"query-input":"required name=search_term_string"}],"inLanguage":"es"},{"@type":"ImageObject","@id":"https:\/\/eljardinderosas.cl\/inicio\/tienda\/canasta-y-regalos-para-celebrar-en-ano-nuevo\/centro-de-mesa-con-rosas-rojas-mables-blancos-cintas\/#primaryimage","inLanguage":"es","url":"https:\/\/eljardinderosas.cl\/inicio\/wp-content\/uploads\/2024\/12\/CENTRO-DE-MESA-CON-ROSAS-ROJAS-Y-BLANCAS.jpg","contentUrl":"https:\/\/eljardinderosas.cl\/inicio\/wp-content\/uploads\/2024\/12\/CENTRO-DE-MESA-CON-ROSAS-ROJAS-Y-BLANCAS.jpg","width":536,"height":409},{"@type":"WebPage","@id":"https:\/\/eljardinderosas.cl\/inicio\/tienda\/canasta-y-regalos-para-celebrar-en-ano-nuevo\/centro-de-mesa-con-rosas-rojas-mables-blancos-cintas\/#webpage","url":"https:\/\/eljardinderosas.cl\/inicio\/tienda\/canasta-y-regalos-para-celebrar-en-ano-nuevo\/centro-de-mesa-con-rosas-rojas-mables-blancos-cintas\/","name":"Centro de mesa con rosas rojas mables blancos cintas - El Jardin de Rosas","isPartOf":{"@id":"https:\/\/eljardinderosas.cl\/inicio\/#website"},"primaryImageOfPage":{"@id":"https:\/\/eljardinderosas.cl\/inicio\/tienda\/canasta-y-regalos-para-celebrar-en-ano-nuevo\/centro-de-mesa-con-rosas-rojas-mables-blancos-cintas\/#primaryimage"},"datePublished":"2024-12-19T02:51:46+00:00","dateModified":"2024-12-30T02:12:34+00:00","breadcrumb":{"@id":"https:\/\/eljardinderosas.cl\/inicio\/tienda\/canasta-y-regalos-para-celebrar-en-ano-nuevo\/centro-de-mesa-con-rosas-rojas-mables-blancos-cintas\/#breadcrumb"},"inLanguage":"es","potentialAction":[{"@type":"ReadAction","target":["https:\/\/eljardinderosas.cl\/inicio\/tienda\/canasta-y-regalos-para-celebrar-en-ano-nuevo\/centro-de-mesa-con-rosas-rojas-mables-blancos-cintas\/"]}]},{"@type":"BreadcrumbList","@id":"https:\/\/eljardinderosas.cl\/inicio\/tienda\/canasta-y-regalos-para-celebrar-en-ano-nuevo\/centro-de-mesa-con-rosas-rojas-mables-blancos-cintas\/#breadcrumb","itemListElement":[{"@type":"ListItem","position":1,"name":"Home","item":"https:\/\/eljardinderosas.cl\/inicio\/"},{"@type":"ListItem","position":2,"name":"Tienda","item":"https:\/\/eljardinderosas.cl\/inicio\/tienda\/"},{"@type":"ListItem","position":3,"name":"Centro de mesa con rosas rojas mables blancos cintas"}]}]}},"_links":{"self":[{"href":"https:\/\/eljardinderosas.cl\/inicio\/wp-json\/wp\/v2\/product\/18075"}],"collection":[{"href":"https:\/\/eljardinderosas.cl\/inicio\/wp-json\/wp\/v2\/product"}],"about":[{"href":"https:\/\/eljardinderosas.cl\/inicio\/wp-json\/wp\/v2\/types\/product"}],"wp:featuredmedia":[{"embeddable":true,"href":"https:\/\/eljardinderosas.cl\/inicio\/wp-json\/wp\/v2\/media\/18074"}],"wp:attachment":[{"href":"https:\/\/eljardinderosas.cl\/inicio\/wp-json\/wp\/v2\/media?parent=18075"}],"wp:term":[{"taxonomy":"product_cat","embeddable":true,"href":"https:\/\/eljardinderosas.cl\/inicio\/wp-json\/wp\/v2\/product_cat?post=18075"},{"taxonomy":"product_tag","embeddable":true,"href":"https:\/\/eljardinderosas.cl\/inicio\/wp-json\/wp\/v2\/product_tag?post=18075"}],"curies":[{"name":"wp","href":"https:\/\/api.w.org\/{rel}","templated":true}]}}