{"id":18295,"date":"2025-02-05T22:05:24","date_gmt":"2025-02-06T01:05:24","guid":{"rendered":"https:\/\/eljardinderosas.cl\/inicio\/?post_type=product&#038;p=18295"},"modified":"2026-04-17T13:03:20","modified_gmt":"2026-04-17T17:03:20","slug":"ramo-con-20-tulipanes-surtidos-y-bombones-varsovienne","status":"publish","type":"product","link":"https:\/\/eljardinderosas.cl\/inicio\/tienda\/arreglos-florales\/arreglos-con-tulipanes\/ramo-con-20-tulipanes-surtidos-y-bombones-varsovienne\/","title":{"rendered":"Ramo con 20 tulipanes surtidos y bombones Varsovienne"},"content":{"rendered":"<p>\u00ab\u00a1Enamora con este exclusivo regalo! Ramo de 20 tulipanes vibrantes y deliciosos bombones Varsovienne para un San Valent\u00edn inolvidable. \u00abArreglo floral que cautiva corazones. Este regalo no solo simboliza tu amor y pasi\u00f3n, sino que tambi\u00e9n crea un momento inolvidable. Perfecto para expresar tus sentimientos en el d\u00eda m\u00e1s rom\u00e1ntico del a\u00f1o, este conjunto es ideal para hacer que tu pareja se sienta especial y querida. \u00a1Haz de este 14 de febrero una celebraci\u00f3n memorable!<\/p>\n","protected":false},"excerpt":{"rendered":"<p>\u00a1<\/p>\n","protected":false},"featured_media":19592,"template":"","meta":[],"product_cat":[80,254,230],"product_tag":[290,167],"yoast_head":"<!-- This site is optimized with the Yoast SEO Premium plugin v17.1.2 (Yoast SEO v17.3) - https:\/\/yoast.com\/wordpress\/plugins\/seo\/ -->\n<title>Ramo con 20 tulipanes surtidos y bombones Varsovienne - El Jardin de Rosas<\/title>\n<meta name=\"description\" content=\"\u00c9l regalo ideal para el 14 de febrero .Este regalo no solo simboliza tu amor y pasi\u00f3n, sino que tambi\u00e9n crea un momento inolvidable.\" \/>\n<meta name=\"robots\" content=\"index, follow, max-snippet:-1, max-image-preview:large, max-video-preview:-1\" \/>\n<link rel=\"canonical\" href=\"https:\/\/eljardinderosas.cl\/inicio\/tienda\/arreglos-florales\/arreglos-con-tulipanes\/ramo-con-20-tulipanes-surtidos-y-bombones-varsovienne\/\" \/>\n<meta property=\"og:locale\" content=\"es_ES\" \/>\n<meta property=\"og:type\" content=\"article\" \/>\n<meta property=\"og:title\" content=\"Ramo con 20 tulipanes surtidos y bombones Varsovienne\" \/>\n<meta property=\"og:description\" content=\"\u00c9l regalo ideal para el 14 de febrero .Este regalo no solo simboliza tu amor y pasi\u00f3n, sino que tambi\u00e9n crea un momento inolvidable.\" \/>\n<meta property=\"og:url\" content=\"https:\/\/eljardinderosas.cl\/inicio\/tienda\/arreglos-florales\/arreglos-con-tulipanes\/ramo-con-20-tulipanes-surtidos-y-bombones-varsovienne\/\" \/>\n<meta property=\"og:site_name\" content=\"El Jardin de Rosas\" \/>\n<meta property=\"article:modified_time\" content=\"2026-04-17T17:03:20+00:00\" \/>\n<meta property=\"og:image\" content=\"https:\/\/eljardinderosas.cl\/inicio\/wp-content\/uploads\/2025\/02\/Ramo-con-20-tulipanes-surtidos-y-bombones-Varsovienne.jpg\" \/>\n\t<meta property=\"og:image:width\" content=\"848\" \/>\n\t<meta property=\"og:image:height\" content=\"1024\" \/>\n<meta name=\"twitter:card\" content=\"summary_large_image\" \/>\n<script type=\"application\/ld+json\" class=\"yoast-schema-graph\">{\"@context\":\"https:\/\/schema.org\",\"@graph\":[{\"@type\":\"Organization\",\"@id\":\"https:\/\/eljardinderosas.cl\/inicio\/#organization\",\"name\":\"El jardin de las rosas\",\"url\":\"https:\/\/eljardinderosas.cl\/inicio\/\",\"sameAs\":[\"https:\/\/www.instagram.com\/floreria_eljardinderosas\/\"],\"logo\":{\"@type\":\"ImageObject\",\"@id\":\"https:\/\/eljardinderosas.cl\/inicio\/#logo\",\"inLanguage\":\"es\",\"url\":\"https:\/\/eljardinderosas.cl\/inicio\/wp-content\/uploads\/2020\/10\/eljardinderosas-mail.png\",\"contentUrl\":\"https:\/\/eljardinderosas.cl\/inicio\/wp-content\/uploads\/2020\/10\/eljardinderosas-mail.png\",\"width\":317,\"height\":97,\"caption\":\"El jardin de las rosas\"},\"image\":{\"@id\":\"https:\/\/eljardinderosas.cl\/inicio\/#logo\"}},{\"@type\":\"WebSite\",\"@id\":\"https:\/\/eljardinderosas.cl\/inicio\/#website\",\"url\":\"https:\/\/eljardinderosas.cl\/inicio\/\",\"name\":\"Floreria El jardin de las Rosas\",\"description\":\"Flores en Santiago\",\"publisher\":{\"@id\":\"https:\/\/eljardinderosas.cl\/inicio\/#organization\"},\"potentialAction\":[{\"@type\":\"SearchAction\",\"target\":{\"@type\":\"EntryPoint\",\"urlTemplate\":\"https:\/\/eljardinderosas.cl\/inicio\/?s={search_term_string}\"},\"query-input\":\"required name=search_term_string\"}],\"inLanguage\":\"es\"},{\"@type\":\"ImageObject\",\"@id\":\"https:\/\/eljardinderosas.cl\/inicio\/tienda\/arreglos-florales\/arreglos-con-tulipanes\/ramo-con-20-tulipanes-surtidos-y-bombones-varsovienne\/#primaryimage\",\"inLanguage\":\"es\",\"url\":\"https:\/\/eljardinderosas.cl\/inicio\/wp-content\/uploads\/2025\/02\/Ramo-con-20-tulipanes-surtidos-y-bombones-Varsovienne.jpg\",\"contentUrl\":\"https:\/\/eljardinderosas.cl\/inicio\/wp-content\/uploads\/2025\/02\/Ramo-con-20-tulipanes-surtidos-y-bombones-Varsovienne.jpg\",\"width\":848,\"height\":1024},{\"@type\":\"WebPage\",\"@id\":\"https:\/\/eljardinderosas.cl\/inicio\/tienda\/arreglos-florales\/arreglos-con-tulipanes\/ramo-con-20-tulipanes-surtidos-y-bombones-varsovienne\/#webpage\",\"url\":\"https:\/\/eljardinderosas.cl\/inicio\/tienda\/arreglos-florales\/arreglos-con-tulipanes\/ramo-con-20-tulipanes-surtidos-y-bombones-varsovienne\/\",\"name\":\"Ramo con 20 tulipanes surtidos y bombones Varsovienne - El Jardin de Rosas\",\"isPartOf\":{\"@id\":\"https:\/\/eljardinderosas.cl\/inicio\/#website\"},\"primaryImageOfPage\":{\"@id\":\"https:\/\/eljardinderosas.cl\/inicio\/tienda\/arreglos-florales\/arreglos-con-tulipanes\/ramo-con-20-tulipanes-surtidos-y-bombones-varsovienne\/#primaryimage\"},\"datePublished\":\"2025-02-06T01:05:24+00:00\",\"dateModified\":\"2026-04-17T17:03:20+00:00\",\"description\":\"\\u00c9l regalo ideal para el 14 de febrero .Este regalo no solo simboliza tu amor y pasi\\u00f3n, sino que tambi\\u00e9n crea un momento inolvidable.\",\"breadcrumb\":{\"@id\":\"https:\/\/eljardinderosas.cl\/inicio\/tienda\/arreglos-florales\/arreglos-con-tulipanes\/ramo-con-20-tulipanes-surtidos-y-bombones-varsovienne\/#breadcrumb\"},\"inLanguage\":\"es\",\"potentialAction\":[{\"@type\":\"ReadAction\",\"target\":[\"https:\/\/eljardinderosas.cl\/inicio\/tienda\/arreglos-florales\/arreglos-con-tulipanes\/ramo-con-20-tulipanes-surtidos-y-bombones-varsovienne\/\"]}]},{\"@type\":\"BreadcrumbList\",\"@id\":\"https:\/\/eljardinderosas.cl\/inicio\/tienda\/arreglos-florales\/arreglos-con-tulipanes\/ramo-con-20-tulipanes-surtidos-y-bombones-varsovienne\/#breadcrumb\",\"itemListElement\":[{\"@type\":\"ListItem\",\"position\":1,\"name\":\"Home\",\"item\":\"https:\/\/eljardinderosas.cl\/inicio\/\"},{\"@type\":\"ListItem\",\"position\":2,\"name\":\"Tienda\",\"item\":\"https:\/\/eljardinderosas.cl\/inicio\/tienda\/\"},{\"@type\":\"ListItem\",\"position\":3,\"name\":\"Ramo con 20 tulipanes surtidos y bombones Varsovienne\"}]}]}<\/script>\n<!-- \/ Yoast SEO Premium plugin. -->","yoast_head_json":{"title":"Ramo con 20 tulipanes surtidos y bombones Varsovienne - El Jardin de Rosas","description":"\u00c9l regalo ideal para el 14 de febrero .Este regalo no solo simboliza tu amor y pasi\u00f3n, sino que tambi\u00e9n crea un momento inolvidable.","robots":{"index":"index","follow":"follow","max-snippet":"max-snippet:-1","max-image-preview":"max-image-preview:large","max-video-preview":"max-video-preview:-1"},"canonical":"https:\/\/eljardinderosas.cl\/inicio\/tienda\/arreglos-florales\/arreglos-con-tulipanes\/ramo-con-20-tulipanes-surtidos-y-bombones-varsovienne\/","og_locale":"es_ES","og_type":"article","og_title":"Ramo con 20 tulipanes surtidos y bombones Varsovienne","og_description":"\u00c9l regalo ideal para el 14 de febrero .Este regalo no solo simboliza tu amor y pasi\u00f3n, sino que tambi\u00e9n crea un momento inolvidable.","og_url":"https:\/\/eljardinderosas.cl\/inicio\/tienda\/arreglos-florales\/arreglos-con-tulipanes\/ramo-con-20-tulipanes-surtidos-y-bombones-varsovienne\/","og_site_name":"El Jardin de Rosas","article_modified_time":"2026-04-17T17:03:20+00:00","og_image":[{"width":848,"height":1024,"url":"https:\/\/eljardinderosas.cl\/inicio\/wp-content\/uploads\/2025\/02\/Ramo-con-20-tulipanes-surtidos-y-bombones-Varsovienne.jpg","type":"image\/jpeg"}],"twitter_card":"summary_large_image","schema":{"@context":"https:\/\/schema.org","@graph":[{"@type":"Organization","@id":"https:\/\/eljardinderosas.cl\/inicio\/#organization","name":"El jardin de las rosas","url":"https:\/\/eljardinderosas.cl\/inicio\/","sameAs":["https:\/\/www.instagram.com\/floreria_eljardinderosas\/"],"logo":{"@type":"ImageObject","@id":"https:\/\/eljardinderosas.cl\/inicio\/#logo","inLanguage":"es","url":"https:\/\/eljardinderosas.cl\/inicio\/wp-content\/uploads\/2020\/10\/eljardinderosas-mail.png","contentUrl":"https:\/\/eljardinderosas.cl\/inicio\/wp-content\/uploads\/2020\/10\/eljardinderosas-mail.png","width":317,"height":97,"caption":"El jardin de las rosas"},"image":{"@id":"https:\/\/eljardinderosas.cl\/inicio\/#logo"}},{"@type":"WebSite","@id":"https:\/\/eljardinderosas.cl\/inicio\/#website","url":"https:\/\/eljardinderosas.cl\/inicio\/","name":"Floreria El jardin de las Rosas","description":"Flores en Santiago","publisher":{"@id":"https:\/\/eljardinderosas.cl\/inicio\/#organization"},"potentialAction":[{"@type":"SearchAction","target":{"@type":"EntryPoint","urlTemplate":"https:\/\/eljardinderosas.cl\/inicio\/?s={search_term_string}"},"query-input":"required name=search_term_string"}],"inLanguage":"es"},{"@type":"ImageObject","@id":"https:\/\/eljardinderosas.cl\/inicio\/tienda\/arreglos-florales\/arreglos-con-tulipanes\/ramo-con-20-tulipanes-surtidos-y-bombones-varsovienne\/#primaryimage","inLanguage":"es","url":"https:\/\/eljardinderosas.cl\/inicio\/wp-content\/uploads\/2025\/02\/Ramo-con-20-tulipanes-surtidos-y-bombones-Varsovienne.jpg","contentUrl":"https:\/\/eljardinderosas.cl\/inicio\/wp-content\/uploads\/2025\/02\/Ramo-con-20-tulipanes-surtidos-y-bombones-Varsovienne.jpg","width":848,"height":1024},{"@type":"WebPage","@id":"https:\/\/eljardinderosas.cl\/inicio\/tienda\/arreglos-florales\/arreglos-con-tulipanes\/ramo-con-20-tulipanes-surtidos-y-bombones-varsovienne\/#webpage","url":"https:\/\/eljardinderosas.cl\/inicio\/tienda\/arreglos-florales\/arreglos-con-tulipanes\/ramo-con-20-tulipanes-surtidos-y-bombones-varsovienne\/","name":"Ramo con 20 tulipanes surtidos y bombones Varsovienne - El Jardin de Rosas","isPartOf":{"@id":"https:\/\/eljardinderosas.cl\/inicio\/#website"},"primaryImageOfPage":{"@id":"https:\/\/eljardinderosas.cl\/inicio\/tienda\/arreglos-florales\/arreglos-con-tulipanes\/ramo-con-20-tulipanes-surtidos-y-bombones-varsovienne\/#primaryimage"},"datePublished":"2025-02-06T01:05:24+00:00","dateModified":"2026-04-17T17:03:20+00:00","description":"\u00c9l regalo ideal para el 14 de febrero .Este regalo no solo simboliza tu amor y pasi\u00f3n, sino que tambi\u00e9n crea un momento inolvidable.","breadcrumb":{"@id":"https:\/\/eljardinderosas.cl\/inicio\/tienda\/arreglos-florales\/arreglos-con-tulipanes\/ramo-con-20-tulipanes-surtidos-y-bombones-varsovienne\/#breadcrumb"},"inLanguage":"es","potentialAction":[{"@type":"ReadAction","target":["https:\/\/eljardinderosas.cl\/inicio\/tienda\/arreglos-florales\/arreglos-con-tulipanes\/ramo-con-20-tulipanes-surtidos-y-bombones-varsovienne\/"]}]},{"@type":"BreadcrumbList","@id":"https:\/\/eljardinderosas.cl\/inicio\/tienda\/arreglos-florales\/arreglos-con-tulipanes\/ramo-con-20-tulipanes-surtidos-y-bombones-varsovienne\/#breadcrumb","itemListElement":[{"@type":"ListItem","position":1,"name":"Home","item":"https:\/\/eljardinderosas.cl\/inicio\/"},{"@type":"ListItem","position":2,"name":"Tienda","item":"https:\/\/eljardinderosas.cl\/inicio\/tienda\/"},{"@type":"ListItem","position":3,"name":"Ramo con 20 tulipanes surtidos y bombones Varsovienne"}]}]}},"_links":{"self":[{"href":"https:\/\/eljardinderosas.cl\/inicio\/wp-json\/wp\/v2\/product\/18295"}],"collection":[{"href":"https:\/\/eljardinderosas.cl\/inicio\/wp-json\/wp\/v2\/product"}],"about":[{"href":"https:\/\/eljardinderosas.cl\/inicio\/wp-json\/wp\/v2\/types\/product"}],"wp:featuredmedia":[{"embeddable":true,"href":"https:\/\/eljardinderosas.cl\/inicio\/wp-json\/wp\/v2\/media\/19592"}],"wp:attachment":[{"href":"https:\/\/eljardinderosas.cl\/inicio\/wp-json\/wp\/v2\/media?parent=18295"}],"wp:term":[{"taxonomy":"product_cat","embeddable":true,"href":"https:\/\/eljardinderosas.cl\/inicio\/wp-json\/wp\/v2\/product_cat?post=18295"},{"taxonomy":"product_tag","embeddable":true,"href":"https:\/\/eljardinderosas.cl\/inicio\/wp-json\/wp\/v2\/product_tag?post=18295"}],"curies":[{"name":"wp","href":"https:\/\/api.w.org\/{rel}","templated":true}]}}