{"id":18299,"date":"2025-02-06T12:45:16","date_gmt":"2025-02-06T15:45:16","guid":{"rendered":"https:\/\/eljardinderosas.cl\/inicio\/?post_type=product&#038;p=18299"},"modified":"2026-02-04T23:09:22","modified_gmt":"2026-02-05T02:09:22","slug":"caja-en-forma-de-corazon-con-25-rojas-y-bombones-varsovienne","status":"publish","type":"product","link":"https:\/\/eljardinderosas.cl\/inicio\/tienda\/arreglos-florales\/rosas\/caja-en-forma-de-corazon-con-25-rojas-y-bombones-varsovienne\/","title":{"rendered":"Caja en forma de corazon con 25 rojas y bombones Varsovienne"},"content":{"rendered":"<p>Sorprende al amor de tu vida  en san valentin este  14 de febrero con nuestra exquisita caja en forma de coraz\u00f3n, repleta de los deliciosos bombones Varsovienne.es un regalo sublime y rom\u00e1ntico este D\u00eda de San Valent\u00edn Esta obra maestra combina elegancia y pasi\u00f3n, presentando una selecci\u00f3n exclusiva de chocolates que deleitan el paladar. Cada bomb\u00f3n es una expresi\u00f3n del amor y la dedicaci\u00f3n que caracteriza a esta marca ic\u00f3nica. La caja, cuidadosamente dise\u00f1ada para evocar sentimientos profundos, es el complemento perfecto para sorprender a tu ser querido en esta fecha tan especial este 14 de febrero es un s\u00edmbolo de amor verdadero<\/p>\n","protected":false},"excerpt":{"rendered":"<p>14 de febrero en San valentin\ud83d\ude0d llega a su coraz\u00f3n\u2764\ufe0f con flores de florer\u00eda<br \/>\nEl Jard\u00edn de Rosas\ud83c\udf39\u00a1Celebra y Descubre ramos \u00fanicos y ofertas especiales que alegrar\u00e1n su d\u00eda. \u00a1Haz tu pedido hoy y sorpr\u00e9ndela con un detalle inolvidable!<\/p>\n","protected":false},"featured_media":19886,"template":"","meta":[],"product_cat":[71,84,97,230],"product_tag":[187],"yoast_head":"<!-- This site is optimized with the Yoast SEO Premium plugin v17.1.2 (Yoast SEO v17.3) - https:\/\/yoast.com\/wordpress\/plugins\/seo\/ -->\n<title>Caja en forma de corazon con 25 rojas y bombones Varsovienne - El Jardin de Rosas<\/title>\n<meta name=\"description\" content=\"Box &quot;Pasi\u00f3n Eterna&quot; para San Valent\u00edn con este lujoso box de 25 rosas rojas y bombones varsovienne ideal para declararte con estilo ese dia..\" \/>\n<meta name=\"robots\" content=\"index, follow, max-snippet:-1, max-image-preview:large, max-video-preview:-1\" \/>\n<link rel=\"canonical\" href=\"https:\/\/eljardinderosas.cl\/inicio\/tienda\/arreglos-florales\/rosas\/caja-en-forma-de-corazon-con-25-rojas-y-bombones-varsovienne\/\" \/>\n<meta property=\"og:locale\" content=\"es_ES\" \/>\n<meta property=\"og:type\" content=\"article\" \/>\n<meta property=\"og:title\" content=\"Caja en forma de corazon con 25 rojas y bombones Varsovienne\" \/>\n<meta property=\"og:description\" content=\"Box &quot;Pasi\u00f3n Eterna&quot; para San Valent\u00edn con este lujoso box de 25 rosas rojas y bombones varsovienne ideal para declararte con estilo ese dia..\" \/>\n<meta property=\"og:url\" content=\"https:\/\/eljardinderosas.cl\/inicio\/tienda\/arreglos-florales\/rosas\/caja-en-forma-de-corazon-con-25-rojas-y-bombones-varsovienne\/\" \/>\n<meta property=\"og:site_name\" content=\"El Jardin de Rosas\" \/>\n<meta property=\"article:modified_time\" content=\"2026-02-05T02:09:22+00:00\" \/>\n<meta property=\"og:image\" content=\"https:\/\/eljardinderosas.cl\/inicio\/wp-content\/uploads\/2025\/02\/ELEGANTE-BOX-EN-FORMA-DE-CORAZON-25-ROSAS-ROJAS-Y-BOMBONES-VARSOVIENNE.jpg\" \/>\n\t<meta property=\"og:image:width\" content=\"1024\" \/>\n\t<meta property=\"og:image:height\" content=\"1024\" \/>\n<meta name=\"twitter:card\" content=\"summary_large_image\" \/>\n<meta name=\"twitter:label1\" content=\"Tiempo de lectura\" \/>\n\t<meta name=\"twitter:data1\" content=\"1 minuto\" \/>\n<script type=\"application\/ld+json\" class=\"yoast-schema-graph\">{\"@context\":\"https:\/\/schema.org\",\"@graph\":[{\"@type\":\"Organization\",\"@id\":\"https:\/\/eljardinderosas.cl\/inicio\/#organization\",\"name\":\"El jardin de las rosas\",\"url\":\"https:\/\/eljardinderosas.cl\/inicio\/\",\"sameAs\":[\"https:\/\/www.instagram.com\/floreria_eljardinderosas\/\"],\"logo\":{\"@type\":\"ImageObject\",\"@id\":\"https:\/\/eljardinderosas.cl\/inicio\/#logo\",\"inLanguage\":\"es\",\"url\":\"https:\/\/eljardinderosas.cl\/inicio\/wp-content\/uploads\/2020\/10\/eljardinderosas-mail.png\",\"contentUrl\":\"https:\/\/eljardinderosas.cl\/inicio\/wp-content\/uploads\/2020\/10\/eljardinderosas-mail.png\",\"width\":317,\"height\":97,\"caption\":\"El jardin de las rosas\"},\"image\":{\"@id\":\"https:\/\/eljardinderosas.cl\/inicio\/#logo\"}},{\"@type\":\"WebSite\",\"@id\":\"https:\/\/eljardinderosas.cl\/inicio\/#website\",\"url\":\"https:\/\/eljardinderosas.cl\/inicio\/\",\"name\":\"Floreria El jardin de las Rosas\",\"description\":\"Flores en Santiago\",\"publisher\":{\"@id\":\"https:\/\/eljardinderosas.cl\/inicio\/#organization\"},\"potentialAction\":[{\"@type\":\"SearchAction\",\"target\":{\"@type\":\"EntryPoint\",\"urlTemplate\":\"https:\/\/eljardinderosas.cl\/inicio\/?s={search_term_string}\"},\"query-input\":\"required name=search_term_string\"}],\"inLanguage\":\"es\"},{\"@type\":\"ImageObject\",\"@id\":\"https:\/\/eljardinderosas.cl\/inicio\/tienda\/arreglos-florales\/rosas\/caja-en-forma-de-corazon-con-25-rojas-y-bombones-varsovienne\/#primaryimage\",\"inLanguage\":\"es\",\"url\":\"https:\/\/eljardinderosas.cl\/inicio\/wp-content\/uploads\/2025\/02\/ELEGANTE-BOX-EN-FORMA-DE-CORAZON-25-ROSAS-ROJAS-Y-BOMBONES-VARSOVIENNE.jpg\",\"contentUrl\":\"https:\/\/eljardinderosas.cl\/inicio\/wp-content\/uploads\/2025\/02\/ELEGANTE-BOX-EN-FORMA-DE-CORAZON-25-ROSAS-ROJAS-Y-BOMBONES-VARSOVIENNE.jpg\",\"width\":1024,\"height\":1024},{\"@type\":\"WebPage\",\"@id\":\"https:\/\/eljardinderosas.cl\/inicio\/tienda\/arreglos-florales\/rosas\/caja-en-forma-de-corazon-con-25-rojas-y-bombones-varsovienne\/#webpage\",\"url\":\"https:\/\/eljardinderosas.cl\/inicio\/tienda\/arreglos-florales\/rosas\/caja-en-forma-de-corazon-con-25-rojas-y-bombones-varsovienne\/\",\"name\":\"Caja en forma de corazon con 25 rojas y bombones Varsovienne - El Jardin de Rosas\",\"isPartOf\":{\"@id\":\"https:\/\/eljardinderosas.cl\/inicio\/#website\"},\"primaryImageOfPage\":{\"@id\":\"https:\/\/eljardinderosas.cl\/inicio\/tienda\/arreglos-florales\/rosas\/caja-en-forma-de-corazon-con-25-rojas-y-bombones-varsovienne\/#primaryimage\"},\"datePublished\":\"2025-02-06T15:45:16+00:00\",\"dateModified\":\"2026-02-05T02:09:22+00:00\",\"description\":\"Box \\\"Pasi\\u00f3n Eterna\\\" para San Valent\\u00edn con este lujoso box de 25 rosas rojas y bombones varsovienne ideal para declararte con estilo ese dia..\",\"breadcrumb\":{\"@id\":\"https:\/\/eljardinderosas.cl\/inicio\/tienda\/arreglos-florales\/rosas\/caja-en-forma-de-corazon-con-25-rojas-y-bombones-varsovienne\/#breadcrumb\"},\"inLanguage\":\"es\",\"potentialAction\":[{\"@type\":\"ReadAction\",\"target\":[\"https:\/\/eljardinderosas.cl\/inicio\/tienda\/arreglos-florales\/rosas\/caja-en-forma-de-corazon-con-25-rojas-y-bombones-varsovienne\/\"]}]},{\"@type\":\"BreadcrumbList\",\"@id\":\"https:\/\/eljardinderosas.cl\/inicio\/tienda\/arreglos-florales\/rosas\/caja-en-forma-de-corazon-con-25-rojas-y-bombones-varsovienne\/#breadcrumb\",\"itemListElement\":[{\"@type\":\"ListItem\",\"position\":1,\"name\":\"Home\",\"item\":\"https:\/\/eljardinderosas.cl\/inicio\/\"},{\"@type\":\"ListItem\",\"position\":2,\"name\":\"Tienda\",\"item\":\"https:\/\/eljardinderosas.cl\/inicio\/tienda\/\"},{\"@type\":\"ListItem\",\"position\":3,\"name\":\"Caja en forma de corazon con 25 rojas y bombones Varsovienne\"}]}]}<\/script>\n<!-- \/ Yoast SEO Premium plugin. -->","yoast_head_json":{"title":"Caja en forma de corazon con 25 rojas y bombones Varsovienne - El Jardin de Rosas","description":"Box \"Pasi\u00f3n Eterna\" para San Valent\u00edn con este lujoso box de 25 rosas rojas y bombones varsovienne ideal para declararte con estilo ese dia..","robots":{"index":"index","follow":"follow","max-snippet":"max-snippet:-1","max-image-preview":"max-image-preview:large","max-video-preview":"max-video-preview:-1"},"canonical":"https:\/\/eljardinderosas.cl\/inicio\/tienda\/arreglos-florales\/rosas\/caja-en-forma-de-corazon-con-25-rojas-y-bombones-varsovienne\/","og_locale":"es_ES","og_type":"article","og_title":"Caja en forma de corazon con 25 rojas y bombones Varsovienne","og_description":"Box \"Pasi\u00f3n Eterna\" para San Valent\u00edn con este lujoso box de 25 rosas rojas y bombones varsovienne ideal para declararte con estilo ese dia..","og_url":"https:\/\/eljardinderosas.cl\/inicio\/tienda\/arreglos-florales\/rosas\/caja-en-forma-de-corazon-con-25-rojas-y-bombones-varsovienne\/","og_site_name":"El Jardin de Rosas","article_modified_time":"2026-02-05T02:09:22+00:00","og_image":[{"width":1024,"height":1024,"url":"https:\/\/eljardinderosas.cl\/inicio\/wp-content\/uploads\/2025\/02\/ELEGANTE-BOX-EN-FORMA-DE-CORAZON-25-ROSAS-ROJAS-Y-BOMBONES-VARSOVIENNE.jpg","type":"image\/jpeg"}],"twitter_card":"summary_large_image","twitter_misc":{"Tiempo de lectura":"1 minuto"},"schema":{"@context":"https:\/\/schema.org","@graph":[{"@type":"Organization","@id":"https:\/\/eljardinderosas.cl\/inicio\/#organization","name":"El jardin de las rosas","url":"https:\/\/eljardinderosas.cl\/inicio\/","sameAs":["https:\/\/www.instagram.com\/floreria_eljardinderosas\/"],"logo":{"@type":"ImageObject","@id":"https:\/\/eljardinderosas.cl\/inicio\/#logo","inLanguage":"es","url":"https:\/\/eljardinderosas.cl\/inicio\/wp-content\/uploads\/2020\/10\/eljardinderosas-mail.png","contentUrl":"https:\/\/eljardinderosas.cl\/inicio\/wp-content\/uploads\/2020\/10\/eljardinderosas-mail.png","width":317,"height":97,"caption":"El jardin de las rosas"},"image":{"@id":"https:\/\/eljardinderosas.cl\/inicio\/#logo"}},{"@type":"WebSite","@id":"https:\/\/eljardinderosas.cl\/inicio\/#website","url":"https:\/\/eljardinderosas.cl\/inicio\/","name":"Floreria El jardin de las Rosas","description":"Flores en Santiago","publisher":{"@id":"https:\/\/eljardinderosas.cl\/inicio\/#organization"},"potentialAction":[{"@type":"SearchAction","target":{"@type":"EntryPoint","urlTemplate":"https:\/\/eljardinderosas.cl\/inicio\/?s={search_term_string}"},"query-input":"required name=search_term_string"}],"inLanguage":"es"},{"@type":"ImageObject","@id":"https:\/\/eljardinderosas.cl\/inicio\/tienda\/arreglos-florales\/rosas\/caja-en-forma-de-corazon-con-25-rojas-y-bombones-varsovienne\/#primaryimage","inLanguage":"es","url":"https:\/\/eljardinderosas.cl\/inicio\/wp-content\/uploads\/2025\/02\/ELEGANTE-BOX-EN-FORMA-DE-CORAZON-25-ROSAS-ROJAS-Y-BOMBONES-VARSOVIENNE.jpg","contentUrl":"https:\/\/eljardinderosas.cl\/inicio\/wp-content\/uploads\/2025\/02\/ELEGANTE-BOX-EN-FORMA-DE-CORAZON-25-ROSAS-ROJAS-Y-BOMBONES-VARSOVIENNE.jpg","width":1024,"height":1024},{"@type":"WebPage","@id":"https:\/\/eljardinderosas.cl\/inicio\/tienda\/arreglos-florales\/rosas\/caja-en-forma-de-corazon-con-25-rojas-y-bombones-varsovienne\/#webpage","url":"https:\/\/eljardinderosas.cl\/inicio\/tienda\/arreglos-florales\/rosas\/caja-en-forma-de-corazon-con-25-rojas-y-bombones-varsovienne\/","name":"Caja en forma de corazon con 25 rojas y bombones Varsovienne - El Jardin de Rosas","isPartOf":{"@id":"https:\/\/eljardinderosas.cl\/inicio\/#website"},"primaryImageOfPage":{"@id":"https:\/\/eljardinderosas.cl\/inicio\/tienda\/arreglos-florales\/rosas\/caja-en-forma-de-corazon-con-25-rojas-y-bombones-varsovienne\/#primaryimage"},"datePublished":"2025-02-06T15:45:16+00:00","dateModified":"2026-02-05T02:09:22+00:00","description":"Box \"Pasi\u00f3n Eterna\" para San Valent\u00edn con este lujoso box de 25 rosas rojas y bombones varsovienne ideal para declararte con estilo ese dia..","breadcrumb":{"@id":"https:\/\/eljardinderosas.cl\/inicio\/tienda\/arreglos-florales\/rosas\/caja-en-forma-de-corazon-con-25-rojas-y-bombones-varsovienne\/#breadcrumb"},"inLanguage":"es","potentialAction":[{"@type":"ReadAction","target":["https:\/\/eljardinderosas.cl\/inicio\/tienda\/arreglos-florales\/rosas\/caja-en-forma-de-corazon-con-25-rojas-y-bombones-varsovienne\/"]}]},{"@type":"BreadcrumbList","@id":"https:\/\/eljardinderosas.cl\/inicio\/tienda\/arreglos-florales\/rosas\/caja-en-forma-de-corazon-con-25-rojas-y-bombones-varsovienne\/#breadcrumb","itemListElement":[{"@type":"ListItem","position":1,"name":"Home","item":"https:\/\/eljardinderosas.cl\/inicio\/"},{"@type":"ListItem","position":2,"name":"Tienda","item":"https:\/\/eljardinderosas.cl\/inicio\/tienda\/"},{"@type":"ListItem","position":3,"name":"Caja en forma de corazon con 25 rojas y bombones Varsovienne"}]}]}},"_links":{"self":[{"href":"https:\/\/eljardinderosas.cl\/inicio\/wp-json\/wp\/v2\/product\/18299"}],"collection":[{"href":"https:\/\/eljardinderosas.cl\/inicio\/wp-json\/wp\/v2\/product"}],"about":[{"href":"https:\/\/eljardinderosas.cl\/inicio\/wp-json\/wp\/v2\/types\/product"}],"wp:featuredmedia":[{"embeddable":true,"href":"https:\/\/eljardinderosas.cl\/inicio\/wp-json\/wp\/v2\/media\/19886"}],"wp:attachment":[{"href":"https:\/\/eljardinderosas.cl\/inicio\/wp-json\/wp\/v2\/media?parent=18299"}],"wp:term":[{"taxonomy":"product_cat","embeddable":true,"href":"https:\/\/eljardinderosas.cl\/inicio\/wp-json\/wp\/v2\/product_cat?post=18299"},{"taxonomy":"product_tag","embeddable":true,"href":"https:\/\/eljardinderosas.cl\/inicio\/wp-json\/wp\/v2\/product_tag?post=18299"}],"curies":[{"name":"wp","href":"https:\/\/api.w.org\/{rel}","templated":true}]}}