{"id":1841,"date":"2021-01-11T23:03:01","date_gmt":"2021-01-12T02:03:01","guid":{"rendered":"https:\/\/eljardinderosas.cl\/inicio\/?post_type=product&#038;p=1841"},"modified":"2024-04-21T16:59:47","modified_gmt":"2024-04-21T20:59:47","slug":"caja-o-canasta-con-50-rosas-damasco-ecuatorianas","status":"publish","type":"product","link":"https:\/\/eljardinderosas.cl\/inicio\/tienda\/aniversarios\/caja-o-canasta-con-50-rosas-damasco-ecuatorianas\/","title":{"rendered":"Caja o canasta con 50 rosas damasco ecuatorianas"},"content":{"rendered":"<ul>\n<li>D\u00e9jate cautivar por nuestras cautivadoras y encantadoras cajas en formas\u00a0 redondas o canastas de mimbre con 50 bellas rosas damasco un maravillos arreglo es la mejor manera de hacerlo que con un regalo hermoso y significativo? Regalar flores en este d\u00eda es una forma maravillosa de honrar a las madres por todo el amor que nos brindan. puedas recordarles lo mucho que las amas.No pierdas la oportunidad de regalar un detalle que dejar\u00e1 huella en el coraz\u00f3n. No dejes pasar esta oportunidad de mostrarle a tu mam\u00e1 lo especial que es. Haz de este D\u00eda de la Madre un d\u00eda inolvidable lleno de amor y gratitud. \u00a1Ella se lo merece!<\/li>\n<\/ul>\n","protected":false},"excerpt":{"rendered":"<p>D\u00e9jate cautivar por nuestras cautivadoras y encantadoras cajas en formas\u00a0 redondas o canastas de mimbre con 50 bellas rosas damasco un maravillos arreglo es la mejor manera de hacerlo que con un regalo hermoso y significativo? Regalar flores en este d\u00eda es una forma maravillosa de honrar a las madres por todo el amor que [&#8230;]\n","protected":false},"featured_media":17111,"template":"","meta":[],"product_cat":[96,93,202,97,189],"product_tag":[117,269,113],"yoast_head":"<!-- This site is optimized with the Yoast SEO Premium plugin v17.1.2 (Yoast SEO v17.3) - https:\/\/yoast.com\/wordpress\/plugins\/seo\/ -->\n<title>Caja o canasta con 50 rosas damasco ecuatorianas - El Jardin de Rosas<\/title>\n<meta name=\"robots\" content=\"index, follow, max-snippet:-1, max-image-preview:large, max-video-preview:-1\" \/>\n<link rel=\"canonical\" href=\"https:\/\/eljardinderosas.cl\/inicio\/tienda\/aniversarios\/caja-o-canasta-con-50-rosas-damasco-ecuatorianas\/\" \/>\n<meta property=\"og:locale\" content=\"es_ES\" \/>\n<meta property=\"og:type\" content=\"article\" \/>\n<meta property=\"og:title\" content=\"Caja o canasta con 50 rosas damasco ecuatorianas\" \/>\n<meta property=\"og:description\" content=\"D\u00e9jate cautivar por nuestras cautivadoras y encantadoras cajas en formas\u00a0 redondas o canastas de mimbre con 50 bellas rosas damasco un maravillos arreglo es la mejor manera de hacerlo que con un regalo hermoso y significativo? Regalar flores en este d\u00eda es una forma maravillosa de honrar a las madres por todo el amor que [...]\" \/>\n<meta property=\"og:url\" content=\"https:\/\/eljardinderosas.cl\/inicio\/tienda\/aniversarios\/caja-o-canasta-con-50-rosas-damasco-ecuatorianas\/\" \/>\n<meta property=\"og:site_name\" content=\"El Jardin de Rosas\" \/>\n<meta property=\"article:modified_time\" content=\"2024-04-21T20:59:47+00:00\" \/>\n<meta property=\"og:image\" content=\"https:\/\/eljardinderosas.cl\/inicio\/wp-content\/uploads\/2021\/01\/box-con-50-rosas-damasdcos.png\" \/>\n\t<meta property=\"og:image:width\" content=\"500\" \/>\n\t<meta property=\"og:image:height\" content=\"500\" \/>\n<meta name=\"twitter:card\" content=\"summary_large_image\" \/>\n<meta name=\"twitter:label1\" content=\"Tiempo de lectura\" \/>\n\t<meta name=\"twitter:data1\" content=\"1 minuto\" \/>\n<script type=\"application\/ld+json\" class=\"yoast-schema-graph\">{\"@context\":\"https:\/\/schema.org\",\"@graph\":[{\"@type\":\"Organization\",\"@id\":\"https:\/\/eljardinderosas.cl\/inicio\/#organization\",\"name\":\"El jardin de las rosas\",\"url\":\"https:\/\/eljardinderosas.cl\/inicio\/\",\"sameAs\":[\"https:\/\/www.instagram.com\/floreria_eljardinderosas\/\"],\"logo\":{\"@type\":\"ImageObject\",\"@id\":\"https:\/\/eljardinderosas.cl\/inicio\/#logo\",\"inLanguage\":\"es\",\"url\":\"https:\/\/eljardinderosas.cl\/inicio\/wp-content\/uploads\/2020\/10\/eljardinderosas-mail.png\",\"contentUrl\":\"https:\/\/eljardinderosas.cl\/inicio\/wp-content\/uploads\/2020\/10\/eljardinderosas-mail.png\",\"width\":317,\"height\":97,\"caption\":\"El jardin de las rosas\"},\"image\":{\"@id\":\"https:\/\/eljardinderosas.cl\/inicio\/#logo\"}},{\"@type\":\"WebSite\",\"@id\":\"https:\/\/eljardinderosas.cl\/inicio\/#website\",\"url\":\"https:\/\/eljardinderosas.cl\/inicio\/\",\"name\":\"Floreria El jardin de las Rosas\",\"description\":\"Flores en Santiago\",\"publisher\":{\"@id\":\"https:\/\/eljardinderosas.cl\/inicio\/#organization\"},\"potentialAction\":[{\"@type\":\"SearchAction\",\"target\":{\"@type\":\"EntryPoint\",\"urlTemplate\":\"https:\/\/eljardinderosas.cl\/inicio\/?s={search_term_string}\"},\"query-input\":\"required name=search_term_string\"}],\"inLanguage\":\"es\"},{\"@type\":\"ImageObject\",\"@id\":\"https:\/\/eljardinderosas.cl\/inicio\/tienda\/aniversarios\/caja-o-canasta-con-50-rosas-damasco-ecuatorianas\/#primaryimage\",\"inLanguage\":\"es\",\"url\":\"https:\/\/eljardinderosas.cl\/inicio\/wp-content\/uploads\/2021\/01\/box-con-50-rosas-damasdcos.png\",\"contentUrl\":\"https:\/\/eljardinderosas.cl\/inicio\/wp-content\/uploads\/2021\/01\/box-con-50-rosas-damasdcos.png\",\"width\":500,\"height\":500},{\"@type\":\"WebPage\",\"@id\":\"https:\/\/eljardinderosas.cl\/inicio\/tienda\/aniversarios\/caja-o-canasta-con-50-rosas-damasco-ecuatorianas\/#webpage\",\"url\":\"https:\/\/eljardinderosas.cl\/inicio\/tienda\/aniversarios\/caja-o-canasta-con-50-rosas-damasco-ecuatorianas\/\",\"name\":\"Caja o canasta con 50 rosas damasco ecuatorianas - El Jardin de Rosas\",\"isPartOf\":{\"@id\":\"https:\/\/eljardinderosas.cl\/inicio\/#website\"},\"primaryImageOfPage\":{\"@id\":\"https:\/\/eljardinderosas.cl\/inicio\/tienda\/aniversarios\/caja-o-canasta-con-50-rosas-damasco-ecuatorianas\/#primaryimage\"},\"datePublished\":\"2021-01-12T02:03:01+00:00\",\"dateModified\":\"2024-04-21T20:59:47+00:00\",\"breadcrumb\":{\"@id\":\"https:\/\/eljardinderosas.cl\/inicio\/tienda\/aniversarios\/caja-o-canasta-con-50-rosas-damasco-ecuatorianas\/#breadcrumb\"},\"inLanguage\":\"es\",\"potentialAction\":[{\"@type\":\"ReadAction\",\"target\":[\"https:\/\/eljardinderosas.cl\/inicio\/tienda\/aniversarios\/caja-o-canasta-con-50-rosas-damasco-ecuatorianas\/\"]}]},{\"@type\":\"BreadcrumbList\",\"@id\":\"https:\/\/eljardinderosas.cl\/inicio\/tienda\/aniversarios\/caja-o-canasta-con-50-rosas-damasco-ecuatorianas\/#breadcrumb\",\"itemListElement\":[{\"@type\":\"ListItem\",\"position\":1,\"name\":\"Home\",\"item\":\"https:\/\/eljardinderosas.cl\/inicio\/\"},{\"@type\":\"ListItem\",\"position\":2,\"name\":\"Tienda\",\"item\":\"https:\/\/eljardinderosas.cl\/inicio\/tienda\/\"},{\"@type\":\"ListItem\",\"position\":3,\"name\":\"Caja o canasta con 50 rosas damasco ecuatorianas\"}]}]}<\/script>\n<!-- \/ Yoast SEO Premium plugin. -->","yoast_head_json":{"title":"Caja o canasta con 50 rosas damasco ecuatorianas - El Jardin de Rosas","robots":{"index":"index","follow":"follow","max-snippet":"max-snippet:-1","max-image-preview":"max-image-preview:large","max-video-preview":"max-video-preview:-1"},"canonical":"https:\/\/eljardinderosas.cl\/inicio\/tienda\/aniversarios\/caja-o-canasta-con-50-rosas-damasco-ecuatorianas\/","og_locale":"es_ES","og_type":"article","og_title":"Caja o canasta con 50 rosas damasco ecuatorianas","og_description":"D\u00e9jate cautivar por nuestras cautivadoras y encantadoras cajas en formas\u00a0 redondas o canastas de mimbre con 50 bellas rosas damasco un maravillos arreglo es la mejor manera de hacerlo que con un regalo hermoso y significativo? Regalar flores en este d\u00eda es una forma maravillosa de honrar a las madres por todo el amor que [...]","og_url":"https:\/\/eljardinderosas.cl\/inicio\/tienda\/aniversarios\/caja-o-canasta-con-50-rosas-damasco-ecuatorianas\/","og_site_name":"El Jardin de Rosas","article_modified_time":"2024-04-21T20:59:47+00:00","og_image":[{"width":500,"height":500,"url":"https:\/\/eljardinderosas.cl\/inicio\/wp-content\/uploads\/2021\/01\/box-con-50-rosas-damasdcos.png","type":"image\/png"}],"twitter_card":"summary_large_image","twitter_misc":{"Tiempo de lectura":"1 minuto"},"schema":{"@context":"https:\/\/schema.org","@graph":[{"@type":"Organization","@id":"https:\/\/eljardinderosas.cl\/inicio\/#organization","name":"El jardin de las rosas","url":"https:\/\/eljardinderosas.cl\/inicio\/","sameAs":["https:\/\/www.instagram.com\/floreria_eljardinderosas\/"],"logo":{"@type":"ImageObject","@id":"https:\/\/eljardinderosas.cl\/inicio\/#logo","inLanguage":"es","url":"https:\/\/eljardinderosas.cl\/inicio\/wp-content\/uploads\/2020\/10\/eljardinderosas-mail.png","contentUrl":"https:\/\/eljardinderosas.cl\/inicio\/wp-content\/uploads\/2020\/10\/eljardinderosas-mail.png","width":317,"height":97,"caption":"El jardin de las rosas"},"image":{"@id":"https:\/\/eljardinderosas.cl\/inicio\/#logo"}},{"@type":"WebSite","@id":"https:\/\/eljardinderosas.cl\/inicio\/#website","url":"https:\/\/eljardinderosas.cl\/inicio\/","name":"Floreria El jardin de las Rosas","description":"Flores en Santiago","publisher":{"@id":"https:\/\/eljardinderosas.cl\/inicio\/#organization"},"potentialAction":[{"@type":"SearchAction","target":{"@type":"EntryPoint","urlTemplate":"https:\/\/eljardinderosas.cl\/inicio\/?s={search_term_string}"},"query-input":"required name=search_term_string"}],"inLanguage":"es"},{"@type":"ImageObject","@id":"https:\/\/eljardinderosas.cl\/inicio\/tienda\/aniversarios\/caja-o-canasta-con-50-rosas-damasco-ecuatorianas\/#primaryimage","inLanguage":"es","url":"https:\/\/eljardinderosas.cl\/inicio\/wp-content\/uploads\/2021\/01\/box-con-50-rosas-damasdcos.png","contentUrl":"https:\/\/eljardinderosas.cl\/inicio\/wp-content\/uploads\/2021\/01\/box-con-50-rosas-damasdcos.png","width":500,"height":500},{"@type":"WebPage","@id":"https:\/\/eljardinderosas.cl\/inicio\/tienda\/aniversarios\/caja-o-canasta-con-50-rosas-damasco-ecuatorianas\/#webpage","url":"https:\/\/eljardinderosas.cl\/inicio\/tienda\/aniversarios\/caja-o-canasta-con-50-rosas-damasco-ecuatorianas\/","name":"Caja o canasta con 50 rosas damasco ecuatorianas - El Jardin de Rosas","isPartOf":{"@id":"https:\/\/eljardinderosas.cl\/inicio\/#website"},"primaryImageOfPage":{"@id":"https:\/\/eljardinderosas.cl\/inicio\/tienda\/aniversarios\/caja-o-canasta-con-50-rosas-damasco-ecuatorianas\/#primaryimage"},"datePublished":"2021-01-12T02:03:01+00:00","dateModified":"2024-04-21T20:59:47+00:00","breadcrumb":{"@id":"https:\/\/eljardinderosas.cl\/inicio\/tienda\/aniversarios\/caja-o-canasta-con-50-rosas-damasco-ecuatorianas\/#breadcrumb"},"inLanguage":"es","potentialAction":[{"@type":"ReadAction","target":["https:\/\/eljardinderosas.cl\/inicio\/tienda\/aniversarios\/caja-o-canasta-con-50-rosas-damasco-ecuatorianas\/"]}]},{"@type":"BreadcrumbList","@id":"https:\/\/eljardinderosas.cl\/inicio\/tienda\/aniversarios\/caja-o-canasta-con-50-rosas-damasco-ecuatorianas\/#breadcrumb","itemListElement":[{"@type":"ListItem","position":1,"name":"Home","item":"https:\/\/eljardinderosas.cl\/inicio\/"},{"@type":"ListItem","position":2,"name":"Tienda","item":"https:\/\/eljardinderosas.cl\/inicio\/tienda\/"},{"@type":"ListItem","position":3,"name":"Caja o canasta con 50 rosas damasco ecuatorianas"}]}]}},"_links":{"self":[{"href":"https:\/\/eljardinderosas.cl\/inicio\/wp-json\/wp\/v2\/product\/1841"}],"collection":[{"href":"https:\/\/eljardinderosas.cl\/inicio\/wp-json\/wp\/v2\/product"}],"about":[{"href":"https:\/\/eljardinderosas.cl\/inicio\/wp-json\/wp\/v2\/types\/product"}],"wp:featuredmedia":[{"embeddable":true,"href":"https:\/\/eljardinderosas.cl\/inicio\/wp-json\/wp\/v2\/media\/17111"}],"wp:attachment":[{"href":"https:\/\/eljardinderosas.cl\/inicio\/wp-json\/wp\/v2\/media?parent=1841"}],"wp:term":[{"taxonomy":"product_cat","embeddable":true,"href":"https:\/\/eljardinderosas.cl\/inicio\/wp-json\/wp\/v2\/product_cat?post=1841"},{"taxonomy":"product_tag","embeddable":true,"href":"https:\/\/eljardinderosas.cl\/inicio\/wp-json\/wp\/v2\/product_tag?post=1841"}],"curies":[{"name":"wp","href":"https:\/\/api.w.org\/{rel}","templated":true}]}}