{"id":18581,"date":"2025-04-27T15:06:35","date_gmt":"2025-04-27T19:06:35","guid":{"rendered":"https:\/\/eljardinderosas.cl\/inicio\/?post_type=product&#038;p=18581"},"modified":"2026-04-19T18:42:18","modified_gmt":"2026-04-19T22:42:18","slug":"ramo-de-flores-con-30-tulipanes-morados-rosados-y-blancos","status":"publish","type":"product","link":"https:\/\/eljardinderosas.cl\/inicio\/tienda\/flores-a-domicilio-en-las-condes\/ramo-de-flores-con-30-tulipanes-morados-rosados-y-blancos\/","title":{"rendered":"Ramo de flores con 30 tulipanes morados rosados y blancos"},"content":{"rendered":"<p>Hermoso dise\u00f1o en ramo compuesto por 30 tulipanes en una encantadora mezcla de colores morados, rosados y blancos. Cada tulip\u00e1n destaca por su elegancia y delicadeza, creando un contraste armonioso y vibrante. Los tulipanes morados aportan un toque de misterio y sofisticaci\u00f3n, los rosados transmiten ternura y romanticismo, mientras que los blancos simbolizan pureza y frescura. Este conjunto es perfecto para decorar cualquier espacio con un aire primaveral y alegre, para demostrarle todo tu amor y gratitud! \u00a1Haz tu pedido ahora y sorprende a tu madre con un detalle que la har\u00e1 sonre\u00edr toda la semana<\/p>\n","protected":false},"excerpt":{"rendered":"<p>llega a su coraz\u00f3n\u2764\ufe0f \u00a1Celebra y Descubre ramos \u00fanicos y ofertas especiales que alegrar\u00e1n su d\u00eda. \u00a1Haz tu pedido hoy y sorpr\u00e9ndela con un detalle inolvidable!<\/p>\n","protected":false},"featured_media":18584,"template":"","meta":[],"product_cat":[264],"product_tag":[],"yoast_head":"<!-- This site is optimized with the Yoast SEO Premium plugin v17.1.2 (Yoast SEO v17.3) - https:\/\/yoast.com\/wordpress\/plugins\/seo\/ -->\n<title>Ramo de flores con 30 tulipanes morados rosados y blancos - El Jardin de Rosas<\/title>\n<meta name=\"description\" content=\"Arreglos florales a precios irresistibles. bello ramo con 20 tulipanes colores a elecci\u00f3n a solo $ 59.990 tulipanes\" \/>\n<meta name=\"robots\" content=\"index, follow, max-snippet:-1, max-image-preview:large, max-video-preview:-1\" \/>\n<link rel=\"canonical\" href=\"https:\/\/eljardinderosas.cl\/inicio\/tienda\/flores-a-domicilio-en-las-condes\/ramo-de-flores-con-30-tulipanes-morados-rosados-y-blancos\/\" \/>\n<meta property=\"og:locale\" content=\"es_ES\" \/>\n<meta property=\"og:type\" content=\"article\" \/>\n<meta property=\"og:title\" content=\"Ramo de flores con 30 tulipanes morados rosados y blancos\" \/>\n<meta property=\"og:description\" content=\"Arreglos florales a precios irresistibles. bello ramo con 20 tulipanes colores a elecci\u00f3n a solo $ 59.990 tulipanes\" \/>\n<meta property=\"og:url\" content=\"https:\/\/eljardinderosas.cl\/inicio\/tienda\/flores-a-domicilio-en-las-condes\/ramo-de-flores-con-30-tulipanes-morados-rosados-y-blancos\/\" \/>\n<meta property=\"og:site_name\" content=\"El Jardin de Rosas\" \/>\n<meta property=\"article:modified_time\" content=\"2026-04-19T22:42:18+00:00\" \/>\n<meta property=\"og:image\" content=\"https:\/\/eljardinderosas.cl\/inicio\/wp-content\/uploads\/2025\/04\/RAMO-CON-30-TULIPANES-MORADOS-BLANCOS-Y-ROSADOS.jpg\" \/>\n\t<meta property=\"og:image:width\" content=\"450\" \/>\n\t<meta property=\"og:image:height\" content=\"555\" \/>\n<meta name=\"twitter:card\" content=\"summary_large_image\" \/>\n<script type=\"application\/ld+json\" class=\"yoast-schema-graph\">{\"@context\":\"https:\/\/schema.org\",\"@graph\":[{\"@type\":\"Organization\",\"@id\":\"https:\/\/eljardinderosas.cl\/inicio\/#organization\",\"name\":\"El jardin de las rosas\",\"url\":\"https:\/\/eljardinderosas.cl\/inicio\/\",\"sameAs\":[\"https:\/\/www.instagram.com\/floreria_eljardinderosas\/\"],\"logo\":{\"@type\":\"ImageObject\",\"@id\":\"https:\/\/eljardinderosas.cl\/inicio\/#logo\",\"inLanguage\":\"es\",\"url\":\"https:\/\/eljardinderosas.cl\/inicio\/wp-content\/uploads\/2020\/10\/eljardinderosas-mail.png\",\"contentUrl\":\"https:\/\/eljardinderosas.cl\/inicio\/wp-content\/uploads\/2020\/10\/eljardinderosas-mail.png\",\"width\":317,\"height\":97,\"caption\":\"El jardin de las rosas\"},\"image\":{\"@id\":\"https:\/\/eljardinderosas.cl\/inicio\/#logo\"}},{\"@type\":\"WebSite\",\"@id\":\"https:\/\/eljardinderosas.cl\/inicio\/#website\",\"url\":\"https:\/\/eljardinderosas.cl\/inicio\/\",\"name\":\"Floreria El jardin de las Rosas\",\"description\":\"Flores en Santiago\",\"publisher\":{\"@id\":\"https:\/\/eljardinderosas.cl\/inicio\/#organization\"},\"potentialAction\":[{\"@type\":\"SearchAction\",\"target\":{\"@type\":\"EntryPoint\",\"urlTemplate\":\"https:\/\/eljardinderosas.cl\/inicio\/?s={search_term_string}\"},\"query-input\":\"required name=search_term_string\"}],\"inLanguage\":\"es\"},{\"@type\":\"ImageObject\",\"@id\":\"https:\/\/eljardinderosas.cl\/inicio\/tienda\/flores-a-domicilio-en-las-condes\/ramo-de-flores-con-30-tulipanes-morados-rosados-y-blancos\/#primaryimage\",\"inLanguage\":\"es\",\"url\":\"https:\/\/eljardinderosas.cl\/inicio\/wp-content\/uploads\/2025\/04\/RAMO-CON-30-TULIPANES-MORADOS-BLANCOS-Y-ROSADOS.jpg\",\"contentUrl\":\"https:\/\/eljardinderosas.cl\/inicio\/wp-content\/uploads\/2025\/04\/RAMO-CON-30-TULIPANES-MORADOS-BLANCOS-Y-ROSADOS.jpg\",\"width\":450,\"height\":555},{\"@type\":\"WebPage\",\"@id\":\"https:\/\/eljardinderosas.cl\/inicio\/tienda\/flores-a-domicilio-en-las-condes\/ramo-de-flores-con-30-tulipanes-morados-rosados-y-blancos\/#webpage\",\"url\":\"https:\/\/eljardinderosas.cl\/inicio\/tienda\/flores-a-domicilio-en-las-condes\/ramo-de-flores-con-30-tulipanes-morados-rosados-y-blancos\/\",\"name\":\"Ramo de flores con 30 tulipanes morados rosados y blancos - El Jardin de Rosas\",\"isPartOf\":{\"@id\":\"https:\/\/eljardinderosas.cl\/inicio\/#website\"},\"primaryImageOfPage\":{\"@id\":\"https:\/\/eljardinderosas.cl\/inicio\/tienda\/flores-a-domicilio-en-las-condes\/ramo-de-flores-con-30-tulipanes-morados-rosados-y-blancos\/#primaryimage\"},\"datePublished\":\"2025-04-27T19:06:35+00:00\",\"dateModified\":\"2026-04-19T22:42:18+00:00\",\"description\":\"Arreglos florales a precios irresistibles. bello ramo con 20 tulipanes colores a elecci\\u00f3n a solo $ 59.990 tulipanes\",\"breadcrumb\":{\"@id\":\"https:\/\/eljardinderosas.cl\/inicio\/tienda\/flores-a-domicilio-en-las-condes\/ramo-de-flores-con-30-tulipanes-morados-rosados-y-blancos\/#breadcrumb\"},\"inLanguage\":\"es\",\"potentialAction\":[{\"@type\":\"ReadAction\",\"target\":[\"https:\/\/eljardinderosas.cl\/inicio\/tienda\/flores-a-domicilio-en-las-condes\/ramo-de-flores-con-30-tulipanes-morados-rosados-y-blancos\/\"]}]},{\"@type\":\"BreadcrumbList\",\"@id\":\"https:\/\/eljardinderosas.cl\/inicio\/tienda\/flores-a-domicilio-en-las-condes\/ramo-de-flores-con-30-tulipanes-morados-rosados-y-blancos\/#breadcrumb\",\"itemListElement\":[{\"@type\":\"ListItem\",\"position\":1,\"name\":\"Home\",\"item\":\"https:\/\/eljardinderosas.cl\/inicio\/\"},{\"@type\":\"ListItem\",\"position\":2,\"name\":\"Tienda\",\"item\":\"https:\/\/eljardinderosas.cl\/inicio\/tienda\/\"},{\"@type\":\"ListItem\",\"position\":3,\"name\":\"Ramo de flores con 30 tulipanes morados rosados y blancos\"}]}]}<\/script>\n<!-- \/ Yoast SEO Premium plugin. -->","yoast_head_json":{"title":"Ramo de flores con 30 tulipanes morados rosados y blancos - El Jardin de Rosas","description":"Arreglos florales a precios irresistibles. bello ramo con 20 tulipanes colores a elecci\u00f3n a solo $ 59.990 tulipanes","robots":{"index":"index","follow":"follow","max-snippet":"max-snippet:-1","max-image-preview":"max-image-preview:large","max-video-preview":"max-video-preview:-1"},"canonical":"https:\/\/eljardinderosas.cl\/inicio\/tienda\/flores-a-domicilio-en-las-condes\/ramo-de-flores-con-30-tulipanes-morados-rosados-y-blancos\/","og_locale":"es_ES","og_type":"article","og_title":"Ramo de flores con 30 tulipanes morados rosados y blancos","og_description":"Arreglos florales a precios irresistibles. bello ramo con 20 tulipanes colores a elecci\u00f3n a solo $ 59.990 tulipanes","og_url":"https:\/\/eljardinderosas.cl\/inicio\/tienda\/flores-a-domicilio-en-las-condes\/ramo-de-flores-con-30-tulipanes-morados-rosados-y-blancos\/","og_site_name":"El Jardin de Rosas","article_modified_time":"2026-04-19T22:42:18+00:00","og_image":[{"width":450,"height":555,"url":"https:\/\/eljardinderosas.cl\/inicio\/wp-content\/uploads\/2025\/04\/RAMO-CON-30-TULIPANES-MORADOS-BLANCOS-Y-ROSADOS.jpg","type":"image\/jpeg"}],"twitter_card":"summary_large_image","schema":{"@context":"https:\/\/schema.org","@graph":[{"@type":"Organization","@id":"https:\/\/eljardinderosas.cl\/inicio\/#organization","name":"El jardin de las rosas","url":"https:\/\/eljardinderosas.cl\/inicio\/","sameAs":["https:\/\/www.instagram.com\/floreria_eljardinderosas\/"],"logo":{"@type":"ImageObject","@id":"https:\/\/eljardinderosas.cl\/inicio\/#logo","inLanguage":"es","url":"https:\/\/eljardinderosas.cl\/inicio\/wp-content\/uploads\/2020\/10\/eljardinderosas-mail.png","contentUrl":"https:\/\/eljardinderosas.cl\/inicio\/wp-content\/uploads\/2020\/10\/eljardinderosas-mail.png","width":317,"height":97,"caption":"El jardin de las rosas"},"image":{"@id":"https:\/\/eljardinderosas.cl\/inicio\/#logo"}},{"@type":"WebSite","@id":"https:\/\/eljardinderosas.cl\/inicio\/#website","url":"https:\/\/eljardinderosas.cl\/inicio\/","name":"Floreria El jardin de las Rosas","description":"Flores en Santiago","publisher":{"@id":"https:\/\/eljardinderosas.cl\/inicio\/#organization"},"potentialAction":[{"@type":"SearchAction","target":{"@type":"EntryPoint","urlTemplate":"https:\/\/eljardinderosas.cl\/inicio\/?s={search_term_string}"},"query-input":"required name=search_term_string"}],"inLanguage":"es"},{"@type":"ImageObject","@id":"https:\/\/eljardinderosas.cl\/inicio\/tienda\/flores-a-domicilio-en-las-condes\/ramo-de-flores-con-30-tulipanes-morados-rosados-y-blancos\/#primaryimage","inLanguage":"es","url":"https:\/\/eljardinderosas.cl\/inicio\/wp-content\/uploads\/2025\/04\/RAMO-CON-30-TULIPANES-MORADOS-BLANCOS-Y-ROSADOS.jpg","contentUrl":"https:\/\/eljardinderosas.cl\/inicio\/wp-content\/uploads\/2025\/04\/RAMO-CON-30-TULIPANES-MORADOS-BLANCOS-Y-ROSADOS.jpg","width":450,"height":555},{"@type":"WebPage","@id":"https:\/\/eljardinderosas.cl\/inicio\/tienda\/flores-a-domicilio-en-las-condes\/ramo-de-flores-con-30-tulipanes-morados-rosados-y-blancos\/#webpage","url":"https:\/\/eljardinderosas.cl\/inicio\/tienda\/flores-a-domicilio-en-las-condes\/ramo-de-flores-con-30-tulipanes-morados-rosados-y-blancos\/","name":"Ramo de flores con 30 tulipanes morados rosados y blancos - El Jardin de Rosas","isPartOf":{"@id":"https:\/\/eljardinderosas.cl\/inicio\/#website"},"primaryImageOfPage":{"@id":"https:\/\/eljardinderosas.cl\/inicio\/tienda\/flores-a-domicilio-en-las-condes\/ramo-de-flores-con-30-tulipanes-morados-rosados-y-blancos\/#primaryimage"},"datePublished":"2025-04-27T19:06:35+00:00","dateModified":"2026-04-19T22:42:18+00:00","description":"Arreglos florales a precios irresistibles. bello ramo con 20 tulipanes colores a elecci\u00f3n a solo $ 59.990 tulipanes","breadcrumb":{"@id":"https:\/\/eljardinderosas.cl\/inicio\/tienda\/flores-a-domicilio-en-las-condes\/ramo-de-flores-con-30-tulipanes-morados-rosados-y-blancos\/#breadcrumb"},"inLanguage":"es","potentialAction":[{"@type":"ReadAction","target":["https:\/\/eljardinderosas.cl\/inicio\/tienda\/flores-a-domicilio-en-las-condes\/ramo-de-flores-con-30-tulipanes-morados-rosados-y-blancos\/"]}]},{"@type":"BreadcrumbList","@id":"https:\/\/eljardinderosas.cl\/inicio\/tienda\/flores-a-domicilio-en-las-condes\/ramo-de-flores-con-30-tulipanes-morados-rosados-y-blancos\/#breadcrumb","itemListElement":[{"@type":"ListItem","position":1,"name":"Home","item":"https:\/\/eljardinderosas.cl\/inicio\/"},{"@type":"ListItem","position":2,"name":"Tienda","item":"https:\/\/eljardinderosas.cl\/inicio\/tienda\/"},{"@type":"ListItem","position":3,"name":"Ramo de flores con 30 tulipanes morados rosados y blancos"}]}]}},"_links":{"self":[{"href":"https:\/\/eljardinderosas.cl\/inicio\/wp-json\/wp\/v2\/product\/18581"}],"collection":[{"href":"https:\/\/eljardinderosas.cl\/inicio\/wp-json\/wp\/v2\/product"}],"about":[{"href":"https:\/\/eljardinderosas.cl\/inicio\/wp-json\/wp\/v2\/types\/product"}],"wp:featuredmedia":[{"embeddable":true,"href":"https:\/\/eljardinderosas.cl\/inicio\/wp-json\/wp\/v2\/media\/18584"}],"wp:attachment":[{"href":"https:\/\/eljardinderosas.cl\/inicio\/wp-json\/wp\/v2\/media?parent=18581"}],"wp:term":[{"taxonomy":"product_cat","embeddable":true,"href":"https:\/\/eljardinderosas.cl\/inicio\/wp-json\/wp\/v2\/product_cat?post=18581"},{"taxonomy":"product_tag","embeddable":true,"href":"https:\/\/eljardinderosas.cl\/inicio\/wp-json\/wp\/v2\/product_tag?post=18581"}],"curies":[{"name":"wp","href":"https:\/\/api.w.org\/{rel}","templated":true}]}}