{"id":19526,"date":"2025-12-16T14:58:06","date_gmt":"2025-12-16T17:58:06","guid":{"rendered":"https:\/\/eljardinderosas.cl\/inicio\/?post_type=product&#038;p=19526"},"modified":"2025-12-16T14:59:14","modified_gmt":"2025-12-16T17:59:14","slug":"precioso-arreglo-con-rosas-asltromelias-vino-y-bombones","status":"publish","type":"product","link":"https:\/\/eljardinderosas.cl\/inicio\/tienda\/arreglos-para-cumpleanos\/precioso-arreglo-con-rosas-asltromelias-vino-y-bombones\/","title":{"rendered":"Precioso arreglo con rosas asltromelias  vino y bombones"},"content":{"rendered":"<p>Bella Base: Regalo de Lujo y Pasi\u00f3n Sorprende con elegancia en esta Navidad o cualquier momento inolvidable. Nuestra Bella Base combina un ramo exquisito de 6 rosas rojas intensas, s\u00edmbolo de amor apasionado, con delicadas alstroemerias que aportan frescura y pureza. Acompa\u00f1ado de bombones Ferrero Rocher para un toque de indulgencia gourmet y un vino tinto, perfecto para brindar por la alegr\u00eda y la uni\u00f3n. frutos secos Ideal para celebrar la Nochebuena, aniversarios, cumplea\u00f1os o simplemente decir \u00abte quiero\u00bb con estilo<\/p>\n","protected":false},"excerpt":{"rendered":"<p>perfecto para brindar por la alegr\u00eda y la uni\u00f3n. Ideal para celebrar la Nochebuena, aniversarios, cumplea\u00f1os o simplemente decir \u00abte quiero\u00bb con estilo<\/p>\n","protected":false},"featured_media":19528,"template":"","meta":[],"product_cat":[96,103],"product_tag":[293,117,247,113],"yoast_head":"<!-- This site is optimized with the Yoast SEO Premium plugin v17.1.2 (Yoast SEO v17.3) - https:\/\/yoast.com\/wordpress\/plugins\/seo\/ -->\n<title>Precioso arreglo con rosas asltromelias vino y bombones - El Jardin de Rosas<\/title>\n<meta name=\"description\" content=\"Bella Base combina un ramo exquisito de 6 rosas rojas delicadas alstroemerias que aportan y pureza. Acompa\u00f1ado de bombones ferreros roche\" \/>\n<meta name=\"robots\" content=\"index, follow, max-snippet:-1, max-image-preview:large, max-video-preview:-1\" \/>\n<link rel=\"canonical\" href=\"https:\/\/eljardinderosas.cl\/inicio\/tienda\/arreglos-para-cumpleanos\/precioso-arreglo-con-rosas-asltromelias-vino-y-bombones\/\" \/>\n<meta property=\"og:locale\" content=\"es_ES\" \/>\n<meta property=\"og:type\" content=\"article\" \/>\n<meta property=\"og:title\" content=\"Precioso arreglo con rosas asltromelias vino y bombones\" \/>\n<meta property=\"og:description\" content=\"Bella Base combina un ramo exquisito de 6 rosas rojas delicadas alstroemerias que aportan y pureza. Acompa\u00f1ado de bombones ferreros roche\" \/>\n<meta property=\"og:url\" content=\"https:\/\/eljardinderosas.cl\/inicio\/tienda\/arreglos-para-cumpleanos\/precioso-arreglo-con-rosas-asltromelias-vino-y-bombones\/\" \/>\n<meta property=\"og:site_name\" content=\"El Jardin de Rosas\" \/>\n<meta property=\"article:modified_time\" content=\"2025-12-16T17:59:14+00:00\" \/>\n<meta property=\"og:image\" content=\"https:\/\/eljardinderosas.cl\/inicio\/wp-content\/uploads\/2025\/12\/CAJA-PARA-REGALOS.jpg\" \/>\n\t<meta property=\"og:image:width\" content=\"1024\" \/>\n\t<meta property=\"og:image:height\" content=\"1024\" \/>\n<meta name=\"twitter:card\" content=\"summary_large_image\" \/>\n<script type=\"application\/ld+json\" class=\"yoast-schema-graph\">{\"@context\":\"https:\/\/schema.org\",\"@graph\":[{\"@type\":\"Organization\",\"@id\":\"https:\/\/eljardinderosas.cl\/inicio\/#organization\",\"name\":\"El jardin de las rosas\",\"url\":\"https:\/\/eljardinderosas.cl\/inicio\/\",\"sameAs\":[\"https:\/\/www.instagram.com\/floreria_eljardinderosas\/\"],\"logo\":{\"@type\":\"ImageObject\",\"@id\":\"https:\/\/eljardinderosas.cl\/inicio\/#logo\",\"inLanguage\":\"es\",\"url\":\"https:\/\/eljardinderosas.cl\/inicio\/wp-content\/uploads\/2020\/10\/eljardinderosas-mail.png\",\"contentUrl\":\"https:\/\/eljardinderosas.cl\/inicio\/wp-content\/uploads\/2020\/10\/eljardinderosas-mail.png\",\"width\":317,\"height\":97,\"caption\":\"El jardin de las rosas\"},\"image\":{\"@id\":\"https:\/\/eljardinderosas.cl\/inicio\/#logo\"}},{\"@type\":\"WebSite\",\"@id\":\"https:\/\/eljardinderosas.cl\/inicio\/#website\",\"url\":\"https:\/\/eljardinderosas.cl\/inicio\/\",\"name\":\"Floreria El jardin de las Rosas\",\"description\":\"Flores en Santiago\",\"publisher\":{\"@id\":\"https:\/\/eljardinderosas.cl\/inicio\/#organization\"},\"potentialAction\":[{\"@type\":\"SearchAction\",\"target\":{\"@type\":\"EntryPoint\",\"urlTemplate\":\"https:\/\/eljardinderosas.cl\/inicio\/?s={search_term_string}\"},\"query-input\":\"required name=search_term_string\"}],\"inLanguage\":\"es\"},{\"@type\":\"ImageObject\",\"@id\":\"https:\/\/eljardinderosas.cl\/inicio\/tienda\/arreglos-para-cumpleanos\/precioso-arreglo-con-rosas-asltromelias-vino-y-bombones\/#primaryimage\",\"inLanguage\":\"es\",\"url\":\"https:\/\/eljardinderosas.cl\/inicio\/wp-content\/uploads\/2025\/12\/CAJA-PARA-REGALOS.jpg\",\"contentUrl\":\"https:\/\/eljardinderosas.cl\/inicio\/wp-content\/uploads\/2025\/12\/CAJA-PARA-REGALOS.jpg\",\"width\":1024,\"height\":1024},{\"@type\":\"WebPage\",\"@id\":\"https:\/\/eljardinderosas.cl\/inicio\/tienda\/arreglos-para-cumpleanos\/precioso-arreglo-con-rosas-asltromelias-vino-y-bombones\/#webpage\",\"url\":\"https:\/\/eljardinderosas.cl\/inicio\/tienda\/arreglos-para-cumpleanos\/precioso-arreglo-con-rosas-asltromelias-vino-y-bombones\/\",\"name\":\"Precioso arreglo con rosas asltromelias vino y bombones - El Jardin de Rosas\",\"isPartOf\":{\"@id\":\"https:\/\/eljardinderosas.cl\/inicio\/#website\"},\"primaryImageOfPage\":{\"@id\":\"https:\/\/eljardinderosas.cl\/inicio\/tienda\/arreglos-para-cumpleanos\/precioso-arreglo-con-rosas-asltromelias-vino-y-bombones\/#primaryimage\"},\"datePublished\":\"2025-12-16T17:58:06+00:00\",\"dateModified\":\"2025-12-16T17:59:14+00:00\",\"description\":\"Bella Base combina un ramo exquisito de 6 rosas rojas delicadas alstroemerias que aportan y pureza. Acompa\\u00f1ado de bombones ferreros roche\",\"breadcrumb\":{\"@id\":\"https:\/\/eljardinderosas.cl\/inicio\/tienda\/arreglos-para-cumpleanos\/precioso-arreglo-con-rosas-asltromelias-vino-y-bombones\/#breadcrumb\"},\"inLanguage\":\"es\",\"potentialAction\":[{\"@type\":\"ReadAction\",\"target\":[\"https:\/\/eljardinderosas.cl\/inicio\/tienda\/arreglos-para-cumpleanos\/precioso-arreglo-con-rosas-asltromelias-vino-y-bombones\/\"]}]},{\"@type\":\"BreadcrumbList\",\"@id\":\"https:\/\/eljardinderosas.cl\/inicio\/tienda\/arreglos-para-cumpleanos\/precioso-arreglo-con-rosas-asltromelias-vino-y-bombones\/#breadcrumb\",\"itemListElement\":[{\"@type\":\"ListItem\",\"position\":1,\"name\":\"Home\",\"item\":\"https:\/\/eljardinderosas.cl\/inicio\/\"},{\"@type\":\"ListItem\",\"position\":2,\"name\":\"Tienda\",\"item\":\"https:\/\/eljardinderosas.cl\/inicio\/tienda\/\"},{\"@type\":\"ListItem\",\"position\":3,\"name\":\"Precioso arreglo con rosas asltromelias vino y bombones\"}]}]}<\/script>\n<!-- \/ Yoast SEO Premium plugin. -->","yoast_head_json":{"title":"Precioso arreglo con rosas asltromelias vino y bombones - El Jardin de Rosas","description":"Bella Base combina un ramo exquisito de 6 rosas rojas delicadas alstroemerias que aportan y pureza. Acompa\u00f1ado de bombones ferreros roche","robots":{"index":"index","follow":"follow","max-snippet":"max-snippet:-1","max-image-preview":"max-image-preview:large","max-video-preview":"max-video-preview:-1"},"canonical":"https:\/\/eljardinderosas.cl\/inicio\/tienda\/arreglos-para-cumpleanos\/precioso-arreglo-con-rosas-asltromelias-vino-y-bombones\/","og_locale":"es_ES","og_type":"article","og_title":"Precioso arreglo con rosas asltromelias vino y bombones","og_description":"Bella Base combina un ramo exquisito de 6 rosas rojas delicadas alstroemerias que aportan y pureza. Acompa\u00f1ado de bombones ferreros roche","og_url":"https:\/\/eljardinderosas.cl\/inicio\/tienda\/arreglos-para-cumpleanos\/precioso-arreglo-con-rosas-asltromelias-vino-y-bombones\/","og_site_name":"El Jardin de Rosas","article_modified_time":"2025-12-16T17:59:14+00:00","og_image":[{"width":1024,"height":1024,"url":"https:\/\/eljardinderosas.cl\/inicio\/wp-content\/uploads\/2025\/12\/CAJA-PARA-REGALOS.jpg","type":"image\/jpeg"}],"twitter_card":"summary_large_image","schema":{"@context":"https:\/\/schema.org","@graph":[{"@type":"Organization","@id":"https:\/\/eljardinderosas.cl\/inicio\/#organization","name":"El jardin de las rosas","url":"https:\/\/eljardinderosas.cl\/inicio\/","sameAs":["https:\/\/www.instagram.com\/floreria_eljardinderosas\/"],"logo":{"@type":"ImageObject","@id":"https:\/\/eljardinderosas.cl\/inicio\/#logo","inLanguage":"es","url":"https:\/\/eljardinderosas.cl\/inicio\/wp-content\/uploads\/2020\/10\/eljardinderosas-mail.png","contentUrl":"https:\/\/eljardinderosas.cl\/inicio\/wp-content\/uploads\/2020\/10\/eljardinderosas-mail.png","width":317,"height":97,"caption":"El jardin de las rosas"},"image":{"@id":"https:\/\/eljardinderosas.cl\/inicio\/#logo"}},{"@type":"WebSite","@id":"https:\/\/eljardinderosas.cl\/inicio\/#website","url":"https:\/\/eljardinderosas.cl\/inicio\/","name":"Floreria El jardin de las Rosas","description":"Flores en Santiago","publisher":{"@id":"https:\/\/eljardinderosas.cl\/inicio\/#organization"},"potentialAction":[{"@type":"SearchAction","target":{"@type":"EntryPoint","urlTemplate":"https:\/\/eljardinderosas.cl\/inicio\/?s={search_term_string}"},"query-input":"required name=search_term_string"}],"inLanguage":"es"},{"@type":"ImageObject","@id":"https:\/\/eljardinderosas.cl\/inicio\/tienda\/arreglos-para-cumpleanos\/precioso-arreglo-con-rosas-asltromelias-vino-y-bombones\/#primaryimage","inLanguage":"es","url":"https:\/\/eljardinderosas.cl\/inicio\/wp-content\/uploads\/2025\/12\/CAJA-PARA-REGALOS.jpg","contentUrl":"https:\/\/eljardinderosas.cl\/inicio\/wp-content\/uploads\/2025\/12\/CAJA-PARA-REGALOS.jpg","width":1024,"height":1024},{"@type":"WebPage","@id":"https:\/\/eljardinderosas.cl\/inicio\/tienda\/arreglos-para-cumpleanos\/precioso-arreglo-con-rosas-asltromelias-vino-y-bombones\/#webpage","url":"https:\/\/eljardinderosas.cl\/inicio\/tienda\/arreglos-para-cumpleanos\/precioso-arreglo-con-rosas-asltromelias-vino-y-bombones\/","name":"Precioso arreglo con rosas asltromelias vino y bombones - El Jardin de Rosas","isPartOf":{"@id":"https:\/\/eljardinderosas.cl\/inicio\/#website"},"primaryImageOfPage":{"@id":"https:\/\/eljardinderosas.cl\/inicio\/tienda\/arreglos-para-cumpleanos\/precioso-arreglo-con-rosas-asltromelias-vino-y-bombones\/#primaryimage"},"datePublished":"2025-12-16T17:58:06+00:00","dateModified":"2025-12-16T17:59:14+00:00","description":"Bella Base combina un ramo exquisito de 6 rosas rojas delicadas alstroemerias que aportan y pureza. Acompa\u00f1ado de bombones ferreros roche","breadcrumb":{"@id":"https:\/\/eljardinderosas.cl\/inicio\/tienda\/arreglos-para-cumpleanos\/precioso-arreglo-con-rosas-asltromelias-vino-y-bombones\/#breadcrumb"},"inLanguage":"es","potentialAction":[{"@type":"ReadAction","target":["https:\/\/eljardinderosas.cl\/inicio\/tienda\/arreglos-para-cumpleanos\/precioso-arreglo-con-rosas-asltromelias-vino-y-bombones\/"]}]},{"@type":"BreadcrumbList","@id":"https:\/\/eljardinderosas.cl\/inicio\/tienda\/arreglos-para-cumpleanos\/precioso-arreglo-con-rosas-asltromelias-vino-y-bombones\/#breadcrumb","itemListElement":[{"@type":"ListItem","position":1,"name":"Home","item":"https:\/\/eljardinderosas.cl\/inicio\/"},{"@type":"ListItem","position":2,"name":"Tienda","item":"https:\/\/eljardinderosas.cl\/inicio\/tienda\/"},{"@type":"ListItem","position":3,"name":"Precioso arreglo con rosas asltromelias vino y bombones"}]}]}},"_links":{"self":[{"href":"https:\/\/eljardinderosas.cl\/inicio\/wp-json\/wp\/v2\/product\/19526"}],"collection":[{"href":"https:\/\/eljardinderosas.cl\/inicio\/wp-json\/wp\/v2\/product"}],"about":[{"href":"https:\/\/eljardinderosas.cl\/inicio\/wp-json\/wp\/v2\/types\/product"}],"wp:featuredmedia":[{"embeddable":true,"href":"https:\/\/eljardinderosas.cl\/inicio\/wp-json\/wp\/v2\/media\/19528"}],"wp:attachment":[{"href":"https:\/\/eljardinderosas.cl\/inicio\/wp-json\/wp\/v2\/media?parent=19526"}],"wp:term":[{"taxonomy":"product_cat","embeddable":true,"href":"https:\/\/eljardinderosas.cl\/inicio\/wp-json\/wp\/v2\/product_cat?post=19526"},{"taxonomy":"product_tag","embeddable":true,"href":"https:\/\/eljardinderosas.cl\/inicio\/wp-json\/wp\/v2\/product_tag?post=19526"}],"curies":[{"name":"wp","href":"https:\/\/api.w.org\/{rel}","templated":true}]}}