{"id":19602,"date":"2026-01-14T16:38:34","date_gmt":"2026-01-14T19:38:34","guid":{"rendered":"https:\/\/eljardinderosas.cl\/inicio\/?post_type=product&#038;p=19602"},"modified":"2026-02-04T23:20:47","modified_gmt":"2026-02-05T02:20:47","slug":"box-san-valentin-con-12-rosas-rojas-tierno-peluche-y-8-bombones","status":"publish","type":"product","link":"https:\/\/eljardinderosas.cl\/inicio\/tienda\/arreglos-para-cumpleanos\/box-san-valentin-con-12-rosas-rojas-tierno-peluche-y-8-bombones\/","title":{"rendered":"Base cuadrada con 12 rosas rojas peluche y globo te amo"},"content":{"rendered":"<p>\u00a1Amor en el aire! \ud83d\udc95 El 14 de febrero, D\u00eda de los Enamorados celebra con este exquisito arreglo en base redonda negra: 12 rosas rojas vibrantes, adorable peluche oso! Declara tu amor apasionado. Regalo perfecto para enamorar en san valentin y Descubre ramos \u00fanicos y ofertas especiales que alegrar\u00e1n su d\u00eda. \u00a1Haz tu pedido hoy y sorpr\u00e9ndela con un detalle inolvidable! Para san valentin <\/p>\n","protected":false},"excerpt":{"rendered":"<p>llega a su coraz\u00f3n\u2764\ufe0fcon dulzura y amor este 14 de febrero en san valentin<br \/>\n\ud83c\udf39\u00a1Celebra y Descubre ramos \u00fanicos y ofertas especiales que alegrar\u00e1n su d\u00eda.<\/p>\n","protected":false},"featured_media":19887,"template":"","meta":[],"product_cat":[96,202,245,189,104],"product_tag":[],"yoast_head":"<!-- This site is optimized with the Yoast SEO Premium plugin v17.1.2 (Yoast SEO v17.3) - https:\/\/yoast.com\/wordpress\/plugins\/seo\/ -->\n<title>Base cuadrada con 12 rosas rojas peluche y globo te amo - El Jardin de Rosas<\/title>\n<meta name=\"description\" content=\"Ramo 12 rosas rojas finos bombones y adorable peluche \u00a1Celebra san valentin \u00a1Haz tu pedido hoy y sorpr\u00e9ndela con un detalle inolvidables.\" \/>\n<meta name=\"robots\" content=\"index, follow, max-snippet:-1, max-image-preview:large, max-video-preview:-1\" \/>\n<link rel=\"canonical\" href=\"https:\/\/eljardinderosas.cl\/inicio\/tienda\/arreglos-para-cumpleanos\/box-san-valentin-con-12-rosas-rojas-tierno-peluche-y-8-bombones\/\" \/>\n<meta property=\"og:locale\" content=\"es_ES\" \/>\n<meta property=\"og:type\" content=\"article\" \/>\n<meta property=\"og:title\" content=\"Base cuadrada con 12 rosas rojas peluche y globo te amo\" \/>\n<meta property=\"og:description\" content=\"Ramo 12 rosas rojas finos bombones y adorable peluche \u00a1Celebra san valentin \u00a1Haz tu pedido hoy y sorpr\u00e9ndela con un detalle inolvidables.\" \/>\n<meta property=\"og:url\" content=\"https:\/\/eljardinderosas.cl\/inicio\/tienda\/arreglos-para-cumpleanos\/box-san-valentin-con-12-rosas-rojas-tierno-peluche-y-8-bombones\/\" \/>\n<meta property=\"og:site_name\" content=\"El Jardin de Rosas\" \/>\n<meta property=\"article:modified_time\" content=\"2026-02-05T02:20:47+00:00\" \/>\n<meta property=\"og:image\" content=\"https:\/\/eljardinderosas.cl\/inicio\/wp-content\/uploads\/2026\/01\/BASE-CUADRAD-CON-12-ROSAS-ROJAS-PELUCHE-Y-GLOBO.jpg\" \/>\n\t<meta property=\"og:image:width\" content=\"1024\" \/>\n\t<meta property=\"og:image:height\" content=\"1024\" \/>\n<meta name=\"twitter:card\" content=\"summary_large_image\" \/>\n<script type=\"application\/ld+json\" class=\"yoast-schema-graph\">{\"@context\":\"https:\/\/schema.org\",\"@graph\":[{\"@type\":\"Organization\",\"@id\":\"https:\/\/eljardinderosas.cl\/inicio\/#organization\",\"name\":\"El jardin de las rosas\",\"url\":\"https:\/\/eljardinderosas.cl\/inicio\/\",\"sameAs\":[\"https:\/\/www.instagram.com\/floreria_eljardinderosas\/\"],\"logo\":{\"@type\":\"ImageObject\",\"@id\":\"https:\/\/eljardinderosas.cl\/inicio\/#logo\",\"inLanguage\":\"es\",\"url\":\"https:\/\/eljardinderosas.cl\/inicio\/wp-content\/uploads\/2020\/10\/eljardinderosas-mail.png\",\"contentUrl\":\"https:\/\/eljardinderosas.cl\/inicio\/wp-content\/uploads\/2020\/10\/eljardinderosas-mail.png\",\"width\":317,\"height\":97,\"caption\":\"El jardin de las rosas\"},\"image\":{\"@id\":\"https:\/\/eljardinderosas.cl\/inicio\/#logo\"}},{\"@type\":\"WebSite\",\"@id\":\"https:\/\/eljardinderosas.cl\/inicio\/#website\",\"url\":\"https:\/\/eljardinderosas.cl\/inicio\/\",\"name\":\"Floreria El jardin de las Rosas\",\"description\":\"Flores en Santiago\",\"publisher\":{\"@id\":\"https:\/\/eljardinderosas.cl\/inicio\/#organization\"},\"potentialAction\":[{\"@type\":\"SearchAction\",\"target\":{\"@type\":\"EntryPoint\",\"urlTemplate\":\"https:\/\/eljardinderosas.cl\/inicio\/?s={search_term_string}\"},\"query-input\":\"required name=search_term_string\"}],\"inLanguage\":\"es\"},{\"@type\":\"ImageObject\",\"@id\":\"https:\/\/eljardinderosas.cl\/inicio\/tienda\/arreglos-para-cumpleanos\/box-san-valentin-con-12-rosas-rojas-tierno-peluche-y-8-bombones\/#primaryimage\",\"inLanguage\":\"es\",\"url\":\"https:\/\/eljardinderosas.cl\/inicio\/wp-content\/uploads\/2026\/01\/BASE-CUADRAD-CON-12-ROSAS-ROJAS-PELUCHE-Y-GLOBO.jpg\",\"contentUrl\":\"https:\/\/eljardinderosas.cl\/inicio\/wp-content\/uploads\/2026\/01\/BASE-CUADRAD-CON-12-ROSAS-ROJAS-PELUCHE-Y-GLOBO.jpg\",\"width\":1024,\"height\":1024},{\"@type\":\"WebPage\",\"@id\":\"https:\/\/eljardinderosas.cl\/inicio\/tienda\/arreglos-para-cumpleanos\/box-san-valentin-con-12-rosas-rojas-tierno-peluche-y-8-bombones\/#webpage\",\"url\":\"https:\/\/eljardinderosas.cl\/inicio\/tienda\/arreglos-para-cumpleanos\/box-san-valentin-con-12-rosas-rojas-tierno-peluche-y-8-bombones\/\",\"name\":\"Base cuadrada con 12 rosas rojas peluche y globo te amo - El Jardin de Rosas\",\"isPartOf\":{\"@id\":\"https:\/\/eljardinderosas.cl\/inicio\/#website\"},\"primaryImageOfPage\":{\"@id\":\"https:\/\/eljardinderosas.cl\/inicio\/tienda\/arreglos-para-cumpleanos\/box-san-valentin-con-12-rosas-rojas-tierno-peluche-y-8-bombones\/#primaryimage\"},\"datePublished\":\"2026-01-14T19:38:34+00:00\",\"dateModified\":\"2026-02-05T02:20:47+00:00\",\"description\":\"Ramo 12 rosas rojas finos bombones y adorable peluche \\u00a1Celebra san valentin \\u00a1Haz tu pedido hoy y sorpr\\u00e9ndela con un detalle inolvidables.\",\"breadcrumb\":{\"@id\":\"https:\/\/eljardinderosas.cl\/inicio\/tienda\/arreglos-para-cumpleanos\/box-san-valentin-con-12-rosas-rojas-tierno-peluche-y-8-bombones\/#breadcrumb\"},\"inLanguage\":\"es\",\"potentialAction\":[{\"@type\":\"ReadAction\",\"target\":[\"https:\/\/eljardinderosas.cl\/inicio\/tienda\/arreglos-para-cumpleanos\/box-san-valentin-con-12-rosas-rojas-tierno-peluche-y-8-bombones\/\"]}]},{\"@type\":\"BreadcrumbList\",\"@id\":\"https:\/\/eljardinderosas.cl\/inicio\/tienda\/arreglos-para-cumpleanos\/box-san-valentin-con-12-rosas-rojas-tierno-peluche-y-8-bombones\/#breadcrumb\",\"itemListElement\":[{\"@type\":\"ListItem\",\"position\":1,\"name\":\"Home\",\"item\":\"https:\/\/eljardinderosas.cl\/inicio\/\"},{\"@type\":\"ListItem\",\"position\":2,\"name\":\"Tienda\",\"item\":\"https:\/\/eljardinderosas.cl\/inicio\/tienda\/\"},{\"@type\":\"ListItem\",\"position\":3,\"name\":\"Base cuadrada con 12 rosas rojas peluche y globo te amo\"}]}]}<\/script>\n<!-- \/ Yoast SEO Premium plugin. -->","yoast_head_json":{"title":"Base cuadrada con 12 rosas rojas peluche y globo te amo - El Jardin de Rosas","description":"Ramo 12 rosas rojas finos bombones y adorable peluche \u00a1Celebra san valentin \u00a1Haz tu pedido hoy y sorpr\u00e9ndela con un detalle inolvidables.","robots":{"index":"index","follow":"follow","max-snippet":"max-snippet:-1","max-image-preview":"max-image-preview:large","max-video-preview":"max-video-preview:-1"},"canonical":"https:\/\/eljardinderosas.cl\/inicio\/tienda\/arreglos-para-cumpleanos\/box-san-valentin-con-12-rosas-rojas-tierno-peluche-y-8-bombones\/","og_locale":"es_ES","og_type":"article","og_title":"Base cuadrada con 12 rosas rojas peluche y globo te amo","og_description":"Ramo 12 rosas rojas finos bombones y adorable peluche \u00a1Celebra san valentin \u00a1Haz tu pedido hoy y sorpr\u00e9ndela con un detalle inolvidables.","og_url":"https:\/\/eljardinderosas.cl\/inicio\/tienda\/arreglos-para-cumpleanos\/box-san-valentin-con-12-rosas-rojas-tierno-peluche-y-8-bombones\/","og_site_name":"El Jardin de Rosas","article_modified_time":"2026-02-05T02:20:47+00:00","og_image":[{"width":1024,"height":1024,"url":"https:\/\/eljardinderosas.cl\/inicio\/wp-content\/uploads\/2026\/01\/BASE-CUADRAD-CON-12-ROSAS-ROJAS-PELUCHE-Y-GLOBO.jpg","type":"image\/jpeg"}],"twitter_card":"summary_large_image","schema":{"@context":"https:\/\/schema.org","@graph":[{"@type":"Organization","@id":"https:\/\/eljardinderosas.cl\/inicio\/#organization","name":"El jardin de las rosas","url":"https:\/\/eljardinderosas.cl\/inicio\/","sameAs":["https:\/\/www.instagram.com\/floreria_eljardinderosas\/"],"logo":{"@type":"ImageObject","@id":"https:\/\/eljardinderosas.cl\/inicio\/#logo","inLanguage":"es","url":"https:\/\/eljardinderosas.cl\/inicio\/wp-content\/uploads\/2020\/10\/eljardinderosas-mail.png","contentUrl":"https:\/\/eljardinderosas.cl\/inicio\/wp-content\/uploads\/2020\/10\/eljardinderosas-mail.png","width":317,"height":97,"caption":"El jardin de las rosas"},"image":{"@id":"https:\/\/eljardinderosas.cl\/inicio\/#logo"}},{"@type":"WebSite","@id":"https:\/\/eljardinderosas.cl\/inicio\/#website","url":"https:\/\/eljardinderosas.cl\/inicio\/","name":"Floreria El jardin de las Rosas","description":"Flores en Santiago","publisher":{"@id":"https:\/\/eljardinderosas.cl\/inicio\/#organization"},"potentialAction":[{"@type":"SearchAction","target":{"@type":"EntryPoint","urlTemplate":"https:\/\/eljardinderosas.cl\/inicio\/?s={search_term_string}"},"query-input":"required name=search_term_string"}],"inLanguage":"es"},{"@type":"ImageObject","@id":"https:\/\/eljardinderosas.cl\/inicio\/tienda\/arreglos-para-cumpleanos\/box-san-valentin-con-12-rosas-rojas-tierno-peluche-y-8-bombones\/#primaryimage","inLanguage":"es","url":"https:\/\/eljardinderosas.cl\/inicio\/wp-content\/uploads\/2026\/01\/BASE-CUADRAD-CON-12-ROSAS-ROJAS-PELUCHE-Y-GLOBO.jpg","contentUrl":"https:\/\/eljardinderosas.cl\/inicio\/wp-content\/uploads\/2026\/01\/BASE-CUADRAD-CON-12-ROSAS-ROJAS-PELUCHE-Y-GLOBO.jpg","width":1024,"height":1024},{"@type":"WebPage","@id":"https:\/\/eljardinderosas.cl\/inicio\/tienda\/arreglos-para-cumpleanos\/box-san-valentin-con-12-rosas-rojas-tierno-peluche-y-8-bombones\/#webpage","url":"https:\/\/eljardinderosas.cl\/inicio\/tienda\/arreglos-para-cumpleanos\/box-san-valentin-con-12-rosas-rojas-tierno-peluche-y-8-bombones\/","name":"Base cuadrada con 12 rosas rojas peluche y globo te amo - El Jardin de Rosas","isPartOf":{"@id":"https:\/\/eljardinderosas.cl\/inicio\/#website"},"primaryImageOfPage":{"@id":"https:\/\/eljardinderosas.cl\/inicio\/tienda\/arreglos-para-cumpleanos\/box-san-valentin-con-12-rosas-rojas-tierno-peluche-y-8-bombones\/#primaryimage"},"datePublished":"2026-01-14T19:38:34+00:00","dateModified":"2026-02-05T02:20:47+00:00","description":"Ramo 12 rosas rojas finos bombones y adorable peluche \u00a1Celebra san valentin \u00a1Haz tu pedido hoy y sorpr\u00e9ndela con un detalle inolvidables.","breadcrumb":{"@id":"https:\/\/eljardinderosas.cl\/inicio\/tienda\/arreglos-para-cumpleanos\/box-san-valentin-con-12-rosas-rojas-tierno-peluche-y-8-bombones\/#breadcrumb"},"inLanguage":"es","potentialAction":[{"@type":"ReadAction","target":["https:\/\/eljardinderosas.cl\/inicio\/tienda\/arreglos-para-cumpleanos\/box-san-valentin-con-12-rosas-rojas-tierno-peluche-y-8-bombones\/"]}]},{"@type":"BreadcrumbList","@id":"https:\/\/eljardinderosas.cl\/inicio\/tienda\/arreglos-para-cumpleanos\/box-san-valentin-con-12-rosas-rojas-tierno-peluche-y-8-bombones\/#breadcrumb","itemListElement":[{"@type":"ListItem","position":1,"name":"Home","item":"https:\/\/eljardinderosas.cl\/inicio\/"},{"@type":"ListItem","position":2,"name":"Tienda","item":"https:\/\/eljardinderosas.cl\/inicio\/tienda\/"},{"@type":"ListItem","position":3,"name":"Base cuadrada con 12 rosas rojas peluche y globo te amo"}]}]}},"_links":{"self":[{"href":"https:\/\/eljardinderosas.cl\/inicio\/wp-json\/wp\/v2\/product\/19602"}],"collection":[{"href":"https:\/\/eljardinderosas.cl\/inicio\/wp-json\/wp\/v2\/product"}],"about":[{"href":"https:\/\/eljardinderosas.cl\/inicio\/wp-json\/wp\/v2\/types\/product"}],"wp:featuredmedia":[{"embeddable":true,"href":"https:\/\/eljardinderosas.cl\/inicio\/wp-json\/wp\/v2\/media\/19887"}],"wp:attachment":[{"href":"https:\/\/eljardinderosas.cl\/inicio\/wp-json\/wp\/v2\/media?parent=19602"}],"wp:term":[{"taxonomy":"product_cat","embeddable":true,"href":"https:\/\/eljardinderosas.cl\/inicio\/wp-json\/wp\/v2\/product_cat?post=19602"},{"taxonomy":"product_tag","embeddable":true,"href":"https:\/\/eljardinderosas.cl\/inicio\/wp-json\/wp\/v2\/product_tag?post=19602"}],"curies":[{"name":"wp","href":"https:\/\/api.w.org\/{rel}","templated":true}]}}