{"id":2106,"date":"2021-01-19T19:58:35","date_gmt":"2021-01-19T22:58:35","guid":{"rendered":"https:\/\/eljardinderosas.cl\/inicio\/?post_type=product&#038;p=2106"},"modified":"2026-01-30T17:35:32","modified_gmt":"2026-01-30T20:35:32","slug":"ramo-con-25-rosas-rojas-y-10-varas-de-girasoles","status":"publish","type":"product","link":"https:\/\/eljardinderosas.cl\/inicio\/tienda\/arreglos-florales\/girasoles-importados\/ramo-con-25-rosas-rojas-y-10-varas-de-girasoles\/","title":{"rendered":"Ramo con 25 rosas rojas y 10 varas de girasoles"},"content":{"rendered":"<ul>\n<li>Ramo con 12 rosas rojas ecuatorianas acompa\u00f1adas por 10 varas de\u00a0 bellos girasoles<\/li>\n<li>10 varas de Flores Hypericum rojo para resaltar mas las flores y encantar<\/li>\n<li>Envueltas en un papel metalizado delicado y adornadas con un lazo de cinta de raso, estas flores son el regalo perfecto para sorprender a tu mama es6e 10 y 12 de mayo d\u00eda de todas las madres\u00a0Adem\u00e1s, viene acompa\u00f1ado de una hermosa tarjeta donde podr\u00e1s expresar tus sentimientos de amor de una manera \u00fanica.<\/li>\n<\/ul>\n","protected":false},"excerpt":{"rendered":"<p>Ramo con 12 rosas rojas ecuatorianas acompa\u00f1adas por 10 varas de\u00a0 bellos girasoles 10 varas de Flores Hypericum rojo para resaltar mas las flores y encantar Envueltas en un papel metalizado delicado y adornadas con un lazo de cinta de raso, estas flores son el regalo perfecto para sorprender a tu mama es6e 10 y [&#8230;]\n","protected":false},"featured_media":19807,"template":"","meta":[],"product_cat":[79],"product_tag":[178,117,155,115],"yoast_head":"<!-- This site is optimized with the Yoast SEO Premium plugin v17.1.2 (Yoast SEO v17.3) - https:\/\/yoast.com\/wordpress\/plugins\/seo\/ -->\n<title>Ramo con 25 rosas rojas y 10 varas de girasoles - El Jardin de Rosas<\/title>\n<meta name=\"robots\" content=\"index, follow, max-snippet:-1, max-image-preview:large, max-video-preview:-1\" \/>\n<link rel=\"canonical\" href=\"https:\/\/eljardinderosas.cl\/inicio\/tienda\/arreglos-florales\/girasoles-importados\/ramo-con-25-rosas-rojas-y-10-varas-de-girasoles\/\" \/>\n<meta property=\"og:locale\" content=\"es_ES\" \/>\n<meta property=\"og:type\" content=\"article\" \/>\n<meta property=\"og:title\" content=\"Ramo con 25 rosas rojas y 10 varas de girasoles\" \/>\n<meta property=\"og:description\" content=\"Ramo con 12 rosas rojas ecuatorianas acompa\u00f1adas por 10 varas de\u00a0 bellos girasoles 10 varas de Flores Hypericum rojo para resaltar mas las flores y encantar Envueltas en un papel metalizado delicado y adornadas con un lazo de cinta de raso, estas flores son el regalo perfecto para sorprender a tu mama es6e 10 y [...]\" \/>\n<meta property=\"og:url\" content=\"https:\/\/eljardinderosas.cl\/inicio\/tienda\/arreglos-florales\/girasoles-importados\/ramo-con-25-rosas-rojas-y-10-varas-de-girasoles\/\" \/>\n<meta property=\"og:site_name\" content=\"El Jardin de Rosas\" \/>\n<meta property=\"article:modified_time\" content=\"2026-01-30T20:35:32+00:00\" \/>\n<meta property=\"og:image\" content=\"https:\/\/eljardinderosas.cl\/inicio\/wp-content\/uploads\/2021\/01\/RAMO-CON-12-ROSAS-ROJAS-Y-GIRASOLES.jpg\" \/>\n\t<meta property=\"og:image:width\" content=\"1024\" \/>\n\t<meta property=\"og:image:height\" content=\"1536\" \/>\n<meta name=\"twitter:card\" content=\"summary_large_image\" \/>\n<meta name=\"twitter:label1\" content=\"Tiempo de lectura\" \/>\n\t<meta name=\"twitter:data1\" content=\"1 minuto\" \/>\n<script type=\"application\/ld+json\" class=\"yoast-schema-graph\">{\"@context\":\"https:\/\/schema.org\",\"@graph\":[{\"@type\":\"Organization\",\"@id\":\"https:\/\/eljardinderosas.cl\/inicio\/#organization\",\"name\":\"El jardin de las rosas\",\"url\":\"https:\/\/eljardinderosas.cl\/inicio\/\",\"sameAs\":[\"https:\/\/www.instagram.com\/floreria_eljardinderosas\/\"],\"logo\":{\"@type\":\"ImageObject\",\"@id\":\"https:\/\/eljardinderosas.cl\/inicio\/#logo\",\"inLanguage\":\"es\",\"url\":\"https:\/\/eljardinderosas.cl\/inicio\/wp-content\/uploads\/2020\/10\/eljardinderosas-mail.png\",\"contentUrl\":\"https:\/\/eljardinderosas.cl\/inicio\/wp-content\/uploads\/2020\/10\/eljardinderosas-mail.png\",\"width\":317,\"height\":97,\"caption\":\"El jardin de las rosas\"},\"image\":{\"@id\":\"https:\/\/eljardinderosas.cl\/inicio\/#logo\"}},{\"@type\":\"WebSite\",\"@id\":\"https:\/\/eljardinderosas.cl\/inicio\/#website\",\"url\":\"https:\/\/eljardinderosas.cl\/inicio\/\",\"name\":\"Floreria El jardin de las Rosas\",\"description\":\"Flores en Santiago\",\"publisher\":{\"@id\":\"https:\/\/eljardinderosas.cl\/inicio\/#organization\"},\"potentialAction\":[{\"@type\":\"SearchAction\",\"target\":{\"@type\":\"EntryPoint\",\"urlTemplate\":\"https:\/\/eljardinderosas.cl\/inicio\/?s={search_term_string}\"},\"query-input\":\"required name=search_term_string\"}],\"inLanguage\":\"es\"},{\"@type\":\"ImageObject\",\"@id\":\"https:\/\/eljardinderosas.cl\/inicio\/tienda\/arreglos-florales\/girasoles-importados\/ramo-con-25-rosas-rojas-y-10-varas-de-girasoles\/#primaryimage\",\"inLanguage\":\"es\",\"url\":\"https:\/\/eljardinderosas.cl\/inicio\/wp-content\/uploads\/2021\/01\/RAMO-CON-12-ROSAS-ROJAS-Y-GIRASOLES.jpg\",\"contentUrl\":\"https:\/\/eljardinderosas.cl\/inicio\/wp-content\/uploads\/2021\/01\/RAMO-CON-12-ROSAS-ROJAS-Y-GIRASOLES.jpg\",\"width\":1024,\"height\":1536},{\"@type\":\"WebPage\",\"@id\":\"https:\/\/eljardinderosas.cl\/inicio\/tienda\/arreglos-florales\/girasoles-importados\/ramo-con-25-rosas-rojas-y-10-varas-de-girasoles\/#webpage\",\"url\":\"https:\/\/eljardinderosas.cl\/inicio\/tienda\/arreglos-florales\/girasoles-importados\/ramo-con-25-rosas-rojas-y-10-varas-de-girasoles\/\",\"name\":\"Ramo con 25 rosas rojas y 10 varas de girasoles - El Jardin de Rosas\",\"isPartOf\":{\"@id\":\"https:\/\/eljardinderosas.cl\/inicio\/#website\"},\"primaryImageOfPage\":{\"@id\":\"https:\/\/eljardinderosas.cl\/inicio\/tienda\/arreglos-florales\/girasoles-importados\/ramo-con-25-rosas-rojas-y-10-varas-de-girasoles\/#primaryimage\"},\"datePublished\":\"2021-01-19T22:58:35+00:00\",\"dateModified\":\"2026-01-30T20:35:32+00:00\",\"breadcrumb\":{\"@id\":\"https:\/\/eljardinderosas.cl\/inicio\/tienda\/arreglos-florales\/girasoles-importados\/ramo-con-25-rosas-rojas-y-10-varas-de-girasoles\/#breadcrumb\"},\"inLanguage\":\"es\",\"potentialAction\":[{\"@type\":\"ReadAction\",\"target\":[\"https:\/\/eljardinderosas.cl\/inicio\/tienda\/arreglos-florales\/girasoles-importados\/ramo-con-25-rosas-rojas-y-10-varas-de-girasoles\/\"]}]},{\"@type\":\"BreadcrumbList\",\"@id\":\"https:\/\/eljardinderosas.cl\/inicio\/tienda\/arreglos-florales\/girasoles-importados\/ramo-con-25-rosas-rojas-y-10-varas-de-girasoles\/#breadcrumb\",\"itemListElement\":[{\"@type\":\"ListItem\",\"position\":1,\"name\":\"Home\",\"item\":\"https:\/\/eljardinderosas.cl\/inicio\/\"},{\"@type\":\"ListItem\",\"position\":2,\"name\":\"Tienda\",\"item\":\"https:\/\/eljardinderosas.cl\/inicio\/tienda\/\"},{\"@type\":\"ListItem\",\"position\":3,\"name\":\"Ramo con 25 rosas rojas y 10 varas de girasoles\"}]}]}<\/script>\n<!-- \/ Yoast SEO Premium plugin. -->","yoast_head_json":{"title":"Ramo con 25 rosas rojas y 10 varas de girasoles - El Jardin de Rosas","robots":{"index":"index","follow":"follow","max-snippet":"max-snippet:-1","max-image-preview":"max-image-preview:large","max-video-preview":"max-video-preview:-1"},"canonical":"https:\/\/eljardinderosas.cl\/inicio\/tienda\/arreglos-florales\/girasoles-importados\/ramo-con-25-rosas-rojas-y-10-varas-de-girasoles\/","og_locale":"es_ES","og_type":"article","og_title":"Ramo con 25 rosas rojas y 10 varas de girasoles","og_description":"Ramo con 12 rosas rojas ecuatorianas acompa\u00f1adas por 10 varas de\u00a0 bellos girasoles 10 varas de Flores Hypericum rojo para resaltar mas las flores y encantar Envueltas en un papel metalizado delicado y adornadas con un lazo de cinta de raso, estas flores son el regalo perfecto para sorprender a tu mama es6e 10 y [...]","og_url":"https:\/\/eljardinderosas.cl\/inicio\/tienda\/arreglos-florales\/girasoles-importados\/ramo-con-25-rosas-rojas-y-10-varas-de-girasoles\/","og_site_name":"El Jardin de Rosas","article_modified_time":"2026-01-30T20:35:32+00:00","og_image":[{"width":1024,"height":1536,"url":"https:\/\/eljardinderosas.cl\/inicio\/wp-content\/uploads\/2021\/01\/RAMO-CON-12-ROSAS-ROJAS-Y-GIRASOLES.jpg","type":"image\/jpeg"}],"twitter_card":"summary_large_image","twitter_misc":{"Tiempo de lectura":"1 minuto"},"schema":{"@context":"https:\/\/schema.org","@graph":[{"@type":"Organization","@id":"https:\/\/eljardinderosas.cl\/inicio\/#organization","name":"El jardin de las rosas","url":"https:\/\/eljardinderosas.cl\/inicio\/","sameAs":["https:\/\/www.instagram.com\/floreria_eljardinderosas\/"],"logo":{"@type":"ImageObject","@id":"https:\/\/eljardinderosas.cl\/inicio\/#logo","inLanguage":"es","url":"https:\/\/eljardinderosas.cl\/inicio\/wp-content\/uploads\/2020\/10\/eljardinderosas-mail.png","contentUrl":"https:\/\/eljardinderosas.cl\/inicio\/wp-content\/uploads\/2020\/10\/eljardinderosas-mail.png","width":317,"height":97,"caption":"El jardin de las rosas"},"image":{"@id":"https:\/\/eljardinderosas.cl\/inicio\/#logo"}},{"@type":"WebSite","@id":"https:\/\/eljardinderosas.cl\/inicio\/#website","url":"https:\/\/eljardinderosas.cl\/inicio\/","name":"Floreria El jardin de las Rosas","description":"Flores en Santiago","publisher":{"@id":"https:\/\/eljardinderosas.cl\/inicio\/#organization"},"potentialAction":[{"@type":"SearchAction","target":{"@type":"EntryPoint","urlTemplate":"https:\/\/eljardinderosas.cl\/inicio\/?s={search_term_string}"},"query-input":"required name=search_term_string"}],"inLanguage":"es"},{"@type":"ImageObject","@id":"https:\/\/eljardinderosas.cl\/inicio\/tienda\/arreglos-florales\/girasoles-importados\/ramo-con-25-rosas-rojas-y-10-varas-de-girasoles\/#primaryimage","inLanguage":"es","url":"https:\/\/eljardinderosas.cl\/inicio\/wp-content\/uploads\/2021\/01\/RAMO-CON-12-ROSAS-ROJAS-Y-GIRASOLES.jpg","contentUrl":"https:\/\/eljardinderosas.cl\/inicio\/wp-content\/uploads\/2021\/01\/RAMO-CON-12-ROSAS-ROJAS-Y-GIRASOLES.jpg","width":1024,"height":1536},{"@type":"WebPage","@id":"https:\/\/eljardinderosas.cl\/inicio\/tienda\/arreglos-florales\/girasoles-importados\/ramo-con-25-rosas-rojas-y-10-varas-de-girasoles\/#webpage","url":"https:\/\/eljardinderosas.cl\/inicio\/tienda\/arreglos-florales\/girasoles-importados\/ramo-con-25-rosas-rojas-y-10-varas-de-girasoles\/","name":"Ramo con 25 rosas rojas y 10 varas de girasoles - El Jardin de Rosas","isPartOf":{"@id":"https:\/\/eljardinderosas.cl\/inicio\/#website"},"primaryImageOfPage":{"@id":"https:\/\/eljardinderosas.cl\/inicio\/tienda\/arreglos-florales\/girasoles-importados\/ramo-con-25-rosas-rojas-y-10-varas-de-girasoles\/#primaryimage"},"datePublished":"2021-01-19T22:58:35+00:00","dateModified":"2026-01-30T20:35:32+00:00","breadcrumb":{"@id":"https:\/\/eljardinderosas.cl\/inicio\/tienda\/arreglos-florales\/girasoles-importados\/ramo-con-25-rosas-rojas-y-10-varas-de-girasoles\/#breadcrumb"},"inLanguage":"es","potentialAction":[{"@type":"ReadAction","target":["https:\/\/eljardinderosas.cl\/inicio\/tienda\/arreglos-florales\/girasoles-importados\/ramo-con-25-rosas-rojas-y-10-varas-de-girasoles\/"]}]},{"@type":"BreadcrumbList","@id":"https:\/\/eljardinderosas.cl\/inicio\/tienda\/arreglos-florales\/girasoles-importados\/ramo-con-25-rosas-rojas-y-10-varas-de-girasoles\/#breadcrumb","itemListElement":[{"@type":"ListItem","position":1,"name":"Home","item":"https:\/\/eljardinderosas.cl\/inicio\/"},{"@type":"ListItem","position":2,"name":"Tienda","item":"https:\/\/eljardinderosas.cl\/inicio\/tienda\/"},{"@type":"ListItem","position":3,"name":"Ramo con 25 rosas rojas y 10 varas de girasoles"}]}]}},"_links":{"self":[{"href":"https:\/\/eljardinderosas.cl\/inicio\/wp-json\/wp\/v2\/product\/2106"}],"collection":[{"href":"https:\/\/eljardinderosas.cl\/inicio\/wp-json\/wp\/v2\/product"}],"about":[{"href":"https:\/\/eljardinderosas.cl\/inicio\/wp-json\/wp\/v2\/types\/product"}],"wp:featuredmedia":[{"embeddable":true,"href":"https:\/\/eljardinderosas.cl\/inicio\/wp-json\/wp\/v2\/media\/19807"}],"wp:attachment":[{"href":"https:\/\/eljardinderosas.cl\/inicio\/wp-json\/wp\/v2\/media?parent=2106"}],"wp:term":[{"taxonomy":"product_cat","embeddable":true,"href":"https:\/\/eljardinderosas.cl\/inicio\/wp-json\/wp\/v2\/product_cat?post=2106"},{"taxonomy":"product_tag","embeddable":true,"href":"https:\/\/eljardinderosas.cl\/inicio\/wp-json\/wp\/v2\/product_tag?post=2106"}],"curies":[{"name":"wp","href":"https:\/\/api.w.org\/{rel}","templated":true}]}}