{"id":3769,"date":"2021-01-21T21:22:54","date_gmt":"2021-01-22T00:22:54","guid":{"rendered":"https:\/\/eljardinderosas.cl\/inicio\/?post_type=product&#038;p=3769"},"modified":"2026-01-19T22:07:53","modified_gmt":"2026-01-20T01:07:53","slug":"florero-con-12-rosas-rojas-peluche-bombones-belgian-y-globo","status":"publish","type":"product","link":"https:\/\/eljardinderosas.cl\/inicio\/tienda\/arreglos-florales\/rosas\/florero-con-12-rosas-rojas-peluche-bombones-belgian-y-globo\/","title":{"rendered":"Florero con 12 rosas rojas  peluche  bombones belgian y globo"},"content":{"rendered":"<p>Florero  de Amor Eterno San Valent\u00edn \u00a1Sorprende a tu amor este 14 de febrero con nuestra precioso florero  lleno de pasi\u00f3n! Contiene 12 bellas rosas rojas de tallo largo, s\u00edmbolo eterno del amor verdadero, incluye bombones belgian para endulzar cada momento. Y no olvides el toque tierno! Un adorable oso peluche listo para abrazos infinitos para enviar este 14 de febrero  el D\u00eda de los Enamorados.<\/p>\n","protected":false},"excerpt":{"rendered":"<p>\ud83c\udf39\u00a1Celebra este 14 de febrero y Descubre ramos \u00fanicos y ofertas especiales que alegrar\u00e1n su d\u00eda. \u00a1Haz tu pedido hoy y sorpr\u00e9ndela con un detalle inolvidable<\/p>\n","protected":false},"featured_media":19649,"template":"","meta":[],"product_cat":[72,144,71,84,202,181,245,254,230],"product_tag":[187,117,113,143],"yoast_head":"<!-- This site is optimized with the Yoast SEO Premium plugin v17.1.2 (Yoast SEO v17.3) - https:\/\/yoast.com\/wordpress\/plugins\/seo\/ -->\n<title>Florero con 12 rosas rojas peluche bombones belgian y globo - El Jardin de Rosas<\/title>\n<meta name=\"description\" content=\"\u00a1Celebra San Valent\u00edn con 12 rosas rojas bombones , tierno peluche y globo &quot;Te Amo&quot;! Declara tu amor este 14 de febrero conquista su coraz\u00f3n\" \/>\n<meta name=\"robots\" content=\"index, follow, max-snippet:-1, max-image-preview:large, max-video-preview:-1\" \/>\n<link rel=\"canonical\" href=\"https:\/\/eljardinderosas.cl\/inicio\/tienda\/arreglos-florales\/rosas\/florero-con-12-rosas-rojas-peluche-bombones-belgian-y-globo\/\" \/>\n<meta property=\"og:locale\" content=\"es_ES\" \/>\n<meta property=\"og:type\" content=\"article\" \/>\n<meta property=\"og:title\" content=\"Florero con 12 rosas rojas peluche bombones belgian y globo\" \/>\n<meta property=\"og:description\" content=\"\u00a1Celebra San Valent\u00edn con 12 rosas rojas bombones , tierno peluche y globo &quot;Te Amo&quot;! Declara tu amor este 14 de febrero conquista su coraz\u00f3n\" \/>\n<meta property=\"og:url\" content=\"https:\/\/eljardinderosas.cl\/inicio\/tienda\/arreglos-florales\/rosas\/florero-con-12-rosas-rojas-peluche-bombones-belgian-y-globo\/\" \/>\n<meta property=\"og:site_name\" content=\"El Jardin de Rosas\" \/>\n<meta property=\"article:modified_time\" content=\"2026-01-20T01:07:53+00:00\" \/>\n<meta property=\"og:image\" content=\"https:\/\/eljardinderosas.cl\/inicio\/wp-content\/uploads\/2021\/01\/FLORERO-CON-12-ROSAS-ROJAS-PELUCHE-BOMBONES-GLOBO.png\" \/>\n\t<meta property=\"og:image:width\" content=\"1024\" \/>\n\t<meta property=\"og:image:height\" content=\"1024\" \/>\n<meta name=\"twitter:card\" content=\"summary_large_image\" \/>\n<meta name=\"twitter:label1\" content=\"Tiempo de lectura\" \/>\n\t<meta name=\"twitter:data1\" content=\"1 minuto\" \/>\n<script type=\"application\/ld+json\" class=\"yoast-schema-graph\">{\"@context\":\"https:\/\/schema.org\",\"@graph\":[{\"@type\":\"Organization\",\"@id\":\"https:\/\/eljardinderosas.cl\/inicio\/#organization\",\"name\":\"El jardin de las rosas\",\"url\":\"https:\/\/eljardinderosas.cl\/inicio\/\",\"sameAs\":[\"https:\/\/www.instagram.com\/floreria_eljardinderosas\/\"],\"logo\":{\"@type\":\"ImageObject\",\"@id\":\"https:\/\/eljardinderosas.cl\/inicio\/#logo\",\"inLanguage\":\"es\",\"url\":\"https:\/\/eljardinderosas.cl\/inicio\/wp-content\/uploads\/2020\/10\/eljardinderosas-mail.png\",\"contentUrl\":\"https:\/\/eljardinderosas.cl\/inicio\/wp-content\/uploads\/2020\/10\/eljardinderosas-mail.png\",\"width\":317,\"height\":97,\"caption\":\"El jardin de las rosas\"},\"image\":{\"@id\":\"https:\/\/eljardinderosas.cl\/inicio\/#logo\"}},{\"@type\":\"WebSite\",\"@id\":\"https:\/\/eljardinderosas.cl\/inicio\/#website\",\"url\":\"https:\/\/eljardinderosas.cl\/inicio\/\",\"name\":\"Floreria El jardin de las Rosas\",\"description\":\"Flores en Santiago\",\"publisher\":{\"@id\":\"https:\/\/eljardinderosas.cl\/inicio\/#organization\"},\"potentialAction\":[{\"@type\":\"SearchAction\",\"target\":{\"@type\":\"EntryPoint\",\"urlTemplate\":\"https:\/\/eljardinderosas.cl\/inicio\/?s={search_term_string}\"},\"query-input\":\"required name=search_term_string\"}],\"inLanguage\":\"es\"},{\"@type\":\"ImageObject\",\"@id\":\"https:\/\/eljardinderosas.cl\/inicio\/tienda\/arreglos-florales\/rosas\/florero-con-12-rosas-rojas-peluche-bombones-belgian-y-globo\/#primaryimage\",\"inLanguage\":\"es\",\"url\":\"https:\/\/eljardinderosas.cl\/inicio\/wp-content\/uploads\/2021\/01\/FLORERO-CON-12-ROSAS-ROJAS-PELUCHE-BOMBONES-GLOBO.png\",\"contentUrl\":\"https:\/\/eljardinderosas.cl\/inicio\/wp-content\/uploads\/2021\/01\/FLORERO-CON-12-ROSAS-ROJAS-PELUCHE-BOMBONES-GLOBO.png\",\"width\":1024,\"height\":1024},{\"@type\":\"WebPage\",\"@id\":\"https:\/\/eljardinderosas.cl\/inicio\/tienda\/arreglos-florales\/rosas\/florero-con-12-rosas-rojas-peluche-bombones-belgian-y-globo\/#webpage\",\"url\":\"https:\/\/eljardinderosas.cl\/inicio\/tienda\/arreglos-florales\/rosas\/florero-con-12-rosas-rojas-peluche-bombones-belgian-y-globo\/\",\"name\":\"Florero con 12 rosas rojas peluche bombones belgian y globo - El Jardin de Rosas\",\"isPartOf\":{\"@id\":\"https:\/\/eljardinderosas.cl\/inicio\/#website\"},\"primaryImageOfPage\":{\"@id\":\"https:\/\/eljardinderosas.cl\/inicio\/tienda\/arreglos-florales\/rosas\/florero-con-12-rosas-rojas-peluche-bombones-belgian-y-globo\/#primaryimage\"},\"datePublished\":\"2021-01-22T00:22:54+00:00\",\"dateModified\":\"2026-01-20T01:07:53+00:00\",\"description\":\"\\u00a1Celebra San Valent\\u00edn con 12 rosas rojas bombones , tierno peluche y globo \\\"Te Amo\\\"! Declara tu amor este 14 de febrero conquista su coraz\\u00f3n\",\"breadcrumb\":{\"@id\":\"https:\/\/eljardinderosas.cl\/inicio\/tienda\/arreglos-florales\/rosas\/florero-con-12-rosas-rojas-peluche-bombones-belgian-y-globo\/#breadcrumb\"},\"inLanguage\":\"es\",\"potentialAction\":[{\"@type\":\"ReadAction\",\"target\":[\"https:\/\/eljardinderosas.cl\/inicio\/tienda\/arreglos-florales\/rosas\/florero-con-12-rosas-rojas-peluche-bombones-belgian-y-globo\/\"]}]},{\"@type\":\"BreadcrumbList\",\"@id\":\"https:\/\/eljardinderosas.cl\/inicio\/tienda\/arreglos-florales\/rosas\/florero-con-12-rosas-rojas-peluche-bombones-belgian-y-globo\/#breadcrumb\",\"itemListElement\":[{\"@type\":\"ListItem\",\"position\":1,\"name\":\"Home\",\"item\":\"https:\/\/eljardinderosas.cl\/inicio\/\"},{\"@type\":\"ListItem\",\"position\":2,\"name\":\"Tienda\",\"item\":\"https:\/\/eljardinderosas.cl\/inicio\/tienda\/\"},{\"@type\":\"ListItem\",\"position\":3,\"name\":\"Florero con 12 rosas rojas peluche bombones belgian y globo\"}]}]}<\/script>\n<!-- \/ Yoast SEO Premium plugin. -->","yoast_head_json":{"title":"Florero con 12 rosas rojas peluche bombones belgian y globo - El Jardin de Rosas","description":"\u00a1Celebra San Valent\u00edn con 12 rosas rojas bombones , tierno peluche y globo \"Te Amo\"! Declara tu amor este 14 de febrero conquista su coraz\u00f3n","robots":{"index":"index","follow":"follow","max-snippet":"max-snippet:-1","max-image-preview":"max-image-preview:large","max-video-preview":"max-video-preview:-1"},"canonical":"https:\/\/eljardinderosas.cl\/inicio\/tienda\/arreglos-florales\/rosas\/florero-con-12-rosas-rojas-peluche-bombones-belgian-y-globo\/","og_locale":"es_ES","og_type":"article","og_title":"Florero con 12 rosas rojas peluche bombones belgian y globo","og_description":"\u00a1Celebra San Valent\u00edn con 12 rosas rojas bombones , tierno peluche y globo \"Te Amo\"! Declara tu amor este 14 de febrero conquista su coraz\u00f3n","og_url":"https:\/\/eljardinderosas.cl\/inicio\/tienda\/arreglos-florales\/rosas\/florero-con-12-rosas-rojas-peluche-bombones-belgian-y-globo\/","og_site_name":"El Jardin de Rosas","article_modified_time":"2026-01-20T01:07:53+00:00","og_image":[{"width":1024,"height":1024,"url":"https:\/\/eljardinderosas.cl\/inicio\/wp-content\/uploads\/2021\/01\/FLORERO-CON-12-ROSAS-ROJAS-PELUCHE-BOMBONES-GLOBO.png","type":"image\/png"}],"twitter_card":"summary_large_image","twitter_misc":{"Tiempo de lectura":"1 minuto"},"schema":{"@context":"https:\/\/schema.org","@graph":[{"@type":"Organization","@id":"https:\/\/eljardinderosas.cl\/inicio\/#organization","name":"El jardin de las rosas","url":"https:\/\/eljardinderosas.cl\/inicio\/","sameAs":["https:\/\/www.instagram.com\/floreria_eljardinderosas\/"],"logo":{"@type":"ImageObject","@id":"https:\/\/eljardinderosas.cl\/inicio\/#logo","inLanguage":"es","url":"https:\/\/eljardinderosas.cl\/inicio\/wp-content\/uploads\/2020\/10\/eljardinderosas-mail.png","contentUrl":"https:\/\/eljardinderosas.cl\/inicio\/wp-content\/uploads\/2020\/10\/eljardinderosas-mail.png","width":317,"height":97,"caption":"El jardin de las rosas"},"image":{"@id":"https:\/\/eljardinderosas.cl\/inicio\/#logo"}},{"@type":"WebSite","@id":"https:\/\/eljardinderosas.cl\/inicio\/#website","url":"https:\/\/eljardinderosas.cl\/inicio\/","name":"Floreria El jardin de las Rosas","description":"Flores en Santiago","publisher":{"@id":"https:\/\/eljardinderosas.cl\/inicio\/#organization"},"potentialAction":[{"@type":"SearchAction","target":{"@type":"EntryPoint","urlTemplate":"https:\/\/eljardinderosas.cl\/inicio\/?s={search_term_string}"},"query-input":"required name=search_term_string"}],"inLanguage":"es"},{"@type":"ImageObject","@id":"https:\/\/eljardinderosas.cl\/inicio\/tienda\/arreglos-florales\/rosas\/florero-con-12-rosas-rojas-peluche-bombones-belgian-y-globo\/#primaryimage","inLanguage":"es","url":"https:\/\/eljardinderosas.cl\/inicio\/wp-content\/uploads\/2021\/01\/FLORERO-CON-12-ROSAS-ROJAS-PELUCHE-BOMBONES-GLOBO.png","contentUrl":"https:\/\/eljardinderosas.cl\/inicio\/wp-content\/uploads\/2021\/01\/FLORERO-CON-12-ROSAS-ROJAS-PELUCHE-BOMBONES-GLOBO.png","width":1024,"height":1024},{"@type":"WebPage","@id":"https:\/\/eljardinderosas.cl\/inicio\/tienda\/arreglos-florales\/rosas\/florero-con-12-rosas-rojas-peluche-bombones-belgian-y-globo\/#webpage","url":"https:\/\/eljardinderosas.cl\/inicio\/tienda\/arreglos-florales\/rosas\/florero-con-12-rosas-rojas-peluche-bombones-belgian-y-globo\/","name":"Florero con 12 rosas rojas peluche bombones belgian y globo - El Jardin de Rosas","isPartOf":{"@id":"https:\/\/eljardinderosas.cl\/inicio\/#website"},"primaryImageOfPage":{"@id":"https:\/\/eljardinderosas.cl\/inicio\/tienda\/arreglos-florales\/rosas\/florero-con-12-rosas-rojas-peluche-bombones-belgian-y-globo\/#primaryimage"},"datePublished":"2021-01-22T00:22:54+00:00","dateModified":"2026-01-20T01:07:53+00:00","description":"\u00a1Celebra San Valent\u00edn con 12 rosas rojas bombones , tierno peluche y globo \"Te Amo\"! Declara tu amor este 14 de febrero conquista su coraz\u00f3n","breadcrumb":{"@id":"https:\/\/eljardinderosas.cl\/inicio\/tienda\/arreglos-florales\/rosas\/florero-con-12-rosas-rojas-peluche-bombones-belgian-y-globo\/#breadcrumb"},"inLanguage":"es","potentialAction":[{"@type":"ReadAction","target":["https:\/\/eljardinderosas.cl\/inicio\/tienda\/arreglos-florales\/rosas\/florero-con-12-rosas-rojas-peluche-bombones-belgian-y-globo\/"]}]},{"@type":"BreadcrumbList","@id":"https:\/\/eljardinderosas.cl\/inicio\/tienda\/arreglos-florales\/rosas\/florero-con-12-rosas-rojas-peluche-bombones-belgian-y-globo\/#breadcrumb","itemListElement":[{"@type":"ListItem","position":1,"name":"Home","item":"https:\/\/eljardinderosas.cl\/inicio\/"},{"@type":"ListItem","position":2,"name":"Tienda","item":"https:\/\/eljardinderosas.cl\/inicio\/tienda\/"},{"@type":"ListItem","position":3,"name":"Florero con 12 rosas rojas peluche bombones belgian y globo"}]}]}},"_links":{"self":[{"href":"https:\/\/eljardinderosas.cl\/inicio\/wp-json\/wp\/v2\/product\/3769"}],"collection":[{"href":"https:\/\/eljardinderosas.cl\/inicio\/wp-json\/wp\/v2\/product"}],"about":[{"href":"https:\/\/eljardinderosas.cl\/inicio\/wp-json\/wp\/v2\/types\/product"}],"wp:featuredmedia":[{"embeddable":true,"href":"https:\/\/eljardinderosas.cl\/inicio\/wp-json\/wp\/v2\/media\/19649"}],"wp:attachment":[{"href":"https:\/\/eljardinderosas.cl\/inicio\/wp-json\/wp\/v2\/media?parent=3769"}],"wp:term":[{"taxonomy":"product_cat","embeddable":true,"href":"https:\/\/eljardinderosas.cl\/inicio\/wp-json\/wp\/v2\/product_cat?post=3769"},{"taxonomy":"product_tag","embeddable":true,"href":"https:\/\/eljardinderosas.cl\/inicio\/wp-json\/wp\/v2\/product_tag?post=3769"}],"curies":[{"name":"wp","href":"https:\/\/api.w.org\/{rel}","templated":true}]}}